{"id":99774,"date":"2026-01-23T16:33:25","date_gmt":"2026-01-23T13:33:25","guid":{"rendered":"https:\/\/xstyle.md\/?post_type=product&#038;p=99774"},"modified":"2026-02-26T12:42:13","modified_gmt":"2026-02-26T09:42:13","slug":"sumka-cherez-plecho-victorinox-travel-essentials-black","status":"publish","type":"product","link":"https:\/\/dev.xstyle.md\/ro\/produs\/sumka-cherez-plecho-victorinox-travel-essentials-black\/","title":{"rendered":"Geant\u0103-sling Victorinox Travel Essentials Black"},"content":{"rendered":"<\/li>\n<\/ul>\n<p>Geanta-sling <strong>Victorinox Travel Essentials<\/strong> &#8212; cu protec\u021bie RFID este creat\u0103 pentru c\u0103l\u0103torii confortabile \u0219i sigure. Aceasta \u00eembin\u0103 func\u021bionalitatea bine g\u00e2ndit\u0103 cu un design stilat, asigur\u00e2nd depozitarea sigur\u0103 a obiectelor tale de valoare. C\u0103ptu\u0219eala antimicrobian\u0103, buzunarul cu protec\u021bie \u00eempotriva zg\u00e2rieturilor pentru dispozitive electronice \u0219i protec\u021bia RFID integrat\u0103 fac din aceast\u0103 geant\u0103 un companion practic la drum.<\/p>\n<p>Cureaua reglabil\u0103 \u0219i confortabil\u0103 permite purtarea gen\u021bii \u00een diverse moduri, iar gama de dou\u0103 culori elegante subliniaz\u0103 caracterul universal \u0219i modern al acestui accesoriu.<\/p>\n<h3>Particularit\u0103\u021bi<\/h3>\n<ul>\n<li>Un buzunar frontal cu fermoar;<\/li>\n<li>Un buzunar posterior cu fermoar;<\/li>\n<li>Spate &#8212; c\u0103ptu\u0219eal\u0103 moale \u0219i respirabil\u0103 (mesh), design ergonomic care se muleaz\u0103 pe corp;<\/li>\n<li>\u00cenchidere fermoar cu dublu sens;<\/li>\n<li>Curea reglabil\u0103, dotat\u0103 cu carabin\u0103 (lungime aprox. 70-110 cm).<\/li>\n<li>C\u0103ptu\u0219eal\u0103 din poliester, personalizat\u0103 cu logo-ul brandului;<\/li>\n<li>Compartiment principal -spa\u021bios, pentru obiectele de baz\u0103;<\/li>\n<li>Compartiment special dotat cu tehnologie de blocare RFID (\u00eempotriva furtului de date de pe carduri);<\/li>\n<li>Dou\u0103 buzunare aplicate pentru organizare suplimentar\u0103.<\/li>\n<\/ul>\n<h3>Caracteristici<\/h3>\n<ul>\n<li>Material \u2014 Poliester<\/li>\n<li>Dimensiuni \u2014 8 x 18 x 30 cm<\/li>\n<li>Utilizare \u2014 Urban, Turism<\/li>\n<li>Ventila\u021bie \u2014 Da<\/li>\n<li>Model \u2014 Unisex<br \/>\n<\/li>\n<\/ul>\n<h3>Marca<\/h3>\n<p>Compania Victorinox se ocup\u0103 cu fabricarea \u0219i comercializarea unor produse unice, de \u00eenalt\u0103 calitate, destinate diverselor domenii ale vie\u021bii. Gama de produse include celebrele cu\u021bite de armat\u0103 elve\u021biene (Swiss Army Knives), cu\u021bite de buc\u0103t\u0103rie \u0219i tac\u00e2muri, ceasuri, echipament de voiaj \u0219i parfumuri. Sediul central al companiei se afl\u0103 \u00een inima Elve\u021biei \u2014 \u00een ora\u0219ul Ibach (cantonul Schwyz). Acesta este locul unde fondatorul companiei, Karl Elsener, \u0219i-a \u00eenceput afacerea \u00een 1884, produc\u00e2nd articole de t\u0103iat, iar c\u00e2\u021biva ani mai t\u00e2rziu a creat legendarul \u0219i originalul \u201eSwiss Army Knife\u201d<\/p>","protected":false},"excerpt":{"rendered":"<p>\u0411\u0440\u0435\u043d\u0434 \u041a\u043e\u043c\u043f\u0430\u043d\u0438\u044f Victorinox \u0437\u0430\u043d\u0438\u043c\u0430\u0435\u0442\u0441\u044f \u043f\u0440\u043e\u0438\u0437\u0432\u043e\u0434\u0441\u0442\u0432\u043e\u043c \u0438 \u043f\u0440\u043e\u0434\u0430\u0436\u0435\u0439 \u0443\u043d\u0438\u043a\u0430\u043b\u044c\u043d\u043e\u0439 \u0432\u044b\u0441\u043e\u043a\u043e\u043a\u0430\u0447\u0435\u0441\u0442\u0432\u0435\u043d\u043d\u043e\u0439 \u043f\u0440\u043e\u0434\u0443\u043a\u0446\u0438\u0438 \u0434\u043b\u044f \u0440\u0430\u0437\u043b\u0438\u0447\u043d\u044b\u0445 \u0441\u0444\u0435\u0440 \u0436\u0438\u0437\u043d\u0438. \u0412 \u0430\u0441\u0441\u043e\u0440\u0442\u0438\u043c\u0435\u043d\u0442 \u0432\u0445\u043e\u0434\u044f\u0442 \u0448\u0432\u0435\u0439\u0446\u0430\u0440\u0441\u043a\u0438\u0435 \u0430\u0440\u043c\u0435\u0439\u0441\u043a\u0438\u0435 \u043d\u043e\u0436\u0438,<\/p>","protected":false},"featured_media":100225,"comment_status":"open","ping_status":"closed","template":"","meta":{"_acf_changed":false,"inline_featured_image":false},"product_brand":[1327],"product_cat":[846],"product_tag":[],"class_list":{"0":"post-99774","1":"product","2":"type-product","3":"status-publish","4":"has-post-thumbnail","6":"product_brand-victorinox","7":"product_cat-city-bag","9":"first","10":"instock","11":"shipping-taxable","12":"purchasable","13":"product-type-simple"},"acf":[],"yoast_head":"<!-- This site is optimized with the Yoast SEO plugin v27.4 - https:\/\/yoast.com\/product\/yoast-seo-wordpress\/ -->\n<title>\u0421\u0443\u043c\u043a\u0430 \u0447\u0435\u0440\u0435\u0437 \u043f\u043b\u0435\u0447\u043e Victorinox Travel Essentials Black - \u041c\u0430\u0433\u0430\u0437\u0438\u043d Xstyle<\/title>\n<meta name=\"robots\" content=\"noindex, follow, max-snippet:-1, max-image-preview:large, max-video-preview:-1\" \/>\n<meta property=\"og:locale\" content=\"ro_RO\" \/>\n<meta property=\"og:type\" content=\"article\" \/>\n<meta property=\"og:title\" content=\"\u0421\u0443\u043c\u043a\u0430 \u0447\u0435\u0440\u0435\u0437 \u043f\u043b\u0435\u0447\u043e Victorinox Travel Essentials Black - \u041c\u0430\u0433\u0430\u0437\u0438\u043d Xstyle\" \/>\n<meta property=\"og:description\" content=\"\u0411\u0440\u0435\u043d\u0434 \u041a\u043e\u043c\u043f\u0430\u043d\u0438\u044f Victorinox \u0437\u0430\u043d\u0438\u043c\u0430\u0435\u0442\u0441\u044f \u043f\u0440\u043e\u0438\u0437\u0432\u043e\u0434\u0441\u0442\u0432\u043e\u043c \u0438 \u043f\u0440\u043e\u0434\u0430\u0436\u0435\u0439 \u0443\u043d\u0438\u043a\u0430\u043b\u044c\u043d\u043e\u0439 \u0432\u044b\u0441\u043e\u043a\u043e\u043a\u0430\u0447\u0435\u0441\u0442\u0432\u0435\u043d\u043d\u043e\u0439 \u043f\u0440\u043e\u0434\u0443\u043a\u0446\u0438\u0438 \u0434\u043b\u044f \u0440\u0430\u0437\u043b\u0438\u0447\u043d\u044b\u0445 \u0441\u0444\u0435\u0440 \u0436\u0438\u0437\u043d\u0438. \u0412 \u0430\u0441\u0441\u043e\u0440\u0442\u0438\u043c\u0435\u043d\u0442 \u0432\u0445\u043e\u0434\u044f\u0442 \u0448\u0432\u0435\u0439\u0446\u0430\u0440\u0441\u043a\u0438\u0435 \u0430\u0440\u043c\u0435\u0439\u0441\u043a\u0438\u0435 \u043d\u043e\u0436\u0438,\" \/>\n<meta property=\"og:url\" content=\"https:\/\/dev.xstyle.md\/ro\/produs\/sumka-cherez-plecho-victorinox-travel-essentials-black\/\" \/>\n<meta property=\"og:site_name\" content=\"\u041c\u0430\u0433\u0430\u0437\u0438\u043d Xstyle\" \/>\n<meta property=\"article:publisher\" content=\"https:\/\/www.facebook.com\/xstylemd\" \/>\n<meta property=\"article:modified_time\" content=\"2026-02-26T09:42:13+00:00\" \/>\n<meta property=\"og:image\" content=\"https:\/\/dev.xstyle.md\/wp-content\/uploads\/2026\/01\/geanta-de-umar-victorinox-travel-essentials-black-653384-3-photoroom-preobrazovano-iz-png.webp\" \/>\n\t<meta property=\"og:image:width\" content=\"1080\" \/>\n\t<meta property=\"og:image:height\" content=\"1080\" \/>\n\t<meta property=\"og:image:type\" content=\"image\/webp\" \/>\n<meta name=\"twitter:card\" content=\"summary_large_image\" \/>\n<meta name=\"twitter:label1\" content=\"Pre\u021b\" \/>\n\t<meta name=\"twitter:data1\" content=\"1.755,00&nbsp;MDL\" \/>\n\t<meta name=\"twitter:label2\" content=\"Disponibilitate\" \/>\n\t<meta name=\"twitter:data2\" content=\"\u00cen stoc\" \/>\n<script type=\"application\/ld+json\" class=\"yoast-schema-graph\">{\"@context\":\"https:\\\/\\\/schema.org\",\"@graph\":[{\"@type\":\"WebPage\",\"@id\":\"https:\\\/\\\/dev.xstyle.md\\\/product\\\/sumka-cherez-plecho-victorinox-travel-essentials-black\\\/\",\"url\":\"https:\\\/\\\/dev.xstyle.md\\\/product\\\/sumka-cherez-plecho-victorinox-travel-essentials-black\\\/\",\"name\":\"\u0421\u0443\u043c\u043a\u0430 \u0447\u0435\u0440\u0435\u0437 \u043f\u043b\u0435\u0447\u043e Victorinox Travel Essentials Black - \u041c\u0430\u0433\u0430\u0437\u0438\u043d Xstyle\",\"isPartOf\":{\"@id\":\"https:\\\/\\\/dev.xstyle.md\\\/#website\"},\"primaryImageOfPage\":{\"@id\":\"https:\\\/\\\/dev.xstyle.md\\\/product\\\/sumka-cherez-plecho-victorinox-travel-essentials-black\\\/#primaryimage\"},\"image\":{\"@id\":\"https:\\\/\\\/dev.xstyle.md\\\/product\\\/sumka-cherez-plecho-victorinox-travel-essentials-black\\\/#primaryimage\"},\"thumbnailUrl\":\"https:\\\/\\\/dev.xstyle.md\\\/wp-content\\\/uploads\\\/2026\\\/01\\\/geanta-de-umar-victorinox-travel-essentials-black-653384-3-photoroom-preobrazovano-iz-png.webp\",\"datePublished\":\"2026-01-23T13:33:25+00:00\",\"dateModified\":\"2026-02-26T09:42:13+00:00\",\"breadcrumb\":{\"@id\":\"https:\\\/\\\/dev.xstyle.md\\\/product\\\/sumka-cherez-plecho-victorinox-travel-essentials-black\\\/#breadcrumb\"},\"inLanguage\":\"ro-RO\",\"potentialAction\":[{\"@type\":\"ReadAction\",\"target\":[\"https:\\\/\\\/dev.xstyle.md\\\/product\\\/sumka-cherez-plecho-victorinox-travel-essentials-black\\\/\"]}]},{\"@type\":\"ImageObject\",\"inLanguage\":\"ro-RO\",\"@id\":\"https:\\\/\\\/dev.xstyle.md\\\/product\\\/sumka-cherez-plecho-victorinox-travel-essentials-black\\\/#primaryimage\",\"url\":\"https:\\\/\\\/dev.xstyle.md\\\/wp-content\\\/uploads\\\/2026\\\/01\\\/geanta-de-umar-victorinox-travel-essentials-black-653384-3-photoroom-preobrazovano-iz-png.webp\",\"contentUrl\":\"https:\\\/\\\/dev.xstyle.md\\\/wp-content\\\/uploads\\\/2026\\\/01\\\/geanta-de-umar-victorinox-travel-essentials-black-653384-3-photoroom-preobrazovano-iz-png.webp\",\"width\":1080,\"height\":1080,\"caption\":\"\u0421\u0443\u043c\u043a\u0430 \u0447\u0435\u0440\u0435\u0437 \u043f\u043b\u0435\u0447\u043e \u0434\u043b\u044f \u0430\u043a\u0442\u0438\u0432\u043d\u043e\u0433\u043e \u043e\u0442\u0434\u044b\u0445\u0430 \u0438 \u043f\u0443\u0442\u0435\u0448\u0435\u0441\u0442\u0432\u0438\u0439, \u043f\u043e\u0432\u0441\u0435\u0434\u043d\u0435\u0432\u043d\u044b\u0435 \u0442\u043e\u0432\u0430\u0440\u044b, \u043f\u043e\u0445\u043e\u0434\u043d\u0430\u044f \u043e\u0434\u0435\u0436\u0434\u0430 \u0438 \u043e\u0431\u0443\u0432\u044c, \u0430\u043a\u0441\u0435\u0441\u0441\u0443\u0430\u0440\u044b \u0434\u043b\u044f \u0442\u0443\u0440\u0438\u0437\u043c\u0430 \u0438 \u0430\u043b\u044c\u043f\u0438\u043d\u0438\u0437\u043c\u0430 \u0434\u043b\u044f \u043e\u043d\u043b\u0430\u0439\u043d \u043c\u0430\u0433\u0430\u0437\u0438\u043d\u0430\"},{\"@type\":\"BreadcrumbList\",\"@id\":\"https:\\\/\\\/dev.xstyle.md\\\/product\\\/sumka-cherez-plecho-victorinox-travel-essentials-black\\\/#breadcrumb\",\"itemListElement\":[{\"@type\":\"ListItem\",\"position\":1,\"name\":\"\u0413\u043b\u0430\u0432\u043d\u0430\u044f \u0441\u0442\u0440\u0430\u043d\u0438\u0446\u0430\",\"item\":\"https:\\\/\\\/dev.xstyle.md\\\/\"},{\"@type\":\"ListItem\",\"position\":2,\"name\":\"Shop\",\"item\":\"https:\\\/\\\/dev.xstyle.md\\\/shop\\\/\"},{\"@type\":\"ListItem\",\"position\":3,\"name\":\"\u0421\u0443\u043c\u043a\u0430 \u0447\u0435\u0440\u0435\u0437 \u043f\u043b\u0435\u0447\u043e Victorinox Travel Essentials Black\"}]},{\"@type\":\"WebSite\",\"@id\":\"https:\\\/\\\/dev.xstyle.md\\\/#website\",\"url\":\"https:\\\/\\\/dev.xstyle.md\\\/\",\"name\":\"\u041c\u0430\u0433\u0430\u0437\u0438\u043d Xstyle\",\"description\":\"C\u043d\u0430\u0440\u044f\u0436\u0435\u043d\u0438\u0435 \u0434\u043b\u044f \u0442\u0443\u0440\u0438\u0437\u043c\u0430 \u0438 \u044d\u043a\u0441\u0442\u0440\u0435\u043c\u0430\u043b\u044c\u043d\u044b\u0445 \u0432\u0438\u0434\u043e\u0432 \u0441\u043f\u043e\u0440\u0442\u0430 \u0432 \u041c\u043e\u043b\u0434\u043e\u0432\u0435.. \u0426\u0435\u043d\u044b, \u0444\u043e\u0442\u043e, \u0445\u0430\u0440\u0430\u043a\u0442\u0435\u0440\u0438\u0441\u0442\u0438\u043a\u0438 \u0432 \u041c\u043e\u043b\u0434\u043e\u0432\u0435.\",\"publisher\":{\"@id\":\"https:\\\/\\\/dev.xstyle.md\\\/#organization\"},\"alternateName\":\"X-Style\",\"potentialAction\":[{\"@type\":\"SearchAction\",\"target\":{\"@type\":\"EntryPoint\",\"urlTemplate\":\"https:\\\/\\\/dev.xstyle.md\\\/?s={search_term_string}\"},\"query-input\":{\"@type\":\"PropertyValueSpecification\",\"valueRequired\":true,\"valueName\":\"search_term_string\"}}],\"inLanguage\":\"ro-RO\"},{\"@type\":\"Organization\",\"@id\":\"https:\\\/\\\/dev.xstyle.md\\\/#organization\",\"name\":\"\u041c\u0430\u0433\u0430\u0437\u0438\u043d Xstyle\",\"alternateName\":\"x-style\",\"url\":\"https:\\\/\\\/dev.xstyle.md\\\/\",\"logo\":{\"@type\":\"ImageObject\",\"inLanguage\":\"ro-RO\",\"@id\":\"https:\\\/\\\/dev.xstyle.md\\\/#\\\/schema\\\/logo\\\/image\\\/\",\"url\":\"https:\\\/\\\/dev.xstyle.md\\\/wp-content\\\/uploads\\\/2020\\\/06\\\/logoicon.svg\",\"contentUrl\":\"https:\\\/\\\/dev.xstyle.md\\\/wp-content\\\/uploads\\\/2020\\\/06\\\/logoicon.svg\",\"caption\":\"\u041c\u0430\u0433\u0430\u0437\u0438\u043d Xstyle\"},\"image\":{\"@id\":\"https:\\\/\\\/dev.xstyle.md\\\/#\\\/schema\\\/logo\\\/image\\\/\"},\"sameAs\":[\"https:\\\/\\\/www.facebook.com\\\/xstylemd\",\"https:\\\/\\\/www.instagram.com\\\/xstyle_md\\\/\",\"https:\\\/\\\/t.me\\\/xstyle_outdoor\"],\"hasMerchantReturnPolicy\":{\"@type\":\"MerchantReturnPolicy\",\"merchantReturnLink\":\"https:\\\/\\\/dev.xstyle.md\\\/ro\\\/conditions\\\/\"}}]}<\/script>\n<meta property=\"product:price:amount\" content=\"1755.00\" \/>\n<meta property=\"product:price:currency\" content=\"MDL\" \/>\n<meta property=\"og:availability\" content=\"instock\" \/>\n<meta property=\"product:availability\" content=\"instock\" \/>\n<meta property=\"product:retailer_item_id\" content=\"653384\" \/>\n<meta property=\"product:condition\" content=\"new\" \/>\n<!-- \/ Yoast SEO plugin. -->","yoast_head_json":{"title":"\u0421\u0443\u043c\u043a\u0430 \u0447\u0435\u0440\u0435\u0437 \u043f\u043b\u0435\u0447\u043e Victorinox Travel Essentials Black - \u041c\u0430\u0433\u0430\u0437\u0438\u043d Xstyle","robots":{"index":"noindex","follow":"follow","max-snippet":"max-snippet:-1","max-image-preview":"max-image-preview:large","max-video-preview":"max-video-preview:-1"},"og_locale":"ro_RO","og_type":"article","og_title":"\u0421\u0443\u043c\u043a\u0430 \u0447\u0435\u0440\u0435\u0437 \u043f\u043b\u0435\u0447\u043e Victorinox Travel Essentials Black - \u041c\u0430\u0433\u0430\u0437\u0438\u043d Xstyle","og_description":"\u0411\u0440\u0435\u043d\u0434 \u041a\u043e\u043c\u043f\u0430\u043d\u0438\u044f Victorinox \u0437\u0430\u043d\u0438\u043c\u0430\u0435\u0442\u0441\u044f \u043f\u0440\u043e\u0438\u0437\u0432\u043e\u0434\u0441\u0442\u0432\u043e\u043c \u0438 \u043f\u0440\u043e\u0434\u0430\u0436\u0435\u0439 \u0443\u043d\u0438\u043a\u0430\u043b\u044c\u043d\u043e\u0439 \u0432\u044b\u0441\u043e\u043a\u043e\u043a\u0430\u0447\u0435\u0441\u0442\u0432\u0435\u043d\u043d\u043e\u0439 \u043f\u0440\u043e\u0434\u0443\u043a\u0446\u0438\u0438 \u0434\u043b\u044f \u0440\u0430\u0437\u043b\u0438\u0447\u043d\u044b\u0445 \u0441\u0444\u0435\u0440 \u0436\u0438\u0437\u043d\u0438. \u0412 \u0430\u0441\u0441\u043e\u0440\u0442\u0438\u043c\u0435\u043d\u0442 \u0432\u0445\u043e\u0434\u044f\u0442 \u0448\u0432\u0435\u0439\u0446\u0430\u0440\u0441\u043a\u0438\u0435 \u0430\u0440\u043c\u0435\u0439\u0441\u043a\u0438\u0435 \u043d\u043e\u0436\u0438,","og_url":"https:\/\/dev.xstyle.md\/ro\/produs\/sumka-cherez-plecho-victorinox-travel-essentials-black\/","og_site_name":"\u041c\u0430\u0433\u0430\u0437\u0438\u043d Xstyle","article_publisher":"https:\/\/www.facebook.com\/xstylemd","article_modified_time":"2026-02-26T09:42:13+00:00","og_image":[{"width":1080,"height":1080,"url":"https:\/\/dev.xstyle.md\/wp-content\/uploads\/2026\/01\/geanta-de-umar-victorinox-travel-essentials-black-653384-3-photoroom-preobrazovano-iz-png.webp","type":"image\/webp"}],"twitter_card":"summary_large_image","twitter_misc":{"Pre\u021b":"1.755,00&nbsp;MDL","Disponibilitate":"\u00cen stoc"},"schema":{"@context":"https:\/\/schema.org","@graph":[{"@type":"WebPage","@id":"https:\/\/dev.xstyle.md\/product\/sumka-cherez-plecho-victorinox-travel-essentials-black\/","url":"https:\/\/dev.xstyle.md\/product\/sumka-cherez-plecho-victorinox-travel-essentials-black\/","name":"\u0421\u0443\u043c\u043a\u0430 \u0447\u0435\u0440\u0435\u0437 \u043f\u043b\u0435\u0447\u043e Victorinox Travel Essentials Black - \u041c\u0430\u0433\u0430\u0437\u0438\u043d Xstyle","isPartOf":{"@id":"https:\/\/dev.xstyle.md\/#website"},"primaryImageOfPage":{"@id":"https:\/\/dev.xstyle.md\/product\/sumka-cherez-plecho-victorinox-travel-essentials-black\/#primaryimage"},"image":{"@id":"https:\/\/dev.xstyle.md\/product\/sumka-cherez-plecho-victorinox-travel-essentials-black\/#primaryimage"},"thumbnailUrl":"https:\/\/dev.xstyle.md\/wp-content\/uploads\/2026\/01\/geanta-de-umar-victorinox-travel-essentials-black-653384-3-photoroom-preobrazovano-iz-png.webp","datePublished":"2026-01-23T13:33:25+00:00","dateModified":"2026-02-26T09:42:13+00:00","breadcrumb":{"@id":"https:\/\/dev.xstyle.md\/product\/sumka-cherez-plecho-victorinox-travel-essentials-black\/#breadcrumb"},"inLanguage":"ro-RO","potentialAction":[{"@type":"ReadAction","target":["https:\/\/dev.xstyle.md\/product\/sumka-cherez-plecho-victorinox-travel-essentials-black\/"]}]},{"@type":"ImageObject","inLanguage":"ro-RO","@id":"https:\/\/dev.xstyle.md\/product\/sumka-cherez-plecho-victorinox-travel-essentials-black\/#primaryimage","url":"https:\/\/dev.xstyle.md\/wp-content\/uploads\/2026\/01\/geanta-de-umar-victorinox-travel-essentials-black-653384-3-photoroom-preobrazovano-iz-png.webp","contentUrl":"https:\/\/dev.xstyle.md\/wp-content\/uploads\/2026\/01\/geanta-de-umar-victorinox-travel-essentials-black-653384-3-photoroom-preobrazovano-iz-png.webp","width":1080,"height":1080,"caption":"\u0421\u0443\u043c\u043a\u0430 \u0447\u0435\u0440\u0435\u0437 \u043f\u043b\u0435\u0447\u043e \u0434\u043b\u044f \u0430\u043a\u0442\u0438\u0432\u043d\u043e\u0433\u043e \u043e\u0442\u0434\u044b\u0445\u0430 \u0438 \u043f\u0443\u0442\u0435\u0448\u0435\u0441\u0442\u0432\u0438\u0439, \u043f\u043e\u0432\u0441\u0435\u0434\u043d\u0435\u0432\u043d\u044b\u0435 \u0442\u043e\u0432\u0430\u0440\u044b, \u043f\u043e\u0445\u043e\u0434\u043d\u0430\u044f \u043e\u0434\u0435\u0436\u0434\u0430 \u0438 \u043e\u0431\u0443\u0432\u044c, \u0430\u043a\u0441\u0435\u0441\u0441\u0443\u0430\u0440\u044b \u0434\u043b\u044f \u0442\u0443\u0440\u0438\u0437\u043c\u0430 \u0438 \u0430\u043b\u044c\u043f\u0438\u043d\u0438\u0437\u043c\u0430 \u0434\u043b\u044f \u043e\u043d\u043b\u0430\u0439\u043d \u043c\u0430\u0433\u0430\u0437\u0438\u043d\u0430"},{"@type":"BreadcrumbList","@id":"https:\/\/dev.xstyle.md\/product\/sumka-cherez-plecho-victorinox-travel-essentials-black\/#breadcrumb","itemListElement":[{"@type":"ListItem","position":1,"name":"\u0413\u043b\u0430\u0432\u043d\u0430\u044f \u0441\u0442\u0440\u0430\u043d\u0438\u0446\u0430","item":"https:\/\/dev.xstyle.md\/"},{"@type":"ListItem","position":2,"name":"Shop","item":"https:\/\/dev.xstyle.md\/shop\/"},{"@type":"ListItem","position":3,"name":"\u0421\u0443\u043c\u043a\u0430 \u0447\u0435\u0440\u0435\u0437 \u043f\u043b\u0435\u0447\u043e Victorinox Travel Essentials Black"}]},{"@type":"WebSite","@id":"https:\/\/dev.xstyle.md\/#website","url":"https:\/\/dev.xstyle.md\/","name":"Magazinul X-Style","description":"Echipamente pentru turism \u0219i sporturi extreme \u00een Moldova. Pre\u021buri, fotografii, caracteristici \u00een Moldova.","publisher":{"@id":"https:\/\/dev.xstyle.md\/#organization"},"alternateName":"X-Style","potentialAction":[{"@type":"SearchAction","target":{"@type":"EntryPoint","urlTemplate":"https:\/\/dev.xstyle.md\/?s={search_term_string}"},"query-input":{"@type":"PropertyValueSpecification","valueRequired":true,"valueName":"search_term_string"}}],"inLanguage":"ro-RO"},{"@type":"Organization","@id":"https:\/\/dev.xstyle.md\/#organization","name":"Magazinul X-Style","alternateName":"x-style","url":"https:\/\/dev.xstyle.md\/","logo":{"@type":"ImageObject","inLanguage":"ro-RO","@id":"https:\/\/dev.xstyle.md\/#\/schema\/logo\/image\/","url":"https:\/\/dev.xstyle.md\/wp-content\/uploads\/2020\/06\/logoicon.svg","contentUrl":"https:\/\/dev.xstyle.md\/wp-content\/uploads\/2020\/06\/logoicon.svg","caption":"\u041c\u0430\u0433\u0430\u0437\u0438\u043d Xstyle"},"image":{"@id":"https:\/\/dev.xstyle.md\/#\/schema\/logo\/image\/"},"sameAs":["https:\/\/www.facebook.com\/xstylemd","https:\/\/www.instagram.com\/xstyle_md\/","https:\/\/t.me\/xstyle_outdoor"],"hasMerchantReturnPolicy":{"@type":"MerchantReturnPolicy","merchantReturnLink":"https:\/\/dev.xstyle.md\/ro\/conditions\/"}}]},"product_price_amount":"1755.00","product_price_currency":"MDL","og_availability":"instock","product_availability":"instock","product_retailer_item_id":"653384","product_condition":"new"},"post_mailing_queue_ids":[],"_links":{"self":[{"href":"https:\/\/dev.xstyle.md\/ro\/wp-json\/wp\/v2\/product\/99774","targetHints":{"allow":["GET"]}}],"collection":[{"href":"https:\/\/dev.xstyle.md\/ro\/wp-json\/wp\/v2\/product"}],"about":[{"href":"https:\/\/dev.xstyle.md\/ro\/wp-json\/wp\/v2\/types\/product"}],"replies":[{"embeddable":true,"href":"https:\/\/dev.xstyle.md\/ro\/wp-json\/wp\/v2\/comments?post=99774"}],"version-history":[{"count":1,"href":"https:\/\/dev.xstyle.md\/ro\/wp-json\/wp\/v2\/product\/99774\/revisions"}],"predecessor-version":[{"id":100224,"href":"https:\/\/dev.xstyle.md\/ro\/wp-json\/wp\/v2\/product\/99774\/revisions\/100224"}],"wp:featuredmedia":[{"embeddable":true,"href":"https:\/\/dev.xstyle.md\/ro\/wp-json\/wp\/v2\/media\/100225"}],"wp:attachment":[{"href":"https:\/\/dev.xstyle.md\/ro\/wp-json\/wp\/v2\/media?parent=99774"}],"wp:term":[{"taxonomy":"product_brand","embeddable":true,"href":"https:\/\/dev.xstyle.md\/ro\/wp-json\/wp\/v2\/product_brand?post=99774"},{"taxonomy":"product_cat","embeddable":true,"href":"https:\/\/dev.xstyle.md\/ro\/wp-json\/wp\/v2\/product_cat?post=99774"},{"taxonomy":"product_tag","embeddable":true,"href":"https:\/\/dev.xstyle.md\/ro\/wp-json\/wp\/v2\/product_tag?post=99774"}],"curies":[{"name":"wp","href":"https:\/\/api.w.org\/{rel}","templated":true}]}}