{"id":99772,"date":"2026-01-23T16:33:25","date_gmt":"2026-01-23T13:33:25","guid":{"rendered":"https:\/\/xstyle.md\/?post_type=product&#038;p=99772"},"modified":"2026-02-26T12:42:10","modified_gmt":"2026-02-26T09:42:10","slug":"ryukzak-victorinox-altmont-professional-essentials-laptop-black","status":"publish","type":"product","link":"https:\/\/dev.xstyle.md\/ro\/produs\/ryukzak-victorinox-altmont-professional-essentials-laptop-black\/","title":{"rendered":"Rucsac Victorinox Altmont Professional Essentials Laptop Black"},"content":{"rendered":"<\/li>\n<\/ul>\n<p>Rucsac <strong>Victorinox Altmont Professional Essentials Laptop<\/strong> &#8212; acest rucsac pentru laptop \u00eembin\u0103 expertiza \u00een proiectarea rucsacurilor de munte cu o \u00een\u021belegere profund\u0103 a nevoilor mediului de afaceri modern. Elegant, simplu \u0219i minimalist, acest rucsac va deveni partenerul t\u0103u de \u00eencredere \u00een orice c\u0103l\u0103torie de afaceri.<\/p>\n<p>Cu rucsacul Essentials, vei avea \u00eentotdeauna la \u00eendem\u00e2n\u0103 tot ce este necesar pentru a r\u0103m\u00e2ne concentrat \u0219i preg\u0103tit, indiferent dac\u0103 lucrezi de la distan\u021b\u0103 sau c\u0103l\u0103tore\u0219ti pentru \u00eent\u00e2lniri importante.<\/p>\n<h3>Particularit\u0103\u021bi<\/h3>\n<ul>\n<li>Buzunare frontale verticale ad\u00e2nci, dotate cu compartimente \u0219i inele pentru chei, obiecte de valoare, portofel \u0219i dispozitive mici;<\/li>\n<li>Compartimente superioare cu fermoar, dedicate laptopului \u0219i tabletei iPad;<\/li>\n<li>Organizator deta\u0219abil;<\/li>\n<li>Lac\u0103t cu cifru.<\/li>\n<\/ul>\n<h3>Caracteristici<\/h3>\n<ul>\n<li>Volum &#8212; 24 litri<\/li>\n<li>Dimensiuni &#8212; 43 x 27 x 34 cm<\/li>\n<li>Material &#8212; Poliester<\/li>\n<li>Utilizare &#8212; Urban, Turism<\/li>\n<li>Ventila\u021bie &#8212; Da<\/li>\n<li>Model &#8212; Unisex<br \/>\n<\/li>\n<\/ul>\n<h3>Marca<\/h3>\n<p>Compania Victorinox se ocup\u0103 cu fabricarea \u0219i comercializarea unor produse unice, de \u00eenalt\u0103 calitate, destinate diverselor domenii ale vie\u021bii. Gama de produse include celebrele cu\u021bite de armat\u0103 elve\u021biene (Swiss Army Knives), cu\u021bite de buc\u0103t\u0103rie \u0219i tac\u00e2muri, ceasuri, echipament de voiaj \u0219i parfumuri. Sediul central al companiei se afl\u0103 \u00een inima Elve\u021biei \u2014 \u00een ora\u0219ul Ibach (cantonul Schwyz). Acesta este locul unde fondatorul companiei, Karl Elsener, \u0219i-a \u00eenceput afacerea \u00een 1884, produc\u00e2nd articole de t\u0103iat, iar c\u00e2\u021biva ani mai t\u00e2rziu a creat legendarul \u0219i originalul \u201eSwiss Army Knife\u201d<\/p>","protected":false},"excerpt":{"rendered":"<p>\u0411\u0440\u0435\u043d\u0434 \u041a\u043e\u043c\u043f\u0430\u043d\u0438\u044f Victorinox \u0437\u0430\u043d\u0438\u043c\u0430\u0435\u0442\u0441\u044f \u043f\u0440\u043e\u0438\u0437\u0432\u043e\u0434\u0441\u0442\u0432\u043e\u043c \u0438 \u043f\u0440\u043e\u0434\u0430\u0436\u0435\u0439 \u0443\u043d\u0438\u043a\u0430\u043b\u044c\u043d\u043e\u0439 \u0432\u044b\u0441\u043e\u043a\u043e\u043a\u0430\u0447\u0435\u0441\u0442\u0432\u0435\u043d\u043d\u043e\u0439 \u043f\u0440\u043e\u0434\u0443\u043a\u0446\u0438\u0438 \u0434\u043b\u044f \u0440\u0430\u0437\u043b\u0438\u0447\u043d\u044b\u0445 \u0441\u0444\u0435\u0440 \u0436\u0438\u0437\u043d\u0438. \u0412 \u0430\u0441\u0441\u043e\u0440\u0442\u0438\u043c\u0435\u043d\u0442 \u0432\u0445\u043e\u0434\u044f\u0442 \u0448\u0432\u0435\u0439\u0446\u0430\u0440\u0441\u043a\u0438\u0435 \u0430\u0440\u043c\u0435\u0439\u0441\u043a\u0438\u0435 \u043d\u043e\u0436\u0438,<\/p>","protected":false},"featured_media":100153,"comment_status":"open","ping_status":"closed","template":"","meta":{"_acf_changed":false,"inline_featured_image":false},"product_brand":[1327],"product_cat":[846],"product_tag":[],"class_list":{"0":"post-99772","1":"product","2":"type-product","3":"status-publish","4":"has-post-thumbnail","6":"product_brand-victorinox","7":"product_cat-city-bag","9":"first","10":"instock","11":"shipping-taxable","12":"purchasable","13":"product-type-simple"},"acf":[],"yoast_head":"<!-- This site is optimized with the Yoast SEO plugin v27.4 - https:\/\/yoast.com\/product\/yoast-seo-wordpress\/ -->\n<title>\u0420\u044e\u043a\u0437\u0430\u043a Victorinox Altmont Professional Essentials Laptop Black - \u041c\u0430\u0433\u0430\u0437\u0438\u043d Xstyle<\/title>\n<meta name=\"robots\" content=\"noindex, follow, max-snippet:-1, max-image-preview:large, max-video-preview:-1\" \/>\n<meta property=\"og:locale\" content=\"ro_RO\" \/>\n<meta property=\"og:type\" content=\"article\" \/>\n<meta property=\"og:title\" content=\"\u0420\u044e\u043a\u0437\u0430\u043a Victorinox Altmont Professional Essentials Laptop Black - \u041c\u0430\u0433\u0430\u0437\u0438\u043d Xstyle\" \/>\n<meta property=\"og:description\" content=\"\u0411\u0440\u0435\u043d\u0434 \u041a\u043e\u043c\u043f\u0430\u043d\u0438\u044f Victorinox \u0437\u0430\u043d\u0438\u043c\u0430\u0435\u0442\u0441\u044f \u043f\u0440\u043e\u0438\u0437\u0432\u043e\u0434\u0441\u0442\u0432\u043e\u043c \u0438 \u043f\u0440\u043e\u0434\u0430\u0436\u0435\u0439 \u0443\u043d\u0438\u043a\u0430\u043b\u044c\u043d\u043e\u0439 \u0432\u044b\u0441\u043e\u043a\u043e\u043a\u0430\u0447\u0435\u0441\u0442\u0432\u0435\u043d\u043d\u043e\u0439 \u043f\u0440\u043e\u0434\u0443\u043a\u0446\u0438\u0438 \u0434\u043b\u044f \u0440\u0430\u0437\u043b\u0438\u0447\u043d\u044b\u0445 \u0441\u0444\u0435\u0440 \u0436\u0438\u0437\u043d\u0438. \u0412 \u0430\u0441\u0441\u043e\u0440\u0442\u0438\u043c\u0435\u043d\u0442 \u0432\u0445\u043e\u0434\u044f\u0442 \u0448\u0432\u0435\u0439\u0446\u0430\u0440\u0441\u043a\u0438\u0435 \u0430\u0440\u043c\u0435\u0439\u0441\u043a\u0438\u0435 \u043d\u043e\u0436\u0438,\" \/>\n<meta property=\"og:url\" content=\"https:\/\/dev.xstyle.md\/ro\/produs\/ryukzak-victorinox-altmont-professional-essentials-laptop-black\/\" \/>\n<meta property=\"og:site_name\" content=\"\u041c\u0430\u0433\u0430\u0437\u0438\u043d Xstyle\" \/>\n<meta property=\"article:publisher\" content=\"https:\/\/www.facebook.com\/xstylemd\" \/>\n<meta property=\"article:modified_time\" content=\"2026-02-26T09:42:10+00:00\" \/>\n<meta property=\"og:image\" content=\"https:\/\/dev.xstyle.md\/wp-content\/uploads\/2026\/01\/victorinox-altmont-professional-essentials-laptop-black-9.webp\" \/>\n\t<meta property=\"og:image:width\" content=\"1080\" \/>\n\t<meta property=\"og:image:height\" content=\"1080\" \/>\n\t<meta property=\"og:image:type\" content=\"image\/webp\" \/>\n<meta name=\"twitter:card\" content=\"summary_large_image\" \/>\n<meta name=\"twitter:label1\" content=\"Pre\u021b\" \/>\n\t<meta name=\"twitter:data1\" content=\"3.745,00&nbsp;MDL\" \/>\n\t<meta name=\"twitter:label2\" content=\"Disponibilitate\" \/>\n\t<meta name=\"twitter:data2\" content=\"\u00cen stoc\" \/>\n<script type=\"application\/ld+json\" class=\"yoast-schema-graph\">{\"@context\":\"https:\\\/\\\/schema.org\",\"@graph\":[{\"@type\":\"WebPage\",\"@id\":\"https:\\\/\\\/dev.xstyle.md\\\/product\\\/ryukzak-victorinox-altmont-professional-essentials-laptop-black\\\/\",\"url\":\"https:\\\/\\\/dev.xstyle.md\\\/product\\\/ryukzak-victorinox-altmont-professional-essentials-laptop-black\\\/\",\"name\":\"\u0420\u044e\u043a\u0437\u0430\u043a Victorinox Altmont Professional Essentials Laptop Black - \u041c\u0430\u0433\u0430\u0437\u0438\u043d Xstyle\",\"isPartOf\":{\"@id\":\"https:\\\/\\\/dev.xstyle.md\\\/#website\"},\"primaryImageOfPage\":{\"@id\":\"https:\\\/\\\/dev.xstyle.md\\\/product\\\/ryukzak-victorinox-altmont-professional-essentials-laptop-black\\\/#primaryimage\"},\"image\":{\"@id\":\"https:\\\/\\\/dev.xstyle.md\\\/product\\\/ryukzak-victorinox-altmont-professional-essentials-laptop-black\\\/#primaryimage\"},\"thumbnailUrl\":\"https:\\\/\\\/dev.xstyle.md\\\/wp-content\\\/uploads\\\/2026\\\/01\\\/victorinox-altmont-professional-essentials-laptop-black-9.webp\",\"datePublished\":\"2026-01-23T13:33:25+00:00\",\"dateModified\":\"2026-02-26T09:42:10+00:00\",\"breadcrumb\":{\"@id\":\"https:\\\/\\\/dev.xstyle.md\\\/product\\\/ryukzak-victorinox-altmont-professional-essentials-laptop-black\\\/#breadcrumb\"},\"inLanguage\":\"ro-RO\",\"potentialAction\":[{\"@type\":\"ReadAction\",\"target\":[\"https:\\\/\\\/dev.xstyle.md\\\/product\\\/ryukzak-victorinox-altmont-professional-essentials-laptop-black\\\/\"]}]},{\"@type\":\"ImageObject\",\"inLanguage\":\"ro-RO\",\"@id\":\"https:\\\/\\\/dev.xstyle.md\\\/product\\\/ryukzak-victorinox-altmont-professional-essentials-laptop-black\\\/#primaryimage\",\"url\":\"https:\\\/\\\/dev.xstyle.md\\\/wp-content\\\/uploads\\\/2026\\\/01\\\/victorinox-altmont-professional-essentials-laptop-black-9.webp\",\"contentUrl\":\"https:\\\/\\\/dev.xstyle.md\\\/wp-content\\\/uploads\\\/2026\\\/01\\\/victorinox-altmont-professional-essentials-laptop-black-9.webp\",\"width\":1080,\"height\":1080,\"caption\":\"\u0420\u044e\u043a\u0437\u0430\u043a Victorinox Altmont Professional Essentials \u0434\u043b\u044f \u0430\u043a\u0442\u0438\u0432\u043d\u043e\u0433\u043e \u043e\u0442\u0434\u044b\u0445\u0430, \u043f\u0443\u0442\u0435\u0448\u0435\u0441\u0442\u0432\u0438\u0439 \u0438 \u0445\u0430\u0439\u043a\u0438\u043d\u0433\u0430, \u0441\u043e\u0434\u0435\u0440\u0436\u0438\u0442 \u043e\u0442\u0434\u0435\u043b\u0435\u043d\u0438\u0435 \u0434\u043b\u044f \u043d\u043e\u0443\u0442\u0431\u0443\u043a\u0430, \u043f\u043e\u0434\u0445\u043e\u0434\u0438\u0442 \u0434\u043b\u044f \u0441\u043f\u043e\u0440\u0442\u0438\u0432\u043d\u043e\u0439 \u043e\u0434\u0435\u0436\u0434\u044b, \u043e\u0431\u0443\u0432\u0438 \u0438 \u0441\u043d\u0430\u0440\u044f\u0436\u0435\u043d\u0438\u044f \u0434\u043b\u044f \u0430\u043b\u044c\u043f\u0438\u043d\u0438\u0437\u043c\u0430 \u0438 \u043f\u0443\u0442\u0435\u0448\u0435\u0441\u0442\u0432\u0438\u0439\"},{\"@type\":\"BreadcrumbList\",\"@id\":\"https:\\\/\\\/dev.xstyle.md\\\/product\\\/ryukzak-victorinox-altmont-professional-essentials-laptop-black\\\/#breadcrumb\",\"itemListElement\":[{\"@type\":\"ListItem\",\"position\":1,\"name\":\"\u0413\u043b\u0430\u0432\u043d\u0430\u044f \u0441\u0442\u0440\u0430\u043d\u0438\u0446\u0430\",\"item\":\"https:\\\/\\\/dev.xstyle.md\\\/\"},{\"@type\":\"ListItem\",\"position\":2,\"name\":\"Shop\",\"item\":\"https:\\\/\\\/dev.xstyle.md\\\/shop\\\/\"},{\"@type\":\"ListItem\",\"position\":3,\"name\":\"\u0420\u044e\u043a\u0437\u0430\u043a Victorinox Altmont Professional Essentials Laptop Black\"}]},{\"@type\":\"WebSite\",\"@id\":\"https:\\\/\\\/dev.xstyle.md\\\/#website\",\"url\":\"https:\\\/\\\/dev.xstyle.md\\\/\",\"name\":\"\u041c\u0430\u0433\u0430\u0437\u0438\u043d Xstyle\",\"description\":\"C\u043d\u0430\u0440\u044f\u0436\u0435\u043d\u0438\u0435 \u0434\u043b\u044f \u0442\u0443\u0440\u0438\u0437\u043c\u0430 \u0438 \u044d\u043a\u0441\u0442\u0440\u0435\u043c\u0430\u043b\u044c\u043d\u044b\u0445 \u0432\u0438\u0434\u043e\u0432 \u0441\u043f\u043e\u0440\u0442\u0430 \u0432 \u041c\u043e\u043b\u0434\u043e\u0432\u0435.. \u0426\u0435\u043d\u044b, \u0444\u043e\u0442\u043e, \u0445\u0430\u0440\u0430\u043a\u0442\u0435\u0440\u0438\u0441\u0442\u0438\u043a\u0438 \u0432 \u041c\u043e\u043b\u0434\u043e\u0432\u0435.\",\"publisher\":{\"@id\":\"https:\\\/\\\/dev.xstyle.md\\\/#organization\"},\"alternateName\":\"X-Style\",\"potentialAction\":[{\"@type\":\"SearchAction\",\"target\":{\"@type\":\"EntryPoint\",\"urlTemplate\":\"https:\\\/\\\/dev.xstyle.md\\\/?s={search_term_string}\"},\"query-input\":{\"@type\":\"PropertyValueSpecification\",\"valueRequired\":true,\"valueName\":\"search_term_string\"}}],\"inLanguage\":\"ro-RO\"},{\"@type\":\"Organization\",\"@id\":\"https:\\\/\\\/dev.xstyle.md\\\/#organization\",\"name\":\"\u041c\u0430\u0433\u0430\u0437\u0438\u043d Xstyle\",\"alternateName\":\"x-style\",\"url\":\"https:\\\/\\\/dev.xstyle.md\\\/\",\"logo\":{\"@type\":\"ImageObject\",\"inLanguage\":\"ro-RO\",\"@id\":\"https:\\\/\\\/dev.xstyle.md\\\/#\\\/schema\\\/logo\\\/image\\\/\",\"url\":\"https:\\\/\\\/dev.xstyle.md\\\/wp-content\\\/uploads\\\/2020\\\/06\\\/logoicon.svg\",\"contentUrl\":\"https:\\\/\\\/dev.xstyle.md\\\/wp-content\\\/uploads\\\/2020\\\/06\\\/logoicon.svg\",\"caption\":\"\u041c\u0430\u0433\u0430\u0437\u0438\u043d Xstyle\"},\"image\":{\"@id\":\"https:\\\/\\\/dev.xstyle.md\\\/#\\\/schema\\\/logo\\\/image\\\/\"},\"sameAs\":[\"https:\\\/\\\/www.facebook.com\\\/xstylemd\",\"https:\\\/\\\/www.instagram.com\\\/xstyle_md\\\/\",\"https:\\\/\\\/t.me\\\/xstyle_outdoor\"],\"hasMerchantReturnPolicy\":{\"@type\":\"MerchantReturnPolicy\",\"merchantReturnLink\":\"https:\\\/\\\/dev.xstyle.md\\\/ro\\\/conditions\\\/\"}}]}<\/script>\n<meta property=\"product:price:amount\" content=\"3745.00\" \/>\n<meta property=\"product:price:currency\" content=\"MDL\" \/>\n<meta property=\"og:availability\" content=\"instock\" \/>\n<meta property=\"product:availability\" content=\"instock\" \/>\n<meta property=\"product:retailer_item_id\" content=\"602154\" \/>\n<meta property=\"product:condition\" content=\"new\" \/>\n<!-- \/ Yoast SEO plugin. -->","yoast_head_json":{"title":"\u0420\u044e\u043a\u0437\u0430\u043a Victorinox Altmont Professional Essentials Laptop Black - \u041c\u0430\u0433\u0430\u0437\u0438\u043d Xstyle","robots":{"index":"noindex","follow":"follow","max-snippet":"max-snippet:-1","max-image-preview":"max-image-preview:large","max-video-preview":"max-video-preview:-1"},"og_locale":"ro_RO","og_type":"article","og_title":"\u0420\u044e\u043a\u0437\u0430\u043a Victorinox Altmont Professional Essentials Laptop Black - \u041c\u0430\u0433\u0430\u0437\u0438\u043d Xstyle","og_description":"\u0411\u0440\u0435\u043d\u0434 \u041a\u043e\u043c\u043f\u0430\u043d\u0438\u044f Victorinox \u0437\u0430\u043d\u0438\u043c\u0430\u0435\u0442\u0441\u044f \u043f\u0440\u043e\u0438\u0437\u0432\u043e\u0434\u0441\u0442\u0432\u043e\u043c \u0438 \u043f\u0440\u043e\u0434\u0430\u0436\u0435\u0439 \u0443\u043d\u0438\u043a\u0430\u043b\u044c\u043d\u043e\u0439 \u0432\u044b\u0441\u043e\u043a\u043e\u043a\u0430\u0447\u0435\u0441\u0442\u0432\u0435\u043d\u043d\u043e\u0439 \u043f\u0440\u043e\u0434\u0443\u043a\u0446\u0438\u0438 \u0434\u043b\u044f \u0440\u0430\u0437\u043b\u0438\u0447\u043d\u044b\u0445 \u0441\u0444\u0435\u0440 \u0436\u0438\u0437\u043d\u0438. \u0412 \u0430\u0441\u0441\u043e\u0440\u0442\u0438\u043c\u0435\u043d\u0442 \u0432\u0445\u043e\u0434\u044f\u0442 \u0448\u0432\u0435\u0439\u0446\u0430\u0440\u0441\u043a\u0438\u0435 \u0430\u0440\u043c\u0435\u0439\u0441\u043a\u0438\u0435 \u043d\u043e\u0436\u0438,","og_url":"https:\/\/dev.xstyle.md\/ro\/produs\/ryukzak-victorinox-altmont-professional-essentials-laptop-black\/","og_site_name":"\u041c\u0430\u0433\u0430\u0437\u0438\u043d Xstyle","article_publisher":"https:\/\/www.facebook.com\/xstylemd","article_modified_time":"2026-02-26T09:42:10+00:00","og_image":[{"width":1080,"height":1080,"url":"https:\/\/dev.xstyle.md\/wp-content\/uploads\/2026\/01\/victorinox-altmont-professional-essentials-laptop-black-9.webp","type":"image\/webp"}],"twitter_card":"summary_large_image","twitter_misc":{"Pre\u021b":"3.745,00&nbsp;MDL","Disponibilitate":"\u00cen stoc"},"schema":{"@context":"https:\/\/schema.org","@graph":[{"@type":"WebPage","@id":"https:\/\/dev.xstyle.md\/product\/ryukzak-victorinox-altmont-professional-essentials-laptop-black\/","url":"https:\/\/dev.xstyle.md\/product\/ryukzak-victorinox-altmont-professional-essentials-laptop-black\/","name":"\u0420\u044e\u043a\u0437\u0430\u043a Victorinox Altmont Professional Essentials Laptop Black - \u041c\u0430\u0433\u0430\u0437\u0438\u043d Xstyle","isPartOf":{"@id":"https:\/\/dev.xstyle.md\/#website"},"primaryImageOfPage":{"@id":"https:\/\/dev.xstyle.md\/product\/ryukzak-victorinox-altmont-professional-essentials-laptop-black\/#primaryimage"},"image":{"@id":"https:\/\/dev.xstyle.md\/product\/ryukzak-victorinox-altmont-professional-essentials-laptop-black\/#primaryimage"},"thumbnailUrl":"https:\/\/dev.xstyle.md\/wp-content\/uploads\/2026\/01\/victorinox-altmont-professional-essentials-laptop-black-9.webp","datePublished":"2026-01-23T13:33:25+00:00","dateModified":"2026-02-26T09:42:10+00:00","breadcrumb":{"@id":"https:\/\/dev.xstyle.md\/product\/ryukzak-victorinox-altmont-professional-essentials-laptop-black\/#breadcrumb"},"inLanguage":"ro-RO","potentialAction":[{"@type":"ReadAction","target":["https:\/\/dev.xstyle.md\/product\/ryukzak-victorinox-altmont-professional-essentials-laptop-black\/"]}]},{"@type":"ImageObject","inLanguage":"ro-RO","@id":"https:\/\/dev.xstyle.md\/product\/ryukzak-victorinox-altmont-professional-essentials-laptop-black\/#primaryimage","url":"https:\/\/dev.xstyle.md\/wp-content\/uploads\/2026\/01\/victorinox-altmont-professional-essentials-laptop-black-9.webp","contentUrl":"https:\/\/dev.xstyle.md\/wp-content\/uploads\/2026\/01\/victorinox-altmont-professional-essentials-laptop-black-9.webp","width":1080,"height":1080,"caption":"\u0420\u044e\u043a\u0437\u0430\u043a Victorinox Altmont Professional Essentials \u0434\u043b\u044f \u0430\u043a\u0442\u0438\u0432\u043d\u043e\u0433\u043e \u043e\u0442\u0434\u044b\u0445\u0430, \u043f\u0443\u0442\u0435\u0448\u0435\u0441\u0442\u0432\u0438\u0439 \u0438 \u0445\u0430\u0439\u043a\u0438\u043d\u0433\u0430, \u0441\u043e\u0434\u0435\u0440\u0436\u0438\u0442 \u043e\u0442\u0434\u0435\u043b\u0435\u043d\u0438\u0435 \u0434\u043b\u044f \u043d\u043e\u0443\u0442\u0431\u0443\u043a\u0430, \u043f\u043e\u0434\u0445\u043e\u0434\u0438\u0442 \u0434\u043b\u044f \u0441\u043f\u043e\u0440\u0442\u0438\u0432\u043d\u043e\u0439 \u043e\u0434\u0435\u0436\u0434\u044b, \u043e\u0431\u0443\u0432\u0438 \u0438 \u0441\u043d\u0430\u0440\u044f\u0436\u0435\u043d\u0438\u044f \u0434\u043b\u044f \u0430\u043b\u044c\u043f\u0438\u043d\u0438\u0437\u043c\u0430 \u0438 \u043f\u0443\u0442\u0435\u0448\u0435\u0441\u0442\u0432\u0438\u0439"},{"@type":"BreadcrumbList","@id":"https:\/\/dev.xstyle.md\/product\/ryukzak-victorinox-altmont-professional-essentials-laptop-black\/#breadcrumb","itemListElement":[{"@type":"ListItem","position":1,"name":"\u0413\u043b\u0430\u0432\u043d\u0430\u044f \u0441\u0442\u0440\u0430\u043d\u0438\u0446\u0430","item":"https:\/\/dev.xstyle.md\/"},{"@type":"ListItem","position":2,"name":"Shop","item":"https:\/\/dev.xstyle.md\/shop\/"},{"@type":"ListItem","position":3,"name":"\u0420\u044e\u043a\u0437\u0430\u043a Victorinox Altmont Professional Essentials Laptop Black"}]},{"@type":"WebSite","@id":"https:\/\/dev.xstyle.md\/#website","url":"https:\/\/dev.xstyle.md\/","name":"Magazinul X-Style","description":"Echipamente pentru turism \u0219i sporturi extreme \u00een Moldova. Pre\u021buri, fotografii, caracteristici \u00een Moldova.","publisher":{"@id":"https:\/\/dev.xstyle.md\/#organization"},"alternateName":"X-Style","potentialAction":[{"@type":"SearchAction","target":{"@type":"EntryPoint","urlTemplate":"https:\/\/dev.xstyle.md\/?s={search_term_string}"},"query-input":{"@type":"PropertyValueSpecification","valueRequired":true,"valueName":"search_term_string"}}],"inLanguage":"ro-RO"},{"@type":"Organization","@id":"https:\/\/dev.xstyle.md\/#organization","name":"Magazinul X-Style","alternateName":"x-style","url":"https:\/\/dev.xstyle.md\/","logo":{"@type":"ImageObject","inLanguage":"ro-RO","@id":"https:\/\/dev.xstyle.md\/#\/schema\/logo\/image\/","url":"https:\/\/dev.xstyle.md\/wp-content\/uploads\/2020\/06\/logoicon.svg","contentUrl":"https:\/\/dev.xstyle.md\/wp-content\/uploads\/2020\/06\/logoicon.svg","caption":"\u041c\u0430\u0433\u0430\u0437\u0438\u043d Xstyle"},"image":{"@id":"https:\/\/dev.xstyle.md\/#\/schema\/logo\/image\/"},"sameAs":["https:\/\/www.facebook.com\/xstylemd","https:\/\/www.instagram.com\/xstyle_md\/","https:\/\/t.me\/xstyle_outdoor"],"hasMerchantReturnPolicy":{"@type":"MerchantReturnPolicy","merchantReturnLink":"https:\/\/dev.xstyle.md\/ro\/conditions\/"}}]},"product_price_amount":"3745.00","product_price_currency":"MDL","og_availability":"instock","product_availability":"instock","product_retailer_item_id":"602154","product_condition":"new"},"post_mailing_queue_ids":[],"_links":{"self":[{"href":"https:\/\/dev.xstyle.md\/ro\/wp-json\/wp\/v2\/product\/99772","targetHints":{"allow":["GET"]}}],"collection":[{"href":"https:\/\/dev.xstyle.md\/ro\/wp-json\/wp\/v2\/product"}],"about":[{"href":"https:\/\/dev.xstyle.md\/ro\/wp-json\/wp\/v2\/types\/product"}],"replies":[{"embeddable":true,"href":"https:\/\/dev.xstyle.md\/ro\/wp-json\/wp\/v2\/comments?post=99772"}],"version-history":[{"count":1,"href":"https:\/\/dev.xstyle.md\/ro\/wp-json\/wp\/v2\/product\/99772\/revisions"}],"predecessor-version":[{"id":100152,"href":"https:\/\/dev.xstyle.md\/ro\/wp-json\/wp\/v2\/product\/99772\/revisions\/100152"}],"wp:featuredmedia":[{"embeddable":true,"href":"https:\/\/dev.xstyle.md\/ro\/wp-json\/wp\/v2\/media\/100153"}],"wp:attachment":[{"href":"https:\/\/dev.xstyle.md\/ro\/wp-json\/wp\/v2\/media?parent=99772"}],"wp:term":[{"taxonomy":"product_brand","embeddable":true,"href":"https:\/\/dev.xstyle.md\/ro\/wp-json\/wp\/v2\/product_brand?post=99772"},{"taxonomy":"product_cat","embeddable":true,"href":"https:\/\/dev.xstyle.md\/ro\/wp-json\/wp\/v2\/product_cat?post=99772"},{"taxonomy":"product_tag","embeddable":true,"href":"https:\/\/dev.xstyle.md\/ro\/wp-json\/wp\/v2\/product_tag?post=99772"}],"curies":[{"name":"wp","href":"https:\/\/api.w.org\/{rel}","templated":true}]}}