{"id":99769,"date":"2026-01-23T16:33:25","date_gmt":"2026-01-23T13:33:25","guid":{"rendered":"https:\/\/xstyle.md\/?post_type=product&#038;p=99769"},"modified":"2026-02-26T12:42:08","modified_gmt":"2026-02-26T09:42:08","slug":"ryukzak-victorinox-altmont-original-standard-black","status":"publish","type":"product","link":"https:\/\/xstyle.md\/ro\/produs\/ryukzak-victorinox-altmont-original-standard-black\/","title":{"rendered":"Rucsac Victorinox Altmont Original Standard Black"},"content":{"rendered":"<p><\/li>\n<\/ul>\n<p>Rucsac <strong>Victorinox Altmont Original Standard<\/strong> &#8212; \u00eembin\u0103 materialele inovatoare cu un design inteligent, oferind solu\u021bia ideal\u0103 pentru a-\u021bi p\u0103stra obiectele de zi cu zi \u00een siguran\u021b\u0103. Indiferent dac\u0103 pleci \u00eentr-o c\u0103l\u0103torie cu trenul, mergi cu bicicleta prin ora\u0219 sau te \u00eendrep\u021bi spre sala de sport, acesta combin\u0103 perfect func\u021bionalitatea cu confortul. U\u0219or \u0219i versatil, rucsacul este dotat cu dou\u0103 compartimente principale pentru organizarea echipamentului t\u0103u \u0219i un buzunar lateral multifunc\u021bional pentru obiecte mici. Pentru a asigura confortul \u00een timpul purt\u0103rii prelungite, rucsacul dispune de un spate c\u0103ptu\u0219it \u0219i bretele de um\u0103r atent proiectate, care garanteaz\u0103 at\u00e2t comoditate, c\u00e2t \u0219i durabilitate.<\/p>\n<p>Un punct forte al construc\u021biei este circula\u021bia \u00eembun\u0103t\u0103\u021bit\u0103 a aerului la nivelul spatelui, datorit\u0103 canalului central de ventila\u021bie, ceea ce asigur\u0103 un confort sporit \u00een orice situa\u021bie.<\/p>\n<h3>Particularit\u0103\u021bi<\/h3>\n<ul>\n<li>Buzunar din plas\u0103 cu fermoar;<\/li>\n<li>Inel pentru chei;<\/li>\n<li>Suport pentru pix \u0219i etichet\u0103 pentru nume.<\/li>\n<\/ul>\n<h3>Caracteristici<\/h3>\n<ul>\n<li>Volum \u2014 25 litri<\/li>\n<li>Dimensiuni \u2014 45 x 23 x 31 cm<\/li>\n<li>Material \u2014 Poliester<\/li>\n<li>Utilizare \u2014 Urban, Turism<\/li>\n<li>Ventila\u021bie \u2014 Da<\/li>\n<li>Model \u2014 Unisex<br \/>\n<\/li>\n<\/ul>\n<h3>Marca<\/h3>\n<p>Compania Victorinox se ocup\u0103 cu fabricarea \u0219i comercializarea unor produse unice, de \u00eenalt\u0103 calitate, destinate diverselor domenii ale vie\u021bii. Gama de produse include celebrele cu\u021bite de armat\u0103 elve\u021biene (Swiss Army Knives), cu\u021bite de buc\u0103t\u0103rie \u0219i tac\u00e2muri, ceasuri, echipament de voiaj \u0219i parfumuri. Sediul central al companiei se afl\u0103 \u00een inima Elve\u021biei \u2014 \u00een ora\u0219ul Ibach (cantonul Schwyz). Acesta este locul unde fondatorul companiei, Karl Elsener, \u0219i-a \u00eenceput afacerea \u00een 1884, produc\u00e2nd articole de t\u0103iat, iar c\u00e2\u021biva ani mai t\u00e2rziu a creat legendarul \u0219i originalul \u201eSwiss Army Knife\u201d<\/p>","protected":false},"excerpt":{"rendered":"<p>\u0411\u0440\u0435\u043d\u0434 \u041a\u043e\u043c\u043f\u0430\u043d\u0438\u044f Victorinox \u0437\u0430\u043d\u0438\u043c\u0430\u0435\u0442\u0441\u044f \u043f\u0440\u043e\u0438\u0437\u0432\u043e\u0434\u0441\u0442\u0432\u043e\u043c \u0438 \u043f\u0440\u043e\u0434\u0430\u0436\u0435\u0439 \u0443\u043d\u0438\u043a\u0430\u043b\u044c\u043d\u043e\u0439 \u0432\u044b\u0441\u043e\u043a\u043e\u043a\u0430\u0447\u0435\u0441\u0442\u0432\u0435\u043d\u043d\u043e\u0439 \u043f\u0440\u043e\u0434\u0443\u043a\u0446\u0438\u0438 \u0434\u043b\u044f \u0440\u0430\u0437\u043b\u0438\u0447\u043d\u044b\u0445 \u0441\u0444\u0435\u0440 \u0436\u0438\u0437\u043d\u0438. \u0412 \u0430\u0441\u0441\u043e\u0440\u0442\u0438\u043c\u0435\u043d\u0442 \u0432\u0445\u043e\u0434\u044f\u0442 \u0448\u0432\u0435\u0439\u0446\u0430\u0440\u0441\u043a\u0438\u0435 \u0430\u0440\u043c\u0435\u0439\u0441\u043a\u0438\u0435 \u043d\u043e\u0436\u0438, \u043a\u0443\u0445\u043e\u043d\u043d\u044b\u0435 \u043d\u043e\u0436\u0438 \u0438 \u0441\u0442\u043e\u043b\u043e\u0432\u044b\u0435 \u043f\u0440\u0438\u0431\u043e\u0440\u044b, \u0447\u0430\u0441\u044b, \u0442\u0443\u0440\u0438\u0441\u0442\u0438\u0447\u0435\u0441\u043a\u043e\u0435 \u0441\u043d\u0430\u0440\u044f\u0436\u0435\u043d\u0438\u0435 \u0438 \u043f\u0430\u0440\u0444\u044e\u043c\u0435\u0440\u0438\u044f. \u0413\u043e\u043b\u043e\u0432\u043d\u043e\u0439 \u043e\u0444\u0438\u0441 \u043a\u043e\u043c\u043f\u0430\u043d\u0438\u0438 \u043d\u0430\u0445\u043e\u0434\u0438\u0442\u0441\u044f \u0432 \u0441\u0430\u043c\u043e\u043c \u0441\u0435\u0440\u0434\u0446\u0435 \u0428\u0432\u0435\u0439\u0446\u0430\u0440\u0438\u0438 \u2014 \u0433\u043e\u0440\u043e\u0434\u0435 \u0418\u0431\u0430\u0445 (\u043e\u043a\u0440\u0443\u0433 \u0428\u0432\u0438\u0446). \u0418\u043c\u0435\u043d\u043d\u043e \u0437\u0434\u0435\u0441\u044c \u043e\u0441\u043d\u043e\u0432\u0430\u0442\u0435\u043b\u044c \u043a\u043e\u043c\u043f\u0430\u043d\u0438\u0438 \u041a\u0430\u0440\u043b \u042d\u043b\u044c\u0437\u0435\u043d\u0435\u0440 \u043d\u0430\u0447\u0430\u043b \u0441\u0432\u043e\u0439 \u0431\u0438\u0437\u043d\u0435\u0441 \u2014 \u043f\u0440\u043e\u0438\u0437\u0432\u043e\u0434\u0441\u0442\u0432\u043e \u043d\u043e\u0436\u0435\u0432\u044b\u0445 [&hellip;]<\/p>\n","protected":false},"featured_media":100125,"comment_status":"open","ping_status":"closed","template":"","meta":{"_acf_changed":false,"inline_featured_image":false},"product_brand":[1327],"product_cat":[846],"product_tag":[],"class_list":{"0":"post-99769","1":"product","2":"type-product","3":"status-publish","4":"has-post-thumbnail","6":"product_brand-victorinox","7":"product_cat-city-bag","9":"first","10":"instock","11":"shipping-taxable","12":"purchasable","13":"product-type-simple"},"acf":[],"yoast_head":"<!-- This site is optimized with the Yoast SEO plugin v27.4 - https:\/\/yoast.com\/product\/yoast-seo-wordpress\/ -->\n<title>\u0420\u044e\u043a\u0437\u0430\u043a Victorinox Altmont Original Standard Black - \u041c\u0430\u0433\u0430\u0437\u0438\u043d Xstyle<\/title>\n<meta name=\"robots\" content=\"index, follow, max-snippet:-1, max-image-preview:large, max-video-preview:-1\" \/>\n<link rel=\"canonical\" href=\"https:\/\/xstyle.md\/ro\/produs\/ryukzak-victorinox-altmont-original-standard-black\/\" \/>\n<meta property=\"og:locale\" content=\"ro_RO\" \/>\n<meta property=\"og:type\" content=\"article\" \/>\n<meta property=\"og:title\" content=\"\u0420\u044e\u043a\u0437\u0430\u043a Victorinox Altmont Original Standard Black - \u041c\u0430\u0433\u0430\u0437\u0438\u043d Xstyle\" \/>\n<meta property=\"og:description\" content=\"\u0411\u0440\u0435\u043d\u0434 \u041a\u043e\u043c\u043f\u0430\u043d\u0438\u044f Victorinox \u0437\u0430\u043d\u0438\u043c\u0430\u0435\u0442\u0441\u044f \u043f\u0440\u043e\u0438\u0437\u0432\u043e\u0434\u0441\u0442\u0432\u043e\u043c \u0438 \u043f\u0440\u043e\u0434\u0430\u0436\u0435\u0439 \u0443\u043d\u0438\u043a\u0430\u043b\u044c\u043d\u043e\u0439 \u0432\u044b\u0441\u043e\u043a\u043e\u043a\u0430\u0447\u0435\u0441\u0442\u0432\u0435\u043d\u043d\u043e\u0439 \u043f\u0440\u043e\u0434\u0443\u043a\u0446\u0438\u0438 \u0434\u043b\u044f \u0440\u0430\u0437\u043b\u0438\u0447\u043d\u044b\u0445 \u0441\u0444\u0435\u0440 \u0436\u0438\u0437\u043d\u0438. \u0412 \u0430\u0441\u0441\u043e\u0440\u0442\u0438\u043c\u0435\u043d\u0442 \u0432\u0445\u043e\u0434\u044f\u0442 \u0448\u0432\u0435\u0439\u0446\u0430\u0440\u0441\u043a\u0438\u0435 \u0430\u0440\u043c\u0435\u0439\u0441\u043a\u0438\u0435 \u043d\u043e\u0436\u0438, \u043a\u0443\u0445\u043e\u043d\u043d\u044b\u0435 \u043d\u043e\u0436\u0438 \u0438 \u0441\u0442\u043e\u043b\u043e\u0432\u044b\u0435 \u043f\u0440\u0438\u0431\u043e\u0440\u044b, \u0447\u0430\u0441\u044b, \u0442\u0443\u0440\u0438\u0441\u0442\u0438\u0447\u0435\u0441\u043a\u043e\u0435 \u0441\u043d\u0430\u0440\u044f\u0436\u0435\u043d\u0438\u0435 \u0438 \u043f\u0430\u0440\u0444\u044e\u043c\u0435\u0440\u0438\u044f. \u0413\u043e\u043b\u043e\u0432\u043d\u043e\u0439 \u043e\u0444\u0438\u0441 \u043a\u043e\u043c\u043f\u0430\u043d\u0438\u0438 \u043d\u0430\u0445\u043e\u0434\u0438\u0442\u0441\u044f \u0432 \u0441\u0430\u043c\u043e\u043c \u0441\u0435\u0440\u0434\u0446\u0435 \u0428\u0432\u0435\u0439\u0446\u0430\u0440\u0438\u0438 \u2014 \u0433\u043e\u0440\u043e\u0434\u0435 \u0418\u0431\u0430\u0445 (\u043e\u043a\u0440\u0443\u0433 \u0428\u0432\u0438\u0446). \u0418\u043c\u0435\u043d\u043d\u043e \u0437\u0434\u0435\u0441\u044c \u043e\u0441\u043d\u043e\u0432\u0430\u0442\u0435\u043b\u044c \u043a\u043e\u043c\u043f\u0430\u043d\u0438\u0438 \u041a\u0430\u0440\u043b \u042d\u043b\u044c\u0437\u0435\u043d\u0435\u0440 \u043d\u0430\u0447\u0430\u043b \u0441\u0432\u043e\u0439 \u0431\u0438\u0437\u043d\u0435\u0441 \u2014 \u043f\u0440\u043e\u0438\u0437\u0432\u043e\u0434\u0441\u0442\u0432\u043e \u043d\u043e\u0436\u0435\u0432\u044b\u0445 [&hellip;]\" \/>\n<meta property=\"og:url\" content=\"https:\/\/xstyle.md\/ro\/produs\/ryukzak-victorinox-altmont-original-standard-black\/\" \/>\n<meta property=\"og:site_name\" content=\"\u041c\u0430\u0433\u0430\u0437\u0438\u043d Xstyle\" \/>\n<meta property=\"article:publisher\" content=\"https:\/\/www.facebook.com\/xstylemd\" \/>\n<meta property=\"article:modified_time\" content=\"2026-02-26T09:42:08+00:00\" \/>\n<meta property=\"og:image\" content=\"https:\/\/xstyle.md\/wp-content\/uploads\/2026\/01\/victorinox-altmont-original-standard-black-1.webp\" \/>\n\t<meta property=\"og:image:width\" content=\"1080\" \/>\n\t<meta property=\"og:image:height\" content=\"1080\" \/>\n\t<meta property=\"og:image:type\" content=\"image\/webp\" \/>\n<meta name=\"twitter:card\" content=\"summary_large_image\" \/>\n<meta name=\"twitter:label1\" content=\"Pre\u021b\" \/>\n\t<meta name=\"twitter:data1\" content=\"2.500&nbsp;MDL\" \/>\n\t<meta name=\"twitter:label2\" content=\"Disponibilitate\" \/>\n\t<meta name=\"twitter:data2\" content=\"\u00cen stoc\" \/>\n<script type=\"application\/ld+json\" class=\"yoast-schema-graph\">{\"@context\":\"https:\\\/\\\/schema.org\",\"@graph\":[{\"@type\":\"WebPage\",\"@id\":\"https:\\\/\\\/xstyle.md\\\/product\\\/ryukzak-victorinox-altmont-original-standard-black\\\/\",\"url\":\"https:\\\/\\\/xstyle.md\\\/product\\\/ryukzak-victorinox-altmont-original-standard-black\\\/\",\"name\":\"\u0420\u044e\u043a\u0437\u0430\u043a Victorinox Altmont Original Standard Black - \u041c\u0430\u0433\u0430\u0437\u0438\u043d Xstyle\",\"isPartOf\":{\"@id\":\"https:\\\/\\\/xstyle.md\\\/#website\"},\"primaryImageOfPage\":{\"@id\":\"https:\\\/\\\/xstyle.md\\\/product\\\/ryukzak-victorinox-altmont-original-standard-black\\\/#primaryimage\"},\"image\":{\"@id\":\"https:\\\/\\\/xstyle.md\\\/product\\\/ryukzak-victorinox-altmont-original-standard-black\\\/#primaryimage\"},\"thumbnailUrl\":\"https:\\\/\\\/xstyle.md\\\/wp-content\\\/uploads\\\/2026\\\/01\\\/victorinox-altmont-original-standard-black-1.webp\",\"datePublished\":\"2026-01-23T13:33:25+00:00\",\"dateModified\":\"2026-02-26T09:42:08+00:00\",\"breadcrumb\":{\"@id\":\"https:\\\/\\\/xstyle.md\\\/product\\\/ryukzak-victorinox-altmont-original-standard-black\\\/#breadcrumb\"},\"inLanguage\":\"ro-RO\",\"potentialAction\":[{\"@type\":\"ReadAction\",\"target\":[\"https:\\\/\\\/xstyle.md\\\/product\\\/ryukzak-victorinox-altmont-original-standard-black\\\/\"]}]},{\"@type\":\"ImageObject\",\"inLanguage\":\"ro-RO\",\"@id\":\"https:\\\/\\\/xstyle.md\\\/product\\\/ryukzak-victorinox-altmont-original-standard-black\\\/#primaryimage\",\"url\":\"https:\\\/\\\/xstyle.md\\\/wp-content\\\/uploads\\\/2026\\\/01\\\/victorinox-altmont-original-standard-black-1.webp\",\"contentUrl\":\"https:\\\/\\\/xstyle.md\\\/wp-content\\\/uploads\\\/2026\\\/01\\\/victorinox-altmont-original-standard-black-1.webp\",\"width\":1080,\"height\":1080,\"caption\":\"\u0420\u044e\u043a\u0437\u0430\u043a Victorinox Altmont Original Standard Black \u0434\u043b\u044f \u0430\u043a\u0442\u0438\u0432\u043d\u043e\u0433\u043e \u043e\u0442\u0434\u044b\u0445\u0430, \u043f\u043e\u0445\u043e\u0434\u043e\u0432, \u043f\u0443\u0442\u0435\u0448\u0435\u0441\u0442\u0432\u0438\u0439 \u0438 \u0433\u043e\u0440\u043d\u044b\u0445 \u043f\u043e\u0445\u043e\u0434\u043e\u0432 \u0441 \u043e\u0434\u0435\u0436\u0434\u043e\u0439 \u0438 \u043e\u0431\u0443\u0432\u044c\u044e \u0434\u043b\u044f \u0442\u0443\u0440\u0438\u0441\u0442\u043e\u0432 \u0438 \u043b\u044e\u0431\u0438\u0442\u0435\u043b\u0435\u0439 \u0430\u043a\u0442\u0438\u0432\u043d\u043e\u0433\u043e \u043e\u0431\u0440\u0430\u0437\u0430 \u0436\u0438\u0437\u043d\u0438\"},{\"@type\":\"BreadcrumbList\",\"@id\":\"https:\\\/\\\/xstyle.md\\\/product\\\/ryukzak-victorinox-altmont-original-standard-black\\\/#breadcrumb\",\"itemListElement\":[{\"@type\":\"ListItem\",\"position\":1,\"name\":\"\u0413\u043b\u0430\u0432\u043d\u0430\u044f \u0441\u0442\u0440\u0430\u043d\u0438\u0446\u0430\",\"item\":\"https:\\\/\\\/xstyle.md\\\/\"},{\"@type\":\"ListItem\",\"position\":2,\"name\":\"\u041c\u0430\u0433\u0430\u0437\u0438\u043d\",\"item\":\"https:\\\/\\\/xstyle.md\\\/shop\\\/\"},{\"@type\":\"ListItem\",\"position\":3,\"name\":\"\u0420\u044e\u043a\u0437\u0430\u043a Victorinox Altmont Original Standard Black\"}]},{\"@type\":\"WebSite\",\"@id\":\"https:\\\/\\\/xstyle.md\\\/#website\",\"url\":\"https:\\\/\\\/xstyle.md\\\/\",\"name\":\"\u041c\u0430\u0433\u0430\u0437\u0438\u043d Xstyle\",\"description\":\"C\u043d\u0430\u0440\u044f\u0436\u0435\u043d\u0438\u0435 \u0434\u043b\u044f \u0442\u0443\u0440\u0438\u0437\u043c\u0430 \u0438 \u044d\u043a\u0441\u0442\u0440\u0435\u043c\u0430\u043b\u044c\u043d\u044b\u0445 \u0432\u0438\u0434\u043e\u0432 \u0441\u043f\u043e\u0440\u0442\u0430 \u0432 \u041c\u043e\u043b\u0434\u043e\u0432\u0435.. \u0426\u0435\u043d\u044b, \u0444\u043e\u0442\u043e, \u0445\u0430\u0440\u0430\u043a\u0442\u0435\u0440\u0438\u0441\u0442\u0438\u043a\u0438 \u0432 \u041c\u043e\u043b\u0434\u043e\u0432\u0435.\",\"publisher\":{\"@id\":\"https:\\\/\\\/xstyle.md\\\/#organization\"},\"alternateName\":\"X-Style\",\"potentialAction\":[{\"@type\":\"SearchAction\",\"target\":{\"@type\":\"EntryPoint\",\"urlTemplate\":\"https:\\\/\\\/xstyle.md\\\/?s={search_term_string}\"},\"query-input\":{\"@type\":\"PropertyValueSpecification\",\"valueRequired\":true,\"valueName\":\"search_term_string\"}}],\"inLanguage\":\"ro-RO\"},{\"@type\":\"Organization\",\"@id\":\"https:\\\/\\\/xstyle.md\\\/#organization\",\"name\":\"\u041c\u0430\u0433\u0430\u0437\u0438\u043d Xstyle\",\"alternateName\":\"x-style\",\"url\":\"https:\\\/\\\/xstyle.md\\\/\",\"logo\":{\"@type\":\"ImageObject\",\"inLanguage\":\"ro-RO\",\"@id\":\"https:\\\/\\\/xstyle.md\\\/#\\\/schema\\\/logo\\\/image\\\/\",\"url\":\"https:\\\/\\\/xstyle.md\\\/wp-content\\\/uploads\\\/2020\\\/06\\\/logoicon.svg\",\"contentUrl\":\"https:\\\/\\\/xstyle.md\\\/wp-content\\\/uploads\\\/2020\\\/06\\\/logoicon.svg\",\"caption\":\"\u041c\u0430\u0433\u0430\u0437\u0438\u043d Xstyle\"},\"image\":{\"@id\":\"https:\\\/\\\/xstyle.md\\\/#\\\/schema\\\/logo\\\/image\\\/\"},\"sameAs\":[\"https:\\\/\\\/www.facebook.com\\\/xstylemd\",\"https:\\\/\\\/www.instagram.com\\\/xstyle_md\\\/\",\"https:\\\/\\\/t.me\\\/xstyle_outdoor\"],\"hasMerchantReturnPolicy\":{\"@type\":\"MerchantReturnPolicy\",\"merchantReturnLink\":\"https:\\\/\\\/xstyle.md\\\/ro\\\/conditions\\\/\"}}]}<\/script>\n<meta property=\"product:price:amount\" content=\"2500.00\" \/>\n<meta property=\"product:price:currency\" content=\"MDL\" \/>\n<meta property=\"og:availability\" content=\"instock\" \/>\n<meta property=\"product:availability\" content=\"instock\" \/>\n<meta property=\"product:retailer_item_id\" content=\"606736\" \/>\n<meta property=\"product:condition\" content=\"new\" \/>\n<!-- \/ Yoast SEO plugin. -->","yoast_head_json":{"title":"\u0420\u044e\u043a\u0437\u0430\u043a Victorinox Altmont Original Standard Black - \u041c\u0430\u0433\u0430\u0437\u0438\u043d Xstyle","robots":{"index":"index","follow":"follow","max-snippet":"max-snippet:-1","max-image-preview":"max-image-preview:large","max-video-preview":"max-video-preview:-1"},"canonical":"https:\/\/xstyle.md\/ro\/produs\/ryukzak-victorinox-altmont-original-standard-black\/","og_locale":"ro_RO","og_type":"article","og_title":"\u0420\u044e\u043a\u0437\u0430\u043a Victorinox Altmont Original Standard Black - \u041c\u0430\u0433\u0430\u0437\u0438\u043d Xstyle","og_description":"\u0411\u0440\u0435\u043d\u0434 \u041a\u043e\u043c\u043f\u0430\u043d\u0438\u044f Victorinox \u0437\u0430\u043d\u0438\u043c\u0430\u0435\u0442\u0441\u044f \u043f\u0440\u043e\u0438\u0437\u0432\u043e\u0434\u0441\u0442\u0432\u043e\u043c \u0438 \u043f\u0440\u043e\u0434\u0430\u0436\u0435\u0439 \u0443\u043d\u0438\u043a\u0430\u043b\u044c\u043d\u043e\u0439 \u0432\u044b\u0441\u043e\u043a\u043e\u043a\u0430\u0447\u0435\u0441\u0442\u0432\u0435\u043d\u043d\u043e\u0439 \u043f\u0440\u043e\u0434\u0443\u043a\u0446\u0438\u0438 \u0434\u043b\u044f \u0440\u0430\u0437\u043b\u0438\u0447\u043d\u044b\u0445 \u0441\u0444\u0435\u0440 \u0436\u0438\u0437\u043d\u0438. \u0412 \u0430\u0441\u0441\u043e\u0440\u0442\u0438\u043c\u0435\u043d\u0442 \u0432\u0445\u043e\u0434\u044f\u0442 \u0448\u0432\u0435\u0439\u0446\u0430\u0440\u0441\u043a\u0438\u0435 \u0430\u0440\u043c\u0435\u0439\u0441\u043a\u0438\u0435 \u043d\u043e\u0436\u0438, \u043a\u0443\u0445\u043e\u043d\u043d\u044b\u0435 \u043d\u043e\u0436\u0438 \u0438 \u0441\u0442\u043e\u043b\u043e\u0432\u044b\u0435 \u043f\u0440\u0438\u0431\u043e\u0440\u044b, \u0447\u0430\u0441\u044b, \u0442\u0443\u0440\u0438\u0441\u0442\u0438\u0447\u0435\u0441\u043a\u043e\u0435 \u0441\u043d\u0430\u0440\u044f\u0436\u0435\u043d\u0438\u0435 \u0438 \u043f\u0430\u0440\u0444\u044e\u043c\u0435\u0440\u0438\u044f. \u0413\u043e\u043b\u043e\u0432\u043d\u043e\u0439 \u043e\u0444\u0438\u0441 \u043a\u043e\u043c\u043f\u0430\u043d\u0438\u0438 \u043d\u0430\u0445\u043e\u0434\u0438\u0442\u0441\u044f \u0432 \u0441\u0430\u043c\u043e\u043c \u0441\u0435\u0440\u0434\u0446\u0435 \u0428\u0432\u0435\u0439\u0446\u0430\u0440\u0438\u0438 \u2014 \u0433\u043e\u0440\u043e\u0434\u0435 \u0418\u0431\u0430\u0445 (\u043e\u043a\u0440\u0443\u0433 \u0428\u0432\u0438\u0446). \u0418\u043c\u0435\u043d\u043d\u043e \u0437\u0434\u0435\u0441\u044c \u043e\u0441\u043d\u043e\u0432\u0430\u0442\u0435\u043b\u044c \u043a\u043e\u043c\u043f\u0430\u043d\u0438\u0438 \u041a\u0430\u0440\u043b \u042d\u043b\u044c\u0437\u0435\u043d\u0435\u0440 \u043d\u0430\u0447\u0430\u043b \u0441\u0432\u043e\u0439 \u0431\u0438\u0437\u043d\u0435\u0441 \u2014 \u043f\u0440\u043e\u0438\u0437\u0432\u043e\u0434\u0441\u0442\u0432\u043e \u043d\u043e\u0436\u0435\u0432\u044b\u0445 [&hellip;]","og_url":"https:\/\/xstyle.md\/ro\/produs\/ryukzak-victorinox-altmont-original-standard-black\/","og_site_name":"\u041c\u0430\u0433\u0430\u0437\u0438\u043d Xstyle","article_publisher":"https:\/\/www.facebook.com\/xstylemd","article_modified_time":"2026-02-26T09:42:08+00:00","og_image":[{"width":1080,"height":1080,"url":"https:\/\/xstyle.md\/wp-content\/uploads\/2026\/01\/victorinox-altmont-original-standard-black-1.webp","type":"image\/webp"}],"twitter_card":"summary_large_image","twitter_misc":{"Pre\u021b":"2.500&nbsp;MDL","Disponibilitate":"\u00cen stoc"},"schema":{"@context":"https:\/\/schema.org","@graph":[{"@type":"WebPage","@id":"https:\/\/xstyle.md\/product\/ryukzak-victorinox-altmont-original-standard-black\/","url":"https:\/\/xstyle.md\/product\/ryukzak-victorinox-altmont-original-standard-black\/","name":"\u0420\u044e\u043a\u0437\u0430\u043a Victorinox Altmont Original Standard Black - \u041c\u0430\u0433\u0430\u0437\u0438\u043d Xstyle","isPartOf":{"@id":"https:\/\/xstyle.md\/#website"},"primaryImageOfPage":{"@id":"https:\/\/xstyle.md\/product\/ryukzak-victorinox-altmont-original-standard-black\/#primaryimage"},"image":{"@id":"https:\/\/xstyle.md\/product\/ryukzak-victorinox-altmont-original-standard-black\/#primaryimage"},"thumbnailUrl":"https:\/\/xstyle.md\/wp-content\/uploads\/2026\/01\/victorinox-altmont-original-standard-black-1.webp","datePublished":"2026-01-23T13:33:25+00:00","dateModified":"2026-02-26T09:42:08+00:00","breadcrumb":{"@id":"https:\/\/xstyle.md\/product\/ryukzak-victorinox-altmont-original-standard-black\/#breadcrumb"},"inLanguage":"ro-RO","potentialAction":[{"@type":"ReadAction","target":["https:\/\/xstyle.md\/product\/ryukzak-victorinox-altmont-original-standard-black\/"]}]},{"@type":"ImageObject","inLanguage":"ro-RO","@id":"https:\/\/xstyle.md\/product\/ryukzak-victorinox-altmont-original-standard-black\/#primaryimage","url":"https:\/\/xstyle.md\/wp-content\/uploads\/2026\/01\/victorinox-altmont-original-standard-black-1.webp","contentUrl":"https:\/\/xstyle.md\/wp-content\/uploads\/2026\/01\/victorinox-altmont-original-standard-black-1.webp","width":1080,"height":1080,"caption":"\u0420\u044e\u043a\u0437\u0430\u043a Victorinox Altmont Original Standard Black \u0434\u043b\u044f \u0430\u043a\u0442\u0438\u0432\u043d\u043e\u0433\u043e \u043e\u0442\u0434\u044b\u0445\u0430, \u043f\u043e\u0445\u043e\u0434\u043e\u0432, \u043f\u0443\u0442\u0435\u0448\u0435\u0441\u0442\u0432\u0438\u0439 \u0438 \u0433\u043e\u0440\u043d\u044b\u0445 \u043f\u043e\u0445\u043e\u0434\u043e\u0432 \u0441 \u043e\u0434\u0435\u0436\u0434\u043e\u0439 \u0438 \u043e\u0431\u0443\u0432\u044c\u044e \u0434\u043b\u044f \u0442\u0443\u0440\u0438\u0441\u0442\u043e\u0432 \u0438 \u043b\u044e\u0431\u0438\u0442\u0435\u043b\u0435\u0439 \u0430\u043a\u0442\u0438\u0432\u043d\u043e\u0433\u043e \u043e\u0431\u0440\u0430\u0437\u0430 \u0436\u0438\u0437\u043d\u0438"},{"@type":"BreadcrumbList","@id":"https:\/\/xstyle.md\/product\/ryukzak-victorinox-altmont-original-standard-black\/#breadcrumb","itemListElement":[{"@type":"ListItem","position":1,"name":"\u0413\u043b\u0430\u0432\u043d\u0430\u044f \u0441\u0442\u0440\u0430\u043d\u0438\u0446\u0430","item":"https:\/\/xstyle.md\/"},{"@type":"ListItem","position":2,"name":"\u041c\u0430\u0433\u0430\u0437\u0438\u043d","item":"https:\/\/xstyle.md\/shop\/"},{"@type":"ListItem","position":3,"name":"\u0420\u044e\u043a\u0437\u0430\u043a Victorinox Altmont Original Standard Black"}]},{"@type":"WebSite","@id":"https:\/\/xstyle.md\/#website","url":"https:\/\/xstyle.md\/","name":"Magazinul X-Style","description":"Echipamente pentru turism \u0219i sporturi extreme \u00een Moldova. Pre\u021buri, fotografii, caracteristici \u00een Moldova.","publisher":{"@id":"https:\/\/xstyle.md\/#organization"},"alternateName":"X-Style","potentialAction":[{"@type":"SearchAction","target":{"@type":"EntryPoint","urlTemplate":"https:\/\/xstyle.md\/?s={search_term_string}"},"query-input":{"@type":"PropertyValueSpecification","valueRequired":true,"valueName":"search_term_string"}}],"inLanguage":"ro-RO"},{"@type":"Organization","@id":"https:\/\/xstyle.md\/#organization","name":"Magazinul X-Style","alternateName":"x-style","url":"https:\/\/xstyle.md\/","logo":{"@type":"ImageObject","inLanguage":"ro-RO","@id":"https:\/\/xstyle.md\/#\/schema\/logo\/image\/","url":"https:\/\/xstyle.md\/wp-content\/uploads\/2020\/06\/logoicon.svg","contentUrl":"https:\/\/xstyle.md\/wp-content\/uploads\/2020\/06\/logoicon.svg","caption":"\u041c\u0430\u0433\u0430\u0437\u0438\u043d Xstyle"},"image":{"@id":"https:\/\/xstyle.md\/#\/schema\/logo\/image\/"},"sameAs":["https:\/\/www.facebook.com\/xstylemd","https:\/\/www.instagram.com\/xstyle_md\/","https:\/\/t.me\/xstyle_outdoor"],"hasMerchantReturnPolicy":{"@type":"MerchantReturnPolicy","merchantReturnLink":"https:\/\/xstyle.md\/ro\/conditions\/"}}]},"product_price_amount":"2500.00","product_price_currency":"MDL","og_availability":"instock","product_availability":"instock","product_retailer_item_id":"606736","product_condition":"new"},"post_mailing_queue_ids":[],"_links":{"self":[{"href":"https:\/\/xstyle.md\/ro\/wp-json\/wp\/v2\/product\/99769","targetHints":{"allow":["GET"]}}],"collection":[{"href":"https:\/\/xstyle.md\/ro\/wp-json\/wp\/v2\/product"}],"about":[{"href":"https:\/\/xstyle.md\/ro\/wp-json\/wp\/v2\/types\/product"}],"replies":[{"embeddable":true,"href":"https:\/\/xstyle.md\/ro\/wp-json\/wp\/v2\/comments?post=99769"}],"wp:featuredmedia":[{"embeddable":true,"href":"https:\/\/xstyle.md\/ro\/wp-json\/wp\/v2\/media\/100125"}],"wp:attachment":[{"href":"https:\/\/xstyle.md\/ro\/wp-json\/wp\/v2\/media?parent=99769"}],"wp:term":[{"taxonomy":"product_brand","embeddable":true,"href":"https:\/\/xstyle.md\/ro\/wp-json\/wp\/v2\/product_brand?post=99769"},{"taxonomy":"product_cat","embeddable":true,"href":"https:\/\/xstyle.md\/ro\/wp-json\/wp\/v2\/product_cat?post=99769"},{"taxonomy":"product_tag","embeddable":true,"href":"https:\/\/xstyle.md\/ro\/wp-json\/wp\/v2\/product_tag?post=99769"}],"curies":[{"name":"wp","href":"https:\/\/api.w.org\/{rel}","templated":true}]}}