{"id":99515,"date":"2026-01-14T14:26:57","date_gmt":"2026-01-14T11:26:57","guid":{"rendered":"https:\/\/xstyle.md\/?post_type=product&#038;p=99515"},"modified":"2026-03-24T13:47:21","modified_gmt":"2026-03-24T10:47:21","slug":"kurtka-rab-mythic-ultra-mns-marmalade","status":"publish","type":"product","link":"https:\/\/xstyle.md\/ro\/produs\/kurtka-rab-mythic-ultra-mns-marmalade\/","title":{"rendered":"Geac\u0103 Rab Mythic Ultra Mns marmalade"},"content":{"rendered":"<\/p>\n<p><strong>Rab Mythic Ultra Mns marmalade<\/strong> &#8212; reprezint\u0103 apogeul inova\u021biei \u00een domeniul \u00eembr\u0103c\u0103mintei din puf. Jacheta este creat\u0103 pentru alpini\u0219ti \u0219i sportivi care au nevoie de c\u0103ldur\u0103 extrem\u0103 la o greutate minim\u0103 posibil\u0103. Caracteristica principal\u0103 a acestui model este utilizarea tehnologiei TILT, care reflect\u0103 c\u0103ldura corpului \u00eenapoi c\u0103tre utilizator, \u00een combina\u021bie cu puful de cea mai \u00eenalt\u0103 calitate 900FP. Este alegerea ideal\u0103 pentru alpinism de iarn\u0103 \u0219i ascensiuni la mare altitudine.<\/p>\n<h3>Particularit\u0103\u021bi<\/h3>\n<ul>\n<li>Stratul interior al \u021bes\u0103turii este acoperit cu un strat ultra-sub\u021bire de aluminiu care reflect\u0103 radia\u021bia infraro\u0219ie a corpului, cresc\u00e2nd izolarea termic\u0103 f\u0103r\u0103 a ad\u0103uga greutate<\/li>\n<li>Materialul exterior Pertex\u00ae Quantum 10D este incredibil de u\u0219or, dar re\u021bine eficient puful \u0219i protejeaz\u0103 \u00eempotriva v\u00e2ntului<\/li>\n<li>Construc\u021bia special\u0103 a pachetelor de puf cu pere\u021bi desp\u0103r\u021bitori decala\u021bi elimin\u0103 \u201ezonele reci\u201d, asigur\u00e2nd o c\u0103ldur\u0103 uniform\u0103<\/li>\n<li>Glug\u0103 complet reglabil\u0103, cu cozoroc rigid, compatibil\u0103 cu casca, izolat\u0103 cu puf \u0219i dotat\u0103 cu tehnologia TILT<\/li>\n<li>Coate preformate pentru libertate de mi\u0219care \u00een timpul escaladei \u0219i fermoar central YKK\u00ae VISLON\u00ae cu dublu sens pentru acces facil la hamul de asigurare<\/li>\n<\/ul>\n<h3>Caracteristici<\/h3>\n<ul>\n<li>Izola\u021bie &#8212; Puf de g\u00e2sc\u0103 european 900FP cu tratament hidrofob Nikwax<\/li>\n<li>Material exterior &#8212; 10D Recycled Pertex\u00ae Quantum (28 g\/m\u00b2) cu tratament DWR<\/li>\n<li>C\u0103ptu\u0219eal\u0103 &#8212; 10D Recycled Nylon cu tehnologie TILT<\/li>\n<li>Croial\u0103 &#8212; Regular Fit (standard)<\/li>\n<\/ul>\n<h3>Tehnologii<\/h3>\n<ul>\n<li><strong>900FP European Goose Down<\/strong> &#8212; puf de cea mai \u00eenalt\u0103 calitate, cu o capacitate incredibil\u0103 de expansiune \u0219i reten\u021bie a c\u0103ldurii.<\/li>\n<li><strong>TILT Technology<\/strong> &#8212; strat inovator care reduce pierderile de c\u0103ldur\u0103 prin radia\u021bie termic\u0103.<\/li>\n<li><strong>Nikwax<\/strong>\u00ae<strong> Hydrophobic Down<\/strong> &#8212; izola\u021bie special aplicat pufului, datorit\u0103 c\u0103ruia acesta absoarbe mai pu\u021bin\u0103 umiditate \u0219i se usuc\u0103 mai repede.<\/li>\n<\/ul>\n<p><\/p>\n<h3>Marca<\/h3>\n<p>Rab -  este un produc\u0103tor britanic de \u00eembr\u0103c\u0103minte \u0219i echipament pentru escalad\u0103 \u0219i alpinism, al c\u0103rui punct forte \u00eel reprezint\u0103 \u00eembr\u0103c\u0103mintea tehnic\u0103 sportiv\u0103 de \u00eenalt\u0103 calitate, izolarea cu puf \u0219i accesoriile pentru cap. Balaclavele acestui produc\u0103tor, de exemplu, sunt printre cele mai bune de pe pia\u021b\u0103, iar sacii de dormit se remarc\u0103, de asemenea, prin designul lor extrem de bine g\u00e2ndit.<\/p>\n<p>Compania a fost fondat\u0103 \u00een 1981 de c\u0103tre Rab Carrington, alpinist sco\u021bian de top. Baz\u00e2ndu-se pe propria sa experien\u021b\u0103 \u00een numeroase expedi\u021bii, Carrington a creat \u00eembr\u0103c\u0103minte care s\u0103 ofere confort, protec\u021bie \u0219i libertate \u00een mun\u021bi, \u00een drume\u021bii, c\u0103\u021b\u0103r\u0103ri sau alpinism.<\/p>\n<p>Jachetele de puf, sacii de dormit \u0219i hainele de expedi\u021bie Rab sunt fabricate din puf european de g\u00e2sc\u0103 \u0219i ra\u021b\u0103, provenit din surse etice \u0219i certificat Responsible Down. O impregnare hidrofug\u0103 f\u0103r\u0103 fluorocarburi numit\u0103 Nikwax este, de asemenea, aplicat\u0103 pufului folosit \u00een haine \u0219i saci de dormit pentru a le \u00eempiedica s\u0103 se \u00eencarce cu ap\u0103. \u00cen plus, se folosesc \u0219i materiale sintetice de \u00eenalt\u0103 calitate pentru izolare. \u00cembr\u0103c\u0103mintea Rab a devenit \"sinonim\u0103 cu produsele din puf de \u00eenalt\u0103 calitate\".<\/p>","protected":false},"excerpt":{"rendered":"<p>\u0411\u0440\u0435\u043d\u0434 Rab \u2014 \u0431\u0440\u0438\u0442\u0430\u043d\u0441\u043a\u0438\u0439 \u043f\u0440\u043e\u0438\u0437\u0432\u043e\u0434\u0438\u0442\u0435\u043b\u044c \u043e\u0434\u0435\u0436\u0434\u044b \u0438 \u0441\u043d\u0430\u0440\u044f\u0436\u0435\u043d\u0438\u044f \u0434\u043b\u044f \u0441\u043a\u0430\u043b\u043e\u043b\u0430\u0437\u0430\u043d\u0438\u044f \u0438 \u0430\u043b\u044c\u043f\u0438\u043d\u0438\u0437\u043c\u0430, \u0447\u0435\u0439 \u043a\u043e\u043d\u0435\u043a \u2014 \u043a\u0430\u0447\u0435\u0441\u0442\u0432\u0435\u043d\u043d\u0430\u044f \u0438 \u0442\u0435\u0445\u043d\u043e\u043b\u043e\u0433\u0438\u0447\u043d\u0430\u044f \u0441\u043f\u043e\u0440\u0442\u0438\u0432\u043d\u0430\u044f \u0442\u0435\u0445\u043d\u0438\u0447\u0435\u0441\u043a\u0430\u044f \u043e\u0434\u0435\u0436\u0434\u0430, \u043f\u0443\u0445\u043e\u0432\u044b\u0439 \u0443\u0442\u0435\u043f\u043b\u0438\u0442\u0435\u043b\u044c \u0438 \u0433\u043e\u043b\u043e\u0432\u043d\u044b\u0435 \u0443\u0431\u043e\u0440\u044b. \u0411\u0430\u043b\u0430\u043a\u043b\u0430\u0432\u044b \u044d\u0442\u043e\u0433\u043e \u043f\u0440\u043e\u0438\u0437\u0432\u043e\u0434\u0438\u0442\u0435\u043b\u044f, \u043a \u043f\u0440\u0438\u043c\u0435\u0440\u0443, \u043e\u0434\u043d\u0438 \u0438\u0437 \u043b\u0443\u0447\u0448\u0438\u0445 \u043e\u0431\u0440\u0430\u0437\u0446\u043e\u0432 \u043d\u0430 \u0440\u044b\u043d\u043a\u0435, \u0441\u043f\u0430\u043b\u044c\u043d\u044b\u0435 \u043c\u0435\u0448\u043a\u0438 \u0442\u0430\u043a\u0436\u0435 \u044f\u0440\u043a\u043e \u0432\u044b\u0434\u0435\u043b\u044f\u044e\u0442\u0441\u044f \u043f\u0440\u043e\u0434\u0443\u043c\u0430\u043d\u043d\u043e\u0441\u0442\u044c\u044e. \u041a\u043e\u043c\u043f\u0430\u043d\u0438\u044f \u043e\u0441\u043d\u043e\u0432\u0430\u043d\u0430 \u0432 1981 \u0433\u043e\u0434\u0443 \u0432\u0435\u0434\u0443\u0449\u0438\u043c \u0448\u043e\u0442\u043b\u0430\u043d\u0434\u0441\u043a\u0438\u043c \u0430\u043b\u044c\u043f\u0438\u043d\u0438\u0441\u0442\u043e\u043c \u0420\u0430\u0431\u043e\u043c \u041a\u044d\u0440\u0440\u0438\u043d\u0433\u0442\u043e\u043d\u043e\u043c. \u041f\u043e\u043b\u0430\u0433\u0430\u044f\u0441\u044c \u043d\u0430 [&hellip;]<\/p>\n","protected":false},"featured_media":104046,"comment_status":"open","ping_status":"closed","template":"","meta":{"_acf_changed":false,"inline_featured_image":false},"product_brand":[1442],"product_cat":[391],"product_tag":[],"class_list":{"0":"post-99515","1":"product","2":"type-product","3":"status-publish","4":"has-post-thumbnail","6":"product_brand-rab","7":"product_cat-down-jackets-barbati","9":"first","10":"instock","11":"shipping-taxable","12":"purchasable","13":"product-type-simple"},"acf":[],"yoast_head":"<!-- This site is optimized with the Yoast SEO plugin v27.4 - https:\/\/yoast.com\/product\/yoast-seo-wordpress\/ -->\n<title>\u041a\u0443\u0440\u0442\u043a\u0430 Rab Mythic Ultra Mns marmalade - \u041c\u0430\u0433\u0430\u0437\u0438\u043d Xstyle<\/title>\n<meta name=\"robots\" content=\"index, follow, max-snippet:-1, max-image-preview:large, max-video-preview:-1\" \/>\n<link rel=\"canonical\" href=\"https:\/\/xstyle.md\/ro\/produs\/kurtka-rab-mythic-ultra-mns-marmalade\/\" \/>\n<meta property=\"og:locale\" content=\"ro_RO\" \/>\n<meta property=\"og:type\" content=\"article\" \/>\n<meta property=\"og:title\" content=\"\u041a\u0443\u0440\u0442\u043a\u0430 Rab Mythic Ultra Mns marmalade - \u041c\u0430\u0433\u0430\u0437\u0438\u043d Xstyle\" \/>\n<meta property=\"og:description\" content=\"\u0411\u0440\u0435\u043d\u0434 Rab \u2014 \u0431\u0440\u0438\u0442\u0430\u043d\u0441\u043a\u0438\u0439 \u043f\u0440\u043e\u0438\u0437\u0432\u043e\u0434\u0438\u0442\u0435\u043b\u044c \u043e\u0434\u0435\u0436\u0434\u044b \u0438 \u0441\u043d\u0430\u0440\u044f\u0436\u0435\u043d\u0438\u044f \u0434\u043b\u044f \u0441\u043a\u0430\u043b\u043e\u043b\u0430\u0437\u0430\u043d\u0438\u044f \u0438 \u0430\u043b\u044c\u043f\u0438\u043d\u0438\u0437\u043c\u0430, \u0447\u0435\u0439 \u043a\u043e\u043d\u0435\u043a \u2014 \u043a\u0430\u0447\u0435\u0441\u0442\u0432\u0435\u043d\u043d\u0430\u044f \u0438 \u0442\u0435\u0445\u043d\u043e\u043b\u043e\u0433\u0438\u0447\u043d\u0430\u044f \u0441\u043f\u043e\u0440\u0442\u0438\u0432\u043d\u0430\u044f \u0442\u0435\u0445\u043d\u0438\u0447\u0435\u0441\u043a\u0430\u044f \u043e\u0434\u0435\u0436\u0434\u0430, \u043f\u0443\u0445\u043e\u0432\u044b\u0439 \u0443\u0442\u0435\u043f\u043b\u0438\u0442\u0435\u043b\u044c \u0438 \u0433\u043e\u043b\u043e\u0432\u043d\u044b\u0435 \u0443\u0431\u043e\u0440\u044b. \u0411\u0430\u043b\u0430\u043a\u043b\u0430\u0432\u044b \u044d\u0442\u043e\u0433\u043e \u043f\u0440\u043e\u0438\u0437\u0432\u043e\u0434\u0438\u0442\u0435\u043b\u044f, \u043a \u043f\u0440\u0438\u043c\u0435\u0440\u0443, \u043e\u0434\u043d\u0438 \u0438\u0437 \u043b\u0443\u0447\u0448\u0438\u0445 \u043e\u0431\u0440\u0430\u0437\u0446\u043e\u0432 \u043d\u0430 \u0440\u044b\u043d\u043a\u0435, \u0441\u043f\u0430\u043b\u044c\u043d\u044b\u0435 \u043c\u0435\u0448\u043a\u0438 \u0442\u0430\u043a\u0436\u0435 \u044f\u0440\u043a\u043e \u0432\u044b\u0434\u0435\u043b\u044f\u044e\u0442\u0441\u044f \u043f\u0440\u043e\u0434\u0443\u043c\u0430\u043d\u043d\u043e\u0441\u0442\u044c\u044e. \u041a\u043e\u043c\u043f\u0430\u043d\u0438\u044f \u043e\u0441\u043d\u043e\u0432\u0430\u043d\u0430 \u0432 1981 \u0433\u043e\u0434\u0443 \u0432\u0435\u0434\u0443\u0449\u0438\u043c \u0448\u043e\u0442\u043b\u0430\u043d\u0434\u0441\u043a\u0438\u043c \u0430\u043b\u044c\u043f\u0438\u043d\u0438\u0441\u0442\u043e\u043c \u0420\u0430\u0431\u043e\u043c \u041a\u044d\u0440\u0440\u0438\u043d\u0433\u0442\u043e\u043d\u043e\u043c. \u041f\u043e\u043b\u0430\u0433\u0430\u044f\u0441\u044c \u043d\u0430 [&hellip;]\" \/>\n<meta property=\"og:url\" content=\"https:\/\/xstyle.md\/ro\/produs\/kurtka-rab-mythic-ultra-mns-marmalade\/\" \/>\n<meta property=\"og:site_name\" content=\"\u041c\u0430\u0433\u0430\u0437\u0438\u043d Xstyle\" \/>\n<meta property=\"article:publisher\" content=\"https:\/\/www.facebook.com\/xstylemd\" \/>\n<meta property=\"article:modified_time\" content=\"2026-03-24T10:47:21+00:00\" \/>\n<meta property=\"og:image\" content=\"https:\/\/xstyle.md\/wp-content\/uploads\/2026\/01\/rab-mythic-ultra-mns-marmalade.webp\" \/>\n\t<meta property=\"og:image:width\" content=\"1200\" \/>\n\t<meta property=\"og:image:height\" content=\"1200\" \/>\n\t<meta property=\"og:image:type\" content=\"image\/webp\" \/>\n<meta name=\"twitter:card\" content=\"summary_large_image\" \/>\n<meta name=\"twitter:label1\" content=\"Pre\u021b\" \/>\n\t<meta name=\"twitter:data1\" content=\"7.790&nbsp;MDL\" \/>\n\t<meta name=\"twitter:label2\" content=\"Disponibilitate\" \/>\n\t<meta name=\"twitter:data2\" content=\"\u00cen stoc\" \/>\n<script type=\"application\/ld+json\" class=\"yoast-schema-graph\">{\"@context\":\"https:\\\/\\\/schema.org\",\"@graph\":[{\"@type\":\"WebPage\",\"@id\":\"https:\\\/\\\/xstyle.md\\\/product\\\/kurtka-rab-mythic-ultra-mns-marmalade\\\/\",\"url\":\"https:\\\/\\\/xstyle.md\\\/product\\\/kurtka-rab-mythic-ultra-mns-marmalade\\\/\",\"name\":\"\u041a\u0443\u0440\u0442\u043a\u0430 Rab Mythic Ultra Mns marmalade - \u041c\u0430\u0433\u0430\u0437\u0438\u043d Xstyle\",\"isPartOf\":{\"@id\":\"https:\\\/\\\/xstyle.md\\\/#website\"},\"primaryImageOfPage\":{\"@id\":\"https:\\\/\\\/xstyle.md\\\/product\\\/kurtka-rab-mythic-ultra-mns-marmalade\\\/#primaryimage\"},\"image\":{\"@id\":\"https:\\\/\\\/xstyle.md\\\/product\\\/kurtka-rab-mythic-ultra-mns-marmalade\\\/#primaryimage\"},\"thumbnailUrl\":\"https:\\\/\\\/xstyle.md\\\/wp-content\\\/uploads\\\/2026\\\/01\\\/rab-mythic-ultra-mns-marmalade.webp\",\"datePublished\":\"2026-01-14T11:26:57+00:00\",\"dateModified\":\"2026-03-24T10:47:21+00:00\",\"breadcrumb\":{\"@id\":\"https:\\\/\\\/xstyle.md\\\/product\\\/kurtka-rab-mythic-ultra-mns-marmalade\\\/#breadcrumb\"},\"inLanguage\":\"ro-RO\",\"potentialAction\":[{\"@type\":\"ReadAction\",\"target\":[\"https:\\\/\\\/xstyle.md\\\/product\\\/kurtka-rab-mythic-ultra-mns-marmalade\\\/\"]}]},{\"@type\":\"ImageObject\",\"inLanguage\":\"ro-RO\",\"@id\":\"https:\\\/\\\/xstyle.md\\\/product\\\/kurtka-rab-mythic-ultra-mns-marmalade\\\/#primaryimage\",\"url\":\"https:\\\/\\\/xstyle.md\\\/wp-content\\\/uploads\\\/2026\\\/01\\\/rab-mythic-ultra-mns-marmalade.webp\",\"contentUrl\":\"https:\\\/\\\/xstyle.md\\\/wp-content\\\/uploads\\\/2026\\\/01\\\/rab-mythic-ultra-mns-marmalade.webp\",\"width\":1200,\"height\":1200,\"caption\":\"\u0422\u0435\u043f\u043b\u0430\u044f \u0430\u043a\u0442\u0438\u0432\u043d\u0430\u044f \u043c\u0443\u0436\u0441\u043a\u0430\u044f \u043a\u0443\u0440\u0442\u043a\u0430 Rab Mythic Ultra Mns \u0434\u043b\u044f \u043f\u043e\u0445\u043e\u0434\u043e\u0432 \u0438 \u043f\u0443\u0442\u0435\u0448\u0435\u0441\u0442\u0432\u0438\u0439, \u043e\u0434\u0435\u0436\u0434\u0430 \u0434\u043b\u044f \u0430\u043b\u044c\u043f\u0438\u043d\u0438\u0437\u043c\u0430 \u0438 outdoor, \u043e\u0431\u0443\u0432\u044c \u0438 \u044d\u043a\u0438\u043f\u0438\u0440\u043e\u0432\u043a\u0430 \u0434\u043b\u044f \u0432\u043e\u0441\u0445\u043e\u0436\u0434\u0435\u043d\u0438\u0439 \u0438 \u0430\u043a\u0442\u0438\u0432\u043d\u043e\u0433\u043e \u043e\u0442\u0434\u044b\u0445\u0430 \u0432 \u0438\u043d\u0442\u0435\u0440\u043d\u0435\u0442-\u043c\u0430\u0433\u0430\u0437\u0438\u043d\u0435\"},{\"@type\":\"BreadcrumbList\",\"@id\":\"https:\\\/\\\/xstyle.md\\\/product\\\/kurtka-rab-mythic-ultra-mns-marmalade\\\/#breadcrumb\",\"itemListElement\":[{\"@type\":\"ListItem\",\"position\":1,\"name\":\"\u0413\u043b\u0430\u0432\u043d\u0430\u044f \u0441\u0442\u0440\u0430\u043d\u0438\u0446\u0430\",\"item\":\"https:\\\/\\\/xstyle.md\\\/\"},{\"@type\":\"ListItem\",\"position\":2,\"name\":\"\u041c\u0430\u0433\u0430\u0437\u0438\u043d\",\"item\":\"https:\\\/\\\/xstyle.md\\\/shop\\\/\"},{\"@type\":\"ListItem\",\"position\":3,\"name\":\"\u041a\u0443\u0440\u0442\u043a\u0430 Rab Mythic Ultra Mns marmalade\"}]},{\"@type\":\"WebSite\",\"@id\":\"https:\\\/\\\/xstyle.md\\\/#website\",\"url\":\"https:\\\/\\\/xstyle.md\\\/\",\"name\":\"\u041c\u0430\u0433\u0430\u0437\u0438\u043d Xstyle\",\"description\":\"C\u043d\u0430\u0440\u044f\u0436\u0435\u043d\u0438\u0435 \u0434\u043b\u044f \u0442\u0443\u0440\u0438\u0437\u043c\u0430 \u0438 \u044d\u043a\u0441\u0442\u0440\u0435\u043c\u0430\u043b\u044c\u043d\u044b\u0445 \u0432\u0438\u0434\u043e\u0432 \u0441\u043f\u043e\u0440\u0442\u0430 \u0432 \u041c\u043e\u043b\u0434\u043e\u0432\u0435.. \u0426\u0435\u043d\u044b, \u0444\u043e\u0442\u043e, \u0445\u0430\u0440\u0430\u043a\u0442\u0435\u0440\u0438\u0441\u0442\u0438\u043a\u0438 \u0432 \u041c\u043e\u043b\u0434\u043e\u0432\u0435.\",\"publisher\":{\"@id\":\"https:\\\/\\\/xstyle.md\\\/#organization\"},\"alternateName\":\"X-Style\",\"potentialAction\":[{\"@type\":\"SearchAction\",\"target\":{\"@type\":\"EntryPoint\",\"urlTemplate\":\"https:\\\/\\\/xstyle.md\\\/?s={search_term_string}\"},\"query-input\":{\"@type\":\"PropertyValueSpecification\",\"valueRequired\":true,\"valueName\":\"search_term_string\"}}],\"inLanguage\":\"ro-RO\"},{\"@type\":\"Organization\",\"@id\":\"https:\\\/\\\/xstyle.md\\\/#organization\",\"name\":\"\u041c\u0430\u0433\u0430\u0437\u0438\u043d Xstyle\",\"alternateName\":\"x-style\",\"url\":\"https:\\\/\\\/xstyle.md\\\/\",\"logo\":{\"@type\":\"ImageObject\",\"inLanguage\":\"ro-RO\",\"@id\":\"https:\\\/\\\/xstyle.md\\\/#\\\/schema\\\/logo\\\/image\\\/\",\"url\":\"https:\\\/\\\/xstyle.md\\\/wp-content\\\/uploads\\\/2020\\\/06\\\/logoicon.svg\",\"contentUrl\":\"https:\\\/\\\/xstyle.md\\\/wp-content\\\/uploads\\\/2020\\\/06\\\/logoicon.svg\",\"caption\":\"\u041c\u0430\u0433\u0430\u0437\u0438\u043d Xstyle\"},\"image\":{\"@id\":\"https:\\\/\\\/xstyle.md\\\/#\\\/schema\\\/logo\\\/image\\\/\"},\"sameAs\":[\"https:\\\/\\\/www.facebook.com\\\/xstylemd\",\"https:\\\/\\\/www.instagram.com\\\/xstyle_md\\\/\",\"https:\\\/\\\/t.me\\\/xstyle_outdoor\"],\"hasMerchantReturnPolicy\":{\"@type\":\"MerchantReturnPolicy\",\"merchantReturnLink\":\"https:\\\/\\\/xstyle.md\\\/ro\\\/conditions\\\/\"}}]}<\/script>\n<meta property=\"product:price:amount\" content=\"7790.00\" \/>\n<meta property=\"product:price:currency\" content=\"MDL\" \/>\n<meta property=\"og:availability\" content=\"instock\" \/>\n<meta property=\"product:availability\" content=\"instock\" \/>\n<meta property=\"product:retailer_item_id\" content=\"5059913009971\" \/>\n<meta property=\"product:condition\" content=\"new\" \/>\n<!-- \/ Yoast SEO plugin. -->","yoast_head_json":{"title":"\u041a\u0443\u0440\u0442\u043a\u0430 Rab Mythic Ultra Mns marmalade - \u041c\u0430\u0433\u0430\u0437\u0438\u043d Xstyle","robots":{"index":"index","follow":"follow","max-snippet":"max-snippet:-1","max-image-preview":"max-image-preview:large","max-video-preview":"max-video-preview:-1"},"canonical":"https:\/\/xstyle.md\/ro\/produs\/kurtka-rab-mythic-ultra-mns-marmalade\/","og_locale":"ro_RO","og_type":"article","og_title":"\u041a\u0443\u0440\u0442\u043a\u0430 Rab Mythic Ultra Mns marmalade - \u041c\u0430\u0433\u0430\u0437\u0438\u043d Xstyle","og_description":"\u0411\u0440\u0435\u043d\u0434 Rab \u2014 \u0431\u0440\u0438\u0442\u0430\u043d\u0441\u043a\u0438\u0439 \u043f\u0440\u043e\u0438\u0437\u0432\u043e\u0434\u0438\u0442\u0435\u043b\u044c \u043e\u0434\u0435\u0436\u0434\u044b \u0438 \u0441\u043d\u0430\u0440\u044f\u0436\u0435\u043d\u0438\u044f \u0434\u043b\u044f \u0441\u043a\u0430\u043b\u043e\u043b\u0430\u0437\u0430\u043d\u0438\u044f \u0438 \u0430\u043b\u044c\u043f\u0438\u043d\u0438\u0437\u043c\u0430, \u0447\u0435\u0439 \u043a\u043e\u043d\u0435\u043a \u2014 \u043a\u0430\u0447\u0435\u0441\u0442\u0432\u0435\u043d\u043d\u0430\u044f \u0438 \u0442\u0435\u0445\u043d\u043e\u043b\u043e\u0433\u0438\u0447\u043d\u0430\u044f \u0441\u043f\u043e\u0440\u0442\u0438\u0432\u043d\u0430\u044f \u0442\u0435\u0445\u043d\u0438\u0447\u0435\u0441\u043a\u0430\u044f \u043e\u0434\u0435\u0436\u0434\u0430, \u043f\u0443\u0445\u043e\u0432\u044b\u0439 \u0443\u0442\u0435\u043f\u043b\u0438\u0442\u0435\u043b\u044c \u0438 \u0433\u043e\u043b\u043e\u0432\u043d\u044b\u0435 \u0443\u0431\u043e\u0440\u044b. \u0411\u0430\u043b\u0430\u043a\u043b\u0430\u0432\u044b \u044d\u0442\u043e\u0433\u043e \u043f\u0440\u043e\u0438\u0437\u0432\u043e\u0434\u0438\u0442\u0435\u043b\u044f, \u043a \u043f\u0440\u0438\u043c\u0435\u0440\u0443, \u043e\u0434\u043d\u0438 \u0438\u0437 \u043b\u0443\u0447\u0448\u0438\u0445 \u043e\u0431\u0440\u0430\u0437\u0446\u043e\u0432 \u043d\u0430 \u0440\u044b\u043d\u043a\u0435, \u0441\u043f\u0430\u043b\u044c\u043d\u044b\u0435 \u043c\u0435\u0448\u043a\u0438 \u0442\u0430\u043a\u0436\u0435 \u044f\u0440\u043a\u043e \u0432\u044b\u0434\u0435\u043b\u044f\u044e\u0442\u0441\u044f \u043f\u0440\u043e\u0434\u0443\u043c\u0430\u043d\u043d\u043e\u0441\u0442\u044c\u044e. \u041a\u043e\u043c\u043f\u0430\u043d\u0438\u044f \u043e\u0441\u043d\u043e\u0432\u0430\u043d\u0430 \u0432 1981 \u0433\u043e\u0434\u0443 \u0432\u0435\u0434\u0443\u0449\u0438\u043c \u0448\u043e\u0442\u043b\u0430\u043d\u0434\u0441\u043a\u0438\u043c \u0430\u043b\u044c\u043f\u0438\u043d\u0438\u0441\u0442\u043e\u043c \u0420\u0430\u0431\u043e\u043c \u041a\u044d\u0440\u0440\u0438\u043d\u0433\u0442\u043e\u043d\u043e\u043c. \u041f\u043e\u043b\u0430\u0433\u0430\u044f\u0441\u044c \u043d\u0430 [&hellip;]","og_url":"https:\/\/xstyle.md\/ro\/produs\/kurtka-rab-mythic-ultra-mns-marmalade\/","og_site_name":"\u041c\u0430\u0433\u0430\u0437\u0438\u043d Xstyle","article_publisher":"https:\/\/www.facebook.com\/xstylemd","article_modified_time":"2026-03-24T10:47:21+00:00","og_image":[{"width":1200,"height":1200,"url":"https:\/\/xstyle.md\/wp-content\/uploads\/2026\/01\/rab-mythic-ultra-mns-marmalade.webp","type":"image\/webp"}],"twitter_card":"summary_large_image","twitter_misc":{"Pre\u021b":"7.790&nbsp;MDL","Disponibilitate":"\u00cen stoc"},"schema":{"@context":"https:\/\/schema.org","@graph":[{"@type":"WebPage","@id":"https:\/\/xstyle.md\/product\/kurtka-rab-mythic-ultra-mns-marmalade\/","url":"https:\/\/xstyle.md\/product\/kurtka-rab-mythic-ultra-mns-marmalade\/","name":"\u041a\u0443\u0440\u0442\u043a\u0430 Rab Mythic Ultra Mns marmalade - \u041c\u0430\u0433\u0430\u0437\u0438\u043d Xstyle","isPartOf":{"@id":"https:\/\/xstyle.md\/#website"},"primaryImageOfPage":{"@id":"https:\/\/xstyle.md\/product\/kurtka-rab-mythic-ultra-mns-marmalade\/#primaryimage"},"image":{"@id":"https:\/\/xstyle.md\/product\/kurtka-rab-mythic-ultra-mns-marmalade\/#primaryimage"},"thumbnailUrl":"https:\/\/xstyle.md\/wp-content\/uploads\/2026\/01\/rab-mythic-ultra-mns-marmalade.webp","datePublished":"2026-01-14T11:26:57+00:00","dateModified":"2026-03-24T10:47:21+00:00","breadcrumb":{"@id":"https:\/\/xstyle.md\/product\/kurtka-rab-mythic-ultra-mns-marmalade\/#breadcrumb"},"inLanguage":"ro-RO","potentialAction":[{"@type":"ReadAction","target":["https:\/\/xstyle.md\/product\/kurtka-rab-mythic-ultra-mns-marmalade\/"]}]},{"@type":"ImageObject","inLanguage":"ro-RO","@id":"https:\/\/xstyle.md\/product\/kurtka-rab-mythic-ultra-mns-marmalade\/#primaryimage","url":"https:\/\/xstyle.md\/wp-content\/uploads\/2026\/01\/rab-mythic-ultra-mns-marmalade.webp","contentUrl":"https:\/\/xstyle.md\/wp-content\/uploads\/2026\/01\/rab-mythic-ultra-mns-marmalade.webp","width":1200,"height":1200,"caption":"\u0422\u0435\u043f\u043b\u0430\u044f \u0430\u043a\u0442\u0438\u0432\u043d\u0430\u044f \u043c\u0443\u0436\u0441\u043a\u0430\u044f \u043a\u0443\u0440\u0442\u043a\u0430 Rab Mythic Ultra Mns \u0434\u043b\u044f \u043f\u043e\u0445\u043e\u0434\u043e\u0432 \u0438 \u043f\u0443\u0442\u0435\u0448\u0435\u0441\u0442\u0432\u0438\u0439, \u043e\u0434\u0435\u0436\u0434\u0430 \u0434\u043b\u044f \u0430\u043b\u044c\u043f\u0438\u043d\u0438\u0437\u043c\u0430 \u0438 outdoor, \u043e\u0431\u0443\u0432\u044c \u0438 \u044d\u043a\u0438\u043f\u0438\u0440\u043e\u0432\u043a\u0430 \u0434\u043b\u044f \u0432\u043e\u0441\u0445\u043e\u0436\u0434\u0435\u043d\u0438\u0439 \u0438 \u0430\u043a\u0442\u0438\u0432\u043d\u043e\u0433\u043e \u043e\u0442\u0434\u044b\u0445\u0430 \u0432 \u0438\u043d\u0442\u0435\u0440\u043d\u0435\u0442-\u043c\u0430\u0433\u0430\u0437\u0438\u043d\u0435"},{"@type":"BreadcrumbList","@id":"https:\/\/xstyle.md\/product\/kurtka-rab-mythic-ultra-mns-marmalade\/#breadcrumb","itemListElement":[{"@type":"ListItem","position":1,"name":"\u0413\u043b\u0430\u0432\u043d\u0430\u044f \u0441\u0442\u0440\u0430\u043d\u0438\u0446\u0430","item":"https:\/\/xstyle.md\/"},{"@type":"ListItem","position":2,"name":"\u041c\u0430\u0433\u0430\u0437\u0438\u043d","item":"https:\/\/xstyle.md\/shop\/"},{"@type":"ListItem","position":3,"name":"\u041a\u0443\u0440\u0442\u043a\u0430 Rab Mythic Ultra Mns marmalade"}]},{"@type":"WebSite","@id":"https:\/\/xstyle.md\/#website","url":"https:\/\/xstyle.md\/","name":"Magazinul X-Style","description":"Echipamente pentru turism \u0219i sporturi extreme \u00een Moldova. Pre\u021buri, fotografii, caracteristici \u00een Moldova.","publisher":{"@id":"https:\/\/xstyle.md\/#organization"},"alternateName":"X-Style","potentialAction":[{"@type":"SearchAction","target":{"@type":"EntryPoint","urlTemplate":"https:\/\/xstyle.md\/?s={search_term_string}"},"query-input":{"@type":"PropertyValueSpecification","valueRequired":true,"valueName":"search_term_string"}}],"inLanguage":"ro-RO"},{"@type":"Organization","@id":"https:\/\/xstyle.md\/#organization","name":"Magazinul X-Style","alternateName":"x-style","url":"https:\/\/xstyle.md\/","logo":{"@type":"ImageObject","inLanguage":"ro-RO","@id":"https:\/\/xstyle.md\/#\/schema\/logo\/image\/","url":"https:\/\/xstyle.md\/wp-content\/uploads\/2020\/06\/logoicon.svg","contentUrl":"https:\/\/xstyle.md\/wp-content\/uploads\/2020\/06\/logoicon.svg","caption":"\u041c\u0430\u0433\u0430\u0437\u0438\u043d Xstyle"},"image":{"@id":"https:\/\/xstyle.md\/#\/schema\/logo\/image\/"},"sameAs":["https:\/\/www.facebook.com\/xstylemd","https:\/\/www.instagram.com\/xstyle_md\/","https:\/\/t.me\/xstyle_outdoor"],"hasMerchantReturnPolicy":{"@type":"MerchantReturnPolicy","merchantReturnLink":"https:\/\/xstyle.md\/ro\/conditions\/"}}]},"product_price_amount":"7790.00","product_price_currency":"MDL","og_availability":"instock","product_availability":"instock","product_retailer_item_id":"5059913009971","product_condition":"new"},"_links":{"self":[{"href":"https:\/\/xstyle.md\/ro\/wp-json\/wp\/v2\/product\/99515","targetHints":{"allow":["GET"]}}],"collection":[{"href":"https:\/\/xstyle.md\/ro\/wp-json\/wp\/v2\/product"}],"about":[{"href":"https:\/\/xstyle.md\/ro\/wp-json\/wp\/v2\/types\/product"}],"replies":[{"embeddable":true,"href":"https:\/\/xstyle.md\/ro\/wp-json\/wp\/v2\/comments?post=99515"}],"wp:featuredmedia":[{"embeddable":true,"href":"https:\/\/xstyle.md\/ro\/wp-json\/wp\/v2\/media\/104046"}],"wp:attachment":[{"href":"https:\/\/xstyle.md\/ro\/wp-json\/wp\/v2\/media?parent=99515"}],"wp:term":[{"taxonomy":"product_brand","embeddable":true,"href":"https:\/\/xstyle.md\/ro\/wp-json\/wp\/v2\/product_brand?post=99515"},{"taxonomy":"product_cat","embeddable":true,"href":"https:\/\/xstyle.md\/ro\/wp-json\/wp\/v2\/product_cat?post=99515"},{"taxonomy":"product_tag","embeddable":true,"href":"https:\/\/xstyle.md\/ro\/wp-json\/wp\/v2\/product_tag?post=99515"}],"curies":[{"name":"wp","href":"https:\/\/api.w.org\/{rel}","templated":true}]}}