{"id":98897,"date":"2025-12-24T19:20:33","date_gmt":"2025-12-24T16:20:33","guid":{"rendered":"https:\/\/xstyle.md\/?post_type=product&#038;p=98897"},"modified":"2026-03-19T17:41:24","modified_gmt":"2026-03-19T14:41:24","slug":"krossovki-keen-knx-t-toe-dark-earth-plaza-taupe","status":"publish","type":"product","link":"https:\/\/xstyle.md\/ro\/produs\/krossovki-keen-knx-t-toe-dark-earth-plaza-taupe\/","title":{"rendered":"Adida\u0219i Keen KNX T-Toe dark earth\/plaza taupe"},"content":{"rendered":"<\/p>\n<p><strong>Keen KNX T-Toe<\/strong> &#8212; sunt adida\u0219i minimali\u0219ti \u0219i elegan\u021bi care combin\u0103 estetica \u00eenc\u0103l\u021b\u0103mintei clasice de antrenament cu filozofia de confort KEEN. Acest model se remarc\u0103 prin profilul redus \u0219i flexibilitatea ridicat\u0103, oferind senza\u021bia de &#171;a doua piele&#187;.<\/p>\n<h3>Particularit\u0103\u021bi<\/h3>\n<ul>\n<li>Piele premium de \u00eenalt\u0103 calitate (certificat\u0103 LWG), care devine mai moale \u0219i mai confortabil\u0103 odat\u0103 cu purtarea<\/li>\n<li>Design T-Toe &#8212; v\u00e2rful \u00een form\u0103 de &#171;T&#187; ofer\u0103 un aspect retro-sportiv clasic<\/li>\n<li>Urmeaz\u0103 conturul natural al piciorului pentru o fixare sigur\u0103 \u0219i confortabil\u0103<\/li>\n<li>Talp\u0103 extrem de flexibil\u0103 care permite piciorului s\u0103 se mi\u0219te natural<\/li>\n<li>C\u0103ptu\u0219eal\u0103 din piele pentru un plus de rafinament \u0219i durabilitate<\/li>\n<\/ul>\n<h3>Caracteristici<\/h3>\n<ul>\n<li>Material exterior &#8212; piele natural\u0103<\/li>\n<li>Talp\u0103 exterioar\u0103 &#8212; cauciuc cu profil redus pentru o mai bun\u0103 conexiune cu solul<\/li>\n<li>Bran\u021b &#8212; deta\u0219abil din poliuretan (PU) pentru confort de lung\u0103 durat\u0103<\/li>\n<li>Destina\u021bie &#8212; stil urban, utilizare zilnic\u0103<\/li>\n<\/ul>\n<h3>Tehnologii<\/h3>\n<ul>\n<li><strong>Eco Anti-Odor<\/strong> &#8212; Control natural al mirosurilor nepl\u0103cute, f\u0103r\u0103 utilizarea pesticidelor.<\/li>\n<\/ul>\n<p><\/p>\n<h3>Marca<\/h3>\n<p>KEEN - este compania de outdoor cu cea mai rapid\u0103 cre\u0219tere din lume. Povestea Keen a \u00eenceput relativ recent, \u00een martie 2003. Fondatorii s\u0103i, Martin Keen \u0219i Rory Fuerst, \u0219i-au propus obiectivul de a crea sandale care s\u0103 asigure protec\u021bia degetelor de la picioare.<\/p>\n<p>Primele modele de \u00eenc\u0103l\u021b\u0103minte KEEN au fost destinate sporturilor nautice. Tr\u0103s\u0103tura distinctiv\u0103 a acestor modele este v\u00e2rful ranforsat (\u00eent\u0103rit), care protejeaz\u0103 degetele \u0219i pantoful \u00een sine \u00eempotriva uzurii \u0219i a deterior\u0103rilor.<\/p>\n<p>\u00cen prezent, KEEN ofer\u0103 at\u00e2t \u00eenc\u0103l\u021b\u0103minte destinat\u0103 activit\u0103\u021bilor \u00een aer liber (outdoor) \u0219i sportului, c\u00e2t \u0219i \u00eenc\u0103l\u021b\u0103minte modern\u0103 pentru ora\u0219 (stil urban). Compania cre\u0219te \u0219i se dezvolt\u0103 rapid, iar odat\u0103 cu aceast\u0103 evolu\u021bie, se schimb\u0103 constant: \u00ee\u0219i extinde gama de modele \u0219i adaug\u0103 noi stiluri \u0219i culori.<\/p>","protected":false},"excerpt":{"rendered":"<p>\u0411\u0440\u0435\u043d\u0434 KEEN &#8212; \u0441\u0430\u043c\u0430\u044f \u0431\u044b\u0441\u0442\u0440\u043e\u0440\u0430\u0441\u0442\u0443\u0449\u0430\u044f \u0430\u0443\u0442\u0434\u043e\u0440 \u043a\u043e\u043c\u043f\u0430\u043d\u0438\u044f \u0432 \u043c\u0438\u0440\u0435. \u0417\u0430\u0440\u043e\u0434\u0438\u043b\u0430\u0441\u044c Keen \u043e\u0442\u043d\u043e\u0441\u0438\u0442\u0435\u043b\u044c\u043d\u043e \u043d\u0435\u0434\u0430\u0432\u043d\u043e, \u0432 \u043c\u0430\u0440\u0442\u0435 2003-\u0433\u043e \u0433\u043e\u0434\u0430. \u0415\u0451 \u043e\u0441\u043d\u043e\u0432\u0430\u0442\u0435\u043b\u0438, \u041c\u0430\u0440\u0442\u0438\u043d \u041a\u0438\u043d \u0438 \u0420\u043e\u0440\u0438 \u0424\u0443\u044d\u0441\u0442, \u0437\u0430\u0434\u0430\u043b\u0438\u0441\u044c \u0446\u0435\u043b\u044c\u044e \u0441\u043e\u0437\u0434\u0430\u0442\u044c \u0441\u0430\u043d\u0434\u0430\u043b\u0438\u0438, \u043a\u043e\u0442\u043e\u0440\u044b\u0435 \u043e\u0431\u0435\u0441\u043f\u0435\u0447\u0438\u0432\u0430\u043b\u0438 \u0431\u044b \u0437\u0430\u0449\u0438\u0442\u0443 \u043f\u0430\u043b\u044c\u0446\u0435\u0432 \u043d\u043e\u0433. \u041f\u0435\u0440\u0432\u044b\u0435 \u043c\u043e\u0434\u0435\u043b\u0438 \u043e\u0431\u0443\u0432\u0438 KEEN \u0431\u044b\u043b\u0438 \u043f\u0440\u0435\u0434\u043d\u0430\u0437\u043d\u0430\u0447\u0435\u043d\u044b \u0434\u043b\u044f \u0432\u043e\u0434\u043d\u044b\u0445 \u0432\u0438\u0434\u043e\u0432 \u0441\u043f\u043e\u0440\u0442\u0430. \u041e\u0442\u043b\u0438\u0447\u0438\u0442\u0435\u043b\u044c\u043d\u043e\u0439 \u0447\u0435\u0440\u0442\u043e\u0439 \u043c\u043e\u0434\u0435\u043b\u0435\u0439 \u044f\u0432\u043b\u044f\u0435\u0442\u0441\u044f \u0443\u0441\u0438\u043b\u0435\u043d\u043d\u044b\u0439 \u043d\u043e\u0441\u043e\u043a, \u043a\u043e\u0442\u043e\u0440\u044b\u0439 \u0437\u0430\u0449\u0438\u0449\u0430\u0435\u0442 \u043f\u0430\u043b\u044c\u0446\u044b \u043d\u043e\u0433 \u0438 [&hellip;]<\/p>\n","protected":false},"featured_media":102294,"comment_status":"open","ping_status":"closed","template":"","meta":{"_acf_changed":false,"inline_featured_image":false},"product_brand":[1335],"product_cat":[142],"product_tag":[],"class_list":{"0":"post-98897","1":"product","2":"type-product","3":"status-publish","4":"has-post-thumbnail","6":"product_brand-keen","7":"product_cat-sport-shoes","9":"first","10":"instock","11":"shipping-taxable","12":"purchasable","13":"product-type-simple"},"acf":[],"yoast_head":"<!-- This site is optimized with the Yoast SEO plugin v27.4 - https:\/\/yoast.com\/product\/yoast-seo-wordpress\/ -->\n<title>\u041a\u0440\u043e\u0441\u0441\u043e\u0432\u043a\u0438 Keen KNX T-Toe dark earth\/plaza taupe - \u041c\u0430\u0433\u0430\u0437\u0438\u043d Xstyle<\/title>\n<meta name=\"robots\" content=\"index, follow, max-snippet:-1, max-image-preview:large, max-video-preview:-1\" \/>\n<link rel=\"canonical\" href=\"https:\/\/xstyle.md\/ro\/produs\/krossovki-keen-knx-t-toe-dark-earth-plaza-taupe\/\" \/>\n<meta property=\"og:locale\" content=\"ro_RO\" \/>\n<meta property=\"og:type\" content=\"article\" \/>\n<meta property=\"og:title\" content=\"\u041a\u0440\u043e\u0441\u0441\u043e\u0432\u043a\u0438 Keen KNX T-Toe dark earth\/plaza taupe - \u041c\u0430\u0433\u0430\u0437\u0438\u043d Xstyle\" \/>\n<meta property=\"og:description\" content=\"\u0411\u0440\u0435\u043d\u0434 KEEN &#8212; \u0441\u0430\u043c\u0430\u044f \u0431\u044b\u0441\u0442\u0440\u043e\u0440\u0430\u0441\u0442\u0443\u0449\u0430\u044f \u0430\u0443\u0442\u0434\u043e\u0440 \u043a\u043e\u043c\u043f\u0430\u043d\u0438\u044f \u0432 \u043c\u0438\u0440\u0435. \u0417\u0430\u0440\u043e\u0434\u0438\u043b\u0430\u0441\u044c Keen \u043e\u0442\u043d\u043e\u0441\u0438\u0442\u0435\u043b\u044c\u043d\u043e \u043d\u0435\u0434\u0430\u0432\u043d\u043e, \u0432 \u043c\u0430\u0440\u0442\u0435 2003-\u0433\u043e \u0433\u043e\u0434\u0430. \u0415\u0451 \u043e\u0441\u043d\u043e\u0432\u0430\u0442\u0435\u043b\u0438, \u041c\u0430\u0440\u0442\u0438\u043d \u041a\u0438\u043d \u0438 \u0420\u043e\u0440\u0438 \u0424\u0443\u044d\u0441\u0442, \u0437\u0430\u0434\u0430\u043b\u0438\u0441\u044c \u0446\u0435\u043b\u044c\u044e \u0441\u043e\u0437\u0434\u0430\u0442\u044c \u0441\u0430\u043d\u0434\u0430\u043b\u0438\u0438, \u043a\u043e\u0442\u043e\u0440\u044b\u0435 \u043e\u0431\u0435\u0441\u043f\u0435\u0447\u0438\u0432\u0430\u043b\u0438 \u0431\u044b \u0437\u0430\u0449\u0438\u0442\u0443 \u043f\u0430\u043b\u044c\u0446\u0435\u0432 \u043d\u043e\u0433. \u041f\u0435\u0440\u0432\u044b\u0435 \u043c\u043e\u0434\u0435\u043b\u0438 \u043e\u0431\u0443\u0432\u0438 KEEN \u0431\u044b\u043b\u0438 \u043f\u0440\u0435\u0434\u043d\u0430\u0437\u043d\u0430\u0447\u0435\u043d\u044b \u0434\u043b\u044f \u0432\u043e\u0434\u043d\u044b\u0445 \u0432\u0438\u0434\u043e\u0432 \u0441\u043f\u043e\u0440\u0442\u0430. \u041e\u0442\u043b\u0438\u0447\u0438\u0442\u0435\u043b\u044c\u043d\u043e\u0439 \u0447\u0435\u0440\u0442\u043e\u0439 \u043c\u043e\u0434\u0435\u043b\u0435\u0439 \u044f\u0432\u043b\u044f\u0435\u0442\u0441\u044f \u0443\u0441\u0438\u043b\u0435\u043d\u043d\u044b\u0439 \u043d\u043e\u0441\u043e\u043a, \u043a\u043e\u0442\u043e\u0440\u044b\u0439 \u0437\u0430\u0449\u0438\u0449\u0430\u0435\u0442 \u043f\u0430\u043b\u044c\u0446\u044b \u043d\u043e\u0433 \u0438 [&hellip;]\" \/>\n<meta property=\"og:url\" content=\"https:\/\/xstyle.md\/ro\/produs\/krossovki-keen-knx-t-toe-dark-earth-plaza-taupe\/\" \/>\n<meta property=\"og:site_name\" content=\"\u041c\u0430\u0433\u0430\u0437\u0438\u043d Xstyle\" \/>\n<meta property=\"article:publisher\" content=\"https:\/\/www.facebook.com\/xstylemd\" \/>\n<meta property=\"article:modified_time\" content=\"2026-03-19T14:41:24+00:00\" \/>\n<meta property=\"og:image\" content=\"https:\/\/xstyle.md\/wp-content\/uploads\/2025\/12\/keen-knx-t-toe-dark-earthplaza-taupe-1.webp\" \/>\n\t<meta property=\"og:image:width\" content=\"1200\" \/>\n\t<meta property=\"og:image:height\" content=\"1200\" \/>\n\t<meta property=\"og:image:type\" content=\"image\/webp\" \/>\n<meta name=\"twitter:card\" content=\"summary_large_image\" \/>\n<meta name=\"twitter:label1\" content=\"Pre\u021b\" \/>\n\t<meta name=\"twitter:data1\" content=\"2.870&nbsp;MDL\" \/>\n\t<meta name=\"twitter:label2\" content=\"Disponibilitate\" \/>\n\t<meta name=\"twitter:data2\" content=\"\u00cen stoc\" \/>\n<script type=\"application\/ld+json\" class=\"yoast-schema-graph\">{\"@context\":\"https:\\\/\\\/schema.org\",\"@graph\":[{\"@type\":\"WebPage\",\"@id\":\"https:\\\/\\\/xstyle.md\\\/product\\\/krossovki-keen-knx-t-toe-dark-earth-plaza-taupe\\\/\",\"url\":\"https:\\\/\\\/xstyle.md\\\/product\\\/krossovki-keen-knx-t-toe-dark-earth-plaza-taupe\\\/\",\"name\":\"\u041a\u0440\u043e\u0441\u0441\u043e\u0432\u043a\u0438 Keen KNX T-Toe dark earth\\\/plaza taupe - \u041c\u0430\u0433\u0430\u0437\u0438\u043d Xstyle\",\"isPartOf\":{\"@id\":\"https:\\\/\\\/xstyle.md\\\/#website\"},\"primaryImageOfPage\":{\"@id\":\"https:\\\/\\\/xstyle.md\\\/product\\\/krossovki-keen-knx-t-toe-dark-earth-plaza-taupe\\\/#primaryimage\"},\"image\":{\"@id\":\"https:\\\/\\\/xstyle.md\\\/product\\\/krossovki-keen-knx-t-toe-dark-earth-plaza-taupe\\\/#primaryimage\"},\"thumbnailUrl\":\"https:\\\/\\\/xstyle.md\\\/wp-content\\\/uploads\\\/2025\\\/12\\\/keen-knx-t-toe-dark-earthplaza-taupe-1.webp\",\"datePublished\":\"2025-12-24T16:20:33+00:00\",\"dateModified\":\"2026-03-19T14:41:24+00:00\",\"breadcrumb\":{\"@id\":\"https:\\\/\\\/xstyle.md\\\/product\\\/krossovki-keen-knx-t-toe-dark-earth-plaza-taupe\\\/#breadcrumb\"},\"inLanguage\":\"ro-RO\",\"potentialAction\":[{\"@type\":\"ReadAction\",\"target\":[\"https:\\\/\\\/xstyle.md\\\/product\\\/krossovki-keen-knx-t-toe-dark-earth-plaza-taupe\\\/\"]}]},{\"@type\":\"ImageObject\",\"inLanguage\":\"ro-RO\",\"@id\":\"https:\\\/\\\/xstyle.md\\\/product\\\/krossovki-keen-knx-t-toe-dark-earth-plaza-taupe\\\/#primaryimage\",\"url\":\"https:\\\/\\\/xstyle.md\\\/wp-content\\\/uploads\\\/2025\\\/12\\\/keen-knx-t-toe-dark-earthplaza-taupe-1.webp\",\"contentUrl\":\"https:\\\/\\\/xstyle.md\\\/wp-content\\\/uploads\\\/2025\\\/12\\\/keen-knx-t-toe-dark-earthplaza-taupe-1.webp\",\"width\":1200,\"height\":1200,\"caption\":\"\u041a\u0440\u043e\u0441\u0441\u043e\u0432\u043a\u0438 Keen KNX T-Toe \u0442\u0435\u043c\u043d\u0430\u044f \u0437\u0435\u043c\u043b\u044f\\\/\u043f\u043b\u0430\u0437\u0430 \u0442\u0430\u0443\u043f\u0435 \u0434\u043b\u044f \u0430\u043a\u0442\u0438\u0432\u043d\u043e\u0433\u043e \u043e\u0442\u0434\u044b\u0445\u0430, \u043f\u0443\u0442\u0435\u0448\u0435\u0441\u0442\u0432\u0438\u0439 \u0438 \u0445\u0430\u0439\u043a\u0438\u043d\u0433\u0430, \u043e\u0431\u0443\u0432\u044c \u0434\u043b\u044f \u0442\u0443\u0440\u0438\u0437\u043c\u0430 \u0438 \u0430\u043b\u044c\u043f\u0438\u043d\u0438\u0437\u043c\u0430 \u0432 \u0438\u043d\u0442\u0435\u0440\u043d\u0435\u0442-\u043c\u0430\u0433\u0430\u0437\u0438\u043d\u0435\"},{\"@type\":\"BreadcrumbList\",\"@id\":\"https:\\\/\\\/xstyle.md\\\/product\\\/krossovki-keen-knx-t-toe-dark-earth-plaza-taupe\\\/#breadcrumb\",\"itemListElement\":[{\"@type\":\"ListItem\",\"position\":1,\"name\":\"\u0413\u043b\u0430\u0432\u043d\u0430\u044f \u0441\u0442\u0440\u0430\u043d\u0438\u0446\u0430\",\"item\":\"https:\\\/\\\/xstyle.md\\\/\"},{\"@type\":\"ListItem\",\"position\":2,\"name\":\"\u041c\u0430\u0433\u0430\u0437\u0438\u043d\",\"item\":\"https:\\\/\\\/xstyle.md\\\/shop\\\/\"},{\"@type\":\"ListItem\",\"position\":3,\"name\":\"\u041a\u0440\u043e\u0441\u0441\u043e\u0432\u043a\u0438 Keen KNX T-Toe dark earth\\\/plaza taupe\"}]},{\"@type\":\"WebSite\",\"@id\":\"https:\\\/\\\/xstyle.md\\\/#website\",\"url\":\"https:\\\/\\\/xstyle.md\\\/\",\"name\":\"\u041c\u0430\u0433\u0430\u0437\u0438\u043d Xstyle\",\"description\":\"C\u043d\u0430\u0440\u044f\u0436\u0435\u043d\u0438\u0435 \u0434\u043b\u044f \u0442\u0443\u0440\u0438\u0437\u043c\u0430 \u0438 \u044d\u043a\u0441\u0442\u0440\u0435\u043c\u0430\u043b\u044c\u043d\u044b\u0445 \u0432\u0438\u0434\u043e\u0432 \u0441\u043f\u043e\u0440\u0442\u0430 \u0432 \u041c\u043e\u043b\u0434\u043e\u0432\u0435.. \u0426\u0435\u043d\u044b, \u0444\u043e\u0442\u043e, \u0445\u0430\u0440\u0430\u043a\u0442\u0435\u0440\u0438\u0441\u0442\u0438\u043a\u0438 \u0432 \u041c\u043e\u043b\u0434\u043e\u0432\u0435.\",\"publisher\":{\"@id\":\"https:\\\/\\\/xstyle.md\\\/#organization\"},\"alternateName\":\"X-Style\",\"potentialAction\":[{\"@type\":\"SearchAction\",\"target\":{\"@type\":\"EntryPoint\",\"urlTemplate\":\"https:\\\/\\\/xstyle.md\\\/?s={search_term_string}\"},\"query-input\":{\"@type\":\"PropertyValueSpecification\",\"valueRequired\":true,\"valueName\":\"search_term_string\"}}],\"inLanguage\":\"ro-RO\"},{\"@type\":\"Organization\",\"@id\":\"https:\\\/\\\/xstyle.md\\\/#organization\",\"name\":\"\u041c\u0430\u0433\u0430\u0437\u0438\u043d Xstyle\",\"alternateName\":\"x-style\",\"url\":\"https:\\\/\\\/xstyle.md\\\/\",\"logo\":{\"@type\":\"ImageObject\",\"inLanguage\":\"ro-RO\",\"@id\":\"https:\\\/\\\/xstyle.md\\\/#\\\/schema\\\/logo\\\/image\\\/\",\"url\":\"https:\\\/\\\/xstyle.md\\\/wp-content\\\/uploads\\\/2020\\\/06\\\/logoicon.svg\",\"contentUrl\":\"https:\\\/\\\/xstyle.md\\\/wp-content\\\/uploads\\\/2020\\\/06\\\/logoicon.svg\",\"caption\":\"\u041c\u0430\u0433\u0430\u0437\u0438\u043d Xstyle\"},\"image\":{\"@id\":\"https:\\\/\\\/xstyle.md\\\/#\\\/schema\\\/logo\\\/image\\\/\"},\"sameAs\":[\"https:\\\/\\\/www.facebook.com\\\/xstylemd\",\"https:\\\/\\\/www.instagram.com\\\/xstyle_md\\\/\",\"https:\\\/\\\/t.me\\\/xstyle_outdoor\"],\"hasMerchantReturnPolicy\":{\"@type\":\"MerchantReturnPolicy\",\"merchantReturnLink\":\"https:\\\/\\\/xstyle.md\\\/ro\\\/conditions\\\/\"}}]}<\/script>\n<meta property=\"product:price:amount\" content=\"2870.00\" \/>\n<meta property=\"product:price:currency\" content=\"MDL\" \/>\n<meta property=\"og:availability\" content=\"instock\" \/>\n<meta property=\"product:availability\" content=\"instock\" \/>\n<meta property=\"product:retailer_item_id\" content=\"195208693281\" \/>\n<meta property=\"product:condition\" content=\"new\" \/>\n<!-- \/ Yoast SEO plugin. -->","yoast_head_json":{"title":"\u041a\u0440\u043e\u0441\u0441\u043e\u0432\u043a\u0438 Keen KNX T-Toe dark earth\/plaza taupe - \u041c\u0430\u0433\u0430\u0437\u0438\u043d Xstyle","robots":{"index":"index","follow":"follow","max-snippet":"max-snippet:-1","max-image-preview":"max-image-preview:large","max-video-preview":"max-video-preview:-1"},"canonical":"https:\/\/xstyle.md\/ro\/produs\/krossovki-keen-knx-t-toe-dark-earth-plaza-taupe\/","og_locale":"ro_RO","og_type":"article","og_title":"\u041a\u0440\u043e\u0441\u0441\u043e\u0432\u043a\u0438 Keen KNX T-Toe dark earth\/plaza taupe - \u041c\u0430\u0433\u0430\u0437\u0438\u043d Xstyle","og_description":"\u0411\u0440\u0435\u043d\u0434 KEEN &#8212; \u0441\u0430\u043c\u0430\u044f \u0431\u044b\u0441\u0442\u0440\u043e\u0440\u0430\u0441\u0442\u0443\u0449\u0430\u044f \u0430\u0443\u0442\u0434\u043e\u0440 \u043a\u043e\u043c\u043f\u0430\u043d\u0438\u044f \u0432 \u043c\u0438\u0440\u0435. \u0417\u0430\u0440\u043e\u0434\u0438\u043b\u0430\u0441\u044c Keen \u043e\u0442\u043d\u043e\u0441\u0438\u0442\u0435\u043b\u044c\u043d\u043e \u043d\u0435\u0434\u0430\u0432\u043d\u043e, \u0432 \u043c\u0430\u0440\u0442\u0435 2003-\u0433\u043e \u0433\u043e\u0434\u0430. \u0415\u0451 \u043e\u0441\u043d\u043e\u0432\u0430\u0442\u0435\u043b\u0438, \u041c\u0430\u0440\u0442\u0438\u043d \u041a\u0438\u043d \u0438 \u0420\u043e\u0440\u0438 \u0424\u0443\u044d\u0441\u0442, \u0437\u0430\u0434\u0430\u043b\u0438\u0441\u044c \u0446\u0435\u043b\u044c\u044e \u0441\u043e\u0437\u0434\u0430\u0442\u044c \u0441\u0430\u043d\u0434\u0430\u043b\u0438\u0438, \u043a\u043e\u0442\u043e\u0440\u044b\u0435 \u043e\u0431\u0435\u0441\u043f\u0435\u0447\u0438\u0432\u0430\u043b\u0438 \u0431\u044b \u0437\u0430\u0449\u0438\u0442\u0443 \u043f\u0430\u043b\u044c\u0446\u0435\u0432 \u043d\u043e\u0433. \u041f\u0435\u0440\u0432\u044b\u0435 \u043c\u043e\u0434\u0435\u043b\u0438 \u043e\u0431\u0443\u0432\u0438 KEEN \u0431\u044b\u043b\u0438 \u043f\u0440\u0435\u0434\u043d\u0430\u0437\u043d\u0430\u0447\u0435\u043d\u044b \u0434\u043b\u044f \u0432\u043e\u0434\u043d\u044b\u0445 \u0432\u0438\u0434\u043e\u0432 \u0441\u043f\u043e\u0440\u0442\u0430. \u041e\u0442\u043b\u0438\u0447\u0438\u0442\u0435\u043b\u044c\u043d\u043e\u0439 \u0447\u0435\u0440\u0442\u043e\u0439 \u043c\u043e\u0434\u0435\u043b\u0435\u0439 \u044f\u0432\u043b\u044f\u0435\u0442\u0441\u044f \u0443\u0441\u0438\u043b\u0435\u043d\u043d\u044b\u0439 \u043d\u043e\u0441\u043e\u043a, \u043a\u043e\u0442\u043e\u0440\u044b\u0439 \u0437\u0430\u0449\u0438\u0449\u0430\u0435\u0442 \u043f\u0430\u043b\u044c\u0446\u044b \u043d\u043e\u0433 \u0438 [&hellip;]","og_url":"https:\/\/xstyle.md\/ro\/produs\/krossovki-keen-knx-t-toe-dark-earth-plaza-taupe\/","og_site_name":"\u041c\u0430\u0433\u0430\u0437\u0438\u043d Xstyle","article_publisher":"https:\/\/www.facebook.com\/xstylemd","article_modified_time":"2026-03-19T14:41:24+00:00","og_image":[{"width":1200,"height":1200,"url":"https:\/\/xstyle.md\/wp-content\/uploads\/2025\/12\/keen-knx-t-toe-dark-earthplaza-taupe-1.webp","type":"image\/webp"}],"twitter_card":"summary_large_image","twitter_misc":{"Pre\u021b":"2.870&nbsp;MDL","Disponibilitate":"\u00cen stoc"},"schema":{"@context":"https:\/\/schema.org","@graph":[{"@type":"WebPage","@id":"https:\/\/xstyle.md\/product\/krossovki-keen-knx-t-toe-dark-earth-plaza-taupe\/","url":"https:\/\/xstyle.md\/product\/krossovki-keen-knx-t-toe-dark-earth-plaza-taupe\/","name":"\u041a\u0440\u043e\u0441\u0441\u043e\u0432\u043a\u0438 Keen KNX T-Toe dark earth\/plaza taupe - \u041c\u0430\u0433\u0430\u0437\u0438\u043d Xstyle","isPartOf":{"@id":"https:\/\/xstyle.md\/#website"},"primaryImageOfPage":{"@id":"https:\/\/xstyle.md\/product\/krossovki-keen-knx-t-toe-dark-earth-plaza-taupe\/#primaryimage"},"image":{"@id":"https:\/\/xstyle.md\/product\/krossovki-keen-knx-t-toe-dark-earth-plaza-taupe\/#primaryimage"},"thumbnailUrl":"https:\/\/xstyle.md\/wp-content\/uploads\/2025\/12\/keen-knx-t-toe-dark-earthplaza-taupe-1.webp","datePublished":"2025-12-24T16:20:33+00:00","dateModified":"2026-03-19T14:41:24+00:00","breadcrumb":{"@id":"https:\/\/xstyle.md\/product\/krossovki-keen-knx-t-toe-dark-earth-plaza-taupe\/#breadcrumb"},"inLanguage":"ro-RO","potentialAction":[{"@type":"ReadAction","target":["https:\/\/xstyle.md\/product\/krossovki-keen-knx-t-toe-dark-earth-plaza-taupe\/"]}]},{"@type":"ImageObject","inLanguage":"ro-RO","@id":"https:\/\/xstyle.md\/product\/krossovki-keen-knx-t-toe-dark-earth-plaza-taupe\/#primaryimage","url":"https:\/\/xstyle.md\/wp-content\/uploads\/2025\/12\/keen-knx-t-toe-dark-earthplaza-taupe-1.webp","contentUrl":"https:\/\/xstyle.md\/wp-content\/uploads\/2025\/12\/keen-knx-t-toe-dark-earthplaza-taupe-1.webp","width":1200,"height":1200,"caption":"\u041a\u0440\u043e\u0441\u0441\u043e\u0432\u043a\u0438 Keen KNX T-Toe \u0442\u0435\u043c\u043d\u0430\u044f \u0437\u0435\u043c\u043b\u044f\/\u043f\u043b\u0430\u0437\u0430 \u0442\u0430\u0443\u043f\u0435 \u0434\u043b\u044f \u0430\u043a\u0442\u0438\u0432\u043d\u043e\u0433\u043e \u043e\u0442\u0434\u044b\u0445\u0430, \u043f\u0443\u0442\u0435\u0448\u0435\u0441\u0442\u0432\u0438\u0439 \u0438 \u0445\u0430\u0439\u043a\u0438\u043d\u0433\u0430, \u043e\u0431\u0443\u0432\u044c \u0434\u043b\u044f \u0442\u0443\u0440\u0438\u0437\u043c\u0430 \u0438 \u0430\u043b\u044c\u043f\u0438\u043d\u0438\u0437\u043c\u0430 \u0432 \u0438\u043d\u0442\u0435\u0440\u043d\u0435\u0442-\u043c\u0430\u0433\u0430\u0437\u0438\u043d\u0435"},{"@type":"BreadcrumbList","@id":"https:\/\/xstyle.md\/product\/krossovki-keen-knx-t-toe-dark-earth-plaza-taupe\/#breadcrumb","itemListElement":[{"@type":"ListItem","position":1,"name":"\u0413\u043b\u0430\u0432\u043d\u0430\u044f \u0441\u0442\u0440\u0430\u043d\u0438\u0446\u0430","item":"https:\/\/xstyle.md\/"},{"@type":"ListItem","position":2,"name":"\u041c\u0430\u0433\u0430\u0437\u0438\u043d","item":"https:\/\/xstyle.md\/shop\/"},{"@type":"ListItem","position":3,"name":"\u041a\u0440\u043e\u0441\u0441\u043e\u0432\u043a\u0438 Keen KNX T-Toe dark earth\/plaza taupe"}]},{"@type":"WebSite","@id":"https:\/\/xstyle.md\/#website","url":"https:\/\/xstyle.md\/","name":"Magazinul X-Style","description":"Echipamente pentru turism \u0219i sporturi extreme \u00een Moldova. Pre\u021buri, fotografii, caracteristici \u00een Moldova.","publisher":{"@id":"https:\/\/xstyle.md\/#organization"},"alternateName":"X-Style","potentialAction":[{"@type":"SearchAction","target":{"@type":"EntryPoint","urlTemplate":"https:\/\/xstyle.md\/?s={search_term_string}"},"query-input":{"@type":"PropertyValueSpecification","valueRequired":true,"valueName":"search_term_string"}}],"inLanguage":"ro-RO"},{"@type":"Organization","@id":"https:\/\/xstyle.md\/#organization","name":"Magazinul X-Style","alternateName":"x-style","url":"https:\/\/xstyle.md\/","logo":{"@type":"ImageObject","inLanguage":"ro-RO","@id":"https:\/\/xstyle.md\/#\/schema\/logo\/image\/","url":"https:\/\/xstyle.md\/wp-content\/uploads\/2020\/06\/logoicon.svg","contentUrl":"https:\/\/xstyle.md\/wp-content\/uploads\/2020\/06\/logoicon.svg","caption":"\u041c\u0430\u0433\u0430\u0437\u0438\u043d Xstyle"},"image":{"@id":"https:\/\/xstyle.md\/#\/schema\/logo\/image\/"},"sameAs":["https:\/\/www.facebook.com\/xstylemd","https:\/\/www.instagram.com\/xstyle_md\/","https:\/\/t.me\/xstyle_outdoor"],"hasMerchantReturnPolicy":{"@type":"MerchantReturnPolicy","merchantReturnLink":"https:\/\/xstyle.md\/ro\/conditions\/"}}]},"product_price_amount":"2870.00","product_price_currency":"MDL","og_availability":"instock","product_availability":"instock","product_retailer_item_id":"195208693281","product_condition":"new"},"post_mailing_queue_ids":[],"_links":{"self":[{"href":"https:\/\/xstyle.md\/ro\/wp-json\/wp\/v2\/product\/98897","targetHints":{"allow":["GET"]}}],"collection":[{"href":"https:\/\/xstyle.md\/ro\/wp-json\/wp\/v2\/product"}],"about":[{"href":"https:\/\/xstyle.md\/ro\/wp-json\/wp\/v2\/types\/product"}],"replies":[{"embeddable":true,"href":"https:\/\/xstyle.md\/ro\/wp-json\/wp\/v2\/comments?post=98897"}],"wp:featuredmedia":[{"embeddable":true,"href":"https:\/\/xstyle.md\/ro\/wp-json\/wp\/v2\/media\/102294"}],"wp:attachment":[{"href":"https:\/\/xstyle.md\/ro\/wp-json\/wp\/v2\/media?parent=98897"}],"wp:term":[{"taxonomy":"product_brand","embeddable":true,"href":"https:\/\/xstyle.md\/ro\/wp-json\/wp\/v2\/product_brand?post=98897"},{"taxonomy":"product_cat","embeddable":true,"href":"https:\/\/xstyle.md\/ro\/wp-json\/wp\/v2\/product_cat?post=98897"},{"taxonomy":"product_tag","embeddable":true,"href":"https:\/\/xstyle.md\/ro\/wp-json\/wp\/v2\/product_tag?post=98897"}],"curies":[{"name":"wp","href":"https:\/\/api.w.org\/{rel}","templated":true}]}}