{"id":98894,"date":"2025-12-24T19:20:32","date_gmt":"2025-12-24T16:20:32","guid":{"rendered":"https:\/\/xstyle.md\/?post_type=product&#038;p=98894"},"modified":"2026-03-17T12:48:12","modified_gmt":"2026-03-17T09:48:12","slug":"ochki-julbo-fury-white-rv-p1-3hc","status":"publish","type":"product","link":"https:\/\/xstyle.md\/ro\/produs\/ochki-julbo-fury-white-rv-p1-3hc\/","title":{"rendered":"Ochelari Julbo Fury white RV P1-3HC"},"content":{"rendered":"<\/p>\n<p><strong>Julbo Fury white RV P1-3HC<\/strong> &#8212; este o noutate spectaculoas\u0103 cu un design agresiv \u0219i lentil\u0103 cilindric\u0103 de la brandul francez, creat\u0103 special pentru vitez\u0103. Ace\u0219ti ochelari sunt echipa\u021bi cu o lentil\u0103 excelent ventilat\u0103, oferind o vizibilitate panoramic\u0103 \u00een orice pozi\u021bie. Liniile ascu\u021bite ale modelului nu reprezint\u0103 doar o tendin\u021b\u0103 modern\u0103 \u00een ciclism, ci \u00eembun\u0103t\u0103\u021besc \u0219i performan\u021bele tehnice. Sunt foarte u\u0219ori \u0219i compatibili cu toate tipurile de c\u0103\u0219ti.<\/p>\n<h3>Particularit\u0103\u021bi<\/h3>\n<ul>\n<li>Nose Grip &#8212; inser\u021bie flexibil\u0103 \u0219i amortizant\u0103 pe podul nazal<\/li>\n<li>Air Link Temple system &#8212; inser\u021bie din elastomer la cap\u0103tul bra\u021belor pentru un plus de u\u0219urin\u021b\u0103 \u0219i confort<\/li>\n<li>Full Venting &#8212; structur\u0103 foarte ventilat\u0103 care permite circula\u021bia aerului pentru a preveni aburirea<\/li>\n<li>Grip Tech &#8212; material exclusiv moale pe bra\u021be, care nu se lipe\u0219te de p\u0103r \u0219i asigur\u0103 o aderen\u021b\u0103 perfect\u0103<\/li>\n<li>Panoramic view &#8212; suprafa\u021b\u0103 larg\u0103 a lentilei pentru un c\u00e2mp vizual maxim<\/li>\n<li>Asian Fit &#8212; ergonomia ramei este adaptat\u0103 pentru fe\u021be mai \u00eenguste<\/li>\n<\/ul>\n<h3>Caracteristici<\/h3>\n<ul>\n<li>Tehnologie fotocromatic\u0103 &#8212; lentila se \u00eentunec\u0103 sau se lumineaz\u0103 \u00een func\u021bie de intensitatea luminii (categoria 1\u20133)<\/li>\n<li>VLT (transmisia luminii) &#8212; \u00eentre 13% \u0219i 72%<\/li>\n<li>Tratamente &#8212; strat anti-aburire la interior \u0219i strat oleofob la exterior (previne petele \u0219i faciliteaz\u0103 cur\u0103\u021barea)<\/li>\n<li>Avantaje &#8212; activare rapid\u0103 indiferent de temperatur\u0103; ofer\u0103 un contrast ridicat pentru citirea reliefului<\/li>\n<li>Culoare &#8212; Pink \/ Multilayer Blue (Roz cu reflexii albastre).<\/li>\n<li>Material &#8212; trivex<\/li>\n<li>\u00cen\u0103l\u021bime lentil\u0103 &#8212; 53 mm<\/li>\n<li>L\u0103\u021bime lentil\u0103 &#8212; 131 mm<\/li>\n<li>Lungime bra\u021be &#8212; 115 mm<\/li>\n<li>L\u0103\u021bime pod nazal &#8212; 15 mm<\/li>\n<li>Greutate &#8212; 25 g<\/li>\n<\/ul>\n<p><\/p>\n<h3>Marca<\/h3>\n<p>Julbo - este un brand francez de renume mondial care produce ochelari de sport de \u00eenalt\u0103 calitate, ochelari de protec\u021bie pentru sporturi nautice, alpinism la mare altitudine, m\u0103\u0219ti pentru sporturi de iarn\u0103, c\u0103\u0219ti de schi \u0219i multe altele. Istoria companiei dateaz\u0103 de mai bine de 130 de ani, iar \u00een acest timp a evoluat de la o mic\u0103 firm\u0103 de familie la un juc\u0103tor important pe pia\u021ba mondial\u0103. Julbo a devenit un adev\u0103rat expert \u0219i un punct de referin\u021b\u0103 \u00een dezvoltarea opticii pentru condi\u021bii extreme. Anii de experien\u021b\u0103 acumulat\u0103, tehnologia inovatoare \u0219i colaborarea cu sportivii au avut ca rezultat o gam\u0103 larg\u0103 de produse care au devenit foarte populare \u00een \u00eentreaga lume.<\/p>","protected":false},"excerpt":{"rendered":"<p>\u0411\u0440\u0435\u043d\u0434 Julbo \u2013 \u0432\u0441\u0435\u043c\u0438\u0440\u043d\u043e \u0438\u0437\u0432\u0435\u0441\u0442\u043d\u044b\u0439 \u0444\u0440\u0430\u043d\u0446\u0443\u0437\u0441\u043a\u0438\u0439 \u0431\u0440\u0435\u043d\u0434, \u0438\u0437\u0433\u043e\u0442\u043e\u0432\u043b\u044f\u044e\u0449\u0438\u0439 \u0432\u044b\u0441\u043e\u043a\u043e\u043a\u0430\u0447\u0435\u0441\u0442\u0432\u0435\u043d\u043d\u044b\u0435 \u0441\u043f\u043e\u0440\u0442\u0438\u0432\u043d\u044b\u0435 \u043e\u0447\u043a\u0438, \u043e\u0447\u043a\u0438 \u0434\u043b\u044f \u0432\u043e\u0434\u043d\u044b\u0445 \u0432\u0438\u0434\u043e\u0432 \u0441\u043f\u043e\u0440\u0442\u0430, \u0434\u043b\u044f \u0432\u044b\u0441\u043e\u043a\u043e\u0433\u043e\u0440\u043d\u043e\u0433\u043e \u0430\u043b\u044c\u043f\u0438\u043d\u0438\u0437\u043c\u0430, \u043c\u0430\u0441\u043a\u0438 \u0434\u043b\u044f \u0437\u0438\u043c\u043d\u0438\u0445 \u0432\u0438\u0434\u043e\u0432 \u0441\u043f\u043e\u0440\u0442\u0430, \u0433\u043e\u0440\u043d\u043e\u043b\u044b\u0436\u043d\u044b\u0435 \u0448\u043b\u0435\u043c\u044b \u0438 \u043c\u043d\u043e\u0433\u043e\u0435 \u0434\u0440\u0443\u0433\u043e\u0435. \u0418\u0441\u0442\u043e\u0440\u0438\u044f \u044d\u0442\u043e\u0439 \u043a\u043e\u043c\u043f\u0430\u043d\u0438\u0438 \u043d\u0430\u0441\u0447\u0438\u0442\u044b\u0432\u0430\u0435\u0442 \u0431\u043e\u043b\u0435\u0435 130 \u043b\u0435\u0442, \u0438 \u0437\u0430 \u044d\u0442\u043e \u0432\u0440\u0435\u043c\u044f \u043e\u043d\u0430 \u043f\u0440\u043e\u0448\u043b\u0430 \u043f\u0443\u0442\u044c \u043e\u0442 \u043c\u0430\u043b\u0435\u043d\u044c\u043a\u043e\u0439 \u0441\u0435\u043c\u0435\u0439\u043d\u043e\u0439 \u0444\u0438\u0440\u043c\u044b \u0434\u043e \u043a\u0440\u0443\u043f\u043d\u043e\u0433\u043e \u0438\u0433\u0440\u043e\u043a\u0430 \u043d\u0430 \u043c\u0438\u0440\u043e\u0432\u043e\u043c \u0440\u044b\u043d\u043a\u0435. Julbo \u0441\u0442\u0430\u043b [&hellip;]<\/p>\n","protected":false},"featured_media":103632,"comment_status":"open","ping_status":"closed","template":"","meta":{"_acf_changed":false,"inline_featured_image":false},"product_brand":[1294],"product_cat":[238],"product_tag":[],"class_list":{"0":"post-98894","1":"product","2":"type-product","3":"status-publish","4":"has-post-thumbnail","6":"product_brand-julbo","7":"product_cat-sunglasses-julbo","9":"first","10":"instock","11":"shipping-taxable","12":"purchasable","13":"product-type-simple"},"acf":[],"yoast_head":"<!-- This site is optimized with the Yoast SEO plugin v27.4 - https:\/\/yoast.com\/product\/yoast-seo-wordpress\/ -->\n<title>\u041e\u0447\u043a\u0438 Julbo Fury white RV P1-3HC - \u041c\u0430\u0433\u0430\u0437\u0438\u043d Xstyle<\/title>\n<meta name=\"robots\" content=\"index, follow, max-snippet:-1, max-image-preview:large, max-video-preview:-1\" \/>\n<link rel=\"canonical\" href=\"https:\/\/xstyle.md\/ro\/produs\/ochki-julbo-fury-white-rv-p1-3hc\/\" \/>\n<meta property=\"og:locale\" content=\"ro_RO\" \/>\n<meta property=\"og:type\" content=\"article\" \/>\n<meta property=\"og:title\" content=\"\u041e\u0447\u043a\u0438 Julbo Fury white RV P1-3HC - \u041c\u0430\u0433\u0430\u0437\u0438\u043d Xstyle\" \/>\n<meta property=\"og:description\" content=\"\u0411\u0440\u0435\u043d\u0434 Julbo \u2013 \u0432\u0441\u0435\u043c\u0438\u0440\u043d\u043e \u0438\u0437\u0432\u0435\u0441\u0442\u043d\u044b\u0439 \u0444\u0440\u0430\u043d\u0446\u0443\u0437\u0441\u043a\u0438\u0439 \u0431\u0440\u0435\u043d\u0434, \u0438\u0437\u0433\u043e\u0442\u043e\u0432\u043b\u044f\u044e\u0449\u0438\u0439 \u0432\u044b\u0441\u043e\u043a\u043e\u043a\u0430\u0447\u0435\u0441\u0442\u0432\u0435\u043d\u043d\u044b\u0435 \u0441\u043f\u043e\u0440\u0442\u0438\u0432\u043d\u044b\u0435 \u043e\u0447\u043a\u0438, \u043e\u0447\u043a\u0438 \u0434\u043b\u044f \u0432\u043e\u0434\u043d\u044b\u0445 \u0432\u0438\u0434\u043e\u0432 \u0441\u043f\u043e\u0440\u0442\u0430, \u0434\u043b\u044f \u0432\u044b\u0441\u043e\u043a\u043e\u0433\u043e\u0440\u043d\u043e\u0433\u043e \u0430\u043b\u044c\u043f\u0438\u043d\u0438\u0437\u043c\u0430, \u043c\u0430\u0441\u043a\u0438 \u0434\u043b\u044f \u0437\u0438\u043c\u043d\u0438\u0445 \u0432\u0438\u0434\u043e\u0432 \u0441\u043f\u043e\u0440\u0442\u0430, \u0433\u043e\u0440\u043d\u043e\u043b\u044b\u0436\u043d\u044b\u0435 \u0448\u043b\u0435\u043c\u044b \u0438 \u043c\u043d\u043e\u0433\u043e\u0435 \u0434\u0440\u0443\u0433\u043e\u0435. \u0418\u0441\u0442\u043e\u0440\u0438\u044f \u044d\u0442\u043e\u0439 \u043a\u043e\u043c\u043f\u0430\u043d\u0438\u0438 \u043d\u0430\u0441\u0447\u0438\u0442\u044b\u0432\u0430\u0435\u0442 \u0431\u043e\u043b\u0435\u0435 130 \u043b\u0435\u0442, \u0438 \u0437\u0430 \u044d\u0442\u043e \u0432\u0440\u0435\u043c\u044f \u043e\u043d\u0430 \u043f\u0440\u043e\u0448\u043b\u0430 \u043f\u0443\u0442\u044c \u043e\u0442 \u043c\u0430\u043b\u0435\u043d\u044c\u043a\u043e\u0439 \u0441\u0435\u043c\u0435\u0439\u043d\u043e\u0439 \u0444\u0438\u0440\u043c\u044b \u0434\u043e \u043a\u0440\u0443\u043f\u043d\u043e\u0433\u043e \u0438\u0433\u0440\u043e\u043a\u0430 \u043d\u0430 \u043c\u0438\u0440\u043e\u0432\u043e\u043c \u0440\u044b\u043d\u043a\u0435. Julbo \u0441\u0442\u0430\u043b [&hellip;]\" \/>\n<meta property=\"og:url\" content=\"https:\/\/xstyle.md\/ro\/produs\/ochki-julbo-fury-white-rv-p1-3hc\/\" \/>\n<meta property=\"og:site_name\" content=\"\u041c\u0430\u0433\u0430\u0437\u0438\u043d Xstyle\" \/>\n<meta property=\"article:publisher\" content=\"https:\/\/www.facebook.com\/xstylemd\" \/>\n<meta property=\"article:modified_time\" content=\"2026-03-17T09:48:12+00:00\" \/>\n<meta property=\"og:image\" content=\"https:\/\/xstyle.md\/wp-content\/uploads\/2025\/12\/julbo-fury-white-rv-p1-3hc-2.webp\" \/>\n\t<meta property=\"og:image:width\" content=\"1200\" \/>\n\t<meta property=\"og:image:height\" content=\"1200\" \/>\n\t<meta property=\"og:image:type\" content=\"image\/webp\" \/>\n<meta name=\"twitter:card\" content=\"summary_large_image\" \/>\n<meta name=\"twitter:label1\" content=\"Pre\u021b\" \/>\n\t<meta name=\"twitter:data1\" content=\"3.690&nbsp;MDL\" \/>\n\t<meta name=\"twitter:label2\" content=\"Disponibilitate\" \/>\n\t<meta name=\"twitter:data2\" content=\"\u00cen stoc\" \/>\n<script type=\"application\/ld+json\" class=\"yoast-schema-graph\">{\"@context\":\"https:\\\/\\\/schema.org\",\"@graph\":[{\"@type\":\"WebPage\",\"@id\":\"https:\\\/\\\/xstyle.md\\\/product\\\/ochki-julbo-fury-white-rv-p1-3hc\\\/\",\"url\":\"https:\\\/\\\/xstyle.md\\\/product\\\/ochki-julbo-fury-white-rv-p1-3hc\\\/\",\"name\":\"\u041e\u0447\u043a\u0438 Julbo Fury white RV P1-3HC - \u041c\u0430\u0433\u0430\u0437\u0438\u043d Xstyle\",\"isPartOf\":{\"@id\":\"https:\\\/\\\/xstyle.md\\\/#website\"},\"primaryImageOfPage\":{\"@id\":\"https:\\\/\\\/xstyle.md\\\/product\\\/ochki-julbo-fury-white-rv-p1-3hc\\\/#primaryimage\"},\"image\":{\"@id\":\"https:\\\/\\\/xstyle.md\\\/product\\\/ochki-julbo-fury-white-rv-p1-3hc\\\/#primaryimage\"},\"thumbnailUrl\":\"https:\\\/\\\/xstyle.md\\\/wp-content\\\/uploads\\\/2025\\\/12\\\/julbo-fury-white-rv-p1-3hc-2.webp\",\"datePublished\":\"2025-12-24T16:20:32+00:00\",\"dateModified\":\"2026-03-17T09:48:12+00:00\",\"breadcrumb\":{\"@id\":\"https:\\\/\\\/xstyle.md\\\/product\\\/ochki-julbo-fury-white-rv-p1-3hc\\\/#breadcrumb\"},\"inLanguage\":\"ro-RO\",\"potentialAction\":[{\"@type\":\"ReadAction\",\"target\":[\"https:\\\/\\\/xstyle.md\\\/product\\\/ochki-julbo-fury-white-rv-p1-3hc\\\/\"]}]},{\"@type\":\"ImageObject\",\"inLanguage\":\"ro-RO\",\"@id\":\"https:\\\/\\\/xstyle.md\\\/product\\\/ochki-julbo-fury-white-rv-p1-3hc\\\/#primaryimage\",\"url\":\"https:\\\/\\\/xstyle.md\\\/wp-content\\\/uploads\\\/2025\\\/12\\\/julbo-fury-white-rv-p1-3hc-2.webp\",\"contentUrl\":\"https:\\\/\\\/xstyle.md\\\/wp-content\\\/uploads\\\/2025\\\/12\\\/julbo-fury-white-rv-p1-3hc-2.webp\",\"width\":1200,\"height\":1200,\"caption\":\"\u041d\u043e\u0432\u043e\u0435 \u0441\u043f\u043e\u0440\u0442\u0438\u0432\u043d\u043e\u0435 \u0441\u043e\u043b\u043d\u0446\u0435\u0437\u0430\u0449\u0438\u0442\u043d\u043e\u0435 \u043e\u0447\u043a\u0438 Julbo Fury \u0431\u0435\u043b\u044b\u0439 RV P1-3HC \u0434\u043b\u044f \u0430\u043a\u0442\u0438\u0432\u043d\u043e\u0433\u043e \u043e\u0442\u0434\u044b\u0445\u0430, \u043f\u043e\u0445\u043e\u0434\u043e\u0432, \u0442\u0443\u0440\u0438\u0437\u043c\u0430 \u0438 \u043f\u0443\u0442\u0435\u0448\u0435\u0441\u0442\u0432\u0438\u0439 \u0434\u043b\u044f \u043e\u043d\u043b\u0430\u0439\u043d \u043c\u0430\u0433\u0430\u0437\u0438\u043d\u0430 \u0441\u043f\u043e\u0440\u0442\u0438\u0432\u043d\u043e\u0439 \u043e\u0434\u0435\u0436\u0434\u044b \u0438 \u043e\u0431\u0443\u0432\u0438\"},{\"@type\":\"BreadcrumbList\",\"@id\":\"https:\\\/\\\/xstyle.md\\\/product\\\/ochki-julbo-fury-white-rv-p1-3hc\\\/#breadcrumb\",\"itemListElement\":[{\"@type\":\"ListItem\",\"position\":1,\"name\":\"\u0413\u043b\u0430\u0432\u043d\u0430\u044f \u0441\u0442\u0440\u0430\u043d\u0438\u0446\u0430\",\"item\":\"https:\\\/\\\/xstyle.md\\\/\"},{\"@type\":\"ListItem\",\"position\":2,\"name\":\"\u041c\u0430\u0433\u0430\u0437\u0438\u043d\",\"item\":\"https:\\\/\\\/xstyle.md\\\/shop\\\/\"},{\"@type\":\"ListItem\",\"position\":3,\"name\":\"\u041e\u0447\u043a\u0438 Julbo Fury white RV P1-3HC\"}]},{\"@type\":\"WebSite\",\"@id\":\"https:\\\/\\\/xstyle.md\\\/#website\",\"url\":\"https:\\\/\\\/xstyle.md\\\/\",\"name\":\"\u041c\u0430\u0433\u0430\u0437\u0438\u043d Xstyle\",\"description\":\"C\u043d\u0430\u0440\u044f\u0436\u0435\u043d\u0438\u0435 \u0434\u043b\u044f \u0442\u0443\u0440\u0438\u0437\u043c\u0430 \u0438 \u044d\u043a\u0441\u0442\u0440\u0435\u043c\u0430\u043b\u044c\u043d\u044b\u0445 \u0432\u0438\u0434\u043e\u0432 \u0441\u043f\u043e\u0440\u0442\u0430 \u0432 \u041c\u043e\u043b\u0434\u043e\u0432\u0435.. \u0426\u0435\u043d\u044b, \u0444\u043e\u0442\u043e, \u0445\u0430\u0440\u0430\u043a\u0442\u0435\u0440\u0438\u0441\u0442\u0438\u043a\u0438 \u0432 \u041c\u043e\u043b\u0434\u043e\u0432\u0435.\",\"publisher\":{\"@id\":\"https:\\\/\\\/xstyle.md\\\/#organization\"},\"alternateName\":\"X-Style\",\"potentialAction\":[{\"@type\":\"SearchAction\",\"target\":{\"@type\":\"EntryPoint\",\"urlTemplate\":\"https:\\\/\\\/xstyle.md\\\/?s={search_term_string}\"},\"query-input\":{\"@type\":\"PropertyValueSpecification\",\"valueRequired\":true,\"valueName\":\"search_term_string\"}}],\"inLanguage\":\"ro-RO\"},{\"@type\":\"Organization\",\"@id\":\"https:\\\/\\\/xstyle.md\\\/#organization\",\"name\":\"\u041c\u0430\u0433\u0430\u0437\u0438\u043d Xstyle\",\"alternateName\":\"x-style\",\"url\":\"https:\\\/\\\/xstyle.md\\\/\",\"logo\":{\"@type\":\"ImageObject\",\"inLanguage\":\"ro-RO\",\"@id\":\"https:\\\/\\\/xstyle.md\\\/#\\\/schema\\\/logo\\\/image\\\/\",\"url\":\"https:\\\/\\\/xstyle.md\\\/wp-content\\\/uploads\\\/2020\\\/06\\\/logoicon.svg\",\"contentUrl\":\"https:\\\/\\\/xstyle.md\\\/wp-content\\\/uploads\\\/2020\\\/06\\\/logoicon.svg\",\"caption\":\"\u041c\u0430\u0433\u0430\u0437\u0438\u043d Xstyle\"},\"image\":{\"@id\":\"https:\\\/\\\/xstyle.md\\\/#\\\/schema\\\/logo\\\/image\\\/\"},\"sameAs\":[\"https:\\\/\\\/www.facebook.com\\\/xstylemd\",\"https:\\\/\\\/www.instagram.com\\\/xstyle_md\\\/\",\"https:\\\/\\\/t.me\\\/xstyle_outdoor\"],\"hasMerchantReturnPolicy\":{\"@type\":\"MerchantReturnPolicy\",\"merchantReturnLink\":\"https:\\\/\\\/xstyle.md\\\/ro\\\/conditions\\\/\"}}]}<\/script>\n<meta property=\"product:price:amount\" content=\"3690.00\" \/>\n<meta property=\"product:price:currency\" content=\"MDL\" \/>\n<meta property=\"og:availability\" content=\"instock\" \/>\n<meta property=\"product:availability\" content=\"instock\" \/>\n<meta property=\"product:retailer_item_id\" content=\"3660576961784\" \/>\n<meta property=\"product:condition\" content=\"new\" \/>\n<!-- \/ Yoast SEO plugin. -->","yoast_head_json":{"title":"\u041e\u0447\u043a\u0438 Julbo Fury white RV P1-3HC - \u041c\u0430\u0433\u0430\u0437\u0438\u043d Xstyle","robots":{"index":"index","follow":"follow","max-snippet":"max-snippet:-1","max-image-preview":"max-image-preview:large","max-video-preview":"max-video-preview:-1"},"canonical":"https:\/\/xstyle.md\/ro\/produs\/ochki-julbo-fury-white-rv-p1-3hc\/","og_locale":"ro_RO","og_type":"article","og_title":"\u041e\u0447\u043a\u0438 Julbo Fury white RV P1-3HC - \u041c\u0430\u0433\u0430\u0437\u0438\u043d Xstyle","og_description":"\u0411\u0440\u0435\u043d\u0434 Julbo \u2013 \u0432\u0441\u0435\u043c\u0438\u0440\u043d\u043e \u0438\u0437\u0432\u0435\u0441\u0442\u043d\u044b\u0439 \u0444\u0440\u0430\u043d\u0446\u0443\u0437\u0441\u043a\u0438\u0439 \u0431\u0440\u0435\u043d\u0434, \u0438\u0437\u0433\u043e\u0442\u043e\u0432\u043b\u044f\u044e\u0449\u0438\u0439 \u0432\u044b\u0441\u043e\u043a\u043e\u043a\u0430\u0447\u0435\u0441\u0442\u0432\u0435\u043d\u043d\u044b\u0435 \u0441\u043f\u043e\u0440\u0442\u0438\u0432\u043d\u044b\u0435 \u043e\u0447\u043a\u0438, \u043e\u0447\u043a\u0438 \u0434\u043b\u044f \u0432\u043e\u0434\u043d\u044b\u0445 \u0432\u0438\u0434\u043e\u0432 \u0441\u043f\u043e\u0440\u0442\u0430, \u0434\u043b\u044f \u0432\u044b\u0441\u043e\u043a\u043e\u0433\u043e\u0440\u043d\u043e\u0433\u043e \u0430\u043b\u044c\u043f\u0438\u043d\u0438\u0437\u043c\u0430, \u043c\u0430\u0441\u043a\u0438 \u0434\u043b\u044f \u0437\u0438\u043c\u043d\u0438\u0445 \u0432\u0438\u0434\u043e\u0432 \u0441\u043f\u043e\u0440\u0442\u0430, \u0433\u043e\u0440\u043d\u043e\u043b\u044b\u0436\u043d\u044b\u0435 \u0448\u043b\u0435\u043c\u044b \u0438 \u043c\u043d\u043e\u0433\u043e\u0435 \u0434\u0440\u0443\u0433\u043e\u0435. \u0418\u0441\u0442\u043e\u0440\u0438\u044f \u044d\u0442\u043e\u0439 \u043a\u043e\u043c\u043f\u0430\u043d\u0438\u0438 \u043d\u0430\u0441\u0447\u0438\u0442\u044b\u0432\u0430\u0435\u0442 \u0431\u043e\u043b\u0435\u0435 130 \u043b\u0435\u0442, \u0438 \u0437\u0430 \u044d\u0442\u043e \u0432\u0440\u0435\u043c\u044f \u043e\u043d\u0430 \u043f\u0440\u043e\u0448\u043b\u0430 \u043f\u0443\u0442\u044c \u043e\u0442 \u043c\u0430\u043b\u0435\u043d\u044c\u043a\u043e\u0439 \u0441\u0435\u043c\u0435\u0439\u043d\u043e\u0439 \u0444\u0438\u0440\u043c\u044b \u0434\u043e \u043a\u0440\u0443\u043f\u043d\u043e\u0433\u043e \u0438\u0433\u0440\u043e\u043a\u0430 \u043d\u0430 \u043c\u0438\u0440\u043e\u0432\u043e\u043c \u0440\u044b\u043d\u043a\u0435. Julbo \u0441\u0442\u0430\u043b [&hellip;]","og_url":"https:\/\/xstyle.md\/ro\/produs\/ochki-julbo-fury-white-rv-p1-3hc\/","og_site_name":"\u041c\u0430\u0433\u0430\u0437\u0438\u043d Xstyle","article_publisher":"https:\/\/www.facebook.com\/xstylemd","article_modified_time":"2026-03-17T09:48:12+00:00","og_image":[{"width":1200,"height":1200,"url":"https:\/\/xstyle.md\/wp-content\/uploads\/2025\/12\/julbo-fury-white-rv-p1-3hc-2.webp","type":"image\/webp"}],"twitter_card":"summary_large_image","twitter_misc":{"Pre\u021b":"3.690&nbsp;MDL","Disponibilitate":"\u00cen stoc"},"schema":{"@context":"https:\/\/schema.org","@graph":[{"@type":"WebPage","@id":"https:\/\/xstyle.md\/product\/ochki-julbo-fury-white-rv-p1-3hc\/","url":"https:\/\/xstyle.md\/product\/ochki-julbo-fury-white-rv-p1-3hc\/","name":"\u041e\u0447\u043a\u0438 Julbo Fury white RV P1-3HC - \u041c\u0430\u0433\u0430\u0437\u0438\u043d Xstyle","isPartOf":{"@id":"https:\/\/xstyle.md\/#website"},"primaryImageOfPage":{"@id":"https:\/\/xstyle.md\/product\/ochki-julbo-fury-white-rv-p1-3hc\/#primaryimage"},"image":{"@id":"https:\/\/xstyle.md\/product\/ochki-julbo-fury-white-rv-p1-3hc\/#primaryimage"},"thumbnailUrl":"https:\/\/xstyle.md\/wp-content\/uploads\/2025\/12\/julbo-fury-white-rv-p1-3hc-2.webp","datePublished":"2025-12-24T16:20:32+00:00","dateModified":"2026-03-17T09:48:12+00:00","breadcrumb":{"@id":"https:\/\/xstyle.md\/product\/ochki-julbo-fury-white-rv-p1-3hc\/#breadcrumb"},"inLanguage":"ro-RO","potentialAction":[{"@type":"ReadAction","target":["https:\/\/xstyle.md\/product\/ochki-julbo-fury-white-rv-p1-3hc\/"]}]},{"@type":"ImageObject","inLanguage":"ro-RO","@id":"https:\/\/xstyle.md\/product\/ochki-julbo-fury-white-rv-p1-3hc\/#primaryimage","url":"https:\/\/xstyle.md\/wp-content\/uploads\/2025\/12\/julbo-fury-white-rv-p1-3hc-2.webp","contentUrl":"https:\/\/xstyle.md\/wp-content\/uploads\/2025\/12\/julbo-fury-white-rv-p1-3hc-2.webp","width":1200,"height":1200,"caption":"\u041d\u043e\u0432\u043e\u0435 \u0441\u043f\u043e\u0440\u0442\u0438\u0432\u043d\u043e\u0435 \u0441\u043e\u043b\u043d\u0446\u0435\u0437\u0430\u0449\u0438\u0442\u043d\u043e\u0435 \u043e\u0447\u043a\u0438 Julbo Fury \u0431\u0435\u043b\u044b\u0439 RV P1-3HC \u0434\u043b\u044f \u0430\u043a\u0442\u0438\u0432\u043d\u043e\u0433\u043e \u043e\u0442\u0434\u044b\u0445\u0430, \u043f\u043e\u0445\u043e\u0434\u043e\u0432, \u0442\u0443\u0440\u0438\u0437\u043c\u0430 \u0438 \u043f\u0443\u0442\u0435\u0448\u0435\u0441\u0442\u0432\u0438\u0439 \u0434\u043b\u044f \u043e\u043d\u043b\u0430\u0439\u043d \u043c\u0430\u0433\u0430\u0437\u0438\u043d\u0430 \u0441\u043f\u043e\u0440\u0442\u0438\u0432\u043d\u043e\u0439 \u043e\u0434\u0435\u0436\u0434\u044b \u0438 \u043e\u0431\u0443\u0432\u0438"},{"@type":"BreadcrumbList","@id":"https:\/\/xstyle.md\/product\/ochki-julbo-fury-white-rv-p1-3hc\/#breadcrumb","itemListElement":[{"@type":"ListItem","position":1,"name":"\u0413\u043b\u0430\u0432\u043d\u0430\u044f \u0441\u0442\u0440\u0430\u043d\u0438\u0446\u0430","item":"https:\/\/xstyle.md\/"},{"@type":"ListItem","position":2,"name":"\u041c\u0430\u0433\u0430\u0437\u0438\u043d","item":"https:\/\/xstyle.md\/shop\/"},{"@type":"ListItem","position":3,"name":"\u041e\u0447\u043a\u0438 Julbo Fury white RV P1-3HC"}]},{"@type":"WebSite","@id":"https:\/\/xstyle.md\/#website","url":"https:\/\/xstyle.md\/","name":"Magazinul X-Style","description":"Echipamente pentru turism \u0219i sporturi extreme \u00een Moldova. Pre\u021buri, fotografii, caracteristici \u00een Moldova.","publisher":{"@id":"https:\/\/xstyle.md\/#organization"},"alternateName":"X-Style","potentialAction":[{"@type":"SearchAction","target":{"@type":"EntryPoint","urlTemplate":"https:\/\/xstyle.md\/?s={search_term_string}"},"query-input":{"@type":"PropertyValueSpecification","valueRequired":true,"valueName":"search_term_string"}}],"inLanguage":"ro-RO"},{"@type":"Organization","@id":"https:\/\/xstyle.md\/#organization","name":"Magazinul X-Style","alternateName":"x-style","url":"https:\/\/xstyle.md\/","logo":{"@type":"ImageObject","inLanguage":"ro-RO","@id":"https:\/\/xstyle.md\/#\/schema\/logo\/image\/","url":"https:\/\/xstyle.md\/wp-content\/uploads\/2020\/06\/logoicon.svg","contentUrl":"https:\/\/xstyle.md\/wp-content\/uploads\/2020\/06\/logoicon.svg","caption":"\u041c\u0430\u0433\u0430\u0437\u0438\u043d Xstyle"},"image":{"@id":"https:\/\/xstyle.md\/#\/schema\/logo\/image\/"},"sameAs":["https:\/\/www.facebook.com\/xstylemd","https:\/\/www.instagram.com\/xstyle_md\/","https:\/\/t.me\/xstyle_outdoor"],"hasMerchantReturnPolicy":{"@type":"MerchantReturnPolicy","merchantReturnLink":"https:\/\/xstyle.md\/ro\/conditions\/"}}]},"product_price_amount":"3690.00","product_price_currency":"MDL","og_availability":"instock","product_availability":"instock","product_retailer_item_id":"3660576961784","product_condition":"new"},"post_mailing_queue_ids":[],"_links":{"self":[{"href":"https:\/\/xstyle.md\/ro\/wp-json\/wp\/v2\/product\/98894","targetHints":{"allow":["GET"]}}],"collection":[{"href":"https:\/\/xstyle.md\/ro\/wp-json\/wp\/v2\/product"}],"about":[{"href":"https:\/\/xstyle.md\/ro\/wp-json\/wp\/v2\/types\/product"}],"replies":[{"embeddable":true,"href":"https:\/\/xstyle.md\/ro\/wp-json\/wp\/v2\/comments?post=98894"}],"wp:featuredmedia":[{"embeddable":true,"href":"https:\/\/xstyle.md\/ro\/wp-json\/wp\/v2\/media\/103632"}],"wp:attachment":[{"href":"https:\/\/xstyle.md\/ro\/wp-json\/wp\/v2\/media?parent=98894"}],"wp:term":[{"taxonomy":"product_brand","embeddable":true,"href":"https:\/\/xstyle.md\/ro\/wp-json\/wp\/v2\/product_brand?post=98894"},{"taxonomy":"product_cat","embeddable":true,"href":"https:\/\/xstyle.md\/ro\/wp-json\/wp\/v2\/product_cat?post=98894"},{"taxonomy":"product_tag","embeddable":true,"href":"https:\/\/xstyle.md\/ro\/wp-json\/wp\/v2\/product_tag?post=98894"}],"curies":[{"name":"wp","href":"https:\/\/api.w.org\/{rel}","templated":true}]}}