{"id":98029,"date":"2025-11-19T17:23:02","date_gmt":"2025-11-19T14:23:02","guid":{"rendered":"https:\/\/xstyle.md\/?post_type=product&#038;p=98029"},"modified":"2026-03-30T18:12:06","modified_gmt":"2026-03-30T15:12:06","slug":"termofutbolka-turbat-retezat-top-mns-caviar-black","status":"publish","type":"product","link":"https:\/\/dev.xstyle.md\/ro\/produs\/termofutbolka-turbat-retezat-top-mns-caviar-black\/","title":{"rendered":"Tricou termic Turbat Retezat Top Mns caviar black"},"content":{"rendered":"<p><\/p>\n<p><strong>Turbat Retezat Top<\/strong> &#8212; este o bluz\u0103 termic\u0103 pentru b\u0103rba\u021bi, cu m\u00e2nec\u0103 lung\u0103 \u0219i croial\u0103 anatomic\u0103, conceput\u0103 pentru activit\u0103\u021bi \u00een condi\u021bii de vreme rece. Compozi\u021bia include 15% l\u00e2n\u0103 merino, care asigur\u0103 o c\u0103ldur\u0103 natural\u0103 \u0219i o termoreglare confortabil\u0103. Combina\u021bia de l\u00e2n\u0103 \u0219i poliester (15\/85) face acest model extrem de practic pentru drume\u021bii lungi \u0219i c\u0103l\u0103torii: materialul re\u021bine mai pu\u021bine mirosuri nepl\u0103cute, se usuc\u0103 mai repede \u0219i este potrivit pentru utilizarea pe parcursul mai multor zile consecutive.<\/p>\n<p>Cus\u0103turile plate \u0219i croiala bine g\u00e2ndit\u0103 nu restric\u021bioneaz\u0103 mi\u0219c\u0103rile \u0219i men\u021bin confortul chiar \u0219i \u00een timpul purt\u0103rii prelungite. Bluza termic\u0103 este la fel de potrivit\u0103 pentru drume\u021bii montane, plimb\u0103ri \u00een Carpa\u021bi, schi cu intensitate medie, c\u0103l\u0103torii de tip \u201eora\u0219 + natur\u0103\u201d sau pentru utilizarea cotidian\u0103 \u00een zilele friguroase.<\/p>\n<h3>Particularit\u0103\u021bi<\/h3>\n<ul>\n<li>15% l\u00e2n\u0103 merino &#8212; c\u0103ldur\u0103 natural\u0103, confort la varia\u021bii de temperatur\u0103 \u0219i o senza\u021bie tactil\u0103 pl\u0103cut\u0103<\/li>\n<li>Compozi\u021bie echilibrat\u0103 (l\u00e2n\u0103\/poliester 15\/85) &#8212; optim\u0103 pentru expedi\u021bii lungi; materialul acumuleaz\u0103 mai pu\u021bine mirosuri \u0219i se usuc\u0103 rapid<\/li>\n<li>Termoreglare eficient\u0103 &#8212; ajut\u0103 la men\u021binerea c\u0103ldurii \u00een repaus \u0219i previne supra\u00eenc\u0103lzirea \u00een timpul mi\u0219c\u0103rii<\/li>\n<li>Evacuarea rapid\u0103 a umidit\u0103\u021bii &#8212; corpul r\u0103m\u00e2ne uscat chiar \u0219i \u00een timpul efortului activ<\/li>\n<li>Cus\u0103turi plate &#8212; minimizeaz\u0103 riscul de irita\u021bii \u00een timpul purt\u0103rii prelungite sau sub rucsac<\/li>\n<li>Croial\u0103 anatomic\u0103 &#8212; urm\u0103re\u0219te mi\u0219c\u0103rile corpului, f\u0103r\u0103 a restric\u021biona pasul sau urc\u0103rile<\/li>\n<li>Utilizare \u00eendelungat\u0103 &#8212; ideal\u0103 pentru drume\u021bii \u0219i c\u0103l\u0103torii de mai multe zile, f\u0103r\u0103 a necesita sp\u0103l\u0103ri frecvente<\/li>\n<\/ul>\n<h3>Caracteristici<\/h3>\n<ul>\n<li>Material &#8212; 85% poliester, 15% l\u00e2n\u0103 Merino (140 g\/m\u00b2)<\/li>\n<li>Sezon &#8212; Prim\u0103var\u0103 \/ Toamn\u0103 \/ Iarn\u0103<\/li>\n<li>Utilizare &#8212; Trekking \/ Hiking \/ Camping \/ Turism<\/li>\n<li>Model - b\u0103rba\u021bi<\/li>\n<\/ul>\n<p><\/p>\n<h3>Marca<\/h3>\n<p>Turbat este un brand ucrainean care d\u0103r\u00e2m\u0103 toate stereotipurile \u0219i miturile legate de produsele autohtone \u0219i atitudinea p\u0103rtinitoare fa\u021b\u0103 de acestea. Brandul a demonstrat c\u0103 produc\u0103torul local nu cedeaz\u0103 cu nimic \u00een fa\u021ba calit\u0103\u021bii \u0219i durabilit\u0103\u021bii produselor de import. Echipamentele Turbat sunt adaptate realit\u0103\u021bilor din latitudinile noastre \u0219i vegeta\u021biei s\u0103lbatice a Carpa\u021bilor, cu arbori dobor\u00e2\u021bi \u0219i c\u0103r\u0103ri neumblate, care pot fi dep\u0103\u0219ite doar purt\u00e2nd haine \u0219i folosind un echipament de o rezisten\u021b\u0103 deosebit\u0103. Nu degeaba creatorii au \u00eemprumutat numele companiei de la r\u00e2ul Turbat \u2013 o ap\u0103 de o frumuse\u021be \u0219i puritate incredibile, dar, \u00een acela\u0219i timp, extrem de periculoas\u0103 \u0219i greu accesibil\u0103.<\/p>\n<p>Turbat ofer\u0103 clien\u021bilor s\u0103i \u00eembr\u0103c\u0103minte \u0219i echipament at\u00e2t pentru recreerea de var\u0103, c\u00e2t \u0219i pentru cea de iarn\u0103. Hainele, \u00eenc\u0103l\u021b\u0103mintea, corturile, sacii de dormit \u0219i rucsacurile de calitate, la pre\u021buri accesibile \u0219i cu un design unic, sunt doar o parte din portofoliul companiei. \u00cen plus, produc\u0103torul \u021bine cont de interesele diferitelor categorii de consumatori, oferind game dedicate pentru copii, b\u0103rba\u021bi \u0219i femei.<\/p>\n<p>Turbat are grij\u0103 de confortul \u0219i siguran\u021ba clien\u021bilor s\u0103i, inspir\u00e2ndu-i spre sporturi active, relaxare \u00een natur\u0103, c\u0103l\u0103torii romantice \u0219i aventuri memorabile.<\/p>","protected":false},"excerpt":{"rendered":"<p>\u0411\u0440\u0435\u043d\u0434 Turbat \u2013 \u0443\u043a\u0440\u0430\u0438\u043d\u0441\u043a\u0438\u0439 \u0431\u0440\u0435\u043d\u0434, \u043b\u043e\u043c\u0430\u044e\u0449\u0438\u0439 \u0432\u0441\u0435 \u0441\u0442\u0435\u0440\u0435\u043e\u0442\u0438\u043f\u044b \u0438 \u043c\u0438\u0444\u044b \u043e\u0431 \u0443\u043a\u0440\u0430\u0438\u043d\u0441\u043a\u043e\u0439 \u043f\u0440\u043e\u0434\u0443\u043a\u0446\u0438\u0438 \u0438 \u043f\u0440\u0435\u0434\u0432\u0437\u044f\u0442\u043e\u043c \u043a \u043d\u0435\u0439 \u043e\u0442\u043d\u043e\u0448\u0435\u043d\u0438\u0438. \u041e\u043d \u0434\u043e\u043a\u0430\u0437\u0430\u043b,<\/p>","protected":false},"featured_media":104493,"comment_status":"open","ping_status":"closed","template":"","meta":{"_acf_changed":false,"inline_featured_image":false},"product_brand":[1469],"product_cat":[288],"product_tag":[],"class_list":{"0":"post-98029","1":"product","2":"type-product","3":"status-publish","4":"has-post-thumbnail","6":"product_brand-turbat","7":"product_cat-thermals-barbati","9":"first","10":"instock","11":"shipping-taxable","12":"purchasable","13":"product-type-simple"},"acf":[],"yoast_head":"<!-- This site is optimized with the Yoast SEO plugin v27.4 - https:\/\/yoast.com\/product\/yoast-seo-wordpress\/ -->\n<title>\u0422\u0435\u0440\u043c\u043e\u0444\u0443\u0442\u0431\u043e\u043b\u043a\u0430 Turbat Retezat Top Mns caviar black - \u041c\u0430\u0433\u0430\u0437\u0438\u043d Xstyle<\/title>\n<meta name=\"robots\" content=\"noindex, follow, max-snippet:-1, max-image-preview:large, max-video-preview:-1\" \/>\n<meta property=\"og:locale\" content=\"ro_RO\" \/>\n<meta property=\"og:type\" content=\"article\" \/>\n<meta property=\"og:title\" content=\"\u0422\u0435\u0440\u043c\u043e\u0444\u0443\u0442\u0431\u043e\u043b\u043a\u0430 Turbat Retezat Top Mns caviar black - \u041c\u0430\u0433\u0430\u0437\u0438\u043d Xstyle\" \/>\n<meta property=\"og:description\" content=\"\u0411\u0440\u0435\u043d\u0434 Turbat \u2013 \u0443\u043a\u0440\u0430\u0438\u043d\u0441\u043a\u0438\u0439 \u0431\u0440\u0435\u043d\u0434, \u043b\u043e\u043c\u0430\u044e\u0449\u0438\u0439 \u0432\u0441\u0435 \u0441\u0442\u0435\u0440\u0435\u043e\u0442\u0438\u043f\u044b \u0438 \u043c\u0438\u0444\u044b \u043e\u0431 \u0443\u043a\u0440\u0430\u0438\u043d\u0441\u043a\u043e\u0439 \u043f\u0440\u043e\u0434\u0443\u043a\u0446\u0438\u0438 \u0438 \u043f\u0440\u0435\u0434\u0432\u0437\u044f\u0442\u043e\u043c \u043a \u043d\u0435\u0439 \u043e\u0442\u043d\u043e\u0448\u0435\u043d\u0438\u0438. \u041e\u043d \u0434\u043e\u043a\u0430\u0437\u0430\u043b,\" \/>\n<meta property=\"og:url\" content=\"https:\/\/dev.xstyle.md\/ro\/produs\/termofutbolka-turbat-retezat-top-mns-caviar-black\/\" \/>\n<meta property=\"og:site_name\" content=\"\u041c\u0430\u0433\u0430\u0437\u0438\u043d Xstyle\" \/>\n<meta property=\"article:publisher\" content=\"https:\/\/www.facebook.com\/xstylemd\" \/>\n<meta property=\"article:modified_time\" content=\"2026-03-30T15:12:06+00:00\" \/>\n<meta property=\"og:image\" content=\"https:\/\/dev.xstyle.md\/wp-content\/uploads\/2025\/11\/turbat-retezat-top-mns-caviar-black-.webp\" \/>\n\t<meta property=\"og:image:width\" content=\"1200\" \/>\n\t<meta property=\"og:image:height\" content=\"1200\" \/>\n\t<meta property=\"og:image:type\" content=\"image\/webp\" \/>\n<meta name=\"twitter:card\" content=\"summary_large_image\" \/>\n<meta name=\"twitter:label1\" content=\"Pre\u021b\" \/>\n\t<meta name=\"twitter:data1\" content=\"650,00&nbsp;MDL\" \/>\n\t<meta name=\"twitter:label2\" content=\"Disponibilitate\" \/>\n\t<meta name=\"twitter:data2\" content=\"\u00cen stoc\" \/>\n<script type=\"application\/ld+json\" class=\"yoast-schema-graph\">{\"@context\":\"https:\\\/\\\/schema.org\",\"@graph\":[{\"@type\":\"WebPage\",\"@id\":\"https:\\\/\\\/dev.xstyle.md\\\/product\\\/termofutbolka-turbat-retezat-top-mns-caviar-black\\\/\",\"url\":\"https:\\\/\\\/dev.xstyle.md\\\/product\\\/termofutbolka-turbat-retezat-top-mns-caviar-black\\\/\",\"name\":\"\u0422\u0435\u0440\u043c\u043e\u0444\u0443\u0442\u0431\u043e\u043b\u043a\u0430 Turbat Retezat Top Mns caviar black - \u041c\u0430\u0433\u0430\u0437\u0438\u043d Xstyle\",\"isPartOf\":{\"@id\":\"https:\\\/\\\/dev.xstyle.md\\\/#website\"},\"primaryImageOfPage\":{\"@id\":\"https:\\\/\\\/dev.xstyle.md\\\/product\\\/termofutbolka-turbat-retezat-top-mns-caviar-black\\\/#primaryimage\"},\"image\":{\"@id\":\"https:\\\/\\\/dev.xstyle.md\\\/product\\\/termofutbolka-turbat-retezat-top-mns-caviar-black\\\/#primaryimage\"},\"thumbnailUrl\":\"https:\\\/\\\/dev.xstyle.md\\\/wp-content\\\/uploads\\\/2025\\\/11\\\/turbat-retezat-top-mns-caviar-black-.webp\",\"datePublished\":\"2025-11-19T14:23:02+00:00\",\"dateModified\":\"2026-03-30T15:12:06+00:00\",\"breadcrumb\":{\"@id\":\"https:\\\/\\\/dev.xstyle.md\\\/product\\\/termofutbolka-turbat-retezat-top-mns-caviar-black\\\/#breadcrumb\"},\"inLanguage\":\"ro-RO\",\"potentialAction\":[{\"@type\":\"ReadAction\",\"target\":[\"https:\\\/\\\/dev.xstyle.md\\\/product\\\/termofutbolka-turbat-retezat-top-mns-caviar-black\\\/\"]}]},{\"@type\":\"ImageObject\",\"inLanguage\":\"ro-RO\",\"@id\":\"https:\\\/\\\/dev.xstyle.md\\\/product\\\/termofutbolka-turbat-retezat-top-mns-caviar-black\\\/#primaryimage\",\"url\":\"https:\\\/\\\/dev.xstyle.md\\\/wp-content\\\/uploads\\\/2025\\\/11\\\/turbat-retezat-top-mns-caviar-black-.webp\",\"contentUrl\":\"https:\\\/\\\/dev.xstyle.md\\\/wp-content\\\/uploads\\\/2025\\\/11\\\/turbat-retezat-top-mns-caviar-black-.webp\",\"width\":1200,\"height\":1200,\"caption\":\"\u0422\u0435\u0440\u043c\u043e\u0444\u0443\u0442\u0431\u043e\u043b\u043a\u0430 Turbat Retezat Top Mns \u0434\u043b\u044f \u0430\u043a\u0442\u0438\u0432\u043d\u043e\u0433\u043e \u043e\u0442\u0434\u044b\u0445\u0430, \u043f\u043e\u0445\u043e\u0434\u043e\u0432, \u0430\u043b\u044c\u043f\u0438\u043d\u0438\u0437\u043c\u0430, \u043f\u0443\u0442\u0435\u0448\u0435\u0441\u0442\u0432\u0438\u0439, \u0441\u043f\u043e\u0440\u0442\u0438\u0432\u043d\u043e\u0439 \u043e\u0434\u0435\u0436\u0434\u044b \u0438 \u043e\u0431\u0443\u0432\u0438 \u0434\u043b\u044f outdoor \u0436\u0438\u0437\u043d\u0438\"},{\"@type\":\"BreadcrumbList\",\"@id\":\"https:\\\/\\\/dev.xstyle.md\\\/product\\\/termofutbolka-turbat-retezat-top-mns-caviar-black\\\/#breadcrumb\",\"itemListElement\":[{\"@type\":\"ListItem\",\"position\":1,\"name\":\"\u0413\u043b\u0430\u0432\u043d\u0430\u044f \u0441\u0442\u0440\u0430\u043d\u0438\u0446\u0430\",\"item\":\"https:\\\/\\\/dev.xstyle.md\\\/\"},{\"@type\":\"ListItem\",\"position\":2,\"name\":\"Shop\",\"item\":\"https:\\\/\\\/dev.xstyle.md\\\/shop\\\/\"},{\"@type\":\"ListItem\",\"position\":3,\"name\":\"\u0422\u0435\u0440\u043c\u043e\u0444\u0443\u0442\u0431\u043e\u043b\u043a\u0430 Turbat Retezat Top Mns caviar black\"}]},{\"@type\":\"WebSite\",\"@id\":\"https:\\\/\\\/dev.xstyle.md\\\/#website\",\"url\":\"https:\\\/\\\/dev.xstyle.md\\\/\",\"name\":\"\u041c\u0430\u0433\u0430\u0437\u0438\u043d Xstyle\",\"description\":\"C\u043d\u0430\u0440\u044f\u0436\u0435\u043d\u0438\u0435 \u0434\u043b\u044f \u0442\u0443\u0440\u0438\u0437\u043c\u0430 \u0438 \u044d\u043a\u0441\u0442\u0440\u0435\u043c\u0430\u043b\u044c\u043d\u044b\u0445 \u0432\u0438\u0434\u043e\u0432 \u0441\u043f\u043e\u0440\u0442\u0430 \u0432 \u041c\u043e\u043b\u0434\u043e\u0432\u0435.. \u0426\u0435\u043d\u044b, \u0444\u043e\u0442\u043e, \u0445\u0430\u0440\u0430\u043a\u0442\u0435\u0440\u0438\u0441\u0442\u0438\u043a\u0438 \u0432 \u041c\u043e\u043b\u0434\u043e\u0432\u0435.\",\"publisher\":{\"@id\":\"https:\\\/\\\/dev.xstyle.md\\\/#organization\"},\"alternateName\":\"X-Style\",\"potentialAction\":[{\"@type\":\"SearchAction\",\"target\":{\"@type\":\"EntryPoint\",\"urlTemplate\":\"https:\\\/\\\/dev.xstyle.md\\\/?s={search_term_string}\"},\"query-input\":{\"@type\":\"PropertyValueSpecification\",\"valueRequired\":true,\"valueName\":\"search_term_string\"}}],\"inLanguage\":\"ro-RO\"},{\"@type\":\"Organization\",\"@id\":\"https:\\\/\\\/dev.xstyle.md\\\/#organization\",\"name\":\"\u041c\u0430\u0433\u0430\u0437\u0438\u043d Xstyle\",\"alternateName\":\"x-style\",\"url\":\"https:\\\/\\\/dev.xstyle.md\\\/\",\"logo\":{\"@type\":\"ImageObject\",\"inLanguage\":\"ro-RO\",\"@id\":\"https:\\\/\\\/dev.xstyle.md\\\/#\\\/schema\\\/logo\\\/image\\\/\",\"url\":\"https:\\\/\\\/dev.xstyle.md\\\/wp-content\\\/uploads\\\/2020\\\/06\\\/logoicon.svg\",\"contentUrl\":\"https:\\\/\\\/dev.xstyle.md\\\/wp-content\\\/uploads\\\/2020\\\/06\\\/logoicon.svg\",\"caption\":\"\u041c\u0430\u0433\u0430\u0437\u0438\u043d Xstyle\"},\"image\":{\"@id\":\"https:\\\/\\\/dev.xstyle.md\\\/#\\\/schema\\\/logo\\\/image\\\/\"},\"sameAs\":[\"https:\\\/\\\/www.facebook.com\\\/xstylemd\",\"https:\\\/\\\/www.instagram.com\\\/xstyle_md\\\/\",\"https:\\\/\\\/t.me\\\/xstyle_outdoor\"],\"hasMerchantReturnPolicy\":{\"@type\":\"MerchantReturnPolicy\",\"merchantReturnLink\":\"https:\\\/\\\/dev.xstyle.md\\\/ro\\\/conditions\\\/\"}}]}<\/script>\n<meta property=\"product:price:amount\" content=\"650.00\" \/>\n<meta property=\"product:price:currency\" content=\"MDL\" \/>\n<meta property=\"og:availability\" content=\"instock\" \/>\n<meta property=\"product:availability\" content=\"instock\" \/>\n<meta property=\"product:retailer_item_id\" content=\"4823100516310\" \/>\n<meta property=\"product:condition\" content=\"new\" \/>\n<!-- \/ Yoast SEO plugin. -->","yoast_head_json":{"title":"\u0422\u0435\u0440\u043c\u043e\u0444\u0443\u0442\u0431\u043e\u043b\u043a\u0430 Turbat Retezat Top Mns caviar black - \u041c\u0430\u0433\u0430\u0437\u0438\u043d Xstyle","robots":{"index":"noindex","follow":"follow","max-snippet":"max-snippet:-1","max-image-preview":"max-image-preview:large","max-video-preview":"max-video-preview:-1"},"og_locale":"ro_RO","og_type":"article","og_title":"\u0422\u0435\u0440\u043c\u043e\u0444\u0443\u0442\u0431\u043e\u043b\u043a\u0430 Turbat Retezat Top Mns caviar black - \u041c\u0430\u0433\u0430\u0437\u0438\u043d Xstyle","og_description":"\u0411\u0440\u0435\u043d\u0434 Turbat \u2013 \u0443\u043a\u0440\u0430\u0438\u043d\u0441\u043a\u0438\u0439 \u0431\u0440\u0435\u043d\u0434, \u043b\u043e\u043c\u0430\u044e\u0449\u0438\u0439 \u0432\u0441\u0435 \u0441\u0442\u0435\u0440\u0435\u043e\u0442\u0438\u043f\u044b \u0438 \u043c\u0438\u0444\u044b \u043e\u0431 \u0443\u043a\u0440\u0430\u0438\u043d\u0441\u043a\u043e\u0439 \u043f\u0440\u043e\u0434\u0443\u043a\u0446\u0438\u0438 \u0438 \u043f\u0440\u0435\u0434\u0432\u0437\u044f\u0442\u043e\u043c \u043a \u043d\u0435\u0439 \u043e\u0442\u043d\u043e\u0448\u0435\u043d\u0438\u0438. \u041e\u043d \u0434\u043e\u043a\u0430\u0437\u0430\u043b,","og_url":"https:\/\/dev.xstyle.md\/ro\/produs\/termofutbolka-turbat-retezat-top-mns-caviar-black\/","og_site_name":"\u041c\u0430\u0433\u0430\u0437\u0438\u043d Xstyle","article_publisher":"https:\/\/www.facebook.com\/xstylemd","article_modified_time":"2026-03-30T15:12:06+00:00","og_image":[{"width":1200,"height":1200,"url":"https:\/\/dev.xstyle.md\/wp-content\/uploads\/2025\/11\/turbat-retezat-top-mns-caviar-black-.webp","type":"image\/webp"}],"twitter_card":"summary_large_image","twitter_misc":{"Pre\u021b":"650,00&nbsp;MDL","Disponibilitate":"\u00cen stoc"},"schema":{"@context":"https:\/\/schema.org","@graph":[{"@type":"WebPage","@id":"https:\/\/dev.xstyle.md\/product\/termofutbolka-turbat-retezat-top-mns-caviar-black\/","url":"https:\/\/dev.xstyle.md\/product\/termofutbolka-turbat-retezat-top-mns-caviar-black\/","name":"\u0422\u0435\u0440\u043c\u043e\u0444\u0443\u0442\u0431\u043e\u043b\u043a\u0430 Turbat Retezat Top Mns caviar black - \u041c\u0430\u0433\u0430\u0437\u0438\u043d Xstyle","isPartOf":{"@id":"https:\/\/dev.xstyle.md\/#website"},"primaryImageOfPage":{"@id":"https:\/\/dev.xstyle.md\/product\/termofutbolka-turbat-retezat-top-mns-caviar-black\/#primaryimage"},"image":{"@id":"https:\/\/dev.xstyle.md\/product\/termofutbolka-turbat-retezat-top-mns-caviar-black\/#primaryimage"},"thumbnailUrl":"https:\/\/dev.xstyle.md\/wp-content\/uploads\/2025\/11\/turbat-retezat-top-mns-caviar-black-.webp","datePublished":"2025-11-19T14:23:02+00:00","dateModified":"2026-03-30T15:12:06+00:00","breadcrumb":{"@id":"https:\/\/dev.xstyle.md\/product\/termofutbolka-turbat-retezat-top-mns-caviar-black\/#breadcrumb"},"inLanguage":"ro-RO","potentialAction":[{"@type":"ReadAction","target":["https:\/\/dev.xstyle.md\/product\/termofutbolka-turbat-retezat-top-mns-caviar-black\/"]}]},{"@type":"ImageObject","inLanguage":"ro-RO","@id":"https:\/\/dev.xstyle.md\/product\/termofutbolka-turbat-retezat-top-mns-caviar-black\/#primaryimage","url":"https:\/\/dev.xstyle.md\/wp-content\/uploads\/2025\/11\/turbat-retezat-top-mns-caviar-black-.webp","contentUrl":"https:\/\/dev.xstyle.md\/wp-content\/uploads\/2025\/11\/turbat-retezat-top-mns-caviar-black-.webp","width":1200,"height":1200,"caption":"\u0422\u0435\u0440\u043c\u043e\u0444\u0443\u0442\u0431\u043e\u043b\u043a\u0430 Turbat Retezat Top Mns \u0434\u043b\u044f \u0430\u043a\u0442\u0438\u0432\u043d\u043e\u0433\u043e \u043e\u0442\u0434\u044b\u0445\u0430, \u043f\u043e\u0445\u043e\u0434\u043e\u0432, \u0430\u043b\u044c\u043f\u0438\u043d\u0438\u0437\u043c\u0430, \u043f\u0443\u0442\u0435\u0448\u0435\u0441\u0442\u0432\u0438\u0439, \u0441\u043f\u043e\u0440\u0442\u0438\u0432\u043d\u043e\u0439 \u043e\u0434\u0435\u0436\u0434\u044b \u0438 \u043e\u0431\u0443\u0432\u0438 \u0434\u043b\u044f outdoor \u0436\u0438\u0437\u043d\u0438"},{"@type":"BreadcrumbList","@id":"https:\/\/dev.xstyle.md\/product\/termofutbolka-turbat-retezat-top-mns-caviar-black\/#breadcrumb","itemListElement":[{"@type":"ListItem","position":1,"name":"\u0413\u043b\u0430\u0432\u043d\u0430\u044f \u0441\u0442\u0440\u0430\u043d\u0438\u0446\u0430","item":"https:\/\/dev.xstyle.md\/"},{"@type":"ListItem","position":2,"name":"Shop","item":"https:\/\/dev.xstyle.md\/shop\/"},{"@type":"ListItem","position":3,"name":"\u0422\u0435\u0440\u043c\u043e\u0444\u0443\u0442\u0431\u043e\u043b\u043a\u0430 Turbat Retezat Top Mns caviar black"}]},{"@type":"WebSite","@id":"https:\/\/dev.xstyle.md\/#website","url":"https:\/\/dev.xstyle.md\/","name":"Magazinul X-Style","description":"Echipamente pentru turism \u0219i sporturi extreme \u00een Moldova. Pre\u021buri, fotografii, caracteristici \u00een Moldova.","publisher":{"@id":"https:\/\/dev.xstyle.md\/#organization"},"alternateName":"X-Style","potentialAction":[{"@type":"SearchAction","target":{"@type":"EntryPoint","urlTemplate":"https:\/\/dev.xstyle.md\/?s={search_term_string}"},"query-input":{"@type":"PropertyValueSpecification","valueRequired":true,"valueName":"search_term_string"}}],"inLanguage":"ro-RO"},{"@type":"Organization","@id":"https:\/\/dev.xstyle.md\/#organization","name":"Magazinul X-Style","alternateName":"x-style","url":"https:\/\/dev.xstyle.md\/","logo":{"@type":"ImageObject","inLanguage":"ro-RO","@id":"https:\/\/dev.xstyle.md\/#\/schema\/logo\/image\/","url":"https:\/\/dev.xstyle.md\/wp-content\/uploads\/2020\/06\/logoicon.svg","contentUrl":"https:\/\/dev.xstyle.md\/wp-content\/uploads\/2020\/06\/logoicon.svg","caption":"\u041c\u0430\u0433\u0430\u0437\u0438\u043d Xstyle"},"image":{"@id":"https:\/\/dev.xstyle.md\/#\/schema\/logo\/image\/"},"sameAs":["https:\/\/www.facebook.com\/xstylemd","https:\/\/www.instagram.com\/xstyle_md\/","https:\/\/t.me\/xstyle_outdoor"],"hasMerchantReturnPolicy":{"@type":"MerchantReturnPolicy","merchantReturnLink":"https:\/\/dev.xstyle.md\/ro\/conditions\/"}}]},"product_price_amount":"650.00","product_price_currency":"MDL","og_availability":"instock","product_availability":"instock","product_retailer_item_id":"4823100516310","product_condition":"new"},"post_mailing_queue_ids":[],"_links":{"self":[{"href":"https:\/\/dev.xstyle.md\/ro\/wp-json\/wp\/v2\/product\/98029","targetHints":{"allow":["GET"]}}],"collection":[{"href":"https:\/\/dev.xstyle.md\/ro\/wp-json\/wp\/v2\/product"}],"about":[{"href":"https:\/\/dev.xstyle.md\/ro\/wp-json\/wp\/v2\/types\/product"}],"replies":[{"embeddable":true,"href":"https:\/\/dev.xstyle.md\/ro\/wp-json\/wp\/v2\/comments?post=98029"}],"version-history":[{"count":2,"href":"https:\/\/dev.xstyle.md\/ro\/wp-json\/wp\/v2\/product\/98029\/revisions"}],"predecessor-version":[{"id":104489,"href":"https:\/\/dev.xstyle.md\/ro\/wp-json\/wp\/v2\/product\/98029\/revisions\/104489"}],"wp:featuredmedia":[{"embeddable":true,"href":"https:\/\/dev.xstyle.md\/ro\/wp-json\/wp\/v2\/media\/104493"}],"wp:attachment":[{"href":"https:\/\/dev.xstyle.md\/ro\/wp-json\/wp\/v2\/media?parent=98029"}],"wp:term":[{"taxonomy":"product_brand","embeddable":true,"href":"https:\/\/dev.xstyle.md\/ro\/wp-json\/wp\/v2\/product_brand?post=98029"},{"taxonomy":"product_cat","embeddable":true,"href":"https:\/\/dev.xstyle.md\/ro\/wp-json\/wp\/v2\/product_cat?post=98029"},{"taxonomy":"product_tag","embeddable":true,"href":"https:\/\/dev.xstyle.md\/ro\/wp-json\/wp\/v2\/product_tag?post=98029"}],"curies":[{"name":"wp","href":"https:\/\/api.w.org\/{rel}","templated":true}]}}