{"id":98022,"date":"2025-11-19T17:23:00","date_gmt":"2025-11-19T14:23:00","guid":{"rendered":"https:\/\/xstyle.md\/?post_type=product&#038;p=98022"},"modified":"2026-04-05T14:01:58","modified_gmt":"2026-04-05T11:01:58","slug":"kurtka-turbat-vihola-mns-ecru-olive-orion-blue","status":"publish","type":"product","link":"https:\/\/xstyle.md\/ro\/produs\/kurtka-turbat-vihola-mns-ecru-olive-orion-blue\/","title":{"rendered":"Geac\u0103 Turbat Vihola Mns ecru olive\/orion blue"},"content":{"rendered":"\n<p><strong>Turbat Vihola<\/strong> &#8212; este o jachet\u0103 cu membran\u0103 izolat\u0103, conceput\u0103 pentru via\u021ba de zi cu zi \u00een timpul iernii: ora\u0219, c\u0103l\u0103torii \u0219i activit\u0103\u021bi \u00een aer liber. Modelul este creat \u021bin\u00e2nd cont de particularit\u0103\u021bile iernii europene bl\u00e2nde \u2014 umiditate ridicat\u0103, lapovi\u021b\u0103 \u0219i geruri u\u0219oare. Responsabil pentru c\u0103ldur\u0103 este izolantul propriar TTLoft Wool, realizat din l\u00e2n\u0103 ucrainean\u0103, care \u00eenc\u0103lze\u0219te eficient chiar \u0219i \u00een condi\u021bii de umiditate. \u021aes\u0103tura cu membran\u0103 protejeaz\u0103 \u00eempotriva z\u0103pezii, ploii \u0219i v\u00e2ntului, men\u021bin\u00e2nd confortul pe tot parcursul zilei.<\/p>\n<p>Jacheta este la fel de potrivit\u0103 pentru traseele urbane, plimb\u0103rile \u00een natur\u0103 \u0219i munca \u00een exterior, atunci c\u00e2nd c\u0103ldura, protec\u021bia \u00eempotriva umezelii \u0219i practicalitatea sunt esen\u021biale.<\/p>\n<h3>Particularit\u0103\u021bi<\/h3>\n<ul>\n<li>Izolantul TTLoft Wool din l\u00e2n\u0103 ucrainean\u0103 re\u021bine c\u0103ldura chiar \u0219i la umiditate ridicat\u0103, f\u0103r\u0103 a-\u0219i pierde propriet\u0103\u021bile izolatoare \u00een vremea de iarn\u0103 umed\u0103<\/li>\n<li>\u021aes\u0103tura cu membran\u0103 protejeaz\u0103 \u00eempotriva lapovi\u021bei, ploii \u0219i v\u00e2ntului, asigur\u00e2nd confortul \u00een condi\u021bii meteorologice variabile<\/li>\n<li>Gluga reglabil\u0103 protejeaz\u0103 eficient capul de v\u00e2nt \u0219i precipita\u021bii, adapt\u00e2ndu-se la diferite condi\u021bii<\/li>\n<li>Buzunar mare la piept cu fermoar rezistent la ap\u0103 \u2014 un loc convenabil \u0219i sigur pentru smartphone, documente, portofel \u0219i chei<\/li>\n<li>Buzunare laterale izolate cu microfleece \u2014 calde \u0219i confortabile pentru m\u00e2ini, \u00een special dac\u0103 nu folosi\u021bi m\u0103nu\u0219i<\/li>\n<li>Buzunar interior izolat potrivit pentru depozitarea obiectelor de valoare sau a electronicelor la c\u0103ldur\u0103<\/li>\n<li>Buzunar interior spa\u021bios din plas\u0103 (mesh) \u2014 practic pentru c\u0103ciul\u0103, m\u0103nu\u0219i sau accesorii mici, util mai ales la vizitarea unei cafenele sau a biroului<\/li>\n<\/ul>\n<h3>Caracteristici<\/h3>\n<ul>\n<li>Material \u2014 Turbat 2L Urban 100% Nylon 10000\/10000<\/li>\n<li>Izola\u021bie \u2014 TTLoft Wool (30% L\u00e2n\u0103, 70% Poliester Si) 125 g\/m\u00b2<\/li>\n<li>Destina\u021bie \u2014 ora\u0219 \/ plimb\u0103ri \u00een natur\u0103 \/ c\u0103l\u0103torii<\/li>\n<li>Model \u2014 b\u0103rba\u021bi<\/li>\n<\/ul>\n<p>[\/trp_language]<\/p>\n<h3>\u0411\u0440\u0435\u043d\u0434<\/h3>\n<p>Turbat \u2013 \u0443\u043a\u0440\u0430\u0438\u043d\u0441\u043a\u0438\u0439 \u0431\u0440\u0435\u043d\u0434, \u043b\u043e\u043c\u0430\u044e\u0449\u0438\u0439 \u0432\u0441\u0435 \u0441\u0442\u0435\u0440\u0435\u043e\u0442\u0438\u043f\u044b \u0438 \u043c\u0438\u0444\u044b \u043e\u0431 \u0443\u043a\u0440\u0430\u0438\u043d\u0441\u043a\u043e\u0439 \u043f\u0440\u043e\u0434\u0443\u043a\u0446\u0438\u0438 \u0438 \u043f\u0440\u0435\u0434\u0432\u0437\u044f\u0442\u043e\u043c \u043a \u043d\u0435\u0439 \u043e\u0442\u043d\u043e\u0448\u0435\u043d\u0438\u0438. \u041e\u043d \u0434\u043e\u043a\u0430\u0437\u0430\u043b, \u0447\u0442\u043e \u043e\u0442\u0435\u0447\u0435\u0441\u0442\u0432\u0435\u043d\u043d\u044b\u0439 \u043f\u0440\u043e\u0438\u0437\u0432\u043e\u0434\u0438\u0442\u0435\u043b\u044c \u043d\u0438\u0447\u0443\u0442\u044c \u043d\u0435 \u0443\u0441\u0442\u0443\u043f\u0430\u0435\u0442 \u043f\u043e \u043a\u0430\u0447\u0435\u0441\u0442\u0432\u0443 \u0438 \u0434\u043e\u043b\u0433\u043e\u0432\u0435\u0447\u043d\u043e\u0441\u0442\u0438 \u0438\u043c\u043f\u043e\u0440\u0442\u043d\u044b\u043c \u0442\u043e\u0432\u0430\u0440\u0430\u043c. \u041f\u0440\u043e\u0434\u0443\u043a\u0446\u0438\u044f Turbat \u0430\u0434\u0430\u043f\u0442\u0438\u0440\u043e\u0432\u0430\u043d\u0430 \u043a \u0440\u0435\u0430\u043b\u0438\u044f\u043c \u0443\u043a\u0440\u0430\u0438\u043d\u0441\u043a\u0438\u0445 \u0448\u0438\u0440\u043e\u0442, \u043a \u0434\u0438\u043a\u043e\u0439 \u0440\u0430\u0441\u0442\u0438\u0442\u0435\u043b\u044c\u043d\u043e\u0441\u0442\u0438 \u041a\u0430\u0440\u043f\u0430\u0442, \u0441 \u0437\u0430\u0432\u0430\u043b\u0435\u043d\u043d\u044b\u043c\u0438 \u0434\u0435\u0440\u0435\u0432\u044c\u044f\u043c\u0438 \u0438 \u0437\u0430\u0440\u043e\u0441\u0448\u0438\u043c\u0438 \u0442\u0440\u043e\u043f\u0438\u043d\u043a\u0430\u043c\u0438, \u043f\u0440\u0435\u043e\u0434\u043e\u043b\u0435\u0442\u044c \u043a\u043e\u0442\u043e\u0440\u044b\u0435 \u043c\u043e\u0436\u043d\u043e \u0442\u043e\u043b\u044c\u043a\u043e \u0432 \u043e\u0434\u0435\u0436\u0434\u0435 \u0438 \u0441\u043e \u0441\u043d\u0430\u0440\u044f\u0436\u0435\u043d\u0438\u0435\u043c \u043e\u0441\u043e\u0431\u043e\u0439 \u043f\u0440\u043e\u0447\u043d\u043e\u0441\u0442\u0438. \u041d\u0435 \u0437\u0440\u044f \u043d\u0430\u0437\u0432\u0430\u043d\u0438\u0435 \u043a\u043e\u043c\u043f\u0430\u043d\u0438\u0438 \u0440\u0430\u0437\u0440\u0430\u0431\u043e\u0442\u0447\u0438\u043a\u0438 \u043f\u043e\u0437\u0430\u0438\u043c\u0441\u0442\u0432\u043e\u0432\u0430\u043b\u0438 \u0443 \u0440\u0435\u043a\u0438 \u0422\u0443\u0440\u0431\u0430\u0442 \u2013 \u043d\u0435\u0438\u043c\u043e\u0432\u0435\u0440\u043d\u043e \u043a\u0440\u0430\u0441\u0438\u0432\u043e\u0439 \u0438 \u0447\u0438\u0441\u0442\u043e\u0439, \u043d\u043e \u0432 \u0442\u043e \u0436\u0435 \u0432\u0440\u0435\u043c\u044f \u043e\u0447\u0435\u043d\u044c \u043e\u043f\u0430\u0441\u043d\u043e\u0439 \u0438 \u0442\u0440\u0443\u0434\u043d\u043e\u0434\u043e\u0441\u0442\u0443\u043f\u043d\u043e\u0439.<\/p>\n<p>Turbat \u043f\u0440\u0435\u0434\u043e\u0441\u0442\u0430\u0432\u043b\u044f\u0435\u0442 \u0441\u0432\u043e\u0438\u043c \u043f\u043e\u043a\u0443\u043f\u0430\u0442\u0435\u043b\u044f\u043c \u043e\u0434\u0435\u0436\u0434\u0443 \u0438 \u0441\u043d\u0430\u0440\u044f\u0436\u0435\u043d\u0438\u0435, \u043a\u0430\u043a \u0434\u043b\u044f \u043b\u0435\u0442\u043d\u0438\u0445 \u0432\u0438\u0434\u043e\u0432 \u043e\u0442\u0434\u044b\u0445\u0430, \u0442\u0430\u043a \u0438 \u0434\u043b\u044f \u0437\u0438\u043c\u043d\u0438\u0445. \u041a\u0430\u0447\u0435\u0441\u0442\u0432\u0435\u043d\u043d\u0430\u044f \u0438 \u043f\u0440\u0438\u0435\u043c\u043b\u0435\u043c\u0430\u044f \u043f\u043e \u0446\u0435\u043d\u0435 \u043e\u0434\u0435\u0436\u0434\u0430, \u043e\u0431\u0443\u0432\u044c, \u043f\u0430\u043b\u0430\u0442\u043a\u0438, \u0441\u043f\u0430\u043b\u044c\u043d\u0438\u043a\u0438, \u0440\u044e\u043a\u0437\u0430\u043a\u0438 \u0443\u043d\u0438\u043a\u0430\u043b\u044c\u043d\u043e\u0433\u043e \u0434\u0438\u0437\u0430\u0439\u043d\u0430 \u0438 \u0440\u0430\u0441\u0446\u0432\u0435\u0442\u043a\u0438 \u2013 \u044d\u0442\u043e \u0434\u0430\u043b\u0435\u043a\u043e \u043d\u0435 \u0432\u0435\u0441\u044c \u043f\u0435\u0440\u0435\u0447\u0435\u043d\u044c \u0442\u043e\u0432\u0430\u0440\u043e\u0432 \u043a\u043e\u043c\u043f\u0430\u043d\u0438\u0438. \u041a\u0440\u043e\u043c\u0435 \u044d\u0442\u043e\u0433\u043e, \u043f\u0440\u043e\u0438\u0437\u0432\u043e\u0434\u0438\u0442\u0435\u043b\u044c \u0443\u0447\u0438\u0442\u044b\u0432\u0430\u0435\u0442 \u0438\u043d\u0442\u0435\u0440\u0435\u0441\u044b \u0440\u0430\u0437\u043b\u0438\u0447\u043d\u044b\u0445 \u043a\u0430\u0442\u0435\u0433\u043e\u0440\u0438\u0439 \u043f\u043e\u0442\u0440\u0435\u0431\u0438\u0442\u0435\u043b\u0435\u0439, \u043f\u0440\u0435\u0434\u043b\u0430\u0433\u0430\u044f \u043e\u0442\u0434\u0435\u043b\u044c\u043d\u043e \u043f\u0440\u043e\u0434\u0443\u043a\u0446\u0438\u044e \u0434\u043b\u044f \u0434\u0435\u0442\u0435\u0439, \u043c\u0443\u0436\u0447\u0438\u043d \u0438 \u0436\u0435\u043d\u0449\u0438\u043d.<\/p>\n<p>Turbat \u0437\u0430\u0431\u043e\u0442\u0438\u0442\u0441\u044f \u043e \u043a\u043e\u043c\u0444\u043e\u0440\u0442\u0435, \u0431\u0435\u0437\u043e\u043f\u0430\u0441\u043d\u043e\u0441\u0442\u0438 \u0441\u0432\u043e\u0438\u0445 \u043f\u043e\u043a\u0443\u043f\u0430\u0442\u0435\u043b\u0435\u0439 \u0438 \u0432\u0434\u043e\u0445\u043d\u043e\u0432\u043b\u044f\u0435\u0442 \u0438\u0445 \u043d\u0430 \u0437\u0430\u043d\u044f\u0442\u0438\u044f \u0430\u043a\u0442\u0438\u0432\u043d\u044b\u043c\u0438 \u0432\u0438\u0434\u0430\u043c\u0438 \u0441\u043f\u043e\u0440\u0442\u0430, \u043e\u0442\u0434\u044b\u0445\u0430, \u043d\u0430 \u0440\u043e\u043c\u0430\u043d\u0442\u0438\u0447\u0435\u0441\u043a\u0438\u0435 \u043f\u0443\u0442\u0435\u0448\u0435\u0441\u0442\u0432\u0438\u044f \u0438 \u043f\u0440\u0438\u043a\u043b\u044e\u0447\u0435\u043d\u0438\u044f.<\/p>\n","protected":false},"excerpt":{"rendered":"<p>Turbat Vihola &#8212; este o jachet\u0103 cu membran\u0103 izolat\u0103, conceput\u0103 pentru via\u021ba de zi cu zi \u00een timpul iernii: ora\u0219, c\u0103l\u0103torii \u0219i activit\u0103\u021bi \u00een aer liber. Modelul este creat \u021bin\u00e2nd cont de particularit\u0103\u021bile iernii europene bl\u00e2nde \u2014 umiditate ridicat\u0103, lapovi\u021b\u0103 \u0219i geruri u\u0219oare. Responsabil pentru c\u0103ldur\u0103 este izolantul propriar TTLoft Wool, realizat din l\u00e2n\u0103 ucrainean\u0103, [&hellip;]<\/p>\n","protected":false},"featured_media":99193,"comment_status":"open","ping_status":"closed","template":"","meta":{"_acf_changed":false,"inline_featured_image":false},"product_brand":[1469],"product_cat":[908],"product_tag":[],"class_list":{"0":"post-98022","1":"product","2":"type-product","3":"status-publish","4":"has-post-thumbnail","6":"product_brand-turbat","7":"product_cat-city-scurta-barbati","9":"first","10":"instock","11":"shipping-taxable","12":"purchasable","13":"product-type-simple"},"acf":[],"yoast_head":"<!-- This site is optimized with the Yoast SEO plugin v27.4 - https:\/\/yoast.com\/product\/yoast-seo-wordpress\/ -->\n<title>\u041a\u0443\u0440\u0442\u043a\u0430 Turbat Vihola Mns ecru olive\/orion blue - \u041c\u0430\u0433\u0430\u0437\u0438\u043d Xstyle<\/title>\n<meta name=\"robots\" content=\"index, follow, max-snippet:-1, max-image-preview:large, max-video-preview:-1\" \/>\n<link rel=\"canonical\" href=\"https:\/\/xstyle.md\/ro\/produs\/kurtka-turbat-vihola-mns-ecru-olive-orion-blue\/\" \/>\n<meta property=\"og:locale\" content=\"ro_RO\" \/>\n<meta property=\"og:type\" content=\"article\" \/>\n<meta property=\"og:title\" content=\"\u041a\u0443\u0440\u0442\u043a\u0430 Turbat Vihola Mns ecru olive\/orion blue - \u041c\u0430\u0433\u0430\u0437\u0438\u043d Xstyle\" \/>\n<meta property=\"og:description\" content=\"Turbat Vihola &#8212; este o jachet\u0103 cu membran\u0103 izolat\u0103, conceput\u0103 pentru via\u021ba de zi cu zi \u00een timpul iernii: ora\u0219, c\u0103l\u0103torii \u0219i activit\u0103\u021bi \u00een aer liber. Modelul este creat \u021bin\u00e2nd cont de particularit\u0103\u021bile iernii europene bl\u00e2nde \u2014 umiditate ridicat\u0103, lapovi\u021b\u0103 \u0219i geruri u\u0219oare. Responsabil pentru c\u0103ldur\u0103 este izolantul propriar TTLoft Wool, realizat din l\u00e2n\u0103 ucrainean\u0103, [&hellip;]\" \/>\n<meta property=\"og:url\" content=\"https:\/\/xstyle.md\/ro\/produs\/kurtka-turbat-vihola-mns-ecru-olive-orion-blue\/\" \/>\n<meta property=\"og:site_name\" content=\"\u041c\u0430\u0433\u0430\u0437\u0438\u043d Xstyle\" \/>\n<meta property=\"article:publisher\" content=\"https:\/\/www.facebook.com\/xstylemd\" \/>\n<meta property=\"article:modified_time\" content=\"2026-04-05T11:01:58+00:00\" \/>\n<meta property=\"og:image\" content=\"https:\/\/xstyle.md\/wp-content\/uploads\/2025\/11\/turbat-vihola-mns-ecru-olive-orion-blue.webp\" \/>\n\t<meta property=\"og:image:width\" content=\"416\" \/>\n\t<meta property=\"og:image:height\" content=\"416\" \/>\n\t<meta property=\"og:image:type\" content=\"image\/webp\" \/>\n<meta name=\"twitter:card\" content=\"summary_large_image\" \/>\n<meta name=\"twitter:label1\" content=\"Pre\u021b\" \/>\n\t<meta name=\"twitter:data1\" content=\"4.290&nbsp;MDL\" \/>\n\t<meta name=\"twitter:label2\" content=\"Disponibilitate\" \/>\n\t<meta name=\"twitter:data2\" content=\"\u00cen stoc\" \/>\n<script type=\"application\/ld+json\" class=\"yoast-schema-graph\">{\"@context\":\"https:\\\/\\\/schema.org\",\"@graph\":[{\"@type\":\"WebPage\",\"@id\":\"https:\\\/\\\/xstyle.md\\\/product\\\/kurtka-turbat-vihola-mns-ecru-olive-orion-blue\\\/\",\"url\":\"https:\\\/\\\/xstyle.md\\\/product\\\/kurtka-turbat-vihola-mns-ecru-olive-orion-blue\\\/\",\"name\":\"\u041a\u0443\u0440\u0442\u043a\u0430 Turbat Vihola Mns ecru olive\\\/orion blue - \u041c\u0430\u0433\u0430\u0437\u0438\u043d Xstyle\",\"isPartOf\":{\"@id\":\"https:\\\/\\\/xstyle.md\\\/#website\"},\"primaryImageOfPage\":{\"@id\":\"https:\\\/\\\/xstyle.md\\\/product\\\/kurtka-turbat-vihola-mns-ecru-olive-orion-blue\\\/#primaryimage\"},\"image\":{\"@id\":\"https:\\\/\\\/xstyle.md\\\/product\\\/kurtka-turbat-vihola-mns-ecru-olive-orion-blue\\\/#primaryimage\"},\"thumbnailUrl\":\"https:\\\/\\\/xstyle.md\\\/wp-content\\\/uploads\\\/2025\\\/11\\\/turbat-vihola-mns-ecru-olive-orion-blue.webp\",\"datePublished\":\"2025-11-19T14:23:00+00:00\",\"dateModified\":\"2026-04-05T11:01:58+00:00\",\"breadcrumb\":{\"@id\":\"https:\\\/\\\/xstyle.md\\\/product\\\/kurtka-turbat-vihola-mns-ecru-olive-orion-blue\\\/#breadcrumb\"},\"inLanguage\":\"ro-RO\",\"potentialAction\":[{\"@type\":\"ReadAction\",\"target\":[\"https:\\\/\\\/xstyle.md\\\/product\\\/kurtka-turbat-vihola-mns-ecru-olive-orion-blue\\\/\"]}]},{\"@type\":\"ImageObject\",\"inLanguage\":\"ro-RO\",\"@id\":\"https:\\\/\\\/xstyle.md\\\/product\\\/kurtka-turbat-vihola-mns-ecru-olive-orion-blue\\\/#primaryimage\",\"url\":\"https:\\\/\\\/xstyle.md\\\/wp-content\\\/uploads\\\/2025\\\/11\\\/turbat-vihola-mns-ecru-olive-orion-blue.webp\",\"contentUrl\":\"https:\\\/\\\/xstyle.md\\\/wp-content\\\/uploads\\\/2025\\\/11\\\/turbat-vihola-mns-ecru-olive-orion-blue.webp\",\"width\":416,\"height\":416,\"caption\":\"\u0422\u0443\u0440\u0431\u0430\u0442 Vihola Mns \u044d\u043a\u043e-olive \u0438 Orion blue \u043a\u0443\u0440\u0442\u043a\u0430 \u0434\u043b\u044f \u0430\u043a\u0442\u0438\u0432\u043d\u043e\u0433\u043e \u043e\u0442\u0434\u044b\u0445\u0430 \u043f\u043e\u0445\u043e\u0434\u043e\u0432 \u0430\u043b\u044c\u043f\u0438\u043d\u0438\u0437\u043c\u0430 \u0438 \u043f\u0443\u0442\u0435\u0448\u0435\u0441\u0442\u0432\u0438\u0439 \u0432 \u043c\u0430\u0433\u0430\u0437\u0438\u043d\u0435 \u0441\u043f\u043e\u0440\u0442\u0438\u0432\u043d\u043e\u0439 \u043e\u0434\u0435\u0436\u0434\u044b\"},{\"@type\":\"BreadcrumbList\",\"@id\":\"https:\\\/\\\/xstyle.md\\\/product\\\/kurtka-turbat-vihola-mns-ecru-olive-orion-blue\\\/#breadcrumb\",\"itemListElement\":[{\"@type\":\"ListItem\",\"position\":1,\"name\":\"\u0413\u043b\u0430\u0432\u043d\u0430\u044f \u0441\u0442\u0440\u0430\u043d\u0438\u0446\u0430\",\"item\":\"https:\\\/\\\/xstyle.md\\\/\"},{\"@type\":\"ListItem\",\"position\":2,\"name\":\"\u041c\u0430\u0433\u0430\u0437\u0438\u043d\",\"item\":\"https:\\\/\\\/xstyle.md\\\/shop\\\/\"},{\"@type\":\"ListItem\",\"position\":3,\"name\":\"\u041a\u0443\u0440\u0442\u043a\u0430 Turbat Vihola Mns ecru olive\\\/orion blue\"}]},{\"@type\":\"WebSite\",\"@id\":\"https:\\\/\\\/xstyle.md\\\/#website\",\"url\":\"https:\\\/\\\/xstyle.md\\\/\",\"name\":\"\u041c\u0430\u0433\u0430\u0437\u0438\u043d Xstyle\",\"description\":\"C\u043d\u0430\u0440\u044f\u0436\u0435\u043d\u0438\u0435 \u0434\u043b\u044f \u0442\u0443\u0440\u0438\u0437\u043c\u0430 \u0438 \u044d\u043a\u0441\u0442\u0440\u0435\u043c\u0430\u043b\u044c\u043d\u044b\u0445 \u0432\u0438\u0434\u043e\u0432 \u0441\u043f\u043e\u0440\u0442\u0430 \u0432 \u041c\u043e\u043b\u0434\u043e\u0432\u0435.. \u0426\u0435\u043d\u044b, \u0444\u043e\u0442\u043e, \u0445\u0430\u0440\u0430\u043a\u0442\u0435\u0440\u0438\u0441\u0442\u0438\u043a\u0438 \u0432 \u041c\u043e\u043b\u0434\u043e\u0432\u0435.\",\"publisher\":{\"@id\":\"https:\\\/\\\/xstyle.md\\\/#organization\"},\"alternateName\":\"X-Style\",\"potentialAction\":[{\"@type\":\"SearchAction\",\"target\":{\"@type\":\"EntryPoint\",\"urlTemplate\":\"https:\\\/\\\/xstyle.md\\\/?s={search_term_string}\"},\"query-input\":{\"@type\":\"PropertyValueSpecification\",\"valueRequired\":true,\"valueName\":\"search_term_string\"}}],\"inLanguage\":\"ro-RO\"},{\"@type\":\"Organization\",\"@id\":\"https:\\\/\\\/xstyle.md\\\/#organization\",\"name\":\"\u041c\u0430\u0433\u0430\u0437\u0438\u043d Xstyle\",\"alternateName\":\"x-style\",\"url\":\"https:\\\/\\\/xstyle.md\\\/\",\"logo\":{\"@type\":\"ImageObject\",\"inLanguage\":\"ro-RO\",\"@id\":\"https:\\\/\\\/xstyle.md\\\/#\\\/schema\\\/logo\\\/image\\\/\",\"url\":\"https:\\\/\\\/xstyle.md\\\/wp-content\\\/uploads\\\/2020\\\/06\\\/logoicon.svg\",\"contentUrl\":\"https:\\\/\\\/xstyle.md\\\/wp-content\\\/uploads\\\/2020\\\/06\\\/logoicon.svg\",\"caption\":\"\u041c\u0430\u0433\u0430\u0437\u0438\u043d Xstyle\"},\"image\":{\"@id\":\"https:\\\/\\\/xstyle.md\\\/#\\\/schema\\\/logo\\\/image\\\/\"},\"sameAs\":[\"https:\\\/\\\/www.facebook.com\\\/xstylemd\",\"https:\\\/\\\/www.instagram.com\\\/xstyle_md\\\/\",\"https:\\\/\\\/t.me\\\/xstyle_outdoor\"],\"hasMerchantReturnPolicy\":{\"@type\":\"MerchantReturnPolicy\",\"merchantReturnLink\":\"https:\\\/\\\/xstyle.md\\\/ro\\\/conditions\\\/\"}}]}<\/script>\n<meta property=\"product:price:amount\" content=\"4290.00\" \/>\n<meta property=\"product:price:currency\" content=\"MDL\" \/>\n<meta property=\"og:availability\" content=\"instock\" \/>\n<meta property=\"product:availability\" content=\"instock\" \/>\n<meta property=\"product:retailer_item_id\" content=\"4823100525008\" \/>\n<meta property=\"product:condition\" content=\"new\" \/>\n<!-- \/ Yoast SEO plugin. -->","yoast_head_json":{"title":"\u041a\u0443\u0440\u0442\u043a\u0430 Turbat Vihola Mns ecru olive\/orion blue - \u041c\u0430\u0433\u0430\u0437\u0438\u043d Xstyle","robots":{"index":"index","follow":"follow","max-snippet":"max-snippet:-1","max-image-preview":"max-image-preview:large","max-video-preview":"max-video-preview:-1"},"canonical":"https:\/\/xstyle.md\/ro\/produs\/kurtka-turbat-vihola-mns-ecru-olive-orion-blue\/","og_locale":"ro_RO","og_type":"article","og_title":"\u041a\u0443\u0440\u0442\u043a\u0430 Turbat Vihola Mns ecru olive\/orion blue - \u041c\u0430\u0433\u0430\u0437\u0438\u043d Xstyle","og_description":"Turbat Vihola &#8212; este o jachet\u0103 cu membran\u0103 izolat\u0103, conceput\u0103 pentru via\u021ba de zi cu zi \u00een timpul iernii: ora\u0219, c\u0103l\u0103torii \u0219i activit\u0103\u021bi \u00een aer liber. Modelul este creat \u021bin\u00e2nd cont de particularit\u0103\u021bile iernii europene bl\u00e2nde \u2014 umiditate ridicat\u0103, lapovi\u021b\u0103 \u0219i geruri u\u0219oare. Responsabil pentru c\u0103ldur\u0103 este izolantul propriar TTLoft Wool, realizat din l\u00e2n\u0103 ucrainean\u0103, [&hellip;]","og_url":"https:\/\/xstyle.md\/ro\/produs\/kurtka-turbat-vihola-mns-ecru-olive-orion-blue\/","og_site_name":"\u041c\u0430\u0433\u0430\u0437\u0438\u043d Xstyle","article_publisher":"https:\/\/www.facebook.com\/xstylemd","article_modified_time":"2026-04-05T11:01:58+00:00","og_image":[{"width":416,"height":416,"url":"https:\/\/xstyle.md\/wp-content\/uploads\/2025\/11\/turbat-vihola-mns-ecru-olive-orion-blue.webp","type":"image\/webp"}],"twitter_card":"summary_large_image","twitter_misc":{"Pre\u021b":"4.290&nbsp;MDL","Disponibilitate":"\u00cen stoc"},"schema":{"@context":"https:\/\/schema.org","@graph":[{"@type":"WebPage","@id":"https:\/\/xstyle.md\/product\/kurtka-turbat-vihola-mns-ecru-olive-orion-blue\/","url":"https:\/\/xstyle.md\/product\/kurtka-turbat-vihola-mns-ecru-olive-orion-blue\/","name":"\u041a\u0443\u0440\u0442\u043a\u0430 Turbat Vihola Mns ecru olive\/orion blue - \u041c\u0430\u0433\u0430\u0437\u0438\u043d Xstyle","isPartOf":{"@id":"https:\/\/xstyle.md\/#website"},"primaryImageOfPage":{"@id":"https:\/\/xstyle.md\/product\/kurtka-turbat-vihola-mns-ecru-olive-orion-blue\/#primaryimage"},"image":{"@id":"https:\/\/xstyle.md\/product\/kurtka-turbat-vihola-mns-ecru-olive-orion-blue\/#primaryimage"},"thumbnailUrl":"https:\/\/xstyle.md\/wp-content\/uploads\/2025\/11\/turbat-vihola-mns-ecru-olive-orion-blue.webp","datePublished":"2025-11-19T14:23:00+00:00","dateModified":"2026-04-05T11:01:58+00:00","breadcrumb":{"@id":"https:\/\/xstyle.md\/product\/kurtka-turbat-vihola-mns-ecru-olive-orion-blue\/#breadcrumb"},"inLanguage":"ro-RO","potentialAction":[{"@type":"ReadAction","target":["https:\/\/xstyle.md\/product\/kurtka-turbat-vihola-mns-ecru-olive-orion-blue\/"]}]},{"@type":"ImageObject","inLanguage":"ro-RO","@id":"https:\/\/xstyle.md\/product\/kurtka-turbat-vihola-mns-ecru-olive-orion-blue\/#primaryimage","url":"https:\/\/xstyle.md\/wp-content\/uploads\/2025\/11\/turbat-vihola-mns-ecru-olive-orion-blue.webp","contentUrl":"https:\/\/xstyle.md\/wp-content\/uploads\/2025\/11\/turbat-vihola-mns-ecru-olive-orion-blue.webp","width":416,"height":416,"caption":"\u0422\u0443\u0440\u0431\u0430\u0442 Vihola Mns \u044d\u043a\u043e-olive \u0438 Orion blue \u043a\u0443\u0440\u0442\u043a\u0430 \u0434\u043b\u044f \u0430\u043a\u0442\u0438\u0432\u043d\u043e\u0433\u043e \u043e\u0442\u0434\u044b\u0445\u0430 \u043f\u043e\u0445\u043e\u0434\u043e\u0432 \u0430\u043b\u044c\u043f\u0438\u043d\u0438\u0437\u043c\u0430 \u0438 \u043f\u0443\u0442\u0435\u0448\u0435\u0441\u0442\u0432\u0438\u0439 \u0432 \u043c\u0430\u0433\u0430\u0437\u0438\u043d\u0435 \u0441\u043f\u043e\u0440\u0442\u0438\u0432\u043d\u043e\u0439 \u043e\u0434\u0435\u0436\u0434\u044b"},{"@type":"BreadcrumbList","@id":"https:\/\/xstyle.md\/product\/kurtka-turbat-vihola-mns-ecru-olive-orion-blue\/#breadcrumb","itemListElement":[{"@type":"ListItem","position":1,"name":"\u0413\u043b\u0430\u0432\u043d\u0430\u044f \u0441\u0442\u0440\u0430\u043d\u0438\u0446\u0430","item":"https:\/\/xstyle.md\/"},{"@type":"ListItem","position":2,"name":"\u041c\u0430\u0433\u0430\u0437\u0438\u043d","item":"https:\/\/xstyle.md\/shop\/"},{"@type":"ListItem","position":3,"name":"\u041a\u0443\u0440\u0442\u043a\u0430 Turbat Vihola Mns ecru olive\/orion blue"}]},{"@type":"WebSite","@id":"https:\/\/xstyle.md\/#website","url":"https:\/\/xstyle.md\/","name":"Magazinul X-Style","description":"Echipamente pentru turism \u0219i sporturi extreme \u00een Moldova. Pre\u021buri, fotografii, caracteristici \u00een Moldova.","publisher":{"@id":"https:\/\/xstyle.md\/#organization"},"alternateName":"X-Style","potentialAction":[{"@type":"SearchAction","target":{"@type":"EntryPoint","urlTemplate":"https:\/\/xstyle.md\/?s={search_term_string}"},"query-input":{"@type":"PropertyValueSpecification","valueRequired":true,"valueName":"search_term_string"}}],"inLanguage":"ro-RO"},{"@type":"Organization","@id":"https:\/\/xstyle.md\/#organization","name":"Magazinul X-Style","alternateName":"x-style","url":"https:\/\/xstyle.md\/","logo":{"@type":"ImageObject","inLanguage":"ro-RO","@id":"https:\/\/xstyle.md\/#\/schema\/logo\/image\/","url":"https:\/\/xstyle.md\/wp-content\/uploads\/2020\/06\/logoicon.svg","contentUrl":"https:\/\/xstyle.md\/wp-content\/uploads\/2020\/06\/logoicon.svg","caption":"\u041c\u0430\u0433\u0430\u0437\u0438\u043d Xstyle"},"image":{"@id":"https:\/\/xstyle.md\/#\/schema\/logo\/image\/"},"sameAs":["https:\/\/www.facebook.com\/xstylemd","https:\/\/www.instagram.com\/xstyle_md\/","https:\/\/t.me\/xstyle_outdoor"],"hasMerchantReturnPolicy":{"@type":"MerchantReturnPolicy","merchantReturnLink":"https:\/\/xstyle.md\/ro\/conditions\/"}}]},"product_price_amount":"4290.00","product_price_currency":"MDL","og_availability":"instock","product_availability":"instock","product_retailer_item_id":"4823100525008","product_condition":"new"},"post_mailing_queue_ids":[],"_links":{"self":[{"href":"https:\/\/xstyle.md\/ro\/wp-json\/wp\/v2\/product\/98022","targetHints":{"allow":["GET"]}}],"collection":[{"href":"https:\/\/xstyle.md\/ro\/wp-json\/wp\/v2\/product"}],"about":[{"href":"https:\/\/xstyle.md\/ro\/wp-json\/wp\/v2\/types\/product"}],"replies":[{"embeddable":true,"href":"https:\/\/xstyle.md\/ro\/wp-json\/wp\/v2\/comments?post=98022"}],"wp:featuredmedia":[{"embeddable":true,"href":"https:\/\/xstyle.md\/ro\/wp-json\/wp\/v2\/media\/99193"}],"wp:attachment":[{"href":"https:\/\/xstyle.md\/ro\/wp-json\/wp\/v2\/media?parent=98022"}],"wp:term":[{"taxonomy":"product_brand","embeddable":true,"href":"https:\/\/xstyle.md\/ro\/wp-json\/wp\/v2\/product_brand?post=98022"},{"taxonomy":"product_cat","embeddable":true,"href":"https:\/\/xstyle.md\/ro\/wp-json\/wp\/v2\/product_cat?post=98022"},{"taxonomy":"product_tag","embeddable":true,"href":"https:\/\/xstyle.md\/ro\/wp-json\/wp\/v2\/product_tag?post=98022"}],"curies":[{"name":"wp","href":"https:\/\/api.w.org\/{rel}","templated":true}]}}