{"id":98014,"date":"2025-11-19T17:22:58","date_gmt":"2025-11-19T14:22:58","guid":{"rendered":"https:\/\/xstyle.md\/?post_type=product&#038;p=98014"},"modified":"2026-04-07T15:06:40","modified_gmt":"2026-04-07T12:06:40","slug":"shtany-turbat-forester-2-mns-gargoyle-brown","status":"publish","type":"product","link":"https:\/\/dev.xstyle.md\/ro\/produs\/shtany-turbat-forester-2-mns-gargoyle-brown\/","title":{"rendered":"Pantaloni trekking Turbat Forester 2 Mns gargoyle brown"},"content":{"rendered":"<p><strong>Turbat Forester 2<\/strong> \u2014 \u043d\u0430\u0434\u0451\u0436\u043d\u044b\u0435 \u0438 \u0438\u0437\u043d\u043e\u0441\u043e\u0441\u0442\u043e\u0439\u043a\u0438\u0435 \u043c\u0443\u0436\u0441\u043a\u0438\u0435 \u0431\u0440\u044e\u043a\u0438, \u0441\u0442\u0430\u0432\u0448\u0438\u0435 \u043d\u0430\u0441\u0442\u043e\u044f\u0449\u0438\u043c \u0431\u0435\u0441\u0442\u0441\u0435\u043b\u043b\u0435\u0440\u043e\u043c \u0441\u0440\u0435\u0434\u0438 \u0442\u0443\u0440\u0438\u0441\u0442\u043e\u0432 \u0438 \u043b\u044e\u0431\u0438\u0442\u0435\u043b\u0435\u0439 \u0431\u0443\u0448\u043a\u0440\u0430\u0444\u0442\u0430. \u041e\u0442\u043b\u0438\u0447\u043d\u044b\u0439 \u0432\u044b\u0431\u043e\u0440 \u0434\u043b\u044f \u043f\u043e\u0445\u043e\u0434\u043e\u0432 \u043f\u043e \u0441\u043b\u043e\u0436\u043d\u044b\u043c \u043c\u0430\u0440\u0448\u0440\u0443\u0442\u0430\u043c, \u043b\u0435\u0441\u043d\u044b\u043c \u0447\u0430\u0449\u0430\u043c \u0438 \u0434\u043b\u0438\u0442\u0435\u043b\u044c\u043d\u044b\u0445 \u044d\u043a\u0441\u043f\u0435\u0434\u0438\u0446\u0438\u0439. \u0412 \u043e\u0431\u043d\u043e\u0432\u043b\u0451\u043d\u043d\u043e\u0439 \u0432\u0435\u0440\u0441\u0438\u0438 \u2014 \u0431\u043e\u043b\u0435\u0435 \u043a\u043e\u043c\u0444\u043e\u0440\u0442\u043d\u0430\u044f \u043f\u043e\u0441\u0430\u0434\u043a\u0430 \u0437\u0430 \u0441\u0447\u0451\u0442 \u044d\u043b\u0430\u0441\u0442\u0438\u0447\u043d\u043e\u0433\u043e \u043f\u043e\u044f\u0441\u0430 \u0438 \u0432\u0441\u0442\u0430\u0432\u043a\u0438 \u0432 \u0448\u0430\u0433\u043e\u0432\u043e\u0439 \u0437\u043e\u043d\u0435, \u0430 \u0442\u0430\u043a\u0436\u0435 \u0443\u0441\u0438\u043b\u0435\u043d\u043d\u043e\u0435 \u043e\u0442\u0434\u0435\u043b\u0435\u043d\u0438\u0435 \u0434\u043b\u044f \u043d\u043e\u0436\u0430 \u0440\u044f\u0434\u043e\u043c \u0441 \u043a\u0430\u0440\u043c\u0430\u043d\u043e\u043c.<\/p>\n<h3>Particularit\u0103\u021bi<\/h3>\n<ul>\n<li>\u0423\u043b\u0443\u0447\u0448\u0435\u043d\u043d\u044b\u0439 \u043a\u0440\u043e\u0439 \u0441 \u044d\u043b\u0430\u0441\u0442\u0438\u0447\u043d\u044b\u043c \u043f\u043e\u044f\u0441\u043e\u043c \u0438 \u043b\u0430\u0441\u0442\u043e\u0432\u0438\u0446\u0435\u0439 \u2014 \u0431\u043e\u043b\u044c\u0448\u0435 \u0441\u0432\u043e\u0431\u043e\u0434\u044b \u0434\u0432\u0438\u0436\u0435\u043d\u0438\u0439<\/li>\n<li>\u0423\u0441\u0438\u043b\u0435\u043d\u043d\u043e\u0435 \u043e\u0442\u0434\u0435\u043b\u0435\u043d\u0438\u0435 \u043f\u043e\u0434 \u043d\u043e\u0436 \u2014 \u0443\u0434\u043e\u0431\u043d\u043e \u0438 \u0431\u0435\u0437\u043e\u043f\u0430\u0441\u043d\u043e<\/li>\n<li>\u0423\u0432\u0435\u043b\u0438\u0447\u0435\u043d\u043d\u044b\u0435 \u043a\u0430\u0440\u043c\u0430\u043d\u044b \u043d\u0430 \u0431\u0451\u0434\u0440\u0430\u0445 \u2014 \u0431\u043e\u043b\u044c\u0448\u0435 \u043c\u0435\u0441\u0442\u0430 \u0434\u043b\u044f \u0441\u043d\u0430\u0440\u044f\u0436\u0435\u043d\u0438\u044f<\/li>\n<li>\u041f\u0440\u043e\u0447\u043d\u044b\u0439 \u043c\u0430\u0442\u0435\u0440\u0438\u0430\u043b, \u043f\u0440\u043e\u0448\u0435\u0434\u0448\u0438\u0439 \u043f\u0440\u043e\u0432\u0435\u0440\u043a\u0443 \u0432 \u0441\u0443\u0440\u043e\u0432\u044b\u0445 \u0443\u0441\u043b\u043e\u0432\u0438\u044f\u0445<\/li>\n<\/ul>\n<h3>Caracteristici<\/h3>\n<ul>\n<li>\u041c\u0430\u0442\u0435\u0440\u0438\u0430\u043b \u2014 100% \u043f\u043e\u043b\u0438\u044d\u0441\u0442\u0435\u0440 DWR 215 \u0433\/\u043c 2<\/li>\n<li>Sezon - prim\u0103var\u0103\/var\u0103\/toamn\u0103;<\/li>\n<li>\u041f\u0440\u0438\u043c\u0435\u043d\u0435\u043d\u0438\u0435 \u2013 \u0442\u0440\u0435\u043a\u043a\u0438\u043d\u0433\/ \u0445\u0430\u0439\u043a\u0438\u043d\u0433\/ \u0430\u043a\u0442\u0438\u0432\u043d\u044b\u0439 \u043e\u0442\u0434\u044b\u0445\/ \u0431\u0443\u0448\u043a\u0440\u0430\u0444\u0442<\/li>\n<li>Model - pentru b\u0103rba\u021bi.<\/li>\n<\/ul>\n<h3>Marca<\/h3>\n<p>Turbat este un brand ucrainean care d\u0103r\u00e2m\u0103 toate stereotipurile \u0219i miturile legate de produsele autohtone \u0219i atitudinea p\u0103rtinitoare fa\u021b\u0103 de acestea. Brandul a demonstrat c\u0103 produc\u0103torul local nu cedeaz\u0103 cu nimic \u00een fa\u021ba calit\u0103\u021bii \u0219i durabilit\u0103\u021bii produselor de import. Echipamentele Turbat sunt adaptate realit\u0103\u021bilor din latitudinile noastre \u0219i vegeta\u021biei s\u0103lbatice a Carpa\u021bilor, cu arbori dobor\u00e2\u021bi \u0219i c\u0103r\u0103ri neumblate, care pot fi dep\u0103\u0219ite doar purt\u00e2nd haine \u0219i folosind un echipament de o rezisten\u021b\u0103 deosebit\u0103. Nu degeaba creatorii au \u00eemprumutat numele companiei de la r\u00e2ul Turbat \u2013 o ap\u0103 de o frumuse\u021be \u0219i puritate incredibile, dar, \u00een acela\u0219i timp, extrem de periculoas\u0103 \u0219i greu accesibil\u0103.<\/p>\n<p>Turbat ofer\u0103 clien\u021bilor s\u0103i \u00eembr\u0103c\u0103minte \u0219i echipament at\u00e2t pentru recreerea de var\u0103, c\u00e2t \u0219i pentru cea de iarn\u0103. Hainele, \u00eenc\u0103l\u021b\u0103mintea, corturile, sacii de dormit \u0219i rucsacurile de calitate, la pre\u021buri accesibile \u0219i cu un design unic, sunt doar o parte din portofoliul companiei. \u00cen plus, produc\u0103torul \u021bine cont de interesele diferitelor categorii de consumatori, oferind game dedicate pentru copii, b\u0103rba\u021bi \u0219i femei.<\/p>\n<p>Turbat are grij\u0103 de confortul \u0219i siguran\u021ba clien\u021bilor s\u0103i, inspir\u00e2ndu-i spre sporturi active, relaxare \u00een natur\u0103, c\u0103l\u0103torii romantice \u0219i aventuri memorabile.<\/p>","protected":false},"excerpt":{"rendered":"<p>Turbat Forester 2 \u2014 \u043d\u0430\u0434\u0451\u0436\u043d\u044b\u0435 \u0438 \u0438\u0437\u043d\u043e\u0441\u043e\u0441\u0442\u043e\u0439\u043a\u0438\u0435 \u043c\u0443\u0436\u0441\u043a\u0438\u0435 \u0431\u0440\u044e\u043a\u0438, \u0441\u0442\u0430\u0432\u0448\u0438\u0435 \u043d\u0430\u0441\u0442\u043e\u044f\u0449\u0438\u043c \u0431\u0435\u0441\u0442\u0441\u0435\u043b\u043b\u0435\u0440\u043e\u043c \u0441\u0440\u0435\u0434\u0438 \u0442\u0443\u0440\u0438\u0441\u0442\u043e\u0432 \u0438 \u043b\u044e\u0431\u0438\u0442\u0435\u043b\u0435\u0439 \u0431\u0443\u0448\u043a\u0440\u0430\u0444\u0442\u0430. \u041e\u0442\u043b\u0438\u0447\u043d\u044b\u0439 \u0432\u044b\u0431\u043e\u0440 \u0434\u043b\u044f<\/p>","protected":false},"featured_media":98747,"comment_status":"open","ping_status":"closed","template":"","meta":{"_acf_changed":false,"inline_featured_image":false},"product_brand":[1469],"product_cat":[404],"product_tag":[],"class_list":{"0":"post-98014","1":"product","2":"type-product","3":"status-publish","4":"has-post-thumbnail","6":"product_brand-turbat","7":"product_cat-pantaloni-de-trekking-barbati","9":"first","10":"instock","11":"shipping-taxable","12":"purchasable","13":"product-type-simple"},"acf":[],"yoast_head":"<!-- This site is optimized with the Yoast SEO plugin v27.5 - https:\/\/yoast.com\/product\/yoast-seo-wordpress\/ -->\n<title>\u0428\u0442\u0430\u043d\u044b Turbat Forester 2 Mns gargoyle brown - \u041c\u0430\u0433\u0430\u0437\u0438\u043d Xstyle<\/title>\n<meta name=\"robots\" content=\"noindex, follow, max-snippet:-1, max-image-preview:large, max-video-preview:-1\" \/>\n<meta property=\"og:locale\" content=\"ro_RO\" \/>\n<meta property=\"og:type\" content=\"article\" \/>\n<meta property=\"og:title\" content=\"\u0428\u0442\u0430\u043d\u044b Turbat Forester 2 Mns gargoyle brown - \u041c\u0430\u0433\u0430\u0437\u0438\u043d Xstyle\" \/>\n<meta property=\"og:description\" content=\"Turbat Forester 2 \u2014 \u043d\u0430\u0434\u0451\u0436\u043d\u044b\u0435 \u0438 \u0438\u0437\u043d\u043e\u0441\u043e\u0441\u0442\u043e\u0439\u043a\u0438\u0435 \u043c\u0443\u0436\u0441\u043a\u0438\u0435 \u0431\u0440\u044e\u043a\u0438, \u0441\u0442\u0430\u0432\u0448\u0438\u0435 \u043d\u0430\u0441\u0442\u043e\u044f\u0449\u0438\u043c \u0431\u0435\u0441\u0442\u0441\u0435\u043b\u043b\u0435\u0440\u043e\u043c \u0441\u0440\u0435\u0434\u0438 \u0442\u0443\u0440\u0438\u0441\u0442\u043e\u0432 \u0438 \u043b\u044e\u0431\u0438\u0442\u0435\u043b\u0435\u0439 \u0431\u0443\u0448\u043a\u0440\u0430\u0444\u0442\u0430. \u041e\u0442\u043b\u0438\u0447\u043d\u044b\u0439 \u0432\u044b\u0431\u043e\u0440 \u0434\u043b\u044f\" \/>\n<meta property=\"og:url\" content=\"https:\/\/dev.xstyle.md\/ro\/produs\/shtany-turbat-forester-2-mns-gargoyle-brown\/\" \/>\n<meta property=\"og:site_name\" content=\"\u041c\u0430\u0433\u0430\u0437\u0438\u043d Xstyle\" \/>\n<meta property=\"article:publisher\" content=\"https:\/\/www.facebook.com\/xstylemd\" \/>\n<meta property=\"article:modified_time\" content=\"2026-04-07T12:06:40+00:00\" \/>\n<meta property=\"og:image\" content=\"https:\/\/dev.xstyle.md\/wp-content\/uploads\/2025\/11\/turbat-forester-2-mns-gargoyle-brown.webp\" \/>\n\t<meta property=\"og:image:width\" content=\"1000\" \/>\n\t<meta property=\"og:image:height\" content=\"1000\" \/>\n\t<meta property=\"og:image:type\" content=\"image\/webp\" \/>\n<meta name=\"twitter:card\" content=\"summary_large_image\" \/>\n<meta name=\"twitter:label1\" content=\"Pre\u021b\" \/>\n\t<meta name=\"twitter:data1\" content=\"2.100,00&nbsp;MDL\" \/>\n\t<meta name=\"twitter:label2\" content=\"Disponibilitate\" \/>\n\t<meta name=\"twitter:data2\" content=\"\u00cen stoc\" \/>\n<script type=\"application\/ld+json\" class=\"yoast-schema-graph\">{\"@context\":\"https:\\\/\\\/schema.org\",\"@graph\":[{\"@type\":\"WebPage\",\"@id\":\"https:\\\/\\\/dev.xstyle.md\\\/product\\\/shtany-turbat-forester-2-mns-gargoyle-brown\\\/\",\"url\":\"https:\\\/\\\/dev.xstyle.md\\\/product\\\/shtany-turbat-forester-2-mns-gargoyle-brown\\\/\",\"name\":\"\u0428\u0442\u0430\u043d\u044b Turbat Forester 2 Mns gargoyle brown - \u041c\u0430\u0433\u0430\u0437\u0438\u043d Xstyle\",\"isPartOf\":{\"@id\":\"https:\\\/\\\/dev.xstyle.md\\\/#website\"},\"primaryImageOfPage\":{\"@id\":\"https:\\\/\\\/dev.xstyle.md\\\/product\\\/shtany-turbat-forester-2-mns-gargoyle-brown\\\/#primaryimage\"},\"image\":{\"@id\":\"https:\\\/\\\/dev.xstyle.md\\\/product\\\/shtany-turbat-forester-2-mns-gargoyle-brown\\\/#primaryimage\"},\"thumbnailUrl\":\"https:\\\/\\\/dev.xstyle.md\\\/wp-content\\\/uploads\\\/2025\\\/11\\\/turbat-forester-2-mns-gargoyle-brown.webp\",\"datePublished\":\"2025-11-19T14:22:58+00:00\",\"dateModified\":\"2026-04-07T12:06:40+00:00\",\"breadcrumb\":{\"@id\":\"https:\\\/\\\/dev.xstyle.md\\\/product\\\/shtany-turbat-forester-2-mns-gargoyle-brown\\\/#breadcrumb\"},\"inLanguage\":\"ro-RO\",\"potentialAction\":[{\"@type\":\"ReadAction\",\"target\":[\"https:\\\/\\\/dev.xstyle.md\\\/product\\\/shtany-turbat-forester-2-mns-gargoyle-brown\\\/\"]}]},{\"@type\":\"ImageObject\",\"inLanguage\":\"ro-RO\",\"@id\":\"https:\\\/\\\/dev.xstyle.md\\\/product\\\/shtany-turbat-forester-2-mns-gargoyle-brown\\\/#primaryimage\",\"url\":\"https:\\\/\\\/dev.xstyle.md\\\/wp-content\\\/uploads\\\/2025\\\/11\\\/turbat-forester-2-mns-gargoyle-brown.webp\",\"contentUrl\":\"https:\\\/\\\/dev.xstyle.md\\\/wp-content\\\/uploads\\\/2025\\\/11\\\/turbat-forester-2-mns-gargoyle-brown.webp\",\"width\":1000,\"height\":1000,\"caption\":\"\u0422\u0440\u0435\u043d\u0438\u0440\u043e\u0432\u043e\u0447\u043d\u044b\u0435 \u0448\u0442\u0430\u043d\u044b Turbat Forester 2 Mns Gargoyle \u043a\u043e\u0440\u0438\u0447\u043d\u0435\u0432\u044b\u0435 \u0434\u043b\u044f \u0430\u043a\u0442\u0438\u0432\u043d\u043e\u0433\u043e \u043e\u0442\u0434\u044b\u0445\u0430 \u0433\u043e\u0440\u043d\u044b\u0445 \u043f\u043e\u0445\u043e\u0434\u043e\u0432 \u0438 \u043f\u0443\u0442\u0435\u0448\u0435\u0441\u0442\u0432\u0438\u0439 \u0432 \u0438\u043d\u0442\u0435\u0440\u043d\u0435\u0442-\u043c\u0430\u0433\u0430\u0437\u0438\u043d\u0435 \u0441\u043f\u043e\u0440\u0442\u0438\u0432\u043d\u043e\u0439 \u043e\u0434\u0435\u0436\u0434\u044b \u043e\u0431\u0443\u0432\u0438 \u0434\u043b\u044f \u0430\u043b\u044c\u043f\u0438\u043d\u0438\u0437\u043c\u0430 \u0438 \u0442\u0443\u0440\u0438\u0437\u043c\u0430\"},{\"@type\":\"BreadcrumbList\",\"@id\":\"https:\\\/\\\/dev.xstyle.md\\\/product\\\/shtany-turbat-forester-2-mns-gargoyle-brown\\\/#breadcrumb\",\"itemListElement\":[{\"@type\":\"ListItem\",\"position\":1,\"name\":\"\u0413\u043b\u0430\u0432\u043d\u0430\u044f \u0441\u0442\u0440\u0430\u043d\u0438\u0446\u0430\",\"item\":\"https:\\\/\\\/dev.xstyle.md\\\/\"},{\"@type\":\"ListItem\",\"position\":2,\"name\":\"Shop\",\"item\":\"https:\\\/\\\/dev.xstyle.md\\\/shop\\\/\"},{\"@type\":\"ListItem\",\"position\":3,\"name\":\"\u0428\u0442\u0430\u043d\u044b Turbat Forester 2 Mns gargoyle brown\"}]},{\"@type\":\"WebSite\",\"@id\":\"https:\\\/\\\/dev.xstyle.md\\\/#website\",\"url\":\"https:\\\/\\\/dev.xstyle.md\\\/\",\"name\":\"\u041c\u0430\u0433\u0430\u0437\u0438\u043d Xstyle\",\"description\":\"C\u043d\u0430\u0440\u044f\u0436\u0435\u043d\u0438\u0435 \u0434\u043b\u044f \u0442\u0443\u0440\u0438\u0437\u043c\u0430 \u0438 \u044d\u043a\u0441\u0442\u0440\u0435\u043c\u0430\u043b\u044c\u043d\u044b\u0445 \u0432\u0438\u0434\u043e\u0432 \u0441\u043f\u043e\u0440\u0442\u0430 \u0432 \u041c\u043e\u043b\u0434\u043e\u0432\u0435.. \u0426\u0435\u043d\u044b, \u0444\u043e\u0442\u043e, \u0445\u0430\u0440\u0430\u043a\u0442\u0435\u0440\u0438\u0441\u0442\u0438\u043a\u0438 \u0432 \u041c\u043e\u043b\u0434\u043e\u0432\u0435.\",\"publisher\":{\"@id\":\"https:\\\/\\\/dev.xstyle.md\\\/#organization\"},\"alternateName\":\"X-Style\",\"potentialAction\":[{\"@type\":\"SearchAction\",\"target\":{\"@type\":\"EntryPoint\",\"urlTemplate\":\"https:\\\/\\\/dev.xstyle.md\\\/?s={search_term_string}\"},\"query-input\":{\"@type\":\"PropertyValueSpecification\",\"valueRequired\":true,\"valueName\":\"search_term_string\"}}],\"inLanguage\":\"ro-RO\"},{\"@type\":\"Organization\",\"@id\":\"https:\\\/\\\/dev.xstyle.md\\\/#organization\",\"name\":\"\u041c\u0430\u0433\u0430\u0437\u0438\u043d Xstyle\",\"alternateName\":\"x-style\",\"url\":\"https:\\\/\\\/dev.xstyle.md\\\/\",\"logo\":{\"@type\":\"ImageObject\",\"inLanguage\":\"ro-RO\",\"@id\":\"https:\\\/\\\/dev.xstyle.md\\\/#\\\/schema\\\/logo\\\/image\\\/\",\"url\":\"https:\\\/\\\/dev.xstyle.md\\\/wp-content\\\/uploads\\\/2020\\\/06\\\/logoicon.svg\",\"contentUrl\":\"https:\\\/\\\/dev.xstyle.md\\\/wp-content\\\/uploads\\\/2020\\\/06\\\/logoicon.svg\",\"caption\":\"\u041c\u0430\u0433\u0430\u0437\u0438\u043d Xstyle\"},\"image\":{\"@id\":\"https:\\\/\\\/dev.xstyle.md\\\/#\\\/schema\\\/logo\\\/image\\\/\"},\"sameAs\":[\"https:\\\/\\\/www.facebook.com\\\/xstylemd\",\"https:\\\/\\\/www.instagram.com\\\/xstyle_md\\\/\",\"https:\\\/\\\/t.me\\\/xstyle_outdoor\"],\"hasMerchantReturnPolicy\":{\"@type\":\"MerchantReturnPolicy\",\"merchantReturnLink\":\"https:\\\/\\\/dev.xstyle.md\\\/ro\\\/conditions\\\/\"}}]}<\/script>\n<meta property=\"product:price:amount\" content=\"2100.00\" \/>\n<meta property=\"product:price:currency\" content=\"MDL\" \/>\n<meta property=\"og:availability\" content=\"instock\" \/>\n<meta property=\"product:availability\" content=\"instock\" \/>\n<meta property=\"product:retailer_item_id\" content=\"4823100533379\" \/>\n<meta property=\"product:condition\" content=\"new\" \/>\n<!-- \/ Yoast SEO plugin. -->","yoast_head_json":{"title":"\u0428\u0442\u0430\u043d\u044b Turbat Forester 2 Mns gargoyle brown - \u041c\u0430\u0433\u0430\u0437\u0438\u043d Xstyle","robots":{"index":"noindex","follow":"follow","max-snippet":"max-snippet:-1","max-image-preview":"max-image-preview:large","max-video-preview":"max-video-preview:-1"},"og_locale":"ro_RO","og_type":"article","og_title":"\u0428\u0442\u0430\u043d\u044b Turbat Forester 2 Mns gargoyle brown - \u041c\u0430\u0433\u0430\u0437\u0438\u043d Xstyle","og_description":"Turbat Forester 2 \u2014 \u043d\u0430\u0434\u0451\u0436\u043d\u044b\u0435 \u0438 \u0438\u0437\u043d\u043e\u0441\u043e\u0441\u0442\u043e\u0439\u043a\u0438\u0435 \u043c\u0443\u0436\u0441\u043a\u0438\u0435 \u0431\u0440\u044e\u043a\u0438, \u0441\u0442\u0430\u0432\u0448\u0438\u0435 \u043d\u0430\u0441\u0442\u043e\u044f\u0449\u0438\u043c \u0431\u0435\u0441\u0442\u0441\u0435\u043b\u043b\u0435\u0440\u043e\u043c \u0441\u0440\u0435\u0434\u0438 \u0442\u0443\u0440\u0438\u0441\u0442\u043e\u0432 \u0438 \u043b\u044e\u0431\u0438\u0442\u0435\u043b\u0435\u0439 \u0431\u0443\u0448\u043a\u0440\u0430\u0444\u0442\u0430. \u041e\u0442\u043b\u0438\u0447\u043d\u044b\u0439 \u0432\u044b\u0431\u043e\u0440 \u0434\u043b\u044f","og_url":"https:\/\/dev.xstyle.md\/ro\/produs\/shtany-turbat-forester-2-mns-gargoyle-brown\/","og_site_name":"\u041c\u0430\u0433\u0430\u0437\u0438\u043d Xstyle","article_publisher":"https:\/\/www.facebook.com\/xstylemd","article_modified_time":"2026-04-07T12:06:40+00:00","og_image":[{"width":1000,"height":1000,"url":"https:\/\/dev.xstyle.md\/wp-content\/uploads\/2025\/11\/turbat-forester-2-mns-gargoyle-brown.webp","type":"image\/webp"}],"twitter_card":"summary_large_image","twitter_misc":{"Pre\u021b":"2.100,00&nbsp;MDL","Disponibilitate":"\u00cen stoc"},"schema":{"@context":"https:\/\/schema.org","@graph":[{"@type":"WebPage","@id":"https:\/\/dev.xstyle.md\/product\/shtany-turbat-forester-2-mns-gargoyle-brown\/","url":"https:\/\/dev.xstyle.md\/product\/shtany-turbat-forester-2-mns-gargoyle-brown\/","name":"\u0428\u0442\u0430\u043d\u044b Turbat Forester 2 Mns gargoyle brown - \u041c\u0430\u0433\u0430\u0437\u0438\u043d Xstyle","isPartOf":{"@id":"https:\/\/dev.xstyle.md\/#website"},"primaryImageOfPage":{"@id":"https:\/\/dev.xstyle.md\/product\/shtany-turbat-forester-2-mns-gargoyle-brown\/#primaryimage"},"image":{"@id":"https:\/\/dev.xstyle.md\/product\/shtany-turbat-forester-2-mns-gargoyle-brown\/#primaryimage"},"thumbnailUrl":"https:\/\/dev.xstyle.md\/wp-content\/uploads\/2025\/11\/turbat-forester-2-mns-gargoyle-brown.webp","datePublished":"2025-11-19T14:22:58+00:00","dateModified":"2026-04-07T12:06:40+00:00","breadcrumb":{"@id":"https:\/\/dev.xstyle.md\/product\/shtany-turbat-forester-2-mns-gargoyle-brown\/#breadcrumb"},"inLanguage":"ro-RO","potentialAction":[{"@type":"ReadAction","target":["https:\/\/dev.xstyle.md\/product\/shtany-turbat-forester-2-mns-gargoyle-brown\/"]}]},{"@type":"ImageObject","inLanguage":"ro-RO","@id":"https:\/\/dev.xstyle.md\/product\/shtany-turbat-forester-2-mns-gargoyle-brown\/#primaryimage","url":"https:\/\/dev.xstyle.md\/wp-content\/uploads\/2025\/11\/turbat-forester-2-mns-gargoyle-brown.webp","contentUrl":"https:\/\/dev.xstyle.md\/wp-content\/uploads\/2025\/11\/turbat-forester-2-mns-gargoyle-brown.webp","width":1000,"height":1000,"caption":"\u0422\u0440\u0435\u043d\u0438\u0440\u043e\u0432\u043e\u0447\u043d\u044b\u0435 \u0448\u0442\u0430\u043d\u044b Turbat Forester 2 Mns Gargoyle \u043a\u043e\u0440\u0438\u0447\u043d\u0435\u0432\u044b\u0435 \u0434\u043b\u044f \u0430\u043a\u0442\u0438\u0432\u043d\u043e\u0433\u043e \u043e\u0442\u0434\u044b\u0445\u0430 \u0433\u043e\u0440\u043d\u044b\u0445 \u043f\u043e\u0445\u043e\u0434\u043e\u0432 \u0438 \u043f\u0443\u0442\u0435\u0448\u0435\u0441\u0442\u0432\u0438\u0439 \u0432 \u0438\u043d\u0442\u0435\u0440\u043d\u0435\u0442-\u043c\u0430\u0433\u0430\u0437\u0438\u043d\u0435 \u0441\u043f\u043e\u0440\u0442\u0438\u0432\u043d\u043e\u0439 \u043e\u0434\u0435\u0436\u0434\u044b \u043e\u0431\u0443\u0432\u0438 \u0434\u043b\u044f \u0430\u043b\u044c\u043f\u0438\u043d\u0438\u0437\u043c\u0430 \u0438 \u0442\u0443\u0440\u0438\u0437\u043c\u0430"},{"@type":"BreadcrumbList","@id":"https:\/\/dev.xstyle.md\/product\/shtany-turbat-forester-2-mns-gargoyle-brown\/#breadcrumb","itemListElement":[{"@type":"ListItem","position":1,"name":"\u0413\u043b\u0430\u0432\u043d\u0430\u044f \u0441\u0442\u0440\u0430\u043d\u0438\u0446\u0430","item":"https:\/\/dev.xstyle.md\/"},{"@type":"ListItem","position":2,"name":"Shop","item":"https:\/\/dev.xstyle.md\/shop\/"},{"@type":"ListItem","position":3,"name":"\u0428\u0442\u0430\u043d\u044b Turbat Forester 2 Mns gargoyle brown"}]},{"@type":"WebSite","@id":"https:\/\/dev.xstyle.md\/#website","url":"https:\/\/dev.xstyle.md\/","name":"Magazinul X-Style","description":"Echipamente pentru turism \u0219i sporturi extreme \u00een Moldova. Pre\u021buri, fotografii, caracteristici \u00een Moldova.","publisher":{"@id":"https:\/\/dev.xstyle.md\/#organization"},"alternateName":"X-Style","potentialAction":[{"@type":"SearchAction","target":{"@type":"EntryPoint","urlTemplate":"https:\/\/dev.xstyle.md\/?s={search_term_string}"},"query-input":{"@type":"PropertyValueSpecification","valueRequired":true,"valueName":"search_term_string"}}],"inLanguage":"ro-RO"},{"@type":"Organization","@id":"https:\/\/dev.xstyle.md\/#organization","name":"Magazinul X-Style","alternateName":"x-style","url":"https:\/\/dev.xstyle.md\/","logo":{"@type":"ImageObject","inLanguage":"ro-RO","@id":"https:\/\/dev.xstyle.md\/#\/schema\/logo\/image\/","url":"https:\/\/dev.xstyle.md\/wp-content\/uploads\/2020\/06\/logoicon.svg","contentUrl":"https:\/\/dev.xstyle.md\/wp-content\/uploads\/2020\/06\/logoicon.svg","caption":"\u041c\u0430\u0433\u0430\u0437\u0438\u043d Xstyle"},"image":{"@id":"https:\/\/dev.xstyle.md\/#\/schema\/logo\/image\/"},"sameAs":["https:\/\/www.facebook.com\/xstylemd","https:\/\/www.instagram.com\/xstyle_md\/","https:\/\/t.me\/xstyle_outdoor"],"hasMerchantReturnPolicy":{"@type":"MerchantReturnPolicy","merchantReturnLink":"https:\/\/dev.xstyle.md\/ro\/conditions\/"}}]},"product_price_amount":"2100.00","product_price_currency":"MDL","og_availability":"instock","product_availability":"instock","product_retailer_item_id":"4823100533379","product_condition":"new"},"post_mailing_queue_ids":[],"_links":{"self":[{"href":"https:\/\/dev.xstyle.md\/ro\/wp-json\/wp\/v2\/product\/98014","targetHints":{"allow":["GET"]}}],"collection":[{"href":"https:\/\/dev.xstyle.md\/ro\/wp-json\/wp\/v2\/product"}],"about":[{"href":"https:\/\/dev.xstyle.md\/ro\/wp-json\/wp\/v2\/types\/product"}],"replies":[{"embeddable":true,"href":"https:\/\/dev.xstyle.md\/ro\/wp-json\/wp\/v2\/comments?post=98014"}],"version-history":[{"count":0,"href":"https:\/\/dev.xstyle.md\/ro\/wp-json\/wp\/v2\/product\/98014\/revisions"}],"wp:featuredmedia":[{"embeddable":true,"href":"https:\/\/dev.xstyle.md\/ro\/wp-json\/wp\/v2\/media\/98747"}],"wp:attachment":[{"href":"https:\/\/dev.xstyle.md\/ro\/wp-json\/wp\/v2\/media?parent=98014"}],"wp:term":[{"taxonomy":"product_brand","embeddable":true,"href":"https:\/\/dev.xstyle.md\/ro\/wp-json\/wp\/v2\/product_brand?post=98014"},{"taxonomy":"product_cat","embeddable":true,"href":"https:\/\/dev.xstyle.md\/ro\/wp-json\/wp\/v2\/product_cat?post=98014"},{"taxonomy":"product_tag","embeddable":true,"href":"https:\/\/dev.xstyle.md\/ro\/wp-json\/wp\/v2\/product_tag?post=98014"}],"curies":[{"name":"wp","href":"https:\/\/api.w.org\/{rel}","templated":true}]}}