{"id":98005,"date":"2025-11-19T17:22:55","date_gmt":"2025-11-19T14:22:55","guid":{"rendered":"https:\/\/xstyle.md\/?post_type=product&#038;p=98005"},"modified":"2026-03-18T11:26:39","modified_gmt":"2026-03-18T08:26:39","slug":"snegostupy-tsl-highlander-adjust-titan","status":"publish","type":"product","link":"https:\/\/xstyle.md\/ro\/produs\/snegostupy-tsl-highlander-adjust-titan\/","title":{"rendered":"Rachete de z\u0103pad\u0103 TSL Highlander Adjust titan"},"content":{"rendered":"<\/p>\n<p><strong>TSL Highlander Adjust titan<\/strong> &#8212; sunt rachete de z\u0103pad\u0103 de \u00eenalt\u0103 performan\u021b\u0103, destinate utilizatorilor avansa\u021bi \u0219i profesioni\u0219tilor care abordeaz\u0103 trasee dificile \u0219i pante abrupte. Modelul combin\u0103 o aderen\u021b\u0103 agresiv\u0103, o fixare rigid\u0103 \u0219i o ergonomie excelent\u0103. Construc\u021bia \u201eHighlander\u201d asigur\u0103 stabilitate pe orice tip de z\u0103pad\u0103, de la z\u0103pad\u0103 proasp\u0103t\u0103 p\u00e2n\u0103 la ghea\u021b\u0103.<\/p>\n<h3>Particularit\u0103\u021bi<\/h3>\n<ul>\n<li>Cadrul &#8212; ofer\u0103 o portan\u021b\u0103 excelent\u0103 \u0219i rigiditate structurat\u0103<\/li>\n<li>Leg\u0103tura Adjust &#8212; sistem de reglare precis\u0103 a m\u0103rimii \u0219i volumului bocancului, cu fixare la c\u0103lc\u00e2i<\/li>\n<li>Lock Adjustment &#8212; permite memorarea m\u0103rimii bocancului pentru o configurare rapid\u0103 \u00eenainte de plecare<\/li>\n<li>Sistemul BOA\u00ae Fit &#8212; asigur\u0103 o str\u00e2ngere rapid\u0103, u\u0219oar\u0103 \u0219i precis\u0103 \u00een partea din fa\u021b\u0103 a piciorului<\/li>\n<li>Gheare laterale &#8212; din\u021bi din o\u021bel pe perimetru care garanteaz\u0103 aderen\u021b\u0103 maxim\u0103 pe pante \u00eenclinate<\/li>\n<li>Gheara frontal\u0103 &#8212; dinte puternic din o\u021bel pentru urc\u0103ri verticale<\/li>\n<li>\u00cen\u0103l\u021b\u0103tor (Easy Ascent) &#8212; faciliteaz\u0103 urcarea pantelor, fiind activat printr-o simpl\u0103 ap\u0103sare cu b\u0103\u021bul de schi<\/li>\n<\/ul>\n<h3>Caracteristici<\/h3>\n<ul>\n<li>Material &#8212; compozit, o\u021bel<\/li>\n<\/ul>\n<p><strong>M\u0103rimi :<\/strong><\/p>\n<ul>\n<li>S &#8212; greutatea utilizatorului 30\u201380 kg; dimensiuni 52 x 19 cm<\/li>\n<li>M &#8212; greutatea utilizatorului 50\u2013120 kg; dimensiuni 61 x 21 cm<\/li>\n<li>L &#8212; greutatea utilizatorului 70\u2013140 kg; dimensiuni 69 x 22.5 cm<\/li>\n<\/ul>\n<p><\/p>\n<h3>Marca<\/h3>\n<p>TSL - este un brand de origine francez\u0103, cunoscut la nivel mondial ca produc\u0103tor de rachete de z\u0103pad\u0103, ale c\u0103rui produse se bucur\u0103 de o cerere ridicat\u0103 de peste 35 de ani, \u00eencep\u00e2ndu-\u0219i istoria modern\u0103 \u00een anul 1986.<\/p>\n<p>Ast\u0103zi, TSL Outdoor (Sport Equipment) - este una dintre pu\u021binele companii specializate \u00een principal pe produc\u021bia de rachete de z\u0103pad\u0103, acestea reprezent\u00e2nd cea mai mare parte a cifrei de afaceri a firmei. Totu\u0219i, pe l\u00e2ng\u0103 rachetele de z\u0103pad\u0103, TSL produce \u0219i lanterne LED de calitate, rucsacuri, \u00eenc\u0103l\u021b\u0103minte \u0219i be\u021be de trekking.<\/p>","protected":false},"excerpt":{"rendered":"<p>\u0411\u0440\u0435\u043d\u0434 TSL \u2014 \u0432\u0441\u0435\u043c\u0438\u0440\u043d\u043e \u0438\u0437\u0432\u0435\u0441\u0442\u043d\u044b\u0439 \u0431\u0440\u0435\u043d\u0434-\u043f\u0440\u043e\u0438\u0437\u0432\u043e\u0434\u0438\u0442\u0435\u043b\u044c \u0441\u043d\u0435\u0433\u043e\u0441\u0442\u0443\u043f\u043e\u0432 \u0444\u0440\u0430\u043d\u0446\u0443\u0437\u0441\u043a\u043e\u0433\u043e \u043f\u0440\u043e\u0438\u0441\u0445\u043e\u0436\u0434\u0435\u043d\u0438\u044f, \u043f\u0440\u043e\u0434\u0443\u043a\u0446\u0438\u044f \u043a\u043e\u0442\u043e\u0440\u043e\u0433\u043e \u043f\u043e\u043b\u044c\u0437\u0443\u0435\u0442\u0441\u044f \u0432\u044b\u0441\u043e\u043a\u0438\u043c \u0441\u043f\u0440\u043e\u0441\u043e\u043c \u043d\u0430 \u043f\u0440\u043e\u0442\u044f\u0436\u0435\u043d\u0438\u0438 \u0431\u043e\u043b\u0435\u0435 35-\u0442\u0438 \u043b\u0435\u0442, \u043d\u0430\u0447\u0430\u0432\u0448\u0430\u044f \u0441\u0432\u043e\u044e \u0441\u043e\u0432\u0440\u0435\u043c\u0435\u043d\u043d\u0443\u044e \u0438\u0441\u0442\u043e\u0440\u0438\u044e \u0441 1986 \u0433\u043e\u0434\u0430. \u0421\u0435\u0433\u043e\u0434\u043d\u044f TSL Sport Equipment \u2014 \u043e\u0434\u043d\u0430 \u0438\u0437 \u043d\u0435\u043c\u043d\u043e\u0433\u0438\u0445 \u0444\u0438\u0440\u043c, \u0432 \u043e\u0441\u043d\u043e\u0432\u043d\u043e\u043c \u0441\u043f\u0435\u0446\u0438\u0430\u043b\u0438\u0437\u0438\u0440\u0443\u044e\u0449\u0430\u044f\u0441\u044f \u043d\u0430 \u043f\u0440\u043e\u0438\u0437\u0432\u043e\u0434\u0441\u0442\u0432\u0435 \u0441\u043d\u0435\u0433\u043e\u0441\u0442\u0443\u043f\u043e\u0432, \u043a\u043e\u0442\u043e\u0440\u044b\u0435 \u0441\u043e\u0441\u0442\u0430\u0432\u043b\u044f\u044e\u0442 \u043e\u0441\u043d\u043e\u0432\u043d\u0443\u044e \u0447\u0430\u0441\u0442\u044c \u043e\u0431\u043e\u0440\u043e\u0442\u0430 \u043a\u043e\u043c\u043f\u0430\u043d\u0438\u0438. \u041e\u0434\u043d\u0430\u043a\u043e, \u043f\u043e\u043c\u0438\u043c\u043e \u0441\u043d\u0435\u0433\u043e\u0441\u0442\u0443\u043f\u043e\u0432 TSL \u0432\u044b\u043f\u0443\u0441\u043a\u0430\u0435\u0442 \u043a\u0430\u0447\u0435\u0441\u0442\u0432\u0435\u043d\u043d\u044b\u0435 \u0441\u0432\u0435\u0442\u043e\u0434\u0438\u043e\u0434\u043d\u044b\u0435 \u0444\u043e\u043d\u0430\u0440\u0438, [&hellip;]<\/p>\n","protected":false},"featured_media":103715,"comment_status":"open","ping_status":"closed","template":"","meta":{"_acf_changed":false,"inline_featured_image":false},"product_brand":[1308],"product_cat":[350],"product_tag":[],"class_list":{"0":"post-98005","1":"product","2":"type-product","3":"status-publish","4":"has-post-thumbnail","6":"product_brand-tsl","7":"product_cat-snowshoes","9":"first","10":"instock","11":"shipping-taxable","12":"purchasable","13":"product-type-simple"},"acf":[],"yoast_head":"<!-- This site is optimized with the Yoast SEO plugin v27.4 - https:\/\/yoast.com\/product\/yoast-seo-wordpress\/ -->\n<title>\u0421\u043d\u0435\u0433\u043e\u0441\u0442\u0443\u043f\u044b TSL Highlander Adjust titan - \u041c\u0430\u0433\u0430\u0437\u0438\u043d Xstyle<\/title>\n<meta name=\"robots\" content=\"index, follow, max-snippet:-1, max-image-preview:large, max-video-preview:-1\" \/>\n<link rel=\"canonical\" href=\"https:\/\/xstyle.md\/ro\/produs\/snegostupy-tsl-highlander-adjust-titan\/\" \/>\n<meta property=\"og:locale\" content=\"ro_RO\" \/>\n<meta property=\"og:type\" content=\"article\" \/>\n<meta property=\"og:title\" content=\"\u0421\u043d\u0435\u0433\u043e\u0441\u0442\u0443\u043f\u044b TSL Highlander Adjust titan - \u041c\u0430\u0433\u0430\u0437\u0438\u043d Xstyle\" \/>\n<meta property=\"og:description\" content=\"\u0411\u0440\u0435\u043d\u0434 TSL \u2014 \u0432\u0441\u0435\u043c\u0438\u0440\u043d\u043e \u0438\u0437\u0432\u0435\u0441\u0442\u043d\u044b\u0439 \u0431\u0440\u0435\u043d\u0434-\u043f\u0440\u043e\u0438\u0437\u0432\u043e\u0434\u0438\u0442\u0435\u043b\u044c \u0441\u043d\u0435\u0433\u043e\u0441\u0442\u0443\u043f\u043e\u0432 \u0444\u0440\u0430\u043d\u0446\u0443\u0437\u0441\u043a\u043e\u0433\u043e \u043f\u0440\u043e\u0438\u0441\u0445\u043e\u0436\u0434\u0435\u043d\u0438\u044f, \u043f\u0440\u043e\u0434\u0443\u043a\u0446\u0438\u044f \u043a\u043e\u0442\u043e\u0440\u043e\u0433\u043e \u043f\u043e\u043b\u044c\u0437\u0443\u0435\u0442\u0441\u044f \u0432\u044b\u0441\u043e\u043a\u0438\u043c \u0441\u043f\u0440\u043e\u0441\u043e\u043c \u043d\u0430 \u043f\u0440\u043e\u0442\u044f\u0436\u0435\u043d\u0438\u0438 \u0431\u043e\u043b\u0435\u0435 35-\u0442\u0438 \u043b\u0435\u0442, \u043d\u0430\u0447\u0430\u0432\u0448\u0430\u044f \u0441\u0432\u043e\u044e \u0441\u043e\u0432\u0440\u0435\u043c\u0435\u043d\u043d\u0443\u044e \u0438\u0441\u0442\u043e\u0440\u0438\u044e \u0441 1986 \u0433\u043e\u0434\u0430. \u0421\u0435\u0433\u043e\u0434\u043d\u044f TSL Sport Equipment \u2014 \u043e\u0434\u043d\u0430 \u0438\u0437 \u043d\u0435\u043c\u043d\u043e\u0433\u0438\u0445 \u0444\u0438\u0440\u043c, \u0432 \u043e\u0441\u043d\u043e\u0432\u043d\u043e\u043c \u0441\u043f\u0435\u0446\u0438\u0430\u043b\u0438\u0437\u0438\u0440\u0443\u044e\u0449\u0430\u044f\u0441\u044f \u043d\u0430 \u043f\u0440\u043e\u0438\u0437\u0432\u043e\u0434\u0441\u0442\u0432\u0435 \u0441\u043d\u0435\u0433\u043e\u0441\u0442\u0443\u043f\u043e\u0432, \u043a\u043e\u0442\u043e\u0440\u044b\u0435 \u0441\u043e\u0441\u0442\u0430\u0432\u043b\u044f\u044e\u0442 \u043e\u0441\u043d\u043e\u0432\u043d\u0443\u044e \u0447\u0430\u0441\u0442\u044c \u043e\u0431\u043e\u0440\u043e\u0442\u0430 \u043a\u043e\u043c\u043f\u0430\u043d\u0438\u0438. \u041e\u0434\u043d\u0430\u043a\u043e, \u043f\u043e\u043c\u0438\u043c\u043e \u0441\u043d\u0435\u0433\u043e\u0441\u0442\u0443\u043f\u043e\u0432 TSL \u0432\u044b\u043f\u0443\u0441\u043a\u0430\u0435\u0442 \u043a\u0430\u0447\u0435\u0441\u0442\u0432\u0435\u043d\u043d\u044b\u0435 \u0441\u0432\u0435\u0442\u043e\u0434\u0438\u043e\u0434\u043d\u044b\u0435 \u0444\u043e\u043d\u0430\u0440\u0438, [&hellip;]\" \/>\n<meta property=\"og:url\" content=\"https:\/\/xstyle.md\/ro\/produs\/snegostupy-tsl-highlander-adjust-titan\/\" \/>\n<meta property=\"og:site_name\" content=\"\u041c\u0430\u0433\u0430\u0437\u0438\u043d Xstyle\" \/>\n<meta property=\"article:publisher\" content=\"https:\/\/www.facebook.com\/xstylemd\" \/>\n<meta property=\"article:modified_time\" content=\"2026-03-18T08:26:39+00:00\" \/>\n<meta property=\"og:image\" content=\"https:\/\/xstyle.md\/wp-content\/uploads\/2025\/11\/tsl-highlander-adjust-titan-3.webp\" \/>\n\t<meta property=\"og:image:width\" content=\"1200\" \/>\n\t<meta property=\"og:image:height\" content=\"1200\" \/>\n\t<meta property=\"og:image:type\" content=\"image\/webp\" \/>\n<meta name=\"twitter:card\" content=\"summary_large_image\" \/>\n<meta name=\"twitter:label1\" content=\"Pre\u021b\" \/>\n\t<meta name=\"twitter:data1\" content=\"4.590&nbsp;MDL\" \/>\n\t<meta name=\"twitter:label2\" content=\"Disponibilitate\" \/>\n\t<meta name=\"twitter:data2\" content=\"\u00cen stoc\" \/>\n<script type=\"application\/ld+json\" class=\"yoast-schema-graph\">{\"@context\":\"https:\\\/\\\/schema.org\",\"@graph\":[{\"@type\":\"WebPage\",\"@id\":\"https:\\\/\\\/xstyle.md\\\/product\\\/snegostupy-tsl-highlander-adjust-titan\\\/\",\"url\":\"https:\\\/\\\/xstyle.md\\\/product\\\/snegostupy-tsl-highlander-adjust-titan\\\/\",\"name\":\"\u0421\u043d\u0435\u0433\u043e\u0441\u0442\u0443\u043f\u044b TSL Highlander Adjust titan - \u041c\u0430\u0433\u0430\u0437\u0438\u043d Xstyle\",\"isPartOf\":{\"@id\":\"https:\\\/\\\/xstyle.md\\\/#website\"},\"primaryImageOfPage\":{\"@id\":\"https:\\\/\\\/xstyle.md\\\/product\\\/snegostupy-tsl-highlander-adjust-titan\\\/#primaryimage\"},\"image\":{\"@id\":\"https:\\\/\\\/xstyle.md\\\/product\\\/snegostupy-tsl-highlander-adjust-titan\\\/#primaryimage\"},\"thumbnailUrl\":\"https:\\\/\\\/xstyle.md\\\/wp-content\\\/uploads\\\/2025\\\/11\\\/tsl-highlander-adjust-titan-3.webp\",\"datePublished\":\"2025-11-19T14:22:55+00:00\",\"dateModified\":\"2026-03-18T08:26:39+00:00\",\"breadcrumb\":{\"@id\":\"https:\\\/\\\/xstyle.md\\\/product\\\/snegostupy-tsl-highlander-adjust-titan\\\/#breadcrumb\"},\"inLanguage\":\"ro-RO\",\"potentialAction\":[{\"@type\":\"ReadAction\",\"target\":[\"https:\\\/\\\/xstyle.md\\\/product\\\/snegostupy-tsl-highlander-adjust-titan\\\/\"]}]},{\"@type\":\"ImageObject\",\"inLanguage\":\"ro-RO\",\"@id\":\"https:\\\/\\\/xstyle.md\\\/product\\\/snegostupy-tsl-highlander-adjust-titan\\\/#primaryimage\",\"url\":\"https:\\\/\\\/xstyle.md\\\/wp-content\\\/uploads\\\/2025\\\/11\\\/tsl-highlander-adjust-titan-3.webp\",\"contentUrl\":\"https:\\\/\\\/xstyle.md\\\/wp-content\\\/uploads\\\/2025\\\/11\\\/tsl-highlander-adjust-titan-3.webp\",\"width\":1200,\"height\":1200,\"caption\":\"\u0421\u043d\u0435\u0433\u043e\u0441\u0442\u0443\u043f\u044b TSL Highlander Adjust Titan \u0434\u043b\u044f \u0430\u043a\u0442\u0438\u0432\u043d\u043e\u0433\u043e \u043e\u0442\u0434\u044b\u0445\u0430, \u043f\u043e\u0445\u043e\u0434\u043e\u0432, \u0430\u043b\u044c\u043f\u0438\u043d\u0438\u0437\u043c\u0430, \u043f\u0443\u0442\u0435\u0448\u0435\u0441\u0442\u0432\u0438\u0439, \u0441\u0442\u0438\u043b\u044c\u043d\u043e\u0439 \u043e\u0434\u0435\u0436\u0434\u044b \u0438 \u043e\u0431\u0443\u0432\u0438 \u0434\u043b\u044f \u0442\u0443\u0440\u0438\u0437\u043c\u0430 \u0438 \u0433\u043e\u0440\u043d\u044b\u0445 \u043f\u043e\u0445\u043e\u0434\u043e\u0432\"},{\"@type\":\"BreadcrumbList\",\"@id\":\"https:\\\/\\\/xstyle.md\\\/product\\\/snegostupy-tsl-highlander-adjust-titan\\\/#breadcrumb\",\"itemListElement\":[{\"@type\":\"ListItem\",\"position\":1,\"name\":\"\u0413\u043b\u0430\u0432\u043d\u0430\u044f \u0441\u0442\u0440\u0430\u043d\u0438\u0446\u0430\",\"item\":\"https:\\\/\\\/xstyle.md\\\/\"},{\"@type\":\"ListItem\",\"position\":2,\"name\":\"\u041c\u0430\u0433\u0430\u0437\u0438\u043d\",\"item\":\"https:\\\/\\\/xstyle.md\\\/shop\\\/\"},{\"@type\":\"ListItem\",\"position\":3,\"name\":\"\u0421\u043d\u0435\u0433\u043e\u0441\u0442\u0443\u043f\u044b TSL Highlander Adjust titan\"}]},{\"@type\":\"WebSite\",\"@id\":\"https:\\\/\\\/xstyle.md\\\/#website\",\"url\":\"https:\\\/\\\/xstyle.md\\\/\",\"name\":\"\u041c\u0430\u0433\u0430\u0437\u0438\u043d Xstyle\",\"description\":\"C\u043d\u0430\u0440\u044f\u0436\u0435\u043d\u0438\u0435 \u0434\u043b\u044f \u0442\u0443\u0440\u0438\u0437\u043c\u0430 \u0438 \u044d\u043a\u0441\u0442\u0440\u0435\u043c\u0430\u043b\u044c\u043d\u044b\u0445 \u0432\u0438\u0434\u043e\u0432 \u0441\u043f\u043e\u0440\u0442\u0430 \u0432 \u041c\u043e\u043b\u0434\u043e\u0432\u0435.. \u0426\u0435\u043d\u044b, \u0444\u043e\u0442\u043e, \u0445\u0430\u0440\u0430\u043a\u0442\u0435\u0440\u0438\u0441\u0442\u0438\u043a\u0438 \u0432 \u041c\u043e\u043b\u0434\u043e\u0432\u0435.\",\"publisher\":{\"@id\":\"https:\\\/\\\/xstyle.md\\\/#organization\"},\"alternateName\":\"X-Style\",\"potentialAction\":[{\"@type\":\"SearchAction\",\"target\":{\"@type\":\"EntryPoint\",\"urlTemplate\":\"https:\\\/\\\/xstyle.md\\\/?s={search_term_string}\"},\"query-input\":{\"@type\":\"PropertyValueSpecification\",\"valueRequired\":true,\"valueName\":\"search_term_string\"}}],\"inLanguage\":\"ro-RO\"},{\"@type\":\"Organization\",\"@id\":\"https:\\\/\\\/xstyle.md\\\/#organization\",\"name\":\"\u041c\u0430\u0433\u0430\u0437\u0438\u043d Xstyle\",\"alternateName\":\"x-style\",\"url\":\"https:\\\/\\\/xstyle.md\\\/\",\"logo\":{\"@type\":\"ImageObject\",\"inLanguage\":\"ro-RO\",\"@id\":\"https:\\\/\\\/xstyle.md\\\/#\\\/schema\\\/logo\\\/image\\\/\",\"url\":\"https:\\\/\\\/xstyle.md\\\/wp-content\\\/uploads\\\/2020\\\/06\\\/logoicon.svg\",\"contentUrl\":\"https:\\\/\\\/xstyle.md\\\/wp-content\\\/uploads\\\/2020\\\/06\\\/logoicon.svg\",\"caption\":\"\u041c\u0430\u0433\u0430\u0437\u0438\u043d Xstyle\"},\"image\":{\"@id\":\"https:\\\/\\\/xstyle.md\\\/#\\\/schema\\\/logo\\\/image\\\/\"},\"sameAs\":[\"https:\\\/\\\/www.facebook.com\\\/xstylemd\",\"https:\\\/\\\/www.instagram.com\\\/xstyle_md\\\/\",\"https:\\\/\\\/t.me\\\/xstyle_outdoor\"],\"hasMerchantReturnPolicy\":{\"@type\":\"MerchantReturnPolicy\",\"merchantReturnLink\":\"https:\\\/\\\/xstyle.md\\\/ro\\\/conditions\\\/\"}}]}<\/script>\n<meta property=\"product:price:amount\" content=\"4590.00\" \/>\n<meta property=\"product:price:currency\" content=\"MDL\" \/>\n<meta property=\"og:availability\" content=\"instock\" \/>\n<meta property=\"product:availability\" content=\"instock\" \/>\n<meta property=\"product:retailer_item_id\" content=\"3436500416381\" \/>\n<meta property=\"product:condition\" content=\"new\" \/>\n<!-- \/ Yoast SEO plugin. -->","yoast_head_json":{"title":"\u0421\u043d\u0435\u0433\u043e\u0441\u0442\u0443\u043f\u044b TSL Highlander Adjust titan - \u041c\u0430\u0433\u0430\u0437\u0438\u043d Xstyle","robots":{"index":"index","follow":"follow","max-snippet":"max-snippet:-1","max-image-preview":"max-image-preview:large","max-video-preview":"max-video-preview:-1"},"canonical":"https:\/\/xstyle.md\/ro\/produs\/snegostupy-tsl-highlander-adjust-titan\/","og_locale":"ro_RO","og_type":"article","og_title":"\u0421\u043d\u0435\u0433\u043e\u0441\u0442\u0443\u043f\u044b TSL Highlander Adjust titan - \u041c\u0430\u0433\u0430\u0437\u0438\u043d Xstyle","og_description":"\u0411\u0440\u0435\u043d\u0434 TSL \u2014 \u0432\u0441\u0435\u043c\u0438\u0440\u043d\u043e \u0438\u0437\u0432\u0435\u0441\u0442\u043d\u044b\u0439 \u0431\u0440\u0435\u043d\u0434-\u043f\u0440\u043e\u0438\u0437\u0432\u043e\u0434\u0438\u0442\u0435\u043b\u044c \u0441\u043d\u0435\u0433\u043e\u0441\u0442\u0443\u043f\u043e\u0432 \u0444\u0440\u0430\u043d\u0446\u0443\u0437\u0441\u043a\u043e\u0433\u043e \u043f\u0440\u043e\u0438\u0441\u0445\u043e\u0436\u0434\u0435\u043d\u0438\u044f, \u043f\u0440\u043e\u0434\u0443\u043a\u0446\u0438\u044f \u043a\u043e\u0442\u043e\u0440\u043e\u0433\u043e \u043f\u043e\u043b\u044c\u0437\u0443\u0435\u0442\u0441\u044f \u0432\u044b\u0441\u043e\u043a\u0438\u043c \u0441\u043f\u0440\u043e\u0441\u043e\u043c \u043d\u0430 \u043f\u0440\u043e\u0442\u044f\u0436\u0435\u043d\u0438\u0438 \u0431\u043e\u043b\u0435\u0435 35-\u0442\u0438 \u043b\u0435\u0442, \u043d\u0430\u0447\u0430\u0432\u0448\u0430\u044f \u0441\u0432\u043e\u044e \u0441\u043e\u0432\u0440\u0435\u043c\u0435\u043d\u043d\u0443\u044e \u0438\u0441\u0442\u043e\u0440\u0438\u044e \u0441 1986 \u0433\u043e\u0434\u0430. \u0421\u0435\u0433\u043e\u0434\u043d\u044f TSL Sport Equipment \u2014 \u043e\u0434\u043d\u0430 \u0438\u0437 \u043d\u0435\u043c\u043d\u043e\u0433\u0438\u0445 \u0444\u0438\u0440\u043c, \u0432 \u043e\u0441\u043d\u043e\u0432\u043d\u043e\u043c \u0441\u043f\u0435\u0446\u0438\u0430\u043b\u0438\u0437\u0438\u0440\u0443\u044e\u0449\u0430\u044f\u0441\u044f \u043d\u0430 \u043f\u0440\u043e\u0438\u0437\u0432\u043e\u0434\u0441\u0442\u0432\u0435 \u0441\u043d\u0435\u0433\u043e\u0441\u0442\u0443\u043f\u043e\u0432, \u043a\u043e\u0442\u043e\u0440\u044b\u0435 \u0441\u043e\u0441\u0442\u0430\u0432\u043b\u044f\u044e\u0442 \u043e\u0441\u043d\u043e\u0432\u043d\u0443\u044e \u0447\u0430\u0441\u0442\u044c \u043e\u0431\u043e\u0440\u043e\u0442\u0430 \u043a\u043e\u043c\u043f\u0430\u043d\u0438\u0438. \u041e\u0434\u043d\u0430\u043a\u043e, \u043f\u043e\u043c\u0438\u043c\u043e \u0441\u043d\u0435\u0433\u043e\u0441\u0442\u0443\u043f\u043e\u0432 TSL \u0432\u044b\u043f\u0443\u0441\u043a\u0430\u0435\u0442 \u043a\u0430\u0447\u0435\u0441\u0442\u0432\u0435\u043d\u043d\u044b\u0435 \u0441\u0432\u0435\u0442\u043e\u0434\u0438\u043e\u0434\u043d\u044b\u0435 \u0444\u043e\u043d\u0430\u0440\u0438, [&hellip;]","og_url":"https:\/\/xstyle.md\/ro\/produs\/snegostupy-tsl-highlander-adjust-titan\/","og_site_name":"\u041c\u0430\u0433\u0430\u0437\u0438\u043d Xstyle","article_publisher":"https:\/\/www.facebook.com\/xstylemd","article_modified_time":"2026-03-18T08:26:39+00:00","og_image":[{"width":1200,"height":1200,"url":"https:\/\/xstyle.md\/wp-content\/uploads\/2025\/11\/tsl-highlander-adjust-titan-3.webp","type":"image\/webp"}],"twitter_card":"summary_large_image","twitter_misc":{"Pre\u021b":"4.590&nbsp;MDL","Disponibilitate":"\u00cen stoc"},"schema":{"@context":"https:\/\/schema.org","@graph":[{"@type":"WebPage","@id":"https:\/\/xstyle.md\/product\/snegostupy-tsl-highlander-adjust-titan\/","url":"https:\/\/xstyle.md\/product\/snegostupy-tsl-highlander-adjust-titan\/","name":"\u0421\u043d\u0435\u0433\u043e\u0441\u0442\u0443\u043f\u044b TSL Highlander Adjust titan - \u041c\u0430\u0433\u0430\u0437\u0438\u043d Xstyle","isPartOf":{"@id":"https:\/\/xstyle.md\/#website"},"primaryImageOfPage":{"@id":"https:\/\/xstyle.md\/product\/snegostupy-tsl-highlander-adjust-titan\/#primaryimage"},"image":{"@id":"https:\/\/xstyle.md\/product\/snegostupy-tsl-highlander-adjust-titan\/#primaryimage"},"thumbnailUrl":"https:\/\/xstyle.md\/wp-content\/uploads\/2025\/11\/tsl-highlander-adjust-titan-3.webp","datePublished":"2025-11-19T14:22:55+00:00","dateModified":"2026-03-18T08:26:39+00:00","breadcrumb":{"@id":"https:\/\/xstyle.md\/product\/snegostupy-tsl-highlander-adjust-titan\/#breadcrumb"},"inLanguage":"ro-RO","potentialAction":[{"@type":"ReadAction","target":["https:\/\/xstyle.md\/product\/snegostupy-tsl-highlander-adjust-titan\/"]}]},{"@type":"ImageObject","inLanguage":"ro-RO","@id":"https:\/\/xstyle.md\/product\/snegostupy-tsl-highlander-adjust-titan\/#primaryimage","url":"https:\/\/xstyle.md\/wp-content\/uploads\/2025\/11\/tsl-highlander-adjust-titan-3.webp","contentUrl":"https:\/\/xstyle.md\/wp-content\/uploads\/2025\/11\/tsl-highlander-adjust-titan-3.webp","width":1200,"height":1200,"caption":"\u0421\u043d\u0435\u0433\u043e\u0441\u0442\u0443\u043f\u044b TSL Highlander Adjust Titan \u0434\u043b\u044f \u0430\u043a\u0442\u0438\u0432\u043d\u043e\u0433\u043e \u043e\u0442\u0434\u044b\u0445\u0430, \u043f\u043e\u0445\u043e\u0434\u043e\u0432, \u0430\u043b\u044c\u043f\u0438\u043d\u0438\u0437\u043c\u0430, \u043f\u0443\u0442\u0435\u0448\u0435\u0441\u0442\u0432\u0438\u0439, \u0441\u0442\u0438\u043b\u044c\u043d\u043e\u0439 \u043e\u0434\u0435\u0436\u0434\u044b \u0438 \u043e\u0431\u0443\u0432\u0438 \u0434\u043b\u044f \u0442\u0443\u0440\u0438\u0437\u043c\u0430 \u0438 \u0433\u043e\u0440\u043d\u044b\u0445 \u043f\u043e\u0445\u043e\u0434\u043e\u0432"},{"@type":"BreadcrumbList","@id":"https:\/\/xstyle.md\/product\/snegostupy-tsl-highlander-adjust-titan\/#breadcrumb","itemListElement":[{"@type":"ListItem","position":1,"name":"\u0413\u043b\u0430\u0432\u043d\u0430\u044f \u0441\u0442\u0440\u0430\u043d\u0438\u0446\u0430","item":"https:\/\/xstyle.md\/"},{"@type":"ListItem","position":2,"name":"\u041c\u0430\u0433\u0430\u0437\u0438\u043d","item":"https:\/\/xstyle.md\/shop\/"},{"@type":"ListItem","position":3,"name":"\u0421\u043d\u0435\u0433\u043e\u0441\u0442\u0443\u043f\u044b TSL Highlander Adjust titan"}]},{"@type":"WebSite","@id":"https:\/\/xstyle.md\/#website","url":"https:\/\/xstyle.md\/","name":"Magazinul X-Style","description":"Echipamente pentru turism \u0219i sporturi extreme \u00een Moldova. Pre\u021buri, fotografii, caracteristici \u00een Moldova.","publisher":{"@id":"https:\/\/xstyle.md\/#organization"},"alternateName":"X-Style","potentialAction":[{"@type":"SearchAction","target":{"@type":"EntryPoint","urlTemplate":"https:\/\/xstyle.md\/?s={search_term_string}"},"query-input":{"@type":"PropertyValueSpecification","valueRequired":true,"valueName":"search_term_string"}}],"inLanguage":"ro-RO"},{"@type":"Organization","@id":"https:\/\/xstyle.md\/#organization","name":"Magazinul X-Style","alternateName":"x-style","url":"https:\/\/xstyle.md\/","logo":{"@type":"ImageObject","inLanguage":"ro-RO","@id":"https:\/\/xstyle.md\/#\/schema\/logo\/image\/","url":"https:\/\/xstyle.md\/wp-content\/uploads\/2020\/06\/logoicon.svg","contentUrl":"https:\/\/xstyle.md\/wp-content\/uploads\/2020\/06\/logoicon.svg","caption":"\u041c\u0430\u0433\u0430\u0437\u0438\u043d Xstyle"},"image":{"@id":"https:\/\/xstyle.md\/#\/schema\/logo\/image\/"},"sameAs":["https:\/\/www.facebook.com\/xstylemd","https:\/\/www.instagram.com\/xstyle_md\/","https:\/\/t.me\/xstyle_outdoor"],"hasMerchantReturnPolicy":{"@type":"MerchantReturnPolicy","merchantReturnLink":"https:\/\/xstyle.md\/ro\/conditions\/"}}]},"product_price_amount":"4590.00","product_price_currency":"MDL","og_availability":"instock","product_availability":"instock","product_retailer_item_id":"3436500416381","product_condition":"new"},"_links":{"self":[{"href":"https:\/\/xstyle.md\/ro\/wp-json\/wp\/v2\/product\/98005","targetHints":{"allow":["GET"]}}],"collection":[{"href":"https:\/\/xstyle.md\/ro\/wp-json\/wp\/v2\/product"}],"about":[{"href":"https:\/\/xstyle.md\/ro\/wp-json\/wp\/v2\/types\/product"}],"replies":[{"embeddable":true,"href":"https:\/\/xstyle.md\/ro\/wp-json\/wp\/v2\/comments?post=98005"}],"wp:featuredmedia":[{"embeddable":true,"href":"https:\/\/xstyle.md\/ro\/wp-json\/wp\/v2\/media\/103715"}],"wp:attachment":[{"href":"https:\/\/xstyle.md\/ro\/wp-json\/wp\/v2\/media?parent=98005"}],"wp:term":[{"taxonomy":"product_brand","embeddable":true,"href":"https:\/\/xstyle.md\/ro\/wp-json\/wp\/v2\/product_brand?post=98005"},{"taxonomy":"product_cat","embeddable":true,"href":"https:\/\/xstyle.md\/ro\/wp-json\/wp\/v2\/product_cat?post=98005"},{"taxonomy":"product_tag","embeddable":true,"href":"https:\/\/xstyle.md\/ro\/wp-json\/wp\/v2\/product_tag?post=98005"}],"curies":[{"name":"wp","href":"https:\/\/api.w.org\/{rel}","templated":true}]}}