{"id":97981,"date":"2025-11-19T17:22:48","date_gmt":"2025-11-19T14:22:48","guid":{"rendered":"https:\/\/xstyle.md\/?post_type=product&#038;p=97981"},"modified":"2026-03-18T16:51:25","modified_gmt":"2026-03-18T13:51:25","slug":"kurtka-ternua-sakketa-2-0-hood-wmn-light-mint","status":"publish","type":"product","link":"https:\/\/xstyle.md\/ro\/produs\/kurtka-ternua-sakketa-2-0-hood-wmn-light-mint\/","title":{"rendered":"Geac\u0103 Ternua Sakketa 2.0 Hood Wmn light mint"},"content":{"rendered":"<\/p>\n<p><strong>Ternua Sakketa 2.0 Hood Wmn light mint<\/strong> &#8212; este un al doilea strat tehnic (fleece) multifunc\u021bional cu glug\u0103, ideal pentru orice tip de activitate montan\u0103 pe tot parcursul anului. Jacheta este fabricat\u0103 din materialul performant Warmshell, care ofer\u0103 un echilibru perfect \u00eentre izolarea termic\u0103, greutatea redus\u0103 \u0219i respirabilitate. Aceasta este o versiune actualizat\u0103 a modelului popular, fiind acum mai ecologic\u0103 \u0219i mai confortabil\u0103.<\/p>\n<h3>Particularit\u0103\u021bi<\/h3>\n<ul>\n<li>Tehnologia Warmshell &#8212; materialul re\u021bine excelent c\u0103ldura, elimin\u0103 rapid umiditatea \u0219i se usuc\u0103 instantaneu, aspect esen\u021bial \u00een timpul efortului intens<\/li>\n<li>Elasticitate &#8212; materialul este elastic, asigur\u00e2nd libertate total\u0103 de mi\u0219care \u00een timpul escaladei, trekkingului sau schiului de tur\u0103.<\/li>\n<li>Sustenabilitate &#8212; fabricat\u0103 din poliester reciclat (din sticle de plastic). Materialul este certificat Bluesign\u00ae \u0219i de\u021bine certificarea Oeko-Tex\u00ae<\/li>\n<li>Design \u0219i confort &#8212; glug\u0103 fix\u0103, mulat\u0103, pentru protec\u021bie \u00eempotriva v\u00e2ntului<\/li>\n<li>Cus\u0103turi plate (Flatlock) pentru a preveni irita\u021biile<\/li>\n<li>Protec\u021bie pentru b\u0103rbie la fermoar<\/li>\n<li>Orificii pentru degetul mare la man\u0219ete pentru fixarea m\u00e2necilor \u0219i un plus de c\u0103ldur\u0103<\/li>\n<li>Buzunare &#8212; dou\u0103 buzunare frontale cu fermoar \u0219i un buzunar lipit pe m\u00e2nec\u0103 sau piept (\u00een func\u021bie de variant\u0103)<\/li>\n<\/ul>\n<h3>Caracteristici<\/h3>\n<ul>\n<li>Utilizare &#8212; alpinism, trekking, hiking, schi de tur\u0103<\/li>\n<li>Compozi\u021bie &#8212; 94% Poliester, 6% Elastan<\/li>\n<li>Tratament hidrofob &#8212; DWR f\u0103r\u0103 PFC (PFC-free)<\/li>\n<li>Greutate &#8212; aproximativ 365 g<\/li>\n<\/ul>\n<p><\/p>\n<h3>Marca<\/h3>\n<p>Ternua - este un brand spaniol de prestigiu (din \u021aara Bascilor), specializat \u00een \u00eembr\u0103c\u0103minte tehnic\u0103 de \u00eenalt\u0103 performan\u021b\u0103 pentru alpinism \u0219i activit\u0103\u021bi outdoor. Compania este recunoscut\u0103 la nivel mondial pentru angajamentul s\u0103u fa\u021b\u0103 de ecologie, fiind printre primii care au eliminat complet substan\u021bele nocive (PFC) \u0219i care utilizeaz\u0103 materiale reciclate, precum plasele de pescuit, za\u021bul de cafea sau sticlele de plastic. Produsele Ternua combin\u0103 designul autentic, durabilitatea \u0219i func\u021bionalitatea, primind de-a lungul timpului numeroase premii prestigioase la expozi\u021bia ISPO.<\/p>","protected":false},"excerpt":{"rendered":"<p>\u0411\u0440\u0435\u043d\u0434 Ternua \u2014 \u044d\u0442\u043e \u043f\u0440\u0435\u0441\u0442\u0438\u0436\u043d\u044b\u0439 \u0438\u0441\u043f\u0430\u043d\u0441\u043a\u0438\u0439 \u0431\u0440\u0435\u043d\u0434 (\u0438\u0437 \u0421\u0442\u0440\u0430\u043d\u044b \u0411\u0430\u0441\u043a\u043e\u0432), \u0441\u043f\u0435\u0446\u0438\u0430\u043b\u0438\u0437\u0438\u0440\u0443\u044e\u0449\u0438\u0439\u0441\u044f \u043d\u0430 \u0432\u044b\u0441\u043e\u043a\u043e\u0442\u0435\u0445\u043d\u043e\u043b\u043e\u0433\u0438\u0447\u043d\u043e\u0439 \u043e\u0434\u0435\u0436\u0434\u0435 \u0434\u043b\u044f \u0430\u043b\u044c\u043f\u0438\u043d\u0438\u0437\u043c\u0430 \u0438 \u0430\u043a\u0442\u0438\u0432\u043d\u043e\u0433\u043e \u043e\u0442\u0434\u044b\u0445\u0430. \u041a\u043e\u043c\u043f\u0430\u043d\u0438\u044f \u0432\u0441\u0435\u043c\u0438\u0440\u043d\u043e \u0438\u0437\u0432\u0435\u0441\u0442\u043d\u0430 \u0441\u0432\u043e\u0435\u0439 \u043f\u0440\u0438\u0432\u0435\u0440\u0436\u0435\u043d\u043d\u043e\u0441\u0442\u044c\u044e \u044d\u043a\u043e\u043b\u043e\u0433\u0438\u0438: \u043e\u043d\u0438 \u043e\u0434\u043d\u0438\u043c\u0438 \u0438\u0437 \u043f\u0435\u0440\u0432\u044b\u0445 \u043f\u043e\u043b\u043d\u043e\u0441\u0442\u044c\u044e \u043e\u0442\u043a\u0430\u0437\u0430\u043b\u0438\u0441\u044c \u043e\u0442 \u0438\u0441\u043f\u043e\u043b\u044c\u0437\u043e\u0432\u0430\u043d\u0438\u044f \u0432\u0440\u0435\u0434\u043d\u044b\u0445 \u0444\u0442\u043e\u0440\u0441\u043e\u0434\u0435\u0440\u0436\u0430\u0449\u0438\u0445 \u0432\u0435\u0449\u0435\u0441\u0442\u0432 (PFC) \u0438 \u0430\u043a\u0442\u0438\u0432\u043d\u043e \u0438\u0441\u043f\u043e\u043b\u044c\u0437\u0443\u044e\u0442 \u043f\u0435\u0440\u0435\u0440\u0430\u0431\u043e\u0442\u0430\u043d\u043d\u044b\u0435 \u043c\u0430\u0442\u0435\u0440\u0438\u0430\u043b\u044b, \u0442\u0430\u043a\u0438\u0435 \u043a\u0430\u043a \u0440\u044b\u0431\u043e\u043b\u043e\u0432\u043d\u044b\u0435 \u0441\u0435\u0442\u0438, \u043a\u043e\u0444\u0435\u0439\u043d\u0430\u044f \u0433\u0443\u0449\u0430 \u0438 \u043f\u043b\u0430\u0441\u0442\u0438\u043a\u043e\u0432\u044b\u0435 \u0431\u0443\u0442\u044b\u043b\u043a\u0438. \u041e\u0434\u0435\u0436\u0434\u0430 Ternua \u0441\u043e\u0447\u0435\u0442\u0430\u0435\u0442 \u0432 [&hellip;]<\/p>\n","protected":false},"featured_media":103783,"comment_status":"open","ping_status":"closed","template":"","meta":{"_acf_changed":false,"inline_featured_image":false},"product_brand":[1426],"product_cat":[242],"product_tag":[],"class_list":{"0":"post-97981","1":"product","2":"type-product","3":"status-publish","4":"has-post-thumbnail","6":"product_brand-ternua","7":"product_cat-second-layer-women","9":"first","10":"instock","11":"shipping-taxable","12":"purchasable","13":"product-type-simple"},"acf":[],"yoast_head":"<!-- This site is optimized with the Yoast SEO plugin v27.4 - https:\/\/yoast.com\/product\/yoast-seo-wordpress\/ -->\n<title>\u041a\u0443\u0440\u0442\u043a\u0430 Ternua Sakketa 2.0 Hood Wmn light mint - \u041c\u0430\u0433\u0430\u0437\u0438\u043d Xstyle<\/title>\n<meta name=\"robots\" content=\"index, follow, max-snippet:-1, max-image-preview:large, max-video-preview:-1\" \/>\n<link rel=\"canonical\" href=\"https:\/\/xstyle.md\/ro\/produs\/kurtka-ternua-sakketa-2-0-hood-wmn-light-mint\/\" \/>\n<meta property=\"og:locale\" content=\"ro_RO\" \/>\n<meta property=\"og:type\" content=\"article\" \/>\n<meta property=\"og:title\" content=\"\u041a\u0443\u0440\u0442\u043a\u0430 Ternua Sakketa 2.0 Hood Wmn light mint - \u041c\u0430\u0433\u0430\u0437\u0438\u043d Xstyle\" \/>\n<meta property=\"og:description\" content=\"\u0411\u0440\u0435\u043d\u0434 Ternua \u2014 \u044d\u0442\u043e \u043f\u0440\u0435\u0441\u0442\u0438\u0436\u043d\u044b\u0439 \u0438\u0441\u043f\u0430\u043d\u0441\u043a\u0438\u0439 \u0431\u0440\u0435\u043d\u0434 (\u0438\u0437 \u0421\u0442\u0440\u0430\u043d\u044b \u0411\u0430\u0441\u043a\u043e\u0432), \u0441\u043f\u0435\u0446\u0438\u0430\u043b\u0438\u0437\u0438\u0440\u0443\u044e\u0449\u0438\u0439\u0441\u044f \u043d\u0430 \u0432\u044b\u0441\u043e\u043a\u043e\u0442\u0435\u0445\u043d\u043e\u043b\u043e\u0433\u0438\u0447\u043d\u043e\u0439 \u043e\u0434\u0435\u0436\u0434\u0435 \u0434\u043b\u044f \u0430\u043b\u044c\u043f\u0438\u043d\u0438\u0437\u043c\u0430 \u0438 \u0430\u043a\u0442\u0438\u0432\u043d\u043e\u0433\u043e \u043e\u0442\u0434\u044b\u0445\u0430. \u041a\u043e\u043c\u043f\u0430\u043d\u0438\u044f \u0432\u0441\u0435\u043c\u0438\u0440\u043d\u043e \u0438\u0437\u0432\u0435\u0441\u0442\u043d\u0430 \u0441\u0432\u043e\u0435\u0439 \u043f\u0440\u0438\u0432\u0435\u0440\u0436\u0435\u043d\u043d\u043e\u0441\u0442\u044c\u044e \u044d\u043a\u043e\u043b\u043e\u0433\u0438\u0438: \u043e\u043d\u0438 \u043e\u0434\u043d\u0438\u043c\u0438 \u0438\u0437 \u043f\u0435\u0440\u0432\u044b\u0445 \u043f\u043e\u043b\u043d\u043e\u0441\u0442\u044c\u044e \u043e\u0442\u043a\u0430\u0437\u0430\u043b\u0438\u0441\u044c \u043e\u0442 \u0438\u0441\u043f\u043e\u043b\u044c\u0437\u043e\u0432\u0430\u043d\u0438\u044f \u0432\u0440\u0435\u0434\u043d\u044b\u0445 \u0444\u0442\u043e\u0440\u0441\u043e\u0434\u0435\u0440\u0436\u0430\u0449\u0438\u0445 \u0432\u0435\u0449\u0435\u0441\u0442\u0432 (PFC) \u0438 \u0430\u043a\u0442\u0438\u0432\u043d\u043e \u0438\u0441\u043f\u043e\u043b\u044c\u0437\u0443\u044e\u0442 \u043f\u0435\u0440\u0435\u0440\u0430\u0431\u043e\u0442\u0430\u043d\u043d\u044b\u0435 \u043c\u0430\u0442\u0435\u0440\u0438\u0430\u043b\u044b, \u0442\u0430\u043a\u0438\u0435 \u043a\u0430\u043a \u0440\u044b\u0431\u043e\u043b\u043e\u0432\u043d\u044b\u0435 \u0441\u0435\u0442\u0438, \u043a\u043e\u0444\u0435\u0439\u043d\u0430\u044f \u0433\u0443\u0449\u0430 \u0438 \u043f\u043b\u0430\u0441\u0442\u0438\u043a\u043e\u0432\u044b\u0435 \u0431\u0443\u0442\u044b\u043b\u043a\u0438. \u041e\u0434\u0435\u0436\u0434\u0430 Ternua \u0441\u043e\u0447\u0435\u0442\u0430\u0435\u0442 \u0432 [&hellip;]\" \/>\n<meta property=\"og:url\" content=\"https:\/\/xstyle.md\/ro\/produs\/kurtka-ternua-sakketa-2-0-hood-wmn-light-mint\/\" \/>\n<meta property=\"og:site_name\" content=\"\u041c\u0430\u0433\u0430\u0437\u0438\u043d Xstyle\" \/>\n<meta property=\"article:publisher\" content=\"https:\/\/www.facebook.com\/xstylemd\" \/>\n<meta property=\"article:modified_time\" content=\"2026-03-18T13:51:25+00:00\" \/>\n<meta property=\"og:image\" content=\"https:\/\/xstyle.md\/wp-content\/uploads\/2025\/11\/ternua-sakketa-2.0-hood-wmn-light-mint-1.webp\" \/>\n\t<meta property=\"og:image:width\" content=\"1200\" \/>\n\t<meta property=\"og:image:height\" content=\"1200\" \/>\n\t<meta property=\"og:image:type\" content=\"image\/webp\" \/>\n<meta name=\"twitter:card\" content=\"summary_large_image\" \/>\n<meta name=\"twitter:label1\" content=\"Pre\u021b\" \/>\n\t<meta name=\"twitter:data1\" content=\"2.590&nbsp;MDL\" \/>\n\t<meta name=\"twitter:label2\" content=\"Disponibilitate\" \/>\n\t<meta name=\"twitter:data2\" content=\"\u00cen stoc\" \/>\n<script type=\"application\/ld+json\" class=\"yoast-schema-graph\">{\"@context\":\"https:\\\/\\\/schema.org\",\"@graph\":[{\"@type\":\"WebPage\",\"@id\":\"https:\\\/\\\/xstyle.md\\\/product\\\/kurtka-ternua-sakketa-2-0-hood-wmn-light-mint\\\/\",\"url\":\"https:\\\/\\\/xstyle.md\\\/product\\\/kurtka-ternua-sakketa-2-0-hood-wmn-light-mint\\\/\",\"name\":\"\u041a\u0443\u0440\u0442\u043a\u0430 Ternua Sakketa 2.0 Hood Wmn light mint - \u041c\u0430\u0433\u0430\u0437\u0438\u043d Xstyle\",\"isPartOf\":{\"@id\":\"https:\\\/\\\/xstyle.md\\\/#website\"},\"primaryImageOfPage\":{\"@id\":\"https:\\\/\\\/xstyle.md\\\/product\\\/kurtka-ternua-sakketa-2-0-hood-wmn-light-mint\\\/#primaryimage\"},\"image\":{\"@id\":\"https:\\\/\\\/xstyle.md\\\/product\\\/kurtka-ternua-sakketa-2-0-hood-wmn-light-mint\\\/#primaryimage\"},\"thumbnailUrl\":\"https:\\\/\\\/xstyle.md\\\/wp-content\\\/uploads\\\/2025\\\/11\\\/ternua-sakketa-2.0-hood-wmn-light-mint-1.webp\",\"datePublished\":\"2025-11-19T14:22:48+00:00\",\"dateModified\":\"2026-03-18T13:51:25+00:00\",\"breadcrumb\":{\"@id\":\"https:\\\/\\\/xstyle.md\\\/product\\\/kurtka-ternua-sakketa-2-0-hood-wmn-light-mint\\\/#breadcrumb\"},\"inLanguage\":\"ro-RO\",\"potentialAction\":[{\"@type\":\"ReadAction\",\"target\":[\"https:\\\/\\\/xstyle.md\\\/product\\\/kurtka-ternua-sakketa-2-0-hood-wmn-light-mint\\\/\"]}]},{\"@type\":\"ImageObject\",\"inLanguage\":\"ro-RO\",\"@id\":\"https:\\\/\\\/xstyle.md\\\/product\\\/kurtka-ternua-sakketa-2-0-hood-wmn-light-mint\\\/#primaryimage\",\"url\":\"https:\\\/\\\/xstyle.md\\\/wp-content\\\/uploads\\\/2025\\\/11\\\/ternua-sakketa-2.0-hood-wmn-light-mint-1.webp\",\"contentUrl\":\"https:\\\/\\\/xstyle.md\\\/wp-content\\\/uploads\\\/2025\\\/11\\\/ternua-sakketa-2.0-hood-wmn-light-mint-1.webp\",\"width\":1200,\"height\":1200,\"caption\":\"\u041b\u0435\u0433\u043a\u0430\u044f \u043c\u044f\u0442\u043d\u0430\u044f \u0436\u0435\u043d\u0441\u043a\u0430\u044f \u043a\u0443\u0440\u0442\u043a\u0430 Ternua Sakketa 2.0 Hood \u0434\u043b\u044f \u0430\u043a\u0442\u0438\u0432\u043d\u043e\u0433\u043e \u043e\u0442\u0434\u044b\u0445\u0430, \u0442\u0443\u0440\u0438\u0437\u043c\u0430 \u0438 \u043f\u0443\u0442\u0435\u0448\u0435\u0441\u0442\u0432\u0438\u0439 \u0432 \u0438\u043d\u0442\u0435\u0440\u043d\u0435\u0442 \u043c\u0430\u0433\u0430\u0437\u0438\u043d\u0435 \u043e\u0434\u0435\u0436\u0434\u044b \u0438 \u043e\u0431\u0443\u0432\u0438 \u0434\u043b\u044f \u043f\u043e\u0445\u043e\u0434\u043e\u0432 \u0438 \u0430\u043b\u044c\u043f\u0438\u043d\u0438\u0437\u043c\u0430\"},{\"@type\":\"BreadcrumbList\",\"@id\":\"https:\\\/\\\/xstyle.md\\\/product\\\/kurtka-ternua-sakketa-2-0-hood-wmn-light-mint\\\/#breadcrumb\",\"itemListElement\":[{\"@type\":\"ListItem\",\"position\":1,\"name\":\"\u0413\u043b\u0430\u0432\u043d\u0430\u044f \u0441\u0442\u0440\u0430\u043d\u0438\u0446\u0430\",\"item\":\"https:\\\/\\\/xstyle.md\\\/\"},{\"@type\":\"ListItem\",\"position\":2,\"name\":\"\u041c\u0430\u0433\u0430\u0437\u0438\u043d\",\"item\":\"https:\\\/\\\/xstyle.md\\\/shop\\\/\"},{\"@type\":\"ListItem\",\"position\":3,\"name\":\"\u041a\u0443\u0440\u0442\u043a\u0430 Ternua Sakketa 2.0 Hood Wmn light mint\"}]},{\"@type\":\"WebSite\",\"@id\":\"https:\\\/\\\/xstyle.md\\\/#website\",\"url\":\"https:\\\/\\\/xstyle.md\\\/\",\"name\":\"\u041c\u0430\u0433\u0430\u0437\u0438\u043d Xstyle\",\"description\":\"C\u043d\u0430\u0440\u044f\u0436\u0435\u043d\u0438\u0435 \u0434\u043b\u044f \u0442\u0443\u0440\u0438\u0437\u043c\u0430 \u0438 \u044d\u043a\u0441\u0442\u0440\u0435\u043c\u0430\u043b\u044c\u043d\u044b\u0445 \u0432\u0438\u0434\u043e\u0432 \u0441\u043f\u043e\u0440\u0442\u0430 \u0432 \u041c\u043e\u043b\u0434\u043e\u0432\u0435.. \u0426\u0435\u043d\u044b, \u0444\u043e\u0442\u043e, \u0445\u0430\u0440\u0430\u043a\u0442\u0435\u0440\u0438\u0441\u0442\u0438\u043a\u0438 \u0432 \u041c\u043e\u043b\u0434\u043e\u0432\u0435.\",\"publisher\":{\"@id\":\"https:\\\/\\\/xstyle.md\\\/#organization\"},\"alternateName\":\"X-Style\",\"potentialAction\":[{\"@type\":\"SearchAction\",\"target\":{\"@type\":\"EntryPoint\",\"urlTemplate\":\"https:\\\/\\\/xstyle.md\\\/?s={search_term_string}\"},\"query-input\":{\"@type\":\"PropertyValueSpecification\",\"valueRequired\":true,\"valueName\":\"search_term_string\"}}],\"inLanguage\":\"ro-RO\"},{\"@type\":\"Organization\",\"@id\":\"https:\\\/\\\/xstyle.md\\\/#organization\",\"name\":\"\u041c\u0430\u0433\u0430\u0437\u0438\u043d Xstyle\",\"alternateName\":\"x-style\",\"url\":\"https:\\\/\\\/xstyle.md\\\/\",\"logo\":{\"@type\":\"ImageObject\",\"inLanguage\":\"ro-RO\",\"@id\":\"https:\\\/\\\/xstyle.md\\\/#\\\/schema\\\/logo\\\/image\\\/\",\"url\":\"https:\\\/\\\/xstyle.md\\\/wp-content\\\/uploads\\\/2020\\\/06\\\/logoicon.svg\",\"contentUrl\":\"https:\\\/\\\/xstyle.md\\\/wp-content\\\/uploads\\\/2020\\\/06\\\/logoicon.svg\",\"caption\":\"\u041c\u0430\u0433\u0430\u0437\u0438\u043d Xstyle\"},\"image\":{\"@id\":\"https:\\\/\\\/xstyle.md\\\/#\\\/schema\\\/logo\\\/image\\\/\"},\"sameAs\":[\"https:\\\/\\\/www.facebook.com\\\/xstylemd\",\"https:\\\/\\\/www.instagram.com\\\/xstyle_md\\\/\",\"https:\\\/\\\/t.me\\\/xstyle_outdoor\"],\"hasMerchantReturnPolicy\":{\"@type\":\"MerchantReturnPolicy\",\"merchantReturnLink\":\"https:\\\/\\\/xstyle.md\\\/ro\\\/conditions\\\/\"}}]}<\/script>\n<meta property=\"product:price:amount\" content=\"2590.00\" \/>\n<meta property=\"product:price:currency\" content=\"MDL\" \/>\n<meta property=\"og:availability\" content=\"instock\" \/>\n<meta property=\"product:availability\" content=\"instock\" \/>\n<meta property=\"product:retailer_item_id\" content=\"8447107420874\" \/>\n<meta property=\"product:condition\" content=\"new\" \/>\n<!-- \/ Yoast SEO plugin. -->","yoast_head_json":{"title":"\u041a\u0443\u0440\u0442\u043a\u0430 Ternua Sakketa 2.0 Hood Wmn light mint - \u041c\u0430\u0433\u0430\u0437\u0438\u043d Xstyle","robots":{"index":"index","follow":"follow","max-snippet":"max-snippet:-1","max-image-preview":"max-image-preview:large","max-video-preview":"max-video-preview:-1"},"canonical":"https:\/\/xstyle.md\/ro\/produs\/kurtka-ternua-sakketa-2-0-hood-wmn-light-mint\/","og_locale":"ro_RO","og_type":"article","og_title":"\u041a\u0443\u0440\u0442\u043a\u0430 Ternua Sakketa 2.0 Hood Wmn light mint - \u041c\u0430\u0433\u0430\u0437\u0438\u043d Xstyle","og_description":"\u0411\u0440\u0435\u043d\u0434 Ternua \u2014 \u044d\u0442\u043e \u043f\u0440\u0435\u0441\u0442\u0438\u0436\u043d\u044b\u0439 \u0438\u0441\u043f\u0430\u043d\u0441\u043a\u0438\u0439 \u0431\u0440\u0435\u043d\u0434 (\u0438\u0437 \u0421\u0442\u0440\u0430\u043d\u044b \u0411\u0430\u0441\u043a\u043e\u0432), \u0441\u043f\u0435\u0446\u0438\u0430\u043b\u0438\u0437\u0438\u0440\u0443\u044e\u0449\u0438\u0439\u0441\u044f \u043d\u0430 \u0432\u044b\u0441\u043e\u043a\u043e\u0442\u0435\u0445\u043d\u043e\u043b\u043e\u0433\u0438\u0447\u043d\u043e\u0439 \u043e\u0434\u0435\u0436\u0434\u0435 \u0434\u043b\u044f \u0430\u043b\u044c\u043f\u0438\u043d\u0438\u0437\u043c\u0430 \u0438 \u0430\u043a\u0442\u0438\u0432\u043d\u043e\u0433\u043e \u043e\u0442\u0434\u044b\u0445\u0430. \u041a\u043e\u043c\u043f\u0430\u043d\u0438\u044f \u0432\u0441\u0435\u043c\u0438\u0440\u043d\u043e \u0438\u0437\u0432\u0435\u0441\u0442\u043d\u0430 \u0441\u0432\u043e\u0435\u0439 \u043f\u0440\u0438\u0432\u0435\u0440\u0436\u0435\u043d\u043d\u043e\u0441\u0442\u044c\u044e \u044d\u043a\u043e\u043b\u043e\u0433\u0438\u0438: \u043e\u043d\u0438 \u043e\u0434\u043d\u0438\u043c\u0438 \u0438\u0437 \u043f\u0435\u0440\u0432\u044b\u0445 \u043f\u043e\u043b\u043d\u043e\u0441\u0442\u044c\u044e \u043e\u0442\u043a\u0430\u0437\u0430\u043b\u0438\u0441\u044c \u043e\u0442 \u0438\u0441\u043f\u043e\u043b\u044c\u0437\u043e\u0432\u0430\u043d\u0438\u044f \u0432\u0440\u0435\u0434\u043d\u044b\u0445 \u0444\u0442\u043e\u0440\u0441\u043e\u0434\u0435\u0440\u0436\u0430\u0449\u0438\u0445 \u0432\u0435\u0449\u0435\u0441\u0442\u0432 (PFC) \u0438 \u0430\u043a\u0442\u0438\u0432\u043d\u043e \u0438\u0441\u043f\u043e\u043b\u044c\u0437\u0443\u044e\u0442 \u043f\u0435\u0440\u0435\u0440\u0430\u0431\u043e\u0442\u0430\u043d\u043d\u044b\u0435 \u043c\u0430\u0442\u0435\u0440\u0438\u0430\u043b\u044b, \u0442\u0430\u043a\u0438\u0435 \u043a\u0430\u043a \u0440\u044b\u0431\u043e\u043b\u043e\u0432\u043d\u044b\u0435 \u0441\u0435\u0442\u0438, \u043a\u043e\u0444\u0435\u0439\u043d\u0430\u044f \u0433\u0443\u0449\u0430 \u0438 \u043f\u043b\u0430\u0441\u0442\u0438\u043a\u043e\u0432\u044b\u0435 \u0431\u0443\u0442\u044b\u043b\u043a\u0438. \u041e\u0434\u0435\u0436\u0434\u0430 Ternua \u0441\u043e\u0447\u0435\u0442\u0430\u0435\u0442 \u0432 [&hellip;]","og_url":"https:\/\/xstyle.md\/ro\/produs\/kurtka-ternua-sakketa-2-0-hood-wmn-light-mint\/","og_site_name":"\u041c\u0430\u0433\u0430\u0437\u0438\u043d Xstyle","article_publisher":"https:\/\/www.facebook.com\/xstylemd","article_modified_time":"2026-03-18T13:51:25+00:00","og_image":[{"width":1200,"height":1200,"url":"https:\/\/xstyle.md\/wp-content\/uploads\/2025\/11\/ternua-sakketa-2.0-hood-wmn-light-mint-1.webp","type":"image\/webp"}],"twitter_card":"summary_large_image","twitter_misc":{"Pre\u021b":"2.590&nbsp;MDL","Disponibilitate":"\u00cen stoc"},"schema":{"@context":"https:\/\/schema.org","@graph":[{"@type":"WebPage","@id":"https:\/\/xstyle.md\/product\/kurtka-ternua-sakketa-2-0-hood-wmn-light-mint\/","url":"https:\/\/xstyle.md\/product\/kurtka-ternua-sakketa-2-0-hood-wmn-light-mint\/","name":"\u041a\u0443\u0440\u0442\u043a\u0430 Ternua Sakketa 2.0 Hood Wmn light mint - \u041c\u0430\u0433\u0430\u0437\u0438\u043d Xstyle","isPartOf":{"@id":"https:\/\/xstyle.md\/#website"},"primaryImageOfPage":{"@id":"https:\/\/xstyle.md\/product\/kurtka-ternua-sakketa-2-0-hood-wmn-light-mint\/#primaryimage"},"image":{"@id":"https:\/\/xstyle.md\/product\/kurtka-ternua-sakketa-2-0-hood-wmn-light-mint\/#primaryimage"},"thumbnailUrl":"https:\/\/xstyle.md\/wp-content\/uploads\/2025\/11\/ternua-sakketa-2.0-hood-wmn-light-mint-1.webp","datePublished":"2025-11-19T14:22:48+00:00","dateModified":"2026-03-18T13:51:25+00:00","breadcrumb":{"@id":"https:\/\/xstyle.md\/product\/kurtka-ternua-sakketa-2-0-hood-wmn-light-mint\/#breadcrumb"},"inLanguage":"ro-RO","potentialAction":[{"@type":"ReadAction","target":["https:\/\/xstyle.md\/product\/kurtka-ternua-sakketa-2-0-hood-wmn-light-mint\/"]}]},{"@type":"ImageObject","inLanguage":"ro-RO","@id":"https:\/\/xstyle.md\/product\/kurtka-ternua-sakketa-2-0-hood-wmn-light-mint\/#primaryimage","url":"https:\/\/xstyle.md\/wp-content\/uploads\/2025\/11\/ternua-sakketa-2.0-hood-wmn-light-mint-1.webp","contentUrl":"https:\/\/xstyle.md\/wp-content\/uploads\/2025\/11\/ternua-sakketa-2.0-hood-wmn-light-mint-1.webp","width":1200,"height":1200,"caption":"\u041b\u0435\u0433\u043a\u0430\u044f \u043c\u044f\u0442\u043d\u0430\u044f \u0436\u0435\u043d\u0441\u043a\u0430\u044f \u043a\u0443\u0440\u0442\u043a\u0430 Ternua Sakketa 2.0 Hood \u0434\u043b\u044f \u0430\u043a\u0442\u0438\u0432\u043d\u043e\u0433\u043e \u043e\u0442\u0434\u044b\u0445\u0430, \u0442\u0443\u0440\u0438\u0437\u043c\u0430 \u0438 \u043f\u0443\u0442\u0435\u0448\u0435\u0441\u0442\u0432\u0438\u0439 \u0432 \u0438\u043d\u0442\u0435\u0440\u043d\u0435\u0442 \u043c\u0430\u0433\u0430\u0437\u0438\u043d\u0435 \u043e\u0434\u0435\u0436\u0434\u044b \u0438 \u043e\u0431\u0443\u0432\u0438 \u0434\u043b\u044f \u043f\u043e\u0445\u043e\u0434\u043e\u0432 \u0438 \u0430\u043b\u044c\u043f\u0438\u043d\u0438\u0437\u043c\u0430"},{"@type":"BreadcrumbList","@id":"https:\/\/xstyle.md\/product\/kurtka-ternua-sakketa-2-0-hood-wmn-light-mint\/#breadcrumb","itemListElement":[{"@type":"ListItem","position":1,"name":"\u0413\u043b\u0430\u0432\u043d\u0430\u044f \u0441\u0442\u0440\u0430\u043d\u0438\u0446\u0430","item":"https:\/\/xstyle.md\/"},{"@type":"ListItem","position":2,"name":"\u041c\u0430\u0433\u0430\u0437\u0438\u043d","item":"https:\/\/xstyle.md\/shop\/"},{"@type":"ListItem","position":3,"name":"\u041a\u0443\u0440\u0442\u043a\u0430 Ternua Sakketa 2.0 Hood Wmn light mint"}]},{"@type":"WebSite","@id":"https:\/\/xstyle.md\/#website","url":"https:\/\/xstyle.md\/","name":"Magazinul X-Style","description":"Echipamente pentru turism \u0219i sporturi extreme \u00een Moldova. Pre\u021buri, fotografii, caracteristici \u00een Moldova.","publisher":{"@id":"https:\/\/xstyle.md\/#organization"},"alternateName":"X-Style","potentialAction":[{"@type":"SearchAction","target":{"@type":"EntryPoint","urlTemplate":"https:\/\/xstyle.md\/?s={search_term_string}"},"query-input":{"@type":"PropertyValueSpecification","valueRequired":true,"valueName":"search_term_string"}}],"inLanguage":"ro-RO"},{"@type":"Organization","@id":"https:\/\/xstyle.md\/#organization","name":"Magazinul X-Style","alternateName":"x-style","url":"https:\/\/xstyle.md\/","logo":{"@type":"ImageObject","inLanguage":"ro-RO","@id":"https:\/\/xstyle.md\/#\/schema\/logo\/image\/","url":"https:\/\/xstyle.md\/wp-content\/uploads\/2020\/06\/logoicon.svg","contentUrl":"https:\/\/xstyle.md\/wp-content\/uploads\/2020\/06\/logoicon.svg","caption":"\u041c\u0430\u0433\u0430\u0437\u0438\u043d Xstyle"},"image":{"@id":"https:\/\/xstyle.md\/#\/schema\/logo\/image\/"},"sameAs":["https:\/\/www.facebook.com\/xstylemd","https:\/\/www.instagram.com\/xstyle_md\/","https:\/\/t.me\/xstyle_outdoor"],"hasMerchantReturnPolicy":{"@type":"MerchantReturnPolicy","merchantReturnLink":"https:\/\/xstyle.md\/ro\/conditions\/"}}]},"product_price_amount":"2590.00","product_price_currency":"MDL","og_availability":"instock","product_availability":"instock","product_retailer_item_id":"8447107420874","product_condition":"new"},"post_mailing_queue_ids":[],"_links":{"self":[{"href":"https:\/\/xstyle.md\/ro\/wp-json\/wp\/v2\/product\/97981","targetHints":{"allow":["GET"]}}],"collection":[{"href":"https:\/\/xstyle.md\/ro\/wp-json\/wp\/v2\/product"}],"about":[{"href":"https:\/\/xstyle.md\/ro\/wp-json\/wp\/v2\/types\/product"}],"replies":[{"embeddable":true,"href":"https:\/\/xstyle.md\/ro\/wp-json\/wp\/v2\/comments?post=97981"}],"wp:featuredmedia":[{"embeddable":true,"href":"https:\/\/xstyle.md\/ro\/wp-json\/wp\/v2\/media\/103783"}],"wp:attachment":[{"href":"https:\/\/xstyle.md\/ro\/wp-json\/wp\/v2\/media?parent=97981"}],"wp:term":[{"taxonomy":"product_brand","embeddable":true,"href":"https:\/\/xstyle.md\/ro\/wp-json\/wp\/v2\/product_brand?post=97981"},{"taxonomy":"product_cat","embeddable":true,"href":"https:\/\/xstyle.md\/ro\/wp-json\/wp\/v2\/product_cat?post=97981"},{"taxonomy":"product_tag","embeddable":true,"href":"https:\/\/xstyle.md\/ro\/wp-json\/wp\/v2\/product_tag?post=97981"}],"curies":[{"name":"wp","href":"https:\/\/api.w.org\/{rel}","templated":true}]}}