{"id":97818,"date":"2025-11-19T17:21:56","date_gmt":"2025-11-19T14:21:56","guid":{"rendered":"https:\/\/xstyle.md\/?post_type=product&#038;p=97818"},"modified":"2026-03-19T17:37:53","modified_gmt":"2026-03-19T14:37:53","slug":"puhovik-rab-microlight-alpine-down-mns-oak","status":"publish","type":"product","link":"https:\/\/xstyle.md\/ro\/produs\/puhovik-rab-microlight-alpine-down-mns-oak\/","title":{"rendered":"Geac\u0103 Rab Microlight Alpine Down Mns oak"},"content":{"rendered":"<\/p>\n<p><strong>Rab Microlight Alpine Down<\/strong> &#8212; o versiune actualizat\u0103 a jachetei clasice. Datorit\u0103 construc\u021biei sale u\u0219oare, dar robuste \u0219i rezistente la v\u00e2nt, jacheta este potrivit\u0103 pentru condi\u021bii moderat de frig. De asemenea, poate fi folosit\u0103 ca un al doilea strat \u00een condi\u021bii de frig extrem.<\/p>\n<p>Jacheta se usuc\u0103 rapid \u0219i este rezistent\u0103 la v\u00e2nt, fiind confec\u021bionat\u0103 din \u021bes\u0103tur\u0103 exterioar\u0103 u\u0219oar\u0103 Pertex\u00ae Quantum \u0219i izola\u021bie din puf de g\u00e2sc\u0103 natural care v\u0103 va \u021bine de cald chiar \u0219i \u00een cele mai reci zile. Se \u00eempacheteaz\u0103 cu u\u0219urin\u021b\u0103 \u00een propriul buzunar, cu o bucl\u0103 care poate fi folosit\u0103 pentru a ag\u0103\u021ba jacheta de un sistem, rucsac \u0219i altele asemenea.<\/p>\n<h3>Particularit\u0103\u021bi<\/h3>\n<ul>\n<li>Puf hidrofob, tratat astfel \u00eenc\u00e2t s\u0103 nu-\u0219i piard\u0103 propriet\u0103\u021bile de \u00eenc\u0103lzire chiar \u0219i atunci c\u00e2nd este umed<\/li>\n<li>Fermoarele YKK cu fermoar izolat \u0219i man\u0219etele elastice v\u0103 ajut\u0103 s\u0103 v\u0103 p\u0103stra\u021bi c\u0103ldura<\/li>\n<li>Gluga poate fi purtat\u0103 sub o casc\u0103<\/li>\n<li>Protec\u021bie pentru b\u0103rbie<\/li>\n<li>Croial\u0103 anatomic\u0103<\/li>\n<li>Tiv de str\u00e2ngere a tivului<\/li>\n<li>Se pliaz\u0103 \u00een propriul buzunar<\/li>\n<\/ul>\n<h3>Caracteristici<\/h3>\n<ul>\n<li>Material &#8212; 100% Nylon Ripstop<\/li>\n<li>Izola\u021bie &#8212; 700 Fill Power<\/li>\n<li>Membran\u0103 &#8212; Pertex\u00ae Quantum<\/li>\n<li>Model - b\u0103rba\u021bi<\/li>\n<\/ul>\n<h3>Tehnologie<\/h3>\n<ul>\n<li><strong>Fill Power<\/strong> &#8212; o caracteristic\u0103 care descrie capacitatea unei mase limitate de puf de a umple un anumit volum. Semnifica\u021bia fizic\u0103 a puterii de umplere este volumul \u00een centimetri cubi ocupat de o uncie de puf. Cu c\u00e2t este mai mare puterea de umplere, cu at\u00e2t este mai mare calitatea pufului. Hainele de exterior folosesc puf cu o valoare Fill Power de cel pu\u021bin 550 de unit\u0103\u021bi, \u00een timp ce un puf bun este considerat a avea o valoare Fill Power de 650 de unit\u0103\u021bi sau mai mare. Puful cu valori Fill Power ridicate se caracterizeaz\u0103 nu numai printr-un volum mare pe unitate de greutate, ci \u0219i printr-o rezisten\u021b\u0103 termic\u0103 mai mic\u0103 pe unitate de grosime dec\u00e2t valorile standard.<\/li>\n<li><strong>Pertex<\/strong>\u00ae<strong>Cuantum<\/strong> &#8212; o membran\u0103 \u021besut\u0103 din fire incredibil de fine, care se caracterizeaz\u0103 printr-o rezisten\u021b\u0103 relativ\u0103 ridicat\u0103. Moliciunea excep\u021bional\u0103 a acestui material permite pufului sau izola\u021biei sintetice s\u0103 ocupe \u00eentregul volum care \u00eei este alocat, \u00een timp ce \u021bes\u0103tura dens\u0103 \u00eempiedic\u0103 fibrele de izola\u021bie s\u0103 p\u0103trund\u0103 prin \u021bes\u0103tur\u0103.<\/li>\n<\/ul>\n<h3>Marca<\/h3>\n<p>Rab este un produc\u0103tor britanic de \u00eembr\u0103c\u0103minte \u0219i echipament pentru alpinism \u0219i escalad\u0103, specializat \u00een \u00eembr\u0103c\u0103minte sport tehnic\u0103 de \u00eenalt\u0103 calitate \u0219i avansat\u0103 din punct de vedere tehnologic, izola\u021bie din puf \u0219i c\u0103ciuli. Balaclavele acestui produc\u0103tor, de exemplu, sunt printre cele mai bune exemple de pe pia\u021b\u0103, sacii de dormit se remarc\u0103, de asemenea, prin grija lor.<\/p>\n<p>Compania a fost fondat\u0103 \u00een 1981 de c\u0103tre renumitul alpinist sco\u021bian Rab Carrington. Baz\u00e2ndu-se pe propria experien\u021b\u0103 \u00een numeroase expedi\u021bii, Carrington a creat \u00eembr\u0103c\u0103minte pentru a oferi confort, protec\u021bie \u0219i libertate \u00een mun\u021bi, \u00een drume\u021bii, c\u0103\u021b\u0103rare sau alpinism.<\/p>\n<p>Jachetele din puf, sacii de dormit \u0219i hainele de expedi\u021bie Rab sunt fabricate din puf de g\u00e2sc\u0103 \u0219i ra\u021b\u0103 european, de origine etic\u0103, cu certificare Responsible Down. De asemenea, pe puful folosit \u00een hainele \u0219i sacii de dormit se aplic\u0103 o impregnare hidrofug\u0103 f\u0103r\u0103 fluorocarbon, numit\u0103 Nikwax, pentru a preveni \u00eenc\u0103rcarea cu ap\u0103. \u00cen plus, pentru izolare se folosesc \u0219i materiale sintetice de \u00eenalt\u0103 calitate. \u00cembr\u0103c\u0103mintea Rab a devenit &#171;sinonim\u0103 cu produsele din puf de \u00eenalt\u0103 calitate&#187;.<\/p>\n<p><\/p>","protected":false},"excerpt":{"rendered":"","protected":false},"featured_media":98344,"comment_status":"open","ping_status":"closed","template":"","meta":{"_acf_changed":false,"inline_featured_image":false},"product_brand":[1442],"product_cat":[391],"product_tag":[],"class_list":{"0":"post-97818","1":"product","2":"type-product","3":"status-publish","4":"has-post-thumbnail","6":"product_brand-rab","7":"product_cat-down-jackets-barbati","9":"first","10":"instock","11":"shipping-taxable","12":"purchasable","13":"product-type-simple"},"acf":[],"yoast_head":"<!-- This site is optimized with the Yoast SEO plugin v27.4 - https:\/\/yoast.com\/product\/yoast-seo-wordpress\/ -->\n<title>\u041f\u0443\u0445\u043e\u0432\u0438\u043a Rab Microlight Alpine Down Mns oak - \u041c\u0430\u0433\u0430\u0437\u0438\u043d Xstyle<\/title>\n<meta name=\"robots\" content=\"index, follow, max-snippet:-1, max-image-preview:large, max-video-preview:-1\" \/>\n<link rel=\"canonical\" href=\"https:\/\/xstyle.md\/ro\/produs\/puhovik-rab-microlight-alpine-down-mns-oak\/\" \/>\n<meta property=\"og:locale\" content=\"ro_RO\" \/>\n<meta property=\"og:type\" content=\"article\" \/>\n<meta property=\"og:title\" content=\"\u041f\u0443\u0445\u043e\u0432\u0438\u043a Rab Microlight Alpine Down Mns oak - \u041c\u0430\u0433\u0430\u0437\u0438\u043d Xstyle\" \/>\n<meta property=\"og:url\" content=\"https:\/\/xstyle.md\/ro\/produs\/puhovik-rab-microlight-alpine-down-mns-oak\/\" \/>\n<meta property=\"og:site_name\" content=\"\u041c\u0430\u0433\u0430\u0437\u0438\u043d Xstyle\" \/>\n<meta property=\"article:publisher\" content=\"https:\/\/www.facebook.com\/xstylemd\" \/>\n<meta property=\"article:modified_time\" content=\"2026-03-19T14:37:53+00:00\" \/>\n<meta property=\"og:image\" content=\"https:\/\/xstyle.md\/wp-content\/uploads\/2025\/11\/rab-microlight-alpine-down-mns-oak.webp\" \/>\n\t<meta property=\"og:image:width\" content=\"1080\" \/>\n\t<meta property=\"og:image:height\" content=\"1080\" \/>\n\t<meta property=\"og:image:type\" content=\"image\/webp\" \/>\n<meta name=\"twitter:card\" content=\"summary_large_image\" \/>\n<meta name=\"twitter:label1\" content=\"Pre\u021b\" \/>\n\t<meta name=\"twitter:data1\" content=\"3.290&nbsp;MDL\" \/>\n\t<meta name=\"twitter:label2\" content=\"Disponibilitate\" \/>\n\t<meta name=\"twitter:data2\" content=\"\u00cen stoc\" \/>\n<script type=\"application\/ld+json\" class=\"yoast-schema-graph\">{\"@context\":\"https:\\\/\\\/schema.org\",\"@graph\":[{\"@type\":\"WebPage\",\"@id\":\"https:\\\/\\\/xstyle.md\\\/product\\\/puhovik-rab-microlight-alpine-down-mns-oak\\\/\",\"url\":\"https:\\\/\\\/xstyle.md\\\/product\\\/puhovik-rab-microlight-alpine-down-mns-oak\\\/\",\"name\":\"\u041f\u0443\u0445\u043e\u0432\u0438\u043a Rab Microlight Alpine Down Mns oak - \u041c\u0430\u0433\u0430\u0437\u0438\u043d Xstyle\",\"isPartOf\":{\"@id\":\"https:\\\/\\\/xstyle.md\\\/#website\"},\"primaryImageOfPage\":{\"@id\":\"https:\\\/\\\/xstyle.md\\\/product\\\/puhovik-rab-microlight-alpine-down-mns-oak\\\/#primaryimage\"},\"image\":{\"@id\":\"https:\\\/\\\/xstyle.md\\\/product\\\/puhovik-rab-microlight-alpine-down-mns-oak\\\/#primaryimage\"},\"thumbnailUrl\":\"https:\\\/\\\/xstyle.md\\\/wp-content\\\/uploads\\\/2025\\\/11\\\/rab-microlight-alpine-down-mns-oak.webp\",\"datePublished\":\"2025-11-19T14:21:56+00:00\",\"dateModified\":\"2026-03-19T14:37:53+00:00\",\"breadcrumb\":{\"@id\":\"https:\\\/\\\/xstyle.md\\\/product\\\/puhovik-rab-microlight-alpine-down-mns-oak\\\/#breadcrumb\"},\"inLanguage\":\"ro-RO\",\"potentialAction\":[{\"@type\":\"ReadAction\",\"target\":[\"https:\\\/\\\/xstyle.md\\\/product\\\/puhovik-rab-microlight-alpine-down-mns-oak\\\/\"]}]},{\"@type\":\"ImageObject\",\"inLanguage\":\"ro-RO\",\"@id\":\"https:\\\/\\\/xstyle.md\\\/product\\\/puhovik-rab-microlight-alpine-down-mns-oak\\\/#primaryimage\",\"url\":\"https:\\\/\\\/xstyle.md\\\/wp-content\\\/uploads\\\/2025\\\/11\\\/rab-microlight-alpine-down-mns-oak.webp\",\"contentUrl\":\"https:\\\/\\\/xstyle.md\\\/wp-content\\\/uploads\\\/2025\\\/11\\\/rab-microlight-alpine-down-mns-oak.webp\",\"width\":1080,\"height\":1080,\"caption\":\"\u0422\u0435\u043f\u043b\u044b\u0439 \u043f\u0443\u0445\u043e\u0432\u0438\u043a Rab Microlight Alpine Down Mns \u0434\u043b\u044f \u0430\u043a\u0442\u0438\u0432\u043d\u043e\u0433\u043e \u043e\u0442\u0434\u044b\u0445\u0430 \u043d\u0430 \u043f\u0440\u0438\u0440\u043e\u0434\u0435 \u043f\u043e\u0445\u043e\u0434\u043e\u0432 \u043f\u0443\u0442\u0435\u0448\u0435\u0441\u0442\u0432\u0438\u0439 \u0438 \u0433\u043e\u0440\u043d\u044b\u0445 \u0432\u043e\u0441\u0445\u043e\u0436\u0434\u0435\u043d\u0438\u0439 \u0432 \u043e\u043d\u043b\u0430\u0439\u043d \u043c\u0430\u0433\u0430\u0437\u0438\u043d\u0435 \u0441\u043f\u043e\u0440\u0442\u0438\u0432\u043d\u043e\u0439 \u043e\u0434\u0435\u0436\u0434\u044b \u0438 \u043e\u0431\u0443\u0432\u0438\"},{\"@type\":\"BreadcrumbList\",\"@id\":\"https:\\\/\\\/xstyle.md\\\/product\\\/puhovik-rab-microlight-alpine-down-mns-oak\\\/#breadcrumb\",\"itemListElement\":[{\"@type\":\"ListItem\",\"position\":1,\"name\":\"\u0413\u043b\u0430\u0432\u043d\u0430\u044f \u0441\u0442\u0440\u0430\u043d\u0438\u0446\u0430\",\"item\":\"https:\\\/\\\/xstyle.md\\\/\"},{\"@type\":\"ListItem\",\"position\":2,\"name\":\"\u041c\u0430\u0433\u0430\u0437\u0438\u043d\",\"item\":\"https:\\\/\\\/xstyle.md\\\/shop\\\/\"},{\"@type\":\"ListItem\",\"position\":3,\"name\":\"\u041f\u0443\u0445\u043e\u0432\u0438\u043a Rab Microlight Alpine Down Mns oak\"}]},{\"@type\":\"WebSite\",\"@id\":\"https:\\\/\\\/xstyle.md\\\/#website\",\"url\":\"https:\\\/\\\/xstyle.md\\\/\",\"name\":\"\u041c\u0430\u0433\u0430\u0437\u0438\u043d Xstyle\",\"description\":\"C\u043d\u0430\u0440\u044f\u0436\u0435\u043d\u0438\u0435 \u0434\u043b\u044f \u0442\u0443\u0440\u0438\u0437\u043c\u0430 \u0438 \u044d\u043a\u0441\u0442\u0440\u0435\u043c\u0430\u043b\u044c\u043d\u044b\u0445 \u0432\u0438\u0434\u043e\u0432 \u0441\u043f\u043e\u0440\u0442\u0430 \u0432 \u041c\u043e\u043b\u0434\u043e\u0432\u0435.. \u0426\u0435\u043d\u044b, \u0444\u043e\u0442\u043e, \u0445\u0430\u0440\u0430\u043a\u0442\u0435\u0440\u0438\u0441\u0442\u0438\u043a\u0438 \u0432 \u041c\u043e\u043b\u0434\u043e\u0432\u0435.\",\"publisher\":{\"@id\":\"https:\\\/\\\/xstyle.md\\\/#organization\"},\"alternateName\":\"X-Style\",\"potentialAction\":[{\"@type\":\"SearchAction\",\"target\":{\"@type\":\"EntryPoint\",\"urlTemplate\":\"https:\\\/\\\/xstyle.md\\\/?s={search_term_string}\"},\"query-input\":{\"@type\":\"PropertyValueSpecification\",\"valueRequired\":true,\"valueName\":\"search_term_string\"}}],\"inLanguage\":\"ro-RO\"},{\"@type\":\"Organization\",\"@id\":\"https:\\\/\\\/xstyle.md\\\/#organization\",\"name\":\"\u041c\u0430\u0433\u0430\u0437\u0438\u043d Xstyle\",\"alternateName\":\"x-style\",\"url\":\"https:\\\/\\\/xstyle.md\\\/\",\"logo\":{\"@type\":\"ImageObject\",\"inLanguage\":\"ro-RO\",\"@id\":\"https:\\\/\\\/xstyle.md\\\/#\\\/schema\\\/logo\\\/image\\\/\",\"url\":\"https:\\\/\\\/xstyle.md\\\/wp-content\\\/uploads\\\/2020\\\/06\\\/logoicon.svg\",\"contentUrl\":\"https:\\\/\\\/xstyle.md\\\/wp-content\\\/uploads\\\/2020\\\/06\\\/logoicon.svg\",\"caption\":\"\u041c\u0430\u0433\u0430\u0437\u0438\u043d Xstyle\"},\"image\":{\"@id\":\"https:\\\/\\\/xstyle.md\\\/#\\\/schema\\\/logo\\\/image\\\/\"},\"sameAs\":[\"https:\\\/\\\/www.facebook.com\\\/xstylemd\",\"https:\\\/\\\/www.instagram.com\\\/xstyle_md\\\/\",\"https:\\\/\\\/t.me\\\/xstyle_outdoor\"],\"hasMerchantReturnPolicy\":{\"@type\":\"MerchantReturnPolicy\",\"merchantReturnLink\":\"https:\\\/\\\/xstyle.md\\\/ro\\\/conditions\\\/\"}}]}<\/script>\n<meta property=\"product:price:amount\" content=\"3290.00\" \/>\n<meta property=\"product:price:currency\" content=\"MDL\" \/>\n<meta property=\"og:availability\" content=\"instock\" \/>\n<meta property=\"product:availability\" content=\"instock\" \/>\n<meta property=\"product:retailer_item_id\" content=\"5059913191454\" \/>\n<meta property=\"product:condition\" content=\"new\" \/>\n<!-- \/ Yoast SEO plugin. -->","yoast_head_json":{"title":"\u041f\u0443\u0445\u043e\u0432\u0438\u043a Rab Microlight Alpine Down Mns oak - \u041c\u0430\u0433\u0430\u0437\u0438\u043d Xstyle","robots":{"index":"index","follow":"follow","max-snippet":"max-snippet:-1","max-image-preview":"max-image-preview:large","max-video-preview":"max-video-preview:-1"},"canonical":"https:\/\/xstyle.md\/ro\/produs\/puhovik-rab-microlight-alpine-down-mns-oak\/","og_locale":"ro_RO","og_type":"article","og_title":"\u041f\u0443\u0445\u043e\u0432\u0438\u043a Rab Microlight Alpine Down Mns oak - \u041c\u0430\u0433\u0430\u0437\u0438\u043d Xstyle","og_url":"https:\/\/xstyle.md\/ro\/produs\/puhovik-rab-microlight-alpine-down-mns-oak\/","og_site_name":"\u041c\u0430\u0433\u0430\u0437\u0438\u043d Xstyle","article_publisher":"https:\/\/www.facebook.com\/xstylemd","article_modified_time":"2026-03-19T14:37:53+00:00","og_image":[{"width":1080,"height":1080,"url":"https:\/\/xstyle.md\/wp-content\/uploads\/2025\/11\/rab-microlight-alpine-down-mns-oak.webp","type":"image\/webp"}],"twitter_card":"summary_large_image","twitter_misc":{"Pre\u021b":"3.290&nbsp;MDL","Disponibilitate":"\u00cen stoc"},"schema":{"@context":"https:\/\/schema.org","@graph":[{"@type":"WebPage","@id":"https:\/\/xstyle.md\/product\/puhovik-rab-microlight-alpine-down-mns-oak\/","url":"https:\/\/xstyle.md\/product\/puhovik-rab-microlight-alpine-down-mns-oak\/","name":"\u041f\u0443\u0445\u043e\u0432\u0438\u043a Rab Microlight Alpine Down Mns oak - \u041c\u0430\u0433\u0430\u0437\u0438\u043d Xstyle","isPartOf":{"@id":"https:\/\/xstyle.md\/#website"},"primaryImageOfPage":{"@id":"https:\/\/xstyle.md\/product\/puhovik-rab-microlight-alpine-down-mns-oak\/#primaryimage"},"image":{"@id":"https:\/\/xstyle.md\/product\/puhovik-rab-microlight-alpine-down-mns-oak\/#primaryimage"},"thumbnailUrl":"https:\/\/xstyle.md\/wp-content\/uploads\/2025\/11\/rab-microlight-alpine-down-mns-oak.webp","datePublished":"2025-11-19T14:21:56+00:00","dateModified":"2026-03-19T14:37:53+00:00","breadcrumb":{"@id":"https:\/\/xstyle.md\/product\/puhovik-rab-microlight-alpine-down-mns-oak\/#breadcrumb"},"inLanguage":"ro-RO","potentialAction":[{"@type":"ReadAction","target":["https:\/\/xstyle.md\/product\/puhovik-rab-microlight-alpine-down-mns-oak\/"]}]},{"@type":"ImageObject","inLanguage":"ro-RO","@id":"https:\/\/xstyle.md\/product\/puhovik-rab-microlight-alpine-down-mns-oak\/#primaryimage","url":"https:\/\/xstyle.md\/wp-content\/uploads\/2025\/11\/rab-microlight-alpine-down-mns-oak.webp","contentUrl":"https:\/\/xstyle.md\/wp-content\/uploads\/2025\/11\/rab-microlight-alpine-down-mns-oak.webp","width":1080,"height":1080,"caption":"\u0422\u0435\u043f\u043b\u044b\u0439 \u043f\u0443\u0445\u043e\u0432\u0438\u043a Rab Microlight Alpine Down Mns \u0434\u043b\u044f \u0430\u043a\u0442\u0438\u0432\u043d\u043e\u0433\u043e \u043e\u0442\u0434\u044b\u0445\u0430 \u043d\u0430 \u043f\u0440\u0438\u0440\u043e\u0434\u0435 \u043f\u043e\u0445\u043e\u0434\u043e\u0432 \u043f\u0443\u0442\u0435\u0448\u0435\u0441\u0442\u0432\u0438\u0439 \u0438 \u0433\u043e\u0440\u043d\u044b\u0445 \u0432\u043e\u0441\u0445\u043e\u0436\u0434\u0435\u043d\u0438\u0439 \u0432 \u043e\u043d\u043b\u0430\u0439\u043d \u043c\u0430\u0433\u0430\u0437\u0438\u043d\u0435 \u0441\u043f\u043e\u0440\u0442\u0438\u0432\u043d\u043e\u0439 \u043e\u0434\u0435\u0436\u0434\u044b \u0438 \u043e\u0431\u0443\u0432\u0438"},{"@type":"BreadcrumbList","@id":"https:\/\/xstyle.md\/product\/puhovik-rab-microlight-alpine-down-mns-oak\/#breadcrumb","itemListElement":[{"@type":"ListItem","position":1,"name":"\u0413\u043b\u0430\u0432\u043d\u0430\u044f \u0441\u0442\u0440\u0430\u043d\u0438\u0446\u0430","item":"https:\/\/xstyle.md\/"},{"@type":"ListItem","position":2,"name":"\u041c\u0430\u0433\u0430\u0437\u0438\u043d","item":"https:\/\/xstyle.md\/shop\/"},{"@type":"ListItem","position":3,"name":"\u041f\u0443\u0445\u043e\u0432\u0438\u043a Rab Microlight Alpine Down Mns oak"}]},{"@type":"WebSite","@id":"https:\/\/xstyle.md\/#website","url":"https:\/\/xstyle.md\/","name":"Magazinul X-Style","description":"Echipamente pentru turism \u0219i sporturi extreme \u00een Moldova. Pre\u021buri, fotografii, caracteristici \u00een Moldova.","publisher":{"@id":"https:\/\/xstyle.md\/#organization"},"alternateName":"X-Style","potentialAction":[{"@type":"SearchAction","target":{"@type":"EntryPoint","urlTemplate":"https:\/\/xstyle.md\/?s={search_term_string}"},"query-input":{"@type":"PropertyValueSpecification","valueRequired":true,"valueName":"search_term_string"}}],"inLanguage":"ro-RO"},{"@type":"Organization","@id":"https:\/\/xstyle.md\/#organization","name":"Magazinul X-Style","alternateName":"x-style","url":"https:\/\/xstyle.md\/","logo":{"@type":"ImageObject","inLanguage":"ro-RO","@id":"https:\/\/xstyle.md\/#\/schema\/logo\/image\/","url":"https:\/\/xstyle.md\/wp-content\/uploads\/2020\/06\/logoicon.svg","contentUrl":"https:\/\/xstyle.md\/wp-content\/uploads\/2020\/06\/logoicon.svg","caption":"\u041c\u0430\u0433\u0430\u0437\u0438\u043d Xstyle"},"image":{"@id":"https:\/\/xstyle.md\/#\/schema\/logo\/image\/"},"sameAs":["https:\/\/www.facebook.com\/xstylemd","https:\/\/www.instagram.com\/xstyle_md\/","https:\/\/t.me\/xstyle_outdoor"],"hasMerchantReturnPolicy":{"@type":"MerchantReturnPolicy","merchantReturnLink":"https:\/\/xstyle.md\/ro\/conditions\/"}}]},"product_price_amount":"3290.00","product_price_currency":"MDL","og_availability":"instock","product_availability":"instock","product_retailer_item_id":"5059913191454","product_condition":"new"},"post_mailing_queue_ids":[],"_links":{"self":[{"href":"https:\/\/xstyle.md\/ro\/wp-json\/wp\/v2\/product\/97818","targetHints":{"allow":["GET"]}}],"collection":[{"href":"https:\/\/xstyle.md\/ro\/wp-json\/wp\/v2\/product"}],"about":[{"href":"https:\/\/xstyle.md\/ro\/wp-json\/wp\/v2\/types\/product"}],"replies":[{"embeddable":true,"href":"https:\/\/xstyle.md\/ro\/wp-json\/wp\/v2\/comments?post=97818"}],"wp:featuredmedia":[{"embeddable":true,"href":"https:\/\/xstyle.md\/ro\/wp-json\/wp\/v2\/media\/98344"}],"wp:attachment":[{"href":"https:\/\/xstyle.md\/ro\/wp-json\/wp\/v2\/media?parent=97818"}],"wp:term":[{"taxonomy":"product_brand","embeddable":true,"href":"https:\/\/xstyle.md\/ro\/wp-json\/wp\/v2\/product_brand?post=97818"},{"taxonomy":"product_cat","embeddable":true,"href":"https:\/\/xstyle.md\/ro\/wp-json\/wp\/v2\/product_cat?post=97818"},{"taxonomy":"product_tag","embeddable":true,"href":"https:\/\/xstyle.md\/ro\/wp-json\/wp\/v2\/product_tag?post=97818"}],"curies":[{"name":"wp","href":"https:\/\/api.w.org\/{rel}","templated":true}]}}