{"id":97797,"date":"2025-11-19T17:21:50","date_gmt":"2025-11-19T14:21:50","guid":{"rendered":"https:\/\/xstyle.md\/?post_type=product&#038;p=97797"},"modified":"2026-03-23T16:26:18","modified_gmt":"2026-03-23T13:26:18","slug":"kurtka-rab-borealis-hoody-mns-tuscan-red","status":"publish","type":"product","link":"https:\/\/dev.xstyle.md\/ro\/produs\/kurtka-rab-borealis-hoody-mns-tuscan-red\/","title":{"rendered":"Geac\u0103 Rab Borealis Hoody Mns tuscan red"},"content":{"rendered":"<\/p>\n<p><strong>Rab Borealis Hoody Mns tuscan red<\/strong>\u00a0&#8212; este cea mai u\u0219oar\u0103 \u0219i compact\u0103 jachet\u0103 softshell din gama Rab, conceput\u0103 pentru utilizare activ\u0103 la munte. Este ideal\u0103 pentru escalad\u0103, trekking \u0219i hiking \u00een condi\u021bii variabile. Fabricat\u0103 din materialul elastic Matrix\u2122, jacheta ofer\u0103 o protec\u021bie excelent\u0103 \u00eempotriva v\u00e2ntului, respirabilitate ridicat\u0103 \u0219i libertate total\u0103 de mi\u0219care, fiind at\u00e2t de compact\u0103 \u00eenc\u00e2t poate fi str\u00e2ns\u0103 \u00een propriul buzunar.<\/p>\n<h3>Particularit\u0103\u021bi<\/h3>\n<ul>\n<li>Jacheta se \u00eempacheteaz\u0103 \u00een propriul buzunar \u0219i poate fi ata\u0219at\u0103 de hamul de escalad\u0103<\/li>\n<li>Gluga cu profil redus \u0219i bordur\u0103 elastic\u0103 se muleaz\u0103 perfect pe cap \u0219i \u00eencape sub casca de protec\u021bie<\/li>\n<li>Dou\u0103 buzunare cu fermoar YKK\u00ae c\u0103ptu\u0219ite cu plas\u0103 asigur\u0103 un flux suplimentar de aer<\/li>\n<li>Fermoar frontal YKK\u00ae VISLON\u00ae cu protec\u021bie pentru b\u0103rbie \u0219i man\u0219ete elastice pentru protec\u021bie \u00eempotriva v\u00e2ntului<\/li>\n<li>Ajustarea tivului inferior pe ambele p\u0103r\u021bi permite personalizarea potrivirii cu o singur\u0103 m\u00e2n\u0103<\/li>\n<\/ul>\n<h3>Caracteristici<\/h3>\n<ul>\n<li>Croial\u0103 &#8212; Slim Fit (ajustat\u0103 pe corp)<\/li>\n<li>Compozi\u021bie &#8212; 88% poliamid\u0103 reciclat\u0103, 12% elastan<\/li>\n<li>Material &#8212; Matrix\u2122 single weave (130 gsm)<\/li>\n<li>Utilizare &#8212; Escalad\u0103, alpinism, hiking, ciclism<\/li>\n<\/ul>\n<h3>Tehnologii<\/h3>\n<ul>\n<li><strong>Matrix<\/strong>\u2122 <strong>Fabric<\/strong> &#8212; material softshell u\u0219or, f\u0103r\u0103 membran\u0103, care ofer\u0103 elasticitate ridicat\u0103 (2-way stretch), rezisten\u021b\u0103 la abraziune \u0219i eliminarea rapid\u0103 a umidit\u0103\u021bii.<\/li>\n<li><strong>DWR<\/strong> (Durable Water Repellent) &#8212; este o impregnare de material hidrofug de suprafa\u021b\u0103 care \u00eembun\u0103t\u0103\u021be\u0219te propriet\u0103\u021bile func\u021bionale ale \u00eembr\u0103c\u0103mintei. Impregnarea \u00ee\u0219i p\u0103streaz\u0103 propriet\u0103\u021bile p\u00e2n\u0103 la 10 cicluri de sp\u0103lare \u0219i, \u00een acela\u0219i timp, poate fi re\u00eennoit\u0103 cu u\u0219urin\u021b\u0103 cu ajutorul unor produse pe baz\u0103 de spray disponibile \u00een mod obi\u0219nuit (de exemplu, Toko Textile Proof). Impregnarea DWR C6 este mai prietenoas\u0103 cu mediul.<\/li>\n<li><strong>UPF 30+<\/strong> &#8212; materialul ofer\u0103 o protec\u021bie sigur\u0103 \u00eempotriva radia\u021biilor ultraviolete.<\/li>\n<\/ul>\n<p><\/p>\n<h3>Marca<\/h3>\n<p>Rab -  este un produc\u0103tor britanic de \u00eembr\u0103c\u0103minte \u0219i echipament pentru escalad\u0103 \u0219i alpinism, al c\u0103rui punct forte \u00eel reprezint\u0103 \u00eembr\u0103c\u0103mintea tehnic\u0103 sportiv\u0103 de \u00eenalt\u0103 calitate, izolarea cu puf \u0219i accesoriile pentru cap. Balaclavele acestui produc\u0103tor, de exemplu, sunt printre cele mai bune de pe pia\u021b\u0103, iar sacii de dormit se remarc\u0103, de asemenea, prin designul lor extrem de bine g\u00e2ndit.<\/p>\n<p>Compania a fost fondat\u0103 \u00een 1981 de c\u0103tre Rab Carrington, alpinist sco\u021bian de top. Baz\u00e2ndu-se pe propria sa experien\u021b\u0103 \u00een numeroase expedi\u021bii, Carrington a creat \u00eembr\u0103c\u0103minte care s\u0103 ofere confort, protec\u021bie \u0219i libertate \u00een mun\u021bi, \u00een drume\u021bii, c\u0103\u021b\u0103r\u0103ri sau alpinism.<\/p>\n<p>Jachetele de puf, sacii de dormit \u0219i hainele de expedi\u021bie Rab sunt fabricate din puf european de g\u00e2sc\u0103 \u0219i ra\u021b\u0103, provenit din surse etice \u0219i certificat Responsible Down. O impregnare hidrofug\u0103 f\u0103r\u0103 fluorocarburi numit\u0103 Nikwax este, de asemenea, aplicat\u0103 pufului folosit \u00een haine \u0219i saci de dormit pentru a le \u00eempiedica s\u0103 se \u00eencarce cu ap\u0103. \u00cen plus, se folosesc \u0219i materiale sintetice de \u00eenalt\u0103 calitate pentru izolare. \u00cembr\u0103c\u0103mintea Rab a devenit \"sinonim\u0103 cu produsele din puf de \u00eenalt\u0103 calitate\".<\/p>","protected":false},"excerpt":{"rendered":"<p>\u0411\u0440\u0435\u043d\u0434 Rab \u2014 \u0431\u0440\u0438\u0442\u0430\u043d\u0441\u043a\u0438\u0439 \u043f\u0440\u043e\u0438\u0437\u0432\u043e\u0434\u0438\u0442\u0435\u043b\u044c \u043e\u0434\u0435\u0436\u0434\u044b \u0438 \u0441\u043d\u0430\u0440\u044f\u0436\u0435\u043d\u0438\u044f \u0434\u043b\u044f \u0441\u043a\u0430\u043b\u043e\u043b\u0430\u0437\u0430\u043d\u0438\u044f \u0438 \u0430\u043b\u044c\u043f\u0438\u043d\u0438\u0437\u043c\u0430, \u0447\u0435\u0439 \u043a\u043e\u043d\u0435\u043a \u2014 \u043a\u0430\u0447\u0435\u0441\u0442\u0432\u0435\u043d\u043d\u0430\u044f \u0438 \u0442\u0435\u0445\u043d\u043e\u043b\u043e\u0433\u0438\u0447\u043d\u0430\u044f \u0441\u043f\u043e\u0440\u0442\u0438\u0432\u043d\u0430\u044f \u0442\u0435\u0445\u043d\u0438\u0447\u0435\u0441\u043a\u0430\u044f<\/p>","protected":false},"featured_media":103994,"comment_status":"open","ping_status":"closed","template":"","meta":{"_acf_changed":false,"inline_featured_image":false},"product_brand":[1442],"product_cat":[246],"product_tag":[],"class_list":{"0":"post-97797","1":"product","2":"type-product","3":"status-publish","4":"has-post-thumbnail","6":"product_brand-rab","7":"product_cat-membrane-jackets-barbati","9":"first","10":"instock","11":"shipping-taxable","12":"purchasable","13":"product-type-simple"},"acf":[],"yoast_head":"<!-- This site is optimized with the Yoast SEO plugin v27.5 - https:\/\/yoast.com\/product\/yoast-seo-wordpress\/ -->\n<title>\u041a\u0443\u0440\u0442\u043a\u0430 Rab Borealis Hoody Mns tuscan red - \u041c\u0430\u0433\u0430\u0437\u0438\u043d Xstyle<\/title>\n<meta name=\"robots\" content=\"noindex, follow, max-snippet:-1, max-image-preview:large, max-video-preview:-1\" \/>\n<meta property=\"og:locale\" content=\"ro_RO\" \/>\n<meta property=\"og:type\" content=\"article\" \/>\n<meta property=\"og:title\" content=\"\u041a\u0443\u0440\u0442\u043a\u0430 Rab Borealis Hoody Mns tuscan red - \u041c\u0430\u0433\u0430\u0437\u0438\u043d Xstyle\" \/>\n<meta property=\"og:description\" content=\"\u0411\u0440\u0435\u043d\u0434 Rab \u2014 \u0431\u0440\u0438\u0442\u0430\u043d\u0441\u043a\u0438\u0439 \u043f\u0440\u043e\u0438\u0437\u0432\u043e\u0434\u0438\u0442\u0435\u043b\u044c \u043e\u0434\u0435\u0436\u0434\u044b \u0438 \u0441\u043d\u0430\u0440\u044f\u0436\u0435\u043d\u0438\u044f \u0434\u043b\u044f \u0441\u043a\u0430\u043b\u043e\u043b\u0430\u0437\u0430\u043d\u0438\u044f \u0438 \u0430\u043b\u044c\u043f\u0438\u043d\u0438\u0437\u043c\u0430, \u0447\u0435\u0439 \u043a\u043e\u043d\u0435\u043a \u2014 \u043a\u0430\u0447\u0435\u0441\u0442\u0432\u0435\u043d\u043d\u0430\u044f \u0438 \u0442\u0435\u0445\u043d\u043e\u043b\u043e\u0433\u0438\u0447\u043d\u0430\u044f \u0441\u043f\u043e\u0440\u0442\u0438\u0432\u043d\u0430\u044f \u0442\u0435\u0445\u043d\u0438\u0447\u0435\u0441\u043a\u0430\u044f\" \/>\n<meta property=\"og:url\" content=\"https:\/\/dev.xstyle.md\/ro\/produs\/kurtka-rab-borealis-hoody-mns-tuscan-red\/\" \/>\n<meta property=\"og:site_name\" content=\"\u041c\u0430\u0433\u0430\u0437\u0438\u043d Xstyle\" \/>\n<meta property=\"article:publisher\" content=\"https:\/\/www.facebook.com\/xstylemd\" \/>\n<meta property=\"article:modified_time\" content=\"2026-03-23T13:26:18+00:00\" \/>\n<meta property=\"og:image\" content=\"https:\/\/dev.xstyle.md\/wp-content\/uploads\/2025\/11\/rab-borealis-hoody-mns-tuscan-red.webp\" \/>\n\t<meta property=\"og:image:width\" content=\"1200\" \/>\n\t<meta property=\"og:image:height\" content=\"1200\" \/>\n\t<meta property=\"og:image:type\" content=\"image\/webp\" \/>\n<meta name=\"twitter:card\" content=\"summary_large_image\" \/>\n<meta name=\"twitter:label1\" content=\"Pre\u021b\" \/>\n\t<meta name=\"twitter:data1\" content=\"1.790,00&nbsp;MDL\" \/>\n\t<meta name=\"twitter:label2\" content=\"Disponibilitate\" \/>\n\t<meta name=\"twitter:data2\" content=\"\u00cen stoc\" \/>\n<script type=\"application\/ld+json\" class=\"yoast-schema-graph\">{\"@context\":\"https:\\\/\\\/schema.org\",\"@graph\":[{\"@type\":\"WebPage\",\"@id\":\"https:\\\/\\\/dev.xstyle.md\\\/product\\\/kurtka-rab-borealis-hoody-mns-tuscan-red\\\/\",\"url\":\"https:\\\/\\\/dev.xstyle.md\\\/product\\\/kurtka-rab-borealis-hoody-mns-tuscan-red\\\/\",\"name\":\"\u041a\u0443\u0440\u0442\u043a\u0430 Rab Borealis Hoody Mns tuscan red - \u041c\u0430\u0433\u0430\u0437\u0438\u043d Xstyle\",\"isPartOf\":{\"@id\":\"https:\\\/\\\/dev.xstyle.md\\\/#website\"},\"primaryImageOfPage\":{\"@id\":\"https:\\\/\\\/dev.xstyle.md\\\/product\\\/kurtka-rab-borealis-hoody-mns-tuscan-red\\\/#primaryimage\"},\"image\":{\"@id\":\"https:\\\/\\\/dev.xstyle.md\\\/product\\\/kurtka-rab-borealis-hoody-mns-tuscan-red\\\/#primaryimage\"},\"thumbnailUrl\":\"https:\\\/\\\/dev.xstyle.md\\\/wp-content\\\/uploads\\\/2025\\\/11\\\/rab-borealis-hoody-mns-tuscan-red.webp\",\"datePublished\":\"2025-11-19T14:21:50+00:00\",\"dateModified\":\"2026-03-23T13:26:18+00:00\",\"breadcrumb\":{\"@id\":\"https:\\\/\\\/dev.xstyle.md\\\/product\\\/kurtka-rab-borealis-hoody-mns-tuscan-red\\\/#breadcrumb\"},\"inLanguage\":\"ro-RO\",\"potentialAction\":[{\"@type\":\"ReadAction\",\"target\":[\"https:\\\/\\\/dev.xstyle.md\\\/product\\\/kurtka-rab-borealis-hoody-mns-tuscan-red\\\/\"]}]},{\"@type\":\"ImageObject\",\"inLanguage\":\"ro-RO\",\"@id\":\"https:\\\/\\\/dev.xstyle.md\\\/product\\\/kurtka-rab-borealis-hoody-mns-tuscan-red\\\/#primaryimage\",\"url\":\"https:\\\/\\\/dev.xstyle.md\\\/wp-content\\\/uploads\\\/2025\\\/11\\\/rab-borealis-hoody-mns-tuscan-red.webp\",\"contentUrl\":\"https:\\\/\\\/dev.xstyle.md\\\/wp-content\\\/uploads\\\/2025\\\/11\\\/rab-borealis-hoody-mns-tuscan-red.webp\",\"width\":1200,\"height\":1200,\"caption\":\"\u0422\u0435\u043f\u043b\u0430\u044f \u043a\u0443\u0440\u0442\u043a\u0430 Rab Borealis Hoody Mns \u0432 \u0446\u0432\u0435\u0442\u0435 \u0422\u0443\u0441\u043a\u0430\u043d \u0440\u0435\u0434 \u0434\u043b\u044f \u0430\u043a\u0442\u0438\u0432\u043d\u043e\u0433\u043e \u043e\u0442\u0434\u044b\u0445\u0430, \u043f\u043e\u0445\u043e\u0434\u043e\u0432, \u0430\u043b\u044c\u043f\u0438\u043d\u0438\u0437\u043c\u0430 \u0438 \u043f\u0443\u0442\u0435\u0448\u0435\u0441\u0442\u0432\u0438\u0439 \u043d\u0430 \u0441\u0430\u0439\u0442\u0435 \u0438\u043d\u0442\u0435\u0440\u043d\u0435\u0442-\u043c\u0430\u0433\u0430\u0437\u0438\u043d\u0430 \u0441 \u043e\u0434\u0435\u0436\u0434\u043e\u0439 \u0438 \u043e\u0431\u0443\u0432\u044c\u044e \u0434\u043b\u044f \u043b\u044e\u0431\u0438\u0442\u0435\u043b\u0435\u0439 \u0430\u043a\u0442\u0438\u0432\u043d\u043e\u0433\u043e \u043e\u0431\u0440\u0430\u0437\u0430 \u0436\u0438\u0437\u043d\u0438\"},{\"@type\":\"BreadcrumbList\",\"@id\":\"https:\\\/\\\/dev.xstyle.md\\\/product\\\/kurtka-rab-borealis-hoody-mns-tuscan-red\\\/#breadcrumb\",\"itemListElement\":[{\"@type\":\"ListItem\",\"position\":1,\"name\":\"\u0413\u043b\u0430\u0432\u043d\u0430\u044f \u0441\u0442\u0440\u0430\u043d\u0438\u0446\u0430\",\"item\":\"https:\\\/\\\/dev.xstyle.md\\\/\"},{\"@type\":\"ListItem\",\"position\":2,\"name\":\"Shop\",\"item\":\"https:\\\/\\\/dev.xstyle.md\\\/shop\\\/\"},{\"@type\":\"ListItem\",\"position\":3,\"name\":\"\u041a\u0443\u0440\u0442\u043a\u0430 Rab Borealis Hoody Mns tuscan red\"}]},{\"@type\":\"WebSite\",\"@id\":\"https:\\\/\\\/dev.xstyle.md\\\/#website\",\"url\":\"https:\\\/\\\/dev.xstyle.md\\\/\",\"name\":\"\u041c\u0430\u0433\u0430\u0437\u0438\u043d Xstyle\",\"description\":\"C\u043d\u0430\u0440\u044f\u0436\u0435\u043d\u0438\u0435 \u0434\u043b\u044f \u0442\u0443\u0440\u0438\u0437\u043c\u0430 \u0438 \u044d\u043a\u0441\u0442\u0440\u0435\u043c\u0430\u043b\u044c\u043d\u044b\u0445 \u0432\u0438\u0434\u043e\u0432 \u0441\u043f\u043e\u0440\u0442\u0430 \u0432 \u041c\u043e\u043b\u0434\u043e\u0432\u0435.. \u0426\u0435\u043d\u044b, \u0444\u043e\u0442\u043e, \u0445\u0430\u0440\u0430\u043a\u0442\u0435\u0440\u0438\u0441\u0442\u0438\u043a\u0438 \u0432 \u041c\u043e\u043b\u0434\u043e\u0432\u0435.\",\"publisher\":{\"@id\":\"https:\\\/\\\/dev.xstyle.md\\\/#organization\"},\"alternateName\":\"X-Style\",\"potentialAction\":[{\"@type\":\"SearchAction\",\"target\":{\"@type\":\"EntryPoint\",\"urlTemplate\":\"https:\\\/\\\/dev.xstyle.md\\\/?s={search_term_string}\"},\"query-input\":{\"@type\":\"PropertyValueSpecification\",\"valueRequired\":true,\"valueName\":\"search_term_string\"}}],\"inLanguage\":\"ro-RO\"},{\"@type\":\"Organization\",\"@id\":\"https:\\\/\\\/dev.xstyle.md\\\/#organization\",\"name\":\"\u041c\u0430\u0433\u0430\u0437\u0438\u043d Xstyle\",\"alternateName\":\"x-style\",\"url\":\"https:\\\/\\\/dev.xstyle.md\\\/\",\"logo\":{\"@type\":\"ImageObject\",\"inLanguage\":\"ro-RO\",\"@id\":\"https:\\\/\\\/dev.xstyle.md\\\/#\\\/schema\\\/logo\\\/image\\\/\",\"url\":\"https:\\\/\\\/dev.xstyle.md\\\/wp-content\\\/uploads\\\/2020\\\/06\\\/logoicon.svg\",\"contentUrl\":\"https:\\\/\\\/dev.xstyle.md\\\/wp-content\\\/uploads\\\/2020\\\/06\\\/logoicon.svg\",\"caption\":\"\u041c\u0430\u0433\u0430\u0437\u0438\u043d Xstyle\"},\"image\":{\"@id\":\"https:\\\/\\\/dev.xstyle.md\\\/#\\\/schema\\\/logo\\\/image\\\/\"},\"sameAs\":[\"https:\\\/\\\/www.facebook.com\\\/xstylemd\",\"https:\\\/\\\/www.instagram.com\\\/xstyle_md\\\/\",\"https:\\\/\\\/t.me\\\/xstyle_outdoor\"],\"hasMerchantReturnPolicy\":{\"@type\":\"MerchantReturnPolicy\",\"merchantReturnLink\":\"https:\\\/\\\/dev.xstyle.md\\\/ro\\\/conditions\\\/\"}}]}<\/script>\n<meta property=\"product:price:amount\" content=\"1790.00\" \/>\n<meta property=\"product:price:currency\" content=\"MDL\" \/>\n<meta property=\"og:availability\" content=\"instock\" \/>\n<meta property=\"product:availability\" content=\"instock\" \/>\n<meta property=\"product:retailer_item_id\" content=\"5059913155272\" \/>\n<meta property=\"product:condition\" content=\"new\" \/>\n<!-- \/ Yoast SEO plugin. -->","yoast_head_json":{"title":"\u041a\u0443\u0440\u0442\u043a\u0430 Rab Borealis Hoody Mns tuscan red - \u041c\u0430\u0433\u0430\u0437\u0438\u043d Xstyle","robots":{"index":"noindex","follow":"follow","max-snippet":"max-snippet:-1","max-image-preview":"max-image-preview:large","max-video-preview":"max-video-preview:-1"},"og_locale":"ro_RO","og_type":"article","og_title":"\u041a\u0443\u0440\u0442\u043a\u0430 Rab Borealis Hoody Mns tuscan red - \u041c\u0430\u0433\u0430\u0437\u0438\u043d Xstyle","og_description":"\u0411\u0440\u0435\u043d\u0434 Rab \u2014 \u0431\u0440\u0438\u0442\u0430\u043d\u0441\u043a\u0438\u0439 \u043f\u0440\u043e\u0438\u0437\u0432\u043e\u0434\u0438\u0442\u0435\u043b\u044c \u043e\u0434\u0435\u0436\u0434\u044b \u0438 \u0441\u043d\u0430\u0440\u044f\u0436\u0435\u043d\u0438\u044f \u0434\u043b\u044f \u0441\u043a\u0430\u043b\u043e\u043b\u0430\u0437\u0430\u043d\u0438\u044f \u0438 \u0430\u043b\u044c\u043f\u0438\u043d\u0438\u0437\u043c\u0430, \u0447\u0435\u0439 \u043a\u043e\u043d\u0435\u043a \u2014 \u043a\u0430\u0447\u0435\u0441\u0442\u0432\u0435\u043d\u043d\u0430\u044f \u0438 \u0442\u0435\u0445\u043d\u043e\u043b\u043e\u0433\u0438\u0447\u043d\u0430\u044f \u0441\u043f\u043e\u0440\u0442\u0438\u0432\u043d\u0430\u044f \u0442\u0435\u0445\u043d\u0438\u0447\u0435\u0441\u043a\u0430\u044f","og_url":"https:\/\/dev.xstyle.md\/ro\/produs\/kurtka-rab-borealis-hoody-mns-tuscan-red\/","og_site_name":"\u041c\u0430\u0433\u0430\u0437\u0438\u043d Xstyle","article_publisher":"https:\/\/www.facebook.com\/xstylemd","article_modified_time":"2026-03-23T13:26:18+00:00","og_image":[{"width":1200,"height":1200,"url":"https:\/\/dev.xstyle.md\/wp-content\/uploads\/2025\/11\/rab-borealis-hoody-mns-tuscan-red.webp","type":"image\/webp"}],"twitter_card":"summary_large_image","twitter_misc":{"Pre\u021b":"1.790,00&nbsp;MDL","Disponibilitate":"\u00cen stoc"},"schema":{"@context":"https:\/\/schema.org","@graph":[{"@type":"WebPage","@id":"https:\/\/dev.xstyle.md\/product\/kurtka-rab-borealis-hoody-mns-tuscan-red\/","url":"https:\/\/dev.xstyle.md\/product\/kurtka-rab-borealis-hoody-mns-tuscan-red\/","name":"\u041a\u0443\u0440\u0442\u043a\u0430 Rab Borealis Hoody Mns tuscan red - \u041c\u0430\u0433\u0430\u0437\u0438\u043d Xstyle","isPartOf":{"@id":"https:\/\/dev.xstyle.md\/#website"},"primaryImageOfPage":{"@id":"https:\/\/dev.xstyle.md\/product\/kurtka-rab-borealis-hoody-mns-tuscan-red\/#primaryimage"},"image":{"@id":"https:\/\/dev.xstyle.md\/product\/kurtka-rab-borealis-hoody-mns-tuscan-red\/#primaryimage"},"thumbnailUrl":"https:\/\/dev.xstyle.md\/wp-content\/uploads\/2025\/11\/rab-borealis-hoody-mns-tuscan-red.webp","datePublished":"2025-11-19T14:21:50+00:00","dateModified":"2026-03-23T13:26:18+00:00","breadcrumb":{"@id":"https:\/\/dev.xstyle.md\/product\/kurtka-rab-borealis-hoody-mns-tuscan-red\/#breadcrumb"},"inLanguage":"ro-RO","potentialAction":[{"@type":"ReadAction","target":["https:\/\/dev.xstyle.md\/product\/kurtka-rab-borealis-hoody-mns-tuscan-red\/"]}]},{"@type":"ImageObject","inLanguage":"ro-RO","@id":"https:\/\/dev.xstyle.md\/product\/kurtka-rab-borealis-hoody-mns-tuscan-red\/#primaryimage","url":"https:\/\/dev.xstyle.md\/wp-content\/uploads\/2025\/11\/rab-borealis-hoody-mns-tuscan-red.webp","contentUrl":"https:\/\/dev.xstyle.md\/wp-content\/uploads\/2025\/11\/rab-borealis-hoody-mns-tuscan-red.webp","width":1200,"height":1200,"caption":"\u0422\u0435\u043f\u043b\u0430\u044f \u043a\u0443\u0440\u0442\u043a\u0430 Rab Borealis Hoody Mns \u0432 \u0446\u0432\u0435\u0442\u0435 \u0422\u0443\u0441\u043a\u0430\u043d \u0440\u0435\u0434 \u0434\u043b\u044f \u0430\u043a\u0442\u0438\u0432\u043d\u043e\u0433\u043e \u043e\u0442\u0434\u044b\u0445\u0430, \u043f\u043e\u0445\u043e\u0434\u043e\u0432, \u0430\u043b\u044c\u043f\u0438\u043d\u0438\u0437\u043c\u0430 \u0438 \u043f\u0443\u0442\u0435\u0448\u0435\u0441\u0442\u0432\u0438\u0439 \u043d\u0430 \u0441\u0430\u0439\u0442\u0435 \u0438\u043d\u0442\u0435\u0440\u043d\u0435\u0442-\u043c\u0430\u0433\u0430\u0437\u0438\u043d\u0430 \u0441 \u043e\u0434\u0435\u0436\u0434\u043e\u0439 \u0438 \u043e\u0431\u0443\u0432\u044c\u044e \u0434\u043b\u044f \u043b\u044e\u0431\u0438\u0442\u0435\u043b\u0435\u0439 \u0430\u043a\u0442\u0438\u0432\u043d\u043e\u0433\u043e \u043e\u0431\u0440\u0430\u0437\u0430 \u0436\u0438\u0437\u043d\u0438"},{"@type":"BreadcrumbList","@id":"https:\/\/dev.xstyle.md\/product\/kurtka-rab-borealis-hoody-mns-tuscan-red\/#breadcrumb","itemListElement":[{"@type":"ListItem","position":1,"name":"\u0413\u043b\u0430\u0432\u043d\u0430\u044f \u0441\u0442\u0440\u0430\u043d\u0438\u0446\u0430","item":"https:\/\/dev.xstyle.md\/"},{"@type":"ListItem","position":2,"name":"Shop","item":"https:\/\/dev.xstyle.md\/shop\/"},{"@type":"ListItem","position":3,"name":"\u041a\u0443\u0440\u0442\u043a\u0430 Rab Borealis Hoody Mns tuscan red"}]},{"@type":"WebSite","@id":"https:\/\/dev.xstyle.md\/#website","url":"https:\/\/dev.xstyle.md\/","name":"Magazinul X-Style","description":"Echipamente pentru turism \u0219i sporturi extreme \u00een Moldova. Pre\u021buri, fotografii, caracteristici \u00een Moldova.","publisher":{"@id":"https:\/\/dev.xstyle.md\/#organization"},"alternateName":"X-Style","potentialAction":[{"@type":"SearchAction","target":{"@type":"EntryPoint","urlTemplate":"https:\/\/dev.xstyle.md\/?s={search_term_string}"},"query-input":{"@type":"PropertyValueSpecification","valueRequired":true,"valueName":"search_term_string"}}],"inLanguage":"ro-RO"},{"@type":"Organization","@id":"https:\/\/dev.xstyle.md\/#organization","name":"Magazinul X-Style","alternateName":"x-style","url":"https:\/\/dev.xstyle.md\/","logo":{"@type":"ImageObject","inLanguage":"ro-RO","@id":"https:\/\/dev.xstyle.md\/#\/schema\/logo\/image\/","url":"https:\/\/dev.xstyle.md\/wp-content\/uploads\/2020\/06\/logoicon.svg","contentUrl":"https:\/\/dev.xstyle.md\/wp-content\/uploads\/2020\/06\/logoicon.svg","caption":"\u041c\u0430\u0433\u0430\u0437\u0438\u043d Xstyle"},"image":{"@id":"https:\/\/dev.xstyle.md\/#\/schema\/logo\/image\/"},"sameAs":["https:\/\/www.facebook.com\/xstylemd","https:\/\/www.instagram.com\/xstyle_md\/","https:\/\/t.me\/xstyle_outdoor"],"hasMerchantReturnPolicy":{"@type":"MerchantReturnPolicy","merchantReturnLink":"https:\/\/dev.xstyle.md\/ro\/conditions\/"}}]},"product_price_amount":"1790.00","product_price_currency":"MDL","og_availability":"instock","product_availability":"instock","product_retailer_item_id":"5059913155272","product_condition":"new"},"post_mailing_queue_ids":[],"_links":{"self":[{"href":"https:\/\/dev.xstyle.md\/ro\/wp-json\/wp\/v2\/product\/97797","targetHints":{"allow":["GET"]}}],"collection":[{"href":"https:\/\/dev.xstyle.md\/ro\/wp-json\/wp\/v2\/product"}],"about":[{"href":"https:\/\/dev.xstyle.md\/ro\/wp-json\/wp\/v2\/types\/product"}],"replies":[{"embeddable":true,"href":"https:\/\/dev.xstyle.md\/ro\/wp-json\/wp\/v2\/comments?post=97797"}],"version-history":[{"count":1,"href":"https:\/\/dev.xstyle.md\/ro\/wp-json\/wp\/v2\/product\/97797\/revisions"}],"predecessor-version":[{"id":103998,"href":"https:\/\/dev.xstyle.md\/ro\/wp-json\/wp\/v2\/product\/97797\/revisions\/103998"}],"wp:featuredmedia":[{"embeddable":true,"href":"https:\/\/dev.xstyle.md\/ro\/wp-json\/wp\/v2\/media\/103994"}],"wp:attachment":[{"href":"https:\/\/dev.xstyle.md\/ro\/wp-json\/wp\/v2\/media?parent=97797"}],"wp:term":[{"taxonomy":"product_brand","embeddable":true,"href":"https:\/\/dev.xstyle.md\/ro\/wp-json\/wp\/v2\/product_brand?post=97797"},{"taxonomy":"product_cat","embeddable":true,"href":"https:\/\/dev.xstyle.md\/ro\/wp-json\/wp\/v2\/product_cat?post=97797"},{"taxonomy":"product_tag","embeddable":true,"href":"https:\/\/dev.xstyle.md\/ro\/wp-json\/wp\/v2\/product_tag?post=97797"}],"curies":[{"name":"wp","href":"https:\/\/api.w.org\/{rel}","templated":true}]}}