{"id":97786,"date":"2025-11-19T17:21:46","date_gmt":"2025-11-19T14:21:46","guid":{"rendered":"https:\/\/xstyle.md\/?post_type=product&#038;p=97786"},"modified":"2026-03-26T13:02:12","modified_gmt":"2026-03-26T10:02:12","slug":"bryuki-rab-cinder-crank-mns-anthracite","status":"publish","type":"product","link":"https:\/\/xstyle.md\/ro\/produs\/bryuki-rab-cinder-crank-mns-anthracite\/","title":{"rendered":"Pantaloni Rab Cinder Crank Wmn anthracite"},"content":{"rendered":"<\/p>\n<p><strong>Rab Cinder Crank Mns anthracite<\/strong> &#8212; pantaloni softshell u\u0219ori \u0219i rezisten\u021bi, special concepu\u021bi pentru mountain biking (MTB) \u0219i trasee de gravel. Ace\u0219tia combin\u0103 protec\u021bia \u00eempotriva v\u00e2ntului, respirabilitatea \u0219i durabilitatea, oferind confort maxim \u00een timpul pedal\u0103rii intense \u00een condi\u021bii meteo variabile.<\/p>\n<h3>Particularit\u0103\u021bi<\/h3>\n<ul>\n<li>Design articulat la genunchi \u0219i talie \u00een\u0103l\u021bat\u0103 la spate pentru o pozi\u021bie optim\u0103 \u00een \u0219a, prevenind alunecarea pantalonilor<\/li>\n<li>Zonele \u0219ezutului, partea posterioar\u0103 a coapselor \u0219i marginea interioar\u0103 a gleznei sunt \u00eent\u0103rite cu material dens pentru protec\u021bie \u00eempotriva abraziunii cauzate de \u0219a sau lan\u021b<\/li>\n<li>Fermoare ascunse pe coapse care permit reglarea temperaturii \u00een timpul urc\u0103rilor solicitante<\/li>\n<li>Banda elastic\u0103 Flexile\u2122 200 ofer\u0103 o fixare sigur\u0103, plat\u0103 \u0219i extrem de confortabil\u0103<\/li>\n<li>Cus\u0103turile interioare sunt decalate strategic pentru a preveni frecarea nepl\u0103cut\u0103 \u00een contact cu \u0219aua<\/li>\n<\/ul>\n<h3>Caracteristici<\/h3>\n<ul>\n<li>Material &#8212; \u021bes\u0103tur\u0103 principal\u0103 softshell elastic\u0103 Matrix\u2122 (151g\/m\u00b2) cu tratament DWR f\u0103r\u0103 fluorocarburi<\/li>\n<li>\u00cent\u0103rituri &#8212; material Matrix\u2122 RX (186g\/m\u00b2) \u00een zonele cu uzur\u0103 ridicat\u0103<\/li>\n<li>Buzunare &#8212; 2 buzunare cu fermoar YKK, pozi\u021bionate strategic pentru acces u\u0219or \u00een timpul mersului pe biciclet\u0103<\/li>\n<li>Destina\u021bie &#8212; MTB, touring, gravel biking<\/li>\n<\/ul>\n<h3>Tehnologii<\/h3>\n<ul>\n<li><strong>Matrix\u2122<\/strong> &#8212; tes\u0103tura tehnologic\u0103 asigur\u0103 protec\u021bie \u00eempotriva v\u00e2ntului \u0219i a intemperiilor, precum \u0219i respirabilitate. Ideal pentru toate activit\u0103\u021bile montane, materialul se usuc\u0103 rapid \u0219i garanteaz\u0103 un nivel ridicat de protec\u021bie UPF. Material de \u00eenalt\u0103 calitate \u0219i durabil.<\/li>\n<li><strong>DWR (Durable Water Repellent)<\/strong> &#8212; este o impregnare de material hidrofug de suprafa\u021b\u0103 care \u00eembun\u0103t\u0103\u021be\u0219te propriet\u0103\u021bile func\u021bionale ale \u00eembr\u0103c\u0103mintei. Impregnarea \u00ee\u0219i p\u0103streaz\u0103 propriet\u0103\u021bile p\u00e2n\u0103 la 10 cicluri de sp\u0103lare \u0219i, \u00een acela\u0219i timp, poate fi re\u00eennoit\u0103 cu u\u0219urin\u021b\u0103 cu ajutorul unor produse pe baz\u0103 de spray disponibile \u00een mod obi\u0219nuit (de exemplu, Toko Textile Proof). Impregnarea DWR C6 este mai prietenoas\u0103 cu mediul.<\/li>\n<\/ul>\n<p><\/p>\n<h3>Marca<\/h3>\n<p>Rab \u2014 este un produc\u0103tor britanic de \u00eembr\u0103c\u0103minte \u0219i echipamente pentru alpinism, al c\u0103rui punct forte \u00eel reprezint\u0103 \u00eembr\u0103c\u0103mintea sport tehnic\u0103 de \u00eenalt\u0103 calitate \u0219i tehnologic avansat\u0103, izola\u021bia din puf \u0219i p\u0103l\u0103riile. Balaclavele acestui produc\u0103tor, de exemplu, sunt unele dintre cele mai bune exemple de pe pia\u021b\u0103.<br \/>\nCompania a fost fondat\u0103 \u00een 1981 de c\u0103tre Rab Carrington, alpinist sco\u021bian de top. Baz\u00e2ndu-se pe propria sa experien\u021b\u0103 \u00een numeroase expedi\u021bii, Carrington a creat \u00eembr\u0103c\u0103minte care s\u0103 ofere confort, protec\u021bie \u0219i libertate \u00een mun\u021bi, \u00een drume\u021bii, c\u0103\u021b\u0103r\u0103ri sau alpinism.<\/p>\n<p>Jachetele de puf, sacii de dormit \u0219i hainele de expedi\u021bie Rab sunt fabricate din puf european de g\u00e2sc\u0103 \u0219i ra\u021b\u0103, provenit din surse etice \u0219i certificat Responsible Down. O impregnare hidrofug\u0103 f\u0103r\u0103 fluorocarburi numit\u0103 Nikwax este, de asemenea, aplicat\u0103 pufului folosit \u00een haine \u0219i saci de dormit pentru a le \u00eempiedica s\u0103 se \u00eencarce cu ap\u0103. \u00cen plus, se folosesc \u0219i materiale sintetice de \u00eenalt\u0103 calitate pentru izolare. \u00cembr\u0103c\u0103mintea Rab a devenit \"sinonim\u0103 cu produsele din puf de \u00eenalt\u0103 calitate\".<\/p>","protected":false},"excerpt":{"rendered":"<p>\u0411\u0440\u0435\u043d\u0434 Rab \u2013 \u0431\u0440\u0438\u0442\u0430\u043d\u0441\u043a\u0438\u0439 \u043f\u0440\u043e\u0438\u0437\u0432\u043e\u0434\u0438\u0442\u0435\u043b\u044c \u043e\u0434\u0435\u0436\u0434\u044b \u0438 \u0441\u043d\u0430\u0440\u044f\u0436\u0435\u043d\u0438\u044f \u0434\u043b\u044f \u0441\u043a\u0430\u043b\u043e\u043b\u0430\u0437\u0430\u043d\u0438\u044f \u0438 \u0430\u043b\u044c\u043f\u0438\u043d\u0438\u0437\u043c\u0430, \u0447\u0435\u0439\u00a0\u043a\u043e\u043d\u0435\u043a \u2013 \u043a\u0430\u0447\u0435\u0441\u0442\u0432\u0435\u043d\u043d\u0430\u044f \u0438 \u0442\u0435\u0445\u043d\u043e\u043b\u043e\u0433\u0438\u0447\u043d\u0430\u044f \u0441\u043f\u043e\u0440\u0442\u0438\u0432\u043d\u0430\u044f \u0442\u0435\u0445\u043d\u0438\u0447\u0435\u0441\u043a\u0430\u044f \u043e\u0434\u0435\u0436\u0434\u0430, \u043f\u0443\u0445\u043e\u0432\u044b\u0439 \u0443\u0442\u0435\u043f\u043b\u0438\u0442\u0435\u043b\u044c \u0438 \u0433\u043e\u043b\u043e\u0432\u043d\u044b\u0435 \u0443\u0431\u043e\u0440\u044b. \u0411\u0430\u043b\u0430\u043a\u043b\u0430\u0432\u044b \u044d\u0442\u043e\u0433\u043e \u043f\u0440\u043e\u0438\u0437\u0432\u043e\u0434\u0438\u0442\u0435\u043b\u044f, \u043a \u043f\u0440\u0438\u043c\u0435\u0440\u0443, \u043e\u0434\u043d\u0438 \u0438\u0437 \u043b\u0443\u0447\u0448\u0438\u0445 \u043e\u0431\u0440\u0430\u0437\u0446\u043e\u0432 \u043d\u0430 \u0440\u044b\u043d\u043a\u0435, \u0441\u043f\u0430\u043b\u044c\u043d\u044b\u0435 \u043c\u0435\u0448\u043a\u0438 \u0442\u0430\u043a\u0436\u0435 \u044f\u0440\u043a\u043e \u0432\u044b\u0434\u0435\u043b\u044f\u044e\u0442\u0441\u044f \u043f\u0440\u043e\u0434\u0443\u043c\u0430\u043d\u043d\u043e\u0441\u0442\u044c\u044e. \u041a\u043e\u043c\u043f\u0430\u043d\u0438\u044f \u043e\u0441\u043d\u043e\u0432\u0430\u043d\u0430 \u0432 1981 \u0433\u043e\u0434\u0443 \u0432\u0435\u0434\u0443\u0449\u0438\u043c \u0448\u043e\u0442\u043b\u0430\u043d\u0434\u0441\u043a\u0438\u043c \u0430\u043b\u044c\u043f\u0438\u043d\u0438\u0441\u0442\u043e\u043c \u0420\u0430\u0431\u043e\u043c \u041a\u044d\u0440\u0440\u0438\u043d\u0433\u0442\u043e\u043d\u043e\u043c. \u041f\u043e\u043b\u0430\u0433\u0430\u044f\u0441\u044c \u043d\u0430 \u0441\u043e\u0431\u0441\u0442\u0432\u0435\u043d\u043d\u044b\u0439 [&hellip;]<\/p>\n","protected":false},"featured_media":104223,"comment_status":"open","ping_status":"closed","template":"","meta":{"_acf_changed":false,"inline_featured_image":false},"product_brand":[1442],"product_cat":[451],"product_tag":[],"class_list":{"0":"post-97786","1":"product","2":"type-product","3":"status-publish","4":"has-post-thumbnail","6":"product_brand-rab","7":"product_cat-pantaloni-impermeabili-femei","9":"first","10":"instock","11":"shipping-taxable","12":"purchasable","13":"product-type-simple"},"acf":[],"yoast_head":"<!-- This site is optimized with the Yoast SEO plugin v27.4 - https:\/\/yoast.com\/product\/yoast-seo-wordpress\/ -->\n<title>\u0411\u0440\u044e\u043a\u0438 Rab Cinder Crank Wmn anthracite - \u041c\u0430\u0433\u0430\u0437\u0438\u043d Xstyle<\/title>\n<meta name=\"robots\" content=\"index, follow, max-snippet:-1, max-image-preview:large, max-video-preview:-1\" \/>\n<link rel=\"canonical\" href=\"https:\/\/xstyle.md\/ro\/produs\/bryuki-rab-cinder-crank-mns-anthracite\/\" \/>\n<meta property=\"og:locale\" content=\"ro_RO\" \/>\n<meta property=\"og:type\" content=\"article\" \/>\n<meta property=\"og:title\" content=\"\u0411\u0440\u044e\u043a\u0438 Rab Cinder Crank Wmn anthracite - \u041c\u0430\u0433\u0430\u0437\u0438\u043d Xstyle\" \/>\n<meta property=\"og:description\" content=\"\u0411\u0440\u0435\u043d\u0434 Rab \u2013 \u0431\u0440\u0438\u0442\u0430\u043d\u0441\u043a\u0438\u0439 \u043f\u0440\u043e\u0438\u0437\u0432\u043e\u0434\u0438\u0442\u0435\u043b\u044c \u043e\u0434\u0435\u0436\u0434\u044b \u0438 \u0441\u043d\u0430\u0440\u044f\u0436\u0435\u043d\u0438\u044f \u0434\u043b\u044f \u0441\u043a\u0430\u043b\u043e\u043b\u0430\u0437\u0430\u043d\u0438\u044f \u0438 \u0430\u043b\u044c\u043f\u0438\u043d\u0438\u0437\u043c\u0430, \u0447\u0435\u0439\u00a0\u043a\u043e\u043d\u0435\u043a \u2013 \u043a\u0430\u0447\u0435\u0441\u0442\u0432\u0435\u043d\u043d\u0430\u044f \u0438 \u0442\u0435\u0445\u043d\u043e\u043b\u043e\u0433\u0438\u0447\u043d\u0430\u044f \u0441\u043f\u043e\u0440\u0442\u0438\u0432\u043d\u0430\u044f \u0442\u0435\u0445\u043d\u0438\u0447\u0435\u0441\u043a\u0430\u044f \u043e\u0434\u0435\u0436\u0434\u0430, \u043f\u0443\u0445\u043e\u0432\u044b\u0439 \u0443\u0442\u0435\u043f\u043b\u0438\u0442\u0435\u043b\u044c \u0438 \u0433\u043e\u043b\u043e\u0432\u043d\u044b\u0435 \u0443\u0431\u043e\u0440\u044b. \u0411\u0430\u043b\u0430\u043a\u043b\u0430\u0432\u044b \u044d\u0442\u043e\u0433\u043e \u043f\u0440\u043e\u0438\u0437\u0432\u043e\u0434\u0438\u0442\u0435\u043b\u044f, \u043a \u043f\u0440\u0438\u043c\u0435\u0440\u0443, \u043e\u0434\u043d\u0438 \u0438\u0437 \u043b\u0443\u0447\u0448\u0438\u0445 \u043e\u0431\u0440\u0430\u0437\u0446\u043e\u0432 \u043d\u0430 \u0440\u044b\u043d\u043a\u0435, \u0441\u043f\u0430\u043b\u044c\u043d\u044b\u0435 \u043c\u0435\u0448\u043a\u0438 \u0442\u0430\u043a\u0436\u0435 \u044f\u0440\u043a\u043e \u0432\u044b\u0434\u0435\u043b\u044f\u044e\u0442\u0441\u044f \u043f\u0440\u043e\u0434\u0443\u043c\u0430\u043d\u043d\u043e\u0441\u0442\u044c\u044e. \u041a\u043e\u043c\u043f\u0430\u043d\u0438\u044f \u043e\u0441\u043d\u043e\u0432\u0430\u043d\u0430 \u0432 1981 \u0433\u043e\u0434\u0443 \u0432\u0435\u0434\u0443\u0449\u0438\u043c \u0448\u043e\u0442\u043b\u0430\u043d\u0434\u0441\u043a\u0438\u043c \u0430\u043b\u044c\u043f\u0438\u043d\u0438\u0441\u0442\u043e\u043c \u0420\u0430\u0431\u043e\u043c \u041a\u044d\u0440\u0440\u0438\u043d\u0433\u0442\u043e\u043d\u043e\u043c. \u041f\u043e\u043b\u0430\u0433\u0430\u044f\u0441\u044c \u043d\u0430 \u0441\u043e\u0431\u0441\u0442\u0432\u0435\u043d\u043d\u044b\u0439 [&hellip;]\" \/>\n<meta property=\"og:url\" content=\"https:\/\/xstyle.md\/ro\/produs\/bryuki-rab-cinder-crank-mns-anthracite\/\" \/>\n<meta property=\"og:site_name\" content=\"\u041c\u0430\u0433\u0430\u0437\u0438\u043d Xstyle\" \/>\n<meta property=\"article:publisher\" content=\"https:\/\/www.facebook.com\/xstylemd\" \/>\n<meta property=\"article:modified_time\" content=\"2026-03-26T10:02:12+00:00\" \/>\n<meta property=\"og:image\" content=\"https:\/\/xstyle.md\/wp-content\/uploads\/2025\/11\/rab-cinder-crank-mns-anthracite.webp\" \/>\n\t<meta property=\"og:image:width\" content=\"1200\" \/>\n\t<meta property=\"og:image:height\" content=\"1200\" \/>\n\t<meta property=\"og:image:type\" content=\"image\/webp\" \/>\n<meta name=\"twitter:card\" content=\"summary_large_image\" \/>\n<meta name=\"twitter:label1\" content=\"Pre\u021b\" \/>\n\t<meta name=\"twitter:data1\" content=\"2.490&nbsp;MDL\" \/>\n\t<meta name=\"twitter:label2\" content=\"Disponibilitate\" \/>\n\t<meta name=\"twitter:data2\" content=\"\u00cen stoc\" \/>\n<script type=\"application\/ld+json\" class=\"yoast-schema-graph\">{\"@context\":\"https:\\\/\\\/schema.org\",\"@graph\":[{\"@type\":\"WebPage\",\"@id\":\"https:\\\/\\\/xstyle.md\\\/product\\\/bryuki-rab-cinder-crank-mns-anthracite\\\/\",\"url\":\"https:\\\/\\\/xstyle.md\\\/product\\\/bryuki-rab-cinder-crank-mns-anthracite\\\/\",\"name\":\"\u0411\u0440\u044e\u043a\u0438 Rab Cinder Crank Wmn anthracite - \u041c\u0430\u0433\u0430\u0437\u0438\u043d Xstyle\",\"isPartOf\":{\"@id\":\"https:\\\/\\\/xstyle.md\\\/#website\"},\"primaryImageOfPage\":{\"@id\":\"https:\\\/\\\/xstyle.md\\\/product\\\/bryuki-rab-cinder-crank-mns-anthracite\\\/#primaryimage\"},\"image\":{\"@id\":\"https:\\\/\\\/xstyle.md\\\/product\\\/bryuki-rab-cinder-crank-mns-anthracite\\\/#primaryimage\"},\"thumbnailUrl\":\"https:\\\/\\\/xstyle.md\\\/wp-content\\\/uploads\\\/2025\\\/11\\\/rab-cinder-crank-mns-anthracite.webp\",\"datePublished\":\"2025-11-19T14:21:46+00:00\",\"dateModified\":\"2026-03-26T10:02:12+00:00\",\"breadcrumb\":{\"@id\":\"https:\\\/\\\/xstyle.md\\\/product\\\/bryuki-rab-cinder-crank-mns-anthracite\\\/#breadcrumb\"},\"inLanguage\":\"ro-RO\",\"potentialAction\":[{\"@type\":\"ReadAction\",\"target\":[\"https:\\\/\\\/xstyle.md\\\/product\\\/bryuki-rab-cinder-crank-mns-anthracite\\\/\"]}]},{\"@type\":\"ImageObject\",\"inLanguage\":\"ro-RO\",\"@id\":\"https:\\\/\\\/xstyle.md\\\/product\\\/bryuki-rab-cinder-crank-mns-anthracite\\\/#primaryimage\",\"url\":\"https:\\\/\\\/xstyle.md\\\/wp-content\\\/uploads\\\/2025\\\/11\\\/rab-cinder-crank-mns-anthracite.webp\",\"contentUrl\":\"https:\\\/\\\/xstyle.md\\\/wp-content\\\/uploads\\\/2025\\\/11\\\/rab-cinder-crank-mns-anthracite.webp\",\"width\":1200,\"height\":1200,\"caption\":\"\u0422 CrossFit, \u0430\u043a\u0442\u0438\u0432\u043d\u0430\u044f \u0436\u0438\u0437\u043d\u044c \u0438 \u043f\u043e\u0445\u043e\u0434\u044b \u0431\u0440\u044e\u043a\u0438 Rab Cinder Crank Wmn anthracite \u0434\u043b\u044f \u0442\u0443\u0440\u0438\u0441\u0442\u043e\u0432 \u0438 \u043b\u044e\u0431\u0438\u0442\u0435\u043b\u0435\u0439 \u0430\u043a\u0442\u0438\u0432\u043d\u043e\u0433\u043e \u043e\u0442\u0434\u044b\u0445\u0430 \u043e\u0431\u0443\u0432\u044c \u0438 \u043e\u0434\u0435\u0436\u0434\u0430 \u0434\u043b\u044f \u043f\u0443\u0442\u0435\u0448\u0435\u0441\u0442\u0432\u0438\u0439 \u0438 \u0430\u043b\u044c\u043f\u0438\u043d\u0438\u0437\u043c\u0430\"},{\"@type\":\"BreadcrumbList\",\"@id\":\"https:\\\/\\\/xstyle.md\\\/product\\\/bryuki-rab-cinder-crank-mns-anthracite\\\/#breadcrumb\",\"itemListElement\":[{\"@type\":\"ListItem\",\"position\":1,\"name\":\"\u0413\u043b\u0430\u0432\u043d\u0430\u044f \u0441\u0442\u0440\u0430\u043d\u0438\u0446\u0430\",\"item\":\"https:\\\/\\\/xstyle.md\\\/\"},{\"@type\":\"ListItem\",\"position\":2,\"name\":\"\u041c\u0430\u0433\u0430\u0437\u0438\u043d\",\"item\":\"https:\\\/\\\/xstyle.md\\\/shop\\\/\"},{\"@type\":\"ListItem\",\"position\":3,\"name\":\"\u0411\u0440\u044e\u043a\u0438 Rab Cinder Crank Wmn anthracite\"}]},{\"@type\":\"WebSite\",\"@id\":\"https:\\\/\\\/xstyle.md\\\/#website\",\"url\":\"https:\\\/\\\/xstyle.md\\\/\",\"name\":\"\u041c\u0430\u0433\u0430\u0437\u0438\u043d Xstyle\",\"description\":\"C\u043d\u0430\u0440\u044f\u0436\u0435\u043d\u0438\u0435 \u0434\u043b\u044f \u0442\u0443\u0440\u0438\u0437\u043c\u0430 \u0438 \u044d\u043a\u0441\u0442\u0440\u0435\u043c\u0430\u043b\u044c\u043d\u044b\u0445 \u0432\u0438\u0434\u043e\u0432 \u0441\u043f\u043e\u0440\u0442\u0430 \u0432 \u041c\u043e\u043b\u0434\u043e\u0432\u0435.. \u0426\u0435\u043d\u044b, \u0444\u043e\u0442\u043e, \u0445\u0430\u0440\u0430\u043a\u0442\u0435\u0440\u0438\u0441\u0442\u0438\u043a\u0438 \u0432 \u041c\u043e\u043b\u0434\u043e\u0432\u0435.\",\"publisher\":{\"@id\":\"https:\\\/\\\/xstyle.md\\\/#organization\"},\"alternateName\":\"X-Style\",\"potentialAction\":[{\"@type\":\"SearchAction\",\"target\":{\"@type\":\"EntryPoint\",\"urlTemplate\":\"https:\\\/\\\/xstyle.md\\\/?s={search_term_string}\"},\"query-input\":{\"@type\":\"PropertyValueSpecification\",\"valueRequired\":true,\"valueName\":\"search_term_string\"}}],\"inLanguage\":\"ro-RO\"},{\"@type\":\"Organization\",\"@id\":\"https:\\\/\\\/xstyle.md\\\/#organization\",\"name\":\"\u041c\u0430\u0433\u0430\u0437\u0438\u043d Xstyle\",\"alternateName\":\"x-style\",\"url\":\"https:\\\/\\\/xstyle.md\\\/\",\"logo\":{\"@type\":\"ImageObject\",\"inLanguage\":\"ro-RO\",\"@id\":\"https:\\\/\\\/xstyle.md\\\/#\\\/schema\\\/logo\\\/image\\\/\",\"url\":\"https:\\\/\\\/xstyle.md\\\/wp-content\\\/uploads\\\/2020\\\/06\\\/logoicon.svg\",\"contentUrl\":\"https:\\\/\\\/xstyle.md\\\/wp-content\\\/uploads\\\/2020\\\/06\\\/logoicon.svg\",\"caption\":\"\u041c\u0430\u0433\u0430\u0437\u0438\u043d Xstyle\"},\"image\":{\"@id\":\"https:\\\/\\\/xstyle.md\\\/#\\\/schema\\\/logo\\\/image\\\/\"},\"sameAs\":[\"https:\\\/\\\/www.facebook.com\\\/xstylemd\",\"https:\\\/\\\/www.instagram.com\\\/xstyle_md\\\/\",\"https:\\\/\\\/t.me\\\/xstyle_outdoor\"],\"hasMerchantReturnPolicy\":{\"@type\":\"MerchantReturnPolicy\",\"merchantReturnLink\":\"https:\\\/\\\/xstyle.md\\\/ro\\\/conditions\\\/\"}}]}<\/script>\n<meta property=\"product:price:amount\" content=\"2490.00\" \/>\n<meta property=\"product:price:currency\" content=\"MDL\" \/>\n<meta property=\"og:availability\" content=\"instock\" \/>\n<meta property=\"product:availability\" content=\"instock\" \/>\n<meta property=\"product:retailer_item_id\" content=\"5059913058474\" \/>\n<meta property=\"product:condition\" content=\"new\" \/>\n<!-- \/ Yoast SEO plugin. -->","yoast_head_json":{"title":"\u0411\u0440\u044e\u043a\u0438 Rab Cinder Crank Wmn anthracite - \u041c\u0430\u0433\u0430\u0437\u0438\u043d Xstyle","robots":{"index":"index","follow":"follow","max-snippet":"max-snippet:-1","max-image-preview":"max-image-preview:large","max-video-preview":"max-video-preview:-1"},"canonical":"https:\/\/xstyle.md\/ro\/produs\/bryuki-rab-cinder-crank-mns-anthracite\/","og_locale":"ro_RO","og_type":"article","og_title":"\u0411\u0440\u044e\u043a\u0438 Rab Cinder Crank Wmn anthracite - \u041c\u0430\u0433\u0430\u0437\u0438\u043d Xstyle","og_description":"\u0411\u0440\u0435\u043d\u0434 Rab \u2013 \u0431\u0440\u0438\u0442\u0430\u043d\u0441\u043a\u0438\u0439 \u043f\u0440\u043e\u0438\u0437\u0432\u043e\u0434\u0438\u0442\u0435\u043b\u044c \u043e\u0434\u0435\u0436\u0434\u044b \u0438 \u0441\u043d\u0430\u0440\u044f\u0436\u0435\u043d\u0438\u044f \u0434\u043b\u044f \u0441\u043a\u0430\u043b\u043e\u043b\u0430\u0437\u0430\u043d\u0438\u044f \u0438 \u0430\u043b\u044c\u043f\u0438\u043d\u0438\u0437\u043c\u0430, \u0447\u0435\u0439\u00a0\u043a\u043e\u043d\u0435\u043a \u2013 \u043a\u0430\u0447\u0435\u0441\u0442\u0432\u0435\u043d\u043d\u0430\u044f \u0438 \u0442\u0435\u0445\u043d\u043e\u043b\u043e\u0433\u0438\u0447\u043d\u0430\u044f \u0441\u043f\u043e\u0440\u0442\u0438\u0432\u043d\u0430\u044f \u0442\u0435\u0445\u043d\u0438\u0447\u0435\u0441\u043a\u0430\u044f \u043e\u0434\u0435\u0436\u0434\u0430, \u043f\u0443\u0445\u043e\u0432\u044b\u0439 \u0443\u0442\u0435\u043f\u043b\u0438\u0442\u0435\u043b\u044c \u0438 \u0433\u043e\u043b\u043e\u0432\u043d\u044b\u0435 \u0443\u0431\u043e\u0440\u044b. \u0411\u0430\u043b\u0430\u043a\u043b\u0430\u0432\u044b \u044d\u0442\u043e\u0433\u043e \u043f\u0440\u043e\u0438\u0437\u0432\u043e\u0434\u0438\u0442\u0435\u043b\u044f, \u043a \u043f\u0440\u0438\u043c\u0435\u0440\u0443, \u043e\u0434\u043d\u0438 \u0438\u0437 \u043b\u0443\u0447\u0448\u0438\u0445 \u043e\u0431\u0440\u0430\u0437\u0446\u043e\u0432 \u043d\u0430 \u0440\u044b\u043d\u043a\u0435, \u0441\u043f\u0430\u043b\u044c\u043d\u044b\u0435 \u043c\u0435\u0448\u043a\u0438 \u0442\u0430\u043a\u0436\u0435 \u044f\u0440\u043a\u043e \u0432\u044b\u0434\u0435\u043b\u044f\u044e\u0442\u0441\u044f \u043f\u0440\u043e\u0434\u0443\u043c\u0430\u043d\u043d\u043e\u0441\u0442\u044c\u044e. \u041a\u043e\u043c\u043f\u0430\u043d\u0438\u044f \u043e\u0441\u043d\u043e\u0432\u0430\u043d\u0430 \u0432 1981 \u0433\u043e\u0434\u0443 \u0432\u0435\u0434\u0443\u0449\u0438\u043c \u0448\u043e\u0442\u043b\u0430\u043d\u0434\u0441\u043a\u0438\u043c \u0430\u043b\u044c\u043f\u0438\u043d\u0438\u0441\u0442\u043e\u043c \u0420\u0430\u0431\u043e\u043c \u041a\u044d\u0440\u0440\u0438\u043d\u0433\u0442\u043e\u043d\u043e\u043c. \u041f\u043e\u043b\u0430\u0433\u0430\u044f\u0441\u044c \u043d\u0430 \u0441\u043e\u0431\u0441\u0442\u0432\u0435\u043d\u043d\u044b\u0439 [&hellip;]","og_url":"https:\/\/xstyle.md\/ro\/produs\/bryuki-rab-cinder-crank-mns-anthracite\/","og_site_name":"\u041c\u0430\u0433\u0430\u0437\u0438\u043d Xstyle","article_publisher":"https:\/\/www.facebook.com\/xstylemd","article_modified_time":"2026-03-26T10:02:12+00:00","og_image":[{"width":1200,"height":1200,"url":"https:\/\/xstyle.md\/wp-content\/uploads\/2025\/11\/rab-cinder-crank-mns-anthracite.webp","type":"image\/webp"}],"twitter_card":"summary_large_image","twitter_misc":{"Pre\u021b":"2.490&nbsp;MDL","Disponibilitate":"\u00cen stoc"},"schema":{"@context":"https:\/\/schema.org","@graph":[{"@type":"WebPage","@id":"https:\/\/xstyle.md\/product\/bryuki-rab-cinder-crank-mns-anthracite\/","url":"https:\/\/xstyle.md\/product\/bryuki-rab-cinder-crank-mns-anthracite\/","name":"\u0411\u0440\u044e\u043a\u0438 Rab Cinder Crank Wmn anthracite - \u041c\u0430\u0433\u0430\u0437\u0438\u043d Xstyle","isPartOf":{"@id":"https:\/\/xstyle.md\/#website"},"primaryImageOfPage":{"@id":"https:\/\/xstyle.md\/product\/bryuki-rab-cinder-crank-mns-anthracite\/#primaryimage"},"image":{"@id":"https:\/\/xstyle.md\/product\/bryuki-rab-cinder-crank-mns-anthracite\/#primaryimage"},"thumbnailUrl":"https:\/\/xstyle.md\/wp-content\/uploads\/2025\/11\/rab-cinder-crank-mns-anthracite.webp","datePublished":"2025-11-19T14:21:46+00:00","dateModified":"2026-03-26T10:02:12+00:00","breadcrumb":{"@id":"https:\/\/xstyle.md\/product\/bryuki-rab-cinder-crank-mns-anthracite\/#breadcrumb"},"inLanguage":"ro-RO","potentialAction":[{"@type":"ReadAction","target":["https:\/\/xstyle.md\/product\/bryuki-rab-cinder-crank-mns-anthracite\/"]}]},{"@type":"ImageObject","inLanguage":"ro-RO","@id":"https:\/\/xstyle.md\/product\/bryuki-rab-cinder-crank-mns-anthracite\/#primaryimage","url":"https:\/\/xstyle.md\/wp-content\/uploads\/2025\/11\/rab-cinder-crank-mns-anthracite.webp","contentUrl":"https:\/\/xstyle.md\/wp-content\/uploads\/2025\/11\/rab-cinder-crank-mns-anthracite.webp","width":1200,"height":1200,"caption":"\u0422 CrossFit, \u0430\u043a\u0442\u0438\u0432\u043d\u0430\u044f \u0436\u0438\u0437\u043d\u044c \u0438 \u043f\u043e\u0445\u043e\u0434\u044b \u0431\u0440\u044e\u043a\u0438 Rab Cinder Crank Wmn anthracite \u0434\u043b\u044f \u0442\u0443\u0440\u0438\u0441\u0442\u043e\u0432 \u0438 \u043b\u044e\u0431\u0438\u0442\u0435\u043b\u0435\u0439 \u0430\u043a\u0442\u0438\u0432\u043d\u043e\u0433\u043e \u043e\u0442\u0434\u044b\u0445\u0430 \u043e\u0431\u0443\u0432\u044c \u0438 \u043e\u0434\u0435\u0436\u0434\u0430 \u0434\u043b\u044f \u043f\u0443\u0442\u0435\u0448\u0435\u0441\u0442\u0432\u0438\u0439 \u0438 \u0430\u043b\u044c\u043f\u0438\u043d\u0438\u0437\u043c\u0430"},{"@type":"BreadcrumbList","@id":"https:\/\/xstyle.md\/product\/bryuki-rab-cinder-crank-mns-anthracite\/#breadcrumb","itemListElement":[{"@type":"ListItem","position":1,"name":"\u0413\u043b\u0430\u0432\u043d\u0430\u044f \u0441\u0442\u0440\u0430\u043d\u0438\u0446\u0430","item":"https:\/\/xstyle.md\/"},{"@type":"ListItem","position":2,"name":"\u041c\u0430\u0433\u0430\u0437\u0438\u043d","item":"https:\/\/xstyle.md\/shop\/"},{"@type":"ListItem","position":3,"name":"\u0411\u0440\u044e\u043a\u0438 Rab Cinder Crank Wmn anthracite"}]},{"@type":"WebSite","@id":"https:\/\/xstyle.md\/#website","url":"https:\/\/xstyle.md\/","name":"Magazinul X-Style","description":"Echipamente pentru turism \u0219i sporturi extreme \u00een Moldova. Pre\u021buri, fotografii, caracteristici \u00een Moldova.","publisher":{"@id":"https:\/\/xstyle.md\/#organization"},"alternateName":"X-Style","potentialAction":[{"@type":"SearchAction","target":{"@type":"EntryPoint","urlTemplate":"https:\/\/xstyle.md\/?s={search_term_string}"},"query-input":{"@type":"PropertyValueSpecification","valueRequired":true,"valueName":"search_term_string"}}],"inLanguage":"ro-RO"},{"@type":"Organization","@id":"https:\/\/xstyle.md\/#organization","name":"Magazinul X-Style","alternateName":"x-style","url":"https:\/\/xstyle.md\/","logo":{"@type":"ImageObject","inLanguage":"ro-RO","@id":"https:\/\/xstyle.md\/#\/schema\/logo\/image\/","url":"https:\/\/xstyle.md\/wp-content\/uploads\/2020\/06\/logoicon.svg","contentUrl":"https:\/\/xstyle.md\/wp-content\/uploads\/2020\/06\/logoicon.svg","caption":"\u041c\u0430\u0433\u0430\u0437\u0438\u043d Xstyle"},"image":{"@id":"https:\/\/xstyle.md\/#\/schema\/logo\/image\/"},"sameAs":["https:\/\/www.facebook.com\/xstylemd","https:\/\/www.instagram.com\/xstyle_md\/","https:\/\/t.me\/xstyle_outdoor"],"hasMerchantReturnPolicy":{"@type":"MerchantReturnPolicy","merchantReturnLink":"https:\/\/xstyle.md\/ro\/conditions\/"}}]},"product_price_amount":"2490.00","product_price_currency":"MDL","og_availability":"instock","product_availability":"instock","product_retailer_item_id":"5059913058474","product_condition":"new"},"_links":{"self":[{"href":"https:\/\/xstyle.md\/ro\/wp-json\/wp\/v2\/product\/97786","targetHints":{"allow":["GET"]}}],"collection":[{"href":"https:\/\/xstyle.md\/ro\/wp-json\/wp\/v2\/product"}],"about":[{"href":"https:\/\/xstyle.md\/ro\/wp-json\/wp\/v2\/types\/product"}],"replies":[{"embeddable":true,"href":"https:\/\/xstyle.md\/ro\/wp-json\/wp\/v2\/comments?post=97786"}],"wp:featuredmedia":[{"embeddable":true,"href":"https:\/\/xstyle.md\/ro\/wp-json\/wp\/v2\/media\/104223"}],"wp:attachment":[{"href":"https:\/\/xstyle.md\/ro\/wp-json\/wp\/v2\/media?parent=97786"}],"wp:term":[{"taxonomy":"product_brand","embeddable":true,"href":"https:\/\/xstyle.md\/ro\/wp-json\/wp\/v2\/product_brand?post=97786"},{"taxonomy":"product_cat","embeddable":true,"href":"https:\/\/xstyle.md\/ro\/wp-json\/wp\/v2\/product_cat?post=97786"},{"taxonomy":"product_tag","embeddable":true,"href":"https:\/\/xstyle.md\/ro\/wp-json\/wp\/v2\/product_tag?post=97786"}],"curies":[{"name":"wp","href":"https:\/\/api.w.org\/{rel}","templated":true}]}}