{"id":97718,"date":"2025-11-19T17:21:27","date_gmt":"2025-11-19T14:21:27","guid":{"rendered":"https:\/\/xstyle.md\/?post_type=product&#038;p=97718"},"modified":"2026-03-23T12:19:28","modified_gmt":"2026-03-23T09:19:28","slug":"noski-lorpen-ttlh-black","status":"publish","type":"product","link":"https:\/\/xstyle.md\/ro\/produs\/noski-lorpen-ttlh-black\/","title":{"rendered":"\u0218osete Lorpen TTLH black"},"content":{"rendered":"<\/p>\n<p><strong>Lorpen TTLH black<\/strong>\u00a0&#8212; sunt \u0219osete de hiking \u0219i trekking u\u0219oare \u0219i ecologice, fabricate din materiale reciclate. Modelul este conceput pentru a fi utilizat pe vreme cald\u0103 \u0219i temperat\u0103. Tehnologia inovatoare de tricotare asigur\u0103 o potrivire confortabil\u0103, o eliminare eficient\u0103 a umidit\u0103\u021bii \u0219i o rezisten\u021b\u0103 ridicat\u0103 la uzur\u0103, fiind o alegere excelent\u0103 pentru drume\u021bii lungi pe teren accidentat.<\/p>\n<h3>Particularit\u0103\u021bi<\/h3>\n<ul>\n<li>\u0218osetele din seria Re-Fresh sunt fabricate din fibre ob\u021binute prin reciclare, reduc\u00e2nd impactul asupra mediului \u00eenconjur\u0103tor<\/li>\n<li>Combina\u021bia de fibre func\u021bionale permite eliminarea rapid\u0103 a transpira\u021biei de la nivelul pielii \u0219i distribuirea acesteia pe suprafa\u021ba exterioar\u0103 pentru o evaporare rapid\u0103<\/li>\n<li>C\u0103ptu\u0219eala u\u0219oar\u0103 (Light Cushioning) \u00een partea inferioar\u0103 a t\u0103lpii protejeaz\u0103 \u00eempotriva \u0219ocurilor \u0219i a frec\u0103rii<\/li>\n<li>Zonele speciale cu tricotaj mai aerat pe partea superioar\u0103 a piciorului \u00eembun\u0103t\u0103\u021besc circula\u021bia aerului<\/li>\n<li>Tehnologia cus\u0103turii plate la v\u00e2rful degetelor previne irita\u021biile \u0219i disconfortul<\/li>\n<\/ul>\n<h3>Caracteristici<\/h3>\n<ul>\n<li>Compozi\u021bie &#8212; 60% Nailon reciclat, 22% Poliester reciclat, 10% Nailon, 8% Lycra<\/li>\n<li>\u00cen\u0103l\u021bime &#8212; medie, p\u00e2n\u0103 la jum\u0103tatea gambei<\/li>\n<li>Grosime &#8212; 2\/4 (sub\u021biri\/medii)<\/li>\n<li>Utilizare &#8212; Hiking \/ Trekking u\u0219or \/ C\u0103l\u0103torii<\/li>\n<li>Sezon &#8212; Prim\u0103var\u0103 \/ Var\u0103 \/ Toamn\u0103<\/li>\n<\/ul>\n<h3>Tehnologii<\/h3>\n<ul>\n<li><strong>T2 Technology<\/strong> &#8212; construc\u021bie \u00een dou\u0103 straturi, unde stratul interior ofer\u0103 confort \u0219i elimin\u0103 umiditatea, iar cel exterior garanteaz\u0103 durabilitatea.<\/li>\n<li><strong>Recover Yarn<\/strong> &#8212; utilizarea firelor de \u00eenalt\u0103 calitate provenite din materiale reciclate, f\u0103r\u0103 a compromite propriet\u0103\u021bile tehnice ale \u0219osetei.<\/li>\n<\/ul>\n<p><\/p>\n<h3>Marca<\/h3>\n<p>Lorpen - este un produc\u0103tor spaniol renumit de \u0219osete sportive de \u00eenalt\u0103 calitate, care \u00een prezent se num\u0103r\u0103 printre cele mai solicitate produse de pe pia\u021ba mondial\u0103. Gama lor de produse include modele pentru trekking, alergare, expedi\u021bii \u0219i schi, adaptate pentru toate preferin\u021bele.<\/p>\n<p>Scopul principal al Lorpen este de a crea cele mai tehnologice \u0219osete din lume. Este suficient s\u0103 \u00eencerca\u021bi o singur\u0103 dat\u0103 \u0219osetele termice Lorpen, care \u201elucreaz\u0103\u201d pe parcursul \u00eentregii zile, chiar \u0219i \u00een timpul efortului intens, ajut\u00e2nd la reglarea nivelului de c\u0103ldur\u0103 \u0219i umiditate al picioarelor, \u0219i nu ve\u021bi mai dori niciodat\u0103 s\u0103 purta\u021bi \u0219osete obi\u0219nuite din bumbac.<\/p>","protected":false},"excerpt":{"rendered":"<p>\u0411\u0440\u0435\u043d\u0434 Lorpen \u2014 \u0438\u0437\u0432\u0435\u0441\u0442\u043d\u044b\u0439 \u0438\u0441\u043f\u0430\u043d\u0441\u043a\u0438\u0439 \u043f\u0440\u043e\u0438\u0437\u0432\u043e\u0434\u0438\u0442\u0435\u043b\u044c \u0432\u044b\u0441\u043e\u043a\u043e\u043a\u0430\u0447\u0435\u0441\u0442\u0432\u0435\u043d\u043d\u044b\u0445 \u0441\u043f\u043e\u0440\u0442\u0438\u0432\u043d\u044b\u0445 \u043d\u043e\u0441\u043a\u043e\u0432, \u043a\u043e\u0442\u043e\u0440\u044b\u0435 \u043d\u0430 \u0441\u0435\u0433\u043e\u0434\u043d\u044f\u0448\u043d\u0438\u0439 \u0434\u0435\u043d\u044c \u044f\u0432\u043b\u044f\u044e\u0442\u0441\u044f \u043e\u0434\u043d\u0438\u043c\u0438 \u0438\u0437 \u0441\u0430\u043c\u044b\u0445 \u0432\u043e\u0441\u0442\u0440\u0435\u0431\u043e\u0432\u0430\u043d\u043d\u044b\u0445 \u0432 \u043c\u0438\u0440\u043e\u0432\u043e\u043c \u0440\u044b\u043d\u043a\u0435. \u0412 \u0438\u0445 \u043b\u0438\u043d\u0435\u0439\u043a\u0435 \u043d\u0430\u0439\u0434\u0443\u0442\u0441\u044f \u0442\u0440\u0435\u043a\u043a\u0438\u043d\u0433\u043e\u0432\u044b\u0435, \u0431\u0435\u0433\u043e\u0432\u044b\u0435, \u044d\u043a\u0441\u043f\u0435\u0434\u0438\u0446\u0438\u043e\u043d\u043d\u044b\u0435 \u0438 \u0433\u043e\u0440\u043d\u043e\u043b\u044b\u0436\u043d\u044b\u0435 \u043c\u043e\u0434\u0435\u043b\u0438 \u043d\u0430 \u043b\u044e\u0431\u043e\u0439 \u0432\u043a\u0443\u0441. \u0413\u043b\u0430\u0432\u043d\u0430\u044f \u0446\u0435\u043b\u044c Lorpen \u2014 \u0441\u043e\u0437\u0434\u0430\u0432\u0430\u0442\u044c \u0441\u0430\u043c\u044b\u0435 \u0442\u0435\u0445\u043d\u043e\u043b\u043e\u0433\u0438\u0447\u043d\u044b\u0435 \u043d\u043e\u0441\u043a\u0438 \u0432 \u043c\u0438\u0440\u0435. \u0421\u0442\u043e\u0438\u0442 \u0442\u043e\u043b\u044c\u043a\u043e \u043f\u043e\u043f\u0440\u043e\u0431\u043e\u0432\u0430\u0442\u044c \u0442\u0435\u0440\u043c\u043e\u043d\u043e\u0441\u043a\u0438 Lorpen, \u043a\u043e\u0442\u043e\u0440\u044b\u0435 \u00ab\u0440\u0430\u0431\u043e\u0442\u0430\u044e\u0442\u00bb \u0432\u0435\u0441\u044c \u0434\u0435\u043d\u044c \u0434\u0430\u0436\u0435 \u0432\u043e [&hellip;]<\/p>\n","protected":false},"featured_media":103964,"comment_status":"open","ping_status":"closed","template":"","meta":{"_acf_changed":false,"inline_featured_image":false},"product_brand":[1293],"product_cat":[228],"product_tag":[],"class_list":{"0":"post-97718","1":"product","2":"type-product","3":"status-publish","4":"has-post-thumbnail","6":"product_brand-lorpen","7":"product_cat-trekking-hiking-liners","9":"first","10":"instock","11":"shipping-taxable","12":"purchasable","13":"product-type-simple"},"acf":[],"yoast_head":"<!-- This site is optimized with the Yoast SEO plugin v27.4 - https:\/\/yoast.com\/product\/yoast-seo-wordpress\/ -->\n<title>\u041d\u043e\u0441\u043a\u0438 Lorpen TTLH black - \u041c\u0430\u0433\u0430\u0437\u0438\u043d Xstyle<\/title>\n<meta name=\"robots\" content=\"index, follow, max-snippet:-1, max-image-preview:large, max-video-preview:-1\" \/>\n<link rel=\"canonical\" href=\"https:\/\/xstyle.md\/ro\/produs\/noski-lorpen-ttlh-black\/\" \/>\n<meta property=\"og:locale\" content=\"ro_RO\" \/>\n<meta property=\"og:type\" content=\"article\" \/>\n<meta property=\"og:title\" content=\"\u041d\u043e\u0441\u043a\u0438 Lorpen TTLH black - \u041c\u0430\u0433\u0430\u0437\u0438\u043d Xstyle\" \/>\n<meta property=\"og:description\" content=\"\u0411\u0440\u0435\u043d\u0434 Lorpen \u2014 \u0438\u0437\u0432\u0435\u0441\u0442\u043d\u044b\u0439 \u0438\u0441\u043f\u0430\u043d\u0441\u043a\u0438\u0439 \u043f\u0440\u043e\u0438\u0437\u0432\u043e\u0434\u0438\u0442\u0435\u043b\u044c \u0432\u044b\u0441\u043e\u043a\u043e\u043a\u0430\u0447\u0435\u0441\u0442\u0432\u0435\u043d\u043d\u044b\u0445 \u0441\u043f\u043e\u0440\u0442\u0438\u0432\u043d\u044b\u0445 \u043d\u043e\u0441\u043a\u043e\u0432, \u043a\u043e\u0442\u043e\u0440\u044b\u0435 \u043d\u0430 \u0441\u0435\u0433\u043e\u0434\u043d\u044f\u0448\u043d\u0438\u0439 \u0434\u0435\u043d\u044c \u044f\u0432\u043b\u044f\u044e\u0442\u0441\u044f \u043e\u0434\u043d\u0438\u043c\u0438 \u0438\u0437 \u0441\u0430\u043c\u044b\u0445 \u0432\u043e\u0441\u0442\u0440\u0435\u0431\u043e\u0432\u0430\u043d\u043d\u044b\u0445 \u0432 \u043c\u0438\u0440\u043e\u0432\u043e\u043c \u0440\u044b\u043d\u043a\u0435. \u0412 \u0438\u0445 \u043b\u0438\u043d\u0435\u0439\u043a\u0435 \u043d\u0430\u0439\u0434\u0443\u0442\u0441\u044f \u0442\u0440\u0435\u043a\u043a\u0438\u043d\u0433\u043e\u0432\u044b\u0435, \u0431\u0435\u0433\u043e\u0432\u044b\u0435, \u044d\u043a\u0441\u043f\u0435\u0434\u0438\u0446\u0438\u043e\u043d\u043d\u044b\u0435 \u0438 \u0433\u043e\u0440\u043d\u043e\u043b\u044b\u0436\u043d\u044b\u0435 \u043c\u043e\u0434\u0435\u043b\u0438 \u043d\u0430 \u043b\u044e\u0431\u043e\u0439 \u0432\u043a\u0443\u0441. \u0413\u043b\u0430\u0432\u043d\u0430\u044f \u0446\u0435\u043b\u044c Lorpen \u2014 \u0441\u043e\u0437\u0434\u0430\u0432\u0430\u0442\u044c \u0441\u0430\u043c\u044b\u0435 \u0442\u0435\u0445\u043d\u043e\u043b\u043e\u0433\u0438\u0447\u043d\u044b\u0435 \u043d\u043e\u0441\u043a\u0438 \u0432 \u043c\u0438\u0440\u0435. \u0421\u0442\u043e\u0438\u0442 \u0442\u043e\u043b\u044c\u043a\u043e \u043f\u043e\u043f\u0440\u043e\u0431\u043e\u0432\u0430\u0442\u044c \u0442\u0435\u0440\u043c\u043e\u043d\u043e\u0441\u043a\u0438 Lorpen, \u043a\u043e\u0442\u043e\u0440\u044b\u0435 \u00ab\u0440\u0430\u0431\u043e\u0442\u0430\u044e\u0442\u00bb \u0432\u0435\u0441\u044c \u0434\u0435\u043d\u044c \u0434\u0430\u0436\u0435 \u0432\u043e [&hellip;]\" \/>\n<meta property=\"og:url\" content=\"https:\/\/xstyle.md\/ro\/produs\/noski-lorpen-ttlh-black\/\" \/>\n<meta property=\"og:site_name\" content=\"\u041c\u0430\u0433\u0430\u0437\u0438\u043d Xstyle\" \/>\n<meta property=\"article:publisher\" content=\"https:\/\/www.facebook.com\/xstylemd\" \/>\n<meta property=\"article:modified_time\" content=\"2026-03-23T09:19:28+00:00\" \/>\n<meta property=\"og:image\" content=\"https:\/\/xstyle.md\/wp-content\/uploads\/2025\/11\/lorpen-ttlh-black.webp\" \/>\n\t<meta property=\"og:image:width\" content=\"1200\" \/>\n\t<meta property=\"og:image:height\" content=\"1200\" \/>\n\t<meta property=\"og:image:type\" content=\"image\/webp\" \/>\n<meta name=\"twitter:card\" content=\"summary_large_image\" \/>\n<meta name=\"twitter:label1\" content=\"Pre\u021b\" \/>\n\t<meta name=\"twitter:data1\" content=\"330&nbsp;MDL\" \/>\n\t<meta name=\"twitter:label2\" content=\"Disponibilitate\" \/>\n\t<meta name=\"twitter:data2\" content=\"\u00cen stoc\" \/>\n<script type=\"application\/ld+json\" class=\"yoast-schema-graph\">{\"@context\":\"https:\\\/\\\/schema.org\",\"@graph\":[{\"@type\":\"WebPage\",\"@id\":\"https:\\\/\\\/xstyle.md\\\/product\\\/noski-lorpen-ttlh-black\\\/\",\"url\":\"https:\\\/\\\/xstyle.md\\\/product\\\/noski-lorpen-ttlh-black\\\/\",\"name\":\"\u041d\u043e\u0441\u043a\u0438 Lorpen TTLH black - \u041c\u0430\u0433\u0430\u0437\u0438\u043d Xstyle\",\"isPartOf\":{\"@id\":\"https:\\\/\\\/xstyle.md\\\/#website\"},\"primaryImageOfPage\":{\"@id\":\"https:\\\/\\\/xstyle.md\\\/product\\\/noski-lorpen-ttlh-black\\\/#primaryimage\"},\"image\":{\"@id\":\"https:\\\/\\\/xstyle.md\\\/product\\\/noski-lorpen-ttlh-black\\\/#primaryimage\"},\"thumbnailUrl\":\"https:\\\/\\\/xstyle.md\\\/wp-content\\\/uploads\\\/2025\\\/11\\\/lorpen-ttlh-black.webp\",\"datePublished\":\"2025-11-19T14:21:27+00:00\",\"dateModified\":\"2026-03-23T09:19:28+00:00\",\"breadcrumb\":{\"@id\":\"https:\\\/\\\/xstyle.md\\\/product\\\/noski-lorpen-ttlh-black\\\/#breadcrumb\"},\"inLanguage\":\"ro-RO\",\"potentialAction\":[{\"@type\":\"ReadAction\",\"target\":[\"https:\\\/\\\/xstyle.md\\\/product\\\/noski-lorpen-ttlh-black\\\/\"]}]},{\"@type\":\"ImageObject\",\"inLanguage\":\"ro-RO\",\"@id\":\"https:\\\/\\\/xstyle.md\\\/product\\\/noski-lorpen-ttlh-black\\\/#primaryimage\",\"url\":\"https:\\\/\\\/xstyle.md\\\/wp-content\\\/uploads\\\/2025\\\/11\\\/lorpen-ttlh-black.webp\",\"contentUrl\":\"https:\\\/\\\/xstyle.md\\\/wp-content\\\/uploads\\\/2025\\\/11\\\/lorpen-ttlh-black.webp\",\"width\":1200,\"height\":1200,\"caption\":\"\u0427\u0435\u0440\u043d\u044b\u0435 \u043d\u043e\u0441\u043a\u0438 Lorpen TTLH \u0434\u043b\u044f \u0430\u043a\u0442\u0438\u0432\u043d\u043e\u0433\u043e \u043e\u0442\u0434\u044b\u0445\u0430, \u0442\u0443\u0440\u0438\u0437\u043c\u0430, \u0430\u043b\u044c\u043f\u0438\u043d\u0438\u0437\u043c\u0430 \u0438 \u043f\u0443\u0442\u0435\u0448\u0435\u0441\u0442\u0432\u0438\u0439 \u0434\u043b\u044f \u043e\u043d\u043b\u0430\u0439\u043d \u043c\u0430\u0433\u0430\u0437\u0438\u043d\u0430 \u0441\u043f\u043e\u0440\u0442\u0438\u0432\u043d\u043e\u0439 \u043e\u0434\u0435\u0436\u0434\u044b \u0438 \u043e\u0431\u0443\u0432\u0438\"},{\"@type\":\"BreadcrumbList\",\"@id\":\"https:\\\/\\\/xstyle.md\\\/product\\\/noski-lorpen-ttlh-black\\\/#breadcrumb\",\"itemListElement\":[{\"@type\":\"ListItem\",\"position\":1,\"name\":\"\u0413\u043b\u0430\u0432\u043d\u0430\u044f \u0441\u0442\u0440\u0430\u043d\u0438\u0446\u0430\",\"item\":\"https:\\\/\\\/xstyle.md\\\/\"},{\"@type\":\"ListItem\",\"position\":2,\"name\":\"\u041c\u0430\u0433\u0430\u0437\u0438\u043d\",\"item\":\"https:\\\/\\\/xstyle.md\\\/shop\\\/\"},{\"@type\":\"ListItem\",\"position\":3,\"name\":\"\u041d\u043e\u0441\u043a\u0438 Lorpen TTLH black\"}]},{\"@type\":\"WebSite\",\"@id\":\"https:\\\/\\\/xstyle.md\\\/#website\",\"url\":\"https:\\\/\\\/xstyle.md\\\/\",\"name\":\"\u041c\u0430\u0433\u0430\u0437\u0438\u043d Xstyle\",\"description\":\"C\u043d\u0430\u0440\u044f\u0436\u0435\u043d\u0438\u0435 \u0434\u043b\u044f \u0442\u0443\u0440\u0438\u0437\u043c\u0430 \u0438 \u044d\u043a\u0441\u0442\u0440\u0435\u043c\u0430\u043b\u044c\u043d\u044b\u0445 \u0432\u0438\u0434\u043e\u0432 \u0441\u043f\u043e\u0440\u0442\u0430 \u0432 \u041c\u043e\u043b\u0434\u043e\u0432\u0435.. \u0426\u0435\u043d\u044b, \u0444\u043e\u0442\u043e, \u0445\u0430\u0440\u0430\u043a\u0442\u0435\u0440\u0438\u0441\u0442\u0438\u043a\u0438 \u0432 \u041c\u043e\u043b\u0434\u043e\u0432\u0435.\",\"publisher\":{\"@id\":\"https:\\\/\\\/xstyle.md\\\/#organization\"},\"alternateName\":\"X-Style\",\"potentialAction\":[{\"@type\":\"SearchAction\",\"target\":{\"@type\":\"EntryPoint\",\"urlTemplate\":\"https:\\\/\\\/xstyle.md\\\/?s={search_term_string}\"},\"query-input\":{\"@type\":\"PropertyValueSpecification\",\"valueRequired\":true,\"valueName\":\"search_term_string\"}}],\"inLanguage\":\"ro-RO\"},{\"@type\":\"Organization\",\"@id\":\"https:\\\/\\\/xstyle.md\\\/#organization\",\"name\":\"\u041c\u0430\u0433\u0430\u0437\u0438\u043d Xstyle\",\"alternateName\":\"x-style\",\"url\":\"https:\\\/\\\/xstyle.md\\\/\",\"logo\":{\"@type\":\"ImageObject\",\"inLanguage\":\"ro-RO\",\"@id\":\"https:\\\/\\\/xstyle.md\\\/#\\\/schema\\\/logo\\\/image\\\/\",\"url\":\"https:\\\/\\\/xstyle.md\\\/wp-content\\\/uploads\\\/2020\\\/06\\\/logoicon.svg\",\"contentUrl\":\"https:\\\/\\\/xstyle.md\\\/wp-content\\\/uploads\\\/2020\\\/06\\\/logoicon.svg\",\"caption\":\"\u041c\u0430\u0433\u0430\u0437\u0438\u043d Xstyle\"},\"image\":{\"@id\":\"https:\\\/\\\/xstyle.md\\\/#\\\/schema\\\/logo\\\/image\\\/\"},\"sameAs\":[\"https:\\\/\\\/www.facebook.com\\\/xstylemd\",\"https:\\\/\\\/www.instagram.com\\\/xstyle_md\\\/\",\"https:\\\/\\\/t.me\\\/xstyle_outdoor\"],\"hasMerchantReturnPolicy\":{\"@type\":\"MerchantReturnPolicy\",\"merchantReturnLink\":\"https:\\\/\\\/xstyle.md\\\/ro\\\/conditions\\\/\"}}]}<\/script>\n<meta property=\"product:price:amount\" content=\"330.00\" \/>\n<meta property=\"product:price:currency\" content=\"MDL\" \/>\n<meta property=\"og:availability\" content=\"instock\" \/>\n<meta property=\"product:availability\" content=\"instock\" \/>\n<meta property=\"product:retailer_item_id\" content=\"8447107471968\" \/>\n<meta property=\"product:condition\" content=\"new\" \/>\n<!-- \/ Yoast SEO plugin. -->","yoast_head_json":{"title":"\u041d\u043e\u0441\u043a\u0438 Lorpen TTLH black - \u041c\u0430\u0433\u0430\u0437\u0438\u043d Xstyle","robots":{"index":"index","follow":"follow","max-snippet":"max-snippet:-1","max-image-preview":"max-image-preview:large","max-video-preview":"max-video-preview:-1"},"canonical":"https:\/\/xstyle.md\/ro\/produs\/noski-lorpen-ttlh-black\/","og_locale":"ro_RO","og_type":"article","og_title":"\u041d\u043e\u0441\u043a\u0438 Lorpen TTLH black - \u041c\u0430\u0433\u0430\u0437\u0438\u043d Xstyle","og_description":"\u0411\u0440\u0435\u043d\u0434 Lorpen \u2014 \u0438\u0437\u0432\u0435\u0441\u0442\u043d\u044b\u0439 \u0438\u0441\u043f\u0430\u043d\u0441\u043a\u0438\u0439 \u043f\u0440\u043e\u0438\u0437\u0432\u043e\u0434\u0438\u0442\u0435\u043b\u044c \u0432\u044b\u0441\u043e\u043a\u043e\u043a\u0430\u0447\u0435\u0441\u0442\u0432\u0435\u043d\u043d\u044b\u0445 \u0441\u043f\u043e\u0440\u0442\u0438\u0432\u043d\u044b\u0445 \u043d\u043e\u0441\u043a\u043e\u0432, \u043a\u043e\u0442\u043e\u0440\u044b\u0435 \u043d\u0430 \u0441\u0435\u0433\u043e\u0434\u043d\u044f\u0448\u043d\u0438\u0439 \u0434\u0435\u043d\u044c \u044f\u0432\u043b\u044f\u044e\u0442\u0441\u044f \u043e\u0434\u043d\u0438\u043c\u0438 \u0438\u0437 \u0441\u0430\u043c\u044b\u0445 \u0432\u043e\u0441\u0442\u0440\u0435\u0431\u043e\u0432\u0430\u043d\u043d\u044b\u0445 \u0432 \u043c\u0438\u0440\u043e\u0432\u043e\u043c \u0440\u044b\u043d\u043a\u0435. \u0412 \u0438\u0445 \u043b\u0438\u043d\u0435\u0439\u043a\u0435 \u043d\u0430\u0439\u0434\u0443\u0442\u0441\u044f \u0442\u0440\u0435\u043a\u043a\u0438\u043d\u0433\u043e\u0432\u044b\u0435, \u0431\u0435\u0433\u043e\u0432\u044b\u0435, \u044d\u043a\u0441\u043f\u0435\u0434\u0438\u0446\u0438\u043e\u043d\u043d\u044b\u0435 \u0438 \u0433\u043e\u0440\u043d\u043e\u043b\u044b\u0436\u043d\u044b\u0435 \u043c\u043e\u0434\u0435\u043b\u0438 \u043d\u0430 \u043b\u044e\u0431\u043e\u0439 \u0432\u043a\u0443\u0441. \u0413\u043b\u0430\u0432\u043d\u0430\u044f \u0446\u0435\u043b\u044c Lorpen \u2014 \u0441\u043e\u0437\u0434\u0430\u0432\u0430\u0442\u044c \u0441\u0430\u043c\u044b\u0435 \u0442\u0435\u0445\u043d\u043e\u043b\u043e\u0433\u0438\u0447\u043d\u044b\u0435 \u043d\u043e\u0441\u043a\u0438 \u0432 \u043c\u0438\u0440\u0435. \u0421\u0442\u043e\u0438\u0442 \u0442\u043e\u043b\u044c\u043a\u043e \u043f\u043e\u043f\u0440\u043e\u0431\u043e\u0432\u0430\u0442\u044c \u0442\u0435\u0440\u043c\u043e\u043d\u043e\u0441\u043a\u0438 Lorpen, \u043a\u043e\u0442\u043e\u0440\u044b\u0435 \u00ab\u0440\u0430\u0431\u043e\u0442\u0430\u044e\u0442\u00bb \u0432\u0435\u0441\u044c \u0434\u0435\u043d\u044c \u0434\u0430\u0436\u0435 \u0432\u043e [&hellip;]","og_url":"https:\/\/xstyle.md\/ro\/produs\/noski-lorpen-ttlh-black\/","og_site_name":"\u041c\u0430\u0433\u0430\u0437\u0438\u043d Xstyle","article_publisher":"https:\/\/www.facebook.com\/xstylemd","article_modified_time":"2026-03-23T09:19:28+00:00","og_image":[{"width":1200,"height":1200,"url":"https:\/\/xstyle.md\/wp-content\/uploads\/2025\/11\/lorpen-ttlh-black.webp","type":"image\/webp"}],"twitter_card":"summary_large_image","twitter_misc":{"Pre\u021b":"330&nbsp;MDL","Disponibilitate":"\u00cen stoc"},"schema":{"@context":"https:\/\/schema.org","@graph":[{"@type":"WebPage","@id":"https:\/\/xstyle.md\/product\/noski-lorpen-ttlh-black\/","url":"https:\/\/xstyle.md\/product\/noski-lorpen-ttlh-black\/","name":"\u041d\u043e\u0441\u043a\u0438 Lorpen TTLH black - \u041c\u0430\u0433\u0430\u0437\u0438\u043d Xstyle","isPartOf":{"@id":"https:\/\/xstyle.md\/#website"},"primaryImageOfPage":{"@id":"https:\/\/xstyle.md\/product\/noski-lorpen-ttlh-black\/#primaryimage"},"image":{"@id":"https:\/\/xstyle.md\/product\/noski-lorpen-ttlh-black\/#primaryimage"},"thumbnailUrl":"https:\/\/xstyle.md\/wp-content\/uploads\/2025\/11\/lorpen-ttlh-black.webp","datePublished":"2025-11-19T14:21:27+00:00","dateModified":"2026-03-23T09:19:28+00:00","breadcrumb":{"@id":"https:\/\/xstyle.md\/product\/noski-lorpen-ttlh-black\/#breadcrumb"},"inLanguage":"ro-RO","potentialAction":[{"@type":"ReadAction","target":["https:\/\/xstyle.md\/product\/noski-lorpen-ttlh-black\/"]}]},{"@type":"ImageObject","inLanguage":"ro-RO","@id":"https:\/\/xstyle.md\/product\/noski-lorpen-ttlh-black\/#primaryimage","url":"https:\/\/xstyle.md\/wp-content\/uploads\/2025\/11\/lorpen-ttlh-black.webp","contentUrl":"https:\/\/xstyle.md\/wp-content\/uploads\/2025\/11\/lorpen-ttlh-black.webp","width":1200,"height":1200,"caption":"\u0427\u0435\u0440\u043d\u044b\u0435 \u043d\u043e\u0441\u043a\u0438 Lorpen TTLH \u0434\u043b\u044f \u0430\u043a\u0442\u0438\u0432\u043d\u043e\u0433\u043e \u043e\u0442\u0434\u044b\u0445\u0430, \u0442\u0443\u0440\u0438\u0437\u043c\u0430, \u0430\u043b\u044c\u043f\u0438\u043d\u0438\u0437\u043c\u0430 \u0438 \u043f\u0443\u0442\u0435\u0448\u0435\u0441\u0442\u0432\u0438\u0439 \u0434\u043b\u044f \u043e\u043d\u043b\u0430\u0439\u043d \u043c\u0430\u0433\u0430\u0437\u0438\u043d\u0430 \u0441\u043f\u043e\u0440\u0442\u0438\u0432\u043d\u043e\u0439 \u043e\u0434\u0435\u0436\u0434\u044b \u0438 \u043e\u0431\u0443\u0432\u0438"},{"@type":"BreadcrumbList","@id":"https:\/\/xstyle.md\/product\/noski-lorpen-ttlh-black\/#breadcrumb","itemListElement":[{"@type":"ListItem","position":1,"name":"\u0413\u043b\u0430\u0432\u043d\u0430\u044f \u0441\u0442\u0440\u0430\u043d\u0438\u0446\u0430","item":"https:\/\/xstyle.md\/"},{"@type":"ListItem","position":2,"name":"\u041c\u0430\u0433\u0430\u0437\u0438\u043d","item":"https:\/\/xstyle.md\/shop\/"},{"@type":"ListItem","position":3,"name":"\u041d\u043e\u0441\u043a\u0438 Lorpen TTLH black"}]},{"@type":"WebSite","@id":"https:\/\/xstyle.md\/#website","url":"https:\/\/xstyle.md\/","name":"Magazinul X-Style","description":"Echipamente pentru turism \u0219i sporturi extreme \u00een Moldova. Pre\u021buri, fotografii, caracteristici \u00een Moldova.","publisher":{"@id":"https:\/\/xstyle.md\/#organization"},"alternateName":"X-Style","potentialAction":[{"@type":"SearchAction","target":{"@type":"EntryPoint","urlTemplate":"https:\/\/xstyle.md\/?s={search_term_string}"},"query-input":{"@type":"PropertyValueSpecification","valueRequired":true,"valueName":"search_term_string"}}],"inLanguage":"ro-RO"},{"@type":"Organization","@id":"https:\/\/xstyle.md\/#organization","name":"Magazinul X-Style","alternateName":"x-style","url":"https:\/\/xstyle.md\/","logo":{"@type":"ImageObject","inLanguage":"ro-RO","@id":"https:\/\/xstyle.md\/#\/schema\/logo\/image\/","url":"https:\/\/xstyle.md\/wp-content\/uploads\/2020\/06\/logoicon.svg","contentUrl":"https:\/\/xstyle.md\/wp-content\/uploads\/2020\/06\/logoicon.svg","caption":"\u041c\u0430\u0433\u0430\u0437\u0438\u043d Xstyle"},"image":{"@id":"https:\/\/xstyle.md\/#\/schema\/logo\/image\/"},"sameAs":["https:\/\/www.facebook.com\/xstylemd","https:\/\/www.instagram.com\/xstyle_md\/","https:\/\/t.me\/xstyle_outdoor"],"hasMerchantReturnPolicy":{"@type":"MerchantReturnPolicy","merchantReturnLink":"https:\/\/xstyle.md\/ro\/conditions\/"}}]},"product_price_amount":"330.00","product_price_currency":"MDL","og_availability":"instock","product_availability":"instock","product_retailer_item_id":"8447107471968","product_condition":"new"},"_links":{"self":[{"href":"https:\/\/xstyle.md\/ro\/wp-json\/wp\/v2\/product\/97718","targetHints":{"allow":["GET"]}}],"collection":[{"href":"https:\/\/xstyle.md\/ro\/wp-json\/wp\/v2\/product"}],"about":[{"href":"https:\/\/xstyle.md\/ro\/wp-json\/wp\/v2\/types\/product"}],"replies":[{"embeddable":true,"href":"https:\/\/xstyle.md\/ro\/wp-json\/wp\/v2\/comments?post=97718"}],"wp:featuredmedia":[{"embeddable":true,"href":"https:\/\/xstyle.md\/ro\/wp-json\/wp\/v2\/media\/103964"}],"wp:attachment":[{"href":"https:\/\/xstyle.md\/ro\/wp-json\/wp\/v2\/media?parent=97718"}],"wp:term":[{"taxonomy":"product_brand","embeddable":true,"href":"https:\/\/xstyle.md\/ro\/wp-json\/wp\/v2\/product_brand?post=97718"},{"taxonomy":"product_cat","embeddable":true,"href":"https:\/\/xstyle.md\/ro\/wp-json\/wp\/v2\/product_cat?post=97718"},{"taxonomy":"product_tag","embeddable":true,"href":"https:\/\/xstyle.md\/ro\/wp-json\/wp\/v2\/product_tag?post=97718"}],"curies":[{"name":"wp","href":"https:\/\/api.w.org\/{rel}","templated":true}]}}