{"id":97691,"date":"2025-11-19T17:21:19","date_gmt":"2025-11-19T14:21:19","guid":{"rendered":"https:\/\/xstyle.md\/?post_type=product&#038;p=97691"},"modified":"2026-03-20T12:02:05","modified_gmt":"2026-03-20T09:02:05","slug":"noski-lorpen-mlwsc-beige","status":"publish","type":"product","link":"https:\/\/xstyle.md\/ro\/produs\/noski-lorpen-mlwsc-beige\/","title":{"rendered":"\u0218osete Lorpen MLWSC beige"},"content":{"rendered":"<\/p>\n<p><strong>Lorpen MLWSC beige<\/strong> &#8212; \u0219osete stilate \u0219i func\u021bionale pentru utilizarea zilnic\u0103. Modelul combin\u0103 designul clasic cu dungi \u0219i tehnologiile avansate ale brandului spaniol, asigur\u00e2nd confortul picioarelor pe parcursul \u00eentregii zile, fie c\u0103 este vorba de o plimbare prin ora\u0219 sau de timpul petrecut la birou.<\/p>\n<h3>Particularit\u0103\u021bi<\/h3>\n<ul>\n<li>Fabricate folosind materiale reciclate, reduc\u00e2nd impactul asupra mediului \u00eenconjur\u0103tor<\/li>\n<li>Datorit\u0103 adaosului de elastan, \u0219osetele se muleaz\u0103 perfect pe picior, nu alunec\u0103 \u0219i nu fac cute<\/li>\n<li>L\u00e2na natural\u0103 din compozi\u021bie men\u021bine o temperatur\u0103 confortabil\u0103 \u0219i previne supra\u00eenc\u0103lzirea<\/li>\n<li>Materialul este pl\u0103cut la atingere \u0219i nu provoac\u0103 irita\u021bii chiar \u0219i la o purtare \u00eendelungat\u0103<\/li>\n<\/ul>\n<h3>Caracteristici<\/h3>\n<ul>\n<li>Compozi\u021bie &#8212; 55% Recover Wool (l\u00e2n\u0103 reciclat\u0103), 17% Stretch Nylon cu Lycra, 18% Polyester Recover, 10% Red-Cycled Nylon<\/li>\n<li>\u00cen\u0103l\u021bime &#8212; medie, p\u00e2n\u0103 la jum\u0103tatea gambei<\/li>\n<li>Sezon &#8212; Toamn\u0103 \/ Iarn\u0103 \/ Prim\u0103var\u0103<\/li>\n<li>Gen &#8212; Unisex<\/li>\n<\/ul>\n<h3>Tehnologii<\/h3>\n<ul>\n<li><strong>T2 Technology<\/strong> &#8212; construc\u021bie \u00een dou\u0103 straturi, unde stratul interior ofer\u0103 confort \u0219i elimin\u0103 umiditatea, iar cel exterior garanteaz\u0103 durabilitatea.<\/li>\n<li><strong>Recover Wool<\/strong> &#8212; tehnologie de utilizare a l\u00e2nii reciclate, care p\u0103streaz\u0103 toate propriet\u0103\u021bile fibrei naturale (c\u0103ldur\u0103, protec\u021bie antibacterian\u0103), fiind \u00een acela\u0219i timp ecologic\u0103.<\/li>\n<li><strong>Lycra (laicra)<\/strong> sau elastan \u2013 fibre sintetice care se remarc\u0103 prin elasticitatea lor excep\u021bional\u0103 \u0219i capacitatea de a-\u0219i rec\u0103p\u0103ta forma ini\u021bial\u0103. Con\u021binutul de Lycra \u00een \u0219osetele Lorpen este, de regul\u0103, \u00eentre 5% \u0219i 10%. Datorit\u0103 acestui fapt, \u0219osetele se muleaz\u0103 perfect pe picior \u0219i nu alunec\u0103.<\/li>\n<\/ul>\n<p><\/p>\n<h3>Marca<\/h3>\n<p>Lorpen - este un produc\u0103tor spaniol renumit de \u0219osete sportive de \u00eenalt\u0103 calitate, care \u00een prezent se num\u0103r\u0103 printre cele mai solicitate produse de pe pia\u021ba mondial\u0103. Gama lor de produse include modele pentru trekking, alergare, expedi\u021bii \u0219i schi, adaptate pentru toate preferin\u021bele.<\/p>\n<p>Scopul principal al Lorpen este de a crea cele mai tehnologice \u0219osete din lume. Este suficient s\u0103 \u00eencerca\u021bi o singur\u0103 dat\u0103 \u0219osetele termice Lorpen, care \u201elucreaz\u0103\u201d pe parcursul \u00eentregii zile, chiar \u0219i \u00een timpul efortului intens, ajut\u00e2nd la reglarea nivelului de c\u0103ldur\u0103 \u0219i umiditate al picioarelor, \u0219i nu ve\u021bi mai dori niciodat\u0103 s\u0103 purta\u021bi \u0219osete obi\u0219nuite din bumbac.<\/p>","protected":false},"excerpt":{"rendered":"<p>\u0411\u0440\u0435\u043d\u0434 Lorpen \u2014 \u0438\u0437\u0432\u0435\u0441\u0442\u043d\u044b\u0439 \u0438\u0441\u043f\u0430\u043d\u0441\u043a\u0438\u0439 \u043f\u0440\u043e\u0438\u0437\u0432\u043e\u0434\u0438\u0442\u0435\u043b\u044c \u0432\u044b\u0441\u043e\u043a\u043e\u043a\u0430\u0447\u0435\u0441\u0442\u0432\u0435\u043d\u043d\u044b\u0445 \u0441\u043f\u043e\u0440\u0442\u0438\u0432\u043d\u044b\u0445 \u043d\u043e\u0441\u043a\u043e\u0432, \u043a\u043e\u0442\u043e\u0440\u044b\u0435 \u043d\u0430 \u0441\u0435\u0433\u043e\u0434\u043d\u044f\u0448\u043d\u0438\u0439 \u0434\u0435\u043d\u044c \u044f\u0432\u043b\u044f\u044e\u0442\u0441\u044f \u043e\u0434\u043d\u0438\u043c\u0438 \u0438\u0437 \u0441\u0430\u043c\u044b\u0445 \u0432\u043e\u0441\u0442\u0440\u0435\u0431\u043e\u0432\u0430\u043d\u043d\u044b\u0445 \u0432 \u043c\u0438\u0440\u043e\u0432\u043e\u043c \u0440\u044b\u043d\u043a\u0435. \u0412 \u0438\u0445 \u043b\u0438\u043d\u0435\u0439\u043a\u0435 \u043d\u0430\u0439\u0434\u0443\u0442\u0441\u044f \u0442\u0440\u0435\u043a\u043a\u0438\u043d\u0433\u043e\u0432\u044b\u0435, \u0431\u0435\u0433\u043e\u0432\u044b\u0435, \u044d\u043a\u0441\u043f\u0435\u0434\u0438\u0446\u0438\u043e\u043d\u043d\u044b\u0435 \u0438 \u0433\u043e\u0440\u043d\u043e\u043b\u044b\u0436\u043d\u044b\u0435 \u043c\u043e\u0434\u0435\u043b\u0438 \u043d\u0430 \u043b\u044e\u0431\u043e\u0439 \u0432\u043a\u0443\u0441. \u0413\u043b\u0430\u0432\u043d\u0430\u044f \u0446\u0435\u043b\u044c Lorpen \u2014 \u0441\u043e\u0437\u0434\u0430\u0432\u0430\u0442\u044c \u0441\u0430\u043c\u044b\u0435 \u0442\u0435\u0445\u043d\u043e\u043b\u043e\u0433\u0438\u0447\u043d\u044b\u0435 \u043d\u043e\u0441\u043a\u0438 \u0432 \u043c\u0438\u0440\u0435. \u0421\u0442\u043e\u0438\u0442 \u0442\u043e\u043b\u044c\u043a\u043e \u043f\u043e\u043f\u0440\u043e\u0431\u043e\u0432\u0430\u0442\u044c \u0442\u0435\u0440\u043c\u043e\u043d\u043e\u0441\u043a\u0438 Lorpen, \u043a\u043e\u0442\u043e\u0440\u044b\u0435 \u00ab\u0440\u0430\u0431\u043e\u0442\u0430\u044e\u0442\u00bb \u0432\u0435\u0441\u044c \u0434\u0435\u043d\u044c \u0434\u0430\u0436\u0435 \u0432\u043e [&hellip;]<\/p>\n","protected":false},"featured_media":103893,"comment_status":"open","ping_status":"closed","template":"","meta":{"_acf_changed":false,"inline_featured_image":false},"product_brand":[1293],"product_cat":[228],"product_tag":[],"class_list":{"0":"post-97691","1":"product","2":"type-product","3":"status-publish","4":"has-post-thumbnail","6":"product_brand-lorpen","7":"product_cat-trekking-hiking-liners","9":"first","10":"instock","11":"shipping-taxable","12":"purchasable","13":"product-type-simple"},"acf":[],"yoast_head":"<!-- This site is optimized with the Yoast SEO plugin v27.4 - https:\/\/yoast.com\/product\/yoast-seo-wordpress\/ -->\n<title>\u041d\u043e\u0441\u043a\u0438 Lorpen MLWSC beige - \u041c\u0430\u0433\u0430\u0437\u0438\u043d Xstyle<\/title>\n<meta name=\"robots\" content=\"index, follow, max-snippet:-1, max-image-preview:large, max-video-preview:-1\" \/>\n<link rel=\"canonical\" href=\"https:\/\/xstyle.md\/ro\/produs\/noski-lorpen-mlwsc-beige\/\" \/>\n<meta property=\"og:locale\" content=\"ro_RO\" \/>\n<meta property=\"og:type\" content=\"article\" \/>\n<meta property=\"og:title\" content=\"\u041d\u043e\u0441\u043a\u0438 Lorpen MLWSC beige - \u041c\u0430\u0433\u0430\u0437\u0438\u043d Xstyle\" \/>\n<meta property=\"og:description\" content=\"\u0411\u0440\u0435\u043d\u0434 Lorpen \u2014 \u0438\u0437\u0432\u0435\u0441\u0442\u043d\u044b\u0439 \u0438\u0441\u043f\u0430\u043d\u0441\u043a\u0438\u0439 \u043f\u0440\u043e\u0438\u0437\u0432\u043e\u0434\u0438\u0442\u0435\u043b\u044c \u0432\u044b\u0441\u043e\u043a\u043e\u043a\u0430\u0447\u0435\u0441\u0442\u0432\u0435\u043d\u043d\u044b\u0445 \u0441\u043f\u043e\u0440\u0442\u0438\u0432\u043d\u044b\u0445 \u043d\u043e\u0441\u043a\u043e\u0432, \u043a\u043e\u0442\u043e\u0440\u044b\u0435 \u043d\u0430 \u0441\u0435\u0433\u043e\u0434\u043d\u044f\u0448\u043d\u0438\u0439 \u0434\u0435\u043d\u044c \u044f\u0432\u043b\u044f\u044e\u0442\u0441\u044f \u043e\u0434\u043d\u0438\u043c\u0438 \u0438\u0437 \u0441\u0430\u043c\u044b\u0445 \u0432\u043e\u0441\u0442\u0440\u0435\u0431\u043e\u0432\u0430\u043d\u043d\u044b\u0445 \u0432 \u043c\u0438\u0440\u043e\u0432\u043e\u043c \u0440\u044b\u043d\u043a\u0435. \u0412 \u0438\u0445 \u043b\u0438\u043d\u0435\u0439\u043a\u0435 \u043d\u0430\u0439\u0434\u0443\u0442\u0441\u044f \u0442\u0440\u0435\u043a\u043a\u0438\u043d\u0433\u043e\u0432\u044b\u0435, \u0431\u0435\u0433\u043e\u0432\u044b\u0435, \u044d\u043a\u0441\u043f\u0435\u0434\u0438\u0446\u0438\u043e\u043d\u043d\u044b\u0435 \u0438 \u0433\u043e\u0440\u043d\u043e\u043b\u044b\u0436\u043d\u044b\u0435 \u043c\u043e\u0434\u0435\u043b\u0438 \u043d\u0430 \u043b\u044e\u0431\u043e\u0439 \u0432\u043a\u0443\u0441. \u0413\u043b\u0430\u0432\u043d\u0430\u044f \u0446\u0435\u043b\u044c Lorpen \u2014 \u0441\u043e\u0437\u0434\u0430\u0432\u0430\u0442\u044c \u0441\u0430\u043c\u044b\u0435 \u0442\u0435\u0445\u043d\u043e\u043b\u043e\u0433\u0438\u0447\u043d\u044b\u0435 \u043d\u043e\u0441\u043a\u0438 \u0432 \u043c\u0438\u0440\u0435. \u0421\u0442\u043e\u0438\u0442 \u0442\u043e\u043b\u044c\u043a\u043e \u043f\u043e\u043f\u0440\u043e\u0431\u043e\u0432\u0430\u0442\u044c \u0442\u0435\u0440\u043c\u043e\u043d\u043e\u0441\u043a\u0438 Lorpen, \u043a\u043e\u0442\u043e\u0440\u044b\u0435 \u00ab\u0440\u0430\u0431\u043e\u0442\u0430\u044e\u0442\u00bb \u0432\u0435\u0441\u044c \u0434\u0435\u043d\u044c \u0434\u0430\u0436\u0435 \u0432\u043e [&hellip;]\" \/>\n<meta property=\"og:url\" content=\"https:\/\/xstyle.md\/ro\/produs\/noski-lorpen-mlwsc-beige\/\" \/>\n<meta property=\"og:site_name\" content=\"\u041c\u0430\u0433\u0430\u0437\u0438\u043d Xstyle\" \/>\n<meta property=\"article:publisher\" content=\"https:\/\/www.facebook.com\/xstylemd\" \/>\n<meta property=\"article:modified_time\" content=\"2026-03-20T09:02:05+00:00\" \/>\n<meta property=\"og:image\" content=\"https:\/\/xstyle.md\/wp-content\/uploads\/2025\/11\/lorpen-mlwsc-beige.webp\" \/>\n\t<meta property=\"og:image:width\" content=\"1200\" \/>\n\t<meta property=\"og:image:height\" content=\"1200\" \/>\n\t<meta property=\"og:image:type\" content=\"image\/webp\" \/>\n<meta name=\"twitter:card\" content=\"summary_large_image\" \/>\n<meta name=\"twitter:label1\" content=\"Pre\u021b\" \/>\n\t<meta name=\"twitter:data1\" content=\"225&nbsp;MDL\" \/>\n\t<meta name=\"twitter:label2\" content=\"Disponibilitate\" \/>\n\t<meta name=\"twitter:data2\" content=\"\u00cen stoc\" \/>\n<script type=\"application\/ld+json\" class=\"yoast-schema-graph\">{\"@context\":\"https:\\\/\\\/schema.org\",\"@graph\":[{\"@type\":\"WebPage\",\"@id\":\"https:\\\/\\\/xstyle.md\\\/product\\\/noski-lorpen-mlwsc-beige\\\/\",\"url\":\"https:\\\/\\\/xstyle.md\\\/product\\\/noski-lorpen-mlwsc-beige\\\/\",\"name\":\"\u041d\u043e\u0441\u043a\u0438 Lorpen MLWSC beige - \u041c\u0430\u0433\u0430\u0437\u0438\u043d Xstyle\",\"isPartOf\":{\"@id\":\"https:\\\/\\\/xstyle.md\\\/#website\"},\"primaryImageOfPage\":{\"@id\":\"https:\\\/\\\/xstyle.md\\\/product\\\/noski-lorpen-mlwsc-beige\\\/#primaryimage\"},\"image\":{\"@id\":\"https:\\\/\\\/xstyle.md\\\/product\\\/noski-lorpen-mlwsc-beige\\\/#primaryimage\"},\"thumbnailUrl\":\"https:\\\/\\\/xstyle.md\\\/wp-content\\\/uploads\\\/2025\\\/11\\\/lorpen-mlwsc-beige.webp\",\"datePublished\":\"2025-11-19T14:21:19+00:00\",\"dateModified\":\"2026-03-20T09:02:05+00:00\",\"breadcrumb\":{\"@id\":\"https:\\\/\\\/xstyle.md\\\/product\\\/noski-lorpen-mlwsc-beige\\\/#breadcrumb\"},\"inLanguage\":\"ro-RO\",\"potentialAction\":[{\"@type\":\"ReadAction\",\"target\":[\"https:\\\/\\\/xstyle.md\\\/product\\\/noski-lorpen-mlwsc-beige\\\/\"]}]},{\"@type\":\"ImageObject\",\"inLanguage\":\"ro-RO\",\"@id\":\"https:\\\/\\\/xstyle.md\\\/product\\\/noski-lorpen-mlwsc-beige\\\/#primaryimage\",\"url\":\"https:\\\/\\\/xstyle.md\\\/wp-content\\\/uploads\\\/2025\\\/11\\\/lorpen-mlwsc-beige.webp\",\"contentUrl\":\"https:\\\/\\\/xstyle.md\\\/wp-content\\\/uploads\\\/2025\\\/11\\\/lorpen-mlwsc-beige.webp\",\"width\":1200,\"height\":1200,\"caption\":\"\u0411\u0435\u0436\u0435\u0432\u044b\u0435 \u043d\u043e\u0441\u043a\u0438 Lorpen MLWSC \u0434\u043b\u044f \u0430\u043a\u0442\u0438\u0432\u043d\u043e\u0433\u043e \u043e\u0442\u0434\u044b\u0445\u0430, \u0442\u0443\u0440\u0438\u0437\u043c\u0430 \u0438 \u0430\u043b\u044c\u043f\u0438\u043d\u0438\u0437\u043c\u0430 \u043d\u0430 \u0441\u0430\u0439\u0442\u0435 \u043c\u0430\u0433\u0430\u0437\u0438\u043d\u0430 \u0442\u043e\u0432\u0430\u0440\u043e\u0432 \u0434\u043b\u044f \u0430\u043a\u0442\u0438\u0432\u043d\u043e\u0439 \u0436\u0438\u0437\u043d\u0438\"},{\"@type\":\"BreadcrumbList\",\"@id\":\"https:\\\/\\\/xstyle.md\\\/product\\\/noski-lorpen-mlwsc-beige\\\/#breadcrumb\",\"itemListElement\":[{\"@type\":\"ListItem\",\"position\":1,\"name\":\"\u0413\u043b\u0430\u0432\u043d\u0430\u044f \u0441\u0442\u0440\u0430\u043d\u0438\u0446\u0430\",\"item\":\"https:\\\/\\\/xstyle.md\\\/\"},{\"@type\":\"ListItem\",\"position\":2,\"name\":\"\u041c\u0430\u0433\u0430\u0437\u0438\u043d\",\"item\":\"https:\\\/\\\/xstyle.md\\\/shop\\\/\"},{\"@type\":\"ListItem\",\"position\":3,\"name\":\"\u041d\u043e\u0441\u043a\u0438 Lorpen MLWSC beige\"}]},{\"@type\":\"WebSite\",\"@id\":\"https:\\\/\\\/xstyle.md\\\/#website\",\"url\":\"https:\\\/\\\/xstyle.md\\\/\",\"name\":\"\u041c\u0430\u0433\u0430\u0437\u0438\u043d Xstyle\",\"description\":\"C\u043d\u0430\u0440\u044f\u0436\u0435\u043d\u0438\u0435 \u0434\u043b\u044f \u0442\u0443\u0440\u0438\u0437\u043c\u0430 \u0438 \u044d\u043a\u0441\u0442\u0440\u0435\u043c\u0430\u043b\u044c\u043d\u044b\u0445 \u0432\u0438\u0434\u043e\u0432 \u0441\u043f\u043e\u0440\u0442\u0430 \u0432 \u041c\u043e\u043b\u0434\u043e\u0432\u0435.. \u0426\u0435\u043d\u044b, \u0444\u043e\u0442\u043e, \u0445\u0430\u0440\u0430\u043a\u0442\u0435\u0440\u0438\u0441\u0442\u0438\u043a\u0438 \u0432 \u041c\u043e\u043b\u0434\u043e\u0432\u0435.\",\"publisher\":{\"@id\":\"https:\\\/\\\/xstyle.md\\\/#organization\"},\"alternateName\":\"X-Style\",\"potentialAction\":[{\"@type\":\"SearchAction\",\"target\":{\"@type\":\"EntryPoint\",\"urlTemplate\":\"https:\\\/\\\/xstyle.md\\\/?s={search_term_string}\"},\"query-input\":{\"@type\":\"PropertyValueSpecification\",\"valueRequired\":true,\"valueName\":\"search_term_string\"}}],\"inLanguage\":\"ro-RO\"},{\"@type\":\"Organization\",\"@id\":\"https:\\\/\\\/xstyle.md\\\/#organization\",\"name\":\"\u041c\u0430\u0433\u0430\u0437\u0438\u043d Xstyle\",\"alternateName\":\"x-style\",\"url\":\"https:\\\/\\\/xstyle.md\\\/\",\"logo\":{\"@type\":\"ImageObject\",\"inLanguage\":\"ro-RO\",\"@id\":\"https:\\\/\\\/xstyle.md\\\/#\\\/schema\\\/logo\\\/image\\\/\",\"url\":\"https:\\\/\\\/xstyle.md\\\/wp-content\\\/uploads\\\/2020\\\/06\\\/logoicon.svg\",\"contentUrl\":\"https:\\\/\\\/xstyle.md\\\/wp-content\\\/uploads\\\/2020\\\/06\\\/logoicon.svg\",\"caption\":\"\u041c\u0430\u0433\u0430\u0437\u0438\u043d Xstyle\"},\"image\":{\"@id\":\"https:\\\/\\\/xstyle.md\\\/#\\\/schema\\\/logo\\\/image\\\/\"},\"sameAs\":[\"https:\\\/\\\/www.facebook.com\\\/xstylemd\",\"https:\\\/\\\/www.instagram.com\\\/xstyle_md\\\/\",\"https:\\\/\\\/t.me\\\/xstyle_outdoor\"],\"hasMerchantReturnPolicy\":{\"@type\":\"MerchantReturnPolicy\",\"merchantReturnLink\":\"https:\\\/\\\/xstyle.md\\\/ro\\\/conditions\\\/\"}}]}<\/script>\n<meta property=\"product:price:amount\" content=\"225.00\" \/>\n<meta property=\"product:price:currency\" content=\"MDL\" \/>\n<meta property=\"og:availability\" content=\"instock\" \/>\n<meta property=\"product:availability\" content=\"instock\" \/>\n<meta property=\"product:retailer_item_id\" content=\"8447107472613\" \/>\n<meta property=\"product:condition\" content=\"new\" \/>\n<!-- \/ Yoast SEO plugin. -->","yoast_head_json":{"title":"\u041d\u043e\u0441\u043a\u0438 Lorpen MLWSC beige - \u041c\u0430\u0433\u0430\u0437\u0438\u043d Xstyle","robots":{"index":"index","follow":"follow","max-snippet":"max-snippet:-1","max-image-preview":"max-image-preview:large","max-video-preview":"max-video-preview:-1"},"canonical":"https:\/\/xstyle.md\/ro\/produs\/noski-lorpen-mlwsc-beige\/","og_locale":"ro_RO","og_type":"article","og_title":"\u041d\u043e\u0441\u043a\u0438 Lorpen MLWSC beige - \u041c\u0430\u0433\u0430\u0437\u0438\u043d Xstyle","og_description":"\u0411\u0440\u0435\u043d\u0434 Lorpen \u2014 \u0438\u0437\u0432\u0435\u0441\u0442\u043d\u044b\u0439 \u0438\u0441\u043f\u0430\u043d\u0441\u043a\u0438\u0439 \u043f\u0440\u043e\u0438\u0437\u0432\u043e\u0434\u0438\u0442\u0435\u043b\u044c \u0432\u044b\u0441\u043e\u043a\u043e\u043a\u0430\u0447\u0435\u0441\u0442\u0432\u0435\u043d\u043d\u044b\u0445 \u0441\u043f\u043e\u0440\u0442\u0438\u0432\u043d\u044b\u0445 \u043d\u043e\u0441\u043a\u043e\u0432, \u043a\u043e\u0442\u043e\u0440\u044b\u0435 \u043d\u0430 \u0441\u0435\u0433\u043e\u0434\u043d\u044f\u0448\u043d\u0438\u0439 \u0434\u0435\u043d\u044c \u044f\u0432\u043b\u044f\u044e\u0442\u0441\u044f \u043e\u0434\u043d\u0438\u043c\u0438 \u0438\u0437 \u0441\u0430\u043c\u044b\u0445 \u0432\u043e\u0441\u0442\u0440\u0435\u0431\u043e\u0432\u0430\u043d\u043d\u044b\u0445 \u0432 \u043c\u0438\u0440\u043e\u0432\u043e\u043c \u0440\u044b\u043d\u043a\u0435. \u0412 \u0438\u0445 \u043b\u0438\u043d\u0435\u0439\u043a\u0435 \u043d\u0430\u0439\u0434\u0443\u0442\u0441\u044f \u0442\u0440\u0435\u043a\u043a\u0438\u043d\u0433\u043e\u0432\u044b\u0435, \u0431\u0435\u0433\u043e\u0432\u044b\u0435, \u044d\u043a\u0441\u043f\u0435\u0434\u0438\u0446\u0438\u043e\u043d\u043d\u044b\u0435 \u0438 \u0433\u043e\u0440\u043d\u043e\u043b\u044b\u0436\u043d\u044b\u0435 \u043c\u043e\u0434\u0435\u043b\u0438 \u043d\u0430 \u043b\u044e\u0431\u043e\u0439 \u0432\u043a\u0443\u0441. \u0413\u043b\u0430\u0432\u043d\u0430\u044f \u0446\u0435\u043b\u044c Lorpen \u2014 \u0441\u043e\u0437\u0434\u0430\u0432\u0430\u0442\u044c \u0441\u0430\u043c\u044b\u0435 \u0442\u0435\u0445\u043d\u043e\u043b\u043e\u0433\u0438\u0447\u043d\u044b\u0435 \u043d\u043e\u0441\u043a\u0438 \u0432 \u043c\u0438\u0440\u0435. \u0421\u0442\u043e\u0438\u0442 \u0442\u043e\u043b\u044c\u043a\u043e \u043f\u043e\u043f\u0440\u043e\u0431\u043e\u0432\u0430\u0442\u044c \u0442\u0435\u0440\u043c\u043e\u043d\u043e\u0441\u043a\u0438 Lorpen, \u043a\u043e\u0442\u043e\u0440\u044b\u0435 \u00ab\u0440\u0430\u0431\u043e\u0442\u0430\u044e\u0442\u00bb \u0432\u0435\u0441\u044c \u0434\u0435\u043d\u044c \u0434\u0430\u0436\u0435 \u0432\u043e [&hellip;]","og_url":"https:\/\/xstyle.md\/ro\/produs\/noski-lorpen-mlwsc-beige\/","og_site_name":"\u041c\u0430\u0433\u0430\u0437\u0438\u043d Xstyle","article_publisher":"https:\/\/www.facebook.com\/xstylemd","article_modified_time":"2026-03-20T09:02:05+00:00","og_image":[{"width":1200,"height":1200,"url":"https:\/\/xstyle.md\/wp-content\/uploads\/2025\/11\/lorpen-mlwsc-beige.webp","type":"image\/webp"}],"twitter_card":"summary_large_image","twitter_misc":{"Pre\u021b":"225&nbsp;MDL","Disponibilitate":"\u00cen stoc"},"schema":{"@context":"https:\/\/schema.org","@graph":[{"@type":"WebPage","@id":"https:\/\/xstyle.md\/product\/noski-lorpen-mlwsc-beige\/","url":"https:\/\/xstyle.md\/product\/noski-lorpen-mlwsc-beige\/","name":"\u041d\u043e\u0441\u043a\u0438 Lorpen MLWSC beige - \u041c\u0430\u0433\u0430\u0437\u0438\u043d Xstyle","isPartOf":{"@id":"https:\/\/xstyle.md\/#website"},"primaryImageOfPage":{"@id":"https:\/\/xstyle.md\/product\/noski-lorpen-mlwsc-beige\/#primaryimage"},"image":{"@id":"https:\/\/xstyle.md\/product\/noski-lorpen-mlwsc-beige\/#primaryimage"},"thumbnailUrl":"https:\/\/xstyle.md\/wp-content\/uploads\/2025\/11\/lorpen-mlwsc-beige.webp","datePublished":"2025-11-19T14:21:19+00:00","dateModified":"2026-03-20T09:02:05+00:00","breadcrumb":{"@id":"https:\/\/xstyle.md\/product\/noski-lorpen-mlwsc-beige\/#breadcrumb"},"inLanguage":"ro-RO","potentialAction":[{"@type":"ReadAction","target":["https:\/\/xstyle.md\/product\/noski-lorpen-mlwsc-beige\/"]}]},{"@type":"ImageObject","inLanguage":"ro-RO","@id":"https:\/\/xstyle.md\/product\/noski-lorpen-mlwsc-beige\/#primaryimage","url":"https:\/\/xstyle.md\/wp-content\/uploads\/2025\/11\/lorpen-mlwsc-beige.webp","contentUrl":"https:\/\/xstyle.md\/wp-content\/uploads\/2025\/11\/lorpen-mlwsc-beige.webp","width":1200,"height":1200,"caption":"\u0411\u0435\u0436\u0435\u0432\u044b\u0435 \u043d\u043e\u0441\u043a\u0438 Lorpen MLWSC \u0434\u043b\u044f \u0430\u043a\u0442\u0438\u0432\u043d\u043e\u0433\u043e \u043e\u0442\u0434\u044b\u0445\u0430, \u0442\u0443\u0440\u0438\u0437\u043c\u0430 \u0438 \u0430\u043b\u044c\u043f\u0438\u043d\u0438\u0437\u043c\u0430 \u043d\u0430 \u0441\u0430\u0439\u0442\u0435 \u043c\u0430\u0433\u0430\u0437\u0438\u043d\u0430 \u0442\u043e\u0432\u0430\u0440\u043e\u0432 \u0434\u043b\u044f \u0430\u043a\u0442\u0438\u0432\u043d\u043e\u0439 \u0436\u0438\u0437\u043d\u0438"},{"@type":"BreadcrumbList","@id":"https:\/\/xstyle.md\/product\/noski-lorpen-mlwsc-beige\/#breadcrumb","itemListElement":[{"@type":"ListItem","position":1,"name":"\u0413\u043b\u0430\u0432\u043d\u0430\u044f \u0441\u0442\u0440\u0430\u043d\u0438\u0446\u0430","item":"https:\/\/xstyle.md\/"},{"@type":"ListItem","position":2,"name":"\u041c\u0430\u0433\u0430\u0437\u0438\u043d","item":"https:\/\/xstyle.md\/shop\/"},{"@type":"ListItem","position":3,"name":"\u041d\u043e\u0441\u043a\u0438 Lorpen MLWSC beige"}]},{"@type":"WebSite","@id":"https:\/\/xstyle.md\/#website","url":"https:\/\/xstyle.md\/","name":"Magazinul X-Style","description":"Echipamente pentru turism \u0219i sporturi extreme \u00een Moldova. Pre\u021buri, fotografii, caracteristici \u00een Moldova.","publisher":{"@id":"https:\/\/xstyle.md\/#organization"},"alternateName":"X-Style","potentialAction":[{"@type":"SearchAction","target":{"@type":"EntryPoint","urlTemplate":"https:\/\/xstyle.md\/?s={search_term_string}"},"query-input":{"@type":"PropertyValueSpecification","valueRequired":true,"valueName":"search_term_string"}}],"inLanguage":"ro-RO"},{"@type":"Organization","@id":"https:\/\/xstyle.md\/#organization","name":"Magazinul X-Style","alternateName":"x-style","url":"https:\/\/xstyle.md\/","logo":{"@type":"ImageObject","inLanguage":"ro-RO","@id":"https:\/\/xstyle.md\/#\/schema\/logo\/image\/","url":"https:\/\/xstyle.md\/wp-content\/uploads\/2020\/06\/logoicon.svg","contentUrl":"https:\/\/xstyle.md\/wp-content\/uploads\/2020\/06\/logoicon.svg","caption":"\u041c\u0430\u0433\u0430\u0437\u0438\u043d Xstyle"},"image":{"@id":"https:\/\/xstyle.md\/#\/schema\/logo\/image\/"},"sameAs":["https:\/\/www.facebook.com\/xstylemd","https:\/\/www.instagram.com\/xstyle_md\/","https:\/\/t.me\/xstyle_outdoor"],"hasMerchantReturnPolicy":{"@type":"MerchantReturnPolicy","merchantReturnLink":"https:\/\/xstyle.md\/ro\/conditions\/"}}]},"product_price_amount":"225.00","product_price_currency":"MDL","og_availability":"instock","product_availability":"instock","product_retailer_item_id":"8447107472613","product_condition":"new"},"post_mailing_queue_ids":[],"_links":{"self":[{"href":"https:\/\/xstyle.md\/ro\/wp-json\/wp\/v2\/product\/97691","targetHints":{"allow":["GET"]}}],"collection":[{"href":"https:\/\/xstyle.md\/ro\/wp-json\/wp\/v2\/product"}],"about":[{"href":"https:\/\/xstyle.md\/ro\/wp-json\/wp\/v2\/types\/product"}],"replies":[{"embeddable":true,"href":"https:\/\/xstyle.md\/ro\/wp-json\/wp\/v2\/comments?post=97691"}],"wp:featuredmedia":[{"embeddable":true,"href":"https:\/\/xstyle.md\/ro\/wp-json\/wp\/v2\/media\/103893"}],"wp:attachment":[{"href":"https:\/\/xstyle.md\/ro\/wp-json\/wp\/v2\/media?parent=97691"}],"wp:term":[{"taxonomy":"product_brand","embeddable":true,"href":"https:\/\/xstyle.md\/ro\/wp-json\/wp\/v2\/product_brand?post=97691"},{"taxonomy":"product_cat","embeddable":true,"href":"https:\/\/xstyle.md\/ro\/wp-json\/wp\/v2\/product_cat?post=97691"},{"taxonomy":"product_tag","embeddable":true,"href":"https:\/\/xstyle.md\/ro\/wp-json\/wp\/v2\/product_tag?post=97691"}],"curies":[{"name":"wp","href":"https:\/\/api.w.org\/{rel}","templated":true}]}}