{"id":97277,"date":"2025-10-23T17:36:50","date_gmt":"2025-10-23T14:36:50","guid":{"rendered":"https:\/\/xstyle.md\/?post_type=product&#038;p=97277"},"modified":"2026-02-06T12:58:33","modified_gmt":"2026-02-06T09:58:33","slug":"termos-primus-classic-light-vacuum-bottle-1-0l-summit-blue","status":"publish","type":"product","link":"https:\/\/dev.xstyle.md\/ro\/produs\/termos-primus-classic-light-vacuum-bottle-1-0l-summit-blue\/","title":{"rendered":"Termos Primus Classic Light Vacuum Bottle 1.0L Summit Blue"},"content":{"rendered":"<p><\/li>\n<\/ul>\n<p>Termos <strong>Primus Classic Light Vacuum Bottle 1.0L Summit Blue<\/strong> &#8212; acest model robust este fabricat din o\u021bel inoxidabil de \u00eenalt\u0103 calitate. Acest material este rezistent la coroziune, motiv pentru care va func\u021biona excelent \u00een condi\u021bii de exterior. Trebuie men\u021bionat c\u0103 nu con\u021bine compu\u0219i nocivi de tip BPA. Capacul ermetic permite b\u0103uturii s\u0103 r\u0103m\u00e2n\u0103 cald\u0103 pentru un timp mai \u00eendelungat.<\/p>\n<p>Modelul se caracterizeaz\u0103 printr-o greutate redus\u0103, fiind ideal pentru drume\u021bii. Capacul este perfect pentru a fi utilizat pe post de can\u0103 portabil\u0103. \u00cen plus, acest model poate fi sp\u0103lat \u00een ma\u0219ina de sp\u0103lat vase.<\/p>\n<h3>Particularit\u0103\u021bi<\/h3>\n<ul>\n<li>Model fabricat din o\u021bel inoxidabil.<\/li>\n<li>Pere\u021bi dubli pentru o izolare termic\u0103 mai bun\u0103.<\/li>\n<li>Pere\u021bi exteriori cu \u00eenveli\u0219 de tip \u201epowder coating\u201d (vopsit \u00een c\u00e2mp electrostatic).<\/li>\n<li>\u00cenchidere &#8212; dop prin \u00een\u0219urubare.<\/li>\n<li>Posibilitatea de a de\u0219uruba capacul pentru a turna b\u0103utura ca dintr-o sticl\u0103.<\/li>\n<li>Materialul nu con\u021bine compu\u0219i d\u0103un\u0103tori BPA.<\/li>\n<li>Capac conceput sub form\u0103 de can\u0103 practic\u0103.<\/li>\n<li>Greutate total\u0103 redus\u0103<\/li>\n<li>Poate fi sp\u0103lat \u00een ma\u0219ina de sp\u0103lat vase<\/li>\n<\/ul>\n<h3>Caracteristici<\/h3>\n<ul>\n<li>Diametru produs \u2013 86 mm<\/li>\n<li>\u00cen\u0103l\u021bime produs \u2013 297 mm<\/li>\n<li>Volum \u2013 1 L<\/li>\n<li>Greutate \u2013 500 g<\/li>\n<li>Material \u2013 O\u021bel inoxidabil 18\/8 (18\/8 Stainless Steel)<\/li>\n<li>Construc\u021bie \u2013 Cu pere\u021bi dubli<br \/>\n<\/li>\n<\/ul>\n<h3>Marca<\/h3>\n<p>Primus este o companie suedez\u0103 fondat\u0103 de mecanicul F.W.Lindqvist, care a inventat primul arz\u0103tor cu parafin\u0103, care nu avea fitil, iar designul sem\u0103na cu cel al unui blowtorch, f\u0103r\u0103 funingine \u0219i murd\u0103rie la utilizare. Ini\u021bial a fost conceput pentru a facilita g\u0103titul la domiciliu, dar cu timpul arz\u0103torul \u0219i-a schimbat scopul, devenind un instrument indispensabil pentru a face via\u021ba mai u\u0219oar\u0103 \u00een campingul amatorilor, \u00een taberele de baz\u0103 de alpinism \u0219i \u00een sta\u021bionarele mobile din expedi\u021biile de cercetare.<\/p>\n<p>Ast\u0103zi, legendara companie Primus produce o gam\u0103 larg\u0103 de produse pentru g\u0103tit \u0219i conservarea alimentelor: arz\u0103toare cu gaz \u0219i combustibil lichid, seturi de ustensile de g\u0103tit de c\u0103l\u0103torie, termosuri, wok-uri, butelii de gaz. Toate produsele sub sigla acestei companii sunt fiabile \u0219i durabile.<\/p>","protected":false},"excerpt":{"rendered":"<p>\u0411\u0440\u0435\u043d\u0434 Primus \u2013 \u0448\u0432\u0435\u0434\u0441\u043a\u0430\u044f \u043a\u043e\u043c\u043f\u0430\u043d\u0438\u044f, \u043e\u0441\u043d\u043e\u0432\u0430\u0442\u0435\u043b\u0435\u043c \u043a\u043e\u0442\u043e\u0440\u043e\u0433\u043e \u044f\u0432\u043b\u044f\u0435\u0442\u0441\u044f \u043c\u0435\u0445\u0430\u043d\u0438\u043a \u0424.\u0412.\u041b\u0438\u043d\u0434\u043a\u0432\u0438\u0441\u0442, \u0438\u0437\u043e\u0431\u0440\u0435\u0442\u0448\u0438\u0439 \u043f\u0435\u0440\u0432\u0443\u044e \u043a\u0435\u0440\u043e\u0441\u0438\u043d\u043e\u0432\u0443\u044e \u0433\u043e\u0440\u0435\u043b\u043a\u0443, \u0432 \u043a\u043e\u0442\u043e\u0440\u043e\u0439 \u043d\u0435 \u0431\u044b\u043b\u043e \u0444\u0438\u0442\u0438\u043b\u044f, \u0430<\/p>","protected":false},"featured_media":100745,"comment_status":"open","ping_status":"closed","template":"","meta":{"_acf_changed":false,"inline_featured_image":false},"product_brand":[1272],"product_cat":[855],"product_tag":[],"class_list":{"0":"post-97277","1":"product","2":"type-product","3":"status-publish","4":"has-post-thumbnail","6":"product_brand-primus","7":"product_cat-thermos","9":"first","10":"instock","11":"shipping-taxable","12":"purchasable","13":"product-type-simple"},"acf":[],"yoast_head":"<!-- This site is optimized with the Yoast SEO plugin v27.4 - https:\/\/yoast.com\/product\/yoast-seo-wordpress\/ -->\n<title>\u0422\u0435\u0440\u043c\u043e\u0441 Primus Classic Light Vacuum Bottle 1.0L Summit Blue - \u041c\u0430\u0433\u0430\u0437\u0438\u043d Xstyle<\/title>\n<meta name=\"robots\" content=\"noindex, follow, max-snippet:-1, max-image-preview:large, max-video-preview:-1\" \/>\n<meta property=\"og:locale\" content=\"ro_RO\" \/>\n<meta property=\"og:type\" content=\"article\" \/>\n<meta property=\"og:title\" content=\"\u0422\u0435\u0440\u043c\u043e\u0441 Primus Classic Light Vacuum Bottle 1.0L Summit Blue - \u041c\u0430\u0433\u0430\u0437\u0438\u043d Xstyle\" \/>\n<meta property=\"og:description\" content=\"\u0411\u0440\u0435\u043d\u0434 Primus \u2013 \u0448\u0432\u0435\u0434\u0441\u043a\u0430\u044f \u043a\u043e\u043c\u043f\u0430\u043d\u0438\u044f, \u043e\u0441\u043d\u043e\u0432\u0430\u0442\u0435\u043b\u0435\u043c \u043a\u043e\u0442\u043e\u0440\u043e\u0433\u043e \u044f\u0432\u043b\u044f\u0435\u0442\u0441\u044f \u043c\u0435\u0445\u0430\u043d\u0438\u043a \u0424.\u0412.\u041b\u0438\u043d\u0434\u043a\u0432\u0438\u0441\u0442, \u0438\u0437\u043e\u0431\u0440\u0435\u0442\u0448\u0438\u0439 \u043f\u0435\u0440\u0432\u0443\u044e \u043a\u0435\u0440\u043e\u0441\u0438\u043d\u043e\u0432\u0443\u044e \u0433\u043e\u0440\u0435\u043b\u043a\u0443, \u0432 \u043a\u043e\u0442\u043e\u0440\u043e\u0439 \u043d\u0435 \u0431\u044b\u043b\u043e \u0444\u0438\u0442\u0438\u043b\u044f, \u0430\" \/>\n<meta property=\"og:url\" content=\"https:\/\/dev.xstyle.md\/ro\/produs\/termos-primus-classic-light-vacuum-bottle-1-0l-summit-blue\/\" \/>\n<meta property=\"og:site_name\" content=\"\u041c\u0430\u0433\u0430\u0437\u0438\u043d Xstyle\" \/>\n<meta property=\"article:publisher\" content=\"https:\/\/www.facebook.com\/xstylemd\" \/>\n<meta property=\"article:modified_time\" content=\"2026-02-06T09:58:33+00:00\" \/>\n<meta property=\"og:image\" content=\"https:\/\/dev.xstyle.md\/wp-content\/uploads\/2025\/10\/primus-classic-light-vacuum-bottle-1.0l-summit-blue-1.webp\" \/>\n\t<meta property=\"og:image:width\" content=\"1200\" \/>\n\t<meta property=\"og:image:height\" content=\"1200\" \/>\n\t<meta property=\"og:image:type\" content=\"image\/webp\" \/>\n<meta name=\"twitter:card\" content=\"summary_large_image\" \/>\n<meta name=\"twitter:label1\" content=\"Pre\u021b\" \/>\n\t<meta name=\"twitter:data1\" content=\"690,00&nbsp;MDL\" \/>\n\t<meta name=\"twitter:label2\" content=\"Disponibilitate\" \/>\n\t<meta name=\"twitter:data2\" content=\"\u00cen stoc\" \/>\n<script type=\"application\/ld+json\" class=\"yoast-schema-graph\">{\"@context\":\"https:\\\/\\\/schema.org\",\"@graph\":[{\"@type\":\"WebPage\",\"@id\":\"https:\\\/\\\/dev.xstyle.md\\\/product\\\/termos-primus-classic-light-vacuum-bottle-1-0l-summit-blue\\\/\",\"url\":\"https:\\\/\\\/dev.xstyle.md\\\/product\\\/termos-primus-classic-light-vacuum-bottle-1-0l-summit-blue\\\/\",\"name\":\"\u0422\u0435\u0440\u043c\u043e\u0441 Primus Classic Light Vacuum Bottle 1.0L Summit Blue - \u041c\u0430\u0433\u0430\u0437\u0438\u043d Xstyle\",\"isPartOf\":{\"@id\":\"https:\\\/\\\/dev.xstyle.md\\\/#website\"},\"primaryImageOfPage\":{\"@id\":\"https:\\\/\\\/dev.xstyle.md\\\/product\\\/termos-primus-classic-light-vacuum-bottle-1-0l-summit-blue\\\/#primaryimage\"},\"image\":{\"@id\":\"https:\\\/\\\/dev.xstyle.md\\\/product\\\/termos-primus-classic-light-vacuum-bottle-1-0l-summit-blue\\\/#primaryimage\"},\"thumbnailUrl\":\"https:\\\/\\\/dev.xstyle.md\\\/wp-content\\\/uploads\\\/2025\\\/10\\\/primus-classic-light-vacuum-bottle-1.0l-summit-blue-1.webp\",\"datePublished\":\"2025-10-23T14:36:50+00:00\",\"dateModified\":\"2026-02-06T09:58:33+00:00\",\"breadcrumb\":{\"@id\":\"https:\\\/\\\/dev.xstyle.md\\\/product\\\/termos-primus-classic-light-vacuum-bottle-1-0l-summit-blue\\\/#breadcrumb\"},\"inLanguage\":\"ro-RO\",\"potentialAction\":[{\"@type\":\"ReadAction\",\"target\":[\"https:\\\/\\\/dev.xstyle.md\\\/product\\\/termos-primus-classic-light-vacuum-bottle-1-0l-summit-blue\\\/\"]}]},{\"@type\":\"ImageObject\",\"inLanguage\":\"ro-RO\",\"@id\":\"https:\\\/\\\/dev.xstyle.md\\\/product\\\/termos-primus-classic-light-vacuum-bottle-1-0l-summit-blue\\\/#primaryimage\",\"url\":\"https:\\\/\\\/dev.xstyle.md\\\/wp-content\\\/uploads\\\/2025\\\/10\\\/primus-classic-light-vacuum-bottle-1.0l-summit-blue-1.webp\",\"contentUrl\":\"https:\\\/\\\/dev.xstyle.md\\\/wp-content\\\/uploads\\\/2025\\\/10\\\/primus-classic-light-vacuum-bottle-1.0l-summit-blue-1.webp\",\"width\":1200,\"height\":1200,\"caption\":\"\u0422\u0435\u0440\u043c\u043e\u0441 Primus Classic Light \u0434\u043b\u044f \u0430\u043a\u0442\u0438\u0432\u043d\u043e\u0433\u043e \u043e\u0442\u0434\u044b\u0445\u0430, \u043f\u043e\u0445\u043e\u0434\u043e\u0432 \u0438 \u043f\u0443\u0442\u0435\u0448\u0435\u0441\u0442\u0432\u0438\u0439, \u0441\u0438\u043d\u0438\u0439 \u0446\u0432\u0435\u0442, \u043e\u0434\u0435\u0436\u0434\u0430 \u0438 \u043e\u0431\u0443\u0432\u044c \u0434\u043b\u044f \u043f\u0443\u0442\u0435\u0448\u0435\u0441\u0442\u0432\u0438\u0439 \u0438 \u0430\u043b\u044c\u043f\u0438\u043d\u0438\u0437\u043c\u0430\"},{\"@type\":\"BreadcrumbList\",\"@id\":\"https:\\\/\\\/dev.xstyle.md\\\/product\\\/termos-primus-classic-light-vacuum-bottle-1-0l-summit-blue\\\/#breadcrumb\",\"itemListElement\":[{\"@type\":\"ListItem\",\"position\":1,\"name\":\"\u0413\u043b\u0430\u0432\u043d\u0430\u044f \u0441\u0442\u0440\u0430\u043d\u0438\u0446\u0430\",\"item\":\"https:\\\/\\\/dev.xstyle.md\\\/\"},{\"@type\":\"ListItem\",\"position\":2,\"name\":\"Shop\",\"item\":\"https:\\\/\\\/dev.xstyle.md\\\/shop\\\/\"},{\"@type\":\"ListItem\",\"position\":3,\"name\":\"\u0422\u0435\u0440\u043c\u043e\u0441 Primus Classic Light Vacuum Bottle 1.0L Summit Blue\"}]},{\"@type\":\"WebSite\",\"@id\":\"https:\\\/\\\/dev.xstyle.md\\\/#website\",\"url\":\"https:\\\/\\\/dev.xstyle.md\\\/\",\"name\":\"\u041c\u0430\u0433\u0430\u0437\u0438\u043d Xstyle\",\"description\":\"C\u043d\u0430\u0440\u044f\u0436\u0435\u043d\u0438\u0435 \u0434\u043b\u044f \u0442\u0443\u0440\u0438\u0437\u043c\u0430 \u0438 \u044d\u043a\u0441\u0442\u0440\u0435\u043c\u0430\u043b\u044c\u043d\u044b\u0445 \u0432\u0438\u0434\u043e\u0432 \u0441\u043f\u043e\u0440\u0442\u0430 \u0432 \u041c\u043e\u043b\u0434\u043e\u0432\u0435.. \u0426\u0435\u043d\u044b, \u0444\u043e\u0442\u043e, \u0445\u0430\u0440\u0430\u043a\u0442\u0435\u0440\u0438\u0441\u0442\u0438\u043a\u0438 \u0432 \u041c\u043e\u043b\u0434\u043e\u0432\u0435.\",\"publisher\":{\"@id\":\"https:\\\/\\\/dev.xstyle.md\\\/#organization\"},\"alternateName\":\"X-Style\",\"potentialAction\":[{\"@type\":\"SearchAction\",\"target\":{\"@type\":\"EntryPoint\",\"urlTemplate\":\"https:\\\/\\\/dev.xstyle.md\\\/?s={search_term_string}\"},\"query-input\":{\"@type\":\"PropertyValueSpecification\",\"valueRequired\":true,\"valueName\":\"search_term_string\"}}],\"inLanguage\":\"ro-RO\"},{\"@type\":\"Organization\",\"@id\":\"https:\\\/\\\/dev.xstyle.md\\\/#organization\",\"name\":\"\u041c\u0430\u0433\u0430\u0437\u0438\u043d Xstyle\",\"alternateName\":\"x-style\",\"url\":\"https:\\\/\\\/dev.xstyle.md\\\/\",\"logo\":{\"@type\":\"ImageObject\",\"inLanguage\":\"ro-RO\",\"@id\":\"https:\\\/\\\/dev.xstyle.md\\\/#\\\/schema\\\/logo\\\/image\\\/\",\"url\":\"https:\\\/\\\/dev.xstyle.md\\\/wp-content\\\/uploads\\\/2020\\\/06\\\/logoicon.svg\",\"contentUrl\":\"https:\\\/\\\/dev.xstyle.md\\\/wp-content\\\/uploads\\\/2020\\\/06\\\/logoicon.svg\",\"caption\":\"\u041c\u0430\u0433\u0430\u0437\u0438\u043d Xstyle\"},\"image\":{\"@id\":\"https:\\\/\\\/dev.xstyle.md\\\/#\\\/schema\\\/logo\\\/image\\\/\"},\"sameAs\":[\"https:\\\/\\\/www.facebook.com\\\/xstylemd\",\"https:\\\/\\\/www.instagram.com\\\/xstyle_md\\\/\",\"https:\\\/\\\/t.me\\\/xstyle_outdoor\"],\"hasMerchantReturnPolicy\":{\"@type\":\"MerchantReturnPolicy\",\"merchantReturnLink\":\"https:\\\/\\\/dev.xstyle.md\\\/ro\\\/conditions\\\/\"}}]}<\/script>\n<meta property=\"product:price:amount\" content=\"690.00\" \/>\n<meta property=\"product:price:currency\" content=\"MDL\" \/>\n<meta property=\"og:availability\" content=\"instock\" \/>\n<meta property=\"product:availability\" content=\"instock\" \/>\n<meta property=\"product:retailer_item_id\" content=\"7330033000412\" \/>\n<meta property=\"product:condition\" content=\"new\" \/>\n<!-- \/ Yoast SEO plugin. -->","yoast_head_json":{"title":"\u0422\u0435\u0440\u043c\u043e\u0441 Primus Classic Light Vacuum Bottle 1.0L Summit Blue - \u041c\u0430\u0433\u0430\u0437\u0438\u043d Xstyle","robots":{"index":"noindex","follow":"follow","max-snippet":"max-snippet:-1","max-image-preview":"max-image-preview:large","max-video-preview":"max-video-preview:-1"},"og_locale":"ro_RO","og_type":"article","og_title":"\u0422\u0435\u0440\u043c\u043e\u0441 Primus Classic Light Vacuum Bottle 1.0L Summit Blue - \u041c\u0430\u0433\u0430\u0437\u0438\u043d Xstyle","og_description":"\u0411\u0440\u0435\u043d\u0434 Primus \u2013 \u0448\u0432\u0435\u0434\u0441\u043a\u0430\u044f \u043a\u043e\u043c\u043f\u0430\u043d\u0438\u044f, \u043e\u0441\u043d\u043e\u0432\u0430\u0442\u0435\u043b\u0435\u043c \u043a\u043e\u0442\u043e\u0440\u043e\u0433\u043e \u044f\u0432\u043b\u044f\u0435\u0442\u0441\u044f \u043c\u0435\u0445\u0430\u043d\u0438\u043a \u0424.\u0412.\u041b\u0438\u043d\u0434\u043a\u0432\u0438\u0441\u0442, \u0438\u0437\u043e\u0431\u0440\u0435\u0442\u0448\u0438\u0439 \u043f\u0435\u0440\u0432\u0443\u044e \u043a\u0435\u0440\u043e\u0441\u0438\u043d\u043e\u0432\u0443\u044e \u0433\u043e\u0440\u0435\u043b\u043a\u0443, \u0432 \u043a\u043e\u0442\u043e\u0440\u043e\u0439 \u043d\u0435 \u0431\u044b\u043b\u043e \u0444\u0438\u0442\u0438\u043b\u044f, \u0430","og_url":"https:\/\/dev.xstyle.md\/ro\/produs\/termos-primus-classic-light-vacuum-bottle-1-0l-summit-blue\/","og_site_name":"\u041c\u0430\u0433\u0430\u0437\u0438\u043d Xstyle","article_publisher":"https:\/\/www.facebook.com\/xstylemd","article_modified_time":"2026-02-06T09:58:33+00:00","og_image":[{"width":1200,"height":1200,"url":"https:\/\/dev.xstyle.md\/wp-content\/uploads\/2025\/10\/primus-classic-light-vacuum-bottle-1.0l-summit-blue-1.webp","type":"image\/webp"}],"twitter_card":"summary_large_image","twitter_misc":{"Pre\u021b":"690,00&nbsp;MDL","Disponibilitate":"\u00cen stoc"},"schema":{"@context":"https:\/\/schema.org","@graph":[{"@type":"WebPage","@id":"https:\/\/dev.xstyle.md\/product\/termos-primus-classic-light-vacuum-bottle-1-0l-summit-blue\/","url":"https:\/\/dev.xstyle.md\/product\/termos-primus-classic-light-vacuum-bottle-1-0l-summit-blue\/","name":"\u0422\u0435\u0440\u043c\u043e\u0441 Primus Classic Light Vacuum Bottle 1.0L Summit Blue - \u041c\u0430\u0433\u0430\u0437\u0438\u043d Xstyle","isPartOf":{"@id":"https:\/\/dev.xstyle.md\/#website"},"primaryImageOfPage":{"@id":"https:\/\/dev.xstyle.md\/product\/termos-primus-classic-light-vacuum-bottle-1-0l-summit-blue\/#primaryimage"},"image":{"@id":"https:\/\/dev.xstyle.md\/product\/termos-primus-classic-light-vacuum-bottle-1-0l-summit-blue\/#primaryimage"},"thumbnailUrl":"https:\/\/dev.xstyle.md\/wp-content\/uploads\/2025\/10\/primus-classic-light-vacuum-bottle-1.0l-summit-blue-1.webp","datePublished":"2025-10-23T14:36:50+00:00","dateModified":"2026-02-06T09:58:33+00:00","breadcrumb":{"@id":"https:\/\/dev.xstyle.md\/product\/termos-primus-classic-light-vacuum-bottle-1-0l-summit-blue\/#breadcrumb"},"inLanguage":"ro-RO","potentialAction":[{"@type":"ReadAction","target":["https:\/\/dev.xstyle.md\/product\/termos-primus-classic-light-vacuum-bottle-1-0l-summit-blue\/"]}]},{"@type":"ImageObject","inLanguage":"ro-RO","@id":"https:\/\/dev.xstyle.md\/product\/termos-primus-classic-light-vacuum-bottle-1-0l-summit-blue\/#primaryimage","url":"https:\/\/dev.xstyle.md\/wp-content\/uploads\/2025\/10\/primus-classic-light-vacuum-bottle-1.0l-summit-blue-1.webp","contentUrl":"https:\/\/dev.xstyle.md\/wp-content\/uploads\/2025\/10\/primus-classic-light-vacuum-bottle-1.0l-summit-blue-1.webp","width":1200,"height":1200,"caption":"\u0422\u0435\u0440\u043c\u043e\u0441 Primus Classic Light \u0434\u043b\u044f \u0430\u043a\u0442\u0438\u0432\u043d\u043e\u0433\u043e \u043e\u0442\u0434\u044b\u0445\u0430, \u043f\u043e\u0445\u043e\u0434\u043e\u0432 \u0438 \u043f\u0443\u0442\u0435\u0448\u0435\u0441\u0442\u0432\u0438\u0439, \u0441\u0438\u043d\u0438\u0439 \u0446\u0432\u0435\u0442, \u043e\u0434\u0435\u0436\u0434\u0430 \u0438 \u043e\u0431\u0443\u0432\u044c \u0434\u043b\u044f \u043f\u0443\u0442\u0435\u0448\u0435\u0441\u0442\u0432\u0438\u0439 \u0438 \u0430\u043b\u044c\u043f\u0438\u043d\u0438\u0437\u043c\u0430"},{"@type":"BreadcrumbList","@id":"https:\/\/dev.xstyle.md\/product\/termos-primus-classic-light-vacuum-bottle-1-0l-summit-blue\/#breadcrumb","itemListElement":[{"@type":"ListItem","position":1,"name":"\u0413\u043b\u0430\u0432\u043d\u0430\u044f \u0441\u0442\u0440\u0430\u043d\u0438\u0446\u0430","item":"https:\/\/dev.xstyle.md\/"},{"@type":"ListItem","position":2,"name":"Shop","item":"https:\/\/dev.xstyle.md\/shop\/"},{"@type":"ListItem","position":3,"name":"\u0422\u0435\u0440\u043c\u043e\u0441 Primus Classic Light Vacuum Bottle 1.0L Summit Blue"}]},{"@type":"WebSite","@id":"https:\/\/dev.xstyle.md\/#website","url":"https:\/\/dev.xstyle.md\/","name":"Magazinul X-Style","description":"Echipamente pentru turism \u0219i sporturi extreme \u00een Moldova. Pre\u021buri, fotografii, caracteristici \u00een Moldova.","publisher":{"@id":"https:\/\/dev.xstyle.md\/#organization"},"alternateName":"X-Style","potentialAction":[{"@type":"SearchAction","target":{"@type":"EntryPoint","urlTemplate":"https:\/\/dev.xstyle.md\/?s={search_term_string}"},"query-input":{"@type":"PropertyValueSpecification","valueRequired":true,"valueName":"search_term_string"}}],"inLanguage":"ro-RO"},{"@type":"Organization","@id":"https:\/\/dev.xstyle.md\/#organization","name":"Magazinul X-Style","alternateName":"x-style","url":"https:\/\/dev.xstyle.md\/","logo":{"@type":"ImageObject","inLanguage":"ro-RO","@id":"https:\/\/dev.xstyle.md\/#\/schema\/logo\/image\/","url":"https:\/\/dev.xstyle.md\/wp-content\/uploads\/2020\/06\/logoicon.svg","contentUrl":"https:\/\/dev.xstyle.md\/wp-content\/uploads\/2020\/06\/logoicon.svg","caption":"\u041c\u0430\u0433\u0430\u0437\u0438\u043d Xstyle"},"image":{"@id":"https:\/\/dev.xstyle.md\/#\/schema\/logo\/image\/"},"sameAs":["https:\/\/www.facebook.com\/xstylemd","https:\/\/www.instagram.com\/xstyle_md\/","https:\/\/t.me\/xstyle_outdoor"],"hasMerchantReturnPolicy":{"@type":"MerchantReturnPolicy","merchantReturnLink":"https:\/\/dev.xstyle.md\/ro\/conditions\/"}}]},"product_price_amount":"690.00","product_price_currency":"MDL","og_availability":"instock","product_availability":"instock","product_retailer_item_id":"7330033000412","product_condition":"new"},"post_mailing_queue_ids":[],"_links":{"self":[{"href":"https:\/\/dev.xstyle.md\/ro\/wp-json\/wp\/v2\/product\/97277","targetHints":{"allow":["GET"]}}],"collection":[{"href":"https:\/\/dev.xstyle.md\/ro\/wp-json\/wp\/v2\/product"}],"about":[{"href":"https:\/\/dev.xstyle.md\/ro\/wp-json\/wp\/v2\/types\/product"}],"replies":[{"embeddable":true,"href":"https:\/\/dev.xstyle.md\/ro\/wp-json\/wp\/v2\/comments?post=97277"}],"version-history":[{"count":1,"href":"https:\/\/dev.xstyle.md\/ro\/wp-json\/wp\/v2\/product\/97277\/revisions"}],"predecessor-version":[{"id":100743,"href":"https:\/\/dev.xstyle.md\/ro\/wp-json\/wp\/v2\/product\/97277\/revisions\/100743"}],"wp:featuredmedia":[{"embeddable":true,"href":"https:\/\/dev.xstyle.md\/ro\/wp-json\/wp\/v2\/media\/100745"}],"wp:attachment":[{"href":"https:\/\/dev.xstyle.md\/ro\/wp-json\/wp\/v2\/media?parent=97277"}],"wp:term":[{"taxonomy":"product_brand","embeddable":true,"href":"https:\/\/dev.xstyle.md\/ro\/wp-json\/wp\/v2\/product_brand?post=97277"},{"taxonomy":"product_cat","embeddable":true,"href":"https:\/\/dev.xstyle.md\/ro\/wp-json\/wp\/v2\/product_cat?post=97277"},{"taxonomy":"product_tag","embeddable":true,"href":"https:\/\/dev.xstyle.md\/ro\/wp-json\/wp\/v2\/product_tag?post=97277"}],"curies":[{"name":"wp","href":"https:\/\/api.w.org\/{rel}","templated":true}]}}