{"id":97211,"date":"2025-10-23T17:36:29","date_gmt":"2025-10-23T14:36:29","guid":{"rendered":"https:\/\/xstyle.md\/?post_type=product&#038;p=97211"},"modified":"2026-04-01T11:23:05","modified_gmt":"2026-04-01T08:23:05","slug":"balaklava-buff-ecostretch-nedre-graphite","status":"publish","type":"product","link":"https:\/\/dev.xstyle.md\/ro\/produs\/balaklava-buff-ecostretch-nedre-graphite\/","title":{"rendered":"Cagul\u0103 Buff Ecostretch Nedre Graphite"},"content":{"rendered":"<\/p>\n<p><strong>Buff Ecostretch Nedre Graphite<\/strong> &#8212; este o cagul\u0103 u\u0219oar\u0103 \u0219i func\u021bional\u0103, conceput\u0103 pentru protec\u021bia capului \u0219i a g\u00e2tului \u00een timpul activit\u0103\u021bilor \u00een aer liber pe vreme r\u0103coroas\u0103. Datorit\u0103 materialului elastic, aceasta se muleaz\u0103 perfect pe corp, oferind confort sporit atunci c\u00e2nd este purtat\u0103 sub casc\u0103 sau c\u0103ciul\u0103. Modelul \u00een culoarea grafit (Nedre Graphite) este extrem de versatil: poate fi purtat ca o cagul\u0103 complet\u0103 sau ca un fular multifunc\u021bional prin cobor\u00e2rea p\u0103r\u021bii superioare.<\/p>\n<h3>Particularit\u0103\u021bi<\/h3>\n<ul>\n<li>Perfora\u021bii laser \u2014 orificii speciale \u00een zona gurii pentru a \u00eembun\u0103t\u0103\u021bi respirabilitatea \u0219i a preveni aburirea ochelarilor<\/li>\n<li>Gestionarea umidit\u0103\u021bii \u2014 materialul absoarbe \u0219i evapor\u0103 eficient transpira\u021bia, men\u021bin\u00e2nd pielea uscat\u0103<\/li>\n<li>Construc\u021bie f\u0103r\u0103 cus\u0103turi \u2014 absen\u021ba cus\u0103turilor previne frecarea \u0219i iritarea pielii<\/li>\n<li>Sustenabilitate \u2014 utilizarea materialelor reciclate certificate \u00een procesul de produc\u021bie<\/li>\n<\/ul>\n<h3>Caracteristici<\/h3>\n<ul>\n<li>Material \u2014 95% poliester reciclat, 5% elastan<\/li>\n<li>Sezon \u2014 all-season (ideal pentru prim\u0103var\u0103\/toamn\u0103 sau ca strat de baz\u0103 iarna)<\/li>\n<li>Utilizare \u2014 schi \/ snowboarding \/ ciclism \/ trekking<\/li>\n<li>Model \u2014 unisex<\/li>\n<\/ul>\n<h3>Tehnologii<\/h3>\n<ul>\n<li><strong>Ultrastretch<\/strong> \u2014 este o \u021bes\u0103tur\u0103 elastic\u0103 care se \u00eentinde uniform \u00een toate direc\u021biile datorit\u0103 adaosului de elastan. Principalele avantaje ale acestui material sunt higroscopicitatea, respirabilitatea, hipoalergenicitatea \u0219i conductivitatea termic\u0103.<\/li>\n<li><strong>UPF 50<\/strong> \u2014 protec\u021bie solar\u0103 integrat\u0103 care blocheaz\u0103 p\u00e2n\u0103 la 98% din radia\u021biile UV d\u0103un\u0103toare.<\/li>\n<li><strong>Recycled Polyester<\/strong> \u2014 \u021bes\u0103tur\u0103 fabricat\u0103 din sticle de plastic reciclate, ceea ce face produsul unul ecologic.<\/li>\n<\/ul>\n<p><\/p>\n<h3>Marca<\/h3>\n<p>BUFF\u00ae este un brand spaniol a c\u0103rui istorie a \u00eenceput \u00een 1992, c\u00e2nd Joan Rojas, pasionat de motociclete \u0219i proprietar al unei fabrici de textile catalane, a venit cu ideea unui accesoriu simplu care s\u0103 protejeze g\u00e2tul \u0219i capul de v\u00e2ntul, frigul \u0219i soarele arz\u0103tor pentru a face mai confortabil\u0103 c\u0103l\u0103toria pe motociclet\u0103.<br \/>\nLui Rojas i-a pl\u0103cut ideea unei e\u0219arfe militare multifunc\u021bionale, care s\u0103 poat\u0103 fi transformat\u0103 \u00een masc\u0103, c\u0103p\u0103t\u00e2i sau e\u0219arf\u0103. Experimentarea \u00een fabrica de textile a familiei sale cu diferite materiale \u0219i forme t\u0103iate a culminat cu g\u0103sirea de c\u0103tre Rojas a unei modalit\u0103\u021bi de a produce o e\u0219arf\u0103 cilindric\u0103 f\u0103r\u0103 cus\u0103turi din microfibr\u0103. Dup\u0103 ce prototipurile au fost testate de rudele, prietenii \u0219i cuno\u0219tin\u021bele sportivilor lui Rojas, \u00een 1992 a fost lansat\u0103 prima colec\u021bie de bandane f\u0103r\u0103 cus\u0103turi sub sigla BUFF\u00ae.<\/p>\n<p>\u00cen 2017, BUFF\u00ae \u0219i-a extins considerabil gama de modele, produc\u00e2nd nu numai bandane, ci \u0219i alte articole de acoperit capul, at\u00e2t pentru sport, c\u00e2t \u0219i pentru via\u021ba de zi cu zi.<\/p>","protected":false},"excerpt":{"rendered":"<p>\u0411\u0440\u0435\u043d\u0434 BUFF\u00ae \u2013 \u0438\u0441\u043f\u0430\u043d\u0441\u043a\u0438\u0439 \u0431\u0440\u0435\u043d\u0434, \u0438\u0441\u0442\u043e\u0440\u0438\u044f \u043a\u043e\u0442\u043e\u0440\u043e\u0433\u043e \u043d\u0430\u0447\u0430\u043b\u0430\u0441\u044c \u0432 1992 \u0433\u043e\u0434\u0443, \u043a\u043e\u0433\u0434\u0430 \u0432\u043b\u0430\u0434\u0435\u043b\u0435\u0446 \u043e\u0434\u043d\u043e\u0439 \u0438\u0437 \u043a\u0430\u0442\u0430\u043b\u043e\u043d\u0441\u043a\u0438\u0445 \u0442\u0435\u043a\u0441\u0442\u0438\u043b\u044c\u043d\u044b\u0445 \u0444\u0430\u0431\u0440\u0438\u043a, \u0425\u0443\u0430\u043d \u0420\u043e\u0445\u0430\u0441<\/p>","protected":false},"featured_media":104547,"comment_status":"open","ping_status":"closed","template":"","meta":{"_acf_changed":false,"inline_featured_image":false},"product_brand":[1302],"product_cat":[485],"product_tag":[],"class_list":{"0":"post-97211","1":"product","2":"type-product","3":"status-publish","4":"has-post-thumbnail","6":"product_brand-buff","7":"product_cat-balaclava-buff","9":"first","10":"instock","11":"shipping-taxable","12":"purchasable","13":"product-type-simple"},"acf":[],"yoast_head":"<!-- This site is optimized with the Yoast SEO plugin v27.5 - https:\/\/yoast.com\/product\/yoast-seo-wordpress\/ -->\n<title>\u0411\u0430\u043b\u0430\u043a\u043b\u0430\u0432\u0430 Buff Ecostretch Nedre Graphite - \u041c\u0430\u0433\u0430\u0437\u0438\u043d Xstyle<\/title>\n<meta name=\"robots\" content=\"noindex, follow, max-snippet:-1, max-image-preview:large, max-video-preview:-1\" \/>\n<meta property=\"og:locale\" content=\"ro_RO\" \/>\n<meta property=\"og:type\" content=\"article\" \/>\n<meta property=\"og:title\" content=\"\u0411\u0430\u043b\u0430\u043a\u043b\u0430\u0432\u0430 Buff Ecostretch Nedre Graphite - \u041c\u0430\u0433\u0430\u0437\u0438\u043d Xstyle\" \/>\n<meta property=\"og:description\" content=\"\u0411\u0440\u0435\u043d\u0434 BUFF\u00ae \u2013 \u0438\u0441\u043f\u0430\u043d\u0441\u043a\u0438\u0439 \u0431\u0440\u0435\u043d\u0434, \u0438\u0441\u0442\u043e\u0440\u0438\u044f \u043a\u043e\u0442\u043e\u0440\u043e\u0433\u043e \u043d\u0430\u0447\u0430\u043b\u0430\u0441\u044c \u0432 1992 \u0433\u043e\u0434\u0443, \u043a\u043e\u0433\u0434\u0430 \u0432\u043b\u0430\u0434\u0435\u043b\u0435\u0446 \u043e\u0434\u043d\u043e\u0439 \u0438\u0437 \u043a\u0430\u0442\u0430\u043b\u043e\u043d\u0441\u043a\u0438\u0445 \u0442\u0435\u043a\u0441\u0442\u0438\u043b\u044c\u043d\u044b\u0445 \u0444\u0430\u0431\u0440\u0438\u043a, \u0425\u0443\u0430\u043d \u0420\u043e\u0445\u0430\u0441\" \/>\n<meta property=\"og:url\" content=\"https:\/\/dev.xstyle.md\/ro\/produs\/balaklava-buff-ecostretch-nedre-graphite\/\" \/>\n<meta property=\"og:site_name\" content=\"\u041c\u0430\u0433\u0430\u0437\u0438\u043d Xstyle\" \/>\n<meta property=\"article:publisher\" content=\"https:\/\/www.facebook.com\/xstylemd\" \/>\n<meta property=\"article:modified_time\" content=\"2026-04-01T08:23:05+00:00\" \/>\n<meta property=\"og:image\" content=\"https:\/\/dev.xstyle.md\/wp-content\/uploads\/2025\/10\/buff-ecostretch-nedre-graphite-1.webp\" \/>\n\t<meta property=\"og:image:width\" content=\"1200\" \/>\n\t<meta property=\"og:image:height\" content=\"1200\" \/>\n\t<meta property=\"og:image:type\" content=\"image\/webp\" \/>\n<meta name=\"twitter:card\" content=\"summary_large_image\" \/>\n<meta name=\"twitter:label1\" content=\"Pre\u021b\" \/>\n\t<meta name=\"twitter:data1\" content=\"435,00&nbsp;MDL\" \/>\n\t<meta name=\"twitter:label2\" content=\"Disponibilitate\" \/>\n\t<meta name=\"twitter:data2\" content=\"\u00cen stoc\" \/>\n<script type=\"application\/ld+json\" class=\"yoast-schema-graph\">{\"@context\":\"https:\\\/\\\/schema.org\",\"@graph\":[{\"@type\":\"WebPage\",\"@id\":\"https:\\\/\\\/dev.xstyle.md\\\/product\\\/balaklava-buff-ecostretch-nedre-graphite\\\/\",\"url\":\"https:\\\/\\\/dev.xstyle.md\\\/product\\\/balaklava-buff-ecostretch-nedre-graphite\\\/\",\"name\":\"\u0411\u0430\u043b\u0430\u043a\u043b\u0430\u0432\u0430 Buff Ecostretch Nedre Graphite - \u041c\u0430\u0433\u0430\u0437\u0438\u043d Xstyle\",\"isPartOf\":{\"@id\":\"https:\\\/\\\/dev.xstyle.md\\\/#website\"},\"primaryImageOfPage\":{\"@id\":\"https:\\\/\\\/dev.xstyle.md\\\/product\\\/balaklava-buff-ecostretch-nedre-graphite\\\/#primaryimage\"},\"image\":{\"@id\":\"https:\\\/\\\/dev.xstyle.md\\\/product\\\/balaklava-buff-ecostretch-nedre-graphite\\\/#primaryimage\"},\"thumbnailUrl\":\"https:\\\/\\\/dev.xstyle.md\\\/wp-content\\\/uploads\\\/2025\\\/10\\\/buff-ecostretch-nedre-graphite-1.webp\",\"datePublished\":\"2025-10-23T14:36:29+00:00\",\"dateModified\":\"2026-04-01T08:23:05+00:00\",\"breadcrumb\":{\"@id\":\"https:\\\/\\\/dev.xstyle.md\\\/product\\\/balaklava-buff-ecostretch-nedre-graphite\\\/#breadcrumb\"},\"inLanguage\":\"ro-RO\",\"potentialAction\":[{\"@type\":\"ReadAction\",\"target\":[\"https:\\\/\\\/dev.xstyle.md\\\/product\\\/balaklava-buff-ecostretch-nedre-graphite\\\/\"]}]},{\"@type\":\"ImageObject\",\"inLanguage\":\"ro-RO\",\"@id\":\"https:\\\/\\\/dev.xstyle.md\\\/product\\\/balaklava-buff-ecostretch-nedre-graphite\\\/#primaryimage\",\"url\":\"https:\\\/\\\/dev.xstyle.md\\\/wp-content\\\/uploads\\\/2025\\\/10\\\/buff-ecostretch-nedre-graphite-1.webp\",\"contentUrl\":\"https:\\\/\\\/dev.xstyle.md\\\/wp-content\\\/uploads\\\/2025\\\/10\\\/buff-ecostretch-nedre-graphite-1.webp\",\"width\":1200,\"height\":1200,\"caption\":\"\u0411\u0430\u043b\u0430\u043a\u043b\u0430\u0432\u0430 Buff Ecostretch Nedre Graphite \u0434\u043b\u044f \u0430\u043a\u0442\u0438\u0432\u043d\u043e\u0433\u043e \u043e\u0442\u0434\u044b\u0445\u0430 \u043f\u043e\u0445\u043e\u0434\u043e\u0432 \u0438 \u043f\u0443\u0442\u0435\u0448\u0435\u0441\u0442\u0432\u0438\u0439, \u0441\u043f\u043e\u0440\u0442\u0438\u0432\u043d\u0430\u044f \u0438 \u0443\u0442\u0435\u043f\u043b\u0435\u043d\u043d\u0430\u044f \u043e\u0434\u0435\u0436\u0434\u0430, \u043e\u0431\u0443\u0432\u044c \u0434\u043b\u044f \u0445\u0430\u0439\u043a\u0438\u043d\u0433\u0430 \u0438 \u0430\u043b\u044c\u043f\u0438\u043d\u0438\u0437\u043c\u0430\"},{\"@type\":\"BreadcrumbList\",\"@id\":\"https:\\\/\\\/dev.xstyle.md\\\/product\\\/balaklava-buff-ecostretch-nedre-graphite\\\/#breadcrumb\",\"itemListElement\":[{\"@type\":\"ListItem\",\"position\":1,\"name\":\"\u0413\u043b\u0430\u0432\u043d\u0430\u044f \u0441\u0442\u0440\u0430\u043d\u0438\u0446\u0430\",\"item\":\"https:\\\/\\\/dev.xstyle.md\\\/\"},{\"@type\":\"ListItem\",\"position\":2,\"name\":\"Shop\",\"item\":\"https:\\\/\\\/dev.xstyle.md\\\/shop\\\/\"},{\"@type\":\"ListItem\",\"position\":3,\"name\":\"\u0411\u0430\u043b\u0430\u043a\u043b\u0430\u0432\u0430 Buff Ecostretch Nedre Graphite\"}]},{\"@type\":\"WebSite\",\"@id\":\"https:\\\/\\\/dev.xstyle.md\\\/#website\",\"url\":\"https:\\\/\\\/dev.xstyle.md\\\/\",\"name\":\"\u041c\u0430\u0433\u0430\u0437\u0438\u043d Xstyle\",\"description\":\"C\u043d\u0430\u0440\u044f\u0436\u0435\u043d\u0438\u0435 \u0434\u043b\u044f \u0442\u0443\u0440\u0438\u0437\u043c\u0430 \u0438 \u044d\u043a\u0441\u0442\u0440\u0435\u043c\u0430\u043b\u044c\u043d\u044b\u0445 \u0432\u0438\u0434\u043e\u0432 \u0441\u043f\u043e\u0440\u0442\u0430 \u0432 \u041c\u043e\u043b\u0434\u043e\u0432\u0435.. \u0426\u0435\u043d\u044b, \u0444\u043e\u0442\u043e, \u0445\u0430\u0440\u0430\u043a\u0442\u0435\u0440\u0438\u0441\u0442\u0438\u043a\u0438 \u0432 \u041c\u043e\u043b\u0434\u043e\u0432\u0435.\",\"publisher\":{\"@id\":\"https:\\\/\\\/dev.xstyle.md\\\/#organization\"},\"alternateName\":\"X-Style\",\"potentialAction\":[{\"@type\":\"SearchAction\",\"target\":{\"@type\":\"EntryPoint\",\"urlTemplate\":\"https:\\\/\\\/dev.xstyle.md\\\/?s={search_term_string}\"},\"query-input\":{\"@type\":\"PropertyValueSpecification\",\"valueRequired\":true,\"valueName\":\"search_term_string\"}}],\"inLanguage\":\"ro-RO\"},{\"@type\":\"Organization\",\"@id\":\"https:\\\/\\\/dev.xstyle.md\\\/#organization\",\"name\":\"\u041c\u0430\u0433\u0430\u0437\u0438\u043d Xstyle\",\"alternateName\":\"x-style\",\"url\":\"https:\\\/\\\/dev.xstyle.md\\\/\",\"logo\":{\"@type\":\"ImageObject\",\"inLanguage\":\"ro-RO\",\"@id\":\"https:\\\/\\\/dev.xstyle.md\\\/#\\\/schema\\\/logo\\\/image\\\/\",\"url\":\"https:\\\/\\\/dev.xstyle.md\\\/wp-content\\\/uploads\\\/2020\\\/06\\\/logoicon.svg\",\"contentUrl\":\"https:\\\/\\\/dev.xstyle.md\\\/wp-content\\\/uploads\\\/2020\\\/06\\\/logoicon.svg\",\"caption\":\"\u041c\u0430\u0433\u0430\u0437\u0438\u043d Xstyle\"},\"image\":{\"@id\":\"https:\\\/\\\/dev.xstyle.md\\\/#\\\/schema\\\/logo\\\/image\\\/\"},\"sameAs\":[\"https:\\\/\\\/www.facebook.com\\\/xstylemd\",\"https:\\\/\\\/www.instagram.com\\\/xstyle_md\\\/\",\"https:\\\/\\\/t.me\\\/xstyle_outdoor\"],\"hasMerchantReturnPolicy\":{\"@type\":\"MerchantReturnPolicy\",\"merchantReturnLink\":\"https:\\\/\\\/dev.xstyle.md\\\/ro\\\/conditions\\\/\"}}]}<\/script>\n<meta property=\"product:price:amount\" content=\"435.00\" \/>\n<meta property=\"product:price:currency\" content=\"MDL\" \/>\n<meta property=\"og:availability\" content=\"instock\" \/>\n<meta property=\"product:availability\" content=\"instock\" \/>\n<meta property=\"product:retailer_item_id\" content=\"8428927585615\" \/>\n<meta property=\"product:condition\" content=\"new\" \/>\n<!-- \/ Yoast SEO plugin. -->","yoast_head_json":{"title":"\u0411\u0430\u043b\u0430\u043a\u043b\u0430\u0432\u0430 Buff Ecostretch Nedre Graphite - \u041c\u0430\u0433\u0430\u0437\u0438\u043d Xstyle","robots":{"index":"noindex","follow":"follow","max-snippet":"max-snippet:-1","max-image-preview":"max-image-preview:large","max-video-preview":"max-video-preview:-1"},"og_locale":"ro_RO","og_type":"article","og_title":"\u0411\u0430\u043b\u0430\u043a\u043b\u0430\u0432\u0430 Buff Ecostretch Nedre Graphite - \u041c\u0430\u0433\u0430\u0437\u0438\u043d Xstyle","og_description":"\u0411\u0440\u0435\u043d\u0434 BUFF\u00ae \u2013 \u0438\u0441\u043f\u0430\u043d\u0441\u043a\u0438\u0439 \u0431\u0440\u0435\u043d\u0434, \u0438\u0441\u0442\u043e\u0440\u0438\u044f \u043a\u043e\u0442\u043e\u0440\u043e\u0433\u043e \u043d\u0430\u0447\u0430\u043b\u0430\u0441\u044c \u0432 1992 \u0433\u043e\u0434\u0443, \u043a\u043e\u0433\u0434\u0430 \u0432\u043b\u0430\u0434\u0435\u043b\u0435\u0446 \u043e\u0434\u043d\u043e\u0439 \u0438\u0437 \u043a\u0430\u0442\u0430\u043b\u043e\u043d\u0441\u043a\u0438\u0445 \u0442\u0435\u043a\u0441\u0442\u0438\u043b\u044c\u043d\u044b\u0445 \u0444\u0430\u0431\u0440\u0438\u043a, \u0425\u0443\u0430\u043d \u0420\u043e\u0445\u0430\u0441","og_url":"https:\/\/dev.xstyle.md\/ro\/produs\/balaklava-buff-ecostretch-nedre-graphite\/","og_site_name":"\u041c\u0430\u0433\u0430\u0437\u0438\u043d Xstyle","article_publisher":"https:\/\/www.facebook.com\/xstylemd","article_modified_time":"2026-04-01T08:23:05+00:00","og_image":[{"width":1200,"height":1200,"url":"https:\/\/dev.xstyle.md\/wp-content\/uploads\/2025\/10\/buff-ecostretch-nedre-graphite-1.webp","type":"image\/webp"}],"twitter_card":"summary_large_image","twitter_misc":{"Pre\u021b":"435,00&nbsp;MDL","Disponibilitate":"\u00cen stoc"},"schema":{"@context":"https:\/\/schema.org","@graph":[{"@type":"WebPage","@id":"https:\/\/dev.xstyle.md\/product\/balaklava-buff-ecostretch-nedre-graphite\/","url":"https:\/\/dev.xstyle.md\/product\/balaklava-buff-ecostretch-nedre-graphite\/","name":"\u0411\u0430\u043b\u0430\u043a\u043b\u0430\u0432\u0430 Buff Ecostretch Nedre Graphite - \u041c\u0430\u0433\u0430\u0437\u0438\u043d Xstyle","isPartOf":{"@id":"https:\/\/dev.xstyle.md\/#website"},"primaryImageOfPage":{"@id":"https:\/\/dev.xstyle.md\/product\/balaklava-buff-ecostretch-nedre-graphite\/#primaryimage"},"image":{"@id":"https:\/\/dev.xstyle.md\/product\/balaklava-buff-ecostretch-nedre-graphite\/#primaryimage"},"thumbnailUrl":"https:\/\/dev.xstyle.md\/wp-content\/uploads\/2025\/10\/buff-ecostretch-nedre-graphite-1.webp","datePublished":"2025-10-23T14:36:29+00:00","dateModified":"2026-04-01T08:23:05+00:00","breadcrumb":{"@id":"https:\/\/dev.xstyle.md\/product\/balaklava-buff-ecostretch-nedre-graphite\/#breadcrumb"},"inLanguage":"ro-RO","potentialAction":[{"@type":"ReadAction","target":["https:\/\/dev.xstyle.md\/product\/balaklava-buff-ecostretch-nedre-graphite\/"]}]},{"@type":"ImageObject","inLanguage":"ro-RO","@id":"https:\/\/dev.xstyle.md\/product\/balaklava-buff-ecostretch-nedre-graphite\/#primaryimage","url":"https:\/\/dev.xstyle.md\/wp-content\/uploads\/2025\/10\/buff-ecostretch-nedre-graphite-1.webp","contentUrl":"https:\/\/dev.xstyle.md\/wp-content\/uploads\/2025\/10\/buff-ecostretch-nedre-graphite-1.webp","width":1200,"height":1200,"caption":"\u0411\u0430\u043b\u0430\u043a\u043b\u0430\u0432\u0430 Buff Ecostretch Nedre Graphite \u0434\u043b\u044f \u0430\u043a\u0442\u0438\u0432\u043d\u043e\u0433\u043e \u043e\u0442\u0434\u044b\u0445\u0430 \u043f\u043e\u0445\u043e\u0434\u043e\u0432 \u0438 \u043f\u0443\u0442\u0435\u0448\u0435\u0441\u0442\u0432\u0438\u0439, \u0441\u043f\u043e\u0440\u0442\u0438\u0432\u043d\u0430\u044f \u0438 \u0443\u0442\u0435\u043f\u043b\u0435\u043d\u043d\u0430\u044f \u043e\u0434\u0435\u0436\u0434\u0430, \u043e\u0431\u0443\u0432\u044c \u0434\u043b\u044f \u0445\u0430\u0439\u043a\u0438\u043d\u0433\u0430 \u0438 \u0430\u043b\u044c\u043f\u0438\u043d\u0438\u0437\u043c\u0430"},{"@type":"BreadcrumbList","@id":"https:\/\/dev.xstyle.md\/product\/balaklava-buff-ecostretch-nedre-graphite\/#breadcrumb","itemListElement":[{"@type":"ListItem","position":1,"name":"\u0413\u043b\u0430\u0432\u043d\u0430\u044f \u0441\u0442\u0440\u0430\u043d\u0438\u0446\u0430","item":"https:\/\/dev.xstyle.md\/"},{"@type":"ListItem","position":2,"name":"Shop","item":"https:\/\/dev.xstyle.md\/shop\/"},{"@type":"ListItem","position":3,"name":"\u0411\u0430\u043b\u0430\u043a\u043b\u0430\u0432\u0430 Buff Ecostretch Nedre Graphite"}]},{"@type":"WebSite","@id":"https:\/\/dev.xstyle.md\/#website","url":"https:\/\/dev.xstyle.md\/","name":"Magazinul X-Style","description":"Echipamente pentru turism \u0219i sporturi extreme \u00een Moldova. Pre\u021buri, fotografii, caracteristici \u00een Moldova.","publisher":{"@id":"https:\/\/dev.xstyle.md\/#organization"},"alternateName":"X-Style","potentialAction":[{"@type":"SearchAction","target":{"@type":"EntryPoint","urlTemplate":"https:\/\/dev.xstyle.md\/?s={search_term_string}"},"query-input":{"@type":"PropertyValueSpecification","valueRequired":true,"valueName":"search_term_string"}}],"inLanguage":"ro-RO"},{"@type":"Organization","@id":"https:\/\/dev.xstyle.md\/#organization","name":"Magazinul X-Style","alternateName":"x-style","url":"https:\/\/dev.xstyle.md\/","logo":{"@type":"ImageObject","inLanguage":"ro-RO","@id":"https:\/\/dev.xstyle.md\/#\/schema\/logo\/image\/","url":"https:\/\/dev.xstyle.md\/wp-content\/uploads\/2020\/06\/logoicon.svg","contentUrl":"https:\/\/dev.xstyle.md\/wp-content\/uploads\/2020\/06\/logoicon.svg","caption":"\u041c\u0430\u0433\u0430\u0437\u0438\u043d Xstyle"},"image":{"@id":"https:\/\/dev.xstyle.md\/#\/schema\/logo\/image\/"},"sameAs":["https:\/\/www.facebook.com\/xstylemd","https:\/\/www.instagram.com\/xstyle_md\/","https:\/\/t.me\/xstyle_outdoor"],"hasMerchantReturnPolicy":{"@type":"MerchantReturnPolicy","merchantReturnLink":"https:\/\/dev.xstyle.md\/ro\/conditions\/"}}]},"product_price_amount":"435.00","product_price_currency":"MDL","og_availability":"instock","product_availability":"instock","product_retailer_item_id":"8428927585615","product_condition":"new"},"post_mailing_queue_ids":[],"_links":{"self":[{"href":"https:\/\/dev.xstyle.md\/ro\/wp-json\/wp\/v2\/product\/97211","targetHints":{"allow":["GET"]}}],"collection":[{"href":"https:\/\/dev.xstyle.md\/ro\/wp-json\/wp\/v2\/product"}],"about":[{"href":"https:\/\/dev.xstyle.md\/ro\/wp-json\/wp\/v2\/types\/product"}],"replies":[{"embeddable":true,"href":"https:\/\/dev.xstyle.md\/ro\/wp-json\/wp\/v2\/comments?post=97211"}],"version-history":[{"count":1,"href":"https:\/\/dev.xstyle.md\/ro\/wp-json\/wp\/v2\/product\/97211\/revisions"}],"predecessor-version":[{"id":104572,"href":"https:\/\/dev.xstyle.md\/ro\/wp-json\/wp\/v2\/product\/97211\/revisions\/104572"}],"wp:featuredmedia":[{"embeddable":true,"href":"https:\/\/dev.xstyle.md\/ro\/wp-json\/wp\/v2\/media\/104547"}],"wp:attachment":[{"href":"https:\/\/dev.xstyle.md\/ro\/wp-json\/wp\/v2\/media?parent=97211"}],"wp:term":[{"taxonomy":"product_brand","embeddable":true,"href":"https:\/\/dev.xstyle.md\/ro\/wp-json\/wp\/v2\/product_brand?post=97211"},{"taxonomy":"product_cat","embeddable":true,"href":"https:\/\/dev.xstyle.md\/ro\/wp-json\/wp\/v2\/product_cat?post=97211"},{"taxonomy":"product_tag","embeddable":true,"href":"https:\/\/dev.xstyle.md\/ro\/wp-json\/wp\/v2\/product_tag?post=97211"}],"curies":[{"name":"wp","href":"https:\/\/api.w.org\/{rel}","templated":true}]}}