{"id":96225,"date":"2025-08-21T13:19:16","date_gmt":"2025-08-21T10:19:16","guid":{"rendered":"https:\/\/xstyle.md\/?post_type=product&#038;p=96225"},"modified":"2026-02-20T13:59:33","modified_gmt":"2026-02-20T10:59:33","slug":"gorelka-jetboil-flash-1-0-java-topo","status":"publish","type":"product","link":"https:\/\/dev.xstyle.md\/ro\/produs\/gorelka-jetboil-flash-1-0-java-topo\/","title":{"rendered":"Arz\u0103tor Jetboil Flash 1.0 Java Topo"},"content":{"rendered":"<p><\/p>\n<p><strong>Jetboil Flash 1.0 Java Topo<\/strong> &#8212; este sistemul ideal pentru prepararea ultra-rapid\u0103 a cafelei \u0219i a hranei \u00een timpul c\u0103l\u0103toriilor. Este setul perfect pentru iubitorii de cafea care sunt mereu \u00een mi\u0219care, incluz\u00e2nd sistemul de fierbere rapid\u0103 Jetboil \u0219i o pres\u0103 de cafea din silicon, care se depoziteaz\u0103 convenabil direct \u00een interiorul vasului.<\/p>\n<p>Vasul FluxRing\u00ae de 1 litru fierbe apa rapid \u0219i o men\u021bine cald\u0103 datorit\u0103 husei termoizolante. Pornirea este simpl\u0103: noul regulator de flac\u0103r\u0103 func\u021bioneaz\u0103 fluid, iar indicatorul termic \u00ee\u0219i schimb\u0103 culoarea pentru a v\u0103 ar\u0103ta exact c\u00e2nd apa este gata. Cu Jetboil Flash Java, v\u0103 pute\u021bi bucura de o cafea sau un ceai \u00een doar c\u00e2teva minute, fie c\u0103 este diminea\u021ba \u00een camping sau o pauz\u0103 binemeritat\u0103 dup\u0103 o zi lung\u0103 pe traseu.<\/p>\n<h3>Particularit\u0103\u021bi<\/h3>\n<ul>\n<li>A\u0219teptare minim\u0103, pl\u0103cere maxim\u0103<\/li>\n<li>Toate elementele se pliaz\u0103 inteligent \u00een interiorul vasului<\/li>\n<li>Consum redus de combustibil datorit\u0103 schimb\u0103torului de c\u0103ldur\u0103 FluxRing\u00ae<\/li>\n<li>Indicator termic- \u00ee\u0219i schimb\u0103 culoarea pentru a indica fierberea apei<\/li>\n<li>Vas u\u0219or din aluminiu anodizat cu izola\u021bie termic\u0103<\/li>\n<li>Nou regulator de flac\u0103r\u0103 ergonomic, cu indicator de pozi\u021bie<\/li>\n<li>Model nou, edi\u021bia 2025<\/li>\n<\/ul>\n<p><em>Not\u0103: Cartu\u0219ul de gaz se achizi\u021bioneaz\u0103 separat<\/em><\/p>\n<h3>Caracteristici<\/h3>\n<ul>\n<li>Putere arz\u0103tor &#8212; 1,5 kW<\/li>\n<li>Volum &#8212; 1 L<\/li>\n<li>Greutate &#8212; 394 g<\/li>\n<li>Timp de fierbere (500 ml ap\u0103) &#8212; 2 minute<\/li>\n<li>Consum de gaz &#8212; 10 litri de ap\u0103 per cartu\u0219 Jetboil de 100 g<\/li>\n<li>Dimensiuni &#8212; 108 x 190 mm<\/li>\n<li>Tip cartu\u0219 &#8212; cu filet<\/li>\n<li>Aprindere piezo &#8212; da<\/li>\n<\/ul>\n<p><\/p>\n<h3>Marca<\/h3>\n<p>Jetboil - este un brand american care a revolu\u021bionat echipamentele de outdoor \u00een 2001, cre\u00e2nd primul sistem de g\u0103tit integrat din lume. Caracteristica principal\u0103 a produselor lor este tehnologia patentat\u0103 FluxRing (schimb\u0103tor de c\u0103ldur\u0103 cu radiator), care concentreaz\u0103 c\u0103ldura \u0219i permite fierberea apei \u00eentr-un timp record, cu un consum minim de gaz. Brandul este apreciat de turi\u0219ti pentru compactitatea incredibil\u0103, vitez\u0103 \u0219i aten\u021bia la detalii, toate componentele sistemului fiind concepute s\u0103 se depoziteze perfect \u00een interiorul c\u0103nii.<\/p>","protected":false},"excerpt":{"rendered":"<p>\u0411\u0440\u0435\u043d\u0434 Jetboil \u2014 \u044d\u0442\u043e \u0430\u043c\u0435\u0440\u0438\u043a\u0430\u043d\u0441\u043a\u0438\u0439 \u0431\u0440\u0435\u043d\u0434, \u043a\u043e\u0442\u043e\u0440\u044b\u0439 \u0432 2001 \u0433\u043e\u0434\u0443 \u0441\u043e\u0432\u0435\u0440\u0448\u0438\u043b \u0440\u0435\u0432\u043e\u043b\u044e\u0446\u0438\u044e \u0432 \u043f\u043e\u0445\u043e\u0434\u043d\u043e\u043c \u0441\u043d\u0430\u0440\u044f\u0436\u0435\u043d\u0438\u0438, \u0441\u043e\u0437\u0434\u0430\u0432 \u043f\u0435\u0440\u0432\u0443\u044e \u0432 \u043c\u0438\u0440\u0435 \u0438\u043d\u0442\u0435\u0433\u0440\u0438\u0440\u043e\u0432\u0430\u043d\u043d\u0443\u044e<\/p>","protected":false},"featured_media":96330,"comment_status":"open","ping_status":"closed","template":"","meta":{"_acf_changed":false,"inline_featured_image":false},"product_brand":[1338],"product_cat":[453],"product_tag":[],"class_list":{"0":"post-96225","1":"product","2":"type-product","3":"status-publish","4":"has-post-thumbnail","6":"product_brand-jetboil","7":"product_cat-jetboil","9":"first","10":"instock","11":"shipping-taxable","12":"purchasable","13":"product-type-simple"},"acf":[],"yoast_head":"<!-- This site is optimized with the Yoast SEO plugin v27.4 - https:\/\/yoast.com\/product\/yoast-seo-wordpress\/ -->\n<title>\u0413\u043e\u0440\u0435\u043b\u043a\u0430 Jetboil Flash 1.0 Java Topo - \u041c\u0430\u0433\u0430\u0437\u0438\u043d Xstyle<\/title>\n<meta name=\"robots\" content=\"noindex, follow, max-snippet:-1, max-image-preview:large, max-video-preview:-1\" \/>\n<meta property=\"og:locale\" content=\"ro_RO\" \/>\n<meta property=\"og:type\" content=\"article\" \/>\n<meta property=\"og:title\" content=\"\u0413\u043e\u0440\u0435\u043b\u043a\u0430 Jetboil Flash 1.0 Java Topo - \u041c\u0430\u0433\u0430\u0437\u0438\u043d Xstyle\" \/>\n<meta property=\"og:description\" content=\"\u0411\u0440\u0435\u043d\u0434 Jetboil \u2014 \u044d\u0442\u043e \u0430\u043c\u0435\u0440\u0438\u043a\u0430\u043d\u0441\u043a\u0438\u0439 \u0431\u0440\u0435\u043d\u0434, \u043a\u043e\u0442\u043e\u0440\u044b\u0439 \u0432 2001 \u0433\u043e\u0434\u0443 \u0441\u043e\u0432\u0435\u0440\u0448\u0438\u043b \u0440\u0435\u0432\u043e\u043b\u044e\u0446\u0438\u044e \u0432 \u043f\u043e\u0445\u043e\u0434\u043d\u043e\u043c \u0441\u043d\u0430\u0440\u044f\u0436\u0435\u043d\u0438\u0438, \u0441\u043e\u0437\u0434\u0430\u0432 \u043f\u0435\u0440\u0432\u0443\u044e \u0432 \u043c\u0438\u0440\u0435 \u0438\u043d\u0442\u0435\u0433\u0440\u0438\u0440\u043e\u0432\u0430\u043d\u043d\u0443\u044e\" \/>\n<meta property=\"og:url\" content=\"https:\/\/dev.xstyle.md\/ro\/produs\/gorelka-jetboil-flash-1-0-java-topo\/\" \/>\n<meta property=\"og:site_name\" content=\"\u041c\u0430\u0433\u0430\u0437\u0438\u043d Xstyle\" \/>\n<meta property=\"article:publisher\" content=\"https:\/\/www.facebook.com\/xstylemd\" \/>\n<meta property=\"article:modified_time\" content=\"2026-02-20T10:59:33+00:00\" \/>\n<meta property=\"og:image\" content=\"https:\/\/dev.xstyle.md\/wp-content\/uploads\/2025\/08\/jetboil-flash-1.0-java-topo.jpg\" \/>\n\t<meta property=\"og:image:width\" content=\"650\" \/>\n\t<meta property=\"og:image:height\" content=\"650\" \/>\n\t<meta property=\"og:image:type\" content=\"image\/jpeg\" \/>\n<meta name=\"twitter:card\" content=\"summary_large_image\" \/>\n<meta name=\"twitter:label1\" content=\"Pre\u021b\" \/>\n\t<meta name=\"twitter:data1\" content=\"3.100,00&nbsp;MDL\" \/>\n\t<meta name=\"twitter:label2\" content=\"Disponibilitate\" \/>\n\t<meta name=\"twitter:data2\" content=\"\u00cen stoc\" \/>\n<script type=\"application\/ld+json\" class=\"yoast-schema-graph\">{\"@context\":\"https:\\\/\\\/schema.org\",\"@graph\":[{\"@type\":\"WebPage\",\"@id\":\"https:\\\/\\\/dev.xstyle.md\\\/product\\\/gorelka-jetboil-flash-1-0-java-topo\\\/\",\"url\":\"https:\\\/\\\/dev.xstyle.md\\\/product\\\/gorelka-jetboil-flash-1-0-java-topo\\\/\",\"name\":\"\u0413\u043e\u0440\u0435\u043b\u043a\u0430 Jetboil Flash 1.0 Java Topo - \u041c\u0430\u0433\u0430\u0437\u0438\u043d Xstyle\",\"isPartOf\":{\"@id\":\"https:\\\/\\\/dev.xstyle.md\\\/#website\"},\"primaryImageOfPage\":{\"@id\":\"https:\\\/\\\/dev.xstyle.md\\\/product\\\/gorelka-jetboil-flash-1-0-java-topo\\\/#primaryimage\"},\"image\":{\"@id\":\"https:\\\/\\\/dev.xstyle.md\\\/product\\\/gorelka-jetboil-flash-1-0-java-topo\\\/#primaryimage\"},\"thumbnailUrl\":\"https:\\\/\\\/dev.xstyle.md\\\/wp-content\\\/uploads\\\/2025\\\/08\\\/jetboil-flash-1.0-java-topo.jpg\",\"datePublished\":\"2025-08-21T10:19:16+00:00\",\"dateModified\":\"2026-02-20T10:59:33+00:00\",\"breadcrumb\":{\"@id\":\"https:\\\/\\\/dev.xstyle.md\\\/product\\\/gorelka-jetboil-flash-1-0-java-topo\\\/#breadcrumb\"},\"inLanguage\":\"ro-RO\",\"potentialAction\":[{\"@type\":\"ReadAction\",\"target\":[\"https:\\\/\\\/dev.xstyle.md\\\/product\\\/gorelka-jetboil-flash-1-0-java-topo\\\/\"]}]},{\"@type\":\"ImageObject\",\"inLanguage\":\"ro-RO\",\"@id\":\"https:\\\/\\\/dev.xstyle.md\\\/product\\\/gorelka-jetboil-flash-1-0-java-topo\\\/#primaryimage\",\"url\":\"https:\\\/\\\/dev.xstyle.md\\\/wp-content\\\/uploads\\\/2025\\\/08\\\/jetboil-flash-1.0-java-topo.jpg\",\"contentUrl\":\"https:\\\/\\\/dev.xstyle.md\\\/wp-content\\\/uploads\\\/2025\\\/08\\\/jetboil-flash-1.0-java-topo.jpg\",\"width\":650,\"height\":650,\"caption\":\"\u0422\u0443\u0440\u0438\u0441\u0442\u0438\u0447\u0435\u0441\u043a\u0430\u044f \u0433\u043e\u0440\u0435\u043b\u043a\u0430 Jetboil Flash 1.0 Java Topo \u0434\u043b\u044f \u0430\u043a\u0442\u0438\u0432\u043d\u043e\u0433\u043e \u043e\u0442\u0434\u044b\u0445\u0430, \u043f\u043e\u0445\u043e\u0434\u043e\u0432 \u0438 \u043f\u0443\u0442\u0435\u0448\u0435\u0441\u0442\u0432\u0438\u0439, \u043e\u0431\u0443\u0432\u044c \u0438 \u043e\u0434\u0435\u0436\u0434\u0430 \u0434\u043b\u044f \u0430\u043b\u044c\u043f\u0438\u043d\u0438\u0437\u043c\u0430 \u0438 \u0445\u0430\u0439\u043a\u0438\u043d\u0433\u0430\"},{\"@type\":\"BreadcrumbList\",\"@id\":\"https:\\\/\\\/dev.xstyle.md\\\/product\\\/gorelka-jetboil-flash-1-0-java-topo\\\/#breadcrumb\",\"itemListElement\":[{\"@type\":\"ListItem\",\"position\":1,\"name\":\"\u0413\u043b\u0430\u0432\u043d\u0430\u044f \u0441\u0442\u0440\u0430\u043d\u0438\u0446\u0430\",\"item\":\"https:\\\/\\\/dev.xstyle.md\\\/\"},{\"@type\":\"ListItem\",\"position\":2,\"name\":\"Shop\",\"item\":\"https:\\\/\\\/dev.xstyle.md\\\/shop\\\/\"},{\"@type\":\"ListItem\",\"position\":3,\"name\":\"\u0413\u043e\u0440\u0435\u043b\u043a\u0430 Jetboil Flash 1.0 Java Topo\"}]},{\"@type\":\"WebSite\",\"@id\":\"https:\\\/\\\/dev.xstyle.md\\\/#website\",\"url\":\"https:\\\/\\\/dev.xstyle.md\\\/\",\"name\":\"\u041c\u0430\u0433\u0430\u0437\u0438\u043d Xstyle\",\"description\":\"C\u043d\u0430\u0440\u044f\u0436\u0435\u043d\u0438\u0435 \u0434\u043b\u044f \u0442\u0443\u0440\u0438\u0437\u043c\u0430 \u0438 \u044d\u043a\u0441\u0442\u0440\u0435\u043c\u0430\u043b\u044c\u043d\u044b\u0445 \u0432\u0438\u0434\u043e\u0432 \u0441\u043f\u043e\u0440\u0442\u0430 \u0432 \u041c\u043e\u043b\u0434\u043e\u0432\u0435.. \u0426\u0435\u043d\u044b, \u0444\u043e\u0442\u043e, \u0445\u0430\u0440\u0430\u043a\u0442\u0435\u0440\u0438\u0441\u0442\u0438\u043a\u0438 \u0432 \u041c\u043e\u043b\u0434\u043e\u0432\u0435.\",\"publisher\":{\"@id\":\"https:\\\/\\\/dev.xstyle.md\\\/#organization\"},\"alternateName\":\"X-Style\",\"potentialAction\":[{\"@type\":\"SearchAction\",\"target\":{\"@type\":\"EntryPoint\",\"urlTemplate\":\"https:\\\/\\\/dev.xstyle.md\\\/?s={search_term_string}\"},\"query-input\":{\"@type\":\"PropertyValueSpecification\",\"valueRequired\":true,\"valueName\":\"search_term_string\"}}],\"inLanguage\":\"ro-RO\"},{\"@type\":\"Organization\",\"@id\":\"https:\\\/\\\/dev.xstyle.md\\\/#organization\",\"name\":\"\u041c\u0430\u0433\u0430\u0437\u0438\u043d Xstyle\",\"alternateName\":\"x-style\",\"url\":\"https:\\\/\\\/dev.xstyle.md\\\/\",\"logo\":{\"@type\":\"ImageObject\",\"inLanguage\":\"ro-RO\",\"@id\":\"https:\\\/\\\/dev.xstyle.md\\\/#\\\/schema\\\/logo\\\/image\\\/\",\"url\":\"https:\\\/\\\/dev.xstyle.md\\\/wp-content\\\/uploads\\\/2020\\\/06\\\/logoicon.svg\",\"contentUrl\":\"https:\\\/\\\/dev.xstyle.md\\\/wp-content\\\/uploads\\\/2020\\\/06\\\/logoicon.svg\",\"caption\":\"\u041c\u0430\u0433\u0430\u0437\u0438\u043d Xstyle\"},\"image\":{\"@id\":\"https:\\\/\\\/dev.xstyle.md\\\/#\\\/schema\\\/logo\\\/image\\\/\"},\"sameAs\":[\"https:\\\/\\\/www.facebook.com\\\/xstylemd\",\"https:\\\/\\\/www.instagram.com\\\/xstyle_md\\\/\",\"https:\\\/\\\/t.me\\\/xstyle_outdoor\"],\"hasMerchantReturnPolicy\":{\"@type\":\"MerchantReturnPolicy\",\"merchantReturnLink\":\"https:\\\/\\\/dev.xstyle.md\\\/ro\\\/conditions\\\/\"}}]}<\/script>\n<meta property=\"product:price:amount\" content=\"3100.00\" \/>\n<meta property=\"product:price:currency\" content=\"MDL\" \/>\n<meta property=\"og:availability\" content=\"instock\" \/>\n<meta property=\"product:availability\" content=\"instock\" \/>\n<meta property=\"product:retailer_item_id\" content=\"850019774702\" \/>\n<meta property=\"product:condition\" content=\"new\" \/>\n<!-- \/ Yoast SEO plugin. -->","yoast_head_json":{"title":"\u0413\u043e\u0440\u0435\u043b\u043a\u0430 Jetboil Flash 1.0 Java Topo - \u041c\u0430\u0433\u0430\u0437\u0438\u043d Xstyle","robots":{"index":"noindex","follow":"follow","max-snippet":"max-snippet:-1","max-image-preview":"max-image-preview:large","max-video-preview":"max-video-preview:-1"},"og_locale":"ro_RO","og_type":"article","og_title":"\u0413\u043e\u0440\u0435\u043b\u043a\u0430 Jetboil Flash 1.0 Java Topo - \u041c\u0430\u0433\u0430\u0437\u0438\u043d Xstyle","og_description":"\u0411\u0440\u0435\u043d\u0434 Jetboil \u2014 \u044d\u0442\u043e \u0430\u043c\u0435\u0440\u0438\u043a\u0430\u043d\u0441\u043a\u0438\u0439 \u0431\u0440\u0435\u043d\u0434, \u043a\u043e\u0442\u043e\u0440\u044b\u0439 \u0432 2001 \u0433\u043e\u0434\u0443 \u0441\u043e\u0432\u0435\u0440\u0448\u0438\u043b \u0440\u0435\u0432\u043e\u043b\u044e\u0446\u0438\u044e \u0432 \u043f\u043e\u0445\u043e\u0434\u043d\u043e\u043c \u0441\u043d\u0430\u0440\u044f\u0436\u0435\u043d\u0438\u0438, \u0441\u043e\u0437\u0434\u0430\u0432 \u043f\u0435\u0440\u0432\u0443\u044e \u0432 \u043c\u0438\u0440\u0435 \u0438\u043d\u0442\u0435\u0433\u0440\u0438\u0440\u043e\u0432\u0430\u043d\u043d\u0443\u044e","og_url":"https:\/\/dev.xstyle.md\/ro\/produs\/gorelka-jetboil-flash-1-0-java-topo\/","og_site_name":"\u041c\u0430\u0433\u0430\u0437\u0438\u043d Xstyle","article_publisher":"https:\/\/www.facebook.com\/xstylemd","article_modified_time":"2026-02-20T10:59:33+00:00","og_image":[{"width":650,"height":650,"url":"https:\/\/dev.xstyle.md\/wp-content\/uploads\/2025\/08\/jetboil-flash-1.0-java-topo.jpg","type":"image\/jpeg"}],"twitter_card":"summary_large_image","twitter_misc":{"Pre\u021b":"3.100,00&nbsp;MDL","Disponibilitate":"\u00cen stoc"},"schema":{"@context":"https:\/\/schema.org","@graph":[{"@type":"WebPage","@id":"https:\/\/dev.xstyle.md\/product\/gorelka-jetboil-flash-1-0-java-topo\/","url":"https:\/\/dev.xstyle.md\/product\/gorelka-jetboil-flash-1-0-java-topo\/","name":"\u0413\u043e\u0440\u0435\u043b\u043a\u0430 Jetboil Flash 1.0 Java Topo - \u041c\u0430\u0433\u0430\u0437\u0438\u043d Xstyle","isPartOf":{"@id":"https:\/\/dev.xstyle.md\/#website"},"primaryImageOfPage":{"@id":"https:\/\/dev.xstyle.md\/product\/gorelka-jetboil-flash-1-0-java-topo\/#primaryimage"},"image":{"@id":"https:\/\/dev.xstyle.md\/product\/gorelka-jetboil-flash-1-0-java-topo\/#primaryimage"},"thumbnailUrl":"https:\/\/dev.xstyle.md\/wp-content\/uploads\/2025\/08\/jetboil-flash-1.0-java-topo.jpg","datePublished":"2025-08-21T10:19:16+00:00","dateModified":"2026-02-20T10:59:33+00:00","breadcrumb":{"@id":"https:\/\/dev.xstyle.md\/product\/gorelka-jetboil-flash-1-0-java-topo\/#breadcrumb"},"inLanguage":"ro-RO","potentialAction":[{"@type":"ReadAction","target":["https:\/\/dev.xstyle.md\/product\/gorelka-jetboil-flash-1-0-java-topo\/"]}]},{"@type":"ImageObject","inLanguage":"ro-RO","@id":"https:\/\/dev.xstyle.md\/product\/gorelka-jetboil-flash-1-0-java-topo\/#primaryimage","url":"https:\/\/dev.xstyle.md\/wp-content\/uploads\/2025\/08\/jetboil-flash-1.0-java-topo.jpg","contentUrl":"https:\/\/dev.xstyle.md\/wp-content\/uploads\/2025\/08\/jetboil-flash-1.0-java-topo.jpg","width":650,"height":650,"caption":"\u0422\u0443\u0440\u0438\u0441\u0442\u0438\u0447\u0435\u0441\u043a\u0430\u044f \u0433\u043e\u0440\u0435\u043b\u043a\u0430 Jetboil Flash 1.0 Java Topo \u0434\u043b\u044f \u0430\u043a\u0442\u0438\u0432\u043d\u043e\u0433\u043e \u043e\u0442\u0434\u044b\u0445\u0430, \u043f\u043e\u0445\u043e\u0434\u043e\u0432 \u0438 \u043f\u0443\u0442\u0435\u0448\u0435\u0441\u0442\u0432\u0438\u0439, \u043e\u0431\u0443\u0432\u044c \u0438 \u043e\u0434\u0435\u0436\u0434\u0430 \u0434\u043b\u044f \u0430\u043b\u044c\u043f\u0438\u043d\u0438\u0437\u043c\u0430 \u0438 \u0445\u0430\u0439\u043a\u0438\u043d\u0433\u0430"},{"@type":"BreadcrumbList","@id":"https:\/\/dev.xstyle.md\/product\/gorelka-jetboil-flash-1-0-java-topo\/#breadcrumb","itemListElement":[{"@type":"ListItem","position":1,"name":"\u0413\u043b\u0430\u0432\u043d\u0430\u044f \u0441\u0442\u0440\u0430\u043d\u0438\u0446\u0430","item":"https:\/\/dev.xstyle.md\/"},{"@type":"ListItem","position":2,"name":"Shop","item":"https:\/\/dev.xstyle.md\/shop\/"},{"@type":"ListItem","position":3,"name":"\u0413\u043e\u0440\u0435\u043b\u043a\u0430 Jetboil Flash 1.0 Java Topo"}]},{"@type":"WebSite","@id":"https:\/\/dev.xstyle.md\/#website","url":"https:\/\/dev.xstyle.md\/","name":"Magazinul X-Style","description":"Echipamente pentru turism \u0219i sporturi extreme \u00een Moldova. Pre\u021buri, fotografii, caracteristici \u00een Moldova.","publisher":{"@id":"https:\/\/dev.xstyle.md\/#organization"},"alternateName":"X-Style","potentialAction":[{"@type":"SearchAction","target":{"@type":"EntryPoint","urlTemplate":"https:\/\/dev.xstyle.md\/?s={search_term_string}"},"query-input":{"@type":"PropertyValueSpecification","valueRequired":true,"valueName":"search_term_string"}}],"inLanguage":"ro-RO"},{"@type":"Organization","@id":"https:\/\/dev.xstyle.md\/#organization","name":"Magazinul X-Style","alternateName":"x-style","url":"https:\/\/dev.xstyle.md\/","logo":{"@type":"ImageObject","inLanguage":"ro-RO","@id":"https:\/\/dev.xstyle.md\/#\/schema\/logo\/image\/","url":"https:\/\/dev.xstyle.md\/wp-content\/uploads\/2020\/06\/logoicon.svg","contentUrl":"https:\/\/dev.xstyle.md\/wp-content\/uploads\/2020\/06\/logoicon.svg","caption":"\u041c\u0430\u0433\u0430\u0437\u0438\u043d Xstyle"},"image":{"@id":"https:\/\/dev.xstyle.md\/#\/schema\/logo\/image\/"},"sameAs":["https:\/\/www.facebook.com\/xstylemd","https:\/\/www.instagram.com\/xstyle_md\/","https:\/\/t.me\/xstyle_outdoor"],"hasMerchantReturnPolicy":{"@type":"MerchantReturnPolicy","merchantReturnLink":"https:\/\/dev.xstyle.md\/ro\/conditions\/"}}]},"product_price_amount":"3100.00","product_price_currency":"MDL","og_availability":"instock","product_availability":"instock","product_retailer_item_id":"850019774702","product_condition":"new"},"post_mailing_queue_ids":[],"_links":{"self":[{"href":"https:\/\/dev.xstyle.md\/ro\/wp-json\/wp\/v2\/product\/96225","targetHints":{"allow":["GET"]}}],"collection":[{"href":"https:\/\/dev.xstyle.md\/ro\/wp-json\/wp\/v2\/product"}],"about":[{"href":"https:\/\/dev.xstyle.md\/ro\/wp-json\/wp\/v2\/types\/product"}],"replies":[{"embeddable":true,"href":"https:\/\/dev.xstyle.md\/ro\/wp-json\/wp\/v2\/comments?post=96225"}],"version-history":[{"count":2,"href":"https:\/\/dev.xstyle.md\/ro\/wp-json\/wp\/v2\/product\/96225\/revisions"}],"predecessor-version":[{"id":101857,"href":"https:\/\/dev.xstyle.md\/ro\/wp-json\/wp\/v2\/product\/96225\/revisions\/101857"}],"wp:featuredmedia":[{"embeddable":true,"href":"https:\/\/dev.xstyle.md\/ro\/wp-json\/wp\/v2\/media\/96330"}],"wp:attachment":[{"href":"https:\/\/dev.xstyle.md\/ro\/wp-json\/wp\/v2\/media?parent=96225"}],"wp:term":[{"taxonomy":"product_brand","embeddable":true,"href":"https:\/\/dev.xstyle.md\/ro\/wp-json\/wp\/v2\/product_brand?post=96225"},{"taxonomy":"product_cat","embeddable":true,"href":"https:\/\/dev.xstyle.md\/ro\/wp-json\/wp\/v2\/product_cat?post=96225"},{"taxonomy":"product_tag","embeddable":true,"href":"https:\/\/dev.xstyle.md\/ro\/wp-json\/wp\/v2\/product_tag?post=96225"}],"curies":[{"name":"wp","href":"https:\/\/api.w.org\/{rel}","templated":true}]}}