{"id":96051,"date":"2025-07-28T12:54:49","date_gmt":"2025-07-28T09:54:49","guid":{"rendered":"https:\/\/xstyle.md\/?post_type=product&#038;p=96051"},"modified":"2026-03-26T18:54:57","modified_gmt":"2026-03-26T15:54:57","slug":"kompressionnyj-meshok-sea-to-summit-ultra-sil-compression-sack-35-l-zinnia","status":"publish","type":"product","link":"https:\/\/dev.xstyle.md\/ro\/produs\/kompressionnyj-meshok-sea-to-summit-ultra-sil-compression-sack-35-l-zinnia\/","title":{"rendered":"Sac ermetic Sea to Summit Ultra-Sil Compression Sack 35 L zinnia"},"content":{"rendered":"<\/p>\n<p><strong>Sea to Summit Ultra-Sil Compression Sack 35 L zinnia<\/strong> &#8212; acesta este un accesoriu indispensabil pentru turi\u0219ti \u0219i c\u0103l\u0103tori, permi\u021b\u00e2nd \u00eempachetarea extrem de compact\u0103 a obiectelor voluminoase (saci de dormit, haine), economisind spa\u021biu pre\u021bios \u00een rucsac. Sacul permite reducerea volumului con\u021binutului p\u00e2n\u0103 la o treime din dimensiunea ini\u021bial\u0103.<\/p>\n<h3>Particularit\u0103\u021bi<\/h3>\n<ul>\n<li>Cele patru curele reglabile cu catarame permit comprimarea uniform\u0103 a sacului, transform\u00e2nd obiectele voluminoase \u00eentr-un pachet compact<\/li>\n<li>Fabricat din nailon 70D u\u0219or, dar foarte rezistent, cu \u00eenveli\u0219 hidrofob<\/li>\n<li>Se \u00eenchide cu un capac rabatabil \u0219i un \u0219nur cu opritor, prevenind c\u0103derea obiectelor<\/li>\n<li>Toate punctele de fixare ale curelelor sunt \u00eent\u0103rite pentru a rezista la tensiuni mari f\u0103r\u0103 riscul de a rupe materialul<\/li>\n<li>Stratul interior deschis la culoare faciliteaz\u0103 g\u0103sirea rapid\u0103 a obiectelor \u00een interiorul sacului<\/li>\n<\/ul>\n<h3>Caracteristici<\/h3>\n<ul>\n<li>Volum &#8212; 35 litri (se comprim\u0103 p\u00e2n\u0103 la aproximativ 10-12 litri)<\/li>\n<li>Material &#8212; Nailon 70D (cu \u00eenveli\u0219 din poliuretan)<\/li>\n<li>Dimensiuni &#8212; aproximativ 30 x 58 cm<\/li>\n<li>Greutate &#8212; aproximativ 156 g<\/li>\n<\/ul>\n<p><\/p>\n<h3>Marca<\/h3>\n<p>Sea to Summit -  este un brand fondat \u00een anul 1990, \u00een Australia. \u00cen sortimentul s\u0103u se reg\u0103se\u0219te echipament unic \u0219i util pentru turism \u0219i c\u0103l\u0103torii: huse impermeabile, prosoape din microfibr\u0103, vesel\u0103 pliabil\u0103 din silicon, gen\u021bi, rucsacuri, corturi \u0219i saci de dormit. Fiecare obiect dezvoltat de companie are o greutate minim\u0103 \u0219i o func\u021bionalitate maxim\u0103.<\/p>","protected":false},"excerpt":{"rendered":"<p>\u0411\u0440\u0435\u043d\u0434 Sea to Summit &#8212; \u0431\u0440\u0435\u043d\u0434, \u043e\u0441\u043d\u043e\u0432\u0430\u043d\u043d\u044b\u0439 \u0432 1990 \u0433\u043e\u0434\u0443 \u0432 \u0410\u0432\u0441\u0442\u0440\u0430\u043b\u0438\u0438. \u0412 \u0435\u0433\u043e \u0430\u0441\u0441\u043e\u0440\u0442\u0438\u043c\u0435\u043d\u0442\u0435 \u0443\u043d\u0438\u043a\u0430\u043b\u044c\u043d\u043e\u0435 \u0438 \u043f\u043e\u043b\u0435\u0437\u043d\u043e\u0435 \u0441\u043d\u0430\u0440\u044f\u0436\u0435\u043d\u0438\u0435 \u0434\u043b\u044f<\/p>","protected":false},"featured_media":104274,"comment_status":"open","ping_status":"closed","template":"","meta":{"_acf_changed":false,"inline_featured_image":false},"product_brand":[1281],"product_cat":[863],"product_tag":[],"class_list":{"0":"post-96051","1":"product","2":"type-product","3":"status-publish","4":"has-post-thumbnail","6":"product_brand-sea-to-summit","7":"product_cat-hermetic-bags","9":"first","10":"instock","11":"shipping-taxable","12":"purchasable","13":"product-type-simple"},"acf":[],"yoast_head":"<!-- This site is optimized with the Yoast SEO plugin v27.5 - https:\/\/yoast.com\/product\/yoast-seo-wordpress\/ -->\n<title>\u041a\u043e\u043c\u043f\u0440\u0435\u0441\u0441\u0438\u043e\u043d\u043d\u044b\u0439 \u043c\u0435\u0448\u043e\u043a Sea to Summit Ultra-Sil Compression Sack 35 L zinnia - \u041c\u0430\u0433\u0430\u0437\u0438\u043d Xstyle<\/title>\n<meta name=\"robots\" content=\"noindex, follow, max-snippet:-1, max-image-preview:large, max-video-preview:-1\" \/>\n<meta property=\"og:locale\" content=\"ro_RO\" \/>\n<meta property=\"og:type\" content=\"article\" \/>\n<meta property=\"og:title\" content=\"\u041a\u043e\u043c\u043f\u0440\u0435\u0441\u0441\u0438\u043e\u043d\u043d\u044b\u0439 \u043c\u0435\u0448\u043e\u043a Sea to Summit Ultra-Sil Compression Sack 35 L zinnia - \u041c\u0430\u0433\u0430\u0437\u0438\u043d Xstyle\" \/>\n<meta property=\"og:description\" content=\"\u0411\u0440\u0435\u043d\u0434 Sea to Summit &#8212; \u0431\u0440\u0435\u043d\u0434, \u043e\u0441\u043d\u043e\u0432\u0430\u043d\u043d\u044b\u0439 \u0432 1990 \u0433\u043e\u0434\u0443 \u0432 \u0410\u0432\u0441\u0442\u0440\u0430\u043b\u0438\u0438. \u0412 \u0435\u0433\u043e \u0430\u0441\u0441\u043e\u0440\u0442\u0438\u043c\u0435\u043d\u0442\u0435 \u0443\u043d\u0438\u043a\u0430\u043b\u044c\u043d\u043e\u0435 \u0438 \u043f\u043e\u043b\u0435\u0437\u043d\u043e\u0435 \u0441\u043d\u0430\u0440\u044f\u0436\u0435\u043d\u0438\u0435 \u0434\u043b\u044f\" \/>\n<meta property=\"og:url\" content=\"https:\/\/dev.xstyle.md\/ro\/produs\/kompressionnyj-meshok-sea-to-summit-ultra-sil-compression-sack-35-l-zinnia\/\" \/>\n<meta property=\"og:site_name\" content=\"\u041c\u0430\u0433\u0430\u0437\u0438\u043d Xstyle\" \/>\n<meta property=\"article:publisher\" content=\"https:\/\/www.facebook.com\/xstylemd\" \/>\n<meta property=\"article:modified_time\" content=\"2026-03-26T15:54:57+00:00\" \/>\n<meta property=\"og:image\" content=\"https:\/\/dev.xstyle.md\/wp-content\/uploads\/2025\/07\/sea-to-summit-ultra-sil-compression-sack-35-l-zinnia.webp\" \/>\n\t<meta property=\"og:image:width\" content=\"1200\" \/>\n\t<meta property=\"og:image:height\" content=\"1200\" \/>\n\t<meta property=\"og:image:type\" content=\"image\/webp\" \/>\n<meta name=\"twitter:card\" content=\"summary_large_image\" \/>\n<meta name=\"twitter:label1\" content=\"Pre\u021b\" \/>\n\t<meta name=\"twitter:data1\" content=\"1.100,00&nbsp;MDL\" \/>\n\t<meta name=\"twitter:label2\" content=\"Disponibilitate\" \/>\n\t<meta name=\"twitter:data2\" content=\"\u00cen stoc\" \/>\n<script type=\"application\/ld+json\" class=\"yoast-schema-graph\">{\"@context\":\"https:\\\/\\\/schema.org\",\"@graph\":[{\"@type\":\"WebPage\",\"@id\":\"https:\\\/\\\/dev.xstyle.md\\\/product\\\/kompressionnyj-meshok-sea-to-summit-ultra-sil-compression-sack-35-l-zinnia\\\/\",\"url\":\"https:\\\/\\\/dev.xstyle.md\\\/product\\\/kompressionnyj-meshok-sea-to-summit-ultra-sil-compression-sack-35-l-zinnia\\\/\",\"name\":\"\u041a\u043e\u043c\u043f\u0440\u0435\u0441\u0441\u0438\u043e\u043d\u043d\u044b\u0439 \u043c\u0435\u0448\u043e\u043a Sea to Summit Ultra-Sil Compression Sack 35 L zinnia - \u041c\u0430\u0433\u0430\u0437\u0438\u043d Xstyle\",\"isPartOf\":{\"@id\":\"https:\\\/\\\/dev.xstyle.md\\\/#website\"},\"primaryImageOfPage\":{\"@id\":\"https:\\\/\\\/dev.xstyle.md\\\/product\\\/kompressionnyj-meshok-sea-to-summit-ultra-sil-compression-sack-35-l-zinnia\\\/#primaryimage\"},\"image\":{\"@id\":\"https:\\\/\\\/dev.xstyle.md\\\/product\\\/kompressionnyj-meshok-sea-to-summit-ultra-sil-compression-sack-35-l-zinnia\\\/#primaryimage\"},\"thumbnailUrl\":\"https:\\\/\\\/dev.xstyle.md\\\/wp-content\\\/uploads\\\/2025\\\/07\\\/sea-to-summit-ultra-sil-compression-sack-35-l-zinnia.webp\",\"datePublished\":\"2025-07-28T09:54:49+00:00\",\"dateModified\":\"2026-03-26T15:54:57+00:00\",\"breadcrumb\":{\"@id\":\"https:\\\/\\\/dev.xstyle.md\\\/product\\\/kompressionnyj-meshok-sea-to-summit-ultra-sil-compression-sack-35-l-zinnia\\\/#breadcrumb\"},\"inLanguage\":\"ro-RO\",\"potentialAction\":[{\"@type\":\"ReadAction\",\"target\":[\"https:\\\/\\\/dev.xstyle.md\\\/product\\\/kompressionnyj-meshok-sea-to-summit-ultra-sil-compression-sack-35-l-zinnia\\\/\"]}]},{\"@type\":\"ImageObject\",\"inLanguage\":\"ro-RO\",\"@id\":\"https:\\\/\\\/dev.xstyle.md\\\/product\\\/kompressionnyj-meshok-sea-to-summit-ultra-sil-compression-sack-35-l-zinnia\\\/#primaryimage\",\"url\":\"https:\\\/\\\/dev.xstyle.md\\\/wp-content\\\/uploads\\\/2025\\\/07\\\/sea-to-summit-ultra-sil-compression-sack-35-l-zinnia.webp\",\"contentUrl\":\"https:\\\/\\\/dev.xstyle.md\\\/wp-content\\\/uploads\\\/2025\\\/07\\\/sea-to-summit-ultra-sil-compression-sack-35-l-zinnia.webp\",\"width\":1200,\"height\":1200,\"caption\":\"\u041a\u043e\u043c\u043f\u0440\u0435\u0441\u0441\u0438\u043e\u043d\u043d\u044b\u0439 \u043c\u0435\u0448\u043e\u043a Sea to Summit Ultra-Sil \u0434\u043b\u044f \u0430\u043a\u0442\u0438\u0432\u043d\u043e\u0433\u043e \u043e\u0442\u0434\u044b\u0445\u0430 \u0438 \u043f\u0443\u0442\u0435\u0448\u0435\u0441\u0442\u0432\u0438\u0439, \u043f\u043e\u0445\u043e\u0434\u043d\u0430\u044f \u044d\u043a\u0438\u043f\u0438\u0440\u043e\u0432\u043a\u0430, \u0441\u043f\u043e\u0440\u0442\u0438\u0432\u043d\u0430\u044f \u043e\u0434\u0435\u0436\u0434\u0430 \u0438 \u043e\u0431\u0443\u0432\u044c \u0434\u043b\u044f \u0445\u0430\u0439\u043a\u0438\u043d\u0433\u0430 \u0438 \u0430\u043b\u044c\u043f\u0438\u043d\u0438\u0437\u043c\u0430\"},{\"@type\":\"BreadcrumbList\",\"@id\":\"https:\\\/\\\/dev.xstyle.md\\\/product\\\/kompressionnyj-meshok-sea-to-summit-ultra-sil-compression-sack-35-l-zinnia\\\/#breadcrumb\",\"itemListElement\":[{\"@type\":\"ListItem\",\"position\":1,\"name\":\"\u0413\u043b\u0430\u0432\u043d\u0430\u044f \u0441\u0442\u0440\u0430\u043d\u0438\u0446\u0430\",\"item\":\"https:\\\/\\\/dev.xstyle.md\\\/\"},{\"@type\":\"ListItem\",\"position\":2,\"name\":\"Shop\",\"item\":\"https:\\\/\\\/dev.xstyle.md\\\/shop\\\/\"},{\"@type\":\"ListItem\",\"position\":3,\"name\":\"\u041a\u043e\u043c\u043f\u0440\u0435\u0441\u0441\u0438\u043e\u043d\u043d\u044b\u0439 \u043c\u0435\u0448\u043e\u043a Sea to Summit Ultra-Sil Compression Sack 35 L zinnia\"}]},{\"@type\":\"WebSite\",\"@id\":\"https:\\\/\\\/dev.xstyle.md\\\/#website\",\"url\":\"https:\\\/\\\/dev.xstyle.md\\\/\",\"name\":\"\u041c\u0430\u0433\u0430\u0437\u0438\u043d Xstyle\",\"description\":\"C\u043d\u0430\u0440\u044f\u0436\u0435\u043d\u0438\u0435 \u0434\u043b\u044f \u0442\u0443\u0440\u0438\u0437\u043c\u0430 \u0438 \u044d\u043a\u0441\u0442\u0440\u0435\u043c\u0430\u043b\u044c\u043d\u044b\u0445 \u0432\u0438\u0434\u043e\u0432 \u0441\u043f\u043e\u0440\u0442\u0430 \u0432 \u041c\u043e\u043b\u0434\u043e\u0432\u0435.. \u0426\u0435\u043d\u044b, \u0444\u043e\u0442\u043e, \u0445\u0430\u0440\u0430\u043a\u0442\u0435\u0440\u0438\u0441\u0442\u0438\u043a\u0438 \u0432 \u041c\u043e\u043b\u0434\u043e\u0432\u0435.\",\"publisher\":{\"@id\":\"https:\\\/\\\/dev.xstyle.md\\\/#organization\"},\"alternateName\":\"X-Style\",\"potentialAction\":[{\"@type\":\"SearchAction\",\"target\":{\"@type\":\"EntryPoint\",\"urlTemplate\":\"https:\\\/\\\/dev.xstyle.md\\\/?s={search_term_string}\"},\"query-input\":{\"@type\":\"PropertyValueSpecification\",\"valueRequired\":true,\"valueName\":\"search_term_string\"}}],\"inLanguage\":\"ro-RO\"},{\"@type\":\"Organization\",\"@id\":\"https:\\\/\\\/dev.xstyle.md\\\/#organization\",\"name\":\"\u041c\u0430\u0433\u0430\u0437\u0438\u043d Xstyle\",\"alternateName\":\"x-style\",\"url\":\"https:\\\/\\\/dev.xstyle.md\\\/\",\"logo\":{\"@type\":\"ImageObject\",\"inLanguage\":\"ro-RO\",\"@id\":\"https:\\\/\\\/dev.xstyle.md\\\/#\\\/schema\\\/logo\\\/image\\\/\",\"url\":\"https:\\\/\\\/dev.xstyle.md\\\/wp-content\\\/uploads\\\/2020\\\/06\\\/logoicon.svg\",\"contentUrl\":\"https:\\\/\\\/dev.xstyle.md\\\/wp-content\\\/uploads\\\/2020\\\/06\\\/logoicon.svg\",\"caption\":\"\u041c\u0430\u0433\u0430\u0437\u0438\u043d Xstyle\"},\"image\":{\"@id\":\"https:\\\/\\\/dev.xstyle.md\\\/#\\\/schema\\\/logo\\\/image\\\/\"},\"sameAs\":[\"https:\\\/\\\/www.facebook.com\\\/xstylemd\",\"https:\\\/\\\/www.instagram.com\\\/xstyle_md\\\/\",\"https:\\\/\\\/t.me\\\/xstyle_outdoor\"],\"hasMerchantReturnPolicy\":{\"@type\":\"MerchantReturnPolicy\",\"merchantReturnLink\":\"https:\\\/\\\/dev.xstyle.md\\\/ro\\\/conditions\\\/\"}}]}<\/script>\n<meta property=\"product:price:amount\" content=\"1100.00\" \/>\n<meta property=\"product:price:currency\" content=\"MDL\" \/>\n<meta property=\"og:availability\" content=\"instock\" \/>\n<meta property=\"product:availability\" content=\"instock\" \/>\n<meta property=\"product:retailer_item_id\" content=\"9327868148189\" \/>\n<meta property=\"product:condition\" content=\"new\" \/>\n<!-- \/ Yoast SEO plugin. -->","yoast_head_json":{"title":"\u041a\u043e\u043c\u043f\u0440\u0435\u0441\u0441\u0438\u043e\u043d\u043d\u044b\u0439 \u043c\u0435\u0448\u043e\u043a Sea to Summit Ultra-Sil Compression Sack 35 L zinnia - \u041c\u0430\u0433\u0430\u0437\u0438\u043d Xstyle","robots":{"index":"noindex","follow":"follow","max-snippet":"max-snippet:-1","max-image-preview":"max-image-preview:large","max-video-preview":"max-video-preview:-1"},"og_locale":"ro_RO","og_type":"article","og_title":"\u041a\u043e\u043c\u043f\u0440\u0435\u0441\u0441\u0438\u043e\u043d\u043d\u044b\u0439 \u043c\u0435\u0448\u043e\u043a Sea to Summit Ultra-Sil Compression Sack 35 L zinnia - \u041c\u0430\u0433\u0430\u0437\u0438\u043d Xstyle","og_description":"\u0411\u0440\u0435\u043d\u0434 Sea to Summit &#8212; \u0431\u0440\u0435\u043d\u0434, \u043e\u0441\u043d\u043e\u0432\u0430\u043d\u043d\u044b\u0439 \u0432 1990 \u0433\u043e\u0434\u0443 \u0432 \u0410\u0432\u0441\u0442\u0440\u0430\u043b\u0438\u0438. \u0412 \u0435\u0433\u043e \u0430\u0441\u0441\u043e\u0440\u0442\u0438\u043c\u0435\u043d\u0442\u0435 \u0443\u043d\u0438\u043a\u0430\u043b\u044c\u043d\u043e\u0435 \u0438 \u043f\u043e\u043b\u0435\u0437\u043d\u043e\u0435 \u0441\u043d\u0430\u0440\u044f\u0436\u0435\u043d\u0438\u0435 \u0434\u043b\u044f","og_url":"https:\/\/dev.xstyle.md\/ro\/produs\/kompressionnyj-meshok-sea-to-summit-ultra-sil-compression-sack-35-l-zinnia\/","og_site_name":"\u041c\u0430\u0433\u0430\u0437\u0438\u043d Xstyle","article_publisher":"https:\/\/www.facebook.com\/xstylemd","article_modified_time":"2026-03-26T15:54:57+00:00","og_image":[{"width":1200,"height":1200,"url":"https:\/\/dev.xstyle.md\/wp-content\/uploads\/2025\/07\/sea-to-summit-ultra-sil-compression-sack-35-l-zinnia.webp","type":"image\/webp"}],"twitter_card":"summary_large_image","twitter_misc":{"Pre\u021b":"1.100,00&nbsp;MDL","Disponibilitate":"\u00cen stoc"},"schema":{"@context":"https:\/\/schema.org","@graph":[{"@type":"WebPage","@id":"https:\/\/dev.xstyle.md\/product\/kompressionnyj-meshok-sea-to-summit-ultra-sil-compression-sack-35-l-zinnia\/","url":"https:\/\/dev.xstyle.md\/product\/kompressionnyj-meshok-sea-to-summit-ultra-sil-compression-sack-35-l-zinnia\/","name":"\u041a\u043e\u043c\u043f\u0440\u0435\u0441\u0441\u0438\u043e\u043d\u043d\u044b\u0439 \u043c\u0435\u0448\u043e\u043a Sea to Summit Ultra-Sil Compression Sack 35 L zinnia - \u041c\u0430\u0433\u0430\u0437\u0438\u043d Xstyle","isPartOf":{"@id":"https:\/\/dev.xstyle.md\/#website"},"primaryImageOfPage":{"@id":"https:\/\/dev.xstyle.md\/product\/kompressionnyj-meshok-sea-to-summit-ultra-sil-compression-sack-35-l-zinnia\/#primaryimage"},"image":{"@id":"https:\/\/dev.xstyle.md\/product\/kompressionnyj-meshok-sea-to-summit-ultra-sil-compression-sack-35-l-zinnia\/#primaryimage"},"thumbnailUrl":"https:\/\/dev.xstyle.md\/wp-content\/uploads\/2025\/07\/sea-to-summit-ultra-sil-compression-sack-35-l-zinnia.webp","datePublished":"2025-07-28T09:54:49+00:00","dateModified":"2026-03-26T15:54:57+00:00","breadcrumb":{"@id":"https:\/\/dev.xstyle.md\/product\/kompressionnyj-meshok-sea-to-summit-ultra-sil-compression-sack-35-l-zinnia\/#breadcrumb"},"inLanguage":"ro-RO","potentialAction":[{"@type":"ReadAction","target":["https:\/\/dev.xstyle.md\/product\/kompressionnyj-meshok-sea-to-summit-ultra-sil-compression-sack-35-l-zinnia\/"]}]},{"@type":"ImageObject","inLanguage":"ro-RO","@id":"https:\/\/dev.xstyle.md\/product\/kompressionnyj-meshok-sea-to-summit-ultra-sil-compression-sack-35-l-zinnia\/#primaryimage","url":"https:\/\/dev.xstyle.md\/wp-content\/uploads\/2025\/07\/sea-to-summit-ultra-sil-compression-sack-35-l-zinnia.webp","contentUrl":"https:\/\/dev.xstyle.md\/wp-content\/uploads\/2025\/07\/sea-to-summit-ultra-sil-compression-sack-35-l-zinnia.webp","width":1200,"height":1200,"caption":"\u041a\u043e\u043c\u043f\u0440\u0435\u0441\u0441\u0438\u043e\u043d\u043d\u044b\u0439 \u043c\u0435\u0448\u043e\u043a Sea to Summit Ultra-Sil \u0434\u043b\u044f \u0430\u043a\u0442\u0438\u0432\u043d\u043e\u0433\u043e \u043e\u0442\u0434\u044b\u0445\u0430 \u0438 \u043f\u0443\u0442\u0435\u0448\u0435\u0441\u0442\u0432\u0438\u0439, \u043f\u043e\u0445\u043e\u0434\u043d\u0430\u044f \u044d\u043a\u0438\u043f\u0438\u0440\u043e\u0432\u043a\u0430, \u0441\u043f\u043e\u0440\u0442\u0438\u0432\u043d\u0430\u044f \u043e\u0434\u0435\u0436\u0434\u0430 \u0438 \u043e\u0431\u0443\u0432\u044c \u0434\u043b\u044f \u0445\u0430\u0439\u043a\u0438\u043d\u0433\u0430 \u0438 \u0430\u043b\u044c\u043f\u0438\u043d\u0438\u0437\u043c\u0430"},{"@type":"BreadcrumbList","@id":"https:\/\/dev.xstyle.md\/product\/kompressionnyj-meshok-sea-to-summit-ultra-sil-compression-sack-35-l-zinnia\/#breadcrumb","itemListElement":[{"@type":"ListItem","position":1,"name":"\u0413\u043b\u0430\u0432\u043d\u0430\u044f \u0441\u0442\u0440\u0430\u043d\u0438\u0446\u0430","item":"https:\/\/dev.xstyle.md\/"},{"@type":"ListItem","position":2,"name":"Shop","item":"https:\/\/dev.xstyle.md\/shop\/"},{"@type":"ListItem","position":3,"name":"\u041a\u043e\u043c\u043f\u0440\u0435\u0441\u0441\u0438\u043e\u043d\u043d\u044b\u0439 \u043c\u0435\u0448\u043e\u043a Sea to Summit Ultra-Sil Compression Sack 35 L zinnia"}]},{"@type":"WebSite","@id":"https:\/\/dev.xstyle.md\/#website","url":"https:\/\/dev.xstyle.md\/","name":"Magazinul X-Style","description":"Echipamente pentru turism \u0219i sporturi extreme \u00een Moldova. Pre\u021buri, fotografii, caracteristici \u00een Moldova.","publisher":{"@id":"https:\/\/dev.xstyle.md\/#organization"},"alternateName":"X-Style","potentialAction":[{"@type":"SearchAction","target":{"@type":"EntryPoint","urlTemplate":"https:\/\/dev.xstyle.md\/?s={search_term_string}"},"query-input":{"@type":"PropertyValueSpecification","valueRequired":true,"valueName":"search_term_string"}}],"inLanguage":"ro-RO"},{"@type":"Organization","@id":"https:\/\/dev.xstyle.md\/#organization","name":"Magazinul X-Style","alternateName":"x-style","url":"https:\/\/dev.xstyle.md\/","logo":{"@type":"ImageObject","inLanguage":"ro-RO","@id":"https:\/\/dev.xstyle.md\/#\/schema\/logo\/image\/","url":"https:\/\/dev.xstyle.md\/wp-content\/uploads\/2020\/06\/logoicon.svg","contentUrl":"https:\/\/dev.xstyle.md\/wp-content\/uploads\/2020\/06\/logoicon.svg","caption":"\u041c\u0430\u0433\u0430\u0437\u0438\u043d Xstyle"},"image":{"@id":"https:\/\/dev.xstyle.md\/#\/schema\/logo\/image\/"},"sameAs":["https:\/\/www.facebook.com\/xstylemd","https:\/\/www.instagram.com\/xstyle_md\/","https:\/\/t.me\/xstyle_outdoor"],"hasMerchantReturnPolicy":{"@type":"MerchantReturnPolicy","merchantReturnLink":"https:\/\/dev.xstyle.md\/ro\/conditions\/"}}]},"product_price_amount":"1100.00","product_price_currency":"MDL","og_availability":"instock","product_availability":"instock","product_retailer_item_id":"9327868148189","product_condition":"new"},"post_mailing_queue_ids":[],"_links":{"self":[{"href":"https:\/\/dev.xstyle.md\/ro\/wp-json\/wp\/v2\/product\/96051","targetHints":{"allow":["GET"]}}],"collection":[{"href":"https:\/\/dev.xstyle.md\/ro\/wp-json\/wp\/v2\/product"}],"about":[{"href":"https:\/\/dev.xstyle.md\/ro\/wp-json\/wp\/v2\/types\/product"}],"replies":[{"embeddable":true,"href":"https:\/\/dev.xstyle.md\/ro\/wp-json\/wp\/v2\/comments?post=96051"}],"version-history":[{"count":1,"href":"https:\/\/dev.xstyle.md\/ro\/wp-json\/wp\/v2\/product\/96051\/revisions"}],"predecessor-version":[{"id":104273,"href":"https:\/\/dev.xstyle.md\/ro\/wp-json\/wp\/v2\/product\/96051\/revisions\/104273"}],"wp:featuredmedia":[{"embeddable":true,"href":"https:\/\/dev.xstyle.md\/ro\/wp-json\/wp\/v2\/media\/104274"}],"wp:attachment":[{"href":"https:\/\/dev.xstyle.md\/ro\/wp-json\/wp\/v2\/media?parent=96051"}],"wp:term":[{"taxonomy":"product_brand","embeddable":true,"href":"https:\/\/dev.xstyle.md\/ro\/wp-json\/wp\/v2\/product_brand?post=96051"},{"taxonomy":"product_cat","embeddable":true,"href":"https:\/\/dev.xstyle.md\/ro\/wp-json\/wp\/v2\/product_cat?post=96051"},{"taxonomy":"product_tag","embeddable":true,"href":"https:\/\/dev.xstyle.md\/ro\/wp-json\/wp\/v2\/product_tag?post=96051"}],"curies":[{"name":"wp","href":"https:\/\/api.w.org\/{rel}","templated":true}]}}