{"id":96006,"date":"2025-07-28T12:54:26","date_gmt":"2025-07-28T09:54:26","guid":{"rendered":"https:\/\/xstyle.md\/?post_type=product&#038;p=96006"},"modified":"2026-02-16T12:31:33","modified_gmt":"2026-02-16T09:31:33","slug":"kovrik-dlya-jogi-manduka-eko-lite-71-acai","status":"publish","type":"product","link":"https:\/\/xstyle.md\/ro\/produs\/kovrik-dlya-jogi-manduka-eko-lite-71-acai\/","title":{"rendered":"Covora\u0219 Yoga Manduka Eko Lite 71 acai"},"content":{"rendered":"<\/p>\n<p><strong>Manduka Eko Lite 71 acai <\/strong>&#8212; covora\u0219 de yoga confortabil \u0219i moale, fabricat cu o suprafa\u021b\u0103 unic\u0103 cu celule sigilate care \u00eempiedic\u0103 p\u0103trunderea umezelii pe covora\u0219, men\u021bin\u00e2ndu-l curat \u0219i \u00een stare bun\u0103 mai mult timp dec\u00e2t alte covora\u0219e din cauciuc natural. Datorit\u0103 compozi\u021biei sale ecologice, acest covora\u0219 minunat nu v\u0103 va afecta pe dvs. sau planeta noastr\u0103.<\/p>\n<p>Spre deosebire de alte covora\u0219e din cauciuc, agen\u021bii de spumare utiliza\u021bi pentru a crea eKO Lite nu sunt toxici. Acest lucru \u00eenseamn\u0103 c\u0103 nu sunt implicate substan\u021be chimice toxice \u00een procesul de fabrica\u021bie pentru a \u00eenmuia cauciucul. \u00cen plus, \u00een loc s\u0103 se utilizeze poliester sintetic pentru ranforsare, se folose\u0219te un amestec de poliester \u0219i bumbac natural. Fiecare covora\u0219 din gama Eko Lite este finisat manual \u0219i are un model unic.<\/p>\n<h3>Particularit\u0103\u021bi<\/h3>\n<ul>\n<li>Proiectat de mae\u0219trii yoga.<\/li>\n<li>Unul dintre cele mai puternice covora\u0219e de yoga din cauciuc natural de pe pia\u021b\u0103.<\/li>\n<li>F\u0103r\u0103 PVC sau plastifian\u021bi d\u0103un\u0103tori.<\/li>\n<li>Fabricat din cauciuc natural biodegradabil.<\/li>\n<li>Agen\u021bi de expandare \u0219i coloran\u021bi non-toxici, f\u0103r\u0103 AZO.<\/li>\n<li>100% f\u0103r\u0103 latex, sigure pentru utilizarea de c\u0103tre majoritatea persoanelor sensibile la latex.<\/li>\n<\/ul>\n<p><strong>\u00cengrijire<\/strong><\/p>\n<p>Nu pune\u021bi covora\u0219ul \u00een ma\u0219ina de sp\u0103lat deoarece acest lucru va distruge materialul. Nu \u00eenmuia\u021bi sau nu scufunda\u021bi \u00een ap\u0103. Covora\u0219ul poate fi \u0219ters cu un burete umed sau pulverizat cu un spray antibacterian. Nu l\u0103sa\u021bi covora\u0219ul pe calorifer sau usc\u0103tor.<\/p>\n<p><strong>Depozitare<\/strong><\/p>\n<p>Nu l\u0103sa\u021bi covora\u0219ul \u00een lumina direct\u0103 a soarelui. Dac\u0103 este umed, l\u0103sa\u021bi covora\u0219ul s\u0103 se usuce \u00eenainte de a-l \u00eenf\u0103\u0219ura. Pentru cele mai bune rezultate, p\u0103stra\u021bi covora\u0219ul eKO \u00eentr-un capac atunci c\u00e2nd nu este utilizat, deoarece expunerea prelungit\u0103 la aer \u0219i soare poate deteriora cauciucul de pe covora\u0219. Utilizarea acestui produs \u00een medii fierbin\u021bi necesit\u0103 \u00eentre\u021binere periodic\u0103 pentru a men\u021bine performan\u021ba cauciucului.<\/p>\n<h3>Caracteristici<\/h3>\n<ul>\n<li>Dimensiuni: 180 x 61 cm<\/li>\n<li>Grosime: 4 mm<\/li>\n<li>Greutate: 2,9 kg<\/li>\n<\/ul>\n<p><\/p>\n<h3>Marca<\/h3>\n<h3><\/h3>\n<p>Manduka - este un brand american iconic, fondat de arhitec\u021bi \u0219i mae\u0219tri yoga, fiind considerat de peste 20 de ani standardul de aur \u00een industrie. Brandul este renumit pentru filosofia sa de consum con\u0219tient \u0219i pentru crearea legendar\u0103 a saltelu\u021belor din seriile PRO \u0219i eKO, care combin\u0103 o durabilitate fenomenal\u0103, sustenabilitatea \u0219i o aderen\u021b\u0103 impecabil\u0103.<\/p>","protected":false},"excerpt":{"rendered":"<p>\u0411\u0440\u0435\u043d\u0434 Manduka \u2014 \u044d\u0442\u043e \u043a\u0443\u043b\u044c\u0442\u043e\u0432\u044b\u0439 \u0430\u043c\u0435\u0440\u0438\u043a\u0430\u043d\u0441\u043a\u0438\u0439 \u0431\u0440\u0435\u043d\u0434, \u0441\u043e\u0437\u0434\u0430\u043d\u043d\u044b\u0439 \u0430\u0440\u0445\u0438\u0442\u0435\u043a\u0442\u043e\u0440\u0430\u043c\u0438 \u0438 \u043c\u0430\u0441\u0442\u0435\u0440\u0430\u043c\u0438 \u0439\u043e\u0433\u0438, \u043a\u043e\u0442\u043e\u0440\u044b\u0439 \u0443\u0436\u0435 \u0431\u043e\u043b\u0435\u0435 20 \u043b\u0435\u0442 \u0441\u0447\u0438\u0442\u0430\u0435\u0442\u0441\u044f \u0437\u043e\u043b\u043e\u0442\u044b\u043c \u0441\u0442\u0430\u043d\u0434\u0430\u0440\u0442\u043e\u043c \u0432 \u0438\u043d\u0434\u0443\u0441\u0442\u0440\u0438\u0438. \u0411\u0440\u0435\u043d\u0434 \u043f\u0440\u043e\u0441\u043b\u0430\u0432\u0438\u043b\u0441\u044f \u0441\u0432\u043e\u0435\u0439 \u0444\u0438\u043b\u043e\u0441\u043e\u0444\u0438\u0435\u0439 \u043e\u0441\u043e\u0437\u043d\u0430\u043d\u043d\u043e\u0433\u043e \u043f\u043e\u0442\u0440\u0435\u0431\u043b\u0435\u043d\u0438\u044f \u0438 \u0441\u043e\u0437\u0434\u0430\u043d\u0438\u0435\u043c \u043b\u0435\u0433\u0435\u043d\u0434\u0430\u0440\u043d\u044b\u0445 \u043a\u043e\u0432\u0440\u0438\u043a\u043e\u0432 \u0441\u0435\u0440\u0438\u0438 PRO \u0438 eKO, \u043a\u043e\u0442\u043e\u0440\u044b\u0435 \u0441\u043e\u0447\u0435\u0442\u0430\u044e\u0442 \u0432 \u0441\u0435\u0431\u0435 \u0444\u0435\u043d\u043e\u043c\u0435\u043d\u0430\u043b\u044c\u043d\u0443\u044e \u0438\u0437\u043d\u043e\u0441\u043e\u0441\u0442\u043e\u0439\u043a\u043e\u0441\u0442\u044c, \u044d\u043a\u043e\u043b\u043e\u0433\u0438\u0447\u043d\u043e\u0441\u0442\u044c \u0438 \u0431\u0435\u0437\u0443\u043f\u0440\u0435\u0447\u043d\u043e\u0435 \u0441\u0446\u0435\u043f\u043b\u0435\u043d\u0438\u0435.<\/p>","protected":false},"featured_media":101425,"comment_status":"open","ping_status":"closed","template":"","meta":{"_acf_changed":false,"inline_featured_image":false},"product_brand":[1468],"product_cat":[474],"product_tag":[],"class_list":{"0":"post-96006","1":"product","2":"type-product","3":"status-publish","4":"has-post-thumbnail","6":"product_brand-manduka","7":"product_cat-yoga-mats","9":"first","10":"instock","11":"shipping-taxable","12":"purchasable","13":"product-type-simple"},"acf":[],"yoast_head":"<!-- This site is optimized with the Yoast SEO plugin v27.4 - https:\/\/yoast.com\/product\/yoast-seo-wordpress\/ -->\n<title>\u041a\u043e\u0432\u0440\u0438\u043a \u0434\u043b\u044f \u0439\u043e\u0433\u0438 Manduka Eko Lite 71 acai - \u041c\u0430\u0433\u0430\u0437\u0438\u043d Xstyle<\/title>\n<meta name=\"robots\" content=\"index, follow, max-snippet:-1, max-image-preview:large, max-video-preview:-1\" \/>\n<link rel=\"canonical\" href=\"https:\/\/xstyle.md\/ro\/produs\/kovrik-dlya-jogi-manduka-eko-lite-71-acai\/\" \/>\n<meta property=\"og:locale\" content=\"ro_RO\" \/>\n<meta property=\"og:type\" content=\"article\" \/>\n<meta property=\"og:title\" content=\"\u041a\u043e\u0432\u0440\u0438\u043a \u0434\u043b\u044f \u0439\u043e\u0433\u0438 Manduka Eko Lite 71 acai - \u041c\u0430\u0433\u0430\u0437\u0438\u043d Xstyle\" \/>\n<meta property=\"og:description\" content=\"\u0411\u0440\u0435\u043d\u0434 Manduka \u2014 \u044d\u0442\u043e \u043a\u0443\u043b\u044c\u0442\u043e\u0432\u044b\u0439 \u0430\u043c\u0435\u0440\u0438\u043a\u0430\u043d\u0441\u043a\u0438\u0439 \u0431\u0440\u0435\u043d\u0434, \u0441\u043e\u0437\u0434\u0430\u043d\u043d\u044b\u0439 \u0430\u0440\u0445\u0438\u0442\u0435\u043a\u0442\u043e\u0440\u0430\u043c\u0438 \u0438 \u043c\u0430\u0441\u0442\u0435\u0440\u0430\u043c\u0438 \u0439\u043e\u0433\u0438, \u043a\u043e\u0442\u043e\u0440\u044b\u0439 \u0443\u0436\u0435 \u0431\u043e\u043b\u0435\u0435 20 \u043b\u0435\u0442 \u0441\u0447\u0438\u0442\u0430\u0435\u0442\u0441\u044f \u0437\u043e\u043b\u043e\u0442\u044b\u043c \u0441\u0442\u0430\u043d\u0434\u0430\u0440\u0442\u043e\u043c \u0432 \u0438\u043d\u0434\u0443\u0441\u0442\u0440\u0438\u0438. \u0411\u0440\u0435\u043d\u0434 \u043f\u0440\u043e\u0441\u043b\u0430\u0432\u0438\u043b\u0441\u044f \u0441\u0432\u043e\u0435\u0439 \u0444\u0438\u043b\u043e\u0441\u043e\u0444\u0438\u0435\u0439 \u043e\u0441\u043e\u0437\u043d\u0430\u043d\u043d\u043e\u0433\u043e \u043f\u043e\u0442\u0440\u0435\u0431\u043b\u0435\u043d\u0438\u044f \u0438 \u0441\u043e\u0437\u0434\u0430\u043d\u0438\u0435\u043c \u043b\u0435\u0433\u0435\u043d\u0434\u0430\u0440\u043d\u044b\u0445 \u043a\u043e\u0432\u0440\u0438\u043a\u043e\u0432 \u0441\u0435\u0440\u0438\u0438 PRO \u0438 eKO, \u043a\u043e\u0442\u043e\u0440\u044b\u0435 \u0441\u043e\u0447\u0435\u0442\u0430\u044e\u0442 \u0432 \u0441\u0435\u0431\u0435 \u0444\u0435\u043d\u043e\u043c\u0435\u043d\u0430\u043b\u044c\u043d\u0443\u044e \u0438\u0437\u043d\u043e\u0441\u043e\u0441\u0442\u043e\u0439\u043a\u043e\u0441\u0442\u044c, \u044d\u043a\u043e\u043b\u043e\u0433\u0438\u0447\u043d\u043e\u0441\u0442\u044c \u0438 \u0431\u0435\u0437\u0443\u043f\u0440\u0435\u0447\u043d\u043e\u0435 \u0441\u0446\u0435\u043f\u043b\u0435\u043d\u0438\u0435.\" \/>\n<meta property=\"og:url\" content=\"https:\/\/xstyle.md\/ro\/produs\/kovrik-dlya-jogi-manduka-eko-lite-71-acai\/\" \/>\n<meta property=\"og:site_name\" content=\"\u041c\u0430\u0433\u0430\u0437\u0438\u043d Xstyle\" \/>\n<meta property=\"article:publisher\" content=\"https:\/\/www.facebook.com\/xstylemd\" \/>\n<meta property=\"article:modified_time\" content=\"2026-02-16T09:31:33+00:00\" \/>\n<meta property=\"og:image\" content=\"https:\/\/xstyle.md\/wp-content\/uploads\/2025\/07\/manduka-eko-lite-71-acai-2.webp\" \/>\n\t<meta property=\"og:image:width\" content=\"1200\" \/>\n\t<meta property=\"og:image:height\" content=\"1200\" \/>\n\t<meta property=\"og:image:type\" content=\"image\/webp\" \/>\n<meta name=\"twitter:card\" content=\"summary_large_image\" \/>\n<meta name=\"twitter:label1\" content=\"Pre\u021b\" \/>\n\t<meta name=\"twitter:data1\" content=\"2.390&nbsp;MDL\" \/>\n\t<meta name=\"twitter:label2\" content=\"Disponibilitate\" \/>\n\t<meta name=\"twitter:data2\" content=\"\u00cen stoc\" \/>\n<script type=\"application\/ld+json\" class=\"yoast-schema-graph\">{\"@context\":\"https:\\\/\\\/schema.org\",\"@graph\":[{\"@type\":\"WebPage\",\"@id\":\"https:\\\/\\\/xstyle.md\\\/product\\\/kovrik-dlya-jogi-manduka-eko-lite-71-acai\\\/\",\"url\":\"https:\\\/\\\/xstyle.md\\\/product\\\/kovrik-dlya-jogi-manduka-eko-lite-71-acai\\\/\",\"name\":\"\u041a\u043e\u0432\u0440\u0438\u043a \u0434\u043b\u044f \u0439\u043e\u0433\u0438 Manduka Eko Lite 71 acai - \u041c\u0430\u0433\u0430\u0437\u0438\u043d Xstyle\",\"isPartOf\":{\"@id\":\"https:\\\/\\\/xstyle.md\\\/#website\"},\"primaryImageOfPage\":{\"@id\":\"https:\\\/\\\/xstyle.md\\\/product\\\/kovrik-dlya-jogi-manduka-eko-lite-71-acai\\\/#primaryimage\"},\"image\":{\"@id\":\"https:\\\/\\\/xstyle.md\\\/product\\\/kovrik-dlya-jogi-manduka-eko-lite-71-acai\\\/#primaryimage\"},\"thumbnailUrl\":\"https:\\\/\\\/xstyle.md\\\/wp-content\\\/uploads\\\/2025\\\/07\\\/manduka-eko-lite-71-acai-2.webp\",\"datePublished\":\"2025-07-28T09:54:26+00:00\",\"dateModified\":\"2026-02-16T09:31:33+00:00\",\"breadcrumb\":{\"@id\":\"https:\\\/\\\/xstyle.md\\\/product\\\/kovrik-dlya-jogi-manduka-eko-lite-71-acai\\\/#breadcrumb\"},\"inLanguage\":\"ro-RO\",\"potentialAction\":[{\"@type\":\"ReadAction\",\"target\":[\"https:\\\/\\\/xstyle.md\\\/product\\\/kovrik-dlya-jogi-manduka-eko-lite-71-acai\\\/\"]}]},{\"@type\":\"ImageObject\",\"inLanguage\":\"ro-RO\",\"@id\":\"https:\\\/\\\/xstyle.md\\\/product\\\/kovrik-dlya-jogi-manduka-eko-lite-71-acai\\\/#primaryimage\",\"url\":\"https:\\\/\\\/xstyle.md\\\/wp-content\\\/uploads\\\/2025\\\/07\\\/manduka-eko-lite-71-acai-2.webp\",\"contentUrl\":\"https:\\\/\\\/xstyle.md\\\/wp-content\\\/uploads\\\/2025\\\/07\\\/manduka-eko-lite-71-acai-2.webp\",\"width\":1200,\"height\":1200,\"caption\":\"\u041a\u043e\u0432\u0440\u0438\u043a \u0434\u043b\u044f \u0439\u043e\u0433\u0438 Manduka Eko Lite 71 acai \u0434\u043b\u044f \u0430\u043a\u0442\u0438\u0432\u043d\u043e\u0433\u043e \u043e\u0442\u0434\u044b\u0445\u0430 \u0441\u043f\u043e\u0440\u0442\u0442\u043e\u0432\u0430\u0440\u044b \u043e\u0434\u0435\u0436\u0434\u0430 \u043e\u0431\u0443\u0432\u044c \u043f\u043e\u0445\u043e\u0434\u044b \u0445\u0430\u0439\u043a\u0438\u043d\u0433 \u043f\u0443\u0442\u0435\u0448\u0435\u0441\u0442\u0432\u0438\u044f \u0434\u043b\u044f \u043c\u0430\u0433\u0430\u0437\u0438\u043d\u0430 \u0441\u043f\u043e\u0440\u0442\u0438\u0432\u043d\u044b\u0445 \u0442\u043e\u0432\u0430\u0440\u043e\u0432\"},{\"@type\":\"BreadcrumbList\",\"@id\":\"https:\\\/\\\/xstyle.md\\\/product\\\/kovrik-dlya-jogi-manduka-eko-lite-71-acai\\\/#breadcrumb\",\"itemListElement\":[{\"@type\":\"ListItem\",\"position\":1,\"name\":\"\u0413\u043b\u0430\u0432\u043d\u0430\u044f \u0441\u0442\u0440\u0430\u043d\u0438\u0446\u0430\",\"item\":\"https:\\\/\\\/xstyle.md\\\/\"},{\"@type\":\"ListItem\",\"position\":2,\"name\":\"\u041c\u0430\u0433\u0430\u0437\u0438\u043d\",\"item\":\"https:\\\/\\\/xstyle.md\\\/shop\\\/\"},{\"@type\":\"ListItem\",\"position\":3,\"name\":\"\u041a\u043e\u0432\u0440\u0438\u043a \u0434\u043b\u044f \u0439\u043e\u0433\u0438 Manduka Eko Lite 71 acai\"}]},{\"@type\":\"WebSite\",\"@id\":\"https:\\\/\\\/xstyle.md\\\/#website\",\"url\":\"https:\\\/\\\/xstyle.md\\\/\",\"name\":\"\u041c\u0430\u0433\u0430\u0437\u0438\u043d Xstyle\",\"description\":\"C\u043d\u0430\u0440\u044f\u0436\u0435\u043d\u0438\u0435 \u0434\u043b\u044f \u0442\u0443\u0440\u0438\u0437\u043c\u0430 \u0438 \u044d\u043a\u0441\u0442\u0440\u0435\u043c\u0430\u043b\u044c\u043d\u044b\u0445 \u0432\u0438\u0434\u043e\u0432 \u0441\u043f\u043e\u0440\u0442\u0430 \u0432 \u041c\u043e\u043b\u0434\u043e\u0432\u0435.. \u0426\u0435\u043d\u044b, \u0444\u043e\u0442\u043e, \u0445\u0430\u0440\u0430\u043a\u0442\u0435\u0440\u0438\u0441\u0442\u0438\u043a\u0438 \u0432 \u041c\u043e\u043b\u0434\u043e\u0432\u0435.\",\"publisher\":{\"@id\":\"https:\\\/\\\/xstyle.md\\\/#organization\"},\"alternateName\":\"X-Style\",\"potentialAction\":[{\"@type\":\"SearchAction\",\"target\":{\"@type\":\"EntryPoint\",\"urlTemplate\":\"https:\\\/\\\/xstyle.md\\\/?s={search_term_string}\"},\"query-input\":{\"@type\":\"PropertyValueSpecification\",\"valueRequired\":true,\"valueName\":\"search_term_string\"}}],\"inLanguage\":\"ro-RO\"},{\"@type\":\"Organization\",\"@id\":\"https:\\\/\\\/xstyle.md\\\/#organization\",\"name\":\"\u041c\u0430\u0433\u0430\u0437\u0438\u043d Xstyle\",\"alternateName\":\"x-style\",\"url\":\"https:\\\/\\\/xstyle.md\\\/\",\"logo\":{\"@type\":\"ImageObject\",\"inLanguage\":\"ro-RO\",\"@id\":\"https:\\\/\\\/xstyle.md\\\/#\\\/schema\\\/logo\\\/image\\\/\",\"url\":\"https:\\\/\\\/xstyle.md\\\/wp-content\\\/uploads\\\/2020\\\/06\\\/logoicon.svg\",\"contentUrl\":\"https:\\\/\\\/xstyle.md\\\/wp-content\\\/uploads\\\/2020\\\/06\\\/logoicon.svg\",\"caption\":\"\u041c\u0430\u0433\u0430\u0437\u0438\u043d Xstyle\"},\"image\":{\"@id\":\"https:\\\/\\\/xstyle.md\\\/#\\\/schema\\\/logo\\\/image\\\/\"},\"sameAs\":[\"https:\\\/\\\/www.facebook.com\\\/xstylemd\",\"https:\\\/\\\/www.instagram.com\\\/xstyle_md\\\/\",\"https:\\\/\\\/t.me\\\/xstyle_outdoor\"],\"hasMerchantReturnPolicy\":{\"@type\":\"MerchantReturnPolicy\",\"merchantReturnLink\":\"https:\\\/\\\/xstyle.md\\\/ro\\\/conditions\\\/\"}}]}<\/script>\n<meta property=\"product:price:amount\" content=\"2390.00\" \/>\n<meta property=\"product:price:currency\" content=\"MDL\" \/>\n<meta property=\"og:availability\" content=\"instock\" \/>\n<meta property=\"product:availability\" content=\"instock\" \/>\n<meta property=\"product:retailer_item_id\" content=\"846698095467\" \/>\n<meta property=\"product:condition\" content=\"new\" \/>\n<!-- \/ Yoast SEO plugin. -->","yoast_head_json":{"title":"\u041a\u043e\u0432\u0440\u0438\u043a \u0434\u043b\u044f \u0439\u043e\u0433\u0438 Manduka Eko Lite 71 acai - \u041c\u0430\u0433\u0430\u0437\u0438\u043d Xstyle","robots":{"index":"index","follow":"follow","max-snippet":"max-snippet:-1","max-image-preview":"max-image-preview:large","max-video-preview":"max-video-preview:-1"},"canonical":"https:\/\/xstyle.md\/ro\/produs\/kovrik-dlya-jogi-manduka-eko-lite-71-acai\/","og_locale":"ro_RO","og_type":"article","og_title":"\u041a\u043e\u0432\u0440\u0438\u043a \u0434\u043b\u044f \u0439\u043e\u0433\u0438 Manduka Eko Lite 71 acai - \u041c\u0430\u0433\u0430\u0437\u0438\u043d Xstyle","og_description":"\u0411\u0440\u0435\u043d\u0434 Manduka \u2014 \u044d\u0442\u043e \u043a\u0443\u043b\u044c\u0442\u043e\u0432\u044b\u0439 \u0430\u043c\u0435\u0440\u0438\u043a\u0430\u043d\u0441\u043a\u0438\u0439 \u0431\u0440\u0435\u043d\u0434, \u0441\u043e\u0437\u0434\u0430\u043d\u043d\u044b\u0439 \u0430\u0440\u0445\u0438\u0442\u0435\u043a\u0442\u043e\u0440\u0430\u043c\u0438 \u0438 \u043c\u0430\u0441\u0442\u0435\u0440\u0430\u043c\u0438 \u0439\u043e\u0433\u0438, \u043a\u043e\u0442\u043e\u0440\u044b\u0439 \u0443\u0436\u0435 \u0431\u043e\u043b\u0435\u0435 20 \u043b\u0435\u0442 \u0441\u0447\u0438\u0442\u0430\u0435\u0442\u0441\u044f \u0437\u043e\u043b\u043e\u0442\u044b\u043c \u0441\u0442\u0430\u043d\u0434\u0430\u0440\u0442\u043e\u043c \u0432 \u0438\u043d\u0434\u0443\u0441\u0442\u0440\u0438\u0438. \u0411\u0440\u0435\u043d\u0434 \u043f\u0440\u043e\u0441\u043b\u0430\u0432\u0438\u043b\u0441\u044f \u0441\u0432\u043e\u0435\u0439 \u0444\u0438\u043b\u043e\u0441\u043e\u0444\u0438\u0435\u0439 \u043e\u0441\u043e\u0437\u043d\u0430\u043d\u043d\u043e\u0433\u043e \u043f\u043e\u0442\u0440\u0435\u0431\u043b\u0435\u043d\u0438\u044f \u0438 \u0441\u043e\u0437\u0434\u0430\u043d\u0438\u0435\u043c \u043b\u0435\u0433\u0435\u043d\u0434\u0430\u0440\u043d\u044b\u0445 \u043a\u043e\u0432\u0440\u0438\u043a\u043e\u0432 \u0441\u0435\u0440\u0438\u0438 PRO \u0438 eKO, \u043a\u043e\u0442\u043e\u0440\u044b\u0435 \u0441\u043e\u0447\u0435\u0442\u0430\u044e\u0442 \u0432 \u0441\u0435\u0431\u0435 \u0444\u0435\u043d\u043e\u043c\u0435\u043d\u0430\u043b\u044c\u043d\u0443\u044e \u0438\u0437\u043d\u043e\u0441\u043e\u0441\u0442\u043e\u0439\u043a\u043e\u0441\u0442\u044c, \u044d\u043a\u043e\u043b\u043e\u0433\u0438\u0447\u043d\u043e\u0441\u0442\u044c \u0438 \u0431\u0435\u0437\u0443\u043f\u0440\u0435\u0447\u043d\u043e\u0435 \u0441\u0446\u0435\u043f\u043b\u0435\u043d\u0438\u0435.","og_url":"https:\/\/xstyle.md\/ro\/produs\/kovrik-dlya-jogi-manduka-eko-lite-71-acai\/","og_site_name":"\u041c\u0430\u0433\u0430\u0437\u0438\u043d Xstyle","article_publisher":"https:\/\/www.facebook.com\/xstylemd","article_modified_time":"2026-02-16T09:31:33+00:00","og_image":[{"width":1200,"height":1200,"url":"https:\/\/xstyle.md\/wp-content\/uploads\/2025\/07\/manduka-eko-lite-71-acai-2.webp","type":"image\/webp"}],"twitter_card":"summary_large_image","twitter_misc":{"Pre\u021b":"2.390&nbsp;MDL","Disponibilitate":"\u00cen stoc"},"schema":{"@context":"https:\/\/schema.org","@graph":[{"@type":"WebPage","@id":"https:\/\/xstyle.md\/product\/kovrik-dlya-jogi-manduka-eko-lite-71-acai\/","url":"https:\/\/xstyle.md\/product\/kovrik-dlya-jogi-manduka-eko-lite-71-acai\/","name":"\u041a\u043e\u0432\u0440\u0438\u043a \u0434\u043b\u044f \u0439\u043e\u0433\u0438 Manduka Eko Lite 71 acai - \u041c\u0430\u0433\u0430\u0437\u0438\u043d Xstyle","isPartOf":{"@id":"https:\/\/xstyle.md\/#website"},"primaryImageOfPage":{"@id":"https:\/\/xstyle.md\/product\/kovrik-dlya-jogi-manduka-eko-lite-71-acai\/#primaryimage"},"image":{"@id":"https:\/\/xstyle.md\/product\/kovrik-dlya-jogi-manduka-eko-lite-71-acai\/#primaryimage"},"thumbnailUrl":"https:\/\/xstyle.md\/wp-content\/uploads\/2025\/07\/manduka-eko-lite-71-acai-2.webp","datePublished":"2025-07-28T09:54:26+00:00","dateModified":"2026-02-16T09:31:33+00:00","breadcrumb":{"@id":"https:\/\/xstyle.md\/product\/kovrik-dlya-jogi-manduka-eko-lite-71-acai\/#breadcrumb"},"inLanguage":"ro-RO","potentialAction":[{"@type":"ReadAction","target":["https:\/\/xstyle.md\/product\/kovrik-dlya-jogi-manduka-eko-lite-71-acai\/"]}]},{"@type":"ImageObject","inLanguage":"ro-RO","@id":"https:\/\/xstyle.md\/product\/kovrik-dlya-jogi-manduka-eko-lite-71-acai\/#primaryimage","url":"https:\/\/xstyle.md\/wp-content\/uploads\/2025\/07\/manduka-eko-lite-71-acai-2.webp","contentUrl":"https:\/\/xstyle.md\/wp-content\/uploads\/2025\/07\/manduka-eko-lite-71-acai-2.webp","width":1200,"height":1200,"caption":"\u041a\u043e\u0432\u0440\u0438\u043a \u0434\u043b\u044f \u0439\u043e\u0433\u0438 Manduka Eko Lite 71 acai \u0434\u043b\u044f \u0430\u043a\u0442\u0438\u0432\u043d\u043e\u0433\u043e \u043e\u0442\u0434\u044b\u0445\u0430 \u0441\u043f\u043e\u0440\u0442\u0442\u043e\u0432\u0430\u0440\u044b \u043e\u0434\u0435\u0436\u0434\u0430 \u043e\u0431\u0443\u0432\u044c \u043f\u043e\u0445\u043e\u0434\u044b \u0445\u0430\u0439\u043a\u0438\u043d\u0433 \u043f\u0443\u0442\u0435\u0448\u0435\u0441\u0442\u0432\u0438\u044f \u0434\u043b\u044f \u043c\u0430\u0433\u0430\u0437\u0438\u043d\u0430 \u0441\u043f\u043e\u0440\u0442\u0438\u0432\u043d\u044b\u0445 \u0442\u043e\u0432\u0430\u0440\u043e\u0432"},{"@type":"BreadcrumbList","@id":"https:\/\/xstyle.md\/product\/kovrik-dlya-jogi-manduka-eko-lite-71-acai\/#breadcrumb","itemListElement":[{"@type":"ListItem","position":1,"name":"\u0413\u043b\u0430\u0432\u043d\u0430\u044f \u0441\u0442\u0440\u0430\u043d\u0438\u0446\u0430","item":"https:\/\/xstyle.md\/"},{"@type":"ListItem","position":2,"name":"\u041c\u0430\u0433\u0430\u0437\u0438\u043d","item":"https:\/\/xstyle.md\/shop\/"},{"@type":"ListItem","position":3,"name":"\u041a\u043e\u0432\u0440\u0438\u043a \u0434\u043b\u044f \u0439\u043e\u0433\u0438 Manduka Eko Lite 71 acai"}]},{"@type":"WebSite","@id":"https:\/\/xstyle.md\/#website","url":"https:\/\/xstyle.md\/","name":"Magazinul X-Style","description":"Echipamente pentru turism \u0219i sporturi extreme \u00een Moldova. Pre\u021buri, fotografii, caracteristici \u00een Moldova.","publisher":{"@id":"https:\/\/xstyle.md\/#organization"},"alternateName":"X-Style","potentialAction":[{"@type":"SearchAction","target":{"@type":"EntryPoint","urlTemplate":"https:\/\/xstyle.md\/?s={search_term_string}"},"query-input":{"@type":"PropertyValueSpecification","valueRequired":true,"valueName":"search_term_string"}}],"inLanguage":"ro-RO"},{"@type":"Organization","@id":"https:\/\/xstyle.md\/#organization","name":"Magazinul X-Style","alternateName":"x-style","url":"https:\/\/xstyle.md\/","logo":{"@type":"ImageObject","inLanguage":"ro-RO","@id":"https:\/\/xstyle.md\/#\/schema\/logo\/image\/","url":"https:\/\/xstyle.md\/wp-content\/uploads\/2020\/06\/logoicon.svg","contentUrl":"https:\/\/xstyle.md\/wp-content\/uploads\/2020\/06\/logoicon.svg","caption":"\u041c\u0430\u0433\u0430\u0437\u0438\u043d Xstyle"},"image":{"@id":"https:\/\/xstyle.md\/#\/schema\/logo\/image\/"},"sameAs":["https:\/\/www.facebook.com\/xstylemd","https:\/\/www.instagram.com\/xstyle_md\/","https:\/\/t.me\/xstyle_outdoor"],"hasMerchantReturnPolicy":{"@type":"MerchantReturnPolicy","merchantReturnLink":"https:\/\/xstyle.md\/ro\/conditions\/"}}]},"product_price_amount":"2390.00","product_price_currency":"MDL","og_availability":"instock","product_availability":"instock","product_retailer_item_id":"846698095467","product_condition":"new"},"post_mailing_queue_ids":[],"_links":{"self":[{"href":"https:\/\/xstyle.md\/ro\/wp-json\/wp\/v2\/product\/96006","targetHints":{"allow":["GET"]}}],"collection":[{"href":"https:\/\/xstyle.md\/ro\/wp-json\/wp\/v2\/product"}],"about":[{"href":"https:\/\/xstyle.md\/ro\/wp-json\/wp\/v2\/types\/product"}],"replies":[{"embeddable":true,"href":"https:\/\/xstyle.md\/ro\/wp-json\/wp\/v2\/comments?post=96006"}],"wp:featuredmedia":[{"embeddable":true,"href":"https:\/\/xstyle.md\/ro\/wp-json\/wp\/v2\/media\/101425"}],"wp:attachment":[{"href":"https:\/\/xstyle.md\/ro\/wp-json\/wp\/v2\/media?parent=96006"}],"wp:term":[{"taxonomy":"product_brand","embeddable":true,"href":"https:\/\/xstyle.md\/ro\/wp-json\/wp\/v2\/product_brand?post=96006"},{"taxonomy":"product_cat","embeddable":true,"href":"https:\/\/xstyle.md\/ro\/wp-json\/wp\/v2\/product_cat?post=96006"},{"taxonomy":"product_tag","embeddable":true,"href":"https:\/\/xstyle.md\/ro\/wp-json\/wp\/v2\/product_tag?post=96006"}],"curies":[{"name":"wp","href":"https:\/\/api.w.org\/{rel}","templated":true}]}}