{"id":95093,"date":"2025-06-12T17:50:22","date_gmt":"2025-06-12T14:50:22","guid":{"rendered":"https:\/\/xstyle.md\/?post_type=product&#038;p=95093"},"modified":"2026-03-30T16:41:10","modified_gmt":"2026-03-30T13:41:10","slug":"futbolka-scott-endurance-tech-ss-mns-miami-green","status":"publish","type":"product","link":"https:\/\/dev.xstyle.md\/ro\/produs\/futbolka-scott-endurance-tech-ss-mns-miami-green\/","title":{"rendered":"Tricou Scott Endurance Tech SS Mns miami green"},"content":{"rendered":"<p><\/p>\n<p><strong>Scott Endurance Tech SS<\/strong> &#8212; este un tricou tehnic cu m\u00e2nec\u0103 scurt\u0103, conceput pentru alerg\u0103ri pe distan\u021be lungi. Materialul respirabil \u0219i cu uscare rapid\u0103 v\u0103 asigur\u0103 confortul pe tot parcursul activit\u0103\u021bii. Cus\u0103turile decalate la nivelul umerilor reduc presiunea, f\u0103c\u00e2nd acest tricou extrem de versatil pentru zilele la munte care necesit\u0103 utilizarea unui rucsac.<\/p>\n<h3>Particularit\u0103\u021bi<\/h3>\n<ul>\n<li>Material u\u0219or \u0219i respirabil<\/li>\n<li>Uscare rapid\u0103<\/li>\n<li>Guler rotund<\/li>\n<li>Cus\u0103turi decalate la umeri<\/li>\n<li>Detalii reflectorizante<\/li>\n<\/ul>\n<h3>Caracteristici<\/h3>\n<ul>\n<li>Material &#8212; 80% poliester reciclat, 20% poliester<\/li>\n<li>Sezon &#8212; Prim\u0103var\u0103 \/ Var\u0103<\/li>\n<li>Utilizare &#8212; activit\u0103\u021bi outdoor \/ Alergare (Running) \/ Trekking<\/li>\n<li>Model - b\u0103rba\u021bi<\/li>\n<\/ul>\n<h3>Tehnologii<\/h3>\n<ul>\n<li><strong>DUROxpand<\/strong> &#8212; este o \u021bes\u0103tur\u0103 elastic\u0103 \u00een patru direc\u021bii, care ofer\u0103 libertate de mi\u0219care \u0219i flexibilitate pentru aventurile ce necesit\u0103 o mobilitate sporit\u0103.<\/li>\n<li><strong>DRYOxcell<\/strong> &#8212; este o tehnologie de uscare rapid\u0103 care elimin\u0103 umezeala de pe piele \u0219i o distribuie pe o suprafa\u021b\u0103 mai mare a \u021bes\u0103turii, prevenind saturarea acesteia. Acest proces accelereaz\u0103 evaporarea \u0219i v\u0103 men\u021bine uscat pentru mai mult timp.<\/li>\n<\/ul>\n<p><\/p>\n<h3>Marca<\/h3>\n<p>Scott Sports - este un brand elve\u021bian premium cu o istorie de peste 60 de ani, fiind renumit \u00een special pentru produc\u021bia celor mai u\u0219oare biciclete din lume. Lider \u00een industria mondial\u0103 a ciclismului, compania creeaz\u0103 biciclete pe care concureaz\u0103 \u0219i c\u00e2\u0219tig\u0103 cei mai buni atle\u021bi ai planetei. Pe l\u00e2ng\u0103 acestea, Scott este una dintre pu\u021binele companii care ofer\u0103 o gam\u0103 variat\u0103 de echipamente suplimentare: \u00eembr\u0103c\u0103minte, \u00eenc\u0103l\u021b\u0103minte \u0219i accesorii pentru ciclism. Produsele lor sunt caracterizate prin tehnologie avansat\u0103, stil, confort \u0219i fiabilitate. Cu Scott, ave\u021bi posibilitatea de a v\u0103 echipa complet folosind produsele unuia dintre cele mai bune branduri sportive din lume.<\/p>","protected":false},"excerpt":{"rendered":"<p>\u0411\u0440\u0435\u043d\u0434 Scott Sports \u2013 \u0448\u0432\u0435\u0439\u0446\u0430\u0440\u0441\u043a\u0438\u0439 \u043f\u0440\u0435\u043c\u0438\u0430\u043b\u044c\u043d\u044b\u0439 \u0431\u0440\u0435\u043d\u0434 \u0441 60-\u043b\u0435\u0442\u043d\u0435\u0439 \u0438\u0441\u0442\u043e\u0440\u0438\u0435\u0439, \u043d\u0430\u0438\u0431\u043e\u043b\u0435\u0435 \u0438\u0437\u0432\u0435\u0441\u0442\u043d\u044b\u0439 \u043f\u0440\u0435\u0436\u0434\u0435 \u0432\u0441\u0435\u0433\u043e \u0441\u0430\u043c\u044b\u043c\u0438 \u043b\u0435\u0433\u043a\u0438\u043c\u0438 \u0432\u0435\u043b\u043e\u0441\u0438\u043f\u0435\u0434\u0430\u043c\u0438. \u041b\u0438\u0434\u0438\u0440\u0443\u044e\u0449\u0430\u044f \u043a\u043e\u043c\u043f\u0430\u043d\u0438\u044f \u043c\u0438\u0440\u043e\u0432\u043e\u0439<\/p>","protected":false},"featured_media":96872,"comment_status":"open","ping_status":"closed","template":"","meta":{"_acf_changed":false,"inline_featured_image":false},"product_brand":[1467],"product_cat":[891],"product_tag":[],"class_list":{"0":"post-95093","1":"product","2":"type-product","3":"status-publish","4":"has-post-thumbnail","6":"product_brand-scott","7":"product_cat-short-sleeve-barbati","9":"first","10":"instock","11":"shipping-taxable","12":"purchasable","13":"product-type-simple"},"acf":[],"yoast_head":"<!-- This site is optimized with the Yoast SEO plugin v27.4 - https:\/\/yoast.com\/product\/yoast-seo-wordpress\/ -->\n<title>\u0424\u0443\u0442\u0431\u043e\u043b\u043a\u0430 Scott Endurance Tech SS Mns miami green - \u041c\u0430\u0433\u0430\u0437\u0438\u043d Xstyle<\/title>\n<meta name=\"robots\" content=\"noindex, follow, max-snippet:-1, max-image-preview:large, max-video-preview:-1\" \/>\n<meta property=\"og:locale\" content=\"ro_RO\" \/>\n<meta property=\"og:type\" content=\"article\" \/>\n<meta property=\"og:title\" content=\"\u0424\u0443\u0442\u0431\u043e\u043b\u043a\u0430 Scott Endurance Tech SS Mns miami green - \u041c\u0430\u0433\u0430\u0437\u0438\u043d Xstyle\" \/>\n<meta property=\"og:description\" content=\"\u0411\u0440\u0435\u043d\u0434 Scott Sports \u2013 \u0448\u0432\u0435\u0439\u0446\u0430\u0440\u0441\u043a\u0438\u0439 \u043f\u0440\u0435\u043c\u0438\u0430\u043b\u044c\u043d\u044b\u0439 \u0431\u0440\u0435\u043d\u0434 \u0441 60-\u043b\u0435\u0442\u043d\u0435\u0439 \u0438\u0441\u0442\u043e\u0440\u0438\u0435\u0439, \u043d\u0430\u0438\u0431\u043e\u043b\u0435\u0435 \u0438\u0437\u0432\u0435\u0441\u0442\u043d\u044b\u0439 \u043f\u0440\u0435\u0436\u0434\u0435 \u0432\u0441\u0435\u0433\u043e \u0441\u0430\u043c\u044b\u043c\u0438 \u043b\u0435\u0433\u043a\u0438\u043c\u0438 \u0432\u0435\u043b\u043e\u0441\u0438\u043f\u0435\u0434\u0430\u043c\u0438. \u041b\u0438\u0434\u0438\u0440\u0443\u044e\u0449\u0430\u044f \u043a\u043e\u043c\u043f\u0430\u043d\u0438\u044f \u043c\u0438\u0440\u043e\u0432\u043e\u0439\" \/>\n<meta property=\"og:url\" content=\"https:\/\/dev.xstyle.md\/ro\/produs\/futbolka-scott-endurance-tech-ss-mns-miami-green\/\" \/>\n<meta property=\"og:site_name\" content=\"\u041c\u0430\u0433\u0430\u0437\u0438\u043d Xstyle\" \/>\n<meta property=\"article:publisher\" content=\"https:\/\/www.facebook.com\/xstylemd\" \/>\n<meta property=\"article:modified_time\" content=\"2026-03-30T13:41:10+00:00\" \/>\n<meta property=\"og:image\" content=\"https:\/\/dev.xstyle.md\/wp-content\/uploads\/2025\/06\/scott-endurance-tech-ss-mns-miami-green.webp\" \/>\n\t<meta property=\"og:image:width\" content=\"2000\" \/>\n\t<meta property=\"og:image:height\" content=\"2000\" \/>\n\t<meta property=\"og:image:type\" content=\"image\/webp\" \/>\n<meta name=\"twitter:card\" content=\"summary_large_image\" \/>\n<meta name=\"twitter:label1\" content=\"Pre\u021b\" \/>\n\t<meta name=\"twitter:data1\" content=\"1.100,00&nbsp;MDL\" \/>\n\t<meta name=\"twitter:label2\" content=\"Disponibilitate\" \/>\n\t<meta name=\"twitter:data2\" content=\"\u00cen stoc\" \/>\n<script type=\"application\/ld+json\" class=\"yoast-schema-graph\">{\"@context\":\"https:\\\/\\\/schema.org\",\"@graph\":[{\"@type\":\"WebPage\",\"@id\":\"https:\\\/\\\/dev.xstyle.md\\\/product\\\/futbolka-scott-endurance-tech-ss-mns-miami-green\\\/\",\"url\":\"https:\\\/\\\/dev.xstyle.md\\\/product\\\/futbolka-scott-endurance-tech-ss-mns-miami-green\\\/\",\"name\":\"\u0424\u0443\u0442\u0431\u043e\u043b\u043a\u0430 Scott Endurance Tech SS Mns miami green - \u041c\u0430\u0433\u0430\u0437\u0438\u043d Xstyle\",\"isPartOf\":{\"@id\":\"https:\\\/\\\/dev.xstyle.md\\\/#website\"},\"primaryImageOfPage\":{\"@id\":\"https:\\\/\\\/dev.xstyle.md\\\/product\\\/futbolka-scott-endurance-tech-ss-mns-miami-green\\\/#primaryimage\"},\"image\":{\"@id\":\"https:\\\/\\\/dev.xstyle.md\\\/product\\\/futbolka-scott-endurance-tech-ss-mns-miami-green\\\/#primaryimage\"},\"thumbnailUrl\":\"https:\\\/\\\/dev.xstyle.md\\\/wp-content\\\/uploads\\\/2025\\\/06\\\/scott-endurance-tech-ss-mns-miami-green.webp\",\"datePublished\":\"2025-06-12T14:50:22+00:00\",\"dateModified\":\"2026-03-30T13:41:10+00:00\",\"breadcrumb\":{\"@id\":\"https:\\\/\\\/dev.xstyle.md\\\/product\\\/futbolka-scott-endurance-tech-ss-mns-miami-green\\\/#breadcrumb\"},\"inLanguage\":\"ro-RO\",\"potentialAction\":[{\"@type\":\"ReadAction\",\"target\":[\"https:\\\/\\\/dev.xstyle.md\\\/product\\\/futbolka-scott-endurance-tech-ss-mns-miami-green\\\/\"]}]},{\"@type\":\"ImageObject\",\"inLanguage\":\"ro-RO\",\"@id\":\"https:\\\/\\\/dev.xstyle.md\\\/product\\\/futbolka-scott-endurance-tech-ss-mns-miami-green\\\/#primaryimage\",\"url\":\"https:\\\/\\\/dev.xstyle.md\\\/wp-content\\\/uploads\\\/2025\\\/06\\\/scott-endurance-tech-ss-mns-miami-green.webp\",\"contentUrl\":\"https:\\\/\\\/dev.xstyle.md\\\/wp-content\\\/uploads\\\/2025\\\/06\\\/scott-endurance-tech-ss-mns-miami-green.webp\",\"width\":2000,\"height\":2000,\"caption\":\"\u0424\u0443\u0442\u0431\u043e\u043b\u043a\u0430 Scott Endurance Tech SS Mns Miami Green \u0434\u043b\u044f \u0430\u043a\u0442\u0438\u0432\u043d\u043e\u0433\u043e \u043e\u0442\u0434\u044b\u0445\u0430, \u043f\u043e\u0445\u043e\u0434\u043e\u0432, \u043f\u0443\u0442\u0435\u0448\u0435\u0441\u0442\u0432\u0438\u0439, \u0441\u043f\u043e\u0440\u0442\u0438\u0432\u043d\u043e\u0439 \u043e\u0434\u0435\u0436\u0434\u044b \u0438 \u043e\u0431\u0443\u0432\u0438 \u0434\u043b\u044f \u0430\u043a\u0442\u0438\u0432\u043d\u043e\u0433\u043e \u043e\u0431\u0440\u0430\u0437\u0430 \u0436\u0438\u0437\u043d\u0438\"},{\"@type\":\"BreadcrumbList\",\"@id\":\"https:\\\/\\\/dev.xstyle.md\\\/product\\\/futbolka-scott-endurance-tech-ss-mns-miami-green\\\/#breadcrumb\",\"itemListElement\":[{\"@type\":\"ListItem\",\"position\":1,\"name\":\"\u0413\u043b\u0430\u0432\u043d\u0430\u044f \u0441\u0442\u0440\u0430\u043d\u0438\u0446\u0430\",\"item\":\"https:\\\/\\\/dev.xstyle.md\\\/\"},{\"@type\":\"ListItem\",\"position\":2,\"name\":\"Shop\",\"item\":\"https:\\\/\\\/dev.xstyle.md\\\/shop\\\/\"},{\"@type\":\"ListItem\",\"position\":3,\"name\":\"\u0424\u0443\u0442\u0431\u043e\u043b\u043a\u0430 Scott Endurance Tech SS Mns miami green\"}]},{\"@type\":\"WebSite\",\"@id\":\"https:\\\/\\\/dev.xstyle.md\\\/#website\",\"url\":\"https:\\\/\\\/dev.xstyle.md\\\/\",\"name\":\"\u041c\u0430\u0433\u0430\u0437\u0438\u043d Xstyle\",\"description\":\"C\u043d\u0430\u0440\u044f\u0436\u0435\u043d\u0438\u0435 \u0434\u043b\u044f \u0442\u0443\u0440\u0438\u0437\u043c\u0430 \u0438 \u044d\u043a\u0441\u0442\u0440\u0435\u043c\u0430\u043b\u044c\u043d\u044b\u0445 \u0432\u0438\u0434\u043e\u0432 \u0441\u043f\u043e\u0440\u0442\u0430 \u0432 \u041c\u043e\u043b\u0434\u043e\u0432\u0435.. \u0426\u0435\u043d\u044b, \u0444\u043e\u0442\u043e, \u0445\u0430\u0440\u0430\u043a\u0442\u0435\u0440\u0438\u0441\u0442\u0438\u043a\u0438 \u0432 \u041c\u043e\u043b\u0434\u043e\u0432\u0435.\",\"publisher\":{\"@id\":\"https:\\\/\\\/dev.xstyle.md\\\/#organization\"},\"alternateName\":\"X-Style\",\"potentialAction\":[{\"@type\":\"SearchAction\",\"target\":{\"@type\":\"EntryPoint\",\"urlTemplate\":\"https:\\\/\\\/dev.xstyle.md\\\/?s={search_term_string}\"},\"query-input\":{\"@type\":\"PropertyValueSpecification\",\"valueRequired\":true,\"valueName\":\"search_term_string\"}}],\"inLanguage\":\"ro-RO\"},{\"@type\":\"Organization\",\"@id\":\"https:\\\/\\\/dev.xstyle.md\\\/#organization\",\"name\":\"\u041c\u0430\u0433\u0430\u0437\u0438\u043d Xstyle\",\"alternateName\":\"x-style\",\"url\":\"https:\\\/\\\/dev.xstyle.md\\\/\",\"logo\":{\"@type\":\"ImageObject\",\"inLanguage\":\"ro-RO\",\"@id\":\"https:\\\/\\\/dev.xstyle.md\\\/#\\\/schema\\\/logo\\\/image\\\/\",\"url\":\"https:\\\/\\\/dev.xstyle.md\\\/wp-content\\\/uploads\\\/2020\\\/06\\\/logoicon.svg\",\"contentUrl\":\"https:\\\/\\\/dev.xstyle.md\\\/wp-content\\\/uploads\\\/2020\\\/06\\\/logoicon.svg\",\"caption\":\"\u041c\u0430\u0433\u0430\u0437\u0438\u043d Xstyle\"},\"image\":{\"@id\":\"https:\\\/\\\/dev.xstyle.md\\\/#\\\/schema\\\/logo\\\/image\\\/\"},\"sameAs\":[\"https:\\\/\\\/www.facebook.com\\\/xstylemd\",\"https:\\\/\\\/www.instagram.com\\\/xstyle_md\\\/\",\"https:\\\/\\\/t.me\\\/xstyle_outdoor\"],\"hasMerchantReturnPolicy\":{\"@type\":\"MerchantReturnPolicy\",\"merchantReturnLink\":\"https:\\\/\\\/dev.xstyle.md\\\/ro\\\/conditions\\\/\"}}]}<\/script>\n<meta property=\"product:price:amount\" content=\"1100.00\" \/>\n<meta property=\"product:price:currency\" content=\"MDL\" \/>\n<meta property=\"og:availability\" content=\"instock\" \/>\n<meta property=\"product:availability\" content=\"instock\" \/>\n<meta property=\"product:retailer_item_id\" content=\"7616185149729\" \/>\n<meta property=\"product:condition\" content=\"new\" \/>\n<!-- \/ Yoast SEO plugin. -->","yoast_head_json":{"title":"\u0424\u0443\u0442\u0431\u043e\u043b\u043a\u0430 Scott Endurance Tech SS Mns miami green - \u041c\u0430\u0433\u0430\u0437\u0438\u043d Xstyle","robots":{"index":"noindex","follow":"follow","max-snippet":"max-snippet:-1","max-image-preview":"max-image-preview:large","max-video-preview":"max-video-preview:-1"},"og_locale":"ro_RO","og_type":"article","og_title":"\u0424\u0443\u0442\u0431\u043e\u043b\u043a\u0430 Scott Endurance Tech SS Mns miami green - \u041c\u0430\u0433\u0430\u0437\u0438\u043d Xstyle","og_description":"\u0411\u0440\u0435\u043d\u0434 Scott Sports \u2013 \u0448\u0432\u0435\u0439\u0446\u0430\u0440\u0441\u043a\u0438\u0439 \u043f\u0440\u0435\u043c\u0438\u0430\u043b\u044c\u043d\u044b\u0439 \u0431\u0440\u0435\u043d\u0434 \u0441 60-\u043b\u0435\u0442\u043d\u0435\u0439 \u0438\u0441\u0442\u043e\u0440\u0438\u0435\u0439, \u043d\u0430\u0438\u0431\u043e\u043b\u0435\u0435 \u0438\u0437\u0432\u0435\u0441\u0442\u043d\u044b\u0439 \u043f\u0440\u0435\u0436\u0434\u0435 \u0432\u0441\u0435\u0433\u043e \u0441\u0430\u043c\u044b\u043c\u0438 \u043b\u0435\u0433\u043a\u0438\u043c\u0438 \u0432\u0435\u043b\u043e\u0441\u0438\u043f\u0435\u0434\u0430\u043c\u0438. \u041b\u0438\u0434\u0438\u0440\u0443\u044e\u0449\u0430\u044f \u043a\u043e\u043c\u043f\u0430\u043d\u0438\u044f \u043c\u0438\u0440\u043e\u0432\u043e\u0439","og_url":"https:\/\/dev.xstyle.md\/ro\/produs\/futbolka-scott-endurance-tech-ss-mns-miami-green\/","og_site_name":"\u041c\u0430\u0433\u0430\u0437\u0438\u043d Xstyle","article_publisher":"https:\/\/www.facebook.com\/xstylemd","article_modified_time":"2026-03-30T13:41:10+00:00","og_image":[{"width":2000,"height":2000,"url":"https:\/\/dev.xstyle.md\/wp-content\/uploads\/2025\/06\/scott-endurance-tech-ss-mns-miami-green.webp","type":"image\/webp"}],"twitter_card":"summary_large_image","twitter_misc":{"Pre\u021b":"1.100,00&nbsp;MDL","Disponibilitate":"\u00cen stoc"},"schema":{"@context":"https:\/\/schema.org","@graph":[{"@type":"WebPage","@id":"https:\/\/dev.xstyle.md\/product\/futbolka-scott-endurance-tech-ss-mns-miami-green\/","url":"https:\/\/dev.xstyle.md\/product\/futbolka-scott-endurance-tech-ss-mns-miami-green\/","name":"\u0424\u0443\u0442\u0431\u043e\u043b\u043a\u0430 Scott Endurance Tech SS Mns miami green - \u041c\u0430\u0433\u0430\u0437\u0438\u043d Xstyle","isPartOf":{"@id":"https:\/\/dev.xstyle.md\/#website"},"primaryImageOfPage":{"@id":"https:\/\/dev.xstyle.md\/product\/futbolka-scott-endurance-tech-ss-mns-miami-green\/#primaryimage"},"image":{"@id":"https:\/\/dev.xstyle.md\/product\/futbolka-scott-endurance-tech-ss-mns-miami-green\/#primaryimage"},"thumbnailUrl":"https:\/\/dev.xstyle.md\/wp-content\/uploads\/2025\/06\/scott-endurance-tech-ss-mns-miami-green.webp","datePublished":"2025-06-12T14:50:22+00:00","dateModified":"2026-03-30T13:41:10+00:00","breadcrumb":{"@id":"https:\/\/dev.xstyle.md\/product\/futbolka-scott-endurance-tech-ss-mns-miami-green\/#breadcrumb"},"inLanguage":"ro-RO","potentialAction":[{"@type":"ReadAction","target":["https:\/\/dev.xstyle.md\/product\/futbolka-scott-endurance-tech-ss-mns-miami-green\/"]}]},{"@type":"ImageObject","inLanguage":"ro-RO","@id":"https:\/\/dev.xstyle.md\/product\/futbolka-scott-endurance-tech-ss-mns-miami-green\/#primaryimage","url":"https:\/\/dev.xstyle.md\/wp-content\/uploads\/2025\/06\/scott-endurance-tech-ss-mns-miami-green.webp","contentUrl":"https:\/\/dev.xstyle.md\/wp-content\/uploads\/2025\/06\/scott-endurance-tech-ss-mns-miami-green.webp","width":2000,"height":2000,"caption":"\u0424\u0443\u0442\u0431\u043e\u043b\u043a\u0430 Scott Endurance Tech SS Mns Miami Green \u0434\u043b\u044f \u0430\u043a\u0442\u0438\u0432\u043d\u043e\u0433\u043e \u043e\u0442\u0434\u044b\u0445\u0430, \u043f\u043e\u0445\u043e\u0434\u043e\u0432, \u043f\u0443\u0442\u0435\u0448\u0435\u0441\u0442\u0432\u0438\u0439, \u0441\u043f\u043e\u0440\u0442\u0438\u0432\u043d\u043e\u0439 \u043e\u0434\u0435\u0436\u0434\u044b \u0438 \u043e\u0431\u0443\u0432\u0438 \u0434\u043b\u044f \u0430\u043a\u0442\u0438\u0432\u043d\u043e\u0433\u043e \u043e\u0431\u0440\u0430\u0437\u0430 \u0436\u0438\u0437\u043d\u0438"},{"@type":"BreadcrumbList","@id":"https:\/\/dev.xstyle.md\/product\/futbolka-scott-endurance-tech-ss-mns-miami-green\/#breadcrumb","itemListElement":[{"@type":"ListItem","position":1,"name":"\u0413\u043b\u0430\u0432\u043d\u0430\u044f \u0441\u0442\u0440\u0430\u043d\u0438\u0446\u0430","item":"https:\/\/dev.xstyle.md\/"},{"@type":"ListItem","position":2,"name":"Shop","item":"https:\/\/dev.xstyle.md\/shop\/"},{"@type":"ListItem","position":3,"name":"\u0424\u0443\u0442\u0431\u043e\u043b\u043a\u0430 Scott Endurance Tech SS Mns miami green"}]},{"@type":"WebSite","@id":"https:\/\/dev.xstyle.md\/#website","url":"https:\/\/dev.xstyle.md\/","name":"Magazinul X-Style","description":"Echipamente pentru turism \u0219i sporturi extreme \u00een Moldova. Pre\u021buri, fotografii, caracteristici \u00een Moldova.","publisher":{"@id":"https:\/\/dev.xstyle.md\/#organization"},"alternateName":"X-Style","potentialAction":[{"@type":"SearchAction","target":{"@type":"EntryPoint","urlTemplate":"https:\/\/dev.xstyle.md\/?s={search_term_string}"},"query-input":{"@type":"PropertyValueSpecification","valueRequired":true,"valueName":"search_term_string"}}],"inLanguage":"ro-RO"},{"@type":"Organization","@id":"https:\/\/dev.xstyle.md\/#organization","name":"Magazinul X-Style","alternateName":"x-style","url":"https:\/\/dev.xstyle.md\/","logo":{"@type":"ImageObject","inLanguage":"ro-RO","@id":"https:\/\/dev.xstyle.md\/#\/schema\/logo\/image\/","url":"https:\/\/dev.xstyle.md\/wp-content\/uploads\/2020\/06\/logoicon.svg","contentUrl":"https:\/\/dev.xstyle.md\/wp-content\/uploads\/2020\/06\/logoicon.svg","caption":"\u041c\u0430\u0433\u0430\u0437\u0438\u043d Xstyle"},"image":{"@id":"https:\/\/dev.xstyle.md\/#\/schema\/logo\/image\/"},"sameAs":["https:\/\/www.facebook.com\/xstylemd","https:\/\/www.instagram.com\/xstyle_md\/","https:\/\/t.me\/xstyle_outdoor"],"hasMerchantReturnPolicy":{"@type":"MerchantReturnPolicy","merchantReturnLink":"https:\/\/dev.xstyle.md\/ro\/conditions\/"}}]},"product_price_amount":"1100.00","product_price_currency":"MDL","og_availability":"instock","product_availability":"instock","product_retailer_item_id":"7616185149729","product_condition":"new"},"post_mailing_queue_ids":[],"_links":{"self":[{"href":"https:\/\/dev.xstyle.md\/ro\/wp-json\/wp\/v2\/product\/95093","targetHints":{"allow":["GET"]}}],"collection":[{"href":"https:\/\/dev.xstyle.md\/ro\/wp-json\/wp\/v2\/product"}],"about":[{"href":"https:\/\/dev.xstyle.md\/ro\/wp-json\/wp\/v2\/types\/product"}],"replies":[{"embeddable":true,"href":"https:\/\/dev.xstyle.md\/ro\/wp-json\/wp\/v2\/comments?post=95093"}],"version-history":[{"count":2,"href":"https:\/\/dev.xstyle.md\/ro\/wp-json\/wp\/v2\/product\/95093\/revisions"}],"predecessor-version":[{"id":104471,"href":"https:\/\/dev.xstyle.md\/ro\/wp-json\/wp\/v2\/product\/95093\/revisions\/104471"}],"wp:featuredmedia":[{"embeddable":true,"href":"https:\/\/dev.xstyle.md\/ro\/wp-json\/wp\/v2\/media\/96872"}],"wp:attachment":[{"href":"https:\/\/dev.xstyle.md\/ro\/wp-json\/wp\/v2\/media?parent=95093"}],"wp:term":[{"taxonomy":"product_brand","embeddable":true,"href":"https:\/\/dev.xstyle.md\/ro\/wp-json\/wp\/v2\/product_brand?post=95093"},{"taxonomy":"product_cat","embeddable":true,"href":"https:\/\/dev.xstyle.md\/ro\/wp-json\/wp\/v2\/product_cat?post=95093"},{"taxonomy":"product_tag","embeddable":true,"href":"https:\/\/dev.xstyle.md\/ro\/wp-json\/wp\/v2\/product_tag?post=95093"}],"curies":[{"name":"wp","href":"https:\/\/api.w.org\/{rel}","templated":true}]}}