{"id":95078,"date":"2025-06-12T17:50:17","date_gmt":"2025-06-12T14:50:17","guid":{"rendered":"https:\/\/xstyle.md\/?post_type=product&#038;p=95078"},"modified":"2026-03-19T16:22:10","modified_gmt":"2026-03-19T13:22:10","slug":"nozh-ruike-p873-g","status":"publish","type":"product","link":"https:\/\/xstyle.md\/ro\/produs\/nozh-ruike-p873-g\/","title":{"rendered":"Cu\u021bit Ruike P873-G"},"content":{"rendered":"<p><\/p>\n<p><strong>Ruike P873-G<\/strong> &#8212; este un cu\u021bit pliabil versatil, conceput pentru purtarea zilnic\u0103 (EDC), picnicuri, pescuit \u0219i activit\u0103\u021bi \u00een aer liber. \u00cen ciuda lungimii sale de 214 mm \u00een stare deschis\u0103, cu\u021bitul se remarc\u0103 printr-o greutate extrem de redus\u0103 \u2014 doar 74 g, iar clema (clipul) asigur\u0103 o fixare confortabil\u0103 la buzunar sau la curea.<\/p>\n<p>Lama de tip drop point este fabricat\u0103 din o\u021bel suedez Sandvik 14C28N, rezistent la coroziune \u0219i uzur\u0103, fiind capabil\u0103 s\u0103 proceseze lemn, plastic \u0219i alte materiale f\u0103r\u0103 a se deforma.<\/p>\n<p>Modelul este echipat cu un flipper montat pe rulmen\u021bi cu bile pentru o deschidere rapid\u0103 \u0219i cu un mecanism de blocare Button Lock, care permite fixarea \u00een siguran\u021b\u0103 a lamei \u0219i plierea acesteia cu o singur\u0103 m\u00e2n\u0103. Crest\u0103turile de pe coama lamei (cu o grosime de 3,1 mm) previn alunecarea degetului mare \u00een timpul lucrului \u00een for\u021b\u0103.<\/p>\n<p>M\u00e2nerul este realizat din G10 \u2014 un material compozit din fibr\u0103 de sticl\u0103, extrem de robust, rezistent la umiditate \u0219i la agen\u021bi chimici.<\/p>\n<h3>Caracteristici<\/h3>\n<ul>\n<li>Tip cu\u021bit &#8212; pliabil<\/li>\n<li>Tip t\u0103i\u0219 &#8212; standard<\/li>\n<li>Tip blocare &#8212; button lock<\/li>\n<li>Lungime total\u0103 &#8212; 21,4 cm<\/li>\n<li>Lungime lam\u0103 &#8212; 8,8 cm<\/li>\n<li>Material m\u00e2ner &#8212; G10<\/li>\n<li>Duritate o\u021bel &#8212; 57-59 HRC<\/li>\n<li>Marc\u0103 o\u021bel &#8212; sandvik 14C28N<\/li>\n<li>Greutate &#8212; 74 g<\/li>\n<\/ul>\n<p><\/p>\n<h3>Marca<\/h3>\n<p>Ruike - este un brand de\u021binut de renumita companie Fenix (produc\u0103torul de lanterne), care s-a impus rapid prin calitatea excep\u021bional\u0103 a finisajelor \u0219i utilizarea materialelor premium la pre\u021buri competitive. Cu\u021bitele lor se remarc\u0103 printr-un design minimalist \u0219i func\u021bional, fiind apreciate pentru precizia mecanic\u0103 a rulmen\u021bilor \u0219i durabilitatea tratamentului termic aplicat o\u021belului. Este o alegere de top pentru cei care caut\u0103 un cu\u021bit modern, elegant \u0219i extrem de robust pentru utilizarea zilnic\u0103.<\/p>","protected":false},"excerpt":{"rendered":"<p>\u0411\u0440\u0435\u043d\u0434 Ruike \u2014 \u044d\u0442\u043e \u0431\u0440\u0435\u043d\u0434, \u043f\u0440\u0438\u043d\u0430\u0434\u043b\u0435\u0436\u0430\u0449\u0438\u0439 \u0438\u0437\u0432\u0435\u0441\u0442\u043d\u043e\u0439 \u043a\u043e\u043c\u043f\u0430\u043d\u0438\u0438 Fenix (\u043f\u0440\u043e\u0438\u0437\u0432\u043e\u0434\u0438\u0442\u0435\u043b\u044c \u0444\u043e\u043d\u0430\u0440\u0435\u0439), \u043a\u043e\u0442\u043e\u0440\u044b\u0439 \u0431\u044b\u0441\u0442\u0440\u043e \u0437\u0430\u0432\u043e\u0435\u0432\u0430\u043b \u043f\u0440\u0438\u0437\u043d\u0430\u043d\u0438\u0435 \u0431\u043b\u0430\u0433\u043e\u0434\u0430\u0440\u044f \u0438\u0441\u043a\u043b\u044e\u0447\u0438\u0442\u0435\u043b\u044c\u043d\u043e\u043c\u0443 \u043a\u0430\u0447\u0435\u0441\u0442\u0432\u0443 \u0441\u0431\u043e\u0440\u043a\u0438 \u0438 \u0438\u0441\u043f\u043e\u043b\u044c\u0437\u043e\u0432\u0430\u043d\u0438\u044e \u043f\u0440\u0435\u043c\u0438\u0430\u043b\u044c\u043d\u044b\u0445 \u043c\u0430\u0442\u0435\u0440\u0438\u0430\u043b\u043e\u0432 \u043f\u043e \u0434\u043e\u0441\u0442\u0443\u043f\u043d\u043e\u0439 \u0446\u0435\u043d\u0435. \u041d\u043e\u0436\u0438 \u0431\u0440\u0435\u043d\u0434\u0430 \u0432\u044b\u0434\u0435\u043b\u044f\u044e\u0442\u0441\u044f \u043c\u0438\u043d\u0438\u043c\u0430\u043b\u0438\u0441\u0442\u0438\u0447\u043d\u044b\u043c, \u0444\u0443\u043d\u043a\u0446\u0438\u043e\u043d\u0430\u043b\u044c\u043d\u044b\u043c \u0434\u0438\u0437\u0430\u0439\u043d\u043e\u043c \u0438 \u0441\u043b\u0430\u0432\u044f\u0442\u0441\u044f \u0431\u0435\u0437\u0443\u043f\u0440\u0435\u0447\u043d\u043e\u0439 \u0440\u0430\u0431\u043e\u0442\u043e\u0439 \u043f\u043e\u0434\u0448\u0438\u043f\u043d\u0438\u043a\u043e\u0432 \u0438 \u043a\u0430\u0447\u0435\u0441\u0442\u0432\u0435\u043d\u043d\u043e\u0439 \u0442\u0435\u0440\u043c\u043e\u043e\u0431\u0440\u0430\u0431\u043e\u0442\u043a\u043e\u0439 \u0441\u0442\u0430\u043b\u0438. \u042d\u0442\u043e \u043e\u0442\u043b\u0438\u0447\u043d\u044b\u0439 \u0432\u044b\u0431\u043e\u0440 \u0434\u043b\u044f \u0442\u0435\u0445, \u043a\u0442\u043e \u0438\u0449\u0435\u0442 \u0441\u043e\u0432\u0440\u0435\u043c\u0435\u043d\u043d\u044b\u0439, \u0441\u0442\u0438\u043b\u044c\u043d\u044b\u0439 \u0438 \u043d\u0430\u0434\u0435\u0436\u043d\u044b\u0439 \u0438\u043d\u0441\u0442\u0440\u0443\u043c\u0435\u043d\u0442 \u0434\u043b\u044f \u043f\u043e\u0432\u0441\u0435\u0434\u043d\u0435\u0432\u043d\u043e\u0433\u043e [&hellip;]<\/p>\n","protected":false},"featured_media":96538,"comment_status":"open","ping_status":"closed","template":"","meta":{"_acf_changed":false,"inline_featured_image":false},"product_brand":[1486],"product_cat":[169],"product_tag":[],"class_list":{"0":"post-95078","1":"product","2":"type-product","3":"status-publish","4":"has-post-thumbnail","6":"product_brand-ruike","7":"product_cat-knives","9":"first","10":"instock","11":"shipping-taxable","12":"purchasable","13":"product-type-simple"},"acf":[],"yoast_head":"<!-- This site is optimized with the Yoast SEO plugin v27.4 - https:\/\/yoast.com\/product\/yoast-seo-wordpress\/ -->\n<title>\u041d\u043e\u0436 Ruike P873-G - \u041c\u0430\u0433\u0430\u0437\u0438\u043d Xstyle<\/title>\n<meta name=\"robots\" content=\"index, follow, max-snippet:-1, max-image-preview:large, max-video-preview:-1\" \/>\n<link rel=\"canonical\" href=\"https:\/\/xstyle.md\/ro\/produs\/nozh-ruike-p873-g\/\" \/>\n<meta property=\"og:locale\" content=\"ro_RO\" \/>\n<meta property=\"og:type\" content=\"article\" \/>\n<meta property=\"og:title\" content=\"\u041d\u043e\u0436 Ruike P873-G - \u041c\u0430\u0433\u0430\u0437\u0438\u043d Xstyle\" \/>\n<meta property=\"og:description\" content=\"\u0411\u0440\u0435\u043d\u0434 Ruike \u2014 \u044d\u0442\u043e \u0431\u0440\u0435\u043d\u0434, \u043f\u0440\u0438\u043d\u0430\u0434\u043b\u0435\u0436\u0430\u0449\u0438\u0439 \u0438\u0437\u0432\u0435\u0441\u0442\u043d\u043e\u0439 \u043a\u043e\u043c\u043f\u0430\u043d\u0438\u0438 Fenix (\u043f\u0440\u043e\u0438\u0437\u0432\u043e\u0434\u0438\u0442\u0435\u043b\u044c \u0444\u043e\u043d\u0430\u0440\u0435\u0439), \u043a\u043e\u0442\u043e\u0440\u044b\u0439 \u0431\u044b\u0441\u0442\u0440\u043e \u0437\u0430\u0432\u043e\u0435\u0432\u0430\u043b \u043f\u0440\u0438\u0437\u043d\u0430\u043d\u0438\u0435 \u0431\u043b\u0430\u0433\u043e\u0434\u0430\u0440\u044f \u0438\u0441\u043a\u043b\u044e\u0447\u0438\u0442\u0435\u043b\u044c\u043d\u043e\u043c\u0443 \u043a\u0430\u0447\u0435\u0441\u0442\u0432\u0443 \u0441\u0431\u043e\u0440\u043a\u0438 \u0438 \u0438\u0441\u043f\u043e\u043b\u044c\u0437\u043e\u0432\u0430\u043d\u0438\u044e \u043f\u0440\u0435\u043c\u0438\u0430\u043b\u044c\u043d\u044b\u0445 \u043c\u0430\u0442\u0435\u0440\u0438\u0430\u043b\u043e\u0432 \u043f\u043e \u0434\u043e\u0441\u0442\u0443\u043f\u043d\u043e\u0439 \u0446\u0435\u043d\u0435. \u041d\u043e\u0436\u0438 \u0431\u0440\u0435\u043d\u0434\u0430 \u0432\u044b\u0434\u0435\u043b\u044f\u044e\u0442\u0441\u044f \u043c\u0438\u043d\u0438\u043c\u0430\u043b\u0438\u0441\u0442\u0438\u0447\u043d\u044b\u043c, \u0444\u0443\u043d\u043a\u0446\u0438\u043e\u043d\u0430\u043b\u044c\u043d\u044b\u043c \u0434\u0438\u0437\u0430\u0439\u043d\u043e\u043c \u0438 \u0441\u043b\u0430\u0432\u044f\u0442\u0441\u044f \u0431\u0435\u0437\u0443\u043f\u0440\u0435\u0447\u043d\u043e\u0439 \u0440\u0430\u0431\u043e\u0442\u043e\u0439 \u043f\u043e\u0434\u0448\u0438\u043f\u043d\u0438\u043a\u043e\u0432 \u0438 \u043a\u0430\u0447\u0435\u0441\u0442\u0432\u0435\u043d\u043d\u043e\u0439 \u0442\u0435\u0440\u043c\u043e\u043e\u0431\u0440\u0430\u0431\u043e\u0442\u043a\u043e\u0439 \u0441\u0442\u0430\u043b\u0438. \u042d\u0442\u043e \u043e\u0442\u043b\u0438\u0447\u043d\u044b\u0439 \u0432\u044b\u0431\u043e\u0440 \u0434\u043b\u044f \u0442\u0435\u0445, \u043a\u0442\u043e \u0438\u0449\u0435\u0442 \u0441\u043e\u0432\u0440\u0435\u043c\u0435\u043d\u043d\u044b\u0439, \u0441\u0442\u0438\u043b\u044c\u043d\u044b\u0439 \u0438 \u043d\u0430\u0434\u0435\u0436\u043d\u044b\u0439 \u0438\u043d\u0441\u0442\u0440\u0443\u043c\u0435\u043d\u0442 \u0434\u043b\u044f \u043f\u043e\u0432\u0441\u0435\u0434\u043d\u0435\u0432\u043d\u043e\u0433\u043e [&hellip;]\" \/>\n<meta property=\"og:url\" content=\"https:\/\/xstyle.md\/ro\/produs\/nozh-ruike-p873-g\/\" \/>\n<meta property=\"og:site_name\" content=\"\u041c\u0430\u0433\u0430\u0437\u0438\u043d Xstyle\" \/>\n<meta property=\"article:publisher\" content=\"https:\/\/www.facebook.com\/xstylemd\" \/>\n<meta property=\"article:modified_time\" content=\"2026-03-19T13:22:10+00:00\" \/>\n<meta property=\"og:image\" content=\"https:\/\/xstyle.md\/wp-content\/uploads\/2025\/06\/ruike-p873-g.webp\" \/>\n\t<meta property=\"og:image:width\" content=\"970\" \/>\n\t<meta property=\"og:image:height\" content=\"970\" \/>\n\t<meta property=\"og:image:type\" content=\"image\/webp\" \/>\n<meta name=\"twitter:card\" content=\"summary_large_image\" \/>\n<meta name=\"twitter:label1\" content=\"Pre\u021b\" \/>\n\t<meta name=\"twitter:data1\" content=\"1.250&nbsp;MDL\" \/>\n\t<meta name=\"twitter:label2\" content=\"Disponibilitate\" \/>\n\t<meta name=\"twitter:data2\" content=\"\u00cen stoc\" \/>\n<script type=\"application\/ld+json\" class=\"yoast-schema-graph\">{\"@context\":\"https:\\\/\\\/schema.org\",\"@graph\":[{\"@type\":\"WebPage\",\"@id\":\"https:\\\/\\\/xstyle.md\\\/product\\\/nozh-ruike-p873-g\\\/\",\"url\":\"https:\\\/\\\/xstyle.md\\\/product\\\/nozh-ruike-p873-g\\\/\",\"name\":\"\u041d\u043e\u0436 Ruike P873-G - \u041c\u0430\u0433\u0430\u0437\u0438\u043d Xstyle\",\"isPartOf\":{\"@id\":\"https:\\\/\\\/xstyle.md\\\/#website\"},\"primaryImageOfPage\":{\"@id\":\"https:\\\/\\\/xstyle.md\\\/product\\\/nozh-ruike-p873-g\\\/#primaryimage\"},\"image\":{\"@id\":\"https:\\\/\\\/xstyle.md\\\/product\\\/nozh-ruike-p873-g\\\/#primaryimage\"},\"thumbnailUrl\":\"https:\\\/\\\/xstyle.md\\\/wp-content\\\/uploads\\\/2025\\\/06\\\/ruike-p873-g.webp\",\"datePublished\":\"2025-06-12T14:50:17+00:00\",\"dateModified\":\"2026-03-19T13:22:10+00:00\",\"breadcrumb\":{\"@id\":\"https:\\\/\\\/xstyle.md\\\/product\\\/nozh-ruike-p873-g\\\/#breadcrumb\"},\"inLanguage\":\"ro-RO\",\"potentialAction\":[{\"@type\":\"ReadAction\",\"target\":[\"https:\\\/\\\/xstyle.md\\\/product\\\/nozh-ruike-p873-g\\\/\"]}]},{\"@type\":\"ImageObject\",\"inLanguage\":\"ro-RO\",\"@id\":\"https:\\\/\\\/xstyle.md\\\/product\\\/nozh-ruike-p873-g\\\/#primaryimage\",\"url\":\"https:\\\/\\\/xstyle.md\\\/wp-content\\\/uploads\\\/2025\\\/06\\\/ruike-p873-g.webp\",\"contentUrl\":\"https:\\\/\\\/xstyle.md\\\/wp-content\\\/uploads\\\/2025\\\/06\\\/ruike-p873-g.webp\",\"width\":970,\"height\":970,\"caption\":\"\u0422\u0435\u043d\u0434\u0435\u043d\u0446\u0438\u0438 \u0430\u043a\u0442\u0438\u0432\u043d\u043e\u0439 \u0436\u0438\u0437\u043d\u0438: \u043d\u043e\u0436 Ruike P873-G \u0434\u043b\u044f \u043f\u043e\u0445\u043e\u0434\u043e\u0432, \u0442\u0443\u0440\u0438\u0437\u043c\u0430 \u0438 \u043f\u0443\u0442\u0435\u0448\u0435\u0441\u0442\u0432\u0438\u0439, \u044d\u043a\u0438\u043f\u0438\u0440\u043e\u0432\u043a\u0430 \u0434\u043b\u044f \u0430\u043a\u0442\u0438\u0432\u043d\u043e\u0433\u043e \u043e\u0442\u0434\u044b\u0445\u0430, \u043e\u0431\u0443\u0432\u044c \u0438 \u0441\u043d\u0430\u0440\u044f\u0436\u0435\u043d\u0438\u0435 \u0434\u043b\u044f \u0430\u043b\u044c\u043f\u0438\u043d\u0438\u0437\u043c\u0430 \u0438 \u0445\u0430\u0439\u043a\u0438\u043d\u0433\u0430\"},{\"@type\":\"BreadcrumbList\",\"@id\":\"https:\\\/\\\/xstyle.md\\\/product\\\/nozh-ruike-p873-g\\\/#breadcrumb\",\"itemListElement\":[{\"@type\":\"ListItem\",\"position\":1,\"name\":\"\u0413\u043b\u0430\u0432\u043d\u0430\u044f \u0441\u0442\u0440\u0430\u043d\u0438\u0446\u0430\",\"item\":\"https:\\\/\\\/xstyle.md\\\/\"},{\"@type\":\"ListItem\",\"position\":2,\"name\":\"\u041c\u0430\u0433\u0430\u0437\u0438\u043d\",\"item\":\"https:\\\/\\\/xstyle.md\\\/shop\\\/\"},{\"@type\":\"ListItem\",\"position\":3,\"name\":\"\u041d\u043e\u0436 Ruike P873-G\"}]},{\"@type\":\"WebSite\",\"@id\":\"https:\\\/\\\/xstyle.md\\\/#website\",\"url\":\"https:\\\/\\\/xstyle.md\\\/\",\"name\":\"\u041c\u0430\u0433\u0430\u0437\u0438\u043d Xstyle\",\"description\":\"C\u043d\u0430\u0440\u044f\u0436\u0435\u043d\u0438\u0435 \u0434\u043b\u044f \u0442\u0443\u0440\u0438\u0437\u043c\u0430 \u0438 \u044d\u043a\u0441\u0442\u0440\u0435\u043c\u0430\u043b\u044c\u043d\u044b\u0445 \u0432\u0438\u0434\u043e\u0432 \u0441\u043f\u043e\u0440\u0442\u0430 \u0432 \u041c\u043e\u043b\u0434\u043e\u0432\u0435.. \u0426\u0435\u043d\u044b, \u0444\u043e\u0442\u043e, \u0445\u0430\u0440\u0430\u043a\u0442\u0435\u0440\u0438\u0441\u0442\u0438\u043a\u0438 \u0432 \u041c\u043e\u043b\u0434\u043e\u0432\u0435.\",\"publisher\":{\"@id\":\"https:\\\/\\\/xstyle.md\\\/#organization\"},\"alternateName\":\"X-Style\",\"potentialAction\":[{\"@type\":\"SearchAction\",\"target\":{\"@type\":\"EntryPoint\",\"urlTemplate\":\"https:\\\/\\\/xstyle.md\\\/?s={search_term_string}\"},\"query-input\":{\"@type\":\"PropertyValueSpecification\",\"valueRequired\":true,\"valueName\":\"search_term_string\"}}],\"inLanguage\":\"ro-RO\"},{\"@type\":\"Organization\",\"@id\":\"https:\\\/\\\/xstyle.md\\\/#organization\",\"name\":\"\u041c\u0430\u0433\u0430\u0437\u0438\u043d Xstyle\",\"alternateName\":\"x-style\",\"url\":\"https:\\\/\\\/xstyle.md\\\/\",\"logo\":{\"@type\":\"ImageObject\",\"inLanguage\":\"ro-RO\",\"@id\":\"https:\\\/\\\/xstyle.md\\\/#\\\/schema\\\/logo\\\/image\\\/\",\"url\":\"https:\\\/\\\/xstyle.md\\\/wp-content\\\/uploads\\\/2020\\\/06\\\/logoicon.svg\",\"contentUrl\":\"https:\\\/\\\/xstyle.md\\\/wp-content\\\/uploads\\\/2020\\\/06\\\/logoicon.svg\",\"caption\":\"\u041c\u0430\u0433\u0430\u0437\u0438\u043d Xstyle\"},\"image\":{\"@id\":\"https:\\\/\\\/xstyle.md\\\/#\\\/schema\\\/logo\\\/image\\\/\"},\"sameAs\":[\"https:\\\/\\\/www.facebook.com\\\/xstylemd\",\"https:\\\/\\\/www.instagram.com\\\/xstyle_md\\\/\",\"https:\\\/\\\/t.me\\\/xstyle_outdoor\"],\"hasMerchantReturnPolicy\":{\"@type\":\"MerchantReturnPolicy\",\"merchantReturnLink\":\"https:\\\/\\\/xstyle.md\\\/ro\\\/conditions\\\/\"}}]}<\/script>\n<meta property=\"product:price:amount\" content=\"1250.00\" \/>\n<meta property=\"product:price:currency\" content=\"MDL\" \/>\n<meta property=\"og:availability\" content=\"instock\" \/>\n<meta property=\"product:availability\" content=\"instock\" \/>\n<meta property=\"product:retailer_item_id\" content=\"6942870371405\" \/>\n<meta property=\"product:condition\" content=\"new\" \/>\n<!-- \/ Yoast SEO plugin. -->","yoast_head_json":{"title":"\u041d\u043e\u0436 Ruike P873-G - \u041c\u0430\u0433\u0430\u0437\u0438\u043d Xstyle","robots":{"index":"index","follow":"follow","max-snippet":"max-snippet:-1","max-image-preview":"max-image-preview:large","max-video-preview":"max-video-preview:-1"},"canonical":"https:\/\/xstyle.md\/ro\/produs\/nozh-ruike-p873-g\/","og_locale":"ro_RO","og_type":"article","og_title":"\u041d\u043e\u0436 Ruike P873-G - \u041c\u0430\u0433\u0430\u0437\u0438\u043d Xstyle","og_description":"\u0411\u0440\u0435\u043d\u0434 Ruike \u2014 \u044d\u0442\u043e \u0431\u0440\u0435\u043d\u0434, \u043f\u0440\u0438\u043d\u0430\u0434\u043b\u0435\u0436\u0430\u0449\u0438\u0439 \u0438\u0437\u0432\u0435\u0441\u0442\u043d\u043e\u0439 \u043a\u043e\u043c\u043f\u0430\u043d\u0438\u0438 Fenix (\u043f\u0440\u043e\u0438\u0437\u0432\u043e\u0434\u0438\u0442\u0435\u043b\u044c \u0444\u043e\u043d\u0430\u0440\u0435\u0439), \u043a\u043e\u0442\u043e\u0440\u044b\u0439 \u0431\u044b\u0441\u0442\u0440\u043e \u0437\u0430\u0432\u043e\u0435\u0432\u0430\u043b \u043f\u0440\u0438\u0437\u043d\u0430\u043d\u0438\u0435 \u0431\u043b\u0430\u0433\u043e\u0434\u0430\u0440\u044f \u0438\u0441\u043a\u043b\u044e\u0447\u0438\u0442\u0435\u043b\u044c\u043d\u043e\u043c\u0443 \u043a\u0430\u0447\u0435\u0441\u0442\u0432\u0443 \u0441\u0431\u043e\u0440\u043a\u0438 \u0438 \u0438\u0441\u043f\u043e\u043b\u044c\u0437\u043e\u0432\u0430\u043d\u0438\u044e \u043f\u0440\u0435\u043c\u0438\u0430\u043b\u044c\u043d\u044b\u0445 \u043c\u0430\u0442\u0435\u0440\u0438\u0430\u043b\u043e\u0432 \u043f\u043e \u0434\u043e\u0441\u0442\u0443\u043f\u043d\u043e\u0439 \u0446\u0435\u043d\u0435. \u041d\u043e\u0436\u0438 \u0431\u0440\u0435\u043d\u0434\u0430 \u0432\u044b\u0434\u0435\u043b\u044f\u044e\u0442\u0441\u044f \u043c\u0438\u043d\u0438\u043c\u0430\u043b\u0438\u0441\u0442\u0438\u0447\u043d\u044b\u043c, \u0444\u0443\u043d\u043a\u0446\u0438\u043e\u043d\u0430\u043b\u044c\u043d\u044b\u043c \u0434\u0438\u0437\u0430\u0439\u043d\u043e\u043c \u0438 \u0441\u043b\u0430\u0432\u044f\u0442\u0441\u044f \u0431\u0435\u0437\u0443\u043f\u0440\u0435\u0447\u043d\u043e\u0439 \u0440\u0430\u0431\u043e\u0442\u043e\u0439 \u043f\u043e\u0434\u0448\u0438\u043f\u043d\u0438\u043a\u043e\u0432 \u0438 \u043a\u0430\u0447\u0435\u0441\u0442\u0432\u0435\u043d\u043d\u043e\u0439 \u0442\u0435\u0440\u043c\u043e\u043e\u0431\u0440\u0430\u0431\u043e\u0442\u043a\u043e\u0439 \u0441\u0442\u0430\u043b\u0438. \u042d\u0442\u043e \u043e\u0442\u043b\u0438\u0447\u043d\u044b\u0439 \u0432\u044b\u0431\u043e\u0440 \u0434\u043b\u044f \u0442\u0435\u0445, \u043a\u0442\u043e \u0438\u0449\u0435\u0442 \u0441\u043e\u0432\u0440\u0435\u043c\u0435\u043d\u043d\u044b\u0439, \u0441\u0442\u0438\u043b\u044c\u043d\u044b\u0439 \u0438 \u043d\u0430\u0434\u0435\u0436\u043d\u044b\u0439 \u0438\u043d\u0441\u0442\u0440\u0443\u043c\u0435\u043d\u0442 \u0434\u043b\u044f \u043f\u043e\u0432\u0441\u0435\u0434\u043d\u0435\u0432\u043d\u043e\u0433\u043e [&hellip;]","og_url":"https:\/\/xstyle.md\/ro\/produs\/nozh-ruike-p873-g\/","og_site_name":"\u041c\u0430\u0433\u0430\u0437\u0438\u043d Xstyle","article_publisher":"https:\/\/www.facebook.com\/xstylemd","article_modified_time":"2026-03-19T13:22:10+00:00","og_image":[{"width":970,"height":970,"url":"https:\/\/xstyle.md\/wp-content\/uploads\/2025\/06\/ruike-p873-g.webp","type":"image\/webp"}],"twitter_card":"summary_large_image","twitter_misc":{"Pre\u021b":"1.250&nbsp;MDL","Disponibilitate":"\u00cen stoc"},"schema":{"@context":"https:\/\/schema.org","@graph":[{"@type":"WebPage","@id":"https:\/\/xstyle.md\/product\/nozh-ruike-p873-g\/","url":"https:\/\/xstyle.md\/product\/nozh-ruike-p873-g\/","name":"\u041d\u043e\u0436 Ruike P873-G - \u041c\u0430\u0433\u0430\u0437\u0438\u043d Xstyle","isPartOf":{"@id":"https:\/\/xstyle.md\/#website"},"primaryImageOfPage":{"@id":"https:\/\/xstyle.md\/product\/nozh-ruike-p873-g\/#primaryimage"},"image":{"@id":"https:\/\/xstyle.md\/product\/nozh-ruike-p873-g\/#primaryimage"},"thumbnailUrl":"https:\/\/xstyle.md\/wp-content\/uploads\/2025\/06\/ruike-p873-g.webp","datePublished":"2025-06-12T14:50:17+00:00","dateModified":"2026-03-19T13:22:10+00:00","breadcrumb":{"@id":"https:\/\/xstyle.md\/product\/nozh-ruike-p873-g\/#breadcrumb"},"inLanguage":"ro-RO","potentialAction":[{"@type":"ReadAction","target":["https:\/\/xstyle.md\/product\/nozh-ruike-p873-g\/"]}]},{"@type":"ImageObject","inLanguage":"ro-RO","@id":"https:\/\/xstyle.md\/product\/nozh-ruike-p873-g\/#primaryimage","url":"https:\/\/xstyle.md\/wp-content\/uploads\/2025\/06\/ruike-p873-g.webp","contentUrl":"https:\/\/xstyle.md\/wp-content\/uploads\/2025\/06\/ruike-p873-g.webp","width":970,"height":970,"caption":"\u0422\u0435\u043d\u0434\u0435\u043d\u0446\u0438\u0438 \u0430\u043a\u0442\u0438\u0432\u043d\u043e\u0439 \u0436\u0438\u0437\u043d\u0438: \u043d\u043e\u0436 Ruike P873-G \u0434\u043b\u044f \u043f\u043e\u0445\u043e\u0434\u043e\u0432, \u0442\u0443\u0440\u0438\u0437\u043c\u0430 \u0438 \u043f\u0443\u0442\u0435\u0448\u0435\u0441\u0442\u0432\u0438\u0439, \u044d\u043a\u0438\u043f\u0438\u0440\u043e\u0432\u043a\u0430 \u0434\u043b\u044f \u0430\u043a\u0442\u0438\u0432\u043d\u043e\u0433\u043e \u043e\u0442\u0434\u044b\u0445\u0430, \u043e\u0431\u0443\u0432\u044c \u0438 \u0441\u043d\u0430\u0440\u044f\u0436\u0435\u043d\u0438\u0435 \u0434\u043b\u044f \u0430\u043b\u044c\u043f\u0438\u043d\u0438\u0437\u043c\u0430 \u0438 \u0445\u0430\u0439\u043a\u0438\u043d\u0433\u0430"},{"@type":"BreadcrumbList","@id":"https:\/\/xstyle.md\/product\/nozh-ruike-p873-g\/#breadcrumb","itemListElement":[{"@type":"ListItem","position":1,"name":"\u0413\u043b\u0430\u0432\u043d\u0430\u044f \u0441\u0442\u0440\u0430\u043d\u0438\u0446\u0430","item":"https:\/\/xstyle.md\/"},{"@type":"ListItem","position":2,"name":"\u041c\u0430\u0433\u0430\u0437\u0438\u043d","item":"https:\/\/xstyle.md\/shop\/"},{"@type":"ListItem","position":3,"name":"\u041d\u043e\u0436 Ruike P873-G"}]},{"@type":"WebSite","@id":"https:\/\/xstyle.md\/#website","url":"https:\/\/xstyle.md\/","name":"Magazinul X-Style","description":"Echipamente pentru turism \u0219i sporturi extreme \u00een Moldova. Pre\u021buri, fotografii, caracteristici \u00een Moldova.","publisher":{"@id":"https:\/\/xstyle.md\/#organization"},"alternateName":"X-Style","potentialAction":[{"@type":"SearchAction","target":{"@type":"EntryPoint","urlTemplate":"https:\/\/xstyle.md\/?s={search_term_string}"},"query-input":{"@type":"PropertyValueSpecification","valueRequired":true,"valueName":"search_term_string"}}],"inLanguage":"ro-RO"},{"@type":"Organization","@id":"https:\/\/xstyle.md\/#organization","name":"Magazinul X-Style","alternateName":"x-style","url":"https:\/\/xstyle.md\/","logo":{"@type":"ImageObject","inLanguage":"ro-RO","@id":"https:\/\/xstyle.md\/#\/schema\/logo\/image\/","url":"https:\/\/xstyle.md\/wp-content\/uploads\/2020\/06\/logoicon.svg","contentUrl":"https:\/\/xstyle.md\/wp-content\/uploads\/2020\/06\/logoicon.svg","caption":"\u041c\u0430\u0433\u0430\u0437\u0438\u043d Xstyle"},"image":{"@id":"https:\/\/xstyle.md\/#\/schema\/logo\/image\/"},"sameAs":["https:\/\/www.facebook.com\/xstylemd","https:\/\/www.instagram.com\/xstyle_md\/","https:\/\/t.me\/xstyle_outdoor"],"hasMerchantReturnPolicy":{"@type":"MerchantReturnPolicy","merchantReturnLink":"https:\/\/xstyle.md\/ro\/conditions\/"}}]},"product_price_amount":"1250.00","product_price_currency":"MDL","og_availability":"instock","product_availability":"instock","product_retailer_item_id":"6942870371405","product_condition":"new"},"_links":{"self":[{"href":"https:\/\/xstyle.md\/ro\/wp-json\/wp\/v2\/product\/95078","targetHints":{"allow":["GET"]}}],"collection":[{"href":"https:\/\/xstyle.md\/ro\/wp-json\/wp\/v2\/product"}],"about":[{"href":"https:\/\/xstyle.md\/ro\/wp-json\/wp\/v2\/types\/product"}],"replies":[{"embeddable":true,"href":"https:\/\/xstyle.md\/ro\/wp-json\/wp\/v2\/comments?post=95078"}],"wp:featuredmedia":[{"embeddable":true,"href":"https:\/\/xstyle.md\/ro\/wp-json\/wp\/v2\/media\/96538"}],"wp:attachment":[{"href":"https:\/\/xstyle.md\/ro\/wp-json\/wp\/v2\/media?parent=95078"}],"wp:term":[{"taxonomy":"product_brand","embeddable":true,"href":"https:\/\/xstyle.md\/ro\/wp-json\/wp\/v2\/product_brand?post=95078"},{"taxonomy":"product_cat","embeddable":true,"href":"https:\/\/xstyle.md\/ro\/wp-json\/wp\/v2\/product_cat?post=95078"},{"taxonomy":"product_tag","embeddable":true,"href":"https:\/\/xstyle.md\/ro\/wp-json\/wp\/v2\/product_tag?post=95078"}],"curies":[{"name":"wp","href":"https:\/\/api.w.org\/{rel}","templated":true}]}}