{"id":95071,"date":"2025-06-12T17:50:14","date_gmt":"2025-06-12T14:50:14","guid":{"rendered":"https:\/\/xstyle.md\/?post_type=product&#038;p=95071"},"modified":"2026-02-23T15:48:36","modified_gmt":"2026-02-23T12:48:36","slug":"nozh-ruike-d191-g","status":"publish","type":"product","link":"https:\/\/xstyle.md\/ro\/produs\/nozh-ruike-d191-g\/","title":{"rendered":"Cu\u021bit Ruike D191-G"},"content":{"rendered":"<\/p>\n<p><strong>Cu\u021bit Ruike D191-G<\/strong> &#8212; cu\u021bitul pliabil care face parte din gama accesibil\u0103 &#171;D&#187;, o linie de cu\u021bite compacte pentru utilizare zilnic\u0103 (EDC). Creatorii pozi\u021bioneaz\u0103 acest produs ca pe un exemplar complet accesibil pentru uz cotidian. Tr\u0103s\u0103turile distinctive ale modelului sunt forma lamei de tip clip-point \u0219i designul m\u00e2nerului.<\/p>\n<p>\u00cen fabricarea lamei se utilizeaz\u0103 o\u021belul 8Cr13MoV. Acest material este inoxidabil \u0219i rezistent la deterior\u0103ri fizice, aliajul metalic con\u021bin\u00e2nd carbon, crom, vanadiu \u0219i molibden. Cu\u021bitele cu lam\u0103 din o\u021bel 8Cr13MoV \u00ee\u0219i p\u0103streaz\u0103 ascu\u021bi\u0219ul \u0219i sunt u\u0219or de reascu\u021bit. \u00cen procesul de produc\u021bie, o\u021belul este supus unei tratamente criogenice suplimentare, ceea ce asigur\u0103 o rezisten\u021b\u0103 ridicat\u0103 modelului Ruike D191-G.<\/p>\n<p>O\u021belul este tratat prin tehnica Black StoneWash. Suprafa\u021ba mat\u0103 a cu\u021bitului nu reflect\u0103 lumina soarelui \u0219i mascheaz\u0103 bine zg\u00e2rieturile. Lama de tip clip-point este considerat\u0103 universal\u0103, av\u00e2nd o duritate de 57-59 unit\u0103\u021bi pe scara Rockwell.<\/p>\n<p>Baza m\u00e2nerului este acoperit\u0103 cu un material compozit ultra-rezistent, G10 (fibr\u0103 de sticl\u0103 combinat\u0103 cu r\u0103\u0219ini epoxidice). M\u00e2nerele din G10 rezist\u0103 la \u0219ocuri mecanice, umiditate \u0219i temperaturi ridicate. Partea metalic\u0103 a m\u00e2nerului este realizat\u0103 din o\u021bel 420. Cu\u021bitul dispune de un clip de buzunar deta\u0219abil \u0219i un orificiu pentru \u0219nur.<\/p>\n<p>Lama este extras\u0103 cu ajutorul unui flipper \u0219i fixat\u0103 cu un mecanism de blocare de tip Frame-Lock. Viteza de deschidere este asigurat\u0103 de un rulment cu role pe ax. Modelul este disponibil \u00een culoarea verde \u0219i este util pentru turism, pescuit, v\u00e2n\u0103toare \u0219i orice activitate \u00een natur\u0103.<\/p>\n<h3>Caracteristici<\/h3>\n<ul>\n<li>Tip &#8212; cu\u021bit pliabil<\/li>\n<li>Sistem de blocare &#8212; Frame Lock<\/li>\n<li>Forma lamei &#8212; Clip-point<\/li>\n<li>O\u021bel &#8212; 8Cr13MoV<\/li>\n<li>Duritate &#8212; 57-59 HRC<\/li>\n<li>Finisaj lam\u0103 &#8212; Black stonewash<\/li>\n<li>Material m\u00e2ner &#8212; G10 \u0219i o\u021bel 420<\/li>\n<li>Lungime lam\u0103 &#8212; 9,2 cm<\/li>\n<li>Grosime lam\u0103 &#8212; 3,5 mm<\/li>\n<li>Lungime total\u0103 &#8212; 219 mm<\/li>\n<li>Greutate &#8212; 120 g<\/li>\n<li>Garan\u021bie &#8212; 5 ani<\/li>\n<\/ul>\n<p><\/p>\n<h3>Marca<\/h3>\n<p>Ruike - este un brand de\u021binut de compania Fenix (celebr\u0103 pentru lanternele sale), care a reu\u0219it s\u0103 se impun\u0103 rapid prin oferirea unor cu\u021bite cu un raport calitate-pre\u021b excep\u021bional. De\u0219i este un brand relativ t\u00e2n\u0103r, Ruike folose\u0219te tehnici avansate, precum tratamentul criogenic al o\u021belului, pentru a maximiza performan\u021ba lamelor. Designul lor este caracterizat de un stil curat, modern \u0219i o mecanic\u0103 fluid\u0103, adesea bazat\u0103 pe rulmen\u021bi, ceea ce \u00eei face extrem de populari \u00een comunitatea EDC.<\/p>","protected":false},"excerpt":{"rendered":"<p>\u0411\u0440\u0435\u043d\u0434 Ruike \u2014 \u044d\u0442\u043e \u0431\u0440\u0435\u043d\u0434, \u043f\u0440\u0438\u043d\u0430\u0434\u043b\u0435\u0436\u0430\u0449\u0438\u0439 \u043a\u043e\u043c\u043f\u0430\u043d\u0438\u0438 Fenix (\u0438\u0437\u0432\u0435\u0441\u0442\u043d\u043e\u0439 \u0441\u0432\u043e\u0438\u043c\u0438 \u0444\u043e\u043d\u0430\u0440\u044f\u043c\u0438), \u043a\u043e\u0442\u043e\u0440\u044b\u0439 \u0431\u044b\u0441\u0442\u0440\u043e \u0437\u0430\u0432\u043e\u0435\u0432\u0430\u043b \u043f\u043e\u043f\u0443\u043b\u044f\u0440\u043d\u043e\u0441\u0442\u044c \u0431\u043b\u0430\u0433\u043e\u0434\u0430\u0440\u044f \u0438\u0434\u0435\u0430\u043b\u044c\u043d\u043e\u043c\u0443 \u0441\u043e\u043e\u0442\u043d\u043e\u0448\u0435\u043d\u0438\u044e \u0446\u0435\u043d\u044b \u0438 \u043a\u0430\u0447\u0435\u0441\u0442\u0432\u0430. \u041d\u0435\u0441\u043c\u043e\u0442\u0440\u044f \u043d\u0430 \u0441\u0432\u043e\u044e \u043e\u0442\u043d\u043e\u0441\u0438\u0442\u0435\u043b\u044c\u043d\u0443\u044e \u043c\u043e\u043b\u043e\u0434\u043e\u0441\u0442\u044c, \u0431\u0440\u0435\u043d\u0434 \u0438\u0441\u043f\u043e\u043b\u044c\u0437\u0443\u0435\u0442 \u043f\u0440\u043e\u0434\u0432\u0438\u043d\u0443\u0442\u044b\u0435 \u0442\u0435\u0445\u043d\u043e\u043b\u043e\u0433\u0438\u0438, \u0442\u0430\u043a\u0438\u0435 \u043a\u0430\u043a \u043a\u0440\u0438\u043e\u0433\u0435\u043d\u043d\u0430\u044f \u043e\u0431\u0440\u0430\u0431\u043e\u0442\u043a\u0430 \u0441\u0442\u0430\u043b\u0438, \u0447\u0442\u043e\u0431\u044b \u0437\u043d\u0430\u0447\u0438\u0442\u0435\u043b\u044c\u043d\u043e \u0443\u043b\u0443\u0447\u0448\u0438\u0442\u044c \u0445\u0430\u0440\u0430\u043a\u0442\u0435\u0440\u0438\u0441\u0442\u0438\u043a\u0438 \u043a\u043b\u0438\u043d\u043a\u043e\u0432. \u041d\u043e\u0436\u0438 Ruike \u043e\u0442\u043b\u0438\u0447\u0430\u044e\u0442\u0441\u044f \u043b\u0430\u043a\u043e\u043d\u0438\u0447\u043d\u044b\u043c \u0441\u043e\u0432\u0440\u0435\u043c\u0435\u043d\u043d\u044b\u043c \u0434\u0438\u0437\u0430\u0439\u043d\u043e\u043c \u0438 \u043e\u0442\u043b\u0438\u0447\u043d\u043e\u0439 \u043c\u0435\u0445\u0430\u043d\u0438\u043a\u043e\u0439, \u0447\u0430\u0441\u0442\u043e \u043d\u0430 \u0431\u0430\u0437\u0435 \u043f\u043e\u0434\u0448\u0438\u043f\u043d\u0438\u043a\u043e\u0432, \u0447\u0442\u043e \u0434\u0435\u043b\u0430\u0435\u0442 [&hellip;]<\/p>\n","protected":false},"featured_media":101998,"comment_status":"open","ping_status":"closed","template":"","meta":{"_acf_changed":false,"inline_featured_image":false},"product_brand":[1486],"product_cat":[169],"product_tag":[],"class_list":{"0":"post-95071","1":"product","2":"type-product","3":"status-publish","4":"has-post-thumbnail","6":"product_brand-ruike","7":"product_cat-knives","9":"first","10":"instock","11":"shipping-taxable","12":"purchasable","13":"product-type-simple"},"acf":[],"yoast_head":"<!-- This site is optimized with the Yoast SEO plugin v27.4 - https:\/\/yoast.com\/product\/yoast-seo-wordpress\/ -->\n<title>\u041d\u043e\u0436 Ruike D191-G - \u041c\u0430\u0433\u0430\u0437\u0438\u043d Xstyle<\/title>\n<meta name=\"robots\" content=\"index, follow, max-snippet:-1, max-image-preview:large, max-video-preview:-1\" \/>\n<link rel=\"canonical\" href=\"https:\/\/xstyle.md\/ro\/produs\/nozh-ruike-d191-g\/\" \/>\n<meta property=\"og:locale\" content=\"ro_RO\" \/>\n<meta property=\"og:type\" content=\"article\" \/>\n<meta property=\"og:title\" content=\"\u041d\u043e\u0436 Ruike D191-G - \u041c\u0430\u0433\u0430\u0437\u0438\u043d Xstyle\" \/>\n<meta property=\"og:description\" content=\"\u0411\u0440\u0435\u043d\u0434 Ruike \u2014 \u044d\u0442\u043e \u0431\u0440\u0435\u043d\u0434, \u043f\u0440\u0438\u043d\u0430\u0434\u043b\u0435\u0436\u0430\u0449\u0438\u0439 \u043a\u043e\u043c\u043f\u0430\u043d\u0438\u0438 Fenix (\u0438\u0437\u0432\u0435\u0441\u0442\u043d\u043e\u0439 \u0441\u0432\u043e\u0438\u043c\u0438 \u0444\u043e\u043d\u0430\u0440\u044f\u043c\u0438), \u043a\u043e\u0442\u043e\u0440\u044b\u0439 \u0431\u044b\u0441\u0442\u0440\u043e \u0437\u0430\u0432\u043e\u0435\u0432\u0430\u043b \u043f\u043e\u043f\u0443\u043b\u044f\u0440\u043d\u043e\u0441\u0442\u044c \u0431\u043b\u0430\u0433\u043e\u0434\u0430\u0440\u044f \u0438\u0434\u0435\u0430\u043b\u044c\u043d\u043e\u043c\u0443 \u0441\u043e\u043e\u0442\u043d\u043e\u0448\u0435\u043d\u0438\u044e \u0446\u0435\u043d\u044b \u0438 \u043a\u0430\u0447\u0435\u0441\u0442\u0432\u0430. \u041d\u0435\u0441\u043c\u043e\u0442\u0440\u044f \u043d\u0430 \u0441\u0432\u043e\u044e \u043e\u0442\u043d\u043e\u0441\u0438\u0442\u0435\u043b\u044c\u043d\u0443\u044e \u043c\u043e\u043b\u043e\u0434\u043e\u0441\u0442\u044c, \u0431\u0440\u0435\u043d\u0434 \u0438\u0441\u043f\u043e\u043b\u044c\u0437\u0443\u0435\u0442 \u043f\u0440\u043e\u0434\u0432\u0438\u043d\u0443\u0442\u044b\u0435 \u0442\u0435\u0445\u043d\u043e\u043b\u043e\u0433\u0438\u0438, \u0442\u0430\u043a\u0438\u0435 \u043a\u0430\u043a \u043a\u0440\u0438\u043e\u0433\u0435\u043d\u043d\u0430\u044f \u043e\u0431\u0440\u0430\u0431\u043e\u0442\u043a\u0430 \u0441\u0442\u0430\u043b\u0438, \u0447\u0442\u043e\u0431\u044b \u0437\u043d\u0430\u0447\u0438\u0442\u0435\u043b\u044c\u043d\u043e \u0443\u043b\u0443\u0447\u0448\u0438\u0442\u044c \u0445\u0430\u0440\u0430\u043a\u0442\u0435\u0440\u0438\u0441\u0442\u0438\u043a\u0438 \u043a\u043b\u0438\u043d\u043a\u043e\u0432. \u041d\u043e\u0436\u0438 Ruike \u043e\u0442\u043b\u0438\u0447\u0430\u044e\u0442\u0441\u044f \u043b\u0430\u043a\u043e\u043d\u0438\u0447\u043d\u044b\u043c \u0441\u043e\u0432\u0440\u0435\u043c\u0435\u043d\u043d\u044b\u043c \u0434\u0438\u0437\u0430\u0439\u043d\u043e\u043c \u0438 \u043e\u0442\u043b\u0438\u0447\u043d\u043e\u0439 \u043c\u0435\u0445\u0430\u043d\u0438\u043a\u043e\u0439, \u0447\u0430\u0441\u0442\u043e \u043d\u0430 \u0431\u0430\u0437\u0435 \u043f\u043e\u0434\u0448\u0438\u043f\u043d\u0438\u043a\u043e\u0432, \u0447\u0442\u043e \u0434\u0435\u043b\u0430\u0435\u0442 [&hellip;]\" \/>\n<meta property=\"og:url\" content=\"https:\/\/xstyle.md\/ro\/produs\/nozh-ruike-d191-g\/\" \/>\n<meta property=\"og:site_name\" content=\"\u041c\u0430\u0433\u0430\u0437\u0438\u043d Xstyle\" \/>\n<meta property=\"article:publisher\" content=\"https:\/\/www.facebook.com\/xstylemd\" \/>\n<meta property=\"article:modified_time\" content=\"2026-02-23T12:48:36+00:00\" \/>\n<meta property=\"og:image\" content=\"https:\/\/xstyle.md\/wp-content\/uploads\/2025\/06\/ruike-d191-g-2-1.webp\" \/>\n\t<meta property=\"og:image:width\" content=\"1200\" \/>\n\t<meta property=\"og:image:height\" content=\"1200\" \/>\n\t<meta property=\"og:image:type\" content=\"image\/webp\" \/>\n<meta name=\"twitter:card\" content=\"summary_large_image\" \/>\n<meta name=\"twitter:label1\" content=\"Pre\u021b\" \/>\n\t<meta name=\"twitter:data1\" content=\"690&nbsp;MDL\" \/>\n\t<meta name=\"twitter:label2\" content=\"Disponibilitate\" \/>\n\t<meta name=\"twitter:data2\" content=\"\u00cen stoc\" \/>\n<script type=\"application\/ld+json\" class=\"yoast-schema-graph\">{\"@context\":\"https:\\\/\\\/schema.org\",\"@graph\":[{\"@type\":\"WebPage\",\"@id\":\"https:\\\/\\\/xstyle.md\\\/product\\\/nozh-ruike-d191-g\\\/\",\"url\":\"https:\\\/\\\/xstyle.md\\\/product\\\/nozh-ruike-d191-g\\\/\",\"name\":\"\u041d\u043e\u0436 Ruike D191-G - \u041c\u0430\u0433\u0430\u0437\u0438\u043d Xstyle\",\"isPartOf\":{\"@id\":\"https:\\\/\\\/xstyle.md\\\/#website\"},\"primaryImageOfPage\":{\"@id\":\"https:\\\/\\\/xstyle.md\\\/product\\\/nozh-ruike-d191-g\\\/#primaryimage\"},\"image\":{\"@id\":\"https:\\\/\\\/xstyle.md\\\/product\\\/nozh-ruike-d191-g\\\/#primaryimage\"},\"thumbnailUrl\":\"https:\\\/\\\/xstyle.md\\\/wp-content\\\/uploads\\\/2025\\\/06\\\/ruike-d191-g-2-1.webp\",\"datePublished\":\"2025-06-12T14:50:14+00:00\",\"dateModified\":\"2026-02-23T12:48:36+00:00\",\"breadcrumb\":{\"@id\":\"https:\\\/\\\/xstyle.md\\\/product\\\/nozh-ruike-d191-g\\\/#breadcrumb\"},\"inLanguage\":\"ro-RO\",\"potentialAction\":[{\"@type\":\"ReadAction\",\"target\":[\"https:\\\/\\\/xstyle.md\\\/product\\\/nozh-ruike-d191-g\\\/\"]}]},{\"@type\":\"ImageObject\",\"inLanguage\":\"ro-RO\",\"@id\":\"https:\\\/\\\/xstyle.md\\\/product\\\/nozh-ruike-d191-g\\\/#primaryimage\",\"url\":\"https:\\\/\\\/xstyle.md\\\/wp-content\\\/uploads\\\/2025\\\/06\\\/ruike-d191-g-2-1.webp\",\"contentUrl\":\"https:\\\/\\\/xstyle.md\\\/wp-content\\\/uploads\\\/2025\\\/06\\\/ruike-d191-g-2-1.webp\",\"width\":1200,\"height\":1200,\"caption\":\"\u0422\u0443\u0440\u0438\u0441\u0442\u0438\u0447\u0435\u0441\u043a\u0438\u0439 \u043d\u043e\u0436 Ruike D191-G \u0434\u043b\u044f \u0430\u043a\u0442\u0438\u0432\u043d\u043e\u0433\u043e \u043e\u0442\u0434\u044b\u0445\u0430, \u043f\u0443\u0442\u0435\u0448\u0435\u0441\u0442\u0432\u0438\u0439, \u0430\u043b\u044c\u043f\u0438\u043d\u0438\u0437\u043c\u0430 \u0438 \u043d\u043e\u0441\u043a\u0438 \u0432 \u043f\u043e\u0445\u043e\u0434\u0430\u0445 \u0438 \u0441\u043a\u0430\u043b\u043e\u043b\u0430\u0437\u0430\u043d\u0438\u0438, \u044d\u043a\u0438\u043f\u0438\u0440\u043e\u0432\u043a\u0430 \u0434\u043b\u044f \u0430\u043a\u0442\u0438\u0432\u043d\u043e\u0439 \u0436\u0438\u0437\u043d\u0438\"},{\"@type\":\"BreadcrumbList\",\"@id\":\"https:\\\/\\\/xstyle.md\\\/product\\\/nozh-ruike-d191-g\\\/#breadcrumb\",\"itemListElement\":[{\"@type\":\"ListItem\",\"position\":1,\"name\":\"\u0413\u043b\u0430\u0432\u043d\u0430\u044f \u0441\u0442\u0440\u0430\u043d\u0438\u0446\u0430\",\"item\":\"https:\\\/\\\/xstyle.md\\\/\"},{\"@type\":\"ListItem\",\"position\":2,\"name\":\"\u041c\u0430\u0433\u0430\u0437\u0438\u043d\",\"item\":\"https:\\\/\\\/xstyle.md\\\/shop\\\/\"},{\"@type\":\"ListItem\",\"position\":3,\"name\":\"\u041d\u043e\u0436 Ruike D191-G\"}]},{\"@type\":\"WebSite\",\"@id\":\"https:\\\/\\\/xstyle.md\\\/#website\",\"url\":\"https:\\\/\\\/xstyle.md\\\/\",\"name\":\"\u041c\u0430\u0433\u0430\u0437\u0438\u043d Xstyle\",\"description\":\"C\u043d\u0430\u0440\u044f\u0436\u0435\u043d\u0438\u0435 \u0434\u043b\u044f \u0442\u0443\u0440\u0438\u0437\u043c\u0430 \u0438 \u044d\u043a\u0441\u0442\u0440\u0435\u043c\u0430\u043b\u044c\u043d\u044b\u0445 \u0432\u0438\u0434\u043e\u0432 \u0441\u043f\u043e\u0440\u0442\u0430 \u0432 \u041c\u043e\u043b\u0434\u043e\u0432\u0435.. \u0426\u0435\u043d\u044b, \u0444\u043e\u0442\u043e, \u0445\u0430\u0440\u0430\u043a\u0442\u0435\u0440\u0438\u0441\u0442\u0438\u043a\u0438 \u0432 \u041c\u043e\u043b\u0434\u043e\u0432\u0435.\",\"publisher\":{\"@id\":\"https:\\\/\\\/xstyle.md\\\/#organization\"},\"alternateName\":\"X-Style\",\"potentialAction\":[{\"@type\":\"SearchAction\",\"target\":{\"@type\":\"EntryPoint\",\"urlTemplate\":\"https:\\\/\\\/xstyle.md\\\/?s={search_term_string}\"},\"query-input\":{\"@type\":\"PropertyValueSpecification\",\"valueRequired\":true,\"valueName\":\"search_term_string\"}}],\"inLanguage\":\"ro-RO\"},{\"@type\":\"Organization\",\"@id\":\"https:\\\/\\\/xstyle.md\\\/#organization\",\"name\":\"\u041c\u0430\u0433\u0430\u0437\u0438\u043d Xstyle\",\"alternateName\":\"x-style\",\"url\":\"https:\\\/\\\/xstyle.md\\\/\",\"logo\":{\"@type\":\"ImageObject\",\"inLanguage\":\"ro-RO\",\"@id\":\"https:\\\/\\\/xstyle.md\\\/#\\\/schema\\\/logo\\\/image\\\/\",\"url\":\"https:\\\/\\\/xstyle.md\\\/wp-content\\\/uploads\\\/2020\\\/06\\\/logoicon.svg\",\"contentUrl\":\"https:\\\/\\\/xstyle.md\\\/wp-content\\\/uploads\\\/2020\\\/06\\\/logoicon.svg\",\"caption\":\"\u041c\u0430\u0433\u0430\u0437\u0438\u043d Xstyle\"},\"image\":{\"@id\":\"https:\\\/\\\/xstyle.md\\\/#\\\/schema\\\/logo\\\/image\\\/\"},\"sameAs\":[\"https:\\\/\\\/www.facebook.com\\\/xstylemd\",\"https:\\\/\\\/www.instagram.com\\\/xstyle_md\\\/\",\"https:\\\/\\\/t.me\\\/xstyle_outdoor\"],\"hasMerchantReturnPolicy\":{\"@type\":\"MerchantReturnPolicy\",\"merchantReturnLink\":\"https:\\\/\\\/xstyle.md\\\/ro\\\/conditions\\\/\"}}]}<\/script>\n<meta property=\"product:price:amount\" content=\"690.00\" \/>\n<meta property=\"product:price:currency\" content=\"MDL\" \/>\n<meta property=\"og:availability\" content=\"instock\" \/>\n<meta property=\"product:availability\" content=\"instock\" \/>\n<meta property=\"product:retailer_item_id\" content=\"6942870371320\" \/>\n<meta property=\"product:condition\" content=\"new\" \/>\n<!-- \/ Yoast SEO plugin. -->","yoast_head_json":{"title":"\u041d\u043e\u0436 Ruike D191-G - \u041c\u0430\u0433\u0430\u0437\u0438\u043d Xstyle","robots":{"index":"index","follow":"follow","max-snippet":"max-snippet:-1","max-image-preview":"max-image-preview:large","max-video-preview":"max-video-preview:-1"},"canonical":"https:\/\/xstyle.md\/ro\/produs\/nozh-ruike-d191-g\/","og_locale":"ro_RO","og_type":"article","og_title":"\u041d\u043e\u0436 Ruike D191-G - \u041c\u0430\u0433\u0430\u0437\u0438\u043d Xstyle","og_description":"\u0411\u0440\u0435\u043d\u0434 Ruike \u2014 \u044d\u0442\u043e \u0431\u0440\u0435\u043d\u0434, \u043f\u0440\u0438\u043d\u0430\u0434\u043b\u0435\u0436\u0430\u0449\u0438\u0439 \u043a\u043e\u043c\u043f\u0430\u043d\u0438\u0438 Fenix (\u0438\u0437\u0432\u0435\u0441\u0442\u043d\u043e\u0439 \u0441\u0432\u043e\u0438\u043c\u0438 \u0444\u043e\u043d\u0430\u0440\u044f\u043c\u0438), \u043a\u043e\u0442\u043e\u0440\u044b\u0439 \u0431\u044b\u0441\u0442\u0440\u043e \u0437\u0430\u0432\u043e\u0435\u0432\u0430\u043b \u043f\u043e\u043f\u0443\u043b\u044f\u0440\u043d\u043e\u0441\u0442\u044c \u0431\u043b\u0430\u0433\u043e\u0434\u0430\u0440\u044f \u0438\u0434\u0435\u0430\u043b\u044c\u043d\u043e\u043c\u0443 \u0441\u043e\u043e\u0442\u043d\u043e\u0448\u0435\u043d\u0438\u044e \u0446\u0435\u043d\u044b \u0438 \u043a\u0430\u0447\u0435\u0441\u0442\u0432\u0430. \u041d\u0435\u0441\u043c\u043e\u0442\u0440\u044f \u043d\u0430 \u0441\u0432\u043e\u044e \u043e\u0442\u043d\u043e\u0441\u0438\u0442\u0435\u043b\u044c\u043d\u0443\u044e \u043c\u043e\u043b\u043e\u0434\u043e\u0441\u0442\u044c, \u0431\u0440\u0435\u043d\u0434 \u0438\u0441\u043f\u043e\u043b\u044c\u0437\u0443\u0435\u0442 \u043f\u0440\u043e\u0434\u0432\u0438\u043d\u0443\u0442\u044b\u0435 \u0442\u0435\u0445\u043d\u043e\u043b\u043e\u0433\u0438\u0438, \u0442\u0430\u043a\u0438\u0435 \u043a\u0430\u043a \u043a\u0440\u0438\u043e\u0433\u0435\u043d\u043d\u0430\u044f \u043e\u0431\u0440\u0430\u0431\u043e\u0442\u043a\u0430 \u0441\u0442\u0430\u043b\u0438, \u0447\u0442\u043e\u0431\u044b \u0437\u043d\u0430\u0447\u0438\u0442\u0435\u043b\u044c\u043d\u043e \u0443\u043b\u0443\u0447\u0448\u0438\u0442\u044c \u0445\u0430\u0440\u0430\u043a\u0442\u0435\u0440\u0438\u0441\u0442\u0438\u043a\u0438 \u043a\u043b\u0438\u043d\u043a\u043e\u0432. \u041d\u043e\u0436\u0438 Ruike \u043e\u0442\u043b\u0438\u0447\u0430\u044e\u0442\u0441\u044f \u043b\u0430\u043a\u043e\u043d\u0438\u0447\u043d\u044b\u043c \u0441\u043e\u0432\u0440\u0435\u043c\u0435\u043d\u043d\u044b\u043c \u0434\u0438\u0437\u0430\u0439\u043d\u043e\u043c \u0438 \u043e\u0442\u043b\u0438\u0447\u043d\u043e\u0439 \u043c\u0435\u0445\u0430\u043d\u0438\u043a\u043e\u0439, \u0447\u0430\u0441\u0442\u043e \u043d\u0430 \u0431\u0430\u0437\u0435 \u043f\u043e\u0434\u0448\u0438\u043f\u043d\u0438\u043a\u043e\u0432, \u0447\u0442\u043e \u0434\u0435\u043b\u0430\u0435\u0442 [&hellip;]","og_url":"https:\/\/xstyle.md\/ro\/produs\/nozh-ruike-d191-g\/","og_site_name":"\u041c\u0430\u0433\u0430\u0437\u0438\u043d Xstyle","article_publisher":"https:\/\/www.facebook.com\/xstylemd","article_modified_time":"2026-02-23T12:48:36+00:00","og_image":[{"width":1200,"height":1200,"url":"https:\/\/xstyle.md\/wp-content\/uploads\/2025\/06\/ruike-d191-g-2-1.webp","type":"image\/webp"}],"twitter_card":"summary_large_image","twitter_misc":{"Pre\u021b":"690&nbsp;MDL","Disponibilitate":"\u00cen stoc"},"schema":{"@context":"https:\/\/schema.org","@graph":[{"@type":"WebPage","@id":"https:\/\/xstyle.md\/product\/nozh-ruike-d191-g\/","url":"https:\/\/xstyle.md\/product\/nozh-ruike-d191-g\/","name":"\u041d\u043e\u0436 Ruike D191-G - \u041c\u0430\u0433\u0430\u0437\u0438\u043d Xstyle","isPartOf":{"@id":"https:\/\/xstyle.md\/#website"},"primaryImageOfPage":{"@id":"https:\/\/xstyle.md\/product\/nozh-ruike-d191-g\/#primaryimage"},"image":{"@id":"https:\/\/xstyle.md\/product\/nozh-ruike-d191-g\/#primaryimage"},"thumbnailUrl":"https:\/\/xstyle.md\/wp-content\/uploads\/2025\/06\/ruike-d191-g-2-1.webp","datePublished":"2025-06-12T14:50:14+00:00","dateModified":"2026-02-23T12:48:36+00:00","breadcrumb":{"@id":"https:\/\/xstyle.md\/product\/nozh-ruike-d191-g\/#breadcrumb"},"inLanguage":"ro-RO","potentialAction":[{"@type":"ReadAction","target":["https:\/\/xstyle.md\/product\/nozh-ruike-d191-g\/"]}]},{"@type":"ImageObject","inLanguage":"ro-RO","@id":"https:\/\/xstyle.md\/product\/nozh-ruike-d191-g\/#primaryimage","url":"https:\/\/xstyle.md\/wp-content\/uploads\/2025\/06\/ruike-d191-g-2-1.webp","contentUrl":"https:\/\/xstyle.md\/wp-content\/uploads\/2025\/06\/ruike-d191-g-2-1.webp","width":1200,"height":1200,"caption":"\u0422\u0443\u0440\u0438\u0441\u0442\u0438\u0447\u0435\u0441\u043a\u0438\u0439 \u043d\u043e\u0436 Ruike D191-G \u0434\u043b\u044f \u0430\u043a\u0442\u0438\u0432\u043d\u043e\u0433\u043e \u043e\u0442\u0434\u044b\u0445\u0430, \u043f\u0443\u0442\u0435\u0448\u0435\u0441\u0442\u0432\u0438\u0439, \u0430\u043b\u044c\u043f\u0438\u043d\u0438\u0437\u043c\u0430 \u0438 \u043d\u043e\u0441\u043a\u0438 \u0432 \u043f\u043e\u0445\u043e\u0434\u0430\u0445 \u0438 \u0441\u043a\u0430\u043b\u043e\u043b\u0430\u0437\u0430\u043d\u0438\u0438, \u044d\u043a\u0438\u043f\u0438\u0440\u043e\u0432\u043a\u0430 \u0434\u043b\u044f \u0430\u043a\u0442\u0438\u0432\u043d\u043e\u0439 \u0436\u0438\u0437\u043d\u0438"},{"@type":"BreadcrumbList","@id":"https:\/\/xstyle.md\/product\/nozh-ruike-d191-g\/#breadcrumb","itemListElement":[{"@type":"ListItem","position":1,"name":"\u0413\u043b\u0430\u0432\u043d\u0430\u044f \u0441\u0442\u0440\u0430\u043d\u0438\u0446\u0430","item":"https:\/\/xstyle.md\/"},{"@type":"ListItem","position":2,"name":"\u041c\u0430\u0433\u0430\u0437\u0438\u043d","item":"https:\/\/xstyle.md\/shop\/"},{"@type":"ListItem","position":3,"name":"\u041d\u043e\u0436 Ruike D191-G"}]},{"@type":"WebSite","@id":"https:\/\/xstyle.md\/#website","url":"https:\/\/xstyle.md\/","name":"Magazinul X-Style","description":"Echipamente pentru turism \u0219i sporturi extreme \u00een Moldova. Pre\u021buri, fotografii, caracteristici \u00een Moldova.","publisher":{"@id":"https:\/\/xstyle.md\/#organization"},"alternateName":"X-Style","potentialAction":[{"@type":"SearchAction","target":{"@type":"EntryPoint","urlTemplate":"https:\/\/xstyle.md\/?s={search_term_string}"},"query-input":{"@type":"PropertyValueSpecification","valueRequired":true,"valueName":"search_term_string"}}],"inLanguage":"ro-RO"},{"@type":"Organization","@id":"https:\/\/xstyle.md\/#organization","name":"Magazinul X-Style","alternateName":"x-style","url":"https:\/\/xstyle.md\/","logo":{"@type":"ImageObject","inLanguage":"ro-RO","@id":"https:\/\/xstyle.md\/#\/schema\/logo\/image\/","url":"https:\/\/xstyle.md\/wp-content\/uploads\/2020\/06\/logoicon.svg","contentUrl":"https:\/\/xstyle.md\/wp-content\/uploads\/2020\/06\/logoicon.svg","caption":"\u041c\u0430\u0433\u0430\u0437\u0438\u043d Xstyle"},"image":{"@id":"https:\/\/xstyle.md\/#\/schema\/logo\/image\/"},"sameAs":["https:\/\/www.facebook.com\/xstylemd","https:\/\/www.instagram.com\/xstyle_md\/","https:\/\/t.me\/xstyle_outdoor"],"hasMerchantReturnPolicy":{"@type":"MerchantReturnPolicy","merchantReturnLink":"https:\/\/xstyle.md\/ro\/conditions\/"}}]},"product_price_amount":"690.00","product_price_currency":"MDL","og_availability":"instock","product_availability":"instock","product_retailer_item_id":"6942870371320","product_condition":"new"},"_links":{"self":[{"href":"https:\/\/xstyle.md\/ro\/wp-json\/wp\/v2\/product\/95071","targetHints":{"allow":["GET"]}}],"collection":[{"href":"https:\/\/xstyle.md\/ro\/wp-json\/wp\/v2\/product"}],"about":[{"href":"https:\/\/xstyle.md\/ro\/wp-json\/wp\/v2\/types\/product"}],"replies":[{"embeddable":true,"href":"https:\/\/xstyle.md\/ro\/wp-json\/wp\/v2\/comments?post=95071"}],"wp:featuredmedia":[{"embeddable":true,"href":"https:\/\/xstyle.md\/ro\/wp-json\/wp\/v2\/media\/101998"}],"wp:attachment":[{"href":"https:\/\/xstyle.md\/ro\/wp-json\/wp\/v2\/media?parent=95071"}],"wp:term":[{"taxonomy":"product_brand","embeddable":true,"href":"https:\/\/xstyle.md\/ro\/wp-json\/wp\/v2\/product_brand?post=95071"},{"taxonomy":"product_cat","embeddable":true,"href":"https:\/\/xstyle.md\/ro\/wp-json\/wp\/v2\/product_cat?post=95071"},{"taxonomy":"product_tag","embeddable":true,"href":"https:\/\/xstyle.md\/ro\/wp-json\/wp\/v2\/product_tag?post=95071"}],"curies":[{"name":"wp","href":"https:\/\/api.w.org\/{rel}","templated":true}]}}