{"id":95014,"date":"2025-06-12T17:49:58","date_gmt":"2025-06-12T14:49:58","guid":{"rendered":"https:\/\/xstyle.md\/?post_type=product&#038;p=95014"},"modified":"2026-03-17T16:54:51","modified_gmt":"2026-03-17T13:54:51","slug":"komplekt-sumok-lifeventure-ultralight-packing-cube","status":"publish","type":"product","link":"https:\/\/xstyle.md\/ro\/produs\/komplekt-sumok-lifeventure-ultralight-packing-cube\/","title":{"rendered":"Set de gen\u021bi Lifeventure Ultralight Packing Cube"},"content":{"rendered":"<\/p>\n<p><strong>Lifeventure Ultralight Packing Cube<\/strong> &#8212; acest set format din trei huse ultra-u\u0219oare este conceput pentru a organiza c\u00e2t mai eficient hainele \u0219i echipamentul \u00een interiorul rucsacului sau al valizei. Organizatoarele ajut\u0103 la separarea lucrurilor pe categorii, economisesc spa\u021biul \u0219i permit g\u0103sirea rapid\u0103 a obiectelor necesare f\u0103r\u0103 a deranja tot bagajul.<\/p>\n<h3>Particularit\u0103\u021bi<\/h3>\n<ul>\n<li>Durabilitate &#8212; utilizarea \u021bes\u0103turii Cordura garanteaz\u0103 o durat\u0103 lung\u0103 de via\u021b\u0103 \u0219i rezisten\u021b\u0103 la rupere la o greutate minim\u0103<\/li>\n<li>Partea superioar\u0103 din plas\u0103 &#8212; panoul superior din plas\u0103 asigur\u0103 ventila\u021bia hainelor \u0219i permite vizualizarea rapid\u0103 a con\u021binutului fiec\u0103rei huse<\/li>\n<li>Practicabilitate &#8212; fiecare organizator este dotat cu un fermoar fiabil \u0219i un m\u00e2ner confortabil pentru transport<\/li>\n<li>Codificare pe culori &#8212; ajut\u0103 la identificarea \u0219i mai rapid\u0103 a dimensiunii dorite \u00een bagaj<\/li>\n<\/ul>\n<h3>Caracteristici<\/h3>\n<ul>\n<li>Greutate total\u0103 &#8212; aproximativ 100 g<\/li>\n<li>Material &#8212; nailon Cordura\u00ae durabil \u0219i ultra-u\u0219or, cu strat siliconat<\/li>\n<li>Con\u021binut &#8212; 3 organizatoare de dimensiuni diferite (S, M, L)<\/li>\n<\/ul>\n<p><strong>Dimensiuni \u0219i volum:<\/strong><\/p>\n<ul>\n<li>Small &#8212; 200 x 125 x 90 mm (2 litri)<\/li>\n<li>Medium &#8212; 280 x 180 x 110 mm (5 litri)<\/li>\n<li>Large &#8212; 350 x 250 x 130 mm (10 litri)<\/li>\n<\/ul>\n<p><\/p>\n<h3>Marca<\/h3>\n<p>Lifeventure - este un brand britanic renumit, care de peste 20 de ani se specializeaz\u0103 \u00een crearea echipamentelor de \u00eenalt\u0103 calitate pentru c\u0103l\u0103tori \u0219i aventurieri. Produsele companiei sunt apreciate pentru u\u0219urin\u021ba lor extrem\u0103, durabilitate \u0219i ergonomie bine g\u00e2ndit\u0103, de la vesel\u0103 de camping p\u00e2n\u0103 la sisteme de protec\u021bie a datelor personale.<\/p>\n<p>Filosofia lor se bazeaz\u0103 pe combinarea materialelor avansate cu un design practic, ceea ce face ca produsele brandului s\u0103 fie preferate at\u00e2t de exploratorii profesioni\u0219ti, c\u00e2t \u0219i de turi\u0219tii obi\u0219nui\u021bi.<\/p>","protected":false},"excerpt":{"rendered":"<p>\u0411\u0440\u0435\u043d\u0434 Lifeventure \u2014 \u044d\u0442\u043e \u0438\u0437\u0432\u0435\u0441\u0442\u043d\u044b\u0439 \u0431\u0440\u0438\u0442\u0430\u043d\u0441\u043a\u0438\u0439 \u0431\u0440\u0435\u043d\u0434, \u043a\u043e\u0442\u043e\u0440\u044b\u0439 \u0443\u0436\u0435 \u0431\u043e\u043b\u0435\u0435 20 \u043b\u0435\u0442 \u0441\u043f\u0435\u0446\u0438\u0430\u043b\u0438\u0437\u0438\u0440\u0443\u0435\u0442\u0441\u044f \u043d\u0430 \u0441\u043e\u0437\u0434\u0430\u043d\u0438\u0438 \u0432\u044b\u0441\u043e\u043a\u043e\u0442\u0435\u0445\u043d\u043e\u043b\u043e\u0433\u0438\u0447\u043d\u043e\u0433\u043e \u0441\u043d\u0430\u0440\u044f\u0436\u0435\u043d\u0438\u044f \u0434\u043b\u044f \u043f\u0443\u0442\u0435\u0448\u0435\u0441\u0442\u0432\u0435\u043d\u043d\u0438\u043a\u043e\u0432 \u0438 \u0438\u0441\u043a\u0430\u0442\u0435\u043b\u0435\u0439 \u043f\u0440\u0438\u043a\u043b\u044e\u0447\u0435\u043d\u0438\u0439. \u041f\u0440\u043e\u0434\u0443\u043a\u0446\u0438\u044f \u043a\u043e\u043c\u043f\u0430\u043d\u0438\u0438 \u0441\u043b\u0430\u0432\u0438\u0442\u0441\u044f \u0441\u0432\u043e\u0435\u0439 \u0438\u0441\u043a\u043b\u044e\u0447\u0438\u0442\u0435\u043b\u044c\u043d\u043e\u0439 \u043b\u0435\u0433\u043a\u043e\u0441\u0442\u044c\u044e, \u043d\u0430\u0434\u0435\u0436\u043d\u043e\u0441\u0442\u044c\u044e \u0438 \u043f\u0440\u043e\u0434\u0443\u043c\u0430\u043d\u043d\u043e\u0439 \u044d\u0440\u0433\u043e\u043d\u043e\u043c\u0438\u043a\u043e\u0439, \u0431\u0443\u0434\u044c \u0442\u043e \u0433\u0435\u0440\u043c\u043e\u043c\u0435\u0448\u043a\u0438, \u043f\u043e\u0445\u043e\u0434\u043d\u0430\u044f \u043f\u043e\u0441\u0443\u0434\u0430 \u0438\u043b\u0438 \u0441\u0438\u0441\u0442\u0435\u043c\u044b \u0437\u0430\u0449\u0438\u0442\u044b \u043b\u0438\u0447\u043d\u044b\u0445 \u0434\u0430\u043d\u043d\u044b\u0445. \u0418\u0445 \u0444\u0438\u043b\u043e\u0441\u043e\u0444\u0438\u044f \u0441\u0442\u0440\u043e\u0438\u0442\u0441\u044f \u043d\u0430 \u0441\u043e\u0447\u0435\u0442\u0430\u043d\u0438\u0438 \u043f\u0435\u0440\u0435\u0434\u043e\u0432\u044b\u0445 \u043c\u0430\u0442\u0435\u0440\u0438\u0430\u043b\u043e\u0432 \u0438 \u043f\u0440\u0430\u043a\u0442\u0438\u0447\u043d\u043e\u0433\u043e \u0434\u0438\u0437\u0430\u0439\u043d\u0430, \u0447\u0442\u043e \u0434\u0435\u043b\u0430\u0435\u0442 \u0442\u043e\u0432\u0430\u0440\u044b [&hellip;]<\/p>\n","protected":false},"featured_media":103666,"comment_status":"open","ping_status":"closed","template":"","meta":{"_acf_changed":false,"inline_featured_image":false},"product_brand":[1421],"product_cat":[862],"product_tag":[],"class_list":{"0":"post-95014","1":"product","2":"type-product","3":"status-publish","4":"has-post-thumbnail","6":"product_brand-lifeventure","7":"product_cat-packing-backpack","9":"first","10":"instock","11":"shipping-taxable","12":"purchasable","13":"product-type-simple"},"acf":[],"yoast_head":"<!-- This site is optimized with the Yoast SEO plugin v27.4 - https:\/\/yoast.com\/product\/yoast-seo-wordpress\/ -->\n<title>\u041a\u043e\u043c\u043f\u043b\u0435\u043a\u0442 \u0441\u0443\u043c\u043e\u043a Lifeventure Ultralight Packing Cube - \u041c\u0430\u0433\u0430\u0437\u0438\u043d Xstyle<\/title>\n<meta name=\"robots\" content=\"index, follow, max-snippet:-1, max-image-preview:large, max-video-preview:-1\" \/>\n<link rel=\"canonical\" href=\"https:\/\/xstyle.md\/ro\/produs\/komplekt-sumok-lifeventure-ultralight-packing-cube\/\" \/>\n<meta property=\"og:locale\" content=\"ro_RO\" \/>\n<meta property=\"og:type\" content=\"article\" \/>\n<meta property=\"og:title\" content=\"\u041a\u043e\u043c\u043f\u043b\u0435\u043a\u0442 \u0441\u0443\u043c\u043e\u043a Lifeventure Ultralight Packing Cube - \u041c\u0430\u0433\u0430\u0437\u0438\u043d Xstyle\" \/>\n<meta property=\"og:description\" content=\"\u0411\u0440\u0435\u043d\u0434 Lifeventure \u2014 \u044d\u0442\u043e \u0438\u0437\u0432\u0435\u0441\u0442\u043d\u044b\u0439 \u0431\u0440\u0438\u0442\u0430\u043d\u0441\u043a\u0438\u0439 \u0431\u0440\u0435\u043d\u0434, \u043a\u043e\u0442\u043e\u0440\u044b\u0439 \u0443\u0436\u0435 \u0431\u043e\u043b\u0435\u0435 20 \u043b\u0435\u0442 \u0441\u043f\u0435\u0446\u0438\u0430\u043b\u0438\u0437\u0438\u0440\u0443\u0435\u0442\u0441\u044f \u043d\u0430 \u0441\u043e\u0437\u0434\u0430\u043d\u0438\u0438 \u0432\u044b\u0441\u043e\u043a\u043e\u0442\u0435\u0445\u043d\u043e\u043b\u043e\u0433\u0438\u0447\u043d\u043e\u0433\u043e \u0441\u043d\u0430\u0440\u044f\u0436\u0435\u043d\u0438\u044f \u0434\u043b\u044f \u043f\u0443\u0442\u0435\u0448\u0435\u0441\u0442\u0432\u0435\u043d\u043d\u0438\u043a\u043e\u0432 \u0438 \u0438\u0441\u043a\u0430\u0442\u0435\u043b\u0435\u0439 \u043f\u0440\u0438\u043a\u043b\u044e\u0447\u0435\u043d\u0438\u0439. \u041f\u0440\u043e\u0434\u0443\u043a\u0446\u0438\u044f \u043a\u043e\u043c\u043f\u0430\u043d\u0438\u0438 \u0441\u043b\u0430\u0432\u0438\u0442\u0441\u044f \u0441\u0432\u043e\u0435\u0439 \u0438\u0441\u043a\u043b\u044e\u0447\u0438\u0442\u0435\u043b\u044c\u043d\u043e\u0439 \u043b\u0435\u0433\u043a\u043e\u0441\u0442\u044c\u044e, \u043d\u0430\u0434\u0435\u0436\u043d\u043e\u0441\u0442\u044c\u044e \u0438 \u043f\u0440\u043e\u0434\u0443\u043c\u0430\u043d\u043d\u043e\u0439 \u044d\u0440\u0433\u043e\u043d\u043e\u043c\u0438\u043a\u043e\u0439, \u0431\u0443\u0434\u044c \u0442\u043e \u0433\u0435\u0440\u043c\u043e\u043c\u0435\u0448\u043a\u0438, \u043f\u043e\u0445\u043e\u0434\u043d\u0430\u044f \u043f\u043e\u0441\u0443\u0434\u0430 \u0438\u043b\u0438 \u0441\u0438\u0441\u0442\u0435\u043c\u044b \u0437\u0430\u0449\u0438\u0442\u044b \u043b\u0438\u0447\u043d\u044b\u0445 \u0434\u0430\u043d\u043d\u044b\u0445. \u0418\u0445 \u0444\u0438\u043b\u043e\u0441\u043e\u0444\u0438\u044f \u0441\u0442\u0440\u043e\u0438\u0442\u0441\u044f \u043d\u0430 \u0441\u043e\u0447\u0435\u0442\u0430\u043d\u0438\u0438 \u043f\u0435\u0440\u0435\u0434\u043e\u0432\u044b\u0445 \u043c\u0430\u0442\u0435\u0440\u0438\u0430\u043b\u043e\u0432 \u0438 \u043f\u0440\u0430\u043a\u0442\u0438\u0447\u043d\u043e\u0433\u043e \u0434\u0438\u0437\u0430\u0439\u043d\u0430, \u0447\u0442\u043e \u0434\u0435\u043b\u0430\u0435\u0442 \u0442\u043e\u0432\u0430\u0440\u044b [&hellip;]\" \/>\n<meta property=\"og:url\" content=\"https:\/\/xstyle.md\/ro\/produs\/komplekt-sumok-lifeventure-ultralight-packing-cube\/\" \/>\n<meta property=\"og:site_name\" content=\"\u041c\u0430\u0433\u0430\u0437\u0438\u043d Xstyle\" \/>\n<meta property=\"article:publisher\" content=\"https:\/\/www.facebook.com\/xstylemd\" \/>\n<meta property=\"article:modified_time\" content=\"2026-03-17T13:54:51+00:00\" \/>\n<meta property=\"og:image\" content=\"https:\/\/xstyle.md\/wp-content\/uploads\/2025\/06\/lifeventure-ultralight-packing-cube-1.webp\" \/>\n\t<meta property=\"og:image:width\" content=\"1200\" \/>\n\t<meta property=\"og:image:height\" content=\"1200\" \/>\n\t<meta property=\"og:image:type\" content=\"image\/webp\" \/>\n<meta name=\"twitter:card\" content=\"summary_large_image\" \/>\n<meta name=\"twitter:label1\" content=\"Pre\u021b\" \/>\n\t<meta name=\"twitter:data1\" content=\"750&nbsp;MDL\" \/>\n\t<meta name=\"twitter:label2\" content=\"Disponibilitate\" \/>\n\t<meta name=\"twitter:data2\" content=\"\u00cen stoc\" \/>\n<script type=\"application\/ld+json\" class=\"yoast-schema-graph\">{\"@context\":\"https:\\\/\\\/schema.org\",\"@graph\":[{\"@type\":\"WebPage\",\"@id\":\"https:\\\/\\\/xstyle.md\\\/product\\\/komplekt-sumok-lifeventure-ultralight-packing-cube\\\/\",\"url\":\"https:\\\/\\\/xstyle.md\\\/product\\\/komplekt-sumok-lifeventure-ultralight-packing-cube\\\/\",\"name\":\"\u041a\u043e\u043c\u043f\u043b\u0435\u043a\u0442 \u0441\u0443\u043c\u043e\u043a Lifeventure Ultralight Packing Cube - \u041c\u0430\u0433\u0430\u0437\u0438\u043d Xstyle\",\"isPartOf\":{\"@id\":\"https:\\\/\\\/xstyle.md\\\/#website\"},\"primaryImageOfPage\":{\"@id\":\"https:\\\/\\\/xstyle.md\\\/product\\\/komplekt-sumok-lifeventure-ultralight-packing-cube\\\/#primaryimage\"},\"image\":{\"@id\":\"https:\\\/\\\/xstyle.md\\\/product\\\/komplekt-sumok-lifeventure-ultralight-packing-cube\\\/#primaryimage\"},\"thumbnailUrl\":\"https:\\\/\\\/xstyle.md\\\/wp-content\\\/uploads\\\/2025\\\/06\\\/lifeventure-ultralight-packing-cube-1.webp\",\"datePublished\":\"2025-06-12T14:49:58+00:00\",\"dateModified\":\"2026-03-17T13:54:51+00:00\",\"breadcrumb\":{\"@id\":\"https:\\\/\\\/xstyle.md\\\/product\\\/komplekt-sumok-lifeventure-ultralight-packing-cube\\\/#breadcrumb\"},\"inLanguage\":\"ro-RO\",\"potentialAction\":[{\"@type\":\"ReadAction\",\"target\":[\"https:\\\/\\\/xstyle.md\\\/product\\\/komplekt-sumok-lifeventure-ultralight-packing-cube\\\/\"]}]},{\"@type\":\"ImageObject\",\"inLanguage\":\"ro-RO\",\"@id\":\"https:\\\/\\\/xstyle.md\\\/product\\\/komplekt-sumok-lifeventure-ultralight-packing-cube\\\/#primaryimage\",\"url\":\"https:\\\/\\\/xstyle.md\\\/wp-content\\\/uploads\\\/2025\\\/06\\\/lifeventure-ultralight-packing-cube-1.webp\",\"contentUrl\":\"https:\\\/\\\/xstyle.md\\\/wp-content\\\/uploads\\\/2025\\\/06\\\/lifeventure-ultralight-packing-cube-1.webp\",\"width\":1200,\"height\":1200,\"caption\":\"\u041a\u043e\u043c\u043f\u043b\u0435\u043a\u0442 \u0441\u0443\u043c\u043e\u043a Lifeventure Ultralight Packing Cube \u0434\u043b\u044f \u0430\u043a\u0442\u0438\u0432\u043d\u043e\u0433\u043e \u043e\u0442\u0434\u044b\u0445\u0430, \u043f\u0443\u0442\u0435\u0448\u0435\u0441\u0442\u0432\u0438\u0439, \u043f\u043e\u0445\u043e\u0434\u043e\u0432, \u0433\u043e\u0440\u043d\u044b\u0445 \u0432\u043e\u0441\u0445\u043e\u0436\u0434\u0435\u043d\u0438\u0439, \u0441\u043f\u043e\u0440\u0442\u043d\u043e\u0439 \u043e\u0434\u0435\u0436\u0434\u044b \u0438 \u043e\u0431\u0443\u0432\u0438 \u0434\u043b\u044f \u043e\u043d\u043b\u0430\u0439\u043d \u043c\u0430\u0433\u0430\u0437\u0438\u043d\u0430 \u0430\u043a\u0442\u0438\u0432\u043d\u043e\u0439 \u0436\u0438\u0437\u043d\u0438\"},{\"@type\":\"BreadcrumbList\",\"@id\":\"https:\\\/\\\/xstyle.md\\\/product\\\/komplekt-sumok-lifeventure-ultralight-packing-cube\\\/#breadcrumb\",\"itemListElement\":[{\"@type\":\"ListItem\",\"position\":1,\"name\":\"\u0413\u043b\u0430\u0432\u043d\u0430\u044f \u0441\u0442\u0440\u0430\u043d\u0438\u0446\u0430\",\"item\":\"https:\\\/\\\/xstyle.md\\\/\"},{\"@type\":\"ListItem\",\"position\":2,\"name\":\"\u041c\u0430\u0433\u0430\u0437\u0438\u043d\",\"item\":\"https:\\\/\\\/xstyle.md\\\/shop\\\/\"},{\"@type\":\"ListItem\",\"position\":3,\"name\":\"\u041a\u043e\u043c\u043f\u043b\u0435\u043a\u0442 \u0441\u0443\u043c\u043e\u043a Lifeventure Ultralight Packing Cube\"}]},{\"@type\":\"WebSite\",\"@id\":\"https:\\\/\\\/xstyle.md\\\/#website\",\"url\":\"https:\\\/\\\/xstyle.md\\\/\",\"name\":\"\u041c\u0430\u0433\u0430\u0437\u0438\u043d Xstyle\",\"description\":\"C\u043d\u0430\u0440\u044f\u0436\u0435\u043d\u0438\u0435 \u0434\u043b\u044f \u0442\u0443\u0440\u0438\u0437\u043c\u0430 \u0438 \u044d\u043a\u0441\u0442\u0440\u0435\u043c\u0430\u043b\u044c\u043d\u044b\u0445 \u0432\u0438\u0434\u043e\u0432 \u0441\u043f\u043e\u0440\u0442\u0430 \u0432 \u041c\u043e\u043b\u0434\u043e\u0432\u0435.. \u0426\u0435\u043d\u044b, \u0444\u043e\u0442\u043e, \u0445\u0430\u0440\u0430\u043a\u0442\u0435\u0440\u0438\u0441\u0442\u0438\u043a\u0438 \u0432 \u041c\u043e\u043b\u0434\u043e\u0432\u0435.\",\"publisher\":{\"@id\":\"https:\\\/\\\/xstyle.md\\\/#organization\"},\"alternateName\":\"X-Style\",\"potentialAction\":[{\"@type\":\"SearchAction\",\"target\":{\"@type\":\"EntryPoint\",\"urlTemplate\":\"https:\\\/\\\/xstyle.md\\\/?s={search_term_string}\"},\"query-input\":{\"@type\":\"PropertyValueSpecification\",\"valueRequired\":true,\"valueName\":\"search_term_string\"}}],\"inLanguage\":\"ro-RO\"},{\"@type\":\"Organization\",\"@id\":\"https:\\\/\\\/xstyle.md\\\/#organization\",\"name\":\"\u041c\u0430\u0433\u0430\u0437\u0438\u043d Xstyle\",\"alternateName\":\"x-style\",\"url\":\"https:\\\/\\\/xstyle.md\\\/\",\"logo\":{\"@type\":\"ImageObject\",\"inLanguage\":\"ro-RO\",\"@id\":\"https:\\\/\\\/xstyle.md\\\/#\\\/schema\\\/logo\\\/image\\\/\",\"url\":\"https:\\\/\\\/xstyle.md\\\/wp-content\\\/uploads\\\/2020\\\/06\\\/logoicon.svg\",\"contentUrl\":\"https:\\\/\\\/xstyle.md\\\/wp-content\\\/uploads\\\/2020\\\/06\\\/logoicon.svg\",\"caption\":\"\u041c\u0430\u0433\u0430\u0437\u0438\u043d Xstyle\"},\"image\":{\"@id\":\"https:\\\/\\\/xstyle.md\\\/#\\\/schema\\\/logo\\\/image\\\/\"},\"sameAs\":[\"https:\\\/\\\/www.facebook.com\\\/xstylemd\",\"https:\\\/\\\/www.instagram.com\\\/xstyle_md\\\/\",\"https:\\\/\\\/t.me\\\/xstyle_outdoor\"],\"hasMerchantReturnPolicy\":{\"@type\":\"MerchantReturnPolicy\",\"merchantReturnLink\":\"https:\\\/\\\/xstyle.md\\\/ro\\\/conditions\\\/\"}}]}<\/script>\n<meta property=\"product:price:amount\" content=\"750.00\" \/>\n<meta property=\"product:price:currency\" content=\"MDL\" \/>\n<meta property=\"og:availability\" content=\"instock\" \/>\n<meta property=\"product:availability\" content=\"instock\" \/>\n<meta property=\"product:retailer_item_id\" content=\"5031863591546\" \/>\n<meta property=\"product:condition\" content=\"new\" \/>\n<!-- \/ Yoast SEO plugin. -->","yoast_head_json":{"title":"\u041a\u043e\u043c\u043f\u043b\u0435\u043a\u0442 \u0441\u0443\u043c\u043e\u043a Lifeventure Ultralight Packing Cube - \u041c\u0430\u0433\u0430\u0437\u0438\u043d Xstyle","robots":{"index":"index","follow":"follow","max-snippet":"max-snippet:-1","max-image-preview":"max-image-preview:large","max-video-preview":"max-video-preview:-1"},"canonical":"https:\/\/xstyle.md\/ro\/produs\/komplekt-sumok-lifeventure-ultralight-packing-cube\/","og_locale":"ro_RO","og_type":"article","og_title":"\u041a\u043e\u043c\u043f\u043b\u0435\u043a\u0442 \u0441\u0443\u043c\u043e\u043a Lifeventure Ultralight Packing Cube - \u041c\u0430\u0433\u0430\u0437\u0438\u043d Xstyle","og_description":"\u0411\u0440\u0435\u043d\u0434 Lifeventure \u2014 \u044d\u0442\u043e \u0438\u0437\u0432\u0435\u0441\u0442\u043d\u044b\u0439 \u0431\u0440\u0438\u0442\u0430\u043d\u0441\u043a\u0438\u0439 \u0431\u0440\u0435\u043d\u0434, \u043a\u043e\u0442\u043e\u0440\u044b\u0439 \u0443\u0436\u0435 \u0431\u043e\u043b\u0435\u0435 20 \u043b\u0435\u0442 \u0441\u043f\u0435\u0446\u0438\u0430\u043b\u0438\u0437\u0438\u0440\u0443\u0435\u0442\u0441\u044f \u043d\u0430 \u0441\u043e\u0437\u0434\u0430\u043d\u0438\u0438 \u0432\u044b\u0441\u043e\u043a\u043e\u0442\u0435\u0445\u043d\u043e\u043b\u043e\u0433\u0438\u0447\u043d\u043e\u0433\u043e \u0441\u043d\u0430\u0440\u044f\u0436\u0435\u043d\u0438\u044f \u0434\u043b\u044f \u043f\u0443\u0442\u0435\u0448\u0435\u0441\u0442\u0432\u0435\u043d\u043d\u0438\u043a\u043e\u0432 \u0438 \u0438\u0441\u043a\u0430\u0442\u0435\u043b\u0435\u0439 \u043f\u0440\u0438\u043a\u043b\u044e\u0447\u0435\u043d\u0438\u0439. \u041f\u0440\u043e\u0434\u0443\u043a\u0446\u0438\u044f \u043a\u043e\u043c\u043f\u0430\u043d\u0438\u0438 \u0441\u043b\u0430\u0432\u0438\u0442\u0441\u044f \u0441\u0432\u043e\u0435\u0439 \u0438\u0441\u043a\u043b\u044e\u0447\u0438\u0442\u0435\u043b\u044c\u043d\u043e\u0439 \u043b\u0435\u0433\u043a\u043e\u0441\u0442\u044c\u044e, \u043d\u0430\u0434\u0435\u0436\u043d\u043e\u0441\u0442\u044c\u044e \u0438 \u043f\u0440\u043e\u0434\u0443\u043c\u0430\u043d\u043d\u043e\u0439 \u044d\u0440\u0433\u043e\u043d\u043e\u043c\u0438\u043a\u043e\u0439, \u0431\u0443\u0434\u044c \u0442\u043e \u0433\u0435\u0440\u043c\u043e\u043c\u0435\u0448\u043a\u0438, \u043f\u043e\u0445\u043e\u0434\u043d\u0430\u044f \u043f\u043e\u0441\u0443\u0434\u0430 \u0438\u043b\u0438 \u0441\u0438\u0441\u0442\u0435\u043c\u044b \u0437\u0430\u0449\u0438\u0442\u044b \u043b\u0438\u0447\u043d\u044b\u0445 \u0434\u0430\u043d\u043d\u044b\u0445. \u0418\u0445 \u0444\u0438\u043b\u043e\u0441\u043e\u0444\u0438\u044f \u0441\u0442\u0440\u043e\u0438\u0442\u0441\u044f \u043d\u0430 \u0441\u043e\u0447\u0435\u0442\u0430\u043d\u0438\u0438 \u043f\u0435\u0440\u0435\u0434\u043e\u0432\u044b\u0445 \u043c\u0430\u0442\u0435\u0440\u0438\u0430\u043b\u043e\u0432 \u0438 \u043f\u0440\u0430\u043a\u0442\u0438\u0447\u043d\u043e\u0433\u043e \u0434\u0438\u0437\u0430\u0439\u043d\u0430, \u0447\u0442\u043e \u0434\u0435\u043b\u0430\u0435\u0442 \u0442\u043e\u0432\u0430\u0440\u044b [&hellip;]","og_url":"https:\/\/xstyle.md\/ro\/produs\/komplekt-sumok-lifeventure-ultralight-packing-cube\/","og_site_name":"\u041c\u0430\u0433\u0430\u0437\u0438\u043d Xstyle","article_publisher":"https:\/\/www.facebook.com\/xstylemd","article_modified_time":"2026-03-17T13:54:51+00:00","og_image":[{"width":1200,"height":1200,"url":"https:\/\/xstyle.md\/wp-content\/uploads\/2025\/06\/lifeventure-ultralight-packing-cube-1.webp","type":"image\/webp"}],"twitter_card":"summary_large_image","twitter_misc":{"Pre\u021b":"750&nbsp;MDL","Disponibilitate":"\u00cen stoc"},"schema":{"@context":"https:\/\/schema.org","@graph":[{"@type":"WebPage","@id":"https:\/\/xstyle.md\/product\/komplekt-sumok-lifeventure-ultralight-packing-cube\/","url":"https:\/\/xstyle.md\/product\/komplekt-sumok-lifeventure-ultralight-packing-cube\/","name":"\u041a\u043e\u043c\u043f\u043b\u0435\u043a\u0442 \u0441\u0443\u043c\u043e\u043a Lifeventure Ultralight Packing Cube - \u041c\u0430\u0433\u0430\u0437\u0438\u043d Xstyle","isPartOf":{"@id":"https:\/\/xstyle.md\/#website"},"primaryImageOfPage":{"@id":"https:\/\/xstyle.md\/product\/komplekt-sumok-lifeventure-ultralight-packing-cube\/#primaryimage"},"image":{"@id":"https:\/\/xstyle.md\/product\/komplekt-sumok-lifeventure-ultralight-packing-cube\/#primaryimage"},"thumbnailUrl":"https:\/\/xstyle.md\/wp-content\/uploads\/2025\/06\/lifeventure-ultralight-packing-cube-1.webp","datePublished":"2025-06-12T14:49:58+00:00","dateModified":"2026-03-17T13:54:51+00:00","breadcrumb":{"@id":"https:\/\/xstyle.md\/product\/komplekt-sumok-lifeventure-ultralight-packing-cube\/#breadcrumb"},"inLanguage":"ro-RO","potentialAction":[{"@type":"ReadAction","target":["https:\/\/xstyle.md\/product\/komplekt-sumok-lifeventure-ultralight-packing-cube\/"]}]},{"@type":"ImageObject","inLanguage":"ro-RO","@id":"https:\/\/xstyle.md\/product\/komplekt-sumok-lifeventure-ultralight-packing-cube\/#primaryimage","url":"https:\/\/xstyle.md\/wp-content\/uploads\/2025\/06\/lifeventure-ultralight-packing-cube-1.webp","contentUrl":"https:\/\/xstyle.md\/wp-content\/uploads\/2025\/06\/lifeventure-ultralight-packing-cube-1.webp","width":1200,"height":1200,"caption":"\u041a\u043e\u043c\u043f\u043b\u0435\u043a\u0442 \u0441\u0443\u043c\u043e\u043a Lifeventure Ultralight Packing Cube \u0434\u043b\u044f \u0430\u043a\u0442\u0438\u0432\u043d\u043e\u0433\u043e \u043e\u0442\u0434\u044b\u0445\u0430, \u043f\u0443\u0442\u0435\u0448\u0435\u0441\u0442\u0432\u0438\u0439, \u043f\u043e\u0445\u043e\u0434\u043e\u0432, \u0433\u043e\u0440\u043d\u044b\u0445 \u0432\u043e\u0441\u0445\u043e\u0436\u0434\u0435\u043d\u0438\u0439, \u0441\u043f\u043e\u0440\u0442\u043d\u043e\u0439 \u043e\u0434\u0435\u0436\u0434\u044b \u0438 \u043e\u0431\u0443\u0432\u0438 \u0434\u043b\u044f \u043e\u043d\u043b\u0430\u0439\u043d \u043c\u0430\u0433\u0430\u0437\u0438\u043d\u0430 \u0430\u043a\u0442\u0438\u0432\u043d\u043e\u0439 \u0436\u0438\u0437\u043d\u0438"},{"@type":"BreadcrumbList","@id":"https:\/\/xstyle.md\/product\/komplekt-sumok-lifeventure-ultralight-packing-cube\/#breadcrumb","itemListElement":[{"@type":"ListItem","position":1,"name":"\u0413\u043b\u0430\u0432\u043d\u0430\u044f \u0441\u0442\u0440\u0430\u043d\u0438\u0446\u0430","item":"https:\/\/xstyle.md\/"},{"@type":"ListItem","position":2,"name":"\u041c\u0430\u0433\u0430\u0437\u0438\u043d","item":"https:\/\/xstyle.md\/shop\/"},{"@type":"ListItem","position":3,"name":"\u041a\u043e\u043c\u043f\u043b\u0435\u043a\u0442 \u0441\u0443\u043c\u043e\u043a Lifeventure Ultralight Packing Cube"}]},{"@type":"WebSite","@id":"https:\/\/xstyle.md\/#website","url":"https:\/\/xstyle.md\/","name":"Magazinul X-Style","description":"Echipamente pentru turism \u0219i sporturi extreme \u00een Moldova. Pre\u021buri, fotografii, caracteristici \u00een Moldova.","publisher":{"@id":"https:\/\/xstyle.md\/#organization"},"alternateName":"X-Style","potentialAction":[{"@type":"SearchAction","target":{"@type":"EntryPoint","urlTemplate":"https:\/\/xstyle.md\/?s={search_term_string}"},"query-input":{"@type":"PropertyValueSpecification","valueRequired":true,"valueName":"search_term_string"}}],"inLanguage":"ro-RO"},{"@type":"Organization","@id":"https:\/\/xstyle.md\/#organization","name":"Magazinul X-Style","alternateName":"x-style","url":"https:\/\/xstyle.md\/","logo":{"@type":"ImageObject","inLanguage":"ro-RO","@id":"https:\/\/xstyle.md\/#\/schema\/logo\/image\/","url":"https:\/\/xstyle.md\/wp-content\/uploads\/2020\/06\/logoicon.svg","contentUrl":"https:\/\/xstyle.md\/wp-content\/uploads\/2020\/06\/logoicon.svg","caption":"\u041c\u0430\u0433\u0430\u0437\u0438\u043d Xstyle"},"image":{"@id":"https:\/\/xstyle.md\/#\/schema\/logo\/image\/"},"sameAs":["https:\/\/www.facebook.com\/xstylemd","https:\/\/www.instagram.com\/xstyle_md\/","https:\/\/t.me\/xstyle_outdoor"],"hasMerchantReturnPolicy":{"@type":"MerchantReturnPolicy","merchantReturnLink":"https:\/\/xstyle.md\/ro\/conditions\/"}}]},"product_price_amount":"750.00","product_price_currency":"MDL","og_availability":"instock","product_availability":"instock","product_retailer_item_id":"5031863591546","product_condition":"new"},"post_mailing_queue_ids":[],"_links":{"self":[{"href":"https:\/\/xstyle.md\/ro\/wp-json\/wp\/v2\/product\/95014","targetHints":{"allow":["GET"]}}],"collection":[{"href":"https:\/\/xstyle.md\/ro\/wp-json\/wp\/v2\/product"}],"about":[{"href":"https:\/\/xstyle.md\/ro\/wp-json\/wp\/v2\/types\/product"}],"replies":[{"embeddable":true,"href":"https:\/\/xstyle.md\/ro\/wp-json\/wp\/v2\/comments?post=95014"}],"wp:featuredmedia":[{"embeddable":true,"href":"https:\/\/xstyle.md\/ro\/wp-json\/wp\/v2\/media\/103666"}],"wp:attachment":[{"href":"https:\/\/xstyle.md\/ro\/wp-json\/wp\/v2\/media?parent=95014"}],"wp:term":[{"taxonomy":"product_brand","embeddable":true,"href":"https:\/\/xstyle.md\/ro\/wp-json\/wp\/v2\/product_brand?post=95014"},{"taxonomy":"product_cat","embeddable":true,"href":"https:\/\/xstyle.md\/ro\/wp-json\/wp\/v2\/product_cat?post=95014"},{"taxonomy":"product_tag","embeddable":true,"href":"https:\/\/xstyle.md\/ro\/wp-json\/wp\/v2\/product_tag?post=95014"}],"curies":[{"name":"wp","href":"https:\/\/api.w.org\/{rel}","templated":true}]}}