{"id":94930,"date":"2025-06-12T17:49:28","date_gmt":"2025-06-12T14:49:28","guid":{"rendered":"https:\/\/xstyle.md\/?post_type=product&#038;p=94930"},"modified":"2026-02-12T19:59:42","modified_gmt":"2026-02-12T16:59:42","slug":"nozh-crkt-minimalist-nessmuk","status":"publish","type":"product","link":"https:\/\/dev.xstyle.md\/ro\/produs\/nozh-crkt-minimalist-nessmuk\/","title":{"rendered":"Cu\u021bit CRKT Minimalist Nessmuk"},"content":{"rendered":"<p>CRKT Minimalist Nessmuk &#8212; \u043b\u0451\u0433\u043a\u0438\u0439, \u043d\u043e \u043c\u043e\u0449\u043d\u044b\u0439 \u043f\u043e\u0445\u043e\u0434\u043d\u044b\u0439 \u043d\u043e\u0436, \u0441\u043e\u0447\u0435\u0442\u0430\u044e\u0449\u0438\u0439 \u0444\u0443\u043d\u043a\u0446\u0438\u043e\u043d\u0430\u043b\u044c\u043d\u043e\u0441\u0442\u044c \u0438 \u044d\u0441\u0442\u0435\u0442\u0438\u043a\u0443, \u0438 \u0432\u0434\u043e\u0445\u043d\u043e\u0432\u043b\u0451\u043d\u043d\u044b\u0439 \u0442\u0440\u0430\u0434\u0438\u0446\u0438\u044f\u043c\u0438 \u0438 \u043f\u0435\u0440\u0435\u043e\u0441\u043c\u044b\u0441\u043b\u0435\u043d\u043d\u044b\u0439 \u0432 \u0434\u0443\u0445\u0435 \u0441\u043e\u0432\u0440\u0435\u043c\u0435\u043d\u043d\u044b\u0445 \u0442\u0435\u0445\u043d\u043e\u043b\u043e\u0433\u0438\u0439. \u0421\u043e\u0437\u0434\u0430\u043d\u043d\u044b\u0439 \u043c\u0430\u0441\u0442\u0435\u0440\u043e\u043c \u0410\u043b\u0430\u043d\u043e\u043c \u0424\u043e\u043b\u0442\u0441\u043e\u043c, \u044d\u0442\u043e\u0442 \u043d\u043e\u0436 \u0441\u043e\u0447\u0435\u0442\u0430\u0435\u0442 \u043a\u043e\u043c\u043f\u0430\u043a\u0442\u043d\u044b\u0435 \u0440\u0430\u0437\u043c\u0435\u0440\u044b \u0441 \u043d\u0430\u0434\u0451\u0436\u043d\u043e\u0439 \u043f\u0440\u043e\u0438\u0437\u0432\u043e\u0434\u0438\u0442\u0435\u043b\u044c\u043d\u043e\u0441\u0442\u044c\u044e, \u0431\u043b\u0430\u0433\u043e\u0434\u0430\u0440\u044f \u043f\u0440\u043e\u0447\u043d\u043e\u043c\u0443 \u043a\u043b\u0438\u043d\u043a\u0443 \u0438\u0437 \u0441\u0442\u0430\u043b\u0438 D2, \u043a\u043e\u0442\u043e\u0440\u044b\u0439 \u043e\u0442\u043b\u0438\u0447\u043d\u043e \u0434\u0435\u0440\u0436\u0438\u0442 \u0437\u0430\u0442\u043e\u0447\u043a\u0443 \u0438 \u0441\u043f\u0440\u0430\u0432\u043b\u044f\u0435\u0442\u0441\u044f \u0441 \u0440\u0430\u0437\u043b\u0438\u0447\u043d\u044b\u043c\u0438 \u0437\u0430\u0434\u0430\u0447\u0430\u043c\u0438 \u043d\u0430 \u043f\u0440\u0438\u0440\u043e\u0434\u0435.<\/p>\n<p>\u0413\u043b\u0443\u0431\u043e\u043a\u043e\u0435 \u0431\u0440\u044e\u0448\u043a\u043e, \u043f\u0440\u043e\u0447\u043d\u043e\u0435 \u043e\u0441\u0442\u0440\u0438\u0435 \u0438 \u0432\u043e\u0433\u043d\u0443\u0442\u0430\u044f \u0437\u0430\u0442\u043e\u0447\u043a\u0430 \u0434\u0435\u043b\u0430\u044e\u0442 \u0435\u0433\u043e \u043e\u0441\u043e\u0431\u0435\u043d\u043d\u043e \u044d\u0444\u0444\u0435\u043a\u0442\u0438\u0432\u043d\u044b\u043c \u0434\u043b\u044f \u0440\u0435\u0437\u043a\u0438 \u0438 \u0441\u0442\u0440\u043e\u0433\u0430\u043d\u0438\u044f \u2014 \u043a\u0430\u0447\u0435\u0441\u0442\u0432\u0430, \u0446\u0435\u043d\u0438\u043c\u044b\u0435 \u043e\u0445\u043e\u0442\u043d\u0438\u043a\u0430\u043c\u0438, \u0440\u044b\u0431\u0430\u043a\u0430\u043c\u0438 \u0438 \u043f\u043e\u043a\u043b\u043e\u043d\u043d\u0438\u043a\u0430\u043c\u0438 \u0431\u0443\u0448\u043a\u0440\u0430\u0444\u0442\u0430. \u0420\u0443\u043a\u043e\u044f\u0442\u043a\u0430 \u0438\u0437 \u043c\u0438\u043a\u0430\u0440\u0442\u044b \u043d\u0435 \u0442\u043e\u043b\u044c\u043a\u043e \u0443\u0434\u043e\u0431\u043d\u0430 \u0438 \u043f\u0440\u043e\u0447\u043d\u0430, \u043d\u043e \u0438 \u043f\u0440\u0438\u0434\u0430\u0451\u0442 \u043d\u043e\u0436\u0443 \u0432\u044b\u0440\u0430\u0437\u0438\u0442\u0435\u043b\u044c\u043d\u044b\u0439 \u0432\u043d\u0435\u0448\u043d\u0438\u0439 \u0432\u0438\u0434. \u0423\u0434\u043e\u0431\u043d\u044b\u0435 \u043d\u043e\u0436\u043d\u044b \u0438\u0437 \u0442\u0435\u0440\u043c\u043e\u043f\u043b\u0430\u0441\u0442\u0438\u043a\u0430 \u043f\u043e\u0437\u0432\u043e\u043b\u044f\u044e\u0442 \u043d\u043e\u0441\u0438\u0442\u044c \u043d\u043e\u0436 \u043d\u0430 \u0448\u0435\u0435, \u0437\u0430\u043a\u0440\u0435\u043f\u0438\u0442\u044c \u043d\u0430 \u0440\u044e\u043a\u0437\u0430\u043a\u0435 \u0438\u043b\u0438 \u0440\u0435\u043c\u043d\u0435 \u2014 \u0432\u0441\u0435\u0433\u0434\u0430 \u043f\u043e\u0434 \u0440\u0443\u043a\u043e\u0439, \u043a\u043e\u0433\u0434\u0430 \u043e\u043d \u043d\u0443\u0436\u0435\u043d. Minimalist\u00ae Nessmuk \u2014 \u044d\u0442\u043e \u043d\u0430\u0434\u0451\u0436\u043d\u044b\u0439 \u0441\u043f\u0443\u0442\u043d\u0438\u043a \u0434\u043b\u044f \u043b\u044e\u0431\u043e\u0433\u043e \u0432\u044b\u0435\u0437\u0434\u0430 \u043d\u0430 \u043f\u0440\u0438\u0440\u043e\u0434\u0443.<\/p>\n<h3>Caracteristici<\/h3>\n<ul>\n<li>\u0422\u0438\u043f \u043d\u043e\u0436\u0430: \u043d\u0435\u0441\u043a\u043b\u0430\u0434\u043d\u043e\u0439<\/li>\n<li>\u0422\u0438\u043f \u0440\u0435\u0436\u0443\u0449\u0435\u0439 \u043a\u0440\u043e\u043c\u043a\u0438: \u043e\u0431\u044b\u0447\u043d\u0430\u044f<\/li>\n<li>\u0414\u043b\u0438\u043d\u0430 \u043e\u0431\u0449\u0430\u044f: 15.2 \u0441\u043c<\/li>\n<li>\u0414\u043b\u0438\u043d\u0430 \u043a\u043b\u0438\u043d\u043a\u0430: 7.3 \u0441\u043c<\/li>\n<li>\u041c\u0430\u0442\u0435\u0440\u0438\u0430\u043b \u0440\u0443\u043a\u043e\u044f\u0442\u043a\u0438: \u043c\u0438\u043a\u0430\u0440\u0442\u0430<\/li>\n<li>\u0422\u0432\u0435\u0440\u0434\u043e\u0441\u0442\u044c \u0441\u0442\u0430\u043b\u0438: 58-59 HRC<\/li>\n<li>\u041c\u0430\u0440\u043a\u0430 \u0441\u0442\u0430\u043b\u0438: D2<\/li>\n<li>\u0412\u0435\u0441: 73.7 \u0433<\/li>\n<\/ul>\n<h3>Marca<\/h3>\n<p>CRKT - este o companie de produc\u021bie a cu\u021bitelor relativ t\u00e2n\u0103r\u0103, care \u0219i-a \u00eenceput activitatea \u00een 1994, dar care a reu\u0219it rapid s\u0103 atrag\u0103 aten\u021bia colec\u021bionarilor \u0219i pasiona\u021bilor din \u00eentreaga lume. \u00cen arsenalul companiei se reg\u0103se\u0219te o gam\u0103 vast\u0103 de cu\u021bite cu destina\u021bii diverse, care se disting nu doar prin calitatea deosebit\u0103, ci \u0219i prin originalitate \u0219i un concept de design propriu. Aproximativ treizeci de designeri cu renume mondial colaboreaz\u0103 cu firma, f\u0103c\u00e2nd produsele CRKT u\u0219or de recunoscut \u00een cercurile largi de utilizatori.<\/p>\n<p>Compania CRKT acord\u0103 o aten\u021bie meticuloas\u0103 calit\u0103\u021bii produselor sale. Tehnologii firmei au reu\u0219it s\u0103 g\u0103seasc\u0103 \u201echeia\u201d optim\u0103 pentru utilizarea diferitelor tipuri de o\u021bel pentru lame. Din acest motiv, cu\u021bitele CRKT men\u021bin un echilibru perfect \u00eentre pre\u021b \u0219i calitate, dep\u0103\u0219indu-\u0219i cu \u00eencredere concuren\u021bii. \u00cen procesul de fabrica\u021bie se utilizeaz\u0103 \u0219tan\u021barea \u0219i t\u0103ierea cu laser pe echipamente de ultim\u0103 genera\u021bie, \u00een timp ce duritatea, tenacitatea o\u021belului \u0219i compozi\u021bia chimic\u0103 (crom, nichel) sunt selectate cu o rigoare deosebit\u0103.<\/p>","protected":false},"excerpt":{"rendered":"<p>CRKT Minimalist Nessmuk &#8212; \u043b\u0451\u0433\u043a\u0438\u0439, \u043d\u043e \u043c\u043e\u0449\u043d\u044b\u0439 \u043f\u043e\u0445\u043e\u0434\u043d\u044b\u0439 \u043d\u043e\u0436, \u0441\u043e\u0447\u0435\u0442\u0430\u044e\u0449\u0438\u0439 \u0444\u0443\u043d\u043a\u0446\u0438\u043e\u043d\u0430\u043b\u044c\u043d\u043e\u0441\u0442\u044c \u0438 \u044d\u0441\u0442\u0435\u0442\u0438\u043a\u0443, \u0438 \u0432\u0434\u043e\u0445\u043d\u043e\u0432\u043b\u0451\u043d\u043d\u044b\u0439 \u0442\u0440\u0430\u0434\u0438\u0446\u0438\u044f\u043c\u0438 \u0438 \u043f\u0435\u0440\u0435\u043e\u0441\u043c\u044b\u0441\u043b\u0435\u043d\u043d\u044b\u0439 \u0432 \u0434\u0443\u0445\u0435<\/p>","protected":false},"featured_media":95755,"comment_status":"open","ping_status":"closed","template":"","meta":{"_acf_changed":false,"inline_featured_image":false},"product_brand":[1445],"product_cat":[169],"product_tag":[],"class_list":{"0":"post-94930","1":"product","2":"type-product","3":"status-publish","4":"has-post-thumbnail","6":"product_brand-crkt","7":"product_cat-knives","9":"first","10":"instock","11":"shipping-taxable","12":"purchasable","13":"product-type-simple"},"acf":[],"yoast_head":"<!-- This site is optimized with the Yoast SEO plugin v27.4 - https:\/\/yoast.com\/product\/yoast-seo-wordpress\/ -->\n<title>\u041d\u043e\u0436 CRKT Minimalist Nessmuk - \u041c\u0430\u0433\u0430\u0437\u0438\u043d Xstyle<\/title>\n<meta name=\"robots\" content=\"noindex, follow, max-snippet:-1, max-image-preview:large, max-video-preview:-1\" \/>\n<meta property=\"og:locale\" content=\"ro_RO\" \/>\n<meta property=\"og:type\" content=\"article\" \/>\n<meta property=\"og:title\" content=\"\u041d\u043e\u0436 CRKT Minimalist Nessmuk - \u041c\u0430\u0433\u0430\u0437\u0438\u043d Xstyle\" \/>\n<meta property=\"og:description\" content=\"CRKT Minimalist Nessmuk &#8212; \u043b\u0451\u0433\u043a\u0438\u0439, \u043d\u043e \u043c\u043e\u0449\u043d\u044b\u0439 \u043f\u043e\u0445\u043e\u0434\u043d\u044b\u0439 \u043d\u043e\u0436, \u0441\u043e\u0447\u0435\u0442\u0430\u044e\u0449\u0438\u0439 \u0444\u0443\u043d\u043a\u0446\u0438\u043e\u043d\u0430\u043b\u044c\u043d\u043e\u0441\u0442\u044c \u0438 \u044d\u0441\u0442\u0435\u0442\u0438\u043a\u0443, \u0438 \u0432\u0434\u043e\u0445\u043d\u043e\u0432\u043b\u0451\u043d\u043d\u044b\u0439 \u0442\u0440\u0430\u0434\u0438\u0446\u0438\u044f\u043c\u0438 \u0438 \u043f\u0435\u0440\u0435\u043e\u0441\u043c\u044b\u0441\u043b\u0435\u043d\u043d\u044b\u0439 \u0432 \u0434\u0443\u0445\u0435\" \/>\n<meta property=\"og:url\" content=\"https:\/\/dev.xstyle.md\/ro\/produs\/nozh-crkt-minimalist-nessmuk\/\" \/>\n<meta property=\"og:site_name\" content=\"\u041c\u0430\u0433\u0430\u0437\u0438\u043d Xstyle\" \/>\n<meta property=\"article:publisher\" content=\"https:\/\/www.facebook.com\/xstylemd\" \/>\n<meta property=\"article:modified_time\" content=\"2026-02-12T16:59:42+00:00\" \/>\n<meta property=\"og:image\" content=\"https:\/\/dev.xstyle.md\/wp-content\/uploads\/2025\/06\/crkt-minimalist-nessmuk.webp\" \/>\n\t<meta property=\"og:image:width\" content=\"864\" \/>\n\t<meta property=\"og:image:height\" content=\"870\" \/>\n\t<meta property=\"og:image:type\" content=\"image\/webp\" \/>\n<meta name=\"twitter:card\" content=\"summary_large_image\" \/>\n<meta name=\"twitter:label1\" content=\"Pre\u021b\" \/>\n\t<meta name=\"twitter:data1\" content=\"1.390,00&nbsp;MDL\" \/>\n\t<meta name=\"twitter:label2\" content=\"Disponibilitate\" \/>\n\t<meta name=\"twitter:data2\" content=\"\u00cen stoc\" \/>\n<script type=\"application\/ld+json\" class=\"yoast-schema-graph\">{\"@context\":\"https:\\\/\\\/schema.org\",\"@graph\":[{\"@type\":\"WebPage\",\"@id\":\"https:\\\/\\\/dev.xstyle.md\\\/product\\\/nozh-crkt-minimalist-nessmuk\\\/\",\"url\":\"https:\\\/\\\/dev.xstyle.md\\\/product\\\/nozh-crkt-minimalist-nessmuk\\\/\",\"name\":\"\u041d\u043e\u0436 CRKT Minimalist Nessmuk - \u041c\u0430\u0433\u0430\u0437\u0438\u043d Xstyle\",\"isPartOf\":{\"@id\":\"https:\\\/\\\/dev.xstyle.md\\\/#website\"},\"primaryImageOfPage\":{\"@id\":\"https:\\\/\\\/dev.xstyle.md\\\/product\\\/nozh-crkt-minimalist-nessmuk\\\/#primaryimage\"},\"image\":{\"@id\":\"https:\\\/\\\/dev.xstyle.md\\\/product\\\/nozh-crkt-minimalist-nessmuk\\\/#primaryimage\"},\"thumbnailUrl\":\"https:\\\/\\\/dev.xstyle.md\\\/wp-content\\\/uploads\\\/2025\\\/06\\\/crkt-minimalist-nessmuk.webp\",\"datePublished\":\"2025-06-12T14:49:28+00:00\",\"dateModified\":\"2026-02-12T16:59:42+00:00\",\"breadcrumb\":{\"@id\":\"https:\\\/\\\/dev.xstyle.md\\\/product\\\/nozh-crkt-minimalist-nessmuk\\\/#breadcrumb\"},\"inLanguage\":\"ro-RO\",\"potentialAction\":[{\"@type\":\"ReadAction\",\"target\":[\"https:\\\/\\\/dev.xstyle.md\\\/product\\\/nozh-crkt-minimalist-nessmuk\\\/\"]}]},{\"@type\":\"ImageObject\",\"inLanguage\":\"ro-RO\",\"@id\":\"https:\\\/\\\/dev.xstyle.md\\\/product\\\/nozh-crkt-minimalist-nessmuk\\\/#primaryimage\",\"url\":\"https:\\\/\\\/dev.xstyle.md\\\/wp-content\\\/uploads\\\/2025\\\/06\\\/crkt-minimalist-nessmuk.webp\",\"contentUrl\":\"https:\\\/\\\/dev.xstyle.md\\\/wp-content\\\/uploads\\\/2025\\\/06\\\/crkt-minimalist-nessmuk.webp\",\"width\":864,\"height\":870,\"caption\":\"\u0422\u043e\u0432\u0430\u0440 \u0434\u043b\u044f \u0430\u043a\u0442\u0438\u0432\u043d\u043e\u0433\u043e \u043e\u0442\u0434\u044b\u0445\u0430 \u043d\u043e\u0436 CRKT Minimalist Nessmuk \u0434\u043b\u044f \u043f\u0443\u0442\u0435\u0448\u0435\u0441\u0442\u0432\u0438\u0439 \u0438 \u0430\u043b\u044c\u043f\u0438\u043d\u0438\u0437\u043c\u0430, \u044d\u043a\u0438\u043f\u0438\u0440\u043e\u0432\u043a\u0430 \u0434\u043b\u044f \u043a\u0435\u043c\u043f\u0438\u043d\u0433\u0430, \u043e\u0431\u0443\u0432\u044c \u0438 \u043e\u0434\u0435\u0436\u0434\u0430 \u0434\u043b\u044f \u043f\u043e\u0445\u043e\u0434\u043e\u0432, \u0441\u043d\u0430\u0440\u044f\u0436\u0435\u043d\u0438\u0435 \u0434\u043b\u044f \u0442\u0443\u0440\u0438\u0437\u043c\u0430 \u0438 \u0433\u043e\u0440\u043d\u044b\u0445 \u043f\u043e\u0445\u043e\u0434\u043e\u0432 \u0434\u043b\u044f \u0438\u043d\u0442\u0435\u0440\u043d\u0435\u0442-\u043c\u0430\u0433\u0430\u0437\u0438\u043d\u0430 \u0430\u043a\u0442\u0438\u0432\u043d\u043e\u0439 \u0436\u0438\u0437\u043d\u0438\"},{\"@type\":\"BreadcrumbList\",\"@id\":\"https:\\\/\\\/dev.xstyle.md\\\/product\\\/nozh-crkt-minimalist-nessmuk\\\/#breadcrumb\",\"itemListElement\":[{\"@type\":\"ListItem\",\"position\":1,\"name\":\"\u0413\u043b\u0430\u0432\u043d\u0430\u044f \u0441\u0442\u0440\u0430\u043d\u0438\u0446\u0430\",\"item\":\"https:\\\/\\\/dev.xstyle.md\\\/\"},{\"@type\":\"ListItem\",\"position\":2,\"name\":\"Shop\",\"item\":\"https:\\\/\\\/dev.xstyle.md\\\/shop\\\/\"},{\"@type\":\"ListItem\",\"position\":3,\"name\":\"\u041d\u043e\u0436 CRKT Minimalist Nessmuk\"}]},{\"@type\":\"WebSite\",\"@id\":\"https:\\\/\\\/dev.xstyle.md\\\/#website\",\"url\":\"https:\\\/\\\/dev.xstyle.md\\\/\",\"name\":\"\u041c\u0430\u0433\u0430\u0437\u0438\u043d Xstyle\",\"description\":\"C\u043d\u0430\u0440\u044f\u0436\u0435\u043d\u0438\u0435 \u0434\u043b\u044f \u0442\u0443\u0440\u0438\u0437\u043c\u0430 \u0438 \u044d\u043a\u0441\u0442\u0440\u0435\u043c\u0430\u043b\u044c\u043d\u044b\u0445 \u0432\u0438\u0434\u043e\u0432 \u0441\u043f\u043e\u0440\u0442\u0430 \u0432 \u041c\u043e\u043b\u0434\u043e\u0432\u0435.. \u0426\u0435\u043d\u044b, \u0444\u043e\u0442\u043e, \u0445\u0430\u0440\u0430\u043a\u0442\u0435\u0440\u0438\u0441\u0442\u0438\u043a\u0438 \u0432 \u041c\u043e\u043b\u0434\u043e\u0432\u0435.\",\"publisher\":{\"@id\":\"https:\\\/\\\/dev.xstyle.md\\\/#organization\"},\"alternateName\":\"X-Style\",\"potentialAction\":[{\"@type\":\"SearchAction\",\"target\":{\"@type\":\"EntryPoint\",\"urlTemplate\":\"https:\\\/\\\/dev.xstyle.md\\\/?s={search_term_string}\"},\"query-input\":{\"@type\":\"PropertyValueSpecification\",\"valueRequired\":true,\"valueName\":\"search_term_string\"}}],\"inLanguage\":\"ro-RO\"},{\"@type\":\"Organization\",\"@id\":\"https:\\\/\\\/dev.xstyle.md\\\/#organization\",\"name\":\"\u041c\u0430\u0433\u0430\u0437\u0438\u043d Xstyle\",\"alternateName\":\"x-style\",\"url\":\"https:\\\/\\\/dev.xstyle.md\\\/\",\"logo\":{\"@type\":\"ImageObject\",\"inLanguage\":\"ro-RO\",\"@id\":\"https:\\\/\\\/dev.xstyle.md\\\/#\\\/schema\\\/logo\\\/image\\\/\",\"url\":\"https:\\\/\\\/dev.xstyle.md\\\/wp-content\\\/uploads\\\/2020\\\/06\\\/logoicon.svg\",\"contentUrl\":\"https:\\\/\\\/dev.xstyle.md\\\/wp-content\\\/uploads\\\/2020\\\/06\\\/logoicon.svg\",\"caption\":\"\u041c\u0430\u0433\u0430\u0437\u0438\u043d Xstyle\"},\"image\":{\"@id\":\"https:\\\/\\\/dev.xstyle.md\\\/#\\\/schema\\\/logo\\\/image\\\/\"},\"sameAs\":[\"https:\\\/\\\/www.facebook.com\\\/xstylemd\",\"https:\\\/\\\/www.instagram.com\\\/xstyle_md\\\/\",\"https:\\\/\\\/t.me\\\/xstyle_outdoor\"],\"hasMerchantReturnPolicy\":{\"@type\":\"MerchantReturnPolicy\",\"merchantReturnLink\":\"https:\\\/\\\/dev.xstyle.md\\\/ro\\\/conditions\\\/\"}}]}<\/script>\n<meta property=\"product:price:amount\" content=\"1390.00\" \/>\n<meta property=\"product:price:currency\" content=\"MDL\" \/>\n<meta property=\"og:availability\" content=\"instock\" \/>\n<meta property=\"product:availability\" content=\"instock\" \/>\n<meta property=\"product:retailer_item_id\" content=\"794023237603\" \/>\n<meta property=\"product:condition\" content=\"new\" \/>\n<!-- \/ Yoast SEO plugin. -->","yoast_head_json":{"title":"\u041d\u043e\u0436 CRKT Minimalist Nessmuk - \u041c\u0430\u0433\u0430\u0437\u0438\u043d Xstyle","robots":{"index":"noindex","follow":"follow","max-snippet":"max-snippet:-1","max-image-preview":"max-image-preview:large","max-video-preview":"max-video-preview:-1"},"og_locale":"ro_RO","og_type":"article","og_title":"\u041d\u043e\u0436 CRKT Minimalist Nessmuk - \u041c\u0430\u0433\u0430\u0437\u0438\u043d Xstyle","og_description":"CRKT Minimalist Nessmuk &#8212; \u043b\u0451\u0433\u043a\u0438\u0439, \u043d\u043e \u043c\u043e\u0449\u043d\u044b\u0439 \u043f\u043e\u0445\u043e\u0434\u043d\u044b\u0439 \u043d\u043e\u0436, \u0441\u043e\u0447\u0435\u0442\u0430\u044e\u0449\u0438\u0439 \u0444\u0443\u043d\u043a\u0446\u0438\u043e\u043d\u0430\u043b\u044c\u043d\u043e\u0441\u0442\u044c \u0438 \u044d\u0441\u0442\u0435\u0442\u0438\u043a\u0443, \u0438 \u0432\u0434\u043e\u0445\u043d\u043e\u0432\u043b\u0451\u043d\u043d\u044b\u0439 \u0442\u0440\u0430\u0434\u0438\u0446\u0438\u044f\u043c\u0438 \u0438 \u043f\u0435\u0440\u0435\u043e\u0441\u043c\u044b\u0441\u043b\u0435\u043d\u043d\u044b\u0439 \u0432 \u0434\u0443\u0445\u0435","og_url":"https:\/\/dev.xstyle.md\/ro\/produs\/nozh-crkt-minimalist-nessmuk\/","og_site_name":"\u041c\u0430\u0433\u0430\u0437\u0438\u043d Xstyle","article_publisher":"https:\/\/www.facebook.com\/xstylemd","article_modified_time":"2026-02-12T16:59:42+00:00","og_image":[{"width":864,"height":870,"url":"https:\/\/dev.xstyle.md\/wp-content\/uploads\/2025\/06\/crkt-minimalist-nessmuk.webp","type":"image\/webp"}],"twitter_card":"summary_large_image","twitter_misc":{"Pre\u021b":"1.390,00&nbsp;MDL","Disponibilitate":"\u00cen stoc"},"schema":{"@context":"https:\/\/schema.org","@graph":[{"@type":"WebPage","@id":"https:\/\/dev.xstyle.md\/product\/nozh-crkt-minimalist-nessmuk\/","url":"https:\/\/dev.xstyle.md\/product\/nozh-crkt-minimalist-nessmuk\/","name":"\u041d\u043e\u0436 CRKT Minimalist Nessmuk - \u041c\u0430\u0433\u0430\u0437\u0438\u043d Xstyle","isPartOf":{"@id":"https:\/\/dev.xstyle.md\/#website"},"primaryImageOfPage":{"@id":"https:\/\/dev.xstyle.md\/product\/nozh-crkt-minimalist-nessmuk\/#primaryimage"},"image":{"@id":"https:\/\/dev.xstyle.md\/product\/nozh-crkt-minimalist-nessmuk\/#primaryimage"},"thumbnailUrl":"https:\/\/dev.xstyle.md\/wp-content\/uploads\/2025\/06\/crkt-minimalist-nessmuk.webp","datePublished":"2025-06-12T14:49:28+00:00","dateModified":"2026-02-12T16:59:42+00:00","breadcrumb":{"@id":"https:\/\/dev.xstyle.md\/product\/nozh-crkt-minimalist-nessmuk\/#breadcrumb"},"inLanguage":"ro-RO","potentialAction":[{"@type":"ReadAction","target":["https:\/\/dev.xstyle.md\/product\/nozh-crkt-minimalist-nessmuk\/"]}]},{"@type":"ImageObject","inLanguage":"ro-RO","@id":"https:\/\/dev.xstyle.md\/product\/nozh-crkt-minimalist-nessmuk\/#primaryimage","url":"https:\/\/dev.xstyle.md\/wp-content\/uploads\/2025\/06\/crkt-minimalist-nessmuk.webp","contentUrl":"https:\/\/dev.xstyle.md\/wp-content\/uploads\/2025\/06\/crkt-minimalist-nessmuk.webp","width":864,"height":870,"caption":"\u0422\u043e\u0432\u0430\u0440 \u0434\u043b\u044f \u0430\u043a\u0442\u0438\u0432\u043d\u043e\u0433\u043e \u043e\u0442\u0434\u044b\u0445\u0430 \u043d\u043e\u0436 CRKT Minimalist Nessmuk \u0434\u043b\u044f \u043f\u0443\u0442\u0435\u0448\u0435\u0441\u0442\u0432\u0438\u0439 \u0438 \u0430\u043b\u044c\u043f\u0438\u043d\u0438\u0437\u043c\u0430, \u044d\u043a\u0438\u043f\u0438\u0440\u043e\u0432\u043a\u0430 \u0434\u043b\u044f \u043a\u0435\u043c\u043f\u0438\u043d\u0433\u0430, \u043e\u0431\u0443\u0432\u044c \u0438 \u043e\u0434\u0435\u0436\u0434\u0430 \u0434\u043b\u044f \u043f\u043e\u0445\u043e\u0434\u043e\u0432, \u0441\u043d\u0430\u0440\u044f\u0436\u0435\u043d\u0438\u0435 \u0434\u043b\u044f \u0442\u0443\u0440\u0438\u0437\u043c\u0430 \u0438 \u0433\u043e\u0440\u043d\u044b\u0445 \u043f\u043e\u0445\u043e\u0434\u043e\u0432 \u0434\u043b\u044f \u0438\u043d\u0442\u0435\u0440\u043d\u0435\u0442-\u043c\u0430\u0433\u0430\u0437\u0438\u043d\u0430 \u0430\u043a\u0442\u0438\u0432\u043d\u043e\u0439 \u0436\u0438\u0437\u043d\u0438"},{"@type":"BreadcrumbList","@id":"https:\/\/dev.xstyle.md\/product\/nozh-crkt-minimalist-nessmuk\/#breadcrumb","itemListElement":[{"@type":"ListItem","position":1,"name":"\u0413\u043b\u0430\u0432\u043d\u0430\u044f \u0441\u0442\u0440\u0430\u043d\u0438\u0446\u0430","item":"https:\/\/dev.xstyle.md\/"},{"@type":"ListItem","position":2,"name":"Shop","item":"https:\/\/dev.xstyle.md\/shop\/"},{"@type":"ListItem","position":3,"name":"\u041d\u043e\u0436 CRKT Minimalist Nessmuk"}]},{"@type":"WebSite","@id":"https:\/\/dev.xstyle.md\/#website","url":"https:\/\/dev.xstyle.md\/","name":"Magazinul X-Style","description":"Echipamente pentru turism \u0219i sporturi extreme \u00een Moldova. Pre\u021buri, fotografii, caracteristici \u00een Moldova.","publisher":{"@id":"https:\/\/dev.xstyle.md\/#organization"},"alternateName":"X-Style","potentialAction":[{"@type":"SearchAction","target":{"@type":"EntryPoint","urlTemplate":"https:\/\/dev.xstyle.md\/?s={search_term_string}"},"query-input":{"@type":"PropertyValueSpecification","valueRequired":true,"valueName":"search_term_string"}}],"inLanguage":"ro-RO"},{"@type":"Organization","@id":"https:\/\/dev.xstyle.md\/#organization","name":"Magazinul X-Style","alternateName":"x-style","url":"https:\/\/dev.xstyle.md\/","logo":{"@type":"ImageObject","inLanguage":"ro-RO","@id":"https:\/\/dev.xstyle.md\/#\/schema\/logo\/image\/","url":"https:\/\/dev.xstyle.md\/wp-content\/uploads\/2020\/06\/logoicon.svg","contentUrl":"https:\/\/dev.xstyle.md\/wp-content\/uploads\/2020\/06\/logoicon.svg","caption":"\u041c\u0430\u0433\u0430\u0437\u0438\u043d Xstyle"},"image":{"@id":"https:\/\/dev.xstyle.md\/#\/schema\/logo\/image\/"},"sameAs":["https:\/\/www.facebook.com\/xstylemd","https:\/\/www.instagram.com\/xstyle_md\/","https:\/\/t.me\/xstyle_outdoor"],"hasMerchantReturnPolicy":{"@type":"MerchantReturnPolicy","merchantReturnLink":"https:\/\/dev.xstyle.md\/ro\/conditions\/"}}]},"product_price_amount":"1390.00","product_price_currency":"MDL","og_availability":"instock","product_availability":"instock","product_retailer_item_id":"794023237603","product_condition":"new"},"post_mailing_queue_ids":[],"_links":{"self":[{"href":"https:\/\/dev.xstyle.md\/ro\/wp-json\/wp\/v2\/product\/94930","targetHints":{"allow":["GET"]}}],"collection":[{"href":"https:\/\/dev.xstyle.md\/ro\/wp-json\/wp\/v2\/product"}],"about":[{"href":"https:\/\/dev.xstyle.md\/ro\/wp-json\/wp\/v2\/types\/product"}],"replies":[{"embeddable":true,"href":"https:\/\/dev.xstyle.md\/ro\/wp-json\/wp\/v2\/comments?post=94930"}],"version-history":[{"count":1,"href":"https:\/\/dev.xstyle.md\/ro\/wp-json\/wp\/v2\/product\/94930\/revisions"}],"predecessor-version":[{"id":95750,"href":"https:\/\/dev.xstyle.md\/ro\/wp-json\/wp\/v2\/product\/94930\/revisions\/95750"}],"wp:featuredmedia":[{"embeddable":true,"href":"https:\/\/dev.xstyle.md\/ro\/wp-json\/wp\/v2\/media\/95755"}],"wp:attachment":[{"href":"https:\/\/dev.xstyle.md\/ro\/wp-json\/wp\/v2\/media?parent=94930"}],"wp:term":[{"taxonomy":"product_brand","embeddable":true,"href":"https:\/\/dev.xstyle.md\/ro\/wp-json\/wp\/v2\/product_brand?post=94930"},{"taxonomy":"product_cat","embeddable":true,"href":"https:\/\/dev.xstyle.md\/ro\/wp-json\/wp\/v2\/product_cat?post=94930"},{"taxonomy":"product_tag","embeddable":true,"href":"https:\/\/dev.xstyle.md\/ro\/wp-json\/wp\/v2\/product_tag?post=94930"}],"curies":[{"name":"wp","href":"https:\/\/api.w.org\/{rel}","templated":true}]}}