{"id":94765,"date":"2025-06-12T17:48:35","date_gmt":"2025-06-12T14:48:35","guid":{"rendered":"https:\/\/xstyle.md\/?post_type=product&#038;p=94765"},"modified":"2026-02-23T16:42:30","modified_gmt":"2026-02-23T13:42:30","slug":"nozh-sog-sog-tsc-xr-blackout","status":"publish","type":"product","link":"https:\/\/xstyle.md\/ro\/produs\/nozh-sog-sog-tsc-xr-blackout\/","title":{"rendered":"Cu\u021bit SOG Sog-Tsc XR Blackout"},"content":{"rendered":"<\/p>\n<p><strong>Cu\u021bit SOG Sog-Tsc XR Blackout<\/strong> &#8212; este un cu\u021bit pliabil tactic de excep\u021bie. Greutatea redus\u0103, durabilitatea, versatilitatea \u0219i u\u0219urin\u021ba \u00een utilizare fac din SOG-TAC XR cu\u021bitul ideal pentru purtarea zilnic\u0103 (EDC), oferindu-v\u0103 toate motivele s\u0103 nu dori\u021bi s\u0103-l mai schimba\u021bi. Designul cu\u021bitului se bazeaz\u0103 pe feedback-ul utilizatorilor \u0219i vizeaz\u0103 \u00eembun\u0103t\u0103\u021birea tuturor func\u021biilor necesare \u00een context profesional, pun\u00e2nd accent pe versatilitate \u0219i utilizare tactic\u0103\/de lupt\u0103.<\/p>\n<p>O\u021belul D2 din care este fabricat\u0103 lama este unul dintre cele mai populare o\u021beluri pentru cu\u021bite din lume. Acesta con\u021bine 12% crom, ceea ce nu \u00eei permite s\u0103 fie clasificat drept \u201einoxidabil\u201d, dar ofer\u0103 totu\u0219i o rezisten\u021b\u0103 destul de bun\u0103 la coroziune. Printre caracteristicile sale pozitive se num\u0103r\u0103 capacitatea excelent\u0103 de a men\u021bine t\u0103i\u0219ul ascu\u021bit \u0219i o rezisten\u021b\u0103 mecanic\u0103 (tenacitate) considerabil\u0103.<\/p>\n<p>M\u00e2nerul este realizat din G-10 \u2014 un material compozit pe baz\u0103 de fibr\u0103 de sticl\u0103 \u0219i r\u0103\u0219in\u0103 epoxidic\u0103. Acesta este extrem de robust, impermeabil \u0219i rezistent la \u0219ocuri. G-10 se prelucreaz\u0103 \u0219i se coloreaz\u0103 excelent, fiind utilizat pe scar\u0103 larg\u0103 la majoritatea cu\u021bitelor moderne de \u00eenalt\u0103 calitate.<\/p>\n<h3>Caracteristici<\/h3>\n<ul>\n<li>Lungime cu\u021bit &#8212; 20 cm<\/li>\n<li>Lungime lam\u0103 &#8212; 8,5 cm<\/li>\n<li>Grosime lam\u0103 &#8212; 3,2 mm<\/li>\n<li>Greutate &#8212; 148 g<\/li>\n<li>Tip mecanism de blocare &#8212; AT-XR Lock<\/li>\n<li>Material lam\u0103 &#8212; o\u021bel D2<\/li>\n<li>Material m\u00e2ner &#8212; G-10<\/li>\n<li>Destina\u021bie &#8212; pentru utilizare zilnic\u0103 (EDC)<\/li>\n<li>\u021aara de fabrica\u021bie &#8212; SUA<\/li>\n<li>Profilul lamei &#8212; Drop-Point<\/li>\n<li>Duritate o\u021bel &#8212; 58 \u2014 59 HRC<\/li>\n<li>Tip tratament lam\u0103 &#8212; nitrur\u0103 de Titan (Titanium Nitride)<\/li>\n<\/ul>\n<p><\/p>\n<h3>Marca<\/h3>\n<p>Boker - este unul dintre cei mai vechi \u0219i respecta\u021bi produc\u0103tori de cu\u021bite din lume, av\u00e2ndu-\u0219i originile \u00een Solingen, Germania, \u00eenc\u0103 din secolul al XVII-lea. Brandul este faimos pentru logo-ul s\u0103u cu un castan \u0219i pentru gama imens\u0103 de produse, de la bricege tradi\u021bionale \u0219i cu\u021bite tactice, p\u00e2n\u0103 la accesorii de b\u0103rbierit de lux. Boker reu\u0219e\u0219te s\u0103 combine perfect tradi\u021bia me\u0219te\u0219ug\u0103reasc\u0103 german\u0103 cu designul modern, colabor\u00e2nd frecvent cu designeri de renume mondial.<\/p>","protected":false},"excerpt":{"rendered":"<p>\u0411\u0440\u0435\u043d\u0434 Boker \u2014 \u043e\u0434\u0438\u043d \u0438\u0437 \u0441\u0442\u0430\u0440\u0435\u0439\u0448\u0438\u0445 \u0438 \u0441\u0430\u043c\u044b\u0445 \u0443\u0432\u0430\u0436\u0430\u0435\u043c\u044b\u0445 \u043f\u0440\u043e\u0438\u0437\u0432\u043e\u0434\u0438\u0442\u0435\u043b\u0435\u0439 \u043d\u043e\u0436\u0435\u0439 \u0432 \u043c\u0438\u0440\u0435, \u0447\u044c\u044f \u0438\u0441\u0442\u043e\u0440\u0438\u044f \u043d\u0430\u0447\u0430\u043b\u0430\u0441\u044c \u0432 \u043d\u0435\u043c\u0435\u0446\u043a\u043e\u043c \u0433\u043e\u0440\u043e\u0434\u0435 \u0417\u043e\u043b\u0438\u043d\u0433\u0435\u043d \u0435\u0449\u0435 \u0432 XVII \u0432\u0435\u043a\u0435. \u0411\u0440\u0435\u043d\u0434 \u0437\u043d\u0430\u043c\u0435\u043d\u0438\u0442 \u0441\u0432\u043e\u0438\u043c \u043b\u043e\u0433\u043e\u0442\u0438\u043f\u043e\u043c \u0441 \u0438\u0437\u043e\u0431\u0440\u0430\u0436\u0435\u043d\u0438\u0435\u043c \u043a\u0430\u0448\u0442\u0430\u043d\u0430 \u0438 \u043a\u043e\u043b\u043e\u0441\u0441\u0430\u043b\u044c\u043d\u044b\u043c \u0430\u0441\u0441\u043e\u0440\u0442\u0438\u043c\u0435\u043d\u0442\u043e\u043c: \u043e\u0442 \u043a\u043b\u0430\u0441\u0441\u0438\u0447\u0435\u0441\u043a\u0438\u0445 \u043a\u0430\u0440\u043c\u0430\u043d\u043d\u044b\u0445 \u043d\u043e\u0436\u0435\u0439 \u0434\u043e \u0442\u0430\u043a\u0442\u0438\u0447\u0435\u0441\u043a\u0438\u0445 \u043c\u043e\u0434\u0435\u043b\u0435\u0439 \u0438 \u043e\u043f\u0430\u0441\u043d\u044b\u0445 \u0431\u0440\u0438\u0442\u0432. \u041a\u043e\u043c\u043f\u0430\u043d\u0438\u044f \u043c\u0430\u0441\u0442\u0435\u0440\u0441\u043a\u0438 \u0441\u043e\u0447\u0435\u0442\u0430\u0435\u0442 \u043c\u043d\u043e\u0433\u043e\u0432\u0435\u043a\u043e\u0432\u044b\u0435 \u0442\u0440\u0430\u0434\u0438\u0446\u0438\u0438 \u043d\u0435\u043c\u0435\u0446\u043a\u043e\u0433\u043e \u043a\u0430\u0447\u0435\u0441\u0442\u0432\u0430 \u0441 \u0438\u043d\u043d\u043e\u0432\u0430\u0446\u0438\u043e\u043d\u043d\u044b\u043c\u0438 \u043c\u0430\u0442\u0435\u0440\u0438\u0430\u043b\u0430\u043c\u0438 \u0438 [&hellip;]<\/p>\n","protected":false},"featured_media":102018,"comment_status":"open","ping_status":"closed","template":"","meta":{"_acf_changed":false,"inline_featured_image":false},"product_brand":[1392],"product_cat":[169],"product_tag":[],"class_list":{"0":"post-94765","1":"product","2":"type-product","3":"status-publish","4":"has-post-thumbnail","6":"product_brand-boker","7":"product_cat-knives","9":"first","10":"instock","11":"shipping-taxable","12":"purchasable","13":"product-type-simple"},"acf":[],"yoast_head":"<!-- This site is optimized with the Yoast SEO plugin v27.4 - https:\/\/yoast.com\/product\/yoast-seo-wordpress\/ -->\n<title>\u041d\u043e\u0436 SOG Sog-Tsc XR Blackout - \u041c\u0430\u0433\u0430\u0437\u0438\u043d Xstyle<\/title>\n<meta name=\"robots\" content=\"index, follow, max-snippet:-1, max-image-preview:large, max-video-preview:-1\" \/>\n<link rel=\"canonical\" href=\"https:\/\/xstyle.md\/ro\/produs\/nozh-sog-sog-tsc-xr-blackout\/\" \/>\n<meta property=\"og:locale\" content=\"ro_RO\" \/>\n<meta property=\"og:type\" content=\"article\" \/>\n<meta property=\"og:title\" content=\"\u041d\u043e\u0436 SOG Sog-Tsc XR Blackout - \u041c\u0430\u0433\u0430\u0437\u0438\u043d Xstyle\" \/>\n<meta property=\"og:description\" content=\"\u0411\u0440\u0435\u043d\u0434 Boker \u2014 \u043e\u0434\u0438\u043d \u0438\u0437 \u0441\u0442\u0430\u0440\u0435\u0439\u0448\u0438\u0445 \u0438 \u0441\u0430\u043c\u044b\u0445 \u0443\u0432\u0430\u0436\u0430\u0435\u043c\u044b\u0445 \u043f\u0440\u043e\u0438\u0437\u0432\u043e\u0434\u0438\u0442\u0435\u043b\u0435\u0439 \u043d\u043e\u0436\u0435\u0439 \u0432 \u043c\u0438\u0440\u0435, \u0447\u044c\u044f \u0438\u0441\u0442\u043e\u0440\u0438\u044f \u043d\u0430\u0447\u0430\u043b\u0430\u0441\u044c \u0432 \u043d\u0435\u043c\u0435\u0446\u043a\u043e\u043c \u0433\u043e\u0440\u043e\u0434\u0435 \u0417\u043e\u043b\u0438\u043d\u0433\u0435\u043d \u0435\u0449\u0435 \u0432 XVII \u0432\u0435\u043a\u0435. \u0411\u0440\u0435\u043d\u0434 \u0437\u043d\u0430\u043c\u0435\u043d\u0438\u0442 \u0441\u0432\u043e\u0438\u043c \u043b\u043e\u0433\u043e\u0442\u0438\u043f\u043e\u043c \u0441 \u0438\u0437\u043e\u0431\u0440\u0430\u0436\u0435\u043d\u0438\u0435\u043c \u043a\u0430\u0448\u0442\u0430\u043d\u0430 \u0438 \u043a\u043e\u043b\u043e\u0441\u0441\u0430\u043b\u044c\u043d\u044b\u043c \u0430\u0441\u0441\u043e\u0440\u0442\u0438\u043c\u0435\u043d\u0442\u043e\u043c: \u043e\u0442 \u043a\u043b\u0430\u0441\u0441\u0438\u0447\u0435\u0441\u043a\u0438\u0445 \u043a\u0430\u0440\u043c\u0430\u043d\u043d\u044b\u0445 \u043d\u043e\u0436\u0435\u0439 \u0434\u043e \u0442\u0430\u043a\u0442\u0438\u0447\u0435\u0441\u043a\u0438\u0445 \u043c\u043e\u0434\u0435\u043b\u0435\u0439 \u0438 \u043e\u043f\u0430\u0441\u043d\u044b\u0445 \u0431\u0440\u0438\u0442\u0432. \u041a\u043e\u043c\u043f\u0430\u043d\u0438\u044f \u043c\u0430\u0441\u0442\u0435\u0440\u0441\u043a\u0438 \u0441\u043e\u0447\u0435\u0442\u0430\u0435\u0442 \u043c\u043d\u043e\u0433\u043e\u0432\u0435\u043a\u043e\u0432\u044b\u0435 \u0442\u0440\u0430\u0434\u0438\u0446\u0438\u0438 \u043d\u0435\u043c\u0435\u0446\u043a\u043e\u0433\u043e \u043a\u0430\u0447\u0435\u0441\u0442\u0432\u0430 \u0441 \u0438\u043d\u043d\u043e\u0432\u0430\u0446\u0438\u043e\u043d\u043d\u044b\u043c\u0438 \u043c\u0430\u0442\u0435\u0440\u0438\u0430\u043b\u0430\u043c\u0438 \u0438 [&hellip;]\" \/>\n<meta property=\"og:url\" content=\"https:\/\/xstyle.md\/ro\/produs\/nozh-sog-sog-tsc-xr-blackout\/\" \/>\n<meta property=\"og:site_name\" content=\"\u041c\u0430\u0433\u0430\u0437\u0438\u043d Xstyle\" \/>\n<meta property=\"article:publisher\" content=\"https:\/\/www.facebook.com\/xstylemd\" \/>\n<meta property=\"article:modified_time\" content=\"2026-02-23T13:42:30+00:00\" \/>\n<meta property=\"og:image\" content=\"https:\/\/xstyle.md\/wp-content\/uploads\/2025\/06\/sog-sog-tsc-xr-blackout-4.webp\" \/>\n\t<meta property=\"og:image:width\" content=\"1200\" \/>\n\t<meta property=\"og:image:height\" content=\"1200\" \/>\n\t<meta property=\"og:image:type\" content=\"image\/webp\" \/>\n<meta name=\"twitter:card\" content=\"summary_large_image\" \/>\n<meta name=\"twitter:label1\" content=\"Pre\u021b\" \/>\n\t<meta name=\"twitter:data1\" content=\"2.850&nbsp;MDL\" \/>\n\t<meta name=\"twitter:label2\" content=\"Disponibilitate\" \/>\n\t<meta name=\"twitter:data2\" content=\"\u00cen stoc\" \/>\n<script type=\"application\/ld+json\" class=\"yoast-schema-graph\">{\"@context\":\"https:\\\/\\\/schema.org\",\"@graph\":[{\"@type\":\"WebPage\",\"@id\":\"https:\\\/\\\/xstyle.md\\\/product\\\/nozh-sog-sog-tsc-xr-blackout\\\/\",\"url\":\"https:\\\/\\\/xstyle.md\\\/product\\\/nozh-sog-sog-tsc-xr-blackout\\\/\",\"name\":\"\u041d\u043e\u0436 SOG Sog-Tsc XR Blackout - \u041c\u0430\u0433\u0430\u0437\u0438\u043d Xstyle\",\"isPartOf\":{\"@id\":\"https:\\\/\\\/xstyle.md\\\/#website\"},\"primaryImageOfPage\":{\"@id\":\"https:\\\/\\\/xstyle.md\\\/product\\\/nozh-sog-sog-tsc-xr-blackout\\\/#primaryimage\"},\"image\":{\"@id\":\"https:\\\/\\\/xstyle.md\\\/product\\\/nozh-sog-sog-tsc-xr-blackout\\\/#primaryimage\"},\"thumbnailUrl\":\"https:\\\/\\\/xstyle.md\\\/wp-content\\\/uploads\\\/2025\\\/06\\\/sog-sog-tsc-xr-blackout-4.webp\",\"datePublished\":\"2025-06-12T14:48:35+00:00\",\"dateModified\":\"2026-02-23T13:42:30+00:00\",\"breadcrumb\":{\"@id\":\"https:\\\/\\\/xstyle.md\\\/product\\\/nozh-sog-sog-tsc-xr-blackout\\\/#breadcrumb\"},\"inLanguage\":\"ro-RO\",\"potentialAction\":[{\"@type\":\"ReadAction\",\"target\":[\"https:\\\/\\\/xstyle.md\\\/product\\\/nozh-sog-sog-tsc-xr-blackout\\\/\"]}]},{\"@type\":\"ImageObject\",\"inLanguage\":\"ro-RO\",\"@id\":\"https:\\\/\\\/xstyle.md\\\/product\\\/nozh-sog-sog-tsc-xr-blackout\\\/#primaryimage\",\"url\":\"https:\\\/\\\/xstyle.md\\\/wp-content\\\/uploads\\\/2025\\\/06\\\/sog-sog-tsc-xr-blackout-4.webp\",\"contentUrl\":\"https:\\\/\\\/xstyle.md\\\/wp-content\\\/uploads\\\/2025\\\/06\\\/sog-sog-tsc-xr-blackout-4.webp\",\"width\":1200,\"height\":1200,\"caption\":\"\u0420\u0443\u0447\u043d\u043e\u0439 \u043d\u043e\u0436 SOG Sog-Tsc XR Blackout \u0434\u043b\u044f \u0430\u043a\u0442\u0438\u0432\u043d\u043e\u0433\u043e \u043e\u0442\u0434\u044b\u0445\u0430 \u043f\u043e\u0445\u043e\u0434\u043e\u0432 \u0442\u0443\u0440\u0438\u0437\u043c\u0430 \u0438 \u043f\u0440\u0438\u043a\u043b\u044e\u0447\u0435\u043d\u0438\u0439 \u0432 \u0438\u043d\u0442\u0435\u0440\u043d\u0435\u0442-\u043c\u0430\u0433\u0430\u0437\u0438\u043d\u0435 \u0441 \u043e\u0434\u0435\u0436\u0434\u043e\u0439 \u0438 \u043e\u0431\u0443\u0432\u044c\u044e \u0434\u043b\u044f \u0430\u043a\u0442\u0438\u0432\u043d\u043e\u0439 \u0436\u0438\u0437\u043d\u0438\"},{\"@type\":\"BreadcrumbList\",\"@id\":\"https:\\\/\\\/xstyle.md\\\/product\\\/nozh-sog-sog-tsc-xr-blackout\\\/#breadcrumb\",\"itemListElement\":[{\"@type\":\"ListItem\",\"position\":1,\"name\":\"\u0413\u043b\u0430\u0432\u043d\u0430\u044f \u0441\u0442\u0440\u0430\u043d\u0438\u0446\u0430\",\"item\":\"https:\\\/\\\/xstyle.md\\\/\"},{\"@type\":\"ListItem\",\"position\":2,\"name\":\"\u041c\u0430\u0433\u0430\u0437\u0438\u043d\",\"item\":\"https:\\\/\\\/xstyle.md\\\/shop\\\/\"},{\"@type\":\"ListItem\",\"position\":3,\"name\":\"\u041d\u043e\u0436 SOG Sog-Tsc XR Blackout\"}]},{\"@type\":\"WebSite\",\"@id\":\"https:\\\/\\\/xstyle.md\\\/#website\",\"url\":\"https:\\\/\\\/xstyle.md\\\/\",\"name\":\"\u041c\u0430\u0433\u0430\u0437\u0438\u043d Xstyle\",\"description\":\"C\u043d\u0430\u0440\u044f\u0436\u0435\u043d\u0438\u0435 \u0434\u043b\u044f \u0442\u0443\u0440\u0438\u0437\u043c\u0430 \u0438 \u044d\u043a\u0441\u0442\u0440\u0435\u043c\u0430\u043b\u044c\u043d\u044b\u0445 \u0432\u0438\u0434\u043e\u0432 \u0441\u043f\u043e\u0440\u0442\u0430 \u0432 \u041c\u043e\u043b\u0434\u043e\u0432\u0435.. \u0426\u0435\u043d\u044b, \u0444\u043e\u0442\u043e, \u0445\u0430\u0440\u0430\u043a\u0442\u0435\u0440\u0438\u0441\u0442\u0438\u043a\u0438 \u0432 \u041c\u043e\u043b\u0434\u043e\u0432\u0435.\",\"publisher\":{\"@id\":\"https:\\\/\\\/xstyle.md\\\/#organization\"},\"alternateName\":\"X-Style\",\"potentialAction\":[{\"@type\":\"SearchAction\",\"target\":{\"@type\":\"EntryPoint\",\"urlTemplate\":\"https:\\\/\\\/xstyle.md\\\/?s={search_term_string}\"},\"query-input\":{\"@type\":\"PropertyValueSpecification\",\"valueRequired\":true,\"valueName\":\"search_term_string\"}}],\"inLanguage\":\"ro-RO\"},{\"@type\":\"Organization\",\"@id\":\"https:\\\/\\\/xstyle.md\\\/#organization\",\"name\":\"\u041c\u0430\u0433\u0430\u0437\u0438\u043d Xstyle\",\"alternateName\":\"x-style\",\"url\":\"https:\\\/\\\/xstyle.md\\\/\",\"logo\":{\"@type\":\"ImageObject\",\"inLanguage\":\"ro-RO\",\"@id\":\"https:\\\/\\\/xstyle.md\\\/#\\\/schema\\\/logo\\\/image\\\/\",\"url\":\"https:\\\/\\\/xstyle.md\\\/wp-content\\\/uploads\\\/2020\\\/06\\\/logoicon.svg\",\"contentUrl\":\"https:\\\/\\\/xstyle.md\\\/wp-content\\\/uploads\\\/2020\\\/06\\\/logoicon.svg\",\"caption\":\"\u041c\u0430\u0433\u0430\u0437\u0438\u043d Xstyle\"},\"image\":{\"@id\":\"https:\\\/\\\/xstyle.md\\\/#\\\/schema\\\/logo\\\/image\\\/\"},\"sameAs\":[\"https:\\\/\\\/www.facebook.com\\\/xstylemd\",\"https:\\\/\\\/www.instagram.com\\\/xstyle_md\\\/\",\"https:\\\/\\\/t.me\\\/xstyle_outdoor\"],\"hasMerchantReturnPolicy\":{\"@type\":\"MerchantReturnPolicy\",\"merchantReturnLink\":\"https:\\\/\\\/xstyle.md\\\/ro\\\/conditions\\\/\"}}]}<\/script>\n<meta property=\"product:price:amount\" content=\"2850.00\" \/>\n<meta property=\"product:price:currency\" content=\"MDL\" \/>\n<meta property=\"og:availability\" content=\"instock\" \/>\n<meta property=\"product:availability\" content=\"instock\" \/>\n<meta property=\"product:retailer_item_id\" content=\"4045011215339\" \/>\n<meta property=\"product:condition\" content=\"new\" \/>\n<!-- \/ Yoast SEO plugin. -->","yoast_head_json":{"title":"\u041d\u043e\u0436 SOG Sog-Tsc XR Blackout - \u041c\u0430\u0433\u0430\u0437\u0438\u043d Xstyle","robots":{"index":"index","follow":"follow","max-snippet":"max-snippet:-1","max-image-preview":"max-image-preview:large","max-video-preview":"max-video-preview:-1"},"canonical":"https:\/\/xstyle.md\/ro\/produs\/nozh-sog-sog-tsc-xr-blackout\/","og_locale":"ro_RO","og_type":"article","og_title":"\u041d\u043e\u0436 SOG Sog-Tsc XR Blackout - \u041c\u0430\u0433\u0430\u0437\u0438\u043d Xstyle","og_description":"\u0411\u0440\u0435\u043d\u0434 Boker \u2014 \u043e\u0434\u0438\u043d \u0438\u0437 \u0441\u0442\u0430\u0440\u0435\u0439\u0448\u0438\u0445 \u0438 \u0441\u0430\u043c\u044b\u0445 \u0443\u0432\u0430\u0436\u0430\u0435\u043c\u044b\u0445 \u043f\u0440\u043e\u0438\u0437\u0432\u043e\u0434\u0438\u0442\u0435\u043b\u0435\u0439 \u043d\u043e\u0436\u0435\u0439 \u0432 \u043c\u0438\u0440\u0435, \u0447\u044c\u044f \u0438\u0441\u0442\u043e\u0440\u0438\u044f \u043d\u0430\u0447\u0430\u043b\u0430\u0441\u044c \u0432 \u043d\u0435\u043c\u0435\u0446\u043a\u043e\u043c \u0433\u043e\u0440\u043e\u0434\u0435 \u0417\u043e\u043b\u0438\u043d\u0433\u0435\u043d \u0435\u0449\u0435 \u0432 XVII \u0432\u0435\u043a\u0435. \u0411\u0440\u0435\u043d\u0434 \u0437\u043d\u0430\u043c\u0435\u043d\u0438\u0442 \u0441\u0432\u043e\u0438\u043c \u043b\u043e\u0433\u043e\u0442\u0438\u043f\u043e\u043c \u0441 \u0438\u0437\u043e\u0431\u0440\u0430\u0436\u0435\u043d\u0438\u0435\u043c \u043a\u0430\u0448\u0442\u0430\u043d\u0430 \u0438 \u043a\u043e\u043b\u043e\u0441\u0441\u0430\u043b\u044c\u043d\u044b\u043c \u0430\u0441\u0441\u043e\u0440\u0442\u0438\u043c\u0435\u043d\u0442\u043e\u043c: \u043e\u0442 \u043a\u043b\u0430\u0441\u0441\u0438\u0447\u0435\u0441\u043a\u0438\u0445 \u043a\u0430\u0440\u043c\u0430\u043d\u043d\u044b\u0445 \u043d\u043e\u0436\u0435\u0439 \u0434\u043e \u0442\u0430\u043a\u0442\u0438\u0447\u0435\u0441\u043a\u0438\u0445 \u043c\u043e\u0434\u0435\u043b\u0435\u0439 \u0438 \u043e\u043f\u0430\u0441\u043d\u044b\u0445 \u0431\u0440\u0438\u0442\u0432. \u041a\u043e\u043c\u043f\u0430\u043d\u0438\u044f \u043c\u0430\u0441\u0442\u0435\u0440\u0441\u043a\u0438 \u0441\u043e\u0447\u0435\u0442\u0430\u0435\u0442 \u043c\u043d\u043e\u0433\u043e\u0432\u0435\u043a\u043e\u0432\u044b\u0435 \u0442\u0440\u0430\u0434\u0438\u0446\u0438\u0438 \u043d\u0435\u043c\u0435\u0446\u043a\u043e\u0433\u043e \u043a\u0430\u0447\u0435\u0441\u0442\u0432\u0430 \u0441 \u0438\u043d\u043d\u043e\u0432\u0430\u0446\u0438\u043e\u043d\u043d\u044b\u043c\u0438 \u043c\u0430\u0442\u0435\u0440\u0438\u0430\u043b\u0430\u043c\u0438 \u0438 [&hellip;]","og_url":"https:\/\/xstyle.md\/ro\/produs\/nozh-sog-sog-tsc-xr-blackout\/","og_site_name":"\u041c\u0430\u0433\u0430\u0437\u0438\u043d Xstyle","article_publisher":"https:\/\/www.facebook.com\/xstylemd","article_modified_time":"2026-02-23T13:42:30+00:00","og_image":[{"width":1200,"height":1200,"url":"https:\/\/xstyle.md\/wp-content\/uploads\/2025\/06\/sog-sog-tsc-xr-blackout-4.webp","type":"image\/webp"}],"twitter_card":"summary_large_image","twitter_misc":{"Pre\u021b":"2.850&nbsp;MDL","Disponibilitate":"\u00cen stoc"},"schema":{"@context":"https:\/\/schema.org","@graph":[{"@type":"WebPage","@id":"https:\/\/xstyle.md\/product\/nozh-sog-sog-tsc-xr-blackout\/","url":"https:\/\/xstyle.md\/product\/nozh-sog-sog-tsc-xr-blackout\/","name":"\u041d\u043e\u0436 SOG Sog-Tsc XR Blackout - \u041c\u0430\u0433\u0430\u0437\u0438\u043d Xstyle","isPartOf":{"@id":"https:\/\/xstyle.md\/#website"},"primaryImageOfPage":{"@id":"https:\/\/xstyle.md\/product\/nozh-sog-sog-tsc-xr-blackout\/#primaryimage"},"image":{"@id":"https:\/\/xstyle.md\/product\/nozh-sog-sog-tsc-xr-blackout\/#primaryimage"},"thumbnailUrl":"https:\/\/xstyle.md\/wp-content\/uploads\/2025\/06\/sog-sog-tsc-xr-blackout-4.webp","datePublished":"2025-06-12T14:48:35+00:00","dateModified":"2026-02-23T13:42:30+00:00","breadcrumb":{"@id":"https:\/\/xstyle.md\/product\/nozh-sog-sog-tsc-xr-blackout\/#breadcrumb"},"inLanguage":"ro-RO","potentialAction":[{"@type":"ReadAction","target":["https:\/\/xstyle.md\/product\/nozh-sog-sog-tsc-xr-blackout\/"]}]},{"@type":"ImageObject","inLanguage":"ro-RO","@id":"https:\/\/xstyle.md\/product\/nozh-sog-sog-tsc-xr-blackout\/#primaryimage","url":"https:\/\/xstyle.md\/wp-content\/uploads\/2025\/06\/sog-sog-tsc-xr-blackout-4.webp","contentUrl":"https:\/\/xstyle.md\/wp-content\/uploads\/2025\/06\/sog-sog-tsc-xr-blackout-4.webp","width":1200,"height":1200,"caption":"\u0420\u0443\u0447\u043d\u043e\u0439 \u043d\u043e\u0436 SOG Sog-Tsc XR Blackout \u0434\u043b\u044f \u0430\u043a\u0442\u0438\u0432\u043d\u043e\u0433\u043e \u043e\u0442\u0434\u044b\u0445\u0430 \u043f\u043e\u0445\u043e\u0434\u043e\u0432 \u0442\u0443\u0440\u0438\u0437\u043c\u0430 \u0438 \u043f\u0440\u0438\u043a\u043b\u044e\u0447\u0435\u043d\u0438\u0439 \u0432 \u0438\u043d\u0442\u0435\u0440\u043d\u0435\u0442-\u043c\u0430\u0433\u0430\u0437\u0438\u043d\u0435 \u0441 \u043e\u0434\u0435\u0436\u0434\u043e\u0439 \u0438 \u043e\u0431\u0443\u0432\u044c\u044e \u0434\u043b\u044f \u0430\u043a\u0442\u0438\u0432\u043d\u043e\u0439 \u0436\u0438\u0437\u043d\u0438"},{"@type":"BreadcrumbList","@id":"https:\/\/xstyle.md\/product\/nozh-sog-sog-tsc-xr-blackout\/#breadcrumb","itemListElement":[{"@type":"ListItem","position":1,"name":"\u0413\u043b\u0430\u0432\u043d\u0430\u044f \u0441\u0442\u0440\u0430\u043d\u0438\u0446\u0430","item":"https:\/\/xstyle.md\/"},{"@type":"ListItem","position":2,"name":"\u041c\u0430\u0433\u0430\u0437\u0438\u043d","item":"https:\/\/xstyle.md\/shop\/"},{"@type":"ListItem","position":3,"name":"\u041d\u043e\u0436 SOG Sog-Tsc XR Blackout"}]},{"@type":"WebSite","@id":"https:\/\/xstyle.md\/#website","url":"https:\/\/xstyle.md\/","name":"Magazinul X-Style","description":"Echipamente pentru turism \u0219i sporturi extreme \u00een Moldova. Pre\u021buri, fotografii, caracteristici \u00een Moldova.","publisher":{"@id":"https:\/\/xstyle.md\/#organization"},"alternateName":"X-Style","potentialAction":[{"@type":"SearchAction","target":{"@type":"EntryPoint","urlTemplate":"https:\/\/xstyle.md\/?s={search_term_string}"},"query-input":{"@type":"PropertyValueSpecification","valueRequired":true,"valueName":"search_term_string"}}],"inLanguage":"ro-RO"},{"@type":"Organization","@id":"https:\/\/xstyle.md\/#organization","name":"Magazinul X-Style","alternateName":"x-style","url":"https:\/\/xstyle.md\/","logo":{"@type":"ImageObject","inLanguage":"ro-RO","@id":"https:\/\/xstyle.md\/#\/schema\/logo\/image\/","url":"https:\/\/xstyle.md\/wp-content\/uploads\/2020\/06\/logoicon.svg","contentUrl":"https:\/\/xstyle.md\/wp-content\/uploads\/2020\/06\/logoicon.svg","caption":"\u041c\u0430\u0433\u0430\u0437\u0438\u043d Xstyle"},"image":{"@id":"https:\/\/xstyle.md\/#\/schema\/logo\/image\/"},"sameAs":["https:\/\/www.facebook.com\/xstylemd","https:\/\/www.instagram.com\/xstyle_md\/","https:\/\/t.me\/xstyle_outdoor"],"hasMerchantReturnPolicy":{"@type":"MerchantReturnPolicy","merchantReturnLink":"https:\/\/xstyle.md\/ro\/conditions\/"}}]},"product_price_amount":"2850.00","product_price_currency":"MDL","og_availability":"instock","product_availability":"instock","product_retailer_item_id":"4045011215339","product_condition":"new"},"post_mailing_queue_ids":[],"_links":{"self":[{"href":"https:\/\/xstyle.md\/ro\/wp-json\/wp\/v2\/product\/94765","targetHints":{"allow":["GET"]}}],"collection":[{"href":"https:\/\/xstyle.md\/ro\/wp-json\/wp\/v2\/product"}],"about":[{"href":"https:\/\/xstyle.md\/ro\/wp-json\/wp\/v2\/types\/product"}],"replies":[{"embeddable":true,"href":"https:\/\/xstyle.md\/ro\/wp-json\/wp\/v2\/comments?post=94765"}],"wp:featuredmedia":[{"embeddable":true,"href":"https:\/\/xstyle.md\/ro\/wp-json\/wp\/v2\/media\/102018"}],"wp:attachment":[{"href":"https:\/\/xstyle.md\/ro\/wp-json\/wp\/v2\/media?parent=94765"}],"wp:term":[{"taxonomy":"product_brand","embeddable":true,"href":"https:\/\/xstyle.md\/ro\/wp-json\/wp\/v2\/product_brand?post=94765"},{"taxonomy":"product_cat","embeddable":true,"href":"https:\/\/xstyle.md\/ro\/wp-json\/wp\/v2\/product_cat?post=94765"},{"taxonomy":"product_tag","embeddable":true,"href":"https:\/\/xstyle.md\/ro\/wp-json\/wp\/v2\/product_tag?post=94765"}],"curies":[{"name":"wp","href":"https:\/\/api.w.org\/{rel}","templated":true}]}}