{"id":94752,"date":"2025-06-12T17:48:31","date_gmt":"2025-06-12T14:48:31","guid":{"rendered":"https:\/\/xstyle.md\/?post_type=product&#038;p=94752"},"modified":"2026-03-19T16:22:06","modified_gmt":"2026-03-19T13:22:06","slug":"nozh-boker-plus-fire-ant-red","status":"publish","type":"product","link":"https:\/\/xstyle.md\/ro\/produs\/nozh-boker-plus-fire-ant-red\/","title":{"rendered":"Cu\u021bit Boker Plus Fire Ant Red"},"content":{"rendered":"<p><\/p>\n<p><strong>Boker Plus Fire Ant<\/strong> &#8212; este un cu\u021bit EDC compact \u0219i versatil, inspirat de caracterul furnicilor de foc, cunoscute pentru rezisten\u021ba \u0219i h\u0103rnicia lor. Lama cu profil Drop Point este fabricat\u0103 din o\u021bel inoxidabil 1.4116 \u0219i are un finisaj satinat. Cu\u021bitul se deschide cu ajutorul unui flipper, iar sistemul de fixare Double Detent Ball men\u021bine lama \u00een siguran\u021b\u0103 \u00een pozi\u021bia de lucru. M\u00e2nerul din polipropilen\u0103 texturat\u0103 asigur\u0103 o priz\u0103 ferm\u0103 chiar \u0219i \u00een condi\u021bii dificile. Construc\u021bia este completat\u0103 de un backspacer ro\u0219u aprins, care nu doar ofer\u0103 stilului o not\u0103 expresiv\u0103, dar \u0219i spore\u0219te robuste\u021bea cu\u021bitului. Penseta \u00eencorporat\u0103 face acest model \u0219i mai practic pentru utilizarea zilnic\u0103, iar clema (clipul) permite fixarea confortabil\u0103 a cu\u021bitului la buzunar.<\/p>\n<h3>Caracteristici<\/h3>\n<ul>\n<li>Tip cu\u021bit &#8212; pliabil<\/li>\n<li>Tip t\u0103i\u0219 &#8212; standard (plain edge)<\/li>\n<li>Tip blocare &#8212; double Detent Ball<\/li>\n<li>Lungime total\u0103 &#8212; 16,9 cm<\/li>\n<li>Lungime lam\u0103 &#8212; 7,4 cm<\/li>\n<li>Material m\u00e2ner &#8212; polipropilen\u0103<\/li>\n<li>Duritate o\u021bel &#8212; 56 HRC<\/li>\n<li>Marc\u0103 o\u021bel &#8212; 1.4116<\/li>\n<li>Greutate &#8212; 53 g<\/li>\n<\/ul>\n<p><\/p>\n<h3>Marca<\/h3>\n<p>B\u00f6ker - este una dintre cele mai vechi companii germane, cu r\u0103d\u0103cini care coboar\u0103 p\u00e2n\u0103 \u00een perioada Evului Mediu t\u00e2rziu. Ceea ce a \u00eenceput ca o afacere de familie dedicat\u0103 fabric\u0103rii s\u0103biilor a evoluat \u00eentr-o produc\u021bie la scar\u0103 larg\u0103 de diverse cu\u021bite, de la cele de buc\u0103t\u0103rie p\u00e2n\u0103 la piese de colec\u021bie. Emblema \u00eentreprinderii, utilizat\u0103 de peste 150 de ani, este castanul maiestuos care cre\u0219tea l\u00e2ng\u0103 fabric\u0103.<\/p>\n<p>\u00cen procesul de fabrica\u021bie se utilizeaz\u0103 o\u021bel german de \u00eenalt\u0103 calitate din Solingen, precum \u0219i o\u021bel Damasc \u2014 materiale recunoscute pentru robuste\u021bea lor \u0219i capacitatea de a men\u021bine t\u0103i\u0219ul ascu\u021bit pentru o perioad\u0103 lung\u0103 de timp. M\u00e2nerele sunt \u00eennobilate cu esen\u021be de lemn pre\u021bios, ceramic\u0103 sau materiale sintetice de ultim\u0103 genera\u021bie. Produsele sunt disponibile \u00eentr-o gam\u0103 larg\u0103 de forme ale lamei, toate modelele fiind surprinz\u0103tor de ergonomice \u0219i perfect echilibrate.<\/p>\n<p>Respectul pentru tradi\u021bie merge m\u00e2n\u0103 \u00een m\u00e2n\u0103 cu proiectele inovatoare. Toate acestea inspir\u0103 milioane de pasiona\u021bi \u0219i utilizatori de cu\u021bite care au apucat deja s\u0103 aprecieze fiabilitatea, originalitatea, func\u021bionalitatea \u0219i calitatea superioar\u0103 inegalabil\u0103 a produselor companiei B\u00f6ker.<\/p>","protected":false},"excerpt":{"rendered":"<p>\u0411\u0440\u0435\u043d\u0434 B\u00f6ker \u2013 \u043e\u0434\u043d\u0430 \u0438\u0437 \u0441\u0430\u043c\u044b\u0445 \u0441\u0442\u0430\u0440\u0435\u0439\u0448\u0438\u0445 \u043d\u0435\u043c\u0435\u0446\u043a\u0438\u0445 \u043a\u043e\u043c\u043f\u0430\u043d\u0438\u0439, \u0438\u0441\u0442\u043e\u0440\u0438\u044f \u043a\u043e\u0442\u043e\u0440\u043e\u0439 \u0443\u0445\u043e\u0434\u0438\u0442 \u043a\u043e\u0440\u043d\u044f\u043c\u0438 \u0432 \u043f\u043e\u0437\u0434\u043d\u0435\u0435 \u0441\u0440\u0435\u0434\u043d\u0435\u0432\u0435\u043a\u043e\u0432\u044c\u0435. \u0421\u0435\u043c\u0435\u0439\u043d\u043e\u0435 \u043f\u0440\u043e\u0438\u0437\u0432\u043e\u0434\u0441\u0442\u0432\u043e \u043f\u043e \u0438\u0437\u0433\u043e\u0442\u043e\u0432\u043b\u0435\u043d\u0438\u044e \u0441\u0430\u0431\u0435\u043b\u044c \u043f\u0440\u0438\u043e\u0431\u0440\u0435\u043b\u0430 \u0448\u0438\u0440\u043e\u043a\u0438\u0439 \u043c\u0430\u0441\u0448\u0442\u0430\u0431 \u0438\u0437\u0433\u043e\u0442\u043e\u0432\u043b\u0435\u043d\u0438\u044f \u0440\u0430\u0437\u043b\u0438\u0447\u043d\u044b\u0445 \u043d\u043e\u0436\u0435\u0439, \u043d\u0430\u0447\u0438\u043d\u0430\u044f \u043e\u0442 \u043a\u0443\u0445\u043e\u043d\u043d\u044b\u0445 \u0438 \u0437\u0430\u043a\u0430\u043d\u0447\u0438\u0432\u0430\u044f \u043a\u043e\u043b\u043b\u0435\u043a\u0446\u0438\u043e\u043d\u043d\u044b\u043c\u0438 \u043d\u043e\u0436\u0430\u043c\u0438. \u0410 \u044d\u043c\u0431\u043b\u0435\u043c\u043e\u0439 \u043f\u0440\u0435\u0434\u043f\u0440\u0438\u044f\u0442\u0438\u044f, \u0438\u0441\u043f\u043e\u043b\u044c\u0437\u0443\u0435\u043c\u043e\u0439 \u0443\u0436\u0435 \u0431\u043e\u043b\u0435\u0435 150 \u043b\u0435\u0442, \u044f\u0432\u043b\u044f\u0435\u0442\u0441\u044f \u043c\u043e\u0433\u0443\u0447\u0435\u0435 \u0434\u0435\u0440\u0435\u0432\u043e \u043a\u0430\u0448\u0442\u0430\u043d\u0430, \u043a\u043e\u0442\u043e\u0440\u043e\u0435 \u0440\u043e\u0441\u043b\u043e \u0440\u044f\u0434\u043e\u043c \u0441 \u0444\u0430\u0431\u0440\u0438\u043a\u043e\u0439. \u041f\u0440\u0438 \u0438\u0437\u0433\u043e\u0442\u043e\u0432\u043b\u0435\u043d\u0438\u0438 \u043d\u043e\u0436\u0435\u0439 \u0438\u0441\u043f\u043e\u043b\u044c\u0437\u0443\u044e\u0442\u0441\u044f [&hellip;]<\/p>\n","protected":false},"featured_media":96716,"comment_status":"open","ping_status":"closed","template":"","meta":{"_acf_changed":false,"inline_featured_image":false},"product_brand":[1392],"product_cat":[169],"product_tag":[],"class_list":{"0":"post-94752","1":"product","2":"type-product","3":"status-publish","4":"has-post-thumbnail","6":"product_brand-boker","7":"product_cat-knives","9":"first","10":"instock","11":"shipping-taxable","12":"purchasable","13":"product-type-simple"},"acf":[],"yoast_head":"<!-- This site is optimized with the Yoast SEO plugin v27.4 - https:\/\/yoast.com\/product\/yoast-seo-wordpress\/ -->\n<title>\u041d\u043e\u0436 Boker Plus Fire Ant Red - \u041c\u0430\u0433\u0430\u0437\u0438\u043d Xstyle<\/title>\n<meta name=\"robots\" content=\"index, follow, max-snippet:-1, max-image-preview:large, max-video-preview:-1\" \/>\n<link rel=\"canonical\" href=\"https:\/\/xstyle.md\/ro\/produs\/nozh-boker-plus-fire-ant-red\/\" \/>\n<meta property=\"og:locale\" content=\"ro_RO\" \/>\n<meta property=\"og:type\" content=\"article\" \/>\n<meta property=\"og:title\" content=\"\u041d\u043e\u0436 Boker Plus Fire Ant Red - \u041c\u0430\u0433\u0430\u0437\u0438\u043d Xstyle\" \/>\n<meta property=\"og:description\" content=\"\u0411\u0440\u0435\u043d\u0434 B\u00f6ker \u2013 \u043e\u0434\u043d\u0430 \u0438\u0437 \u0441\u0430\u043c\u044b\u0445 \u0441\u0442\u0430\u0440\u0435\u0439\u0448\u0438\u0445 \u043d\u0435\u043c\u0435\u0446\u043a\u0438\u0445 \u043a\u043e\u043c\u043f\u0430\u043d\u0438\u0439, \u0438\u0441\u0442\u043e\u0440\u0438\u044f \u043a\u043e\u0442\u043e\u0440\u043e\u0439 \u0443\u0445\u043e\u0434\u0438\u0442 \u043a\u043e\u0440\u043d\u044f\u043c\u0438 \u0432 \u043f\u043e\u0437\u0434\u043d\u0435\u0435 \u0441\u0440\u0435\u0434\u043d\u0435\u0432\u0435\u043a\u043e\u0432\u044c\u0435. \u0421\u0435\u043c\u0435\u0439\u043d\u043e\u0435 \u043f\u0440\u043e\u0438\u0437\u0432\u043e\u0434\u0441\u0442\u0432\u043e \u043f\u043e \u0438\u0437\u0433\u043e\u0442\u043e\u0432\u043b\u0435\u043d\u0438\u044e \u0441\u0430\u0431\u0435\u043b\u044c \u043f\u0440\u0438\u043e\u0431\u0440\u0435\u043b\u0430 \u0448\u0438\u0440\u043e\u043a\u0438\u0439 \u043c\u0430\u0441\u0448\u0442\u0430\u0431 \u0438\u0437\u0433\u043e\u0442\u043e\u0432\u043b\u0435\u043d\u0438\u044f \u0440\u0430\u0437\u043b\u0438\u0447\u043d\u044b\u0445 \u043d\u043e\u0436\u0435\u0439, \u043d\u0430\u0447\u0438\u043d\u0430\u044f \u043e\u0442 \u043a\u0443\u0445\u043e\u043d\u043d\u044b\u0445 \u0438 \u0437\u0430\u043a\u0430\u043d\u0447\u0438\u0432\u0430\u044f \u043a\u043e\u043b\u043b\u0435\u043a\u0446\u0438\u043e\u043d\u043d\u044b\u043c\u0438 \u043d\u043e\u0436\u0430\u043c\u0438. \u0410 \u044d\u043c\u0431\u043b\u0435\u043c\u043e\u0439 \u043f\u0440\u0435\u0434\u043f\u0440\u0438\u044f\u0442\u0438\u044f, \u0438\u0441\u043f\u043e\u043b\u044c\u0437\u0443\u0435\u043c\u043e\u0439 \u0443\u0436\u0435 \u0431\u043e\u043b\u0435\u0435 150 \u043b\u0435\u0442, \u044f\u0432\u043b\u044f\u0435\u0442\u0441\u044f \u043c\u043e\u0433\u0443\u0447\u0435\u0435 \u0434\u0435\u0440\u0435\u0432\u043e \u043a\u0430\u0448\u0442\u0430\u043d\u0430, \u043a\u043e\u0442\u043e\u0440\u043e\u0435 \u0440\u043e\u0441\u043b\u043e \u0440\u044f\u0434\u043e\u043c \u0441 \u0444\u0430\u0431\u0440\u0438\u043a\u043e\u0439. \u041f\u0440\u0438 \u0438\u0437\u0433\u043e\u0442\u043e\u0432\u043b\u0435\u043d\u0438\u0438 \u043d\u043e\u0436\u0435\u0439 \u0438\u0441\u043f\u043e\u043b\u044c\u0437\u0443\u044e\u0442\u0441\u044f [&hellip;]\" \/>\n<meta property=\"og:url\" content=\"https:\/\/xstyle.md\/ro\/produs\/nozh-boker-plus-fire-ant-red\/\" \/>\n<meta property=\"og:site_name\" content=\"\u041c\u0430\u0433\u0430\u0437\u0438\u043d Xstyle\" \/>\n<meta property=\"article:publisher\" content=\"https:\/\/www.facebook.com\/xstylemd\" \/>\n<meta property=\"article:modified_time\" content=\"2026-03-19T13:22:06+00:00\" \/>\n<meta property=\"og:image\" content=\"https:\/\/xstyle.md\/wp-content\/uploads\/2025\/06\/boker-plus-fire-ant-red.webp\" \/>\n\t<meta property=\"og:image:width\" content=\"1080\" \/>\n\t<meta property=\"og:image:height\" content=\"1080\" \/>\n\t<meta property=\"og:image:type\" content=\"image\/webp\" \/>\n<meta name=\"twitter:card\" content=\"summary_large_image\" \/>\n<meta name=\"twitter:label1\" content=\"Pre\u021b\" \/>\n\t<meta name=\"twitter:data1\" content=\"850&nbsp;MDL\" \/>\n\t<meta name=\"twitter:label2\" content=\"Disponibilitate\" \/>\n\t<meta name=\"twitter:data2\" content=\"\u00cen stoc\" \/>\n<script type=\"application\/ld+json\" class=\"yoast-schema-graph\">{\"@context\":\"https:\\\/\\\/schema.org\",\"@graph\":[{\"@type\":\"WebPage\",\"@id\":\"https:\\\/\\\/xstyle.md\\\/product\\\/nozh-boker-plus-fire-ant-red\\\/\",\"url\":\"https:\\\/\\\/xstyle.md\\\/product\\\/nozh-boker-plus-fire-ant-red\\\/\",\"name\":\"\u041d\u043e\u0436 Boker Plus Fire Ant Red - \u041c\u0430\u0433\u0430\u0437\u0438\u043d Xstyle\",\"isPartOf\":{\"@id\":\"https:\\\/\\\/xstyle.md\\\/#website\"},\"primaryImageOfPage\":{\"@id\":\"https:\\\/\\\/xstyle.md\\\/product\\\/nozh-boker-plus-fire-ant-red\\\/#primaryimage\"},\"image\":{\"@id\":\"https:\\\/\\\/xstyle.md\\\/product\\\/nozh-boker-plus-fire-ant-red\\\/#primaryimage\"},\"thumbnailUrl\":\"https:\\\/\\\/xstyle.md\\\/wp-content\\\/uploads\\\/2025\\\/06\\\/boker-plus-fire-ant-red.webp\",\"datePublished\":\"2025-06-12T14:48:31+00:00\",\"dateModified\":\"2026-03-19T13:22:06+00:00\",\"breadcrumb\":{\"@id\":\"https:\\\/\\\/xstyle.md\\\/product\\\/nozh-boker-plus-fire-ant-red\\\/#breadcrumb\"},\"inLanguage\":\"ro-RO\",\"potentialAction\":[{\"@type\":\"ReadAction\",\"target\":[\"https:\\\/\\\/xstyle.md\\\/product\\\/nozh-boker-plus-fire-ant-red\\\/\"]}]},{\"@type\":\"ImageObject\",\"inLanguage\":\"ro-RO\",\"@id\":\"https:\\\/\\\/xstyle.md\\\/product\\\/nozh-boker-plus-fire-ant-red\\\/#primaryimage\",\"url\":\"https:\\\/\\\/xstyle.md\\\/wp-content\\\/uploads\\\/2025\\\/06\\\/boker-plus-fire-ant-red.webp\",\"contentUrl\":\"https:\\\/\\\/xstyle.md\\\/wp-content\\\/uploads\\\/2025\\\/06\\\/boker-plus-fire-ant-red.webp\",\"width\":1080,\"height\":1080,\"caption\":\"\u0422\u0443\u0440\u0438\u0441\u0442\u0438\u0447\u0435\u0441\u043a\u0438\u0439 \u043d\u043e\u0436 Boker Plus Fire Ant Red \u0434\u043b\u044f \u0430\u043a\u0442\u0438\u0432\u043d\u043e\u0433\u043e \u043e\u0442\u0434\u044b\u0445\u0430, \u043f\u043e\u0445\u043e\u0434\u043e\u0432, \u0430\u043b\u044c\u043f\u0438\u043d\u0438\u0437\u043c\u0430, \u043f\u0443\u0442\u0435\u0448\u0435\u0441\u0442\u0432\u0438\u0439 \u0438 \u0433\u043e\u0440\u043e\u0434\u0441\u043a\u043e\u0433\u043e \u0441\u0442\u0438\u043b\u044f\"},{\"@type\":\"BreadcrumbList\",\"@id\":\"https:\\\/\\\/xstyle.md\\\/product\\\/nozh-boker-plus-fire-ant-red\\\/#breadcrumb\",\"itemListElement\":[{\"@type\":\"ListItem\",\"position\":1,\"name\":\"\u0413\u043b\u0430\u0432\u043d\u0430\u044f \u0441\u0442\u0440\u0430\u043d\u0438\u0446\u0430\",\"item\":\"https:\\\/\\\/xstyle.md\\\/\"},{\"@type\":\"ListItem\",\"position\":2,\"name\":\"\u041c\u0430\u0433\u0430\u0437\u0438\u043d\",\"item\":\"https:\\\/\\\/xstyle.md\\\/shop\\\/\"},{\"@type\":\"ListItem\",\"position\":3,\"name\":\"\u041d\u043e\u0436 Boker Plus Fire Ant Red\"}]},{\"@type\":\"WebSite\",\"@id\":\"https:\\\/\\\/xstyle.md\\\/#website\",\"url\":\"https:\\\/\\\/xstyle.md\\\/\",\"name\":\"\u041c\u0430\u0433\u0430\u0437\u0438\u043d Xstyle\",\"description\":\"C\u043d\u0430\u0440\u044f\u0436\u0435\u043d\u0438\u0435 \u0434\u043b\u044f \u0442\u0443\u0440\u0438\u0437\u043c\u0430 \u0438 \u044d\u043a\u0441\u0442\u0440\u0435\u043c\u0430\u043b\u044c\u043d\u044b\u0445 \u0432\u0438\u0434\u043e\u0432 \u0441\u043f\u043e\u0440\u0442\u0430 \u0432 \u041c\u043e\u043b\u0434\u043e\u0432\u0435.. \u0426\u0435\u043d\u044b, \u0444\u043e\u0442\u043e, \u0445\u0430\u0440\u0430\u043a\u0442\u0435\u0440\u0438\u0441\u0442\u0438\u043a\u0438 \u0432 \u041c\u043e\u043b\u0434\u043e\u0432\u0435.\",\"publisher\":{\"@id\":\"https:\\\/\\\/xstyle.md\\\/#organization\"},\"alternateName\":\"X-Style\",\"potentialAction\":[{\"@type\":\"SearchAction\",\"target\":{\"@type\":\"EntryPoint\",\"urlTemplate\":\"https:\\\/\\\/xstyle.md\\\/?s={search_term_string}\"},\"query-input\":{\"@type\":\"PropertyValueSpecification\",\"valueRequired\":true,\"valueName\":\"search_term_string\"}}],\"inLanguage\":\"ro-RO\"},{\"@type\":\"Organization\",\"@id\":\"https:\\\/\\\/xstyle.md\\\/#organization\",\"name\":\"\u041c\u0430\u0433\u0430\u0437\u0438\u043d Xstyle\",\"alternateName\":\"x-style\",\"url\":\"https:\\\/\\\/xstyle.md\\\/\",\"logo\":{\"@type\":\"ImageObject\",\"inLanguage\":\"ro-RO\",\"@id\":\"https:\\\/\\\/xstyle.md\\\/#\\\/schema\\\/logo\\\/image\\\/\",\"url\":\"https:\\\/\\\/xstyle.md\\\/wp-content\\\/uploads\\\/2020\\\/06\\\/logoicon.svg\",\"contentUrl\":\"https:\\\/\\\/xstyle.md\\\/wp-content\\\/uploads\\\/2020\\\/06\\\/logoicon.svg\",\"caption\":\"\u041c\u0430\u0433\u0430\u0437\u0438\u043d Xstyle\"},\"image\":{\"@id\":\"https:\\\/\\\/xstyle.md\\\/#\\\/schema\\\/logo\\\/image\\\/\"},\"sameAs\":[\"https:\\\/\\\/www.facebook.com\\\/xstylemd\",\"https:\\\/\\\/www.instagram.com\\\/xstyle_md\\\/\",\"https:\\\/\\\/t.me\\\/xstyle_outdoor\"],\"hasMerchantReturnPolicy\":{\"@type\":\"MerchantReturnPolicy\",\"merchantReturnLink\":\"https:\\\/\\\/xstyle.md\\\/ro\\\/conditions\\\/\"}}]}<\/script>\n<meta property=\"product:price:amount\" content=\"850.00\" \/>\n<meta property=\"product:price:currency\" content=\"MDL\" \/>\n<meta property=\"og:availability\" content=\"instock\" \/>\n<meta property=\"product:availability\" content=\"instock\" \/>\n<meta property=\"product:retailer_item_id\" content=\"4045011295508\" \/>\n<meta property=\"product:condition\" content=\"new\" \/>\n<!-- \/ Yoast SEO plugin. -->","yoast_head_json":{"title":"\u041d\u043e\u0436 Boker Plus Fire Ant Red - \u041c\u0430\u0433\u0430\u0437\u0438\u043d Xstyle","robots":{"index":"index","follow":"follow","max-snippet":"max-snippet:-1","max-image-preview":"max-image-preview:large","max-video-preview":"max-video-preview:-1"},"canonical":"https:\/\/xstyle.md\/ro\/produs\/nozh-boker-plus-fire-ant-red\/","og_locale":"ro_RO","og_type":"article","og_title":"\u041d\u043e\u0436 Boker Plus Fire Ant Red - \u041c\u0430\u0433\u0430\u0437\u0438\u043d Xstyle","og_description":"\u0411\u0440\u0435\u043d\u0434 B\u00f6ker \u2013 \u043e\u0434\u043d\u0430 \u0438\u0437 \u0441\u0430\u043c\u044b\u0445 \u0441\u0442\u0430\u0440\u0435\u0439\u0448\u0438\u0445 \u043d\u0435\u043c\u0435\u0446\u043a\u0438\u0445 \u043a\u043e\u043c\u043f\u0430\u043d\u0438\u0439, \u0438\u0441\u0442\u043e\u0440\u0438\u044f \u043a\u043e\u0442\u043e\u0440\u043e\u0439 \u0443\u0445\u043e\u0434\u0438\u0442 \u043a\u043e\u0440\u043d\u044f\u043c\u0438 \u0432 \u043f\u043e\u0437\u0434\u043d\u0435\u0435 \u0441\u0440\u0435\u0434\u043d\u0435\u0432\u0435\u043a\u043e\u0432\u044c\u0435. \u0421\u0435\u043c\u0435\u0439\u043d\u043e\u0435 \u043f\u0440\u043e\u0438\u0437\u0432\u043e\u0434\u0441\u0442\u0432\u043e \u043f\u043e \u0438\u0437\u0433\u043e\u0442\u043e\u0432\u043b\u0435\u043d\u0438\u044e \u0441\u0430\u0431\u0435\u043b\u044c \u043f\u0440\u0438\u043e\u0431\u0440\u0435\u043b\u0430 \u0448\u0438\u0440\u043e\u043a\u0438\u0439 \u043c\u0430\u0441\u0448\u0442\u0430\u0431 \u0438\u0437\u0433\u043e\u0442\u043e\u0432\u043b\u0435\u043d\u0438\u044f \u0440\u0430\u0437\u043b\u0438\u0447\u043d\u044b\u0445 \u043d\u043e\u0436\u0435\u0439, \u043d\u0430\u0447\u0438\u043d\u0430\u044f \u043e\u0442 \u043a\u0443\u0445\u043e\u043d\u043d\u044b\u0445 \u0438 \u0437\u0430\u043a\u0430\u043d\u0447\u0438\u0432\u0430\u044f \u043a\u043e\u043b\u043b\u0435\u043a\u0446\u0438\u043e\u043d\u043d\u044b\u043c\u0438 \u043d\u043e\u0436\u0430\u043c\u0438. \u0410 \u044d\u043c\u0431\u043b\u0435\u043c\u043e\u0439 \u043f\u0440\u0435\u0434\u043f\u0440\u0438\u044f\u0442\u0438\u044f, \u0438\u0441\u043f\u043e\u043b\u044c\u0437\u0443\u0435\u043c\u043e\u0439 \u0443\u0436\u0435 \u0431\u043e\u043b\u0435\u0435 150 \u043b\u0435\u0442, \u044f\u0432\u043b\u044f\u0435\u0442\u0441\u044f \u043c\u043e\u0433\u0443\u0447\u0435\u0435 \u0434\u0435\u0440\u0435\u0432\u043e \u043a\u0430\u0448\u0442\u0430\u043d\u0430, \u043a\u043e\u0442\u043e\u0440\u043e\u0435 \u0440\u043e\u0441\u043b\u043e \u0440\u044f\u0434\u043e\u043c \u0441 \u0444\u0430\u0431\u0440\u0438\u043a\u043e\u0439. \u041f\u0440\u0438 \u0438\u0437\u0433\u043e\u0442\u043e\u0432\u043b\u0435\u043d\u0438\u0438 \u043d\u043e\u0436\u0435\u0439 \u0438\u0441\u043f\u043e\u043b\u044c\u0437\u0443\u044e\u0442\u0441\u044f [&hellip;]","og_url":"https:\/\/xstyle.md\/ro\/produs\/nozh-boker-plus-fire-ant-red\/","og_site_name":"\u041c\u0430\u0433\u0430\u0437\u0438\u043d Xstyle","article_publisher":"https:\/\/www.facebook.com\/xstylemd","article_modified_time":"2026-03-19T13:22:06+00:00","og_image":[{"width":1080,"height":1080,"url":"https:\/\/xstyle.md\/wp-content\/uploads\/2025\/06\/boker-plus-fire-ant-red.webp","type":"image\/webp"}],"twitter_card":"summary_large_image","twitter_misc":{"Pre\u021b":"850&nbsp;MDL","Disponibilitate":"\u00cen stoc"},"schema":{"@context":"https:\/\/schema.org","@graph":[{"@type":"WebPage","@id":"https:\/\/xstyle.md\/product\/nozh-boker-plus-fire-ant-red\/","url":"https:\/\/xstyle.md\/product\/nozh-boker-plus-fire-ant-red\/","name":"\u041d\u043e\u0436 Boker Plus Fire Ant Red - \u041c\u0430\u0433\u0430\u0437\u0438\u043d Xstyle","isPartOf":{"@id":"https:\/\/xstyle.md\/#website"},"primaryImageOfPage":{"@id":"https:\/\/xstyle.md\/product\/nozh-boker-plus-fire-ant-red\/#primaryimage"},"image":{"@id":"https:\/\/xstyle.md\/product\/nozh-boker-plus-fire-ant-red\/#primaryimage"},"thumbnailUrl":"https:\/\/xstyle.md\/wp-content\/uploads\/2025\/06\/boker-plus-fire-ant-red.webp","datePublished":"2025-06-12T14:48:31+00:00","dateModified":"2026-03-19T13:22:06+00:00","breadcrumb":{"@id":"https:\/\/xstyle.md\/product\/nozh-boker-plus-fire-ant-red\/#breadcrumb"},"inLanguage":"ro-RO","potentialAction":[{"@type":"ReadAction","target":["https:\/\/xstyle.md\/product\/nozh-boker-plus-fire-ant-red\/"]}]},{"@type":"ImageObject","inLanguage":"ro-RO","@id":"https:\/\/xstyle.md\/product\/nozh-boker-plus-fire-ant-red\/#primaryimage","url":"https:\/\/xstyle.md\/wp-content\/uploads\/2025\/06\/boker-plus-fire-ant-red.webp","contentUrl":"https:\/\/xstyle.md\/wp-content\/uploads\/2025\/06\/boker-plus-fire-ant-red.webp","width":1080,"height":1080,"caption":"\u0422\u0443\u0440\u0438\u0441\u0442\u0438\u0447\u0435\u0441\u043a\u0438\u0439 \u043d\u043e\u0436 Boker Plus Fire Ant Red \u0434\u043b\u044f \u0430\u043a\u0442\u0438\u0432\u043d\u043e\u0433\u043e \u043e\u0442\u0434\u044b\u0445\u0430, \u043f\u043e\u0445\u043e\u0434\u043e\u0432, \u0430\u043b\u044c\u043f\u0438\u043d\u0438\u0437\u043c\u0430, \u043f\u0443\u0442\u0435\u0448\u0435\u0441\u0442\u0432\u0438\u0439 \u0438 \u0433\u043e\u0440\u043e\u0434\u0441\u043a\u043e\u0433\u043e \u0441\u0442\u0438\u043b\u044f"},{"@type":"BreadcrumbList","@id":"https:\/\/xstyle.md\/product\/nozh-boker-plus-fire-ant-red\/#breadcrumb","itemListElement":[{"@type":"ListItem","position":1,"name":"\u0413\u043b\u0430\u0432\u043d\u0430\u044f \u0441\u0442\u0440\u0430\u043d\u0438\u0446\u0430","item":"https:\/\/xstyle.md\/"},{"@type":"ListItem","position":2,"name":"\u041c\u0430\u0433\u0430\u0437\u0438\u043d","item":"https:\/\/xstyle.md\/shop\/"},{"@type":"ListItem","position":3,"name":"\u041d\u043e\u0436 Boker Plus Fire Ant Red"}]},{"@type":"WebSite","@id":"https:\/\/xstyle.md\/#website","url":"https:\/\/xstyle.md\/","name":"Magazinul X-Style","description":"Echipamente pentru turism \u0219i sporturi extreme \u00een Moldova. Pre\u021buri, fotografii, caracteristici \u00een Moldova.","publisher":{"@id":"https:\/\/xstyle.md\/#organization"},"alternateName":"X-Style","potentialAction":[{"@type":"SearchAction","target":{"@type":"EntryPoint","urlTemplate":"https:\/\/xstyle.md\/?s={search_term_string}"},"query-input":{"@type":"PropertyValueSpecification","valueRequired":true,"valueName":"search_term_string"}}],"inLanguage":"ro-RO"},{"@type":"Organization","@id":"https:\/\/xstyle.md\/#organization","name":"Magazinul X-Style","alternateName":"x-style","url":"https:\/\/xstyle.md\/","logo":{"@type":"ImageObject","inLanguage":"ro-RO","@id":"https:\/\/xstyle.md\/#\/schema\/logo\/image\/","url":"https:\/\/xstyle.md\/wp-content\/uploads\/2020\/06\/logoicon.svg","contentUrl":"https:\/\/xstyle.md\/wp-content\/uploads\/2020\/06\/logoicon.svg","caption":"\u041c\u0430\u0433\u0430\u0437\u0438\u043d Xstyle"},"image":{"@id":"https:\/\/xstyle.md\/#\/schema\/logo\/image\/"},"sameAs":["https:\/\/www.facebook.com\/xstylemd","https:\/\/www.instagram.com\/xstyle_md\/","https:\/\/t.me\/xstyle_outdoor"],"hasMerchantReturnPolicy":{"@type":"MerchantReturnPolicy","merchantReturnLink":"https:\/\/xstyle.md\/ro\/conditions\/"}}]},"product_price_amount":"850.00","product_price_currency":"MDL","og_availability":"instock","product_availability":"instock","product_retailer_item_id":"4045011295508","product_condition":"new"},"post_mailing_queue_ids":[],"_links":{"self":[{"href":"https:\/\/xstyle.md\/ro\/wp-json\/wp\/v2\/product\/94752","targetHints":{"allow":["GET"]}}],"collection":[{"href":"https:\/\/xstyle.md\/ro\/wp-json\/wp\/v2\/product"}],"about":[{"href":"https:\/\/xstyle.md\/ro\/wp-json\/wp\/v2\/types\/product"}],"replies":[{"embeddable":true,"href":"https:\/\/xstyle.md\/ro\/wp-json\/wp\/v2\/comments?post=94752"}],"wp:featuredmedia":[{"embeddable":true,"href":"https:\/\/xstyle.md\/ro\/wp-json\/wp\/v2\/media\/96716"}],"wp:attachment":[{"href":"https:\/\/xstyle.md\/ro\/wp-json\/wp\/v2\/media?parent=94752"}],"wp:term":[{"taxonomy":"product_brand","embeddable":true,"href":"https:\/\/xstyle.md\/ro\/wp-json\/wp\/v2\/product_brand?post=94752"},{"taxonomy":"product_cat","embeddable":true,"href":"https:\/\/xstyle.md\/ro\/wp-json\/wp\/v2\/product_cat?post=94752"},{"taxonomy":"product_tag","embeddable":true,"href":"https:\/\/xstyle.md\/ro\/wp-json\/wp\/v2\/product_tag?post=94752"}],"curies":[{"name":"wp","href":"https:\/\/api.w.org\/{rel}","templated":true}]}}