{"id":93959,"date":"2025-04-24T15:47:24","date_gmt":"2025-04-24T12:47:24","guid":{"rendered":"https:\/\/xstyle.md\/?post_type=product&#038;p=93959"},"modified":"2025-10-24T13:10:25","modified_gmt":"2025-10-24T10:10:25","slug":"batnik-ternua-torsen-hard-hood-mns-whales-grey","status":"publish","type":"product","link":"https:\/\/dev.xstyle.md\/ro\/produs\/batnik-ternua-torsen-hard-hood-mns-whales-grey\/","title":{"rendered":"Pulover Ternua Torsen Hard Hood Mns whales grey"},"content":{"rendered":"<p><strong>Ternua Torsen Hard Hood<\/strong> &#8212; \u0432\u044b\u0441\u043e\u043a\u043e\u0442\u0435\u0445\u043d\u043e\u043b\u043e\u0433\u0438\u0447\u043d\u0430\u044f \u043a\u0443\u0440\u0442\u043a\u0430 \u0441 \u043a\u0430\u043f\u044e\u0448\u043e\u043d\u043e\u043c, \u0441\u043e\u0437\u0434\u0430\u043d\u043d\u0430\u044f \u0434\u043b\u044f \u0430\u043b\u044c\u043f\u0438\u043d\u0438\u0437\u043c\u0430 \u0438 \u0430\u043a\u0442\u0438\u0432\u043d\u043e\u0441\u0442\u0435\u0439 \u0432 \u0443\u0441\u043b\u043e\u0432\u0438\u044f\u0445 \u043f\u0435\u0440\u0435\u043c\u0435\u043d\u0447\u0438\u0432\u043e\u0439 \u043f\u043e\u0433\u043e\u0434\u044b. \u0412\u044b\u043f\u043e\u043b\u043d\u0435\u043d\u0430 \u0438\u0437 \u0438\u043d\u043d\u043e\u0432\u0430\u0446\u0438\u043e\u043d\u043d\u043e\u0433\u043e \u043c\u0430\u0442\u0435\u0440\u0438\u0430\u043b\u0430 Storm Fleece Pro\u00ae, \u043a\u043e\u0442\u043e\u0440\u044b\u0439 \u0441\u043e\u0447\u0435\u0442\u0430\u0435\u0442 \u0432\u043e\u0434\u043e- \u0438 \u0432\u0435\u0442\u0440\u043e\u0437\u0430\u0449\u0438\u0442\u0443 \u0441\u043e\u0444\u0442\u0430\u0448\u0435\u043b\u043b\u0430 \u0441 \u043c\u044f\u0433\u043a\u043e\u0441\u0442\u044c\u044e \u0438 \u043a\u043e\u043c\u0444\u043e\u0440\u0442\u043e\u043c \u0442\u0440\u0438\u043a\u043e\u0442\u0430\u0436\u0430 \u2014 \u0432\u0441\u0451 \u044d\u0442\u043e \u0432 \u043e\u0434\u043d\u043e\u043c \u0441\u043b\u043e\u0435. \u041b\u0451\u0433\u043a\u0430\u044f, \u043f\u0440\u043e\u0447\u043d\u0430\u044f \u0438 \u044d\u043b\u0430\u0441\u0442\u0438\u0447\u043d\u0430\u044f, \u043e\u043d\u0430 \u044d\u0444\u0444\u0435\u043a\u0442\u0438\u0432\u043d\u043e \u0437\u0430\u0449\u0438\u0449\u0430\u0435\u0442 \u043e\u0442 \u0432\u0435\u0442\u0440\u0430 \u0438 \u043f\u0440\u043e\u0448\u043b\u0430 \u0442\u0435\u0441\u0442 \u043d\u0430 \u0434\u043e\u0436\u0434\u044c. \u041a\u0443\u0440\u0442\u043a\u0430 \u043e\u0442\u043b\u0438\u0447\u043d\u043e \u0434\u044b\u0448\u0438\u0442, \u0443\u0441\u0442\u043e\u0439\u0447\u0438\u0432\u0430 \u043a \u0438\u0441\u0442\u0438\u0440\u0430\u043d\u0438\u044e \u0438 \u0438\u0437\u0433\u043e\u0442\u043e\u0432\u043b\u0435\u043d\u0430 \u0441 \u0437\u0430\u0431\u043e\u0442\u043e\u0439 \u043e\u0431 \u044d\u043a\u043e\u043b\u043e\u0433\u0438\u0438 \u2014 \u0438\u0437 \u043f\u0435\u0440\u0435\u0440\u0430\u0431\u043e\u0442\u0430\u043d\u043d\u044b\u0445 \u043f\u043b\u0430\u0441\u0442\u0438\u043a\u043e\u0432\u044b\u0445 \u0431\u0443\u0442\u044b\u043b\u043e\u043a \u0441 \u0441\u0435\u0440\u0442\u0438\u0444\u0438\u043a\u0430\u0446\u0438\u0435\u0439 Bluesign\u00ae.<\/p>\n<h3>Particularit\u0103\u021bi<\/h3>\n<ul>\n<li>\u041c\u0430\u0442\u0435\u0440\u0438\u0430\u043b Storm Fleece Pro\u00ae: \u0437\u0430\u0449\u0438\u0442\u0430 \u043a\u0430\u043a \u0443 \u0441\u043e\u0444\u0442\u0430\u0448\u0435\u043b\u043b\u0430, \u043a\u043e\u043c\u0444\u043e\u0440\u0442 \u043a\u0430\u043a \u0443 \u0444\u043b\u0438\u0441\u0430<\/li>\n<li>\u0412\u0435\u0442\u0440\u043e\u0437\u0430\u0449\u0438\u0442\u0430 \u0438 \u0432\u043e\u0434\u043e\u043e\u0442\u0442\u0430\u043b\u043a\u0438\u0432\u0430\u044e\u0449\u0430\u044f \u043e\u0431\u0440\u0430\u0431\u043e\u0442\u043a\u0430 DWR \u0431\u0435\u0437 \u041f\u0424\u0423<\/li>\n<li>\u0412\u044b\u0441\u043e\u043a\u0430\u044f \u0432\u043e\u0437\u0434\u0443\u0445\u043e\u043f\u0440\u043e\u043d\u0438\u0446\u0430\u0435\u043c\u043e\u0441\u0442\u044c \u0438 \u0443\u0441\u0442\u043e\u0439\u0447\u0438\u0432\u043e\u0441\u0442\u044c \u043a \u0438\u0441\u0442\u0438\u0440\u0430\u043d\u0438\u044e<\/li>\n<li>3D-\u043a\u0430\u043f\u044e\u0448\u043e\u043d \u0441 \u043f\u043e\u043b\u043d\u043e\u0439 \u0440\u0435\u0433\u0443\u043b\u0438\u0440\u043e\u0432\u043a\u043e\u0439<\/li>\n<li>\u0422\u0440\u0438 \u0432\u043d\u0435\u0448\u043d\u0438\u0445 \u043a\u0430\u0440\u043c\u0430\u043d\u0430 \u043d\u0430 \u043c\u043e\u043b\u043d\u0438\u0438 + \u043a\u0430\u0440\u043c\u0430\u043d \u043d\u0430 \u0440\u0443\u043a\u0430\u0432\u0435<\/li>\n<li>\u041f\u043b\u0430\u0441\u0442\u0438\u043a\u043e\u0432\u0430\u044f \u043c\u043e\u043b\u043d\u0438\u044f \u0434\u043b\u044f \u0431\u044b\u0441\u0442\u0440\u043e\u0433\u043e \u0437\u0430\u0441\u0442\u0451\u0433\u0438\u0432\u0430\u043d\u0438\u044f<\/li>\n<li>\u0420\u0435\u0433\u0443\u043b\u0438\u0440\u0443\u0435\u043c\u044b\u0439 \u043d\u0438\u0437 \u0441 \u0434\u0432\u043e\u0439\u043d\u044b\u043c \u0448\u043d\u0443\u0440\u043e\u043c<\/li>\n<li>\u0411\u0438\u044d\u043b\u0430\u0441\u0442\u0438\u0447\u043d\u0430\u044f \u0442\u043a\u0430\u043d\u044c \u0438 \u043b\u0451\u0433\u043a\u0438\u0439 \u0432\u0435\u0441<\/li>\n<li>\u0418\u0437\u0433\u043e\u0442\u043e\u0432\u043b\u0435\u043d\u0430 \u0438\u0437 \u043f\u0435\u0440\u0435\u0440\u0430\u0431\u043e\u0442\u0430\u043d\u043d\u044b\u0445 \u043c\u0430\u0442\u0435\u0440\u0438\u0430\u043b\u043e\u0432, \u0441\u0435\u0440\u0442\u0438\u0444\u0438\u0446\u0438\u0440\u043e\u0432\u0430\u043d\u0430 Bluesign\u00ae<\/li>\n<\/ul>\n<h3>Caracteristici<\/h3>\n<ul>\n<li>\u041c\u0430\u0442\u0435\u0440\u0438\u0430\u043b \u2013 88% \u043f\u043e\u043b\u0438\u044d\u0441\u0442\u0435\u0440, 12% \u044d\u043b\u0430\u0441\u0442\u0430\u043d<\/li>\n<li>Scop - drume\u021bie\/ drume\u021bie\/ alpinism<\/li>\n<li>Sezon - prim\u0103var\u0103\/var\u0103\/toamn\u0103;<\/li>\n<li>Model - pentru b\u0103rba\u021bi.<\/li>\n<\/ul>\n<h3>Tehnologie<\/h3>\n<ul>\n<li><strong>STORMFLEECE<\/strong>\u2122\u00a0<strong>Pro<\/strong>\u00a0\u2014 \u0438\u043d\u043d\u043e\u0432\u0430\u0446\u0438\u043e\u043d\u043d\u044b\u0439 \u043c\u0430\u0442\u0435\u0440\u0438\u0430\u043b, \u0441\u043e\u0447\u0435\u0442\u0430\u044e\u0449\u0438\u0439 \u0432 \u0441\u0435\u0431\u0435 \u0441\u043e\u0444\u0442\u0448\u0435\u043b\u043b \u0438 \u0444\u043b\u0438\u0441, \u0447\u0442\u043e \u0434\u0435\u043b\u0430\u0435\u0442 \u0435\u0433\u043e \u0438\u0434\u0435\u0430\u043b\u044c\u043d\u044b\u043c \u0434\u043b\u044f \u043b\u044e\u0431\u043e\u0433\u043e \u0441\u0435\u0437\u043e\u043d\u0430. \u041f\u0440\u043e\u0447\u043d\u0430\u044f, \u0443\u0441\u0442\u043e\u0439\u0447\u0438\u0432\u0430\u044f \u043a \u043f\u043e\u0433\u043e\u0434\u043d\u044b\u043c \u0443\u0441\u043b\u043e\u0432\u0438\u044f\u043c \u0432\u043d\u0435\u0448\u043d\u044f\u044f \u0447\u0430\u0441\u0442\u044c \u044d\u0444\u0444\u0435\u043a\u0442\u0438\u0432\u043d\u043e \u043e\u0442\u0442\u0430\u043b\u043a\u0438\u0432\u0430\u0435\u0442 \u0434\u043e\u0436\u0434\u044c \u0438 \u0441\u043d\u0435\u0433, \u0438 \u0431\u043b\u043e\u043a\u0438\u0440\u0443\u0435\u0442 \u0432\u0435\u0442\u0435\u0440, \u0430 \u043c\u044f\u0433\u043a\u0430\u044f \u0432\u043d\u0443\u0442\u0440\u0435\u043d\u043d\u044f\u044f \u0447\u0430\u0441\u0442\u044c \u0445\u043e\u0440\u043e\u0448\u043e \u0434\u044b\u0448\u0438\u0442 \u0438 \u0441\u043e\u0445\u0440\u0430\u043d\u044f\u0435\u0442 \u0441\u0443\u0445\u043e\u0441\u0442\u044c.<\/li>\n<li><strong>DWR \u00abdurable water repellent\u00bb<\/strong>\u00a0- \u201eimpregnare hidrofug\u0103 rezistent\u0103 la uzur\u0103\u201d \u0219i este folosit\u0103 pentru tratarea \u021bes\u0103turilor care sunt folosite \u00een croitorie, rucsacuri, copertine \u0219i chiar saci de dormit. DWR este un strat de polimer hidrofob durabil care este aplicat materialului \u0219i formeaz\u0103 o structur\u0103 specific\u0103 care reduce coeficientul de tensiune superficial\u0103. Acest lucru face ca pic\u0103turile de ap\u0103 s\u0103 se rostogoleasc\u0103 de pe materialul tratat f\u0103r\u0103 a-l umezi.<\/li>\n<\/ul>\n<h3>Marca<\/h3>\n<p>Ternua \u2014 un brand spaniol specializat \u00een produc\u021bia de \u00eembr\u0103c\u0103minte tehnice, func\u021bionale \u0219i inovatoare capabile s\u0103 se adapteze la cele mai nefavorabile condi\u021bii meteorologice. Spiritul antreprenorial \u0219i aventuros al v\u00e2n\u0103torilor de balene basci din secolul al XV-lea a inspirat crearea m\u0103rcii outdoor Ternua \u00een 1995. \u00cen limba basc\u0103, \u201eTernua\u201d \u00eenseamn\u0103 balen\u0103, motiv pentru care compania poart\u0103 un astfel de nume, iar logo-ul acesteia \u00eempodobe\u0219te coada balenei. Principiile esen\u021biale ale Ternua sunt pasiunea pentru munte, respectul pentru mediul \u00eenconjur\u0103tor \u0219i respectul pentru r\u0103d\u0103cinile \u0219i originile cuiva. Produc\u0103torul acord\u0103 o aten\u021bie deosebit\u0103 alegerii materialelor, prefer\u0103 culorile bogate, hainele sunt versatile \u0219i se potrivesc bine. \u0218i, de asemenea, brandul trateaz\u0103 natura cu o grij\u0103 deosebit\u0103, sus\u021bin\u00e2nd sustenabilitatea \u0219i produc\u00e2nd haine din materiale reciclate.<\/p>","protected":false},"excerpt":{"rendered":"<p>Ternua Torsen Hard Hood &#8212; \u0432\u044b\u0441\u043e\u043a\u043e\u0442\u0435\u0445\u043d\u043e\u043b\u043e\u0433\u0438\u0447\u043d\u0430\u044f \u043a\u0443\u0440\u0442\u043a\u0430 \u0441 \u043a\u0430\u043f\u044e\u0448\u043e\u043d\u043e\u043c, \u0441\u043e\u0437\u0434\u0430\u043d\u043d\u0430\u044f \u0434\u043b\u044f \u0430\u043b\u044c\u043f\u0438\u043d\u0438\u0437\u043c\u0430 \u0438 \u0430\u043a\u0442\u0438\u0432\u043d\u043e\u0441\u0442\u0435\u0439 \u0432 \u0443\u0441\u043b\u043e\u0432\u0438\u044f\u0445 \u043f\u0435\u0440\u0435\u043c\u0435\u043d\u0447\u0438\u0432\u043e\u0439 \u043f\u043e\u0433\u043e\u0434\u044b. \u0412\u044b\u043f\u043e\u043b\u043d\u0435\u043d\u0430 \u0438\u0437<\/p>","protected":false},"featured_media":94164,"comment_status":"open","ping_status":"closed","template":"","meta":{"_acf_changed":false,"inline_featured_image":false},"product_brand":[1426],"product_cat":[356],"product_tag":[],"class_list":{"0":"post-93959","1":"product","2":"type-product","3":"status-publish","4":"has-post-thumbnail","6":"product_brand-ternua","7":"product_cat-softshell-jackets-barbati","9":"first","10":"instock","11":"shipping-taxable","12":"purchasable","13":"product-type-simple"},"acf":[],"yoast_head":"<!-- This site is optimized with the Yoast SEO plugin v27.5 - https:\/\/yoast.com\/product\/yoast-seo-wordpress\/ -->\n<title>\u0411\u0430\u0442\u043d\u0438\u043a Ternua Torsen Hard Hood Mns whales grey - \u041c\u0430\u0433\u0430\u0437\u0438\u043d Xstyle<\/title>\n<meta name=\"robots\" content=\"noindex, follow, max-snippet:-1, max-image-preview:large, max-video-preview:-1\" \/>\n<meta property=\"og:locale\" content=\"ro_RO\" \/>\n<meta property=\"og:type\" content=\"article\" \/>\n<meta property=\"og:title\" content=\"\u0411\u0430\u0442\u043d\u0438\u043a Ternua Torsen Hard Hood Mns whales grey - \u041c\u0430\u0433\u0430\u0437\u0438\u043d Xstyle\" \/>\n<meta property=\"og:description\" content=\"Ternua Torsen Hard Hood &#8212; \u0432\u044b\u0441\u043e\u043a\u043e\u0442\u0435\u0445\u043d\u043e\u043b\u043e\u0433\u0438\u0447\u043d\u0430\u044f \u043a\u0443\u0440\u0442\u043a\u0430 \u0441 \u043a\u0430\u043f\u044e\u0448\u043e\u043d\u043e\u043c, \u0441\u043e\u0437\u0434\u0430\u043d\u043d\u0430\u044f \u0434\u043b\u044f \u0430\u043b\u044c\u043f\u0438\u043d\u0438\u0437\u043c\u0430 \u0438 \u0430\u043a\u0442\u0438\u0432\u043d\u043e\u0441\u0442\u0435\u0439 \u0432 \u0443\u0441\u043b\u043e\u0432\u0438\u044f\u0445 \u043f\u0435\u0440\u0435\u043c\u0435\u043d\u0447\u0438\u0432\u043e\u0439 \u043f\u043e\u0433\u043e\u0434\u044b. \u0412\u044b\u043f\u043e\u043b\u043d\u0435\u043d\u0430 \u0438\u0437\" \/>\n<meta property=\"og:url\" content=\"https:\/\/dev.xstyle.md\/ro\/produs\/batnik-ternua-torsen-hard-hood-mns-whales-grey\/\" \/>\n<meta property=\"og:site_name\" content=\"\u041c\u0430\u0433\u0430\u0437\u0438\u043d Xstyle\" \/>\n<meta property=\"article:publisher\" content=\"https:\/\/www.facebook.com\/xstylemd\" \/>\n<meta property=\"article:modified_time\" content=\"2025-10-24T10:10:25+00:00\" \/>\n<meta property=\"og:image\" content=\"https:\/\/dev.xstyle.md\/wp-content\/uploads\/2025\/04\/ternua-torsen-hard-hood-mns-whales-grey.png\" \/>\n\t<meta property=\"og:image:width\" content=\"553\" \/>\n\t<meta property=\"og:image:height\" content=\"573\" \/>\n\t<meta property=\"og:image:type\" content=\"image\/png\" \/>\n<meta name=\"twitter:card\" content=\"summary_large_image\" \/>\n<meta name=\"twitter:label1\" content=\"Pre\u021b\" \/>\n\t<meta name=\"twitter:data1\" content=\"2.990,00&nbsp;MDL\" \/>\n\t<meta name=\"twitter:label2\" content=\"Disponibilitate\" \/>\n\t<meta name=\"twitter:data2\" content=\"\u00cen stoc\" \/>\n<script type=\"application\/ld+json\" class=\"yoast-schema-graph\">{\"@context\":\"https:\\\/\\\/schema.org\",\"@graph\":[{\"@type\":\"WebPage\",\"@id\":\"https:\\\/\\\/dev.xstyle.md\\\/product\\\/batnik-ternua-torsen-hard-hood-mns-whales-grey\\\/\",\"url\":\"https:\\\/\\\/dev.xstyle.md\\\/product\\\/batnik-ternua-torsen-hard-hood-mns-whales-grey\\\/\",\"name\":\"\u0411\u0430\u0442\u043d\u0438\u043a Ternua Torsen Hard Hood Mns whales grey - \u041c\u0430\u0433\u0430\u0437\u0438\u043d Xstyle\",\"isPartOf\":{\"@id\":\"https:\\\/\\\/dev.xstyle.md\\\/#website\"},\"primaryImageOfPage\":{\"@id\":\"https:\\\/\\\/dev.xstyle.md\\\/product\\\/batnik-ternua-torsen-hard-hood-mns-whales-grey\\\/#primaryimage\"},\"image\":{\"@id\":\"https:\\\/\\\/dev.xstyle.md\\\/product\\\/batnik-ternua-torsen-hard-hood-mns-whales-grey\\\/#primaryimage\"},\"thumbnailUrl\":\"https:\\\/\\\/dev.xstyle.md\\\/wp-content\\\/uploads\\\/2025\\\/04\\\/ternua-torsen-hard-hood-mns-whales-grey.png\",\"datePublished\":\"2025-04-24T12:47:24+00:00\",\"dateModified\":\"2025-10-24T10:10:25+00:00\",\"breadcrumb\":{\"@id\":\"https:\\\/\\\/dev.xstyle.md\\\/product\\\/batnik-ternua-torsen-hard-hood-mns-whales-grey\\\/#breadcrumb\"},\"inLanguage\":\"ro-RO\",\"potentialAction\":[{\"@type\":\"ReadAction\",\"target\":[\"https:\\\/\\\/dev.xstyle.md\\\/product\\\/batnik-ternua-torsen-hard-hood-mns-whales-grey\\\/\"]}]},{\"@type\":\"ImageObject\",\"inLanguage\":\"ro-RO\",\"@id\":\"https:\\\/\\\/dev.xstyle.md\\\/product\\\/batnik-ternua-torsen-hard-hood-mns-whales-grey\\\/#primaryimage\",\"url\":\"https:\\\/\\\/dev.xstyle.md\\\/wp-content\\\/uploads\\\/2025\\\/04\\\/ternua-torsen-hard-hood-mns-whales-grey.png\",\"contentUrl\":\"https:\\\/\\\/dev.xstyle.md\\\/wp-content\\\/uploads\\\/2025\\\/04\\\/ternua-torsen-hard-hood-mns-whales-grey.png\",\"width\":553,\"height\":573,\"caption\":\"\u0411\u0430\u0442\u043d\u0438\u043a Ternua Torsen Hard Hood Mns whales grey \u0434\u043b\u044f \u0430\u043a\u0442\u0438\u0432\u043d\u043e\u0433\u043e \u043e\u0442\u0434\u044b\u0445\u0430, \u043f\u043e\u0445\u043e\u0434\u043e\u0432 \u0438 \u043f\u0443\u0442\u0435\u0448\u0435\u0441\u0442\u0432\u0438\u0439, \u0441\u043f\u043e\u0440\u0442\u0438\u0432\u043d\u0430\u044f \u043e\u0434\u0435\u0436\u0434\u0430 \u0438 \u043e\u0431\u0443\u0432\u044c \u0434\u043b\u044f \u0430\u043b\u044c\u043f\u0438\u043d\u0438\u0437\u043c\u0430 \u0438 \u0442\u0443\u0440\u0438\u0437\u043c\u0430\"},{\"@type\":\"BreadcrumbList\",\"@id\":\"https:\\\/\\\/dev.xstyle.md\\\/product\\\/batnik-ternua-torsen-hard-hood-mns-whales-grey\\\/#breadcrumb\",\"itemListElement\":[{\"@type\":\"ListItem\",\"position\":1,\"name\":\"\u0413\u043b\u0430\u0432\u043d\u0430\u044f \u0441\u0442\u0440\u0430\u043d\u0438\u0446\u0430\",\"item\":\"https:\\\/\\\/dev.xstyle.md\\\/\"},{\"@type\":\"ListItem\",\"position\":2,\"name\":\"Shop\",\"item\":\"https:\\\/\\\/dev.xstyle.md\\\/shop\\\/\"},{\"@type\":\"ListItem\",\"position\":3,\"name\":\"\u0411\u0430\u0442\u043d\u0438\u043a Ternua Torsen Hard Hood Mns whales grey\"}]},{\"@type\":\"WebSite\",\"@id\":\"https:\\\/\\\/dev.xstyle.md\\\/#website\",\"url\":\"https:\\\/\\\/dev.xstyle.md\\\/\",\"name\":\"\u041c\u0430\u0433\u0430\u0437\u0438\u043d Xstyle\",\"description\":\"C\u043d\u0430\u0440\u044f\u0436\u0435\u043d\u0438\u0435 \u0434\u043b\u044f \u0442\u0443\u0440\u0438\u0437\u043c\u0430 \u0438 \u044d\u043a\u0441\u0442\u0440\u0435\u043c\u0430\u043b\u044c\u043d\u044b\u0445 \u0432\u0438\u0434\u043e\u0432 \u0441\u043f\u043e\u0440\u0442\u0430 \u0432 \u041c\u043e\u043b\u0434\u043e\u0432\u0435.. \u0426\u0435\u043d\u044b, \u0444\u043e\u0442\u043e, \u0445\u0430\u0440\u0430\u043a\u0442\u0435\u0440\u0438\u0441\u0442\u0438\u043a\u0438 \u0432 \u041c\u043e\u043b\u0434\u043e\u0432\u0435.\",\"publisher\":{\"@id\":\"https:\\\/\\\/dev.xstyle.md\\\/#organization\"},\"alternateName\":\"X-Style\",\"potentialAction\":[{\"@type\":\"SearchAction\",\"target\":{\"@type\":\"EntryPoint\",\"urlTemplate\":\"https:\\\/\\\/dev.xstyle.md\\\/?s={search_term_string}\"},\"query-input\":{\"@type\":\"PropertyValueSpecification\",\"valueRequired\":true,\"valueName\":\"search_term_string\"}}],\"inLanguage\":\"ro-RO\"},{\"@type\":\"Organization\",\"@id\":\"https:\\\/\\\/dev.xstyle.md\\\/#organization\",\"name\":\"\u041c\u0430\u0433\u0430\u0437\u0438\u043d Xstyle\",\"alternateName\":\"x-style\",\"url\":\"https:\\\/\\\/dev.xstyle.md\\\/\",\"logo\":{\"@type\":\"ImageObject\",\"inLanguage\":\"ro-RO\",\"@id\":\"https:\\\/\\\/dev.xstyle.md\\\/#\\\/schema\\\/logo\\\/image\\\/\",\"url\":\"https:\\\/\\\/dev.xstyle.md\\\/wp-content\\\/uploads\\\/2020\\\/06\\\/logoicon.svg\",\"contentUrl\":\"https:\\\/\\\/dev.xstyle.md\\\/wp-content\\\/uploads\\\/2020\\\/06\\\/logoicon.svg\",\"caption\":\"\u041c\u0430\u0433\u0430\u0437\u0438\u043d Xstyle\"},\"image\":{\"@id\":\"https:\\\/\\\/dev.xstyle.md\\\/#\\\/schema\\\/logo\\\/image\\\/\"},\"sameAs\":[\"https:\\\/\\\/www.facebook.com\\\/xstylemd\",\"https:\\\/\\\/www.instagram.com\\\/xstyle_md\\\/\",\"https:\\\/\\\/t.me\\\/xstyle_outdoor\"],\"hasMerchantReturnPolicy\":{\"@type\":\"MerchantReturnPolicy\",\"merchantReturnLink\":\"https:\\\/\\\/dev.xstyle.md\\\/ro\\\/conditions\\\/\"}}]}<\/script>\n<meta property=\"product:price:amount\" content=\"2990.00\" \/>\n<meta property=\"product:price:currency\" content=\"MDL\" \/>\n<meta property=\"og:availability\" content=\"instock\" \/>\n<meta property=\"product:availability\" content=\"instock\" \/>\n<meta property=\"product:retailer_item_id\" content=\"8447107351116\" \/>\n<meta property=\"product:condition\" content=\"new\" \/>\n<!-- \/ Yoast SEO plugin. -->","yoast_head_json":{"title":"\u0411\u0430\u0442\u043d\u0438\u043a Ternua Torsen Hard Hood Mns whales grey - \u041c\u0430\u0433\u0430\u0437\u0438\u043d Xstyle","robots":{"index":"noindex","follow":"follow","max-snippet":"max-snippet:-1","max-image-preview":"max-image-preview:large","max-video-preview":"max-video-preview:-1"},"og_locale":"ro_RO","og_type":"article","og_title":"\u0411\u0430\u0442\u043d\u0438\u043a Ternua Torsen Hard Hood Mns whales grey - \u041c\u0430\u0433\u0430\u0437\u0438\u043d Xstyle","og_description":"Ternua Torsen Hard Hood &#8212; \u0432\u044b\u0441\u043e\u043a\u043e\u0442\u0435\u0445\u043d\u043e\u043b\u043e\u0433\u0438\u0447\u043d\u0430\u044f \u043a\u0443\u0440\u0442\u043a\u0430 \u0441 \u043a\u0430\u043f\u044e\u0448\u043e\u043d\u043e\u043c, \u0441\u043e\u0437\u0434\u0430\u043d\u043d\u0430\u044f \u0434\u043b\u044f \u0430\u043b\u044c\u043f\u0438\u043d\u0438\u0437\u043c\u0430 \u0438 \u0430\u043a\u0442\u0438\u0432\u043d\u043e\u0441\u0442\u0435\u0439 \u0432 \u0443\u0441\u043b\u043e\u0432\u0438\u044f\u0445 \u043f\u0435\u0440\u0435\u043c\u0435\u043d\u0447\u0438\u0432\u043e\u0439 \u043f\u043e\u0433\u043e\u0434\u044b. \u0412\u044b\u043f\u043e\u043b\u043d\u0435\u043d\u0430 \u0438\u0437","og_url":"https:\/\/dev.xstyle.md\/ro\/produs\/batnik-ternua-torsen-hard-hood-mns-whales-grey\/","og_site_name":"\u041c\u0430\u0433\u0430\u0437\u0438\u043d Xstyle","article_publisher":"https:\/\/www.facebook.com\/xstylemd","article_modified_time":"2025-10-24T10:10:25+00:00","og_image":[{"width":553,"height":573,"url":"https:\/\/dev.xstyle.md\/wp-content\/uploads\/2025\/04\/ternua-torsen-hard-hood-mns-whales-grey.png","type":"image\/png"}],"twitter_card":"summary_large_image","twitter_misc":{"Pre\u021b":"2.990,00&nbsp;MDL","Disponibilitate":"\u00cen stoc"},"schema":{"@context":"https:\/\/schema.org","@graph":[{"@type":"WebPage","@id":"https:\/\/dev.xstyle.md\/product\/batnik-ternua-torsen-hard-hood-mns-whales-grey\/","url":"https:\/\/dev.xstyle.md\/product\/batnik-ternua-torsen-hard-hood-mns-whales-grey\/","name":"\u0411\u0430\u0442\u043d\u0438\u043a Ternua Torsen Hard Hood Mns whales grey - \u041c\u0430\u0433\u0430\u0437\u0438\u043d Xstyle","isPartOf":{"@id":"https:\/\/dev.xstyle.md\/#website"},"primaryImageOfPage":{"@id":"https:\/\/dev.xstyle.md\/product\/batnik-ternua-torsen-hard-hood-mns-whales-grey\/#primaryimage"},"image":{"@id":"https:\/\/dev.xstyle.md\/product\/batnik-ternua-torsen-hard-hood-mns-whales-grey\/#primaryimage"},"thumbnailUrl":"https:\/\/dev.xstyle.md\/wp-content\/uploads\/2025\/04\/ternua-torsen-hard-hood-mns-whales-grey.png","datePublished":"2025-04-24T12:47:24+00:00","dateModified":"2025-10-24T10:10:25+00:00","breadcrumb":{"@id":"https:\/\/dev.xstyle.md\/product\/batnik-ternua-torsen-hard-hood-mns-whales-grey\/#breadcrumb"},"inLanguage":"ro-RO","potentialAction":[{"@type":"ReadAction","target":["https:\/\/dev.xstyle.md\/product\/batnik-ternua-torsen-hard-hood-mns-whales-grey\/"]}]},{"@type":"ImageObject","inLanguage":"ro-RO","@id":"https:\/\/dev.xstyle.md\/product\/batnik-ternua-torsen-hard-hood-mns-whales-grey\/#primaryimage","url":"https:\/\/dev.xstyle.md\/wp-content\/uploads\/2025\/04\/ternua-torsen-hard-hood-mns-whales-grey.png","contentUrl":"https:\/\/dev.xstyle.md\/wp-content\/uploads\/2025\/04\/ternua-torsen-hard-hood-mns-whales-grey.png","width":553,"height":573,"caption":"\u0411\u0430\u0442\u043d\u0438\u043a Ternua Torsen Hard Hood Mns whales grey \u0434\u043b\u044f \u0430\u043a\u0442\u0438\u0432\u043d\u043e\u0433\u043e \u043e\u0442\u0434\u044b\u0445\u0430, \u043f\u043e\u0445\u043e\u0434\u043e\u0432 \u0438 \u043f\u0443\u0442\u0435\u0448\u0435\u0441\u0442\u0432\u0438\u0439, \u0441\u043f\u043e\u0440\u0442\u0438\u0432\u043d\u0430\u044f \u043e\u0434\u0435\u0436\u0434\u0430 \u0438 \u043e\u0431\u0443\u0432\u044c \u0434\u043b\u044f \u0430\u043b\u044c\u043f\u0438\u043d\u0438\u0437\u043c\u0430 \u0438 \u0442\u0443\u0440\u0438\u0437\u043c\u0430"},{"@type":"BreadcrumbList","@id":"https:\/\/dev.xstyle.md\/product\/batnik-ternua-torsen-hard-hood-mns-whales-grey\/#breadcrumb","itemListElement":[{"@type":"ListItem","position":1,"name":"\u0413\u043b\u0430\u0432\u043d\u0430\u044f \u0441\u0442\u0440\u0430\u043d\u0438\u0446\u0430","item":"https:\/\/dev.xstyle.md\/"},{"@type":"ListItem","position":2,"name":"Shop","item":"https:\/\/dev.xstyle.md\/shop\/"},{"@type":"ListItem","position":3,"name":"\u0411\u0430\u0442\u043d\u0438\u043a Ternua Torsen Hard Hood Mns whales grey"}]},{"@type":"WebSite","@id":"https:\/\/dev.xstyle.md\/#website","url":"https:\/\/dev.xstyle.md\/","name":"Magazinul X-Style","description":"Echipamente pentru turism \u0219i sporturi extreme \u00een Moldova. Pre\u021buri, fotografii, caracteristici \u00een Moldova.","publisher":{"@id":"https:\/\/dev.xstyle.md\/#organization"},"alternateName":"X-Style","potentialAction":[{"@type":"SearchAction","target":{"@type":"EntryPoint","urlTemplate":"https:\/\/dev.xstyle.md\/?s={search_term_string}"},"query-input":{"@type":"PropertyValueSpecification","valueRequired":true,"valueName":"search_term_string"}}],"inLanguage":"ro-RO"},{"@type":"Organization","@id":"https:\/\/dev.xstyle.md\/#organization","name":"Magazinul X-Style","alternateName":"x-style","url":"https:\/\/dev.xstyle.md\/","logo":{"@type":"ImageObject","inLanguage":"ro-RO","@id":"https:\/\/dev.xstyle.md\/#\/schema\/logo\/image\/","url":"https:\/\/dev.xstyle.md\/wp-content\/uploads\/2020\/06\/logoicon.svg","contentUrl":"https:\/\/dev.xstyle.md\/wp-content\/uploads\/2020\/06\/logoicon.svg","caption":"\u041c\u0430\u0433\u0430\u0437\u0438\u043d Xstyle"},"image":{"@id":"https:\/\/dev.xstyle.md\/#\/schema\/logo\/image\/"},"sameAs":["https:\/\/www.facebook.com\/xstylemd","https:\/\/www.instagram.com\/xstyle_md\/","https:\/\/t.me\/xstyle_outdoor"],"hasMerchantReturnPolicy":{"@type":"MerchantReturnPolicy","merchantReturnLink":"https:\/\/dev.xstyle.md\/ro\/conditions\/"}}]},"product_price_amount":"2990.00","product_price_currency":"MDL","og_availability":"instock","product_availability":"instock","product_retailer_item_id":"8447107351116","product_condition":"new"},"post_mailing_queue_ids":[],"_links":{"self":[{"href":"https:\/\/dev.xstyle.md\/ro\/wp-json\/wp\/v2\/product\/93959","targetHints":{"allow":["GET"]}}],"collection":[{"href":"https:\/\/dev.xstyle.md\/ro\/wp-json\/wp\/v2\/product"}],"about":[{"href":"https:\/\/dev.xstyle.md\/ro\/wp-json\/wp\/v2\/types\/product"}],"replies":[{"embeddable":true,"href":"https:\/\/dev.xstyle.md\/ro\/wp-json\/wp\/v2\/comments?post=93959"}],"version-history":[{"count":1,"href":"https:\/\/dev.xstyle.md\/ro\/wp-json\/wp\/v2\/product\/93959\/revisions"}],"predecessor-version":[{"id":94163,"href":"https:\/\/dev.xstyle.md\/ro\/wp-json\/wp\/v2\/product\/93959\/revisions\/94163"}],"wp:featuredmedia":[{"embeddable":true,"href":"https:\/\/dev.xstyle.md\/ro\/wp-json\/wp\/v2\/media\/94164"}],"wp:attachment":[{"href":"https:\/\/dev.xstyle.md\/ro\/wp-json\/wp\/v2\/media?parent=93959"}],"wp:term":[{"taxonomy":"product_brand","embeddable":true,"href":"https:\/\/dev.xstyle.md\/ro\/wp-json\/wp\/v2\/product_brand?post=93959"},{"taxonomy":"product_cat","embeddable":true,"href":"https:\/\/dev.xstyle.md\/ro\/wp-json\/wp\/v2\/product_cat?post=93959"},{"taxonomy":"product_tag","embeddable":true,"href":"https:\/\/dev.xstyle.md\/ro\/wp-json\/wp\/v2\/product_tag?post=93959"}],"curies":[{"name":"wp","href":"https:\/\/api.w.org\/{rel}","templated":true}]}}