{"id":93937,"date":"2025-04-24T15:47:13","date_gmt":"2025-04-24T12:47:13","guid":{"rendered":"https:\/\/xstyle.md\/?post_type=product&#038;p=93937"},"modified":"2025-05-13T16:13:38","modified_gmt":"2025-05-13T13:13:38","slug":"girlyanda-outwell-alpha-cotton-light-chain-200-cm","status":"publish","type":"product","link":"https:\/\/dev.xstyle.md\/ro\/produs\/girlyanda-outwell-alpha-cotton-light-chain-200-cm\/","title":{"rendered":"Luminite Outwell Alpha Cotton Light Chain 200 cm"},"content":{"rendered":"<p><strong>Outwell Alpha Cotton Light Chain 200 cm<\/strong> &#8212; \u0433\u0438\u0440\u043b\u044f\u043d\u0434\u0430 \u0441 20 \u0445\u043b\u043e\u043f\u043a\u043e\u0432\u044b\u043c\u0438 \u0448\u0430\u0440\u0438\u043a\u0430\u043c\u0438 \u0432 \u0442\u0435\u043f\u043b\u044b\u0445, \u043f\u0440\u0438\u0440\u043e\u0434\u043d\u044b\u0445 \u0442\u043e\u043d\u0430\u0445 \u0441\u043e\u0437\u0434\u0430\u0451\u0442 \u043c\u044f\u0433\u043a\u043e\u0435, \u043f\u0440\u0438\u0433\u043b\u0443\u0448\u0451\u043d\u043d\u043e\u0435 \u043e\u0441\u0432\u0435\u0449\u0435\u043d\u0438\u0435. \u0418\u0434\u0435\u0430\u043b\u044c\u043d\u043e \u043f\u043e\u0434\u0445\u043e\u0434\u0438\u0442 \u0434\u043b\u044f \u0434\u0435\u043a\u043e\u0440\u0430 \u043f\u0430\u043b\u0430\u0442\u043a\u0438, \u0441\u0430\u0434\u0430, \u0442\u0435\u0440\u0440\u0430\u0441\u044b \u0438\u043b\u0438 \u0433\u043e\u0441\u0442\u0438\u043d\u043e\u0439. \u0411\u043b\u0430\u0433\u043e\u0434\u0430\u0440\u044f \u043f\u0438\u0442\u0430\u043d\u0438\u044e \u043e\u0442 \u0431\u0430\u0442\u0430\u0440\u0435\u0435\u043a, \u0435\u0433\u043e \u043c\u043e\u0436\u043d\u043e \u0438\u0441\u043f\u043e\u043b\u044c\u0437\u043e\u0432\u0430\u0442\u044c \u0432 \u043b\u044e\u0431\u043e\u043c \u043c\u0435\u0441\u0442\u0435 \u2014 \u0440\u043e\u0437\u0435\u0442\u043a\u0438 \u043d\u0435 \u043d\u0443\u0436\u043d\u044b.<\/p>\n<h3>Particularit\u0103\u021bi<\/h3>\n<ul>\n<li>20 LED-\u043b\u0430\u043c\u043f\u043e\u0447\u0435\u043a, \u043e\u0431\u0449\u0435\u0435 \u0441\u0432\u0435\u0447\u0435\u043d\u0438\u0435 \u2014 50 \u043b\u044e\u043c\u0435\u043d<\/li>\n<li>\u041c\u044f\u0433\u043a\u0438\u0439 \u0441\u0432\u0435\u0442 \u0434\u043b\u044f \u0441\u043e\u0437\u0434\u0430\u043d\u0438\u044f \u0430\u0442\u043c\u043e\u0441\u0444\u0435\u0440\u044b \u0443\u044e\u0442\u0430<\/li>\n<li>\u041f\u0438\u0442\u0430\u043d\u0438\u0435 \u043e\u0442 3 \u0431\u0430\u0442\u0430\u0440\u0435\u0435\u043a AA (\u0432 \u043a\u043e\u043c\u043f\u043b\u0435\u043a\u0442 \u043d\u0435 \u0432\u0445\u043e\u0434\u044f\u0442) \u0438\u043b\u0438 \u043e\u0442 USB<\/li>\n<li>IP44 \u2014 \u0437\u0430\u0449\u0438\u0442\u0430 \u043e\u0442 \u043f\u044b\u043b\u0438 \u0438 \u0431\u0440\u044b\u0437\u0433<\/li>\n<li>\n<section><span>15 \u0441\u043c \u043a\u0430\u0431\u0435\u043b\u044f \u043c\u0435\u0436\u0434\u0443 \u043a\u0430\u0436\u0434\u043e\u0439 \u043b\u0430\u043c\u043f\u043e\u0447\u043a\u043e\u0439<\/span><\/section>\n<\/li>\n<\/ul>\n<h3>Caracteristici<\/h3>\n<ul>\n<li>\u041c\u0430\u0442\u0435\u0440\u0438\u0430\u043b &#8212; \u043f\u043e\u043b\u0438\u043a\u0430\u0440\u0431\u043e\u043d\u0430\u0442, \u0445\u043b\u043e\u043f\u043e\u043a<\/li>\n<li>\u0420\u0430\u0437\u043c\u0435\u0440 \u0443\u043f\u0430\u043a\u043e\u0432\u043a\u0438 &#8212; 34,5 \u0445 24,5 \u0445 7 \u0441\u043c<\/li>\n<li>\u0421\u0432\u0435\u0442\u043e\u0432\u0430\u044f \u0446\u0435\u043f\u044c &#8212; 285 \u0441\u043c<\/li>\n<li>\u0428\u043d\u0443\u0440 \u043f\u0438\u0442\u0430\u043d\u0438\u044f &#8212; 200 \u0441\u043c<\/li>\n<li>\u0412\u0435\u0441 &#8212; 180 \u0433<\/li>\n<\/ul>\n<h3>Marca<\/h3>\n<p>Compania danez\u0103 Outwell a fost fondat\u0103 \u00een anul 1984, av\u00e2nd ca scop crearea de echipamente \u0219i accesorii pentru activit\u0103\u021bi \u00een aer liber \u0219i turism. \u00cenc\u0103 de la \u00eenfiin\u021bare, compania \u0219i-a dezvoltat produsele \u021bin\u00e2nd cont de nevoile tot mai mari ale clien\u021bilor, orient\u00e2ndu-se c\u0103tre cele mai noi tehnologii din domeniul outdoor. Toate produsele brandului au c\u00e2\u0219tigat \u00eencrederea utilizatorilor din \u00eentreaga lume.<\/p>\n<p>Produsele Outwell pot fi caracterizate prin func\u021bionalitate, ergonomie, rezisten\u021b\u0103 la uzur\u0103, accesibilitate \u0219i calitate superioar\u0103. De asemenea, materiile prime ecologice utilizate \u00een produc\u021bie sunt sigure pentru s\u0103n\u0103tatea uman\u0103 \u0219i pentru mediul \u00eenconjur\u0103tor. Una dintre direc\u021biile principale ale brandului este campingul de familie. Speciali\u0219tii \u0219i designerii companiei sunt convin\u0219i c\u0103 nimic nu este mai pl\u0103cut dec\u00e2t relaxarea sub cerul liber. De o pl\u0103cere deosebit\u0103 la picnicuri \u0219i \u00een drume\u021bii se bucur\u0103 copiii, care sunt dornici s\u0103 exploreze lumea, s\u0103 \u00eenve\u021be lucruri noi \u0219i s\u0103 \u00ee\u0219i l\u0103rgeasc\u0103 orizonturile.<\/p>","protected":false},"excerpt":{"rendered":"<p>Outwell Alpha Cotton Light Chain 200 cm &#8212; \u0433\u0438\u0440\u043b\u044f\u043d\u0434\u0430 \u0441 20 \u0445\u043b\u043e\u043f\u043a\u043e\u0432\u044b\u043c\u0438 \u0448\u0430\u0440\u0438\u043a\u0430\u043c\u0438 \u0432 \u0442\u0435\u043f\u043b\u044b\u0445, \u043f\u0440\u0438\u0440\u043e\u0434\u043d\u044b\u0445 \u0442\u043e\u043d\u0430\u0445 \u0441\u043e\u0437\u0434\u0430\u0451\u0442 \u043c\u044f\u0433\u043a\u043e\u0435, \u043f\u0440\u0438\u0433\u043b\u0443\u0448\u0451\u043d\u043d\u043e\u0435<\/p>","protected":false},"featured_media":94498,"comment_status":"open","ping_status":"closed","template":"","meta":{"_acf_changed":false,"inline_featured_image":false},"product_brand":[1275],"product_cat":[329],"product_tag":[],"class_list":{"0":"post-93937","1":"product","2":"type-product","3":"status-publish","4":"has-post-thumbnail","6":"product_brand-outwell","7":"product_cat-camping-lights","9":"first","10":"instock","11":"shipping-taxable","12":"purchasable","13":"product-type-simple"},"acf":[],"yoast_head":"<!-- This site is optimized with the Yoast SEO plugin v27.4 - https:\/\/yoast.com\/product\/yoast-seo-wordpress\/ -->\n<title>\u0413\u0438\u0440\u043b\u044f\u043d\u0434\u0430 Outwell Alpha Cotton Light Chain 200 cm - \u041c\u0430\u0433\u0430\u0437\u0438\u043d Xstyle<\/title>\n<meta name=\"robots\" content=\"noindex, follow, max-snippet:-1, max-image-preview:large, max-video-preview:-1\" \/>\n<meta property=\"og:locale\" content=\"ro_RO\" \/>\n<meta property=\"og:type\" content=\"article\" \/>\n<meta property=\"og:title\" content=\"\u0413\u0438\u0440\u043b\u044f\u043d\u0434\u0430 Outwell Alpha Cotton Light Chain 200 cm - \u041c\u0430\u0433\u0430\u0437\u0438\u043d Xstyle\" \/>\n<meta property=\"og:description\" content=\"Outwell Alpha Cotton Light Chain 200 cm &#8212; \u0433\u0438\u0440\u043b\u044f\u043d\u0434\u0430 \u0441 20 \u0445\u043b\u043e\u043f\u043a\u043e\u0432\u044b\u043c\u0438 \u0448\u0430\u0440\u0438\u043a\u0430\u043c\u0438 \u0432 \u0442\u0435\u043f\u043b\u044b\u0445, \u043f\u0440\u0438\u0440\u043e\u0434\u043d\u044b\u0445 \u0442\u043e\u043d\u0430\u0445 \u0441\u043e\u0437\u0434\u0430\u0451\u0442 \u043c\u044f\u0433\u043a\u043e\u0435, \u043f\u0440\u0438\u0433\u043b\u0443\u0448\u0451\u043d\u043d\u043e\u0435\" \/>\n<meta property=\"og:url\" content=\"https:\/\/dev.xstyle.md\/ro\/produs\/girlyanda-outwell-alpha-cotton-light-chain-200-cm\/\" \/>\n<meta property=\"og:site_name\" content=\"\u041c\u0430\u0433\u0430\u0437\u0438\u043d Xstyle\" \/>\n<meta property=\"article:publisher\" content=\"https:\/\/www.facebook.com\/xstylemd\" \/>\n<meta property=\"article:modified_time\" content=\"2025-05-13T13:13:38+00:00\" \/>\n<meta property=\"og:image\" content=\"https:\/\/dev.xstyle.md\/wp-content\/uploads\/2025\/04\/outwell-alpha-cotton-light-chain-200-cm.jpg\" \/>\n\t<meta property=\"og:image:width\" content=\"1230\" \/>\n\t<meta property=\"og:image:height\" content=\"692\" \/>\n\t<meta property=\"og:image:type\" content=\"image\/jpeg\" \/>\n<meta name=\"twitter:card\" content=\"summary_large_image\" \/>\n<meta name=\"twitter:label1\" content=\"Pre\u021b\" \/>\n\t<meta name=\"twitter:data1\" content=\"565,00&nbsp;MDL\" \/>\n\t<meta name=\"twitter:label2\" content=\"Disponibilitate\" \/>\n\t<meta name=\"twitter:data2\" content=\"\u00cen stoc\" \/>\n<script type=\"application\/ld+json\" class=\"yoast-schema-graph\">{\"@context\":\"https:\\\/\\\/schema.org\",\"@graph\":[{\"@type\":\"WebPage\",\"@id\":\"https:\\\/\\\/dev.xstyle.md\\\/product\\\/girlyanda-outwell-alpha-cotton-light-chain-200-cm\\\/\",\"url\":\"https:\\\/\\\/dev.xstyle.md\\\/product\\\/girlyanda-outwell-alpha-cotton-light-chain-200-cm\\\/\",\"name\":\"\u0413\u0438\u0440\u043b\u044f\u043d\u0434\u0430 Outwell Alpha Cotton Light Chain 200 cm - \u041c\u0430\u0433\u0430\u0437\u0438\u043d Xstyle\",\"isPartOf\":{\"@id\":\"https:\\\/\\\/dev.xstyle.md\\\/#website\"},\"primaryImageOfPage\":{\"@id\":\"https:\\\/\\\/dev.xstyle.md\\\/product\\\/girlyanda-outwell-alpha-cotton-light-chain-200-cm\\\/#primaryimage\"},\"image\":{\"@id\":\"https:\\\/\\\/dev.xstyle.md\\\/product\\\/girlyanda-outwell-alpha-cotton-light-chain-200-cm\\\/#primaryimage\"},\"thumbnailUrl\":\"https:\\\/\\\/dev.xstyle.md\\\/wp-content\\\/uploads\\\/2025\\\/04\\\/outwell-alpha-cotton-light-chain-200-cm.jpg\",\"datePublished\":\"2025-04-24T12:47:13+00:00\",\"dateModified\":\"2025-05-13T13:13:38+00:00\",\"breadcrumb\":{\"@id\":\"https:\\\/\\\/dev.xstyle.md\\\/product\\\/girlyanda-outwell-alpha-cotton-light-chain-200-cm\\\/#breadcrumb\"},\"inLanguage\":\"ro-RO\",\"potentialAction\":[{\"@type\":\"ReadAction\",\"target\":[\"https:\\\/\\\/dev.xstyle.md\\\/product\\\/girlyanda-outwell-alpha-cotton-light-chain-200-cm\\\/\"]}]},{\"@type\":\"ImageObject\",\"inLanguage\":\"ro-RO\",\"@id\":\"https:\\\/\\\/dev.xstyle.md\\\/product\\\/girlyanda-outwell-alpha-cotton-light-chain-200-cm\\\/#primaryimage\",\"url\":\"https:\\\/\\\/dev.xstyle.md\\\/wp-content\\\/uploads\\\/2025\\\/04\\\/outwell-alpha-cotton-light-chain-200-cm.jpg\",\"contentUrl\":\"https:\\\/\\\/dev.xstyle.md\\\/wp-content\\\/uploads\\\/2025\\\/04\\\/outwell-alpha-cotton-light-chain-200-cm.jpg\",\"width\":1230,\"height\":692,\"caption\":\"\u0413\u0438\u0440\u043b\u044f\u043d\u0434\u0430 Outwell Alpha Cotton Light Chain 200 \u0441\u043c \u0434\u043b\u044f \u0430\u043a\u0442\u0438\u0432\u043d\u043e\u0433\u043e \u043e\u0442\u0434\u044b\u0445\u0430 \u043f\u043e\u0445\u043e\u0434\u043e\u0432 \u0438 \u043f\u0443\u0442\u0435\u0448\u0435\u0441\u0442\u0432\u0438\u0439, \u0443\u043a\u0440\u0430\u0448\u0435\u043d\u0438\u0435 \u0434\u043b\u044f \u043a\u0435\u043c\u043f\u0438\u043d\u0433\u0430 \u0438 \u0442\u0443\u0440\u0438\u0441\u0442\u0438\u0447\u0435\u0441\u043a\u043e\u0439 \u043e\u0434\u0435\u0436\u0434\u044b \u0438 \u043e\u0431\u0443\u0432\u0438\"},{\"@type\":\"BreadcrumbList\",\"@id\":\"https:\\\/\\\/dev.xstyle.md\\\/product\\\/girlyanda-outwell-alpha-cotton-light-chain-200-cm\\\/#breadcrumb\",\"itemListElement\":[{\"@type\":\"ListItem\",\"position\":1,\"name\":\"\u0413\u043b\u0430\u0432\u043d\u0430\u044f \u0441\u0442\u0440\u0430\u043d\u0438\u0446\u0430\",\"item\":\"https:\\\/\\\/dev.xstyle.md\\\/\"},{\"@type\":\"ListItem\",\"position\":2,\"name\":\"Shop\",\"item\":\"https:\\\/\\\/dev.xstyle.md\\\/shop\\\/\"},{\"@type\":\"ListItem\",\"position\":3,\"name\":\"\u0413\u0438\u0440\u043b\u044f\u043d\u0434\u0430 Outwell Alpha Cotton Light Chain 200 cm\"}]},{\"@type\":\"WebSite\",\"@id\":\"https:\\\/\\\/dev.xstyle.md\\\/#website\",\"url\":\"https:\\\/\\\/dev.xstyle.md\\\/\",\"name\":\"\u041c\u0430\u0433\u0430\u0437\u0438\u043d Xstyle\",\"description\":\"C\u043d\u0430\u0440\u044f\u0436\u0435\u043d\u0438\u0435 \u0434\u043b\u044f \u0442\u0443\u0440\u0438\u0437\u043c\u0430 \u0438 \u044d\u043a\u0441\u0442\u0440\u0435\u043c\u0430\u043b\u044c\u043d\u044b\u0445 \u0432\u0438\u0434\u043e\u0432 \u0441\u043f\u043e\u0440\u0442\u0430 \u0432 \u041c\u043e\u043b\u0434\u043e\u0432\u0435.. \u0426\u0435\u043d\u044b, \u0444\u043e\u0442\u043e, \u0445\u0430\u0440\u0430\u043a\u0442\u0435\u0440\u0438\u0441\u0442\u0438\u043a\u0438 \u0432 \u041c\u043e\u043b\u0434\u043e\u0432\u0435.\",\"publisher\":{\"@id\":\"https:\\\/\\\/dev.xstyle.md\\\/#organization\"},\"alternateName\":\"X-Style\",\"potentialAction\":[{\"@type\":\"SearchAction\",\"target\":{\"@type\":\"EntryPoint\",\"urlTemplate\":\"https:\\\/\\\/dev.xstyle.md\\\/?s={search_term_string}\"},\"query-input\":{\"@type\":\"PropertyValueSpecification\",\"valueRequired\":true,\"valueName\":\"search_term_string\"}}],\"inLanguage\":\"ro-RO\"},{\"@type\":\"Organization\",\"@id\":\"https:\\\/\\\/dev.xstyle.md\\\/#organization\",\"name\":\"\u041c\u0430\u0433\u0430\u0437\u0438\u043d Xstyle\",\"alternateName\":\"x-style\",\"url\":\"https:\\\/\\\/dev.xstyle.md\\\/\",\"logo\":{\"@type\":\"ImageObject\",\"inLanguage\":\"ro-RO\",\"@id\":\"https:\\\/\\\/dev.xstyle.md\\\/#\\\/schema\\\/logo\\\/image\\\/\",\"url\":\"https:\\\/\\\/dev.xstyle.md\\\/wp-content\\\/uploads\\\/2020\\\/06\\\/logoicon.svg\",\"contentUrl\":\"https:\\\/\\\/dev.xstyle.md\\\/wp-content\\\/uploads\\\/2020\\\/06\\\/logoicon.svg\",\"caption\":\"\u041c\u0430\u0433\u0430\u0437\u0438\u043d Xstyle\"},\"image\":{\"@id\":\"https:\\\/\\\/dev.xstyle.md\\\/#\\\/schema\\\/logo\\\/image\\\/\"},\"sameAs\":[\"https:\\\/\\\/www.facebook.com\\\/xstylemd\",\"https:\\\/\\\/www.instagram.com\\\/xstyle_md\\\/\",\"https:\\\/\\\/t.me\\\/xstyle_outdoor\"],\"hasMerchantReturnPolicy\":{\"@type\":\"MerchantReturnPolicy\",\"merchantReturnLink\":\"https:\\\/\\\/dev.xstyle.md\\\/ro\\\/conditions\\\/\"}}]}<\/script>\n<meta property=\"product:price:amount\" content=\"565.00\" \/>\n<meta property=\"product:price:currency\" content=\"MDL\" \/>\n<meta property=\"og:availability\" content=\"instock\" \/>\n<meta property=\"product:availability\" content=\"instock\" \/>\n<meta property=\"product:retailer_item_id\" content=\"5709388135889\" \/>\n<meta property=\"product:condition\" content=\"new\" \/>\n<!-- \/ Yoast SEO plugin. -->","yoast_head_json":{"title":"\u0413\u0438\u0440\u043b\u044f\u043d\u0434\u0430 Outwell Alpha Cotton Light Chain 200 cm - \u041c\u0430\u0433\u0430\u0437\u0438\u043d Xstyle","robots":{"index":"noindex","follow":"follow","max-snippet":"max-snippet:-1","max-image-preview":"max-image-preview:large","max-video-preview":"max-video-preview:-1"},"og_locale":"ro_RO","og_type":"article","og_title":"\u0413\u0438\u0440\u043b\u044f\u043d\u0434\u0430 Outwell Alpha Cotton Light Chain 200 cm - \u041c\u0430\u0433\u0430\u0437\u0438\u043d Xstyle","og_description":"Outwell Alpha Cotton Light Chain 200 cm &#8212; \u0433\u0438\u0440\u043b\u044f\u043d\u0434\u0430 \u0441 20 \u0445\u043b\u043e\u043f\u043a\u043e\u0432\u044b\u043c\u0438 \u0448\u0430\u0440\u0438\u043a\u0430\u043c\u0438 \u0432 \u0442\u0435\u043f\u043b\u044b\u0445, \u043f\u0440\u0438\u0440\u043e\u0434\u043d\u044b\u0445 \u0442\u043e\u043d\u0430\u0445 \u0441\u043e\u0437\u0434\u0430\u0451\u0442 \u043c\u044f\u0433\u043a\u043e\u0435, \u043f\u0440\u0438\u0433\u043b\u0443\u0448\u0451\u043d\u043d\u043e\u0435","og_url":"https:\/\/dev.xstyle.md\/ro\/produs\/girlyanda-outwell-alpha-cotton-light-chain-200-cm\/","og_site_name":"\u041c\u0430\u0433\u0430\u0437\u0438\u043d Xstyle","article_publisher":"https:\/\/www.facebook.com\/xstylemd","article_modified_time":"2025-05-13T13:13:38+00:00","og_image":[{"width":1230,"height":692,"url":"https:\/\/dev.xstyle.md\/wp-content\/uploads\/2025\/04\/outwell-alpha-cotton-light-chain-200-cm.jpg","type":"image\/jpeg"}],"twitter_card":"summary_large_image","twitter_misc":{"Pre\u021b":"565,00&nbsp;MDL","Disponibilitate":"\u00cen stoc"},"schema":{"@context":"https:\/\/schema.org","@graph":[{"@type":"WebPage","@id":"https:\/\/dev.xstyle.md\/product\/girlyanda-outwell-alpha-cotton-light-chain-200-cm\/","url":"https:\/\/dev.xstyle.md\/product\/girlyanda-outwell-alpha-cotton-light-chain-200-cm\/","name":"\u0413\u0438\u0440\u043b\u044f\u043d\u0434\u0430 Outwell Alpha Cotton Light Chain 200 cm - \u041c\u0430\u0433\u0430\u0437\u0438\u043d Xstyle","isPartOf":{"@id":"https:\/\/dev.xstyle.md\/#website"},"primaryImageOfPage":{"@id":"https:\/\/dev.xstyle.md\/product\/girlyanda-outwell-alpha-cotton-light-chain-200-cm\/#primaryimage"},"image":{"@id":"https:\/\/dev.xstyle.md\/product\/girlyanda-outwell-alpha-cotton-light-chain-200-cm\/#primaryimage"},"thumbnailUrl":"https:\/\/dev.xstyle.md\/wp-content\/uploads\/2025\/04\/outwell-alpha-cotton-light-chain-200-cm.jpg","datePublished":"2025-04-24T12:47:13+00:00","dateModified":"2025-05-13T13:13:38+00:00","breadcrumb":{"@id":"https:\/\/dev.xstyle.md\/product\/girlyanda-outwell-alpha-cotton-light-chain-200-cm\/#breadcrumb"},"inLanguage":"ro-RO","potentialAction":[{"@type":"ReadAction","target":["https:\/\/dev.xstyle.md\/product\/girlyanda-outwell-alpha-cotton-light-chain-200-cm\/"]}]},{"@type":"ImageObject","inLanguage":"ro-RO","@id":"https:\/\/dev.xstyle.md\/product\/girlyanda-outwell-alpha-cotton-light-chain-200-cm\/#primaryimage","url":"https:\/\/dev.xstyle.md\/wp-content\/uploads\/2025\/04\/outwell-alpha-cotton-light-chain-200-cm.jpg","contentUrl":"https:\/\/dev.xstyle.md\/wp-content\/uploads\/2025\/04\/outwell-alpha-cotton-light-chain-200-cm.jpg","width":1230,"height":692,"caption":"\u0413\u0438\u0440\u043b\u044f\u043d\u0434\u0430 Outwell Alpha Cotton Light Chain 200 \u0441\u043c \u0434\u043b\u044f \u0430\u043a\u0442\u0438\u0432\u043d\u043e\u0433\u043e \u043e\u0442\u0434\u044b\u0445\u0430 \u043f\u043e\u0445\u043e\u0434\u043e\u0432 \u0438 \u043f\u0443\u0442\u0435\u0448\u0435\u0441\u0442\u0432\u0438\u0439, \u0443\u043a\u0440\u0430\u0448\u0435\u043d\u0438\u0435 \u0434\u043b\u044f \u043a\u0435\u043c\u043f\u0438\u043d\u0433\u0430 \u0438 \u0442\u0443\u0440\u0438\u0441\u0442\u0438\u0447\u0435\u0441\u043a\u043e\u0439 \u043e\u0434\u0435\u0436\u0434\u044b \u0438 \u043e\u0431\u0443\u0432\u0438"},{"@type":"BreadcrumbList","@id":"https:\/\/dev.xstyle.md\/product\/girlyanda-outwell-alpha-cotton-light-chain-200-cm\/#breadcrumb","itemListElement":[{"@type":"ListItem","position":1,"name":"\u0413\u043b\u0430\u0432\u043d\u0430\u044f \u0441\u0442\u0440\u0430\u043d\u0438\u0446\u0430","item":"https:\/\/dev.xstyle.md\/"},{"@type":"ListItem","position":2,"name":"Shop","item":"https:\/\/dev.xstyle.md\/shop\/"},{"@type":"ListItem","position":3,"name":"\u0413\u0438\u0440\u043b\u044f\u043d\u0434\u0430 Outwell Alpha Cotton Light Chain 200 cm"}]},{"@type":"WebSite","@id":"https:\/\/dev.xstyle.md\/#website","url":"https:\/\/dev.xstyle.md\/","name":"Magazinul X-Style","description":"Echipamente pentru turism \u0219i sporturi extreme \u00een Moldova. Pre\u021buri, fotografii, caracteristici \u00een Moldova.","publisher":{"@id":"https:\/\/dev.xstyle.md\/#organization"},"alternateName":"X-Style","potentialAction":[{"@type":"SearchAction","target":{"@type":"EntryPoint","urlTemplate":"https:\/\/dev.xstyle.md\/?s={search_term_string}"},"query-input":{"@type":"PropertyValueSpecification","valueRequired":true,"valueName":"search_term_string"}}],"inLanguage":"ro-RO"},{"@type":"Organization","@id":"https:\/\/dev.xstyle.md\/#organization","name":"Magazinul X-Style","alternateName":"x-style","url":"https:\/\/dev.xstyle.md\/","logo":{"@type":"ImageObject","inLanguage":"ro-RO","@id":"https:\/\/dev.xstyle.md\/#\/schema\/logo\/image\/","url":"https:\/\/dev.xstyle.md\/wp-content\/uploads\/2020\/06\/logoicon.svg","contentUrl":"https:\/\/dev.xstyle.md\/wp-content\/uploads\/2020\/06\/logoicon.svg","caption":"\u041c\u0430\u0433\u0430\u0437\u0438\u043d Xstyle"},"image":{"@id":"https:\/\/dev.xstyle.md\/#\/schema\/logo\/image\/"},"sameAs":["https:\/\/www.facebook.com\/xstylemd","https:\/\/www.instagram.com\/xstyle_md\/","https:\/\/t.me\/xstyle_outdoor"],"hasMerchantReturnPolicy":{"@type":"MerchantReturnPolicy","merchantReturnLink":"https:\/\/dev.xstyle.md\/ro\/conditions\/"}}]},"product_price_amount":"565.00","product_price_currency":"MDL","og_availability":"instock","product_availability":"instock","product_retailer_item_id":"5709388135889","product_condition":"new"},"post_mailing_queue_ids":[],"_links":{"self":[{"href":"https:\/\/dev.xstyle.md\/ro\/wp-json\/wp\/v2\/product\/93937","targetHints":{"allow":["GET"]}}],"collection":[{"href":"https:\/\/dev.xstyle.md\/ro\/wp-json\/wp\/v2\/product"}],"about":[{"href":"https:\/\/dev.xstyle.md\/ro\/wp-json\/wp\/v2\/types\/product"}],"replies":[{"embeddable":true,"href":"https:\/\/dev.xstyle.md\/ro\/wp-json\/wp\/v2\/comments?post=93937"}],"version-history":[{"count":1,"href":"https:\/\/dev.xstyle.md\/ro\/wp-json\/wp\/v2\/product\/93937\/revisions"}],"predecessor-version":[{"id":94503,"href":"https:\/\/dev.xstyle.md\/ro\/wp-json\/wp\/v2\/product\/93937\/revisions\/94503"}],"wp:featuredmedia":[{"embeddable":true,"href":"https:\/\/dev.xstyle.md\/ro\/wp-json\/wp\/v2\/media\/94498"}],"wp:attachment":[{"href":"https:\/\/dev.xstyle.md\/ro\/wp-json\/wp\/v2\/media?parent=93937"}],"wp:term":[{"taxonomy":"product_brand","embeddable":true,"href":"https:\/\/dev.xstyle.md\/ro\/wp-json\/wp\/v2\/product_brand?post=93937"},{"taxonomy":"product_cat","embeddable":true,"href":"https:\/\/dev.xstyle.md\/ro\/wp-json\/wp\/v2\/product_cat?post=93937"},{"taxonomy":"product_tag","embeddable":true,"href":"https:\/\/dev.xstyle.md\/ro\/wp-json\/wp\/v2\/product_tag?post=93937"}],"curies":[{"name":"wp","href":"https:\/\/api.w.org\/{rel}","templated":true}]}}