{"id":93933,"date":"2025-04-24T15:47:11","date_gmt":"2025-04-24T12:47:11","guid":{"rendered":"https:\/\/xstyle.md\/?post_type=product&#038;p=93933"},"modified":"2026-02-25T11:59:24","modified_gmt":"2026-02-25T08:59:24","slug":"sumka-organajzer-outwell-hornsea-kitchen-storage","status":"publish","type":"product","link":"https:\/\/xstyle.md\/ro\/produs\/sumka-organajzer-outwell-hornsea-kitchen-storage\/","title":{"rendered":"Geant\u0103 Outwell Hornsea Kitchen Storage"},"content":{"rendered":"<\/p>\n<p><strong>Outwell Hornsea Kitchen Storage<\/strong> &#8212; este un organizator practic \u0219i versatil, conceput pentru a men\u021bine ordinea perfect\u0103 \u00een buc\u0103t\u0103ria de camping. Acesta v\u0103 permite s\u0103 p\u0103stra\u021bi toate vasele, tac\u00e2murile \u0219i accesoriile de g\u0103tit \u00eentr-un singur loc. Datorit\u0103 pere\u021bilor interiori deta\u0219abili, pute\u021bi personaliza spa\u021biul \u00een func\u021bie de nevoi, iar buzunarele exterioare numeroase ofer\u0103 acces rapid la obiectele utilizate frecvent.<\/p>\n<h3>Particularit\u0103\u021bi<\/h3>\n<ul>\n<li>Organizare &#8212; 4 buzunare exterioare din material, 3 buzunare exterioare din plas\u0103 \u0219i un buzunar exterior mare cu fermoar<\/li>\n<li>Doi pere\u021bi desp\u0103r\u021bitori deta\u0219abili cu scai (velcro) \u0219i 5 buzunare dedicate pentru tac\u00e2muri<\/li>\n<li>Deschidere superioar\u0103 larg\u0103 cu fermoar pentru acces facil la con\u021binut<\/li>\n<li>M\u00e2nere rezistente pentru transport; organizatorul se pliaz\u0103 plat pentru o depozitare compact\u0103 atunci c\u00e2nd nu este utilizat<\/li>\n<li>Baz\u0103 durabil\u0103 \u0219i materiale care se cur\u0103\u021b\u0103 foarte u\u0219or<\/li>\n<\/ul>\n<h3>Caracteristici<\/h3>\n<ul>\n<li>Material &#8212; 100% poliester (300 x 600D reliefat)<\/li>\n<li>C\u0103ptu\u0219eal\u0103 &#8212; PEVA (material igienic \u0219i u\u0219or de cur\u0103\u021bat)<\/li>\n<li>Dimensiuni &#8212; 54 x 30 x 29 cm (L x l x \u00ce)<\/li>\n<li>Dimensiune pachet &#8212; 54 x 30 x 3.5 cm<\/li>\n<li>Greutate &#8212; 2 kg<\/li>\n<li>Sarcin\u0103 maxim\u0103 &#8212; 30 kg<\/li>\n<\/ul>\n<p><\/p>\n<h3>Marca<\/h3>\n<p>Compania danez\u0103 Outwell a fost fondat\u0103 \u00een anul 1984, av\u00e2nd ca scop crearea de echipamente \u0219i accesorii pentru activit\u0103\u021bi \u00een aer liber \u0219i turism. \u00cenc\u0103 de la \u00eenfiin\u021bare, compania \u0219i-a dezvoltat produsele \u021bin\u00e2nd cont de nevoile tot mai mari ale clien\u021bilor, orient\u00e2ndu-se c\u0103tre cele mai noi tehnologii din domeniul outdoor. Toate produsele brandului au c\u00e2\u0219tigat \u00eencrederea utilizatorilor din \u00eentreaga lume.<\/p>\n<p>Produsele Outwell pot fi caracterizate prin func\u021bionalitate, ergonomie, rezisten\u021b\u0103 la uzur\u0103, accesibilitate \u0219i calitate superioar\u0103. De asemenea, materiile prime ecologice utilizate \u00een produc\u021bie sunt sigure pentru s\u0103n\u0103tatea uman\u0103 \u0219i pentru mediul \u00eenconjur\u0103tor. Una dintre direc\u021biile principale ale brandului este campingul de familie. Speciali\u0219tii \u0219i designerii companiei sunt convin\u0219i c\u0103 nimic nu este mai pl\u0103cut dec\u00e2t relaxarea sub cerul liber. De o pl\u0103cere deosebit\u0103 la picnicuri \u0219i \u00een drume\u021bii se bucur\u0103 copiii, care sunt dornici s\u0103 exploreze lumea, s\u0103 \u00eenve\u021be lucruri noi \u0219i s\u0103 \u00ee\u0219i l\u0103rgeasc\u0103 orizonturile.<\/p>","protected":false},"excerpt":{"rendered":"<p>\u0411\u0440\u0435\u043d\u0434 \u0414\u0430\u0442\u0441\u043a\u0430\u044f \u043a\u043e\u043c\u043f\u0430\u043d\u0438\u044f Outwell\u00a0\u0431\u044b\u043b\u0430 \u043e\u0441\u043d\u043e\u0432\u0430\u043d\u0430 \u0432 1984 \u0433\u043e\u0434\u0443 \u0441 \u0446\u0435\u043b\u044c\u044e \u0441\u043e\u0437\u0434\u0430\u043d\u0438\u044f \u0441\u043d\u0430\u0440\u044f\u0436\u0435\u043d\u0438\u044f \u0438 \u044d\u043a\u0438\u043f\u0438\u0440\u043e\u0432\u043a\u0438 \u0434\u043b\u044f \u0430\u043a\u0442\u0438\u0432\u043d\u043e\u0433\u043e \u043e\u0442\u0434\u044b\u0445\u0430 \u0438 \u0442\u0443\u0440\u0438\u0437\u043c\u0430. \u0421 \u043c\u043e\u043c\u0435\u043d\u0442\u0430 \u043e\u0441\u043d\u043e\u0432\u0430\u043d\u0438\u044f \u043a\u043e\u043c\u043f\u0430\u043d\u0438\u044f \u0440\u0430\u0437\u0440\u0430\u0431\u0430\u0442\u044b\u0432\u0430\u043b\u0430 \u0441\u0432\u043e\u0438 \u0442\u043e\u0432\u0430\u0440\u044b \u0441 \u0443\u0447\u0435\u0442\u043e\u043c \u043f\u043e\u0441\u0442\u043e\u044f\u043d\u043d\u043e \u0440\u0430\u0441\u0442\u0443\u0449\u0438\u0445 \u043f\u043e\u0442\u0440\u0435\u0431\u043d\u043e\u0441\u0442\u0435\u0439 \u043a\u043b\u0438\u0435\u043d\u0442\u043e\u0432, \u043e\u0440\u0438\u0435\u043d\u0442\u0438\u0440\u043e\u0432\u0430\u043b\u0430\u0441\u044c \u043d\u0430 \u043d\u043e\u0432\u0435\u0439\u0448\u0438\u0435 \u0442\u0435\u0445\u043d\u043e\u043b\u043e\u0433\u0438\u0438 \u0432 \u043e\u0431\u043b\u0430\u0441\u0442\u0438\u00a0outdoor. \u0412\u0441\u044f \u043f\u0440\u043e\u0434\u0443\u043a\u0446\u0438\u044f \u0431\u0440\u0435\u043d\u0434\u0430 \u0437\u0430\u0432\u043e\u0435\u0432\u0430\u043b\u0430 \u0434\u043e\u0432\u0435\u0440\u0438\u0435 \u043f\u043e \u0432\u0441\u0435\u043c\u0443 \u043c\u0438\u0440\u0443. \u0422\u043e\u0432\u0430\u0440\u044b Outwell \u043c\u043e\u0436\u043d\u043e \u043e\u0445\u0430\u0440\u0430\u043a\u0442\u0435\u0440\u0438\u0437\u043e\u0432\u0430\u0442\u044c \u0441\u043b\u043e\u0432\u0430\u043c\u0438 \u0444\u0443\u043d\u043a\u0446\u0438\u043e\u043d\u0430\u043b\u044c\u043d\u043e\u0441\u0442\u044c, \u044d\u0440\u0433\u043e\u043d\u043e\u043c\u0438\u0447\u043d\u043e\u0441\u0442\u044c, \u0438\u0437\u043d\u043e\u0441\u043e\u0441\u0442\u043e\u0439\u043a\u043e\u0441\u0442\u044c, \u0434\u043e\u0441\u0442\u0443\u043f\u043d\u043e\u0441\u0442\u044c [&hellip;]<\/p>\n","protected":false},"featured_media":102154,"comment_status":"open","ping_status":"closed","template":"","meta":{"_acf_changed":false,"inline_featured_image":false},"product_brand":[1275],"product_cat":[208],"product_tag":[],"class_list":{"0":"post-93933","1":"product","2":"type-product","3":"status-publish","4":"has-post-thumbnail","6":"product_brand-outwell","7":"product_cat-accessories-kitchenware","9":"first","10":"instock","11":"shipping-taxable","12":"purchasable","13":"product-type-simple"},"acf":[],"yoast_head":"<!-- This site is optimized with the Yoast SEO plugin v27.4 - https:\/\/yoast.com\/product\/yoast-seo-wordpress\/ -->\n<title>\u0421\u0443\u043c\u043a\u0430-\u043e\u0440\u0433\u0430\u043d\u0430\u0439\u0437\u0435\u0440 Outwell Hornsea Kitchen Storage - \u041c\u0430\u0433\u0430\u0437\u0438\u043d Xstyle<\/title>\n<meta name=\"robots\" content=\"index, follow, max-snippet:-1, max-image-preview:large, max-video-preview:-1\" \/>\n<link rel=\"canonical\" href=\"https:\/\/xstyle.md\/ro\/produs\/sumka-organajzer-outwell-hornsea-kitchen-storage\/\" \/>\n<meta property=\"og:locale\" content=\"ro_RO\" \/>\n<meta property=\"og:type\" content=\"article\" \/>\n<meta property=\"og:title\" content=\"\u0421\u0443\u043c\u043a\u0430-\u043e\u0440\u0433\u0430\u043d\u0430\u0439\u0437\u0435\u0440 Outwell Hornsea Kitchen Storage - \u041c\u0430\u0433\u0430\u0437\u0438\u043d Xstyle\" \/>\n<meta property=\"og:description\" content=\"\u0411\u0440\u0435\u043d\u0434 \u0414\u0430\u0442\u0441\u043a\u0430\u044f \u043a\u043e\u043c\u043f\u0430\u043d\u0438\u044f Outwell\u00a0\u0431\u044b\u043b\u0430 \u043e\u0441\u043d\u043e\u0432\u0430\u043d\u0430 \u0432 1984 \u0433\u043e\u0434\u0443 \u0441 \u0446\u0435\u043b\u044c\u044e \u0441\u043e\u0437\u0434\u0430\u043d\u0438\u044f \u0441\u043d\u0430\u0440\u044f\u0436\u0435\u043d\u0438\u044f \u0438 \u044d\u043a\u0438\u043f\u0438\u0440\u043e\u0432\u043a\u0438 \u0434\u043b\u044f \u0430\u043a\u0442\u0438\u0432\u043d\u043e\u0433\u043e \u043e\u0442\u0434\u044b\u0445\u0430 \u0438 \u0442\u0443\u0440\u0438\u0437\u043c\u0430. \u0421 \u043c\u043e\u043c\u0435\u043d\u0442\u0430 \u043e\u0441\u043d\u043e\u0432\u0430\u043d\u0438\u044f \u043a\u043e\u043c\u043f\u0430\u043d\u0438\u044f \u0440\u0430\u0437\u0440\u0430\u0431\u0430\u0442\u044b\u0432\u0430\u043b\u0430 \u0441\u0432\u043e\u0438 \u0442\u043e\u0432\u0430\u0440\u044b \u0441 \u0443\u0447\u0435\u0442\u043e\u043c \u043f\u043e\u0441\u0442\u043e\u044f\u043d\u043d\u043e \u0440\u0430\u0441\u0442\u0443\u0449\u0438\u0445 \u043f\u043e\u0442\u0440\u0435\u0431\u043d\u043e\u0441\u0442\u0435\u0439 \u043a\u043b\u0438\u0435\u043d\u0442\u043e\u0432, \u043e\u0440\u0438\u0435\u043d\u0442\u0438\u0440\u043e\u0432\u0430\u043b\u0430\u0441\u044c \u043d\u0430 \u043d\u043e\u0432\u0435\u0439\u0448\u0438\u0435 \u0442\u0435\u0445\u043d\u043e\u043b\u043e\u0433\u0438\u0438 \u0432 \u043e\u0431\u043b\u0430\u0441\u0442\u0438\u00a0outdoor. \u0412\u0441\u044f \u043f\u0440\u043e\u0434\u0443\u043a\u0446\u0438\u044f \u0431\u0440\u0435\u043d\u0434\u0430 \u0437\u0430\u0432\u043e\u0435\u0432\u0430\u043b\u0430 \u0434\u043e\u0432\u0435\u0440\u0438\u0435 \u043f\u043e \u0432\u0441\u0435\u043c\u0443 \u043c\u0438\u0440\u0443. \u0422\u043e\u0432\u0430\u0440\u044b Outwell \u043c\u043e\u0436\u043d\u043e \u043e\u0445\u0430\u0440\u0430\u043a\u0442\u0435\u0440\u0438\u0437\u043e\u0432\u0430\u0442\u044c \u0441\u043b\u043e\u0432\u0430\u043c\u0438 \u0444\u0443\u043d\u043a\u0446\u0438\u043e\u043d\u0430\u043b\u044c\u043d\u043e\u0441\u0442\u044c, \u044d\u0440\u0433\u043e\u043d\u043e\u043c\u0438\u0447\u043d\u043e\u0441\u0442\u044c, \u0438\u0437\u043d\u043e\u0441\u043e\u0441\u0442\u043e\u0439\u043a\u043e\u0441\u0442\u044c, \u0434\u043e\u0441\u0442\u0443\u043f\u043d\u043e\u0441\u0442\u044c [&hellip;]\" \/>\n<meta property=\"og:url\" content=\"https:\/\/xstyle.md\/ro\/produs\/sumka-organajzer-outwell-hornsea-kitchen-storage\/\" \/>\n<meta property=\"og:site_name\" content=\"\u041c\u0430\u0433\u0430\u0437\u0438\u043d Xstyle\" \/>\n<meta property=\"article:publisher\" content=\"https:\/\/www.facebook.com\/xstylemd\" \/>\n<meta property=\"article:modified_time\" content=\"2026-02-25T08:59:24+00:00\" \/>\n<meta property=\"og:image\" content=\"https:\/\/xstyle.md\/wp-content\/uploads\/2025\/04\/outwell-hornsea-kitchen-storage-3.webp\" \/>\n\t<meta property=\"og:image:width\" content=\"1200\" \/>\n\t<meta property=\"og:image:height\" content=\"1200\" \/>\n\t<meta property=\"og:image:type\" content=\"image\/webp\" \/>\n<meta name=\"twitter:card\" content=\"summary_large_image\" \/>\n<meta name=\"twitter:label1\" content=\"Pre\u021b\" \/>\n\t<meta name=\"twitter:data1\" content=\"1.690&nbsp;MDL\" \/>\n\t<meta name=\"twitter:label2\" content=\"Disponibilitate\" \/>\n\t<meta name=\"twitter:data2\" content=\"\u00cen stoc\" \/>\n<script type=\"application\/ld+json\" class=\"yoast-schema-graph\">{\"@context\":\"https:\\\/\\\/schema.org\",\"@graph\":[{\"@type\":\"WebPage\",\"@id\":\"https:\\\/\\\/xstyle.md\\\/product\\\/sumka-organajzer-outwell-hornsea-kitchen-storage\\\/\",\"url\":\"https:\\\/\\\/xstyle.md\\\/product\\\/sumka-organajzer-outwell-hornsea-kitchen-storage\\\/\",\"name\":\"\u0421\u0443\u043c\u043a\u0430-\u043e\u0440\u0433\u0430\u043d\u0430\u0439\u0437\u0435\u0440 Outwell Hornsea Kitchen Storage - \u041c\u0430\u0433\u0430\u0437\u0438\u043d Xstyle\",\"isPartOf\":{\"@id\":\"https:\\\/\\\/xstyle.md\\\/#website\"},\"primaryImageOfPage\":{\"@id\":\"https:\\\/\\\/xstyle.md\\\/product\\\/sumka-organajzer-outwell-hornsea-kitchen-storage\\\/#primaryimage\"},\"image\":{\"@id\":\"https:\\\/\\\/xstyle.md\\\/product\\\/sumka-organajzer-outwell-hornsea-kitchen-storage\\\/#primaryimage\"},\"thumbnailUrl\":\"https:\\\/\\\/xstyle.md\\\/wp-content\\\/uploads\\\/2025\\\/04\\\/outwell-hornsea-kitchen-storage-3.webp\",\"datePublished\":\"2025-04-24T12:47:11+00:00\",\"dateModified\":\"2026-02-25T08:59:24+00:00\",\"breadcrumb\":{\"@id\":\"https:\\\/\\\/xstyle.md\\\/product\\\/sumka-organajzer-outwell-hornsea-kitchen-storage\\\/#breadcrumb\"},\"inLanguage\":\"ro-RO\",\"potentialAction\":[{\"@type\":\"ReadAction\",\"target\":[\"https:\\\/\\\/xstyle.md\\\/product\\\/sumka-organajzer-outwell-hornsea-kitchen-storage\\\/\"]}]},{\"@type\":\"ImageObject\",\"inLanguage\":\"ro-RO\",\"@id\":\"https:\\\/\\\/xstyle.md\\\/product\\\/sumka-organajzer-outwell-hornsea-kitchen-storage\\\/#primaryimage\",\"url\":\"https:\\\/\\\/xstyle.md\\\/wp-content\\\/uploads\\\/2025\\\/04\\\/outwell-hornsea-kitchen-storage-3.webp\",\"contentUrl\":\"https:\\\/\\\/xstyle.md\\\/wp-content\\\/uploads\\\/2025\\\/04\\\/outwell-hornsea-kitchen-storage-3.webp\",\"width\":1200,\"height\":1200,\"caption\":\"\u041c\u0438\u043d\u0438\u0430\u0442\u044e\u0440\u0430 \u0441\u0443\u043c\u043a\u0438-\u043e\u0440\u0433\u0430\u043d\u0430\u0439\u0437\u0435\u0440\u0430 Outwell Hornsea \u0434\u043b\u044f \u043a\u0443\u0445\u043d\u0438, \u0438\u0434\u0435\u0430\u043b\u044c\u043d\u043e \u043f\u043e\u0434\u0445\u043e\u0434\u0438\u0442 \u0434\u043b\u044f \u0430\u043a\u0442\u0438\u0432\u043d\u043e\u0433\u043e \u043e\u0442\u0434\u044b\u0445\u0430, \u043f\u0443\u0442\u0435\u0448\u0435\u0441\u0442\u0432\u0438\u0439 \u0438 \u0433\u043e\u0440\u043d\u044b\u0445 \u043f\u043e\u0445\u043e\u0434\u043e\u0432 \u043d\u0430 \u043e\u043d\u043b\u0430\u0439\u043d \u043c\u0430\u0433\u0430\u0437\u0438\u043d\u0435 \u044d\u043a\u0438\u043f\u0438\u0440\u043e\u0432\u043a\u0438 \u0434\u043b\u044f \u0430\u043a\u0442\u0438\u0432\u043d\u043e\u0439 \u0436\u0438\u0437\u043d\u0438, \u043e\u0434\u0435\u0436\u0434\u044b, \u043e\u0431\u0443\u0432\u0438 \u0438 \u0441\u043d\u0430\u0440\u044f\u0436\u0435\u043d\u0438\u044f \u0434\u043b\u044f \u0442\u0443\u0440\u0438\u0437\u043c\u0430\"},{\"@type\":\"BreadcrumbList\",\"@id\":\"https:\\\/\\\/xstyle.md\\\/product\\\/sumka-organajzer-outwell-hornsea-kitchen-storage\\\/#breadcrumb\",\"itemListElement\":[{\"@type\":\"ListItem\",\"position\":1,\"name\":\"\u0413\u043b\u0430\u0432\u043d\u0430\u044f \u0441\u0442\u0440\u0430\u043d\u0438\u0446\u0430\",\"item\":\"https:\\\/\\\/xstyle.md\\\/\"},{\"@type\":\"ListItem\",\"position\":2,\"name\":\"\u041c\u0430\u0433\u0430\u0437\u0438\u043d\",\"item\":\"https:\\\/\\\/xstyle.md\\\/shop\\\/\"},{\"@type\":\"ListItem\",\"position\":3,\"name\":\"\u0421\u0443\u043c\u043a\u0430-\u043e\u0440\u0433\u0430\u043d\u0430\u0439\u0437\u0435\u0440 Outwell Hornsea Kitchen Storage\"}]},{\"@type\":\"WebSite\",\"@id\":\"https:\\\/\\\/xstyle.md\\\/#website\",\"url\":\"https:\\\/\\\/xstyle.md\\\/\",\"name\":\"\u041c\u0430\u0433\u0430\u0437\u0438\u043d Xstyle\",\"description\":\"C\u043d\u0430\u0440\u044f\u0436\u0435\u043d\u0438\u0435 \u0434\u043b\u044f \u0442\u0443\u0440\u0438\u0437\u043c\u0430 \u0438 \u044d\u043a\u0441\u0442\u0440\u0435\u043c\u0430\u043b\u044c\u043d\u044b\u0445 \u0432\u0438\u0434\u043e\u0432 \u0441\u043f\u043e\u0440\u0442\u0430 \u0432 \u041c\u043e\u043b\u0434\u043e\u0432\u0435.. \u0426\u0435\u043d\u044b, \u0444\u043e\u0442\u043e, \u0445\u0430\u0440\u0430\u043a\u0442\u0435\u0440\u0438\u0441\u0442\u0438\u043a\u0438 \u0432 \u041c\u043e\u043b\u0434\u043e\u0432\u0435.\",\"publisher\":{\"@id\":\"https:\\\/\\\/xstyle.md\\\/#organization\"},\"alternateName\":\"X-Style\",\"potentialAction\":[{\"@type\":\"SearchAction\",\"target\":{\"@type\":\"EntryPoint\",\"urlTemplate\":\"https:\\\/\\\/xstyle.md\\\/?s={search_term_string}\"},\"query-input\":{\"@type\":\"PropertyValueSpecification\",\"valueRequired\":true,\"valueName\":\"search_term_string\"}}],\"inLanguage\":\"ro-RO\"},{\"@type\":\"Organization\",\"@id\":\"https:\\\/\\\/xstyle.md\\\/#organization\",\"name\":\"\u041c\u0430\u0433\u0430\u0437\u0438\u043d Xstyle\",\"alternateName\":\"x-style\",\"url\":\"https:\\\/\\\/xstyle.md\\\/\",\"logo\":{\"@type\":\"ImageObject\",\"inLanguage\":\"ro-RO\",\"@id\":\"https:\\\/\\\/xstyle.md\\\/#\\\/schema\\\/logo\\\/image\\\/\",\"url\":\"https:\\\/\\\/xstyle.md\\\/wp-content\\\/uploads\\\/2020\\\/06\\\/logoicon.svg\",\"contentUrl\":\"https:\\\/\\\/xstyle.md\\\/wp-content\\\/uploads\\\/2020\\\/06\\\/logoicon.svg\",\"caption\":\"\u041c\u0430\u0433\u0430\u0437\u0438\u043d Xstyle\"},\"image\":{\"@id\":\"https:\\\/\\\/xstyle.md\\\/#\\\/schema\\\/logo\\\/image\\\/\"},\"sameAs\":[\"https:\\\/\\\/www.facebook.com\\\/xstylemd\",\"https:\\\/\\\/www.instagram.com\\\/xstyle_md\\\/\",\"https:\\\/\\\/t.me\\\/xstyle_outdoor\"],\"hasMerchantReturnPolicy\":{\"@type\":\"MerchantReturnPolicy\",\"merchantReturnLink\":\"https:\\\/\\\/xstyle.md\\\/ro\\\/conditions\\\/\"}}]}<\/script>\n<meta property=\"product:price:amount\" content=\"1690.00\" \/>\n<meta property=\"product:price:currency\" content=\"MDL\" \/>\n<meta property=\"og:availability\" content=\"instock\" \/>\n<meta property=\"product:availability\" content=\"instock\" \/>\n<meta property=\"product:retailer_item_id\" content=\"5709388149046\" \/>\n<meta property=\"product:condition\" content=\"new\" \/>\n<!-- \/ Yoast SEO plugin. -->","yoast_head_json":{"title":"\u0421\u0443\u043c\u043a\u0430-\u043e\u0440\u0433\u0430\u043d\u0430\u0439\u0437\u0435\u0440 Outwell Hornsea Kitchen Storage - \u041c\u0430\u0433\u0430\u0437\u0438\u043d Xstyle","robots":{"index":"index","follow":"follow","max-snippet":"max-snippet:-1","max-image-preview":"max-image-preview:large","max-video-preview":"max-video-preview:-1"},"canonical":"https:\/\/xstyle.md\/ro\/produs\/sumka-organajzer-outwell-hornsea-kitchen-storage\/","og_locale":"ro_RO","og_type":"article","og_title":"\u0421\u0443\u043c\u043a\u0430-\u043e\u0440\u0433\u0430\u043d\u0430\u0439\u0437\u0435\u0440 Outwell Hornsea Kitchen Storage - \u041c\u0430\u0433\u0430\u0437\u0438\u043d Xstyle","og_description":"\u0411\u0440\u0435\u043d\u0434 \u0414\u0430\u0442\u0441\u043a\u0430\u044f \u043a\u043e\u043c\u043f\u0430\u043d\u0438\u044f Outwell\u00a0\u0431\u044b\u043b\u0430 \u043e\u0441\u043d\u043e\u0432\u0430\u043d\u0430 \u0432 1984 \u0433\u043e\u0434\u0443 \u0441 \u0446\u0435\u043b\u044c\u044e \u0441\u043e\u0437\u0434\u0430\u043d\u0438\u044f \u0441\u043d\u0430\u0440\u044f\u0436\u0435\u043d\u0438\u044f \u0438 \u044d\u043a\u0438\u043f\u0438\u0440\u043e\u0432\u043a\u0438 \u0434\u043b\u044f \u0430\u043a\u0442\u0438\u0432\u043d\u043e\u0433\u043e \u043e\u0442\u0434\u044b\u0445\u0430 \u0438 \u0442\u0443\u0440\u0438\u0437\u043c\u0430. \u0421 \u043c\u043e\u043c\u0435\u043d\u0442\u0430 \u043e\u0441\u043d\u043e\u0432\u0430\u043d\u0438\u044f \u043a\u043e\u043c\u043f\u0430\u043d\u0438\u044f \u0440\u0430\u0437\u0440\u0430\u0431\u0430\u0442\u044b\u0432\u0430\u043b\u0430 \u0441\u0432\u043e\u0438 \u0442\u043e\u0432\u0430\u0440\u044b \u0441 \u0443\u0447\u0435\u0442\u043e\u043c \u043f\u043e\u0441\u0442\u043e\u044f\u043d\u043d\u043e \u0440\u0430\u0441\u0442\u0443\u0449\u0438\u0445 \u043f\u043e\u0442\u0440\u0435\u0431\u043d\u043e\u0441\u0442\u0435\u0439 \u043a\u043b\u0438\u0435\u043d\u0442\u043e\u0432, \u043e\u0440\u0438\u0435\u043d\u0442\u0438\u0440\u043e\u0432\u0430\u043b\u0430\u0441\u044c \u043d\u0430 \u043d\u043e\u0432\u0435\u0439\u0448\u0438\u0435 \u0442\u0435\u0445\u043d\u043e\u043b\u043e\u0433\u0438\u0438 \u0432 \u043e\u0431\u043b\u0430\u0441\u0442\u0438\u00a0outdoor. \u0412\u0441\u044f \u043f\u0440\u043e\u0434\u0443\u043a\u0446\u0438\u044f \u0431\u0440\u0435\u043d\u0434\u0430 \u0437\u0430\u0432\u043e\u0435\u0432\u0430\u043b\u0430 \u0434\u043e\u0432\u0435\u0440\u0438\u0435 \u043f\u043e \u0432\u0441\u0435\u043c\u0443 \u043c\u0438\u0440\u0443. \u0422\u043e\u0432\u0430\u0440\u044b Outwell \u043c\u043e\u0436\u043d\u043e \u043e\u0445\u0430\u0440\u0430\u043a\u0442\u0435\u0440\u0438\u0437\u043e\u0432\u0430\u0442\u044c \u0441\u043b\u043e\u0432\u0430\u043c\u0438 \u0444\u0443\u043d\u043a\u0446\u0438\u043e\u043d\u0430\u043b\u044c\u043d\u043e\u0441\u0442\u044c, \u044d\u0440\u0433\u043e\u043d\u043e\u043c\u0438\u0447\u043d\u043e\u0441\u0442\u044c, \u0438\u0437\u043d\u043e\u0441\u043e\u0441\u0442\u043e\u0439\u043a\u043e\u0441\u0442\u044c, \u0434\u043e\u0441\u0442\u0443\u043f\u043d\u043e\u0441\u0442\u044c [&hellip;]","og_url":"https:\/\/xstyle.md\/ro\/produs\/sumka-organajzer-outwell-hornsea-kitchen-storage\/","og_site_name":"\u041c\u0430\u0433\u0430\u0437\u0438\u043d Xstyle","article_publisher":"https:\/\/www.facebook.com\/xstylemd","article_modified_time":"2026-02-25T08:59:24+00:00","og_image":[{"width":1200,"height":1200,"url":"https:\/\/xstyle.md\/wp-content\/uploads\/2025\/04\/outwell-hornsea-kitchen-storage-3.webp","type":"image\/webp"}],"twitter_card":"summary_large_image","twitter_misc":{"Pre\u021b":"1.690&nbsp;MDL","Disponibilitate":"\u00cen stoc"},"schema":{"@context":"https:\/\/schema.org","@graph":[{"@type":"WebPage","@id":"https:\/\/xstyle.md\/product\/sumka-organajzer-outwell-hornsea-kitchen-storage\/","url":"https:\/\/xstyle.md\/product\/sumka-organajzer-outwell-hornsea-kitchen-storage\/","name":"\u0421\u0443\u043c\u043a\u0430-\u043e\u0440\u0433\u0430\u043d\u0430\u0439\u0437\u0435\u0440 Outwell Hornsea Kitchen Storage - \u041c\u0430\u0433\u0430\u0437\u0438\u043d Xstyle","isPartOf":{"@id":"https:\/\/xstyle.md\/#website"},"primaryImageOfPage":{"@id":"https:\/\/xstyle.md\/product\/sumka-organajzer-outwell-hornsea-kitchen-storage\/#primaryimage"},"image":{"@id":"https:\/\/xstyle.md\/product\/sumka-organajzer-outwell-hornsea-kitchen-storage\/#primaryimage"},"thumbnailUrl":"https:\/\/xstyle.md\/wp-content\/uploads\/2025\/04\/outwell-hornsea-kitchen-storage-3.webp","datePublished":"2025-04-24T12:47:11+00:00","dateModified":"2026-02-25T08:59:24+00:00","breadcrumb":{"@id":"https:\/\/xstyle.md\/product\/sumka-organajzer-outwell-hornsea-kitchen-storage\/#breadcrumb"},"inLanguage":"ro-RO","potentialAction":[{"@type":"ReadAction","target":["https:\/\/xstyle.md\/product\/sumka-organajzer-outwell-hornsea-kitchen-storage\/"]}]},{"@type":"ImageObject","inLanguage":"ro-RO","@id":"https:\/\/xstyle.md\/product\/sumka-organajzer-outwell-hornsea-kitchen-storage\/#primaryimage","url":"https:\/\/xstyle.md\/wp-content\/uploads\/2025\/04\/outwell-hornsea-kitchen-storage-3.webp","contentUrl":"https:\/\/xstyle.md\/wp-content\/uploads\/2025\/04\/outwell-hornsea-kitchen-storage-3.webp","width":1200,"height":1200,"caption":"\u041c\u0438\u043d\u0438\u0430\u0442\u044e\u0440\u0430 \u0441\u0443\u043c\u043a\u0438-\u043e\u0440\u0433\u0430\u043d\u0430\u0439\u0437\u0435\u0440\u0430 Outwell Hornsea \u0434\u043b\u044f \u043a\u0443\u0445\u043d\u0438, \u0438\u0434\u0435\u0430\u043b\u044c\u043d\u043e \u043f\u043e\u0434\u0445\u043e\u0434\u0438\u0442 \u0434\u043b\u044f \u0430\u043a\u0442\u0438\u0432\u043d\u043e\u0433\u043e \u043e\u0442\u0434\u044b\u0445\u0430, \u043f\u0443\u0442\u0435\u0448\u0435\u0441\u0442\u0432\u0438\u0439 \u0438 \u0433\u043e\u0440\u043d\u044b\u0445 \u043f\u043e\u0445\u043e\u0434\u043e\u0432 \u043d\u0430 \u043e\u043d\u043b\u0430\u0439\u043d \u043c\u0430\u0433\u0430\u0437\u0438\u043d\u0435 \u044d\u043a\u0438\u043f\u0438\u0440\u043e\u0432\u043a\u0438 \u0434\u043b\u044f \u0430\u043a\u0442\u0438\u0432\u043d\u043e\u0439 \u0436\u0438\u0437\u043d\u0438, \u043e\u0434\u0435\u0436\u0434\u044b, \u043e\u0431\u0443\u0432\u0438 \u0438 \u0441\u043d\u0430\u0440\u044f\u0436\u0435\u043d\u0438\u044f \u0434\u043b\u044f \u0442\u0443\u0440\u0438\u0437\u043c\u0430"},{"@type":"BreadcrumbList","@id":"https:\/\/xstyle.md\/product\/sumka-organajzer-outwell-hornsea-kitchen-storage\/#breadcrumb","itemListElement":[{"@type":"ListItem","position":1,"name":"\u0413\u043b\u0430\u0432\u043d\u0430\u044f \u0441\u0442\u0440\u0430\u043d\u0438\u0446\u0430","item":"https:\/\/xstyle.md\/"},{"@type":"ListItem","position":2,"name":"\u041c\u0430\u0433\u0430\u0437\u0438\u043d","item":"https:\/\/xstyle.md\/shop\/"},{"@type":"ListItem","position":3,"name":"\u0421\u0443\u043c\u043a\u0430-\u043e\u0440\u0433\u0430\u043d\u0430\u0439\u0437\u0435\u0440 Outwell Hornsea Kitchen Storage"}]},{"@type":"WebSite","@id":"https:\/\/xstyle.md\/#website","url":"https:\/\/xstyle.md\/","name":"Magazinul X-Style","description":"Echipamente pentru turism \u0219i sporturi extreme \u00een Moldova. Pre\u021buri, fotografii, caracteristici \u00een Moldova.","publisher":{"@id":"https:\/\/xstyle.md\/#organization"},"alternateName":"X-Style","potentialAction":[{"@type":"SearchAction","target":{"@type":"EntryPoint","urlTemplate":"https:\/\/xstyle.md\/?s={search_term_string}"},"query-input":{"@type":"PropertyValueSpecification","valueRequired":true,"valueName":"search_term_string"}}],"inLanguage":"ro-RO"},{"@type":"Organization","@id":"https:\/\/xstyle.md\/#organization","name":"Magazinul X-Style","alternateName":"x-style","url":"https:\/\/xstyle.md\/","logo":{"@type":"ImageObject","inLanguage":"ro-RO","@id":"https:\/\/xstyle.md\/#\/schema\/logo\/image\/","url":"https:\/\/xstyle.md\/wp-content\/uploads\/2020\/06\/logoicon.svg","contentUrl":"https:\/\/xstyle.md\/wp-content\/uploads\/2020\/06\/logoicon.svg","caption":"\u041c\u0430\u0433\u0430\u0437\u0438\u043d Xstyle"},"image":{"@id":"https:\/\/xstyle.md\/#\/schema\/logo\/image\/"},"sameAs":["https:\/\/www.facebook.com\/xstylemd","https:\/\/www.instagram.com\/xstyle_md\/","https:\/\/t.me\/xstyle_outdoor"],"hasMerchantReturnPolicy":{"@type":"MerchantReturnPolicy","merchantReturnLink":"https:\/\/xstyle.md\/ro\/conditions\/"}}]},"product_price_amount":"1690.00","product_price_currency":"MDL","og_availability":"instock","product_availability":"instock","product_retailer_item_id":"5709388149046","product_condition":"new"},"post_mailing_queue_ids":[],"_links":{"self":[{"href":"https:\/\/xstyle.md\/ro\/wp-json\/wp\/v2\/product\/93933","targetHints":{"allow":["GET"]}}],"collection":[{"href":"https:\/\/xstyle.md\/ro\/wp-json\/wp\/v2\/product"}],"about":[{"href":"https:\/\/xstyle.md\/ro\/wp-json\/wp\/v2\/types\/product"}],"replies":[{"embeddable":true,"href":"https:\/\/xstyle.md\/ro\/wp-json\/wp\/v2\/comments?post=93933"}],"wp:featuredmedia":[{"embeddable":true,"href":"https:\/\/xstyle.md\/ro\/wp-json\/wp\/v2\/media\/102154"}],"wp:attachment":[{"href":"https:\/\/xstyle.md\/ro\/wp-json\/wp\/v2\/media?parent=93933"}],"wp:term":[{"taxonomy":"product_brand","embeddable":true,"href":"https:\/\/xstyle.md\/ro\/wp-json\/wp\/v2\/product_brand?post=93933"},{"taxonomy":"product_cat","embeddable":true,"href":"https:\/\/xstyle.md\/ro\/wp-json\/wp\/v2\/product_cat?post=93933"},{"taxonomy":"product_tag","embeddable":true,"href":"https:\/\/xstyle.md\/ro\/wp-json\/wp\/v2\/product_tag?post=93933"}],"curies":[{"name":"wp","href":"https:\/\/api.w.org\/{rel}","templated":true}]}}