{"id":93599,"date":"2025-04-07T15:39:04","date_gmt":"2025-04-07T12:39:04","guid":{"rendered":"https:\/\/xstyle.md\/?post_type=product&#038;p=93599"},"modified":"2026-03-31T14:07:57","modified_gmt":"2026-03-31T11:07:57","slug":"ledorub-black-diamond-ultralight-ice-screw-19-cm","status":"publish","type":"product","link":"https:\/\/xstyle.md\/ro\/produs\/ledorub-black-diamond-ultralight-ice-screw-19-cm\/","title":{"rendered":"Burghie de ghea\u021b\u0103 Black Diamond Ultralight Ice Screw 19 cm"},"content":{"rendered":"<\/p>\n<p><strong>Black Diamond Ultralight Ice Screw 19 cm<\/strong> &#8212; este cel mai u\u0219or \u0219urub de ghea\u021b\u0103 din lume, conceput special pentru schi-alpinism, travers\u0103ri de ghe\u021bari \u0219i ascensiuni rapide \u00een stilul \u201efast and light\u201d. Utilizarea unei combina\u021bii inovatoare \u00eentre corpul de aluminiu \u0219i v\u00e2rful de o\u021bel a permis reducerea radical\u0103 a greut\u0103\u021bii echipamentului, f\u0103r\u0103 a compromite siguran\u021ba \u0219i fiabilitatea instal\u0103rii \u00een ghea\u021b\u0103.<\/p>\n<h3>Particularit\u0103\u021bi<\/h3>\n<ul>\n<li>Greutate ultra-redus\u0103 &#8212; \u0441u 45% mai u\u0219or dec\u00e2t \u0219uruburile tradi\u021bionale din o\u021bel de la Black Diamond<\/li>\n<li>Urechea din aluminiu forjat este codificat\u0103 cromatic pentru identificarea rapid\u0103 a lungimii pe buclele echipamentului<\/li>\n<li>Urechea dispune de dou\u0103 orificii pentru carabinere, facilit\u00e2nd organizarea asigur\u0103rilor \u0219i a sta\u021biilor<\/li>\n<li>Profilul special al filetului asigur\u0103 o fixare sigur\u0103 \u00een ghea\u021b\u0103 \u0219i o \u00een\u0219urubare rapid\u0103<\/li>\n<\/ul>\n<h3>Caracteristici<\/h3>\n<ul>\n<li>Material corp &#8212; aluminiu<\/li>\n<li>Material v\u00e2rf &#8212; o\u021bel inoxidabil<\/li>\n<li>Lungime &#8212; 19 cm<\/li>\n<li>Greutate &#8212; 89 g<\/li>\n<li>Rezisten\u021b\u0103 &#8212; 10 kN<\/li>\n<li>Certificare &#8212; CE, EN 568<\/li>\n<\/ul>\n<h3>Tehnologii<\/h3>\n<ul>\n<li><strong>Aluminum Body \/ Steel Tip<\/strong> &#8212; corpul \u0219urubului este fabricat din aluminiu u\u0219or, \u00een timp ce din\u021bii t\u0103ietori sunt din o\u021bel inoxidabil durabil, asigur\u00e2nd o p\u0103trundere u\u0219oar\u0103 \u00een ghea\u021ba dur\u0103<\/li>\n<li>M\u00e2ner <strong>Wiregate Express<\/strong> &#8212; m\u00e2ner pliabil inovator cu clapet\u0103 de s\u00e2rm\u0103 (Wiregate), care permite \u00een\u0219urubarea rapid\u0103 \u0219i lin\u0103 cu o singur\u0103 m\u00e2n\u0103.<\/li>\n<\/ul>\n<p><\/p>\n<p>Marca<\/p>\n<p>Black Diamond \u2014 este un produc\u0103tor american de echipamente sportive \u0219i outdoor de \u00eenalt\u0103 tehnologie, un dezvoltator legendar \u0219i \u201erevolu\u021bionar\u201d, unul dintre cele mai cunoscute m\u0103rci care exist\u0103 ast\u0103zi pe pia\u021ba global\u0103 de outdoor. Produsele companiei sunt larg reprezentate \u00een domenii precum alpinism \u0219i schi. \u00abFier\u00bb \u0219i carabine, echipamente pentru ghea\u021b\u0103, sisteme de siguran\u021b\u0103, c\u0103\u0219ti, rucsacuri, corturi, felinare, st\u00e2lpi telescopici, schiuri, bocanci, \u00eembr\u0103c\u0103minte \u2014 toate acestea au fost produse pentru multe decenii sub sigla Black Diamond, care \u00eentruchipeaz\u0103 tehnologia avansat\u0103 \u0219i este un garant de cea mai \u00eenalt\u0103 calitate, fiabilitate maxim\u0103 \u0219i confort \u00een utilizare.<\/p>","protected":false},"excerpt":{"rendered":"<p>\u0411\u0440\u0435\u043d\u0434 Black Diamond \u2013 \u0430\u043c\u0435\u0440\u0438\u043a\u0430\u043d\u0441\u043a\u0438\u0439 \u043f\u0440\u043e\u0438\u0437\u0432\u043e\u0434\u0438\u0442\u0435\u043b\u044c \u0432\u044b\u0441\u043e\u043a\u043e\u0442\u0435\u0445\u043d\u043e\u043b\u043e\u0433\u0438\u0447\u043d\u043e\u0433\u043e \u0441\u043f\u043e\u0440\u0442\u0438\u0432\u043d\u043e-\u0442\u0443\u0440\u0438\u0441\u0442\u0438\u0447\u0435\u0441\u043a\u043e\u0433\u043e \u0441\u043d\u0430\u0440\u044f\u0436\u0435\u043d\u0438\u044f, \u043b\u0435\u0433\u0435\u043d\u0434\u0430\u0440\u043d\u044b\u0439 \u0440\u0430\u0437\u0440\u0430\u0431\u043e\u0442\u0447\u0438\u043a \u0438 \u00ab\u0440\u0435\u0432\u043e\u043b\u044e\u0446\u0438\u043e\u043d\u0435\u0440\u00bb, \u043e\u0434\u0438\u043d \u0438\u0437 \u0441\u0430\u043c\u044b\u0445 \u0438\u0437\u0432\u0435\u0441\u0442\u043d\u044b\u0445 \u0438 \u0430\u0432\u0442\u043e\u0440\u0438\u0442\u0435\u0442\u043d\u044b\u0445 \u0431\u0440\u0435\u043d\u0434\u043e\u0432, \u0441\u0443\u0449\u0435\u0441\u0442\u0432\u0443\u044e\u0449\u0438\u0445 \u0441\u0435\u0433\u043e\u0434\u043d\u044f \u043d\u0430 \u043c\u0438\u0440\u043e\u0432\u043e\u043c outdoor-\u0440\u044b\u043d\u043a\u0435. \u041f\u0440\u043e\u0434\u0443\u043a\u0446\u0438\u0435\u0439 \u043a\u043e\u043c\u043f\u0430\u043d\u0438\u0438 \u0448\u0438\u0440\u043e\u043a\u043e \u043f\u0440\u0435\u0434\u0441\u0442\u0430\u0432\u043b\u0435\u043d\u044b \u0442\u0430\u043a\u0438\u0435 \u043d\u0430\u043f\u0440\u0430\u0432\u043b\u0435\u043d\u0438\u044f, \u043a\u0430\u043a \u0430\u043b\u044c\u043f\u0438\u043d\u0438\u0437\u043c, \u0441\u043a\u0430\u043b\u043e\u043b\u0430\u0437\u0430\u043d\u0438\u0435 \u0438 \u0433\u043e\u0440\u043d\u043e\u043b\u044b\u0436\u043d\u044b\u0439 \u0441\u043f\u043e\u0440\u0442.\u00ab\u0416\u0435\u043b\u0435\u0437\u043e\u00bb \u0438 \u043a\u0430\u0440\u0430\u0431\u0438\u043d\u044b, \u043b\u0435\u0434\u043e\u0432\u043e\u0435 \u0441\u043d\u0430\u0440\u044f\u0436\u0435\u043d\u0438\u0435, \u0441\u0442\u0440\u0430\u0445\u043e\u0432\u043e\u0447\u043d\u044b\u0435 \u0441\u0438\u0441\u0442\u0435\u043c\u044b, \u043a\u0430\u0441\u043a\u0438, \u0440\u044e\u043a\u0437\u0430\u043a\u0438, \u043f\u0430\u043b\u0430\u0442\u043a\u0438, \u0444\u043e\u043d\u0430\u0440\u0438, \u0442\u0435\u043b\u0435\u0441\u043a\u043e\u043f\u0438\u0447\u0435\u0441\u043a\u0438\u0435 \u043f\u0430\u043b\u043a\u0438, \u043b\u044b\u0436\u0438, \u0431\u043e\u0442\u0438\u043d\u043a\u0438, \u043e\u0434\u0435\u0436\u0434\u0430 \u2013 \u0432\u0441\u0435 \u044d\u0442\u043e [&hellip;]<\/p>\n","protected":false},"featured_media":104504,"comment_status":"open","ping_status":"closed","template":"","meta":{"_acf_changed":false,"inline_featured_image":false},"product_brand":[1306],"product_cat":[1109],"product_tag":[],"class_list":{"0":"post-93599","1":"product","2":"type-product","3":"status-publish","4":"has-post-thumbnail","6":"product_brand-black-diamond","7":"product_cat-ice-drills","9":"first","10":"instock","11":"shipping-taxable","12":"purchasable","13":"product-type-simple"},"acf":[],"yoast_head":"<!-- This site is optimized with the Yoast SEO plugin v27.4 - https:\/\/yoast.com\/product\/yoast-seo-wordpress\/ -->\n<title>\u041b\u0435\u0434\u043e\u0440\u0443\u0431 Black Diamond Ultralight Ice Screw 19 cm - \u041c\u0430\u0433\u0430\u0437\u0438\u043d Xstyle<\/title>\n<meta name=\"robots\" content=\"index, follow, max-snippet:-1, max-image-preview:large, max-video-preview:-1\" \/>\n<link rel=\"canonical\" href=\"https:\/\/xstyle.md\/ro\/produs\/ledorub-black-diamond-ultralight-ice-screw-19-cm\/\" \/>\n<meta property=\"og:locale\" content=\"ro_RO\" \/>\n<meta property=\"og:type\" content=\"article\" \/>\n<meta property=\"og:title\" content=\"\u041b\u0435\u0434\u043e\u0440\u0443\u0431 Black Diamond Ultralight Ice Screw 19 cm - \u041c\u0430\u0433\u0430\u0437\u0438\u043d Xstyle\" \/>\n<meta property=\"og:description\" content=\"\u0411\u0440\u0435\u043d\u0434 Black Diamond \u2013 \u0430\u043c\u0435\u0440\u0438\u043a\u0430\u043d\u0441\u043a\u0438\u0439 \u043f\u0440\u043e\u0438\u0437\u0432\u043e\u0434\u0438\u0442\u0435\u043b\u044c \u0432\u044b\u0441\u043e\u043a\u043e\u0442\u0435\u0445\u043d\u043e\u043b\u043e\u0433\u0438\u0447\u043d\u043e\u0433\u043e \u0441\u043f\u043e\u0440\u0442\u0438\u0432\u043d\u043e-\u0442\u0443\u0440\u0438\u0441\u0442\u0438\u0447\u0435\u0441\u043a\u043e\u0433\u043e \u0441\u043d\u0430\u0440\u044f\u0436\u0435\u043d\u0438\u044f, \u043b\u0435\u0433\u0435\u043d\u0434\u0430\u0440\u043d\u044b\u0439 \u0440\u0430\u0437\u0440\u0430\u0431\u043e\u0442\u0447\u0438\u043a \u0438 \u00ab\u0440\u0435\u0432\u043e\u043b\u044e\u0446\u0438\u043e\u043d\u0435\u0440\u00bb, \u043e\u0434\u0438\u043d \u0438\u0437 \u0441\u0430\u043c\u044b\u0445 \u0438\u0437\u0432\u0435\u0441\u0442\u043d\u044b\u0445 \u0438 \u0430\u0432\u0442\u043e\u0440\u0438\u0442\u0435\u0442\u043d\u044b\u0445 \u0431\u0440\u0435\u043d\u0434\u043e\u0432, \u0441\u0443\u0449\u0435\u0441\u0442\u0432\u0443\u044e\u0449\u0438\u0445 \u0441\u0435\u0433\u043e\u0434\u043d\u044f \u043d\u0430 \u043c\u0438\u0440\u043e\u0432\u043e\u043c outdoor-\u0440\u044b\u043d\u043a\u0435. \u041f\u0440\u043e\u0434\u0443\u043a\u0446\u0438\u0435\u0439 \u043a\u043e\u043c\u043f\u0430\u043d\u0438\u0438 \u0448\u0438\u0440\u043e\u043a\u043e \u043f\u0440\u0435\u0434\u0441\u0442\u0430\u0432\u043b\u0435\u043d\u044b \u0442\u0430\u043a\u0438\u0435 \u043d\u0430\u043f\u0440\u0430\u0432\u043b\u0435\u043d\u0438\u044f, \u043a\u0430\u043a \u0430\u043b\u044c\u043f\u0438\u043d\u0438\u0437\u043c, \u0441\u043a\u0430\u043b\u043e\u043b\u0430\u0437\u0430\u043d\u0438\u0435 \u0438 \u0433\u043e\u0440\u043d\u043e\u043b\u044b\u0436\u043d\u044b\u0439 \u0441\u043f\u043e\u0440\u0442.\u00ab\u0416\u0435\u043b\u0435\u0437\u043e\u00bb \u0438 \u043a\u0430\u0440\u0430\u0431\u0438\u043d\u044b, \u043b\u0435\u0434\u043e\u0432\u043e\u0435 \u0441\u043d\u0430\u0440\u044f\u0436\u0435\u043d\u0438\u0435, \u0441\u0442\u0440\u0430\u0445\u043e\u0432\u043e\u0447\u043d\u044b\u0435 \u0441\u0438\u0441\u0442\u0435\u043c\u044b, \u043a\u0430\u0441\u043a\u0438, \u0440\u044e\u043a\u0437\u0430\u043a\u0438, \u043f\u0430\u043b\u0430\u0442\u043a\u0438, \u0444\u043e\u043d\u0430\u0440\u0438, \u0442\u0435\u043b\u0435\u0441\u043a\u043e\u043f\u0438\u0447\u0435\u0441\u043a\u0438\u0435 \u043f\u0430\u043b\u043a\u0438, \u043b\u044b\u0436\u0438, \u0431\u043e\u0442\u0438\u043d\u043a\u0438, \u043e\u0434\u0435\u0436\u0434\u0430 \u2013 \u0432\u0441\u0435 \u044d\u0442\u043e [&hellip;]\" \/>\n<meta property=\"og:url\" content=\"https:\/\/xstyle.md\/ro\/produs\/ledorub-black-diamond-ultralight-ice-screw-19-cm\/\" \/>\n<meta property=\"og:site_name\" content=\"\u041c\u0430\u0433\u0430\u0437\u0438\u043d Xstyle\" \/>\n<meta property=\"article:publisher\" content=\"https:\/\/www.facebook.com\/xstylemd\" \/>\n<meta property=\"article:modified_time\" content=\"2026-03-31T11:07:57+00:00\" \/>\n<meta property=\"og:image\" content=\"https:\/\/xstyle.md\/wp-content\/uploads\/2025\/04\/black-diamond-ultralight-ice-screw-19-cm.webp\" \/>\n\t<meta property=\"og:image:width\" content=\"1200\" \/>\n\t<meta property=\"og:image:height\" content=\"1200\" \/>\n\t<meta property=\"og:image:type\" content=\"image\/webp\" \/>\n<meta name=\"twitter:card\" content=\"summary_large_image\" \/>\n<meta name=\"twitter:label1\" content=\"Pre\u021b\" \/>\n\t<meta name=\"twitter:data1\" content=\"1.990&nbsp;MDL\" \/>\n\t<meta name=\"twitter:label2\" content=\"Disponibilitate\" \/>\n\t<meta name=\"twitter:data2\" content=\"\u00cen stoc\" \/>\n<script type=\"application\/ld+json\" class=\"yoast-schema-graph\">{\"@context\":\"https:\\\/\\\/schema.org\",\"@graph\":[{\"@type\":\"WebPage\",\"@id\":\"https:\\\/\\\/xstyle.md\\\/product\\\/ledorub-black-diamond-ultralight-ice-screw-19-cm\\\/\",\"url\":\"https:\\\/\\\/xstyle.md\\\/product\\\/ledorub-black-diamond-ultralight-ice-screw-19-cm\\\/\",\"name\":\"\u041b\u0435\u0434\u043e\u0440\u0443\u0431 Black Diamond Ultralight Ice Screw 19 cm - \u041c\u0430\u0433\u0430\u0437\u0438\u043d Xstyle\",\"isPartOf\":{\"@id\":\"https:\\\/\\\/xstyle.md\\\/#website\"},\"primaryImageOfPage\":{\"@id\":\"https:\\\/\\\/xstyle.md\\\/product\\\/ledorub-black-diamond-ultralight-ice-screw-19-cm\\\/#primaryimage\"},\"image\":{\"@id\":\"https:\\\/\\\/xstyle.md\\\/product\\\/ledorub-black-diamond-ultralight-ice-screw-19-cm\\\/#primaryimage\"},\"thumbnailUrl\":\"https:\\\/\\\/xstyle.md\\\/wp-content\\\/uploads\\\/2025\\\/04\\\/black-diamond-ultralight-ice-screw-19-cm.webp\",\"datePublished\":\"2025-04-07T12:39:04+00:00\",\"dateModified\":\"2026-03-31T11:07:57+00:00\",\"breadcrumb\":{\"@id\":\"https:\\\/\\\/xstyle.md\\\/product\\\/ledorub-black-diamond-ultralight-ice-screw-19-cm\\\/#breadcrumb\"},\"inLanguage\":\"ro-RO\",\"potentialAction\":[{\"@type\":\"ReadAction\",\"target\":[\"https:\\\/\\\/xstyle.md\\\/product\\\/ledorub-black-diamond-ultralight-ice-screw-19-cm\\\/\"]}]},{\"@type\":\"ImageObject\",\"inLanguage\":\"ro-RO\",\"@id\":\"https:\\\/\\\/xstyle.md\\\/product\\\/ledorub-black-diamond-ultralight-ice-screw-19-cm\\\/#primaryimage\",\"url\":\"https:\\\/\\\/xstyle.md\\\/wp-content\\\/uploads\\\/2025\\\/04\\\/black-diamond-ultralight-ice-screw-19-cm.webp\",\"contentUrl\":\"https:\\\/\\\/xstyle.md\\\/wp-content\\\/uploads\\\/2025\\\/04\\\/black-diamond-ultralight-ice-screw-19-cm.webp\",\"width\":1200,\"height\":1200,\"caption\":\"\u041b\u0435\u0434\u043e\u0440\u0443\u0431 Black Diamond Ultralight Ice Screw 19 \u0441\u043c \u0434\u043b\u044f \u0430\u043a\u0442\u0438\u0432\u043d\u043e\u0433\u043e \u0442\u0443\u0440\u0438\u0437\u043c\u0430 \u0432\u043e\u0441\u0445\u043e\u0436\u0434\u0435\u043d\u0438\u044f \u0430\u043b\u044c\u043f\u0438\u043d\u0438\u0437\u043c\u0430 \u0438 \u0441\u043f\u043e\u0440\u0442\u0438\u0432\u043d\u043e\u0439 \u043e\u0434\u0435\u0436\u0434\u044b \u0438 \u043e\u0431\u0443\u0432\u0438 \u0434\u043b\u044f \u043f\u0443\u0442\u0435\u0448\u0435\u0441\u0442\u0432\u0438\u0439 \u0438 \u0445\u0430\u0439\u043a\u0438\u043d\u0433\u0430 \u043d\u0430 \u043e\u043d\u043b\u0430\u0439\u043d \u043c\u0430\u0433\u0430\u0437\u0438\u043d\u0435\"},{\"@type\":\"BreadcrumbList\",\"@id\":\"https:\\\/\\\/xstyle.md\\\/product\\\/ledorub-black-diamond-ultralight-ice-screw-19-cm\\\/#breadcrumb\",\"itemListElement\":[{\"@type\":\"ListItem\",\"position\":1,\"name\":\"\u0413\u043b\u0430\u0432\u043d\u0430\u044f \u0441\u0442\u0440\u0430\u043d\u0438\u0446\u0430\",\"item\":\"https:\\\/\\\/xstyle.md\\\/\"},{\"@type\":\"ListItem\",\"position\":2,\"name\":\"\u041c\u0430\u0433\u0430\u0437\u0438\u043d\",\"item\":\"https:\\\/\\\/xstyle.md\\\/shop\\\/\"},{\"@type\":\"ListItem\",\"position\":3,\"name\":\"\u041b\u0435\u0434\u043e\u0440\u0443\u0431 Black Diamond Ultralight Ice Screw 19 cm\"}]},{\"@type\":\"WebSite\",\"@id\":\"https:\\\/\\\/xstyle.md\\\/#website\",\"url\":\"https:\\\/\\\/xstyle.md\\\/\",\"name\":\"\u041c\u0430\u0433\u0430\u0437\u0438\u043d Xstyle\",\"description\":\"C\u043d\u0430\u0440\u044f\u0436\u0435\u043d\u0438\u0435 \u0434\u043b\u044f \u0442\u0443\u0440\u0438\u0437\u043c\u0430 \u0438 \u044d\u043a\u0441\u0442\u0440\u0435\u043c\u0430\u043b\u044c\u043d\u044b\u0445 \u0432\u0438\u0434\u043e\u0432 \u0441\u043f\u043e\u0440\u0442\u0430 \u0432 \u041c\u043e\u043b\u0434\u043e\u0432\u0435.. \u0426\u0435\u043d\u044b, \u0444\u043e\u0442\u043e, \u0445\u0430\u0440\u0430\u043a\u0442\u0435\u0440\u0438\u0441\u0442\u0438\u043a\u0438 \u0432 \u041c\u043e\u043b\u0434\u043e\u0432\u0435.\",\"publisher\":{\"@id\":\"https:\\\/\\\/xstyle.md\\\/#organization\"},\"alternateName\":\"X-Style\",\"potentialAction\":[{\"@type\":\"SearchAction\",\"target\":{\"@type\":\"EntryPoint\",\"urlTemplate\":\"https:\\\/\\\/xstyle.md\\\/?s={search_term_string}\"},\"query-input\":{\"@type\":\"PropertyValueSpecification\",\"valueRequired\":true,\"valueName\":\"search_term_string\"}}],\"inLanguage\":\"ro-RO\"},{\"@type\":\"Organization\",\"@id\":\"https:\\\/\\\/xstyle.md\\\/#organization\",\"name\":\"\u041c\u0430\u0433\u0430\u0437\u0438\u043d Xstyle\",\"alternateName\":\"x-style\",\"url\":\"https:\\\/\\\/xstyle.md\\\/\",\"logo\":{\"@type\":\"ImageObject\",\"inLanguage\":\"ro-RO\",\"@id\":\"https:\\\/\\\/xstyle.md\\\/#\\\/schema\\\/logo\\\/image\\\/\",\"url\":\"https:\\\/\\\/xstyle.md\\\/wp-content\\\/uploads\\\/2020\\\/06\\\/logoicon.svg\",\"contentUrl\":\"https:\\\/\\\/xstyle.md\\\/wp-content\\\/uploads\\\/2020\\\/06\\\/logoicon.svg\",\"caption\":\"\u041c\u0430\u0433\u0430\u0437\u0438\u043d Xstyle\"},\"image\":{\"@id\":\"https:\\\/\\\/xstyle.md\\\/#\\\/schema\\\/logo\\\/image\\\/\"},\"sameAs\":[\"https:\\\/\\\/www.facebook.com\\\/xstylemd\",\"https:\\\/\\\/www.instagram.com\\\/xstyle_md\\\/\",\"https:\\\/\\\/t.me\\\/xstyle_outdoor\"],\"hasMerchantReturnPolicy\":{\"@type\":\"MerchantReturnPolicy\",\"merchantReturnLink\":\"https:\\\/\\\/xstyle.md\\\/ro\\\/conditions\\\/\"}}]}<\/script>\n<meta property=\"product:price:amount\" content=\"1990.00\" \/>\n<meta property=\"product:price:currency\" content=\"MDL\" \/>\n<meta property=\"og:availability\" content=\"instock\" \/>\n<meta property=\"product:availability\" content=\"instock\" \/>\n<meta property=\"product:retailer_item_id\" content=\"793661367079\" \/>\n<meta property=\"product:condition\" content=\"new\" \/>\n<!-- \/ Yoast SEO plugin. -->","yoast_head_json":{"title":"\u041b\u0435\u0434\u043e\u0440\u0443\u0431 Black Diamond Ultralight Ice Screw 19 cm - \u041c\u0430\u0433\u0430\u0437\u0438\u043d Xstyle","robots":{"index":"index","follow":"follow","max-snippet":"max-snippet:-1","max-image-preview":"max-image-preview:large","max-video-preview":"max-video-preview:-1"},"canonical":"https:\/\/xstyle.md\/ro\/produs\/ledorub-black-diamond-ultralight-ice-screw-19-cm\/","og_locale":"ro_RO","og_type":"article","og_title":"\u041b\u0435\u0434\u043e\u0440\u0443\u0431 Black Diamond Ultralight Ice Screw 19 cm - \u041c\u0430\u0433\u0430\u0437\u0438\u043d Xstyle","og_description":"\u0411\u0440\u0435\u043d\u0434 Black Diamond \u2013 \u0430\u043c\u0435\u0440\u0438\u043a\u0430\u043d\u0441\u043a\u0438\u0439 \u043f\u0440\u043e\u0438\u0437\u0432\u043e\u0434\u0438\u0442\u0435\u043b\u044c \u0432\u044b\u0441\u043e\u043a\u043e\u0442\u0435\u0445\u043d\u043e\u043b\u043e\u0433\u0438\u0447\u043d\u043e\u0433\u043e \u0441\u043f\u043e\u0440\u0442\u0438\u0432\u043d\u043e-\u0442\u0443\u0440\u0438\u0441\u0442\u0438\u0447\u0435\u0441\u043a\u043e\u0433\u043e \u0441\u043d\u0430\u0440\u044f\u0436\u0435\u043d\u0438\u044f, \u043b\u0435\u0433\u0435\u043d\u0434\u0430\u0440\u043d\u044b\u0439 \u0440\u0430\u0437\u0440\u0430\u0431\u043e\u0442\u0447\u0438\u043a \u0438 \u00ab\u0440\u0435\u0432\u043e\u043b\u044e\u0446\u0438\u043e\u043d\u0435\u0440\u00bb, \u043e\u0434\u0438\u043d \u0438\u0437 \u0441\u0430\u043c\u044b\u0445 \u0438\u0437\u0432\u0435\u0441\u0442\u043d\u044b\u0445 \u0438 \u0430\u0432\u0442\u043e\u0440\u0438\u0442\u0435\u0442\u043d\u044b\u0445 \u0431\u0440\u0435\u043d\u0434\u043e\u0432, \u0441\u0443\u0449\u0435\u0441\u0442\u0432\u0443\u044e\u0449\u0438\u0445 \u0441\u0435\u0433\u043e\u0434\u043d\u044f \u043d\u0430 \u043c\u0438\u0440\u043e\u0432\u043e\u043c outdoor-\u0440\u044b\u043d\u043a\u0435. \u041f\u0440\u043e\u0434\u0443\u043a\u0446\u0438\u0435\u0439 \u043a\u043e\u043c\u043f\u0430\u043d\u0438\u0438 \u0448\u0438\u0440\u043e\u043a\u043e \u043f\u0440\u0435\u0434\u0441\u0442\u0430\u0432\u043b\u0435\u043d\u044b \u0442\u0430\u043a\u0438\u0435 \u043d\u0430\u043f\u0440\u0430\u0432\u043b\u0435\u043d\u0438\u044f, \u043a\u0430\u043a \u0430\u043b\u044c\u043f\u0438\u043d\u0438\u0437\u043c, \u0441\u043a\u0430\u043b\u043e\u043b\u0430\u0437\u0430\u043d\u0438\u0435 \u0438 \u0433\u043e\u0440\u043d\u043e\u043b\u044b\u0436\u043d\u044b\u0439 \u0441\u043f\u043e\u0440\u0442.\u00ab\u0416\u0435\u043b\u0435\u0437\u043e\u00bb \u0438 \u043a\u0430\u0440\u0430\u0431\u0438\u043d\u044b, \u043b\u0435\u0434\u043e\u0432\u043e\u0435 \u0441\u043d\u0430\u0440\u044f\u0436\u0435\u043d\u0438\u0435, \u0441\u0442\u0440\u0430\u0445\u043e\u0432\u043e\u0447\u043d\u044b\u0435 \u0441\u0438\u0441\u0442\u0435\u043c\u044b, \u043a\u0430\u0441\u043a\u0438, \u0440\u044e\u043a\u0437\u0430\u043a\u0438, \u043f\u0430\u043b\u0430\u0442\u043a\u0438, \u0444\u043e\u043d\u0430\u0440\u0438, \u0442\u0435\u043b\u0435\u0441\u043a\u043e\u043f\u0438\u0447\u0435\u0441\u043a\u0438\u0435 \u043f\u0430\u043b\u043a\u0438, \u043b\u044b\u0436\u0438, \u0431\u043e\u0442\u0438\u043d\u043a\u0438, \u043e\u0434\u0435\u0436\u0434\u0430 \u2013 \u0432\u0441\u0435 \u044d\u0442\u043e [&hellip;]","og_url":"https:\/\/xstyle.md\/ro\/produs\/ledorub-black-diamond-ultralight-ice-screw-19-cm\/","og_site_name":"\u041c\u0430\u0433\u0430\u0437\u0438\u043d Xstyle","article_publisher":"https:\/\/www.facebook.com\/xstylemd","article_modified_time":"2026-03-31T11:07:57+00:00","og_image":[{"width":1200,"height":1200,"url":"https:\/\/xstyle.md\/wp-content\/uploads\/2025\/04\/black-diamond-ultralight-ice-screw-19-cm.webp","type":"image\/webp"}],"twitter_card":"summary_large_image","twitter_misc":{"Pre\u021b":"1.990&nbsp;MDL","Disponibilitate":"\u00cen stoc"},"schema":{"@context":"https:\/\/schema.org","@graph":[{"@type":"WebPage","@id":"https:\/\/xstyle.md\/product\/ledorub-black-diamond-ultralight-ice-screw-19-cm\/","url":"https:\/\/xstyle.md\/product\/ledorub-black-diamond-ultralight-ice-screw-19-cm\/","name":"\u041b\u0435\u0434\u043e\u0440\u0443\u0431 Black Diamond Ultralight Ice Screw 19 cm - \u041c\u0430\u0433\u0430\u0437\u0438\u043d Xstyle","isPartOf":{"@id":"https:\/\/xstyle.md\/#website"},"primaryImageOfPage":{"@id":"https:\/\/xstyle.md\/product\/ledorub-black-diamond-ultralight-ice-screw-19-cm\/#primaryimage"},"image":{"@id":"https:\/\/xstyle.md\/product\/ledorub-black-diamond-ultralight-ice-screw-19-cm\/#primaryimage"},"thumbnailUrl":"https:\/\/xstyle.md\/wp-content\/uploads\/2025\/04\/black-diamond-ultralight-ice-screw-19-cm.webp","datePublished":"2025-04-07T12:39:04+00:00","dateModified":"2026-03-31T11:07:57+00:00","breadcrumb":{"@id":"https:\/\/xstyle.md\/product\/ledorub-black-diamond-ultralight-ice-screw-19-cm\/#breadcrumb"},"inLanguage":"ro-RO","potentialAction":[{"@type":"ReadAction","target":["https:\/\/xstyle.md\/product\/ledorub-black-diamond-ultralight-ice-screw-19-cm\/"]}]},{"@type":"ImageObject","inLanguage":"ro-RO","@id":"https:\/\/xstyle.md\/product\/ledorub-black-diamond-ultralight-ice-screw-19-cm\/#primaryimage","url":"https:\/\/xstyle.md\/wp-content\/uploads\/2025\/04\/black-diamond-ultralight-ice-screw-19-cm.webp","contentUrl":"https:\/\/xstyle.md\/wp-content\/uploads\/2025\/04\/black-diamond-ultralight-ice-screw-19-cm.webp","width":1200,"height":1200,"caption":"\u041b\u0435\u0434\u043e\u0440\u0443\u0431 Black Diamond Ultralight Ice Screw 19 \u0441\u043c \u0434\u043b\u044f \u0430\u043a\u0442\u0438\u0432\u043d\u043e\u0433\u043e \u0442\u0443\u0440\u0438\u0437\u043c\u0430 \u0432\u043e\u0441\u0445\u043e\u0436\u0434\u0435\u043d\u0438\u044f \u0430\u043b\u044c\u043f\u0438\u043d\u0438\u0437\u043c\u0430 \u0438 \u0441\u043f\u043e\u0440\u0442\u0438\u0432\u043d\u043e\u0439 \u043e\u0434\u0435\u0436\u0434\u044b \u0438 \u043e\u0431\u0443\u0432\u0438 \u0434\u043b\u044f \u043f\u0443\u0442\u0435\u0448\u0435\u0441\u0442\u0432\u0438\u0439 \u0438 \u0445\u0430\u0439\u043a\u0438\u043d\u0433\u0430 \u043d\u0430 \u043e\u043d\u043b\u0430\u0439\u043d \u043c\u0430\u0433\u0430\u0437\u0438\u043d\u0435"},{"@type":"BreadcrumbList","@id":"https:\/\/xstyle.md\/product\/ledorub-black-diamond-ultralight-ice-screw-19-cm\/#breadcrumb","itemListElement":[{"@type":"ListItem","position":1,"name":"\u0413\u043b\u0430\u0432\u043d\u0430\u044f \u0441\u0442\u0440\u0430\u043d\u0438\u0446\u0430","item":"https:\/\/xstyle.md\/"},{"@type":"ListItem","position":2,"name":"\u041c\u0430\u0433\u0430\u0437\u0438\u043d","item":"https:\/\/xstyle.md\/shop\/"},{"@type":"ListItem","position":3,"name":"\u041b\u0435\u0434\u043e\u0440\u0443\u0431 Black Diamond Ultralight Ice Screw 19 cm"}]},{"@type":"WebSite","@id":"https:\/\/xstyle.md\/#website","url":"https:\/\/xstyle.md\/","name":"Magazinul X-Style","description":"Echipamente pentru turism \u0219i sporturi extreme \u00een Moldova. Pre\u021buri, fotografii, caracteristici \u00een Moldova.","publisher":{"@id":"https:\/\/xstyle.md\/#organization"},"alternateName":"X-Style","potentialAction":[{"@type":"SearchAction","target":{"@type":"EntryPoint","urlTemplate":"https:\/\/xstyle.md\/?s={search_term_string}"},"query-input":{"@type":"PropertyValueSpecification","valueRequired":true,"valueName":"search_term_string"}}],"inLanguage":"ro-RO"},{"@type":"Organization","@id":"https:\/\/xstyle.md\/#organization","name":"Magazinul X-Style","alternateName":"x-style","url":"https:\/\/xstyle.md\/","logo":{"@type":"ImageObject","inLanguage":"ro-RO","@id":"https:\/\/xstyle.md\/#\/schema\/logo\/image\/","url":"https:\/\/xstyle.md\/wp-content\/uploads\/2020\/06\/logoicon.svg","contentUrl":"https:\/\/xstyle.md\/wp-content\/uploads\/2020\/06\/logoicon.svg","caption":"\u041c\u0430\u0433\u0430\u0437\u0438\u043d Xstyle"},"image":{"@id":"https:\/\/xstyle.md\/#\/schema\/logo\/image\/"},"sameAs":["https:\/\/www.facebook.com\/xstylemd","https:\/\/www.instagram.com\/xstyle_md\/","https:\/\/t.me\/xstyle_outdoor"],"hasMerchantReturnPolicy":{"@type":"MerchantReturnPolicy","merchantReturnLink":"https:\/\/xstyle.md\/ro\/conditions\/"}}]},"product_price_amount":"1990.00","product_price_currency":"MDL","og_availability":"instock","product_availability":"instock","product_retailer_item_id":"793661367079","product_condition":"new"},"_links":{"self":[{"href":"https:\/\/xstyle.md\/ro\/wp-json\/wp\/v2\/product\/93599","targetHints":{"allow":["GET"]}}],"collection":[{"href":"https:\/\/xstyle.md\/ro\/wp-json\/wp\/v2\/product"}],"about":[{"href":"https:\/\/xstyle.md\/ro\/wp-json\/wp\/v2\/types\/product"}],"replies":[{"embeddable":true,"href":"https:\/\/xstyle.md\/ro\/wp-json\/wp\/v2\/comments?post=93599"}],"wp:featuredmedia":[{"embeddable":true,"href":"https:\/\/xstyle.md\/ro\/wp-json\/wp\/v2\/media\/104504"}],"wp:attachment":[{"href":"https:\/\/xstyle.md\/ro\/wp-json\/wp\/v2\/media?parent=93599"}],"wp:term":[{"taxonomy":"product_brand","embeddable":true,"href":"https:\/\/xstyle.md\/ro\/wp-json\/wp\/v2\/product_brand?post=93599"},{"taxonomy":"product_cat","embeddable":true,"href":"https:\/\/xstyle.md\/ro\/wp-json\/wp\/v2\/product_cat?post=93599"},{"taxonomy":"product_tag","embeddable":true,"href":"https:\/\/xstyle.md\/ro\/wp-json\/wp\/v2\/product_tag?post=93599"}],"curies":[{"name":"wp","href":"https:\/\/api.w.org\/{rel}","templated":true}]}}