{"id":93593,"date":"2025-04-07T15:38:55","date_gmt":"2025-04-07T12:38:55","guid":{"rendered":"https:\/\/xstyle.md\/?post_type=product&#038;p=93593"},"modified":"2026-03-31T16:41:33","modified_gmt":"2026-03-31T13:41:33","slug":"nasos-lezyne-hv-drive-s-black-90psi","status":"publish","type":"product","link":"https:\/\/dev.xstyle.md\/ro\/produs\/nasos-lezyne-hv-drive-s-black-90psi\/","title":{"rendered":"Pomp\u0103 Lezyne HV Drive S black 90psi"},"content":{"rendered":"<\/p>\n<p><strong>Lezyne HV Drive S black 90psi<\/strong> &#8212; este o mini-pomp\u0103 de m\u00e2n\u0103 compact\u0103 de mare volum (High Volume), optimizat\u0103 pentru anvelopele cu diametru mare (MTB, gravel sau biciclete de ora\u0219). Modelul de m\u0103rime &#171;S&#187; se remarc\u0103 prin portabilitate, \u00eenc\u0103p\u00e2nd cu u\u0219urin\u021b\u0103 \u00een buzunarul tricoului de ciclism sau sub suportul de bidon. Datorit\u0103 construc\u021biei inteligente, pompa permite umflarea rapid\u0103 a ro\u021bii la presiunea dorit\u0103 cu un num\u0103r mai mic de mi\u0219c\u0103ri.<\/p>\n<h3>Particularit\u0103\u021bi<\/h3>\n<ul>\n<li>Butonul integrat de eliberare a presiunii de pe furtun permite deconectarea u\u0219oar\u0103 a pompei de valva Presta, f\u0103r\u0103 riscul de a de\u0219uruba miezul acesteia<\/li>\n<li>Lungimea de doar 170 mm o face una dintre cele mai practice pompe pentru transportul pe cadru sau \u00een buzunar<\/li>\n<li>Furtunul se depoziteaz\u0103 discret \u00een interiorul corpului pompei atunci c\u00e2nd nu este utilizat<\/li>\n<li>Furtunul cu dou\u0103 capete este compatibil at\u00e2t cu valvele Presta, c\u00e2t \u0219i cu cele Schrader<\/li>\n<li>Aluminiu prelucrat CNC- \u00eentregul corp, m\u00e2nerul \u0219i pistonul sunt prelucrate pe utilaje CNC din aluminiu de \u00eenalt\u0103 rezisten\u021b\u0103, asigur\u00e2nd durabilitate \u0219i greutate redus\u0103<\/li>\n<li>Furtun flexibil ABS &#8212; include furtunul flexibil Air Bleed System (ABS), care se \u00een\u0219urubeaz\u0103 pe valv\u0103. Acest sistem elimin\u0103 riscul de deteriorare sau rupere a valvei \u00een timpul pomp\u0103rii intense<\/li>\n<li>HV (High Volume) &#8212; design cu piston cu diametru m\u0103rit, conceput special pentru a introduce un volum mare de aer \u00eentr-un timp scurt<\/li>\n<\/ul>\n<h3>Caracteristici<\/h3>\n<ul>\n<li>Presiune maxim\u0103 &#8212; 90 psi \/ 6.2 bar<\/li>\n<li>M\u0103rime &#8212; S<\/li>\n<li>Lungime &#8212; 170 mm<\/li>\n<li>Greutate &#8212; 127 g<\/li>\n<li>Material &#8212; aluminiu<\/li>\n<li>Con\u021binut pachet &#8212; pomp\u0103, furtun flexibil ABS, suport de montare pe cadru din compozit<\/li>\n<\/ul>\n<p><\/p>\n<h3>Marca<\/h3>\n<p>Lezyne  - este un brand american global specializat \u00een produc\u021bia de accesorii, computere \u0219i sisteme de iluminat pentru biciclete. Compania a fost fondat\u0103 \u00een anul 2007 de c\u0103tre triatlonistul Micki Kozuschek. De atunci, Lezyne a stabilit un nou standard \u00een fabricarea accesoriilor premium de \u00eenalt\u0103 calitate, care \u00eendeplinesc criteriile segmentului de top din industria ciclismului. \u201eEngineered Design\u201d (Design Proiectat) este principalul slogan al brandului.<br \/>\nDin 2011, brandul Lezyne s-a prezentat lumii \u00eentr-o nou\u0103 \u201elumin\u0103\u201d: \u00een doar c\u00e2\u021biva ani, compania a devenit lider mondial \u00een produc\u021bia de optic\u0103 luminoas\u0103 de diverse puteri. \u00cen 2017, compania a lansat optica cu marcaj laser, ceea ce a f\u0103cut deplasarea prin ora\u0219 \u0219i pe str\u0103zile \u00eentunecate mult mai sigur\u0103.<\/p>","protected":false},"excerpt":{"rendered":"<p>\u0411\u0440\u0435\u043d\u0434 Lezyne \u2013 \u0433\u043b\u043e\u0431\u0430\u043b\u044c\u043d\u044b\u0439 \u0430\u043c\u0435\u0440\u0438\u043a\u0430\u043d\u0441\u043a\u0438\u0439 \u0431\u0440\u0435\u043d\u0434 \u043f\u043e \u043f\u0440\u043e\u0438\u0437\u0432\u043e\u0434\u0441\u0442\u0432\u0443 \u0430\u043a\u0441\u0435\u0441\u0441\u0443\u0430\u0440\u043e\u0432, \u043a\u043e\u043c\u043f\u044c\u044e\u0442\u0435\u0440\u043e\u0432 \u0438 \u0441\u0432\u0435\u0442\u043e\u0432\u043e\u0439 \u043e\u043f\u0442\u0438\u043a\u0438 \u0434\u043b\u044f \u0432\u0435\u043b\u043e\u0441\u0438\u043f\u0435\u0434\u0430. \u041a\u043e\u043c\u043f\u0430\u043d\u0438\u044e \u043e\u0441\u043d\u043e\u0432\u0430\u043b \u0442\u0440\u0438\u0430\u0442\u043b\u0435\u0442 \u041c\u0438\u043a\u0438 \u041a\u043e\u0446\u0443\u0448\u0435\u043a<\/p>","protected":false},"featured_media":104534,"comment_status":"open","ping_status":"closed","template":"","meta":{"_acf_changed":false,"inline_featured_image":false},"product_brand":[1364],"product_cat":[535],"product_tag":[],"class_list":{"0":"post-93593","1":"product","2":"type-product","3":"status-publish","4":"has-post-thumbnail","6":"product_brand-lezyne","7":"product_cat-spare-parts-and-tools","9":"first","10":"instock","11":"shipping-taxable","12":"purchasable","13":"product-type-simple"},"acf":[],"yoast_head":"<!-- This site is optimized with the Yoast SEO plugin v27.4 - https:\/\/yoast.com\/product\/yoast-seo-wordpress\/ -->\n<title>\u041d\u0430\u0441\u043e\u0441 Lezyne HV Drive S black 90psi - \u041c\u0430\u0433\u0430\u0437\u0438\u043d Xstyle<\/title>\n<meta name=\"robots\" content=\"noindex, follow, max-snippet:-1, max-image-preview:large, max-video-preview:-1\" \/>\n<meta property=\"og:locale\" content=\"ro_RO\" \/>\n<meta property=\"og:type\" content=\"article\" \/>\n<meta property=\"og:title\" content=\"\u041d\u0430\u0441\u043e\u0441 Lezyne HV Drive S black 90psi - \u041c\u0430\u0433\u0430\u0437\u0438\u043d Xstyle\" \/>\n<meta property=\"og:description\" content=\"\u0411\u0440\u0435\u043d\u0434 Lezyne \u2013 \u0433\u043b\u043e\u0431\u0430\u043b\u044c\u043d\u044b\u0439 \u0430\u043c\u0435\u0440\u0438\u043a\u0430\u043d\u0441\u043a\u0438\u0439 \u0431\u0440\u0435\u043d\u0434 \u043f\u043e \u043f\u0440\u043e\u0438\u0437\u0432\u043e\u0434\u0441\u0442\u0432\u0443 \u0430\u043a\u0441\u0435\u0441\u0441\u0443\u0430\u0440\u043e\u0432, \u043a\u043e\u043c\u043f\u044c\u044e\u0442\u0435\u0440\u043e\u0432 \u0438 \u0441\u0432\u0435\u0442\u043e\u0432\u043e\u0439 \u043e\u043f\u0442\u0438\u043a\u0438 \u0434\u043b\u044f \u0432\u0435\u043b\u043e\u0441\u0438\u043f\u0435\u0434\u0430. \u041a\u043e\u043c\u043f\u0430\u043d\u0438\u044e \u043e\u0441\u043d\u043e\u0432\u0430\u043b \u0442\u0440\u0438\u0430\u0442\u043b\u0435\u0442 \u041c\u0438\u043a\u0438 \u041a\u043e\u0446\u0443\u0448\u0435\u043a\" \/>\n<meta property=\"og:url\" content=\"https:\/\/dev.xstyle.md\/ro\/produs\/nasos-lezyne-hv-drive-s-black-90psi\/\" \/>\n<meta property=\"og:site_name\" content=\"\u041c\u0430\u0433\u0430\u0437\u0438\u043d Xstyle\" \/>\n<meta property=\"article:publisher\" content=\"https:\/\/www.facebook.com\/xstylemd\" \/>\n<meta property=\"article:modified_time\" content=\"2026-03-31T13:41:33+00:00\" \/>\n<meta property=\"og:image\" content=\"https:\/\/dev.xstyle.md\/wp-content\/uploads\/2025\/04\/lezyne-hv-drive-s-black-90psi-1.webp\" \/>\n\t<meta property=\"og:image:width\" content=\"1200\" \/>\n\t<meta property=\"og:image:height\" content=\"1200\" \/>\n\t<meta property=\"og:image:type\" content=\"image\/webp\" \/>\n<meta name=\"twitter:card\" content=\"summary_large_image\" \/>\n<meta name=\"twitter:label1\" content=\"Pre\u021b\" \/>\n\t<meta name=\"twitter:data1\" content=\"630,00&nbsp;MDL\" \/>\n\t<meta name=\"twitter:label2\" content=\"Disponibilitate\" \/>\n\t<meta name=\"twitter:data2\" content=\"\u00cen stoc\" \/>\n<script type=\"application\/ld+json\" class=\"yoast-schema-graph\">{\"@context\":\"https:\\\/\\\/schema.org\",\"@graph\":[{\"@type\":\"WebPage\",\"@id\":\"https:\\\/\\\/dev.xstyle.md\\\/product\\\/nasos-lezyne-hv-drive-s-black-90psi\\\/\",\"url\":\"https:\\\/\\\/dev.xstyle.md\\\/product\\\/nasos-lezyne-hv-drive-s-black-90psi\\\/\",\"name\":\"\u041d\u0430\u0441\u043e\u0441 Lezyne HV Drive S black 90psi - \u041c\u0430\u0433\u0430\u0437\u0438\u043d Xstyle\",\"isPartOf\":{\"@id\":\"https:\\\/\\\/dev.xstyle.md\\\/#website\"},\"primaryImageOfPage\":{\"@id\":\"https:\\\/\\\/dev.xstyle.md\\\/product\\\/nasos-lezyne-hv-drive-s-black-90psi\\\/#primaryimage\"},\"image\":{\"@id\":\"https:\\\/\\\/dev.xstyle.md\\\/product\\\/nasos-lezyne-hv-drive-s-black-90psi\\\/#primaryimage\"},\"thumbnailUrl\":\"https:\\\/\\\/dev.xstyle.md\\\/wp-content\\\/uploads\\\/2025\\\/04\\\/lezyne-hv-drive-s-black-90psi-1.webp\",\"datePublished\":\"2025-04-07T12:38:55+00:00\",\"dateModified\":\"2026-03-31T13:41:33+00:00\",\"breadcrumb\":{\"@id\":\"https:\\\/\\\/dev.xstyle.md\\\/product\\\/nasos-lezyne-hv-drive-s-black-90psi\\\/#breadcrumb\"},\"inLanguage\":\"ro-RO\",\"potentialAction\":[{\"@type\":\"ReadAction\",\"target\":[\"https:\\\/\\\/dev.xstyle.md\\\/product\\\/nasos-lezyne-hv-drive-s-black-90psi\\\/\"]}]},{\"@type\":\"ImageObject\",\"inLanguage\":\"ro-RO\",\"@id\":\"https:\\\/\\\/dev.xstyle.md\\\/product\\\/nasos-lezyne-hv-drive-s-black-90psi\\\/#primaryimage\",\"url\":\"https:\\\/\\\/dev.xstyle.md\\\/wp-content\\\/uploads\\\/2025\\\/04\\\/lezyne-hv-drive-s-black-90psi-1.webp\",\"contentUrl\":\"https:\\\/\\\/dev.xstyle.md\\\/wp-content\\\/uploads\\\/2025\\\/04\\\/lezyne-hv-drive-s-black-90psi-1.webp\",\"width\":1200,\"height\":1200,\"caption\":\"\u0418\u0437\u043e\u0431\u0440\u0430\u0436\u0435\u043d\u0438\u0435 \u043d\u0430\u0441\u043e\u0441\u0430 Lezyne HV Drive S \u0447\u0435\u0440\u043d\u044b\u0439 90 psi \u0434\u043b\u044f \u0430\u043a\u0442\u0438\u0432\u043d\u043e\u0433\u043e \u043e\u0442\u0434\u044b\u0445\u0430, \u043f\u043e\u0445\u043e\u0434\u043e\u0432, \u043f\u0443\u0442\u0435\u0448\u0435\u0441\u0442\u0432\u0438\u0439 \u0438 \u0441\u043f\u043e\u0440\u0442\u0438\u0432\u043d\u043e\u0439 \u043e\u0434\u0435\u0436\u0434\u044b \u0434\u043b\u044f \u043e\u043d\u043b\u0430\u0439\u043d \u043c\u0430\u0433\u0430\u0437\u0438\u043d\u0430 \u0430\u043a\u0442\u0438\u0432\u043d\u043e\u0439 \u0436\u0438\u0437\u043d\u0438\"},{\"@type\":\"BreadcrumbList\",\"@id\":\"https:\\\/\\\/dev.xstyle.md\\\/product\\\/nasos-lezyne-hv-drive-s-black-90psi\\\/#breadcrumb\",\"itemListElement\":[{\"@type\":\"ListItem\",\"position\":1,\"name\":\"\u0413\u043b\u0430\u0432\u043d\u0430\u044f \u0441\u0442\u0440\u0430\u043d\u0438\u0446\u0430\",\"item\":\"https:\\\/\\\/dev.xstyle.md\\\/\"},{\"@type\":\"ListItem\",\"position\":2,\"name\":\"Shop\",\"item\":\"https:\\\/\\\/dev.xstyle.md\\\/shop\\\/\"},{\"@type\":\"ListItem\",\"position\":3,\"name\":\"\u041d\u0430\u0441\u043e\u0441 Lezyne HV Drive S black 90psi\"}]},{\"@type\":\"WebSite\",\"@id\":\"https:\\\/\\\/dev.xstyle.md\\\/#website\",\"url\":\"https:\\\/\\\/dev.xstyle.md\\\/\",\"name\":\"\u041c\u0430\u0433\u0430\u0437\u0438\u043d Xstyle\",\"description\":\"C\u043d\u0430\u0440\u044f\u0436\u0435\u043d\u0438\u0435 \u0434\u043b\u044f \u0442\u0443\u0440\u0438\u0437\u043c\u0430 \u0438 \u044d\u043a\u0441\u0442\u0440\u0435\u043c\u0430\u043b\u044c\u043d\u044b\u0445 \u0432\u0438\u0434\u043e\u0432 \u0441\u043f\u043e\u0440\u0442\u0430 \u0432 \u041c\u043e\u043b\u0434\u043e\u0432\u0435.. \u0426\u0435\u043d\u044b, \u0444\u043e\u0442\u043e, \u0445\u0430\u0440\u0430\u043a\u0442\u0435\u0440\u0438\u0441\u0442\u0438\u043a\u0438 \u0432 \u041c\u043e\u043b\u0434\u043e\u0432\u0435.\",\"publisher\":{\"@id\":\"https:\\\/\\\/dev.xstyle.md\\\/#organization\"},\"alternateName\":\"X-Style\",\"potentialAction\":[{\"@type\":\"SearchAction\",\"target\":{\"@type\":\"EntryPoint\",\"urlTemplate\":\"https:\\\/\\\/dev.xstyle.md\\\/?s={search_term_string}\"},\"query-input\":{\"@type\":\"PropertyValueSpecification\",\"valueRequired\":true,\"valueName\":\"search_term_string\"}}],\"inLanguage\":\"ro-RO\"},{\"@type\":\"Organization\",\"@id\":\"https:\\\/\\\/dev.xstyle.md\\\/#organization\",\"name\":\"\u041c\u0430\u0433\u0430\u0437\u0438\u043d Xstyle\",\"alternateName\":\"x-style\",\"url\":\"https:\\\/\\\/dev.xstyle.md\\\/\",\"logo\":{\"@type\":\"ImageObject\",\"inLanguage\":\"ro-RO\",\"@id\":\"https:\\\/\\\/dev.xstyle.md\\\/#\\\/schema\\\/logo\\\/image\\\/\",\"url\":\"https:\\\/\\\/dev.xstyle.md\\\/wp-content\\\/uploads\\\/2020\\\/06\\\/logoicon.svg\",\"contentUrl\":\"https:\\\/\\\/dev.xstyle.md\\\/wp-content\\\/uploads\\\/2020\\\/06\\\/logoicon.svg\",\"caption\":\"\u041c\u0430\u0433\u0430\u0437\u0438\u043d Xstyle\"},\"image\":{\"@id\":\"https:\\\/\\\/dev.xstyle.md\\\/#\\\/schema\\\/logo\\\/image\\\/\"},\"sameAs\":[\"https:\\\/\\\/www.facebook.com\\\/xstylemd\",\"https:\\\/\\\/www.instagram.com\\\/xstyle_md\\\/\",\"https:\\\/\\\/t.me\\\/xstyle_outdoor\"],\"hasMerchantReturnPolicy\":{\"@type\":\"MerchantReturnPolicy\",\"merchantReturnLink\":\"https:\\\/\\\/dev.xstyle.md\\\/ro\\\/conditions\\\/\"}}]}<\/script>\n<meta property=\"product:price:amount\" content=\"630.00\" \/>\n<meta property=\"product:price:currency\" content=\"MDL\" \/>\n<meta property=\"og:availability\" content=\"instock\" \/>\n<meta property=\"product:availability\" content=\"instock\" \/>\n<meta property=\"product:retailer_item_id\" content=\"4710582552595\" \/>\n<meta property=\"product:condition\" content=\"new\" \/>\n<!-- \/ Yoast SEO plugin. -->","yoast_head_json":{"title":"\u041d\u0430\u0441\u043e\u0441 Lezyne HV Drive S black 90psi - \u041c\u0430\u0433\u0430\u0437\u0438\u043d Xstyle","robots":{"index":"noindex","follow":"follow","max-snippet":"max-snippet:-1","max-image-preview":"max-image-preview:large","max-video-preview":"max-video-preview:-1"},"og_locale":"ro_RO","og_type":"article","og_title":"\u041d\u0430\u0441\u043e\u0441 Lezyne HV Drive S black 90psi - \u041c\u0430\u0433\u0430\u0437\u0438\u043d Xstyle","og_description":"\u0411\u0440\u0435\u043d\u0434 Lezyne \u2013 \u0433\u043b\u043e\u0431\u0430\u043b\u044c\u043d\u044b\u0439 \u0430\u043c\u0435\u0440\u0438\u043a\u0430\u043d\u0441\u043a\u0438\u0439 \u0431\u0440\u0435\u043d\u0434 \u043f\u043e \u043f\u0440\u043e\u0438\u0437\u0432\u043e\u0434\u0441\u0442\u0432\u0443 \u0430\u043a\u0441\u0435\u0441\u0441\u0443\u0430\u0440\u043e\u0432, \u043a\u043e\u043c\u043f\u044c\u044e\u0442\u0435\u0440\u043e\u0432 \u0438 \u0441\u0432\u0435\u0442\u043e\u0432\u043e\u0439 \u043e\u043f\u0442\u0438\u043a\u0438 \u0434\u043b\u044f \u0432\u0435\u043b\u043e\u0441\u0438\u043f\u0435\u0434\u0430. \u041a\u043e\u043c\u043f\u0430\u043d\u0438\u044e \u043e\u0441\u043d\u043e\u0432\u0430\u043b \u0442\u0440\u0438\u0430\u0442\u043b\u0435\u0442 \u041c\u0438\u043a\u0438 \u041a\u043e\u0446\u0443\u0448\u0435\u043a","og_url":"https:\/\/dev.xstyle.md\/ro\/produs\/nasos-lezyne-hv-drive-s-black-90psi\/","og_site_name":"\u041c\u0430\u0433\u0430\u0437\u0438\u043d Xstyle","article_publisher":"https:\/\/www.facebook.com\/xstylemd","article_modified_time":"2026-03-31T13:41:33+00:00","og_image":[{"width":1200,"height":1200,"url":"https:\/\/dev.xstyle.md\/wp-content\/uploads\/2025\/04\/lezyne-hv-drive-s-black-90psi-1.webp","type":"image\/webp"}],"twitter_card":"summary_large_image","twitter_misc":{"Pre\u021b":"630,00&nbsp;MDL","Disponibilitate":"\u00cen stoc"},"schema":{"@context":"https:\/\/schema.org","@graph":[{"@type":"WebPage","@id":"https:\/\/dev.xstyle.md\/product\/nasos-lezyne-hv-drive-s-black-90psi\/","url":"https:\/\/dev.xstyle.md\/product\/nasos-lezyne-hv-drive-s-black-90psi\/","name":"\u041d\u0430\u0441\u043e\u0441 Lezyne HV Drive S black 90psi - \u041c\u0430\u0433\u0430\u0437\u0438\u043d Xstyle","isPartOf":{"@id":"https:\/\/dev.xstyle.md\/#website"},"primaryImageOfPage":{"@id":"https:\/\/dev.xstyle.md\/product\/nasos-lezyne-hv-drive-s-black-90psi\/#primaryimage"},"image":{"@id":"https:\/\/dev.xstyle.md\/product\/nasos-lezyne-hv-drive-s-black-90psi\/#primaryimage"},"thumbnailUrl":"https:\/\/dev.xstyle.md\/wp-content\/uploads\/2025\/04\/lezyne-hv-drive-s-black-90psi-1.webp","datePublished":"2025-04-07T12:38:55+00:00","dateModified":"2026-03-31T13:41:33+00:00","breadcrumb":{"@id":"https:\/\/dev.xstyle.md\/product\/nasos-lezyne-hv-drive-s-black-90psi\/#breadcrumb"},"inLanguage":"ro-RO","potentialAction":[{"@type":"ReadAction","target":["https:\/\/dev.xstyle.md\/product\/nasos-lezyne-hv-drive-s-black-90psi\/"]}]},{"@type":"ImageObject","inLanguage":"ro-RO","@id":"https:\/\/dev.xstyle.md\/product\/nasos-lezyne-hv-drive-s-black-90psi\/#primaryimage","url":"https:\/\/dev.xstyle.md\/wp-content\/uploads\/2025\/04\/lezyne-hv-drive-s-black-90psi-1.webp","contentUrl":"https:\/\/dev.xstyle.md\/wp-content\/uploads\/2025\/04\/lezyne-hv-drive-s-black-90psi-1.webp","width":1200,"height":1200,"caption":"\u0418\u0437\u043e\u0431\u0440\u0430\u0436\u0435\u043d\u0438\u0435 \u043d\u0430\u0441\u043e\u0441\u0430 Lezyne HV Drive S \u0447\u0435\u0440\u043d\u044b\u0439 90 psi \u0434\u043b\u044f \u0430\u043a\u0442\u0438\u0432\u043d\u043e\u0433\u043e \u043e\u0442\u0434\u044b\u0445\u0430, \u043f\u043e\u0445\u043e\u0434\u043e\u0432, \u043f\u0443\u0442\u0435\u0448\u0435\u0441\u0442\u0432\u0438\u0439 \u0438 \u0441\u043f\u043e\u0440\u0442\u0438\u0432\u043d\u043e\u0439 \u043e\u0434\u0435\u0436\u0434\u044b \u0434\u043b\u044f \u043e\u043d\u043b\u0430\u0439\u043d \u043c\u0430\u0433\u0430\u0437\u0438\u043d\u0430 \u0430\u043a\u0442\u0438\u0432\u043d\u043e\u0439 \u0436\u0438\u0437\u043d\u0438"},{"@type":"BreadcrumbList","@id":"https:\/\/dev.xstyle.md\/product\/nasos-lezyne-hv-drive-s-black-90psi\/#breadcrumb","itemListElement":[{"@type":"ListItem","position":1,"name":"\u0413\u043b\u0430\u0432\u043d\u0430\u044f \u0441\u0442\u0440\u0430\u043d\u0438\u0446\u0430","item":"https:\/\/dev.xstyle.md\/"},{"@type":"ListItem","position":2,"name":"Shop","item":"https:\/\/dev.xstyle.md\/shop\/"},{"@type":"ListItem","position":3,"name":"\u041d\u0430\u0441\u043e\u0441 Lezyne HV Drive S black 90psi"}]},{"@type":"WebSite","@id":"https:\/\/dev.xstyle.md\/#website","url":"https:\/\/dev.xstyle.md\/","name":"Magazinul X-Style","description":"Echipamente pentru turism \u0219i sporturi extreme \u00een Moldova. Pre\u021buri, fotografii, caracteristici \u00een Moldova.","publisher":{"@id":"https:\/\/dev.xstyle.md\/#organization"},"alternateName":"X-Style","potentialAction":[{"@type":"SearchAction","target":{"@type":"EntryPoint","urlTemplate":"https:\/\/dev.xstyle.md\/?s={search_term_string}"},"query-input":{"@type":"PropertyValueSpecification","valueRequired":true,"valueName":"search_term_string"}}],"inLanguage":"ro-RO"},{"@type":"Organization","@id":"https:\/\/dev.xstyle.md\/#organization","name":"Magazinul X-Style","alternateName":"x-style","url":"https:\/\/dev.xstyle.md\/","logo":{"@type":"ImageObject","inLanguage":"ro-RO","@id":"https:\/\/dev.xstyle.md\/#\/schema\/logo\/image\/","url":"https:\/\/dev.xstyle.md\/wp-content\/uploads\/2020\/06\/logoicon.svg","contentUrl":"https:\/\/dev.xstyle.md\/wp-content\/uploads\/2020\/06\/logoicon.svg","caption":"\u041c\u0430\u0433\u0430\u0437\u0438\u043d Xstyle"},"image":{"@id":"https:\/\/dev.xstyle.md\/#\/schema\/logo\/image\/"},"sameAs":["https:\/\/www.facebook.com\/xstylemd","https:\/\/www.instagram.com\/xstyle_md\/","https:\/\/t.me\/xstyle_outdoor"],"hasMerchantReturnPolicy":{"@type":"MerchantReturnPolicy","merchantReturnLink":"https:\/\/dev.xstyle.md\/ro\/conditions\/"}}]},"product_price_amount":"630.00","product_price_currency":"MDL","og_availability":"instock","product_availability":"instock","product_retailer_item_id":"4710582552595","product_condition":"new"},"post_mailing_queue_ids":[],"_links":{"self":[{"href":"https:\/\/dev.xstyle.md\/ro\/wp-json\/wp\/v2\/product\/93593","targetHints":{"allow":["GET"]}}],"collection":[{"href":"https:\/\/dev.xstyle.md\/ro\/wp-json\/wp\/v2\/product"}],"about":[{"href":"https:\/\/dev.xstyle.md\/ro\/wp-json\/wp\/v2\/types\/product"}],"replies":[{"embeddable":true,"href":"https:\/\/dev.xstyle.md\/ro\/wp-json\/wp\/v2\/comments?post=93593"}],"version-history":[{"count":1,"href":"https:\/\/dev.xstyle.md\/ro\/wp-json\/wp\/v2\/product\/93593\/revisions"}],"predecessor-version":[{"id":104529,"href":"https:\/\/dev.xstyle.md\/ro\/wp-json\/wp\/v2\/product\/93593\/revisions\/104529"}],"wp:featuredmedia":[{"embeddable":true,"href":"https:\/\/dev.xstyle.md\/ro\/wp-json\/wp\/v2\/media\/104534"}],"wp:attachment":[{"href":"https:\/\/dev.xstyle.md\/ro\/wp-json\/wp\/v2\/media?parent=93593"}],"wp:term":[{"taxonomy":"product_brand","embeddable":true,"href":"https:\/\/dev.xstyle.md\/ro\/wp-json\/wp\/v2\/product_brand?post=93593"},{"taxonomy":"product_cat","embeddable":true,"href":"https:\/\/dev.xstyle.md\/ro\/wp-json\/wp\/v2\/product_cat?post=93593"},{"taxonomy":"product_tag","embeddable":true,"href":"https:\/\/dev.xstyle.md\/ro\/wp-json\/wp\/v2\/product_tag?post=93593"}],"curies":[{"name":"wp","href":"https:\/\/api.w.org\/{rel}","templated":true}]}}