{"id":93592,"date":"2025-04-07T15:38:54","date_gmt":"2025-04-07T12:38:54","guid":{"rendered":"https:\/\/xstyle.md\/?post_type=product&#038;p=93592"},"modified":"2026-03-19T17:32:50","modified_gmt":"2026-03-19T14:32:50","slug":"fonar-lezyne-strip-pro-ai-alert-400-rear-black","status":"publish","type":"product","link":"https:\/\/xstyle.md\/ro\/produs\/fonar-lezyne-strip-pro-ai-alert-400-rear-black\/","title":{"rendered":"Lantern\u0103 Lezyne Strip Pro Ai Alert 400+ Rear black"},"content":{"rendered":"<\/p>\n<p><strong>Lezyne Strip Pro Ai Alert 400+ Rear black<\/strong> &#8212; este unul dintre cele mai avansate stopuri de biciclet\u0103 de pe pia\u021b\u0103, echipat cu tehnologie inovatoare bazat\u0103 pe inteligen\u021b\u0103 artificial\u0103 (AI) pentru detectarea fr\u00e2n\u0103rii. Acesta ofer\u0103 o vizibilitate \u0219i o siguran\u021b\u0103 excep\u021bional\u0103, adapt\u00e2ndu-\u0219i intensitatea luminoas\u0103 \u00een func\u021bie de ac\u021biunile tale \u00een trafic.<\/p>\n<h3>Particularit\u0103\u021bi<\/h3>\n<ul>\n<li>Cele 10 LED-uri ultra-luminoase \u0219i optica cu unghi larg ofer\u0103 o vizibilitate de 270\u00b0, esen\u021bial\u0103 pentru siguran\u021ba \u00een intersec\u021bii<\/li>\n<li>7 moduri de func\u021bionare &#8212; de la modul ultra-puternic \u201eDay Flash\u201d (400 lumeni) pentru zi, p\u00e2n\u0103 la modul economic \u201eFemto\u201d pentru ture lungi<\/li>\n<li>Rezisten\u021b\u0103 la ap\u0103 IPX7 &#8212; stopul este complet protejat \u00eempotriva ploii toren\u021biale \u0219i a scufund\u0103rilor temporare \u00een ap\u0103<\/li>\n<li>Montare universal\u0103 &#8212; cureaua robust\u0103 din silicon este compatibil\u0103 at\u00e2t cu tijele de \u0219a rotunde standard, c\u00e2t \u0219i cu cele aerodinamice (Aero)<\/li>\n<li>\u00cenc\u0103rcare USB-C &#8212; port modern de \u00eenc\u0103rcare cu protec\u021bie \u00eempotriva umidit\u0103\u021bii (cablul nu este inclus)<\/li>\n<\/ul>\n<h3>Caracteristici<\/h3>\n<ul>\n<li>Luminozitate maxim\u0103 &#8212; 400 lumeni (\u00een modul Day Flash)<\/li>\n<li>Autonomie maxim\u0103 &#8212; p\u00e2n\u0103 la 80 de ore (\u00een modul Femto)<\/li>\n<li>Capacitate baterie &#8212; 1900 mAh<\/li>\n<li>Greutate &#8212; 71 g<\/li>\n<li>Dimensiuni &#8212; 70 x 37 x 47 mm<\/li>\n<li>Port de \u00eenc\u0103rcare &#8212; USB-C<\/li>\n<\/ul>\n<h3>Tehnologii<\/h3>\n<ul>\n<li><strong>Ai Alert<\/strong> &#8212; folosind AI, stopul detecteaz\u0103 cu precizie momentul fr\u00e2n\u0103rii \u0219i trece automat \u00een modul \u201eActive Alert\u201d \u2014 o iluminare intermitent\u0103 rapid\u0103 de 150 lumeni, alert\u00e2nd \u0219oferii \u0219i ceilal\u021bi bicicli\u0219ti c\u0103 \u00eencetine\u0219ti.<\/li>\n<\/ul>\n<p><\/p>\n<h3>Marca<\/h3>\n<p>Lezyne  - este un brand american global specializat \u00een produc\u021bia de accesorii, computere \u0219i sisteme de iluminat pentru biciclete. Compania a fost fondat\u0103 \u00een anul 2007 de c\u0103tre triatlonistul Micki Kozuschek. De atunci, Lezyne a stabilit un nou standard \u00een fabricarea accesoriilor premium de \u00eenalt\u0103 calitate, care \u00eendeplinesc criteriile segmentului de top din industria ciclismului. \u201eEngineered Design\u201d (Design Proiectat) este principalul slogan al brandului.<br \/>\nDin 2011, brandul Lezyne s-a prezentat lumii \u00eentr-o nou\u0103 \u201elumin\u0103\u201d: \u00een doar c\u00e2\u021biva ani, compania a devenit lider mondial \u00een produc\u021bia de optic\u0103 luminoas\u0103 de diverse puteri. \u00cen 2017, compania a lansat optica cu marcaj laser, ceea ce a f\u0103cut deplasarea prin ora\u0219 \u0219i pe str\u0103zile \u00eentunecate mult mai sigur\u0103.<\/p>","protected":false},"excerpt":{"rendered":"<p>\u0411\u0440\u0435\u043d\u0434 Lezyne \u2013 \u0433\u043b\u043e\u0431\u0430\u043b\u044c\u043d\u044b\u0439 \u0430\u043c\u0435\u0440\u0438\u043a\u0430\u043d\u0441\u043a\u0438\u0439 \u0431\u0440\u0435\u043d\u0434 \u043f\u043e \u043f\u0440\u043e\u0438\u0437\u0432\u043e\u0434\u0441\u0442\u0432\u0443 \u0430\u043a\u0441\u0435\u0441\u0441\u0443\u0430\u0440\u043e\u0432, \u043a\u043e\u043c\u043f\u044c\u044e\u0442\u0435\u0440\u043e\u0432 \u0438 \u0441\u0432\u0435\u0442\u043e\u0432\u043e\u0439 \u043e\u043f\u0442\u0438\u043a\u0438 \u0434\u043b\u044f \u0432\u0435\u043b\u043e\u0441\u0438\u043f\u0435\u0434\u0430. \u041a\u043e\u043c\u043f\u0430\u043d\u0438\u044e \u043e\u0441\u043d\u043e\u0432\u0430\u043b \u0442\u0440\u0438\u0430\u0442\u043b\u0435\u0442 \u041c\u0438\u043a\u0438 \u041a\u043e\u0446\u0443\u0448\u0435\u043a \u0432 2007 \u0433\u043e\u0434\u0443. \u0421 \u0442\u0435\u0445 \u043f\u043e\u0440 \u043a\u043e\u043c\u043f\u0430\u043d\u0438\u044f Lezyne \u0443\u0441\u0442\u0430\u043d\u043e\u0432\u0438\u043b\u0430 \u043d\u043e\u0432\u044b\u0439 \u0441\u0442\u0430\u043d\u0434\u0430\u0440\u0442 \u0432 \u043f\u0440\u043e\u0438\u0437\u0432\u043e\u0434\u0441\u0442\u0432\u0435 \u043f\u0440\u0435\u043c\u0438\u0430\u043b\u044c\u043d\u044b\u0445, \u0432\u044b\u0441\u043e\u043a\u043e\u043a\u0430\u0447\u0435\u0441\u0442\u0432\u0435\u043d\u043d\u044b\u0445 \u0430\u043a\u0441\u0435\u0441\u0441\u0443\u0430\u0440\u043e\u0432, \u043e\u0442\u0432\u0435\u0447\u0430\u044e\u0449\u0438\u0445 \u043a\u0440\u0438\u0442\u0435\u0440\u0438\u044f\u043c \u0432\u044b\u0441\u0448\u0435\u0433\u043e \u0441\u0435\u0433\u043c\u0435\u043d\u0442\u0430 \u0432 \u0432\u0435\u043b\u043e\u0441\u0438\u043f\u0435\u0434\u043d\u043e\u0439 \u0438\u043d\u0434\u0443\u0441\u0442\u0440\u0438\u0438. \u201c\u0421\u043f\u0440\u043e\u0435\u043a\u0442\u0438\u0440\u043e\u0432\u0430\u043d\u043d\u044b\u0439 \u0414\u0438\u0437\u0430\u0439\u043d\u201d \u2013 \u0433\u043b\u0430\u0432\u043d\u044b\u0439 \u0441\u043b\u043e\u0433\u0430\u043d \u0431\u0440\u0435\u043d\u0434\u0430. \u0421 2011 \u0433\u043e\u0434\u0430, \u0431\u0440\u0435\u043d\u0434 Lezyne \u043f\u0440\u0435\u0434\u0441\u0442\u0430\u043b [&hellip;]<\/p>\n","protected":false},"featured_media":103250,"comment_status":"open","ping_status":"closed","template":"","meta":{"_acf_changed":false,"inline_featured_image":false},"product_brand":[1364],"product_cat":[329],"product_tag":[],"class_list":{"0":"post-93592","1":"product","2":"type-product","3":"status-publish","4":"has-post-thumbnail","6":"product_brand-lezyne","7":"product_cat-camping-lights","9":"first","10":"instock","11":"shipping-taxable","12":"purchasable","13":"product-type-simple"},"acf":[],"yoast_head":"<!-- This site is optimized with the Yoast SEO plugin v27.4 - https:\/\/yoast.com\/product\/yoast-seo-wordpress\/ -->\n<title>\u0424\u043e\u043d\u0430\u0440\u044c Lezyne Strip Pro Ai Alert 400+ Rear black - \u041c\u0430\u0433\u0430\u0437\u0438\u043d Xstyle<\/title>\n<meta name=\"robots\" content=\"index, follow, max-snippet:-1, max-image-preview:large, max-video-preview:-1\" \/>\n<link rel=\"canonical\" href=\"https:\/\/xstyle.md\/ro\/produs\/fonar-lezyne-strip-pro-ai-alert-400-rear-black\/\" \/>\n<meta property=\"og:locale\" content=\"ro_RO\" \/>\n<meta property=\"og:type\" content=\"article\" \/>\n<meta property=\"og:title\" content=\"\u0424\u043e\u043d\u0430\u0440\u044c Lezyne Strip Pro Ai Alert 400+ Rear black - \u041c\u0430\u0433\u0430\u0437\u0438\u043d Xstyle\" \/>\n<meta property=\"og:description\" content=\"\u0411\u0440\u0435\u043d\u0434 Lezyne \u2013 \u0433\u043b\u043e\u0431\u0430\u043b\u044c\u043d\u044b\u0439 \u0430\u043c\u0435\u0440\u0438\u043a\u0430\u043d\u0441\u043a\u0438\u0439 \u0431\u0440\u0435\u043d\u0434 \u043f\u043e \u043f\u0440\u043e\u0438\u0437\u0432\u043e\u0434\u0441\u0442\u0432\u0443 \u0430\u043a\u0441\u0435\u0441\u0441\u0443\u0430\u0440\u043e\u0432, \u043a\u043e\u043c\u043f\u044c\u044e\u0442\u0435\u0440\u043e\u0432 \u0438 \u0441\u0432\u0435\u0442\u043e\u0432\u043e\u0439 \u043e\u043f\u0442\u0438\u043a\u0438 \u0434\u043b\u044f \u0432\u0435\u043b\u043e\u0441\u0438\u043f\u0435\u0434\u0430. \u041a\u043e\u043c\u043f\u0430\u043d\u0438\u044e \u043e\u0441\u043d\u043e\u0432\u0430\u043b \u0442\u0440\u0438\u0430\u0442\u043b\u0435\u0442 \u041c\u0438\u043a\u0438 \u041a\u043e\u0446\u0443\u0448\u0435\u043a \u0432 2007 \u0433\u043e\u0434\u0443. \u0421 \u0442\u0435\u0445 \u043f\u043e\u0440 \u043a\u043e\u043c\u043f\u0430\u043d\u0438\u044f Lezyne \u0443\u0441\u0442\u0430\u043d\u043e\u0432\u0438\u043b\u0430 \u043d\u043e\u0432\u044b\u0439 \u0441\u0442\u0430\u043d\u0434\u0430\u0440\u0442 \u0432 \u043f\u0440\u043e\u0438\u0437\u0432\u043e\u0434\u0441\u0442\u0432\u0435 \u043f\u0440\u0435\u043c\u0438\u0430\u043b\u044c\u043d\u044b\u0445, \u0432\u044b\u0441\u043e\u043a\u043e\u043a\u0430\u0447\u0435\u0441\u0442\u0432\u0435\u043d\u043d\u044b\u0445 \u0430\u043a\u0441\u0435\u0441\u0441\u0443\u0430\u0440\u043e\u0432, \u043e\u0442\u0432\u0435\u0447\u0430\u044e\u0449\u0438\u0445 \u043a\u0440\u0438\u0442\u0435\u0440\u0438\u044f\u043c \u0432\u044b\u0441\u0448\u0435\u0433\u043e \u0441\u0435\u0433\u043c\u0435\u043d\u0442\u0430 \u0432 \u0432\u0435\u043b\u043e\u0441\u0438\u043f\u0435\u0434\u043d\u043e\u0439 \u0438\u043d\u0434\u0443\u0441\u0442\u0440\u0438\u0438. \u201c\u0421\u043f\u0440\u043e\u0435\u043a\u0442\u0438\u0440\u043e\u0432\u0430\u043d\u043d\u044b\u0439 \u0414\u0438\u0437\u0430\u0439\u043d\u201d \u2013 \u0433\u043b\u0430\u0432\u043d\u044b\u0439 \u0441\u043b\u043e\u0433\u0430\u043d \u0431\u0440\u0435\u043d\u0434\u0430. \u0421 2011 \u0433\u043e\u0434\u0430, \u0431\u0440\u0435\u043d\u0434 Lezyne \u043f\u0440\u0435\u0434\u0441\u0442\u0430\u043b [&hellip;]\" \/>\n<meta property=\"og:url\" content=\"https:\/\/xstyle.md\/ro\/produs\/fonar-lezyne-strip-pro-ai-alert-400-rear-black\/\" \/>\n<meta property=\"og:site_name\" content=\"\u041c\u0430\u0433\u0430\u0437\u0438\u043d Xstyle\" \/>\n<meta property=\"article:publisher\" content=\"https:\/\/www.facebook.com\/xstylemd\" \/>\n<meta property=\"article:modified_time\" content=\"2026-03-19T14:32:50+00:00\" \/>\n<meta property=\"og:image\" content=\"https:\/\/xstyle.md\/wp-content\/uploads\/2025\/04\/lezyne-strip-pro-ai-alert-400-rear-black.webp\" \/>\n\t<meta property=\"og:image:width\" content=\"1200\" \/>\n\t<meta property=\"og:image:height\" content=\"1200\" \/>\n\t<meta property=\"og:image:type\" content=\"image\/webp\" \/>\n<meta name=\"twitter:card\" content=\"summary_large_image\" \/>\n<meta name=\"twitter:label1\" content=\"Pre\u021b\" \/>\n\t<meta name=\"twitter:data1\" content=\"1.290&nbsp;MDL\" \/>\n\t<meta name=\"twitter:label2\" content=\"Disponibilitate\" \/>\n\t<meta name=\"twitter:data2\" content=\"\u00cen stoc\" \/>\n<script type=\"application\/ld+json\" class=\"yoast-schema-graph\">{\"@context\":\"https:\\\/\\\/schema.org\",\"@graph\":[{\"@type\":\"WebPage\",\"@id\":\"https:\\\/\\\/xstyle.md\\\/product\\\/fonar-lezyne-strip-pro-ai-alert-400-rear-black\\\/\",\"url\":\"https:\\\/\\\/xstyle.md\\\/product\\\/fonar-lezyne-strip-pro-ai-alert-400-rear-black\\\/\",\"name\":\"\u0424\u043e\u043d\u0430\u0440\u044c Lezyne Strip Pro Ai Alert 400+ Rear black - \u041c\u0430\u0433\u0430\u0437\u0438\u043d Xstyle\",\"isPartOf\":{\"@id\":\"https:\\\/\\\/xstyle.md\\\/#website\"},\"primaryImageOfPage\":{\"@id\":\"https:\\\/\\\/xstyle.md\\\/product\\\/fonar-lezyne-strip-pro-ai-alert-400-rear-black\\\/#primaryimage\"},\"image\":{\"@id\":\"https:\\\/\\\/xstyle.md\\\/product\\\/fonar-lezyne-strip-pro-ai-alert-400-rear-black\\\/#primaryimage\"},\"thumbnailUrl\":\"https:\\\/\\\/xstyle.md\\\/wp-content\\\/uploads\\\/2025\\\/04\\\/lezyne-strip-pro-ai-alert-400-rear-black.webp\",\"datePublished\":\"2025-04-07T12:38:54+00:00\",\"dateModified\":\"2026-03-19T14:32:50+00:00\",\"breadcrumb\":{\"@id\":\"https:\\\/\\\/xstyle.md\\\/product\\\/fonar-lezyne-strip-pro-ai-alert-400-rear-black\\\/#breadcrumb\"},\"inLanguage\":\"ro-RO\",\"potentialAction\":[{\"@type\":\"ReadAction\",\"target\":[\"https:\\\/\\\/xstyle.md\\\/product\\\/fonar-lezyne-strip-pro-ai-alert-400-rear-black\\\/\"]}]},{\"@type\":\"ImageObject\",\"inLanguage\":\"ro-RO\",\"@id\":\"https:\\\/\\\/xstyle.md\\\/product\\\/fonar-lezyne-strip-pro-ai-alert-400-rear-black\\\/#primaryimage\",\"url\":\"https:\\\/\\\/xstyle.md\\\/wp-content\\\/uploads\\\/2025\\\/04\\\/lezyne-strip-pro-ai-alert-400-rear-black.webp\",\"contentUrl\":\"https:\\\/\\\/xstyle.md\\\/wp-content\\\/uploads\\\/2025\\\/04\\\/lezyne-strip-pro-ai-alert-400-rear-black.webp\",\"width\":1200,\"height\":1200,\"caption\":\"\u0424\u043e\u043d\u0430\u0440\u044c Lezyne Strip Pro Ai Alert 400+ \u0434\u043b\u044f \u0430\u043a\u0442\u0438\u0432\u043d\u043e\u0433\u043e \u043e\u0442\u0434\u044b\u0445\u0430, \u043f\u043e\u0445\u043e\u0434\u043e\u0432 \u0438 \u043f\u0443\u0442\u0435\u0448\u0435\u0441\u0442\u0432\u0438\u0439, \u043e\u0434\u0435\u0436\u0434\u0430 \u0438 \u043e\u0431\u0443\u0432\u044c \u0434\u043b\u044f \u0430\u043a\u0442\u0438\u0432\u043d\u043e\u0439 \u0436\u0438\u0437\u043d\u0438, trekking, \u0430\u043b\u044c\u043f\u0438\u043d\u0438\u0437\u043c, \u0442\u0443\u0440\u0438\u0441\u0442\u0438\u0447\u0435\u0441\u043a\u043e\u0435 \u0441\u043d\u0430\u0440\u044f\u0436\u0435\u043d\u0438\u0435 \u0434\u043b\u044f \u043e\u043d\u043b\u0430\u0439\u043d \u043c\u0430\u0433\u0430\u0437\u0438\u043d\u0430\"},{\"@type\":\"BreadcrumbList\",\"@id\":\"https:\\\/\\\/xstyle.md\\\/product\\\/fonar-lezyne-strip-pro-ai-alert-400-rear-black\\\/#breadcrumb\",\"itemListElement\":[{\"@type\":\"ListItem\",\"position\":1,\"name\":\"\u0413\u043b\u0430\u0432\u043d\u0430\u044f \u0441\u0442\u0440\u0430\u043d\u0438\u0446\u0430\",\"item\":\"https:\\\/\\\/xstyle.md\\\/\"},{\"@type\":\"ListItem\",\"position\":2,\"name\":\"\u041c\u0430\u0433\u0430\u0437\u0438\u043d\",\"item\":\"https:\\\/\\\/xstyle.md\\\/shop\\\/\"},{\"@type\":\"ListItem\",\"position\":3,\"name\":\"\u0424\u043e\u043d\u0430\u0440\u044c Lezyne Strip Pro Ai Alert 400+ Rear black\"}]},{\"@type\":\"WebSite\",\"@id\":\"https:\\\/\\\/xstyle.md\\\/#website\",\"url\":\"https:\\\/\\\/xstyle.md\\\/\",\"name\":\"\u041c\u0430\u0433\u0430\u0437\u0438\u043d Xstyle\",\"description\":\"C\u043d\u0430\u0440\u044f\u0436\u0435\u043d\u0438\u0435 \u0434\u043b\u044f \u0442\u0443\u0440\u0438\u0437\u043c\u0430 \u0438 \u044d\u043a\u0441\u0442\u0440\u0435\u043c\u0430\u043b\u044c\u043d\u044b\u0445 \u0432\u0438\u0434\u043e\u0432 \u0441\u043f\u043e\u0440\u0442\u0430 \u0432 \u041c\u043e\u043b\u0434\u043e\u0432\u0435.. \u0426\u0435\u043d\u044b, \u0444\u043e\u0442\u043e, \u0445\u0430\u0440\u0430\u043a\u0442\u0435\u0440\u0438\u0441\u0442\u0438\u043a\u0438 \u0432 \u041c\u043e\u043b\u0434\u043e\u0432\u0435.\",\"publisher\":{\"@id\":\"https:\\\/\\\/xstyle.md\\\/#organization\"},\"alternateName\":\"X-Style\",\"potentialAction\":[{\"@type\":\"SearchAction\",\"target\":{\"@type\":\"EntryPoint\",\"urlTemplate\":\"https:\\\/\\\/xstyle.md\\\/?s={search_term_string}\"},\"query-input\":{\"@type\":\"PropertyValueSpecification\",\"valueRequired\":true,\"valueName\":\"search_term_string\"}}],\"inLanguage\":\"ro-RO\"},{\"@type\":\"Organization\",\"@id\":\"https:\\\/\\\/xstyle.md\\\/#organization\",\"name\":\"\u041c\u0430\u0433\u0430\u0437\u0438\u043d Xstyle\",\"alternateName\":\"x-style\",\"url\":\"https:\\\/\\\/xstyle.md\\\/\",\"logo\":{\"@type\":\"ImageObject\",\"inLanguage\":\"ro-RO\",\"@id\":\"https:\\\/\\\/xstyle.md\\\/#\\\/schema\\\/logo\\\/image\\\/\",\"url\":\"https:\\\/\\\/xstyle.md\\\/wp-content\\\/uploads\\\/2020\\\/06\\\/logoicon.svg\",\"contentUrl\":\"https:\\\/\\\/xstyle.md\\\/wp-content\\\/uploads\\\/2020\\\/06\\\/logoicon.svg\",\"caption\":\"\u041c\u0430\u0433\u0430\u0437\u0438\u043d Xstyle\"},\"image\":{\"@id\":\"https:\\\/\\\/xstyle.md\\\/#\\\/schema\\\/logo\\\/image\\\/\"},\"sameAs\":[\"https:\\\/\\\/www.facebook.com\\\/xstylemd\",\"https:\\\/\\\/www.instagram.com\\\/xstyle_md\\\/\",\"https:\\\/\\\/t.me\\\/xstyle_outdoor\"],\"hasMerchantReturnPolicy\":{\"@type\":\"MerchantReturnPolicy\",\"merchantReturnLink\":\"https:\\\/\\\/xstyle.md\\\/ro\\\/conditions\\\/\"}}]}<\/script>\n<meta property=\"product:price:amount\" content=\"1290.00\" \/>\n<meta property=\"product:price:currency\" content=\"MDL\" \/>\n<meta property=\"og:availability\" content=\"instock\" \/>\n<meta property=\"product:availability\" content=\"instock\" \/>\n<meta property=\"product:retailer_item_id\" content=\"4710582553769\" \/>\n<meta property=\"product:condition\" content=\"new\" \/>\n<!-- \/ Yoast SEO plugin. -->","yoast_head_json":{"title":"\u0424\u043e\u043d\u0430\u0440\u044c Lezyne Strip Pro Ai Alert 400+ Rear black - \u041c\u0430\u0433\u0430\u0437\u0438\u043d Xstyle","robots":{"index":"index","follow":"follow","max-snippet":"max-snippet:-1","max-image-preview":"max-image-preview:large","max-video-preview":"max-video-preview:-1"},"canonical":"https:\/\/xstyle.md\/ro\/produs\/fonar-lezyne-strip-pro-ai-alert-400-rear-black\/","og_locale":"ro_RO","og_type":"article","og_title":"\u0424\u043e\u043d\u0430\u0440\u044c Lezyne Strip Pro Ai Alert 400+ Rear black - \u041c\u0430\u0433\u0430\u0437\u0438\u043d Xstyle","og_description":"\u0411\u0440\u0435\u043d\u0434 Lezyne \u2013 \u0433\u043b\u043e\u0431\u0430\u043b\u044c\u043d\u044b\u0439 \u0430\u043c\u0435\u0440\u0438\u043a\u0430\u043d\u0441\u043a\u0438\u0439 \u0431\u0440\u0435\u043d\u0434 \u043f\u043e \u043f\u0440\u043e\u0438\u0437\u0432\u043e\u0434\u0441\u0442\u0432\u0443 \u0430\u043a\u0441\u0435\u0441\u0441\u0443\u0430\u0440\u043e\u0432, \u043a\u043e\u043c\u043f\u044c\u044e\u0442\u0435\u0440\u043e\u0432 \u0438 \u0441\u0432\u0435\u0442\u043e\u0432\u043e\u0439 \u043e\u043f\u0442\u0438\u043a\u0438 \u0434\u043b\u044f \u0432\u0435\u043b\u043e\u0441\u0438\u043f\u0435\u0434\u0430. \u041a\u043e\u043c\u043f\u0430\u043d\u0438\u044e \u043e\u0441\u043d\u043e\u0432\u0430\u043b \u0442\u0440\u0438\u0430\u0442\u043b\u0435\u0442 \u041c\u0438\u043a\u0438 \u041a\u043e\u0446\u0443\u0448\u0435\u043a \u0432 2007 \u0433\u043e\u0434\u0443. \u0421 \u0442\u0435\u0445 \u043f\u043e\u0440 \u043a\u043e\u043c\u043f\u0430\u043d\u0438\u044f Lezyne \u0443\u0441\u0442\u0430\u043d\u043e\u0432\u0438\u043b\u0430 \u043d\u043e\u0432\u044b\u0439 \u0441\u0442\u0430\u043d\u0434\u0430\u0440\u0442 \u0432 \u043f\u0440\u043e\u0438\u0437\u0432\u043e\u0434\u0441\u0442\u0432\u0435 \u043f\u0440\u0435\u043c\u0438\u0430\u043b\u044c\u043d\u044b\u0445, \u0432\u044b\u0441\u043e\u043a\u043e\u043a\u0430\u0447\u0435\u0441\u0442\u0432\u0435\u043d\u043d\u044b\u0445 \u0430\u043a\u0441\u0435\u0441\u0441\u0443\u0430\u0440\u043e\u0432, \u043e\u0442\u0432\u0435\u0447\u0430\u044e\u0449\u0438\u0445 \u043a\u0440\u0438\u0442\u0435\u0440\u0438\u044f\u043c \u0432\u044b\u0441\u0448\u0435\u0433\u043e \u0441\u0435\u0433\u043c\u0435\u043d\u0442\u0430 \u0432 \u0432\u0435\u043b\u043e\u0441\u0438\u043f\u0435\u0434\u043d\u043e\u0439 \u0438\u043d\u0434\u0443\u0441\u0442\u0440\u0438\u0438. \u201c\u0421\u043f\u0440\u043e\u0435\u043a\u0442\u0438\u0440\u043e\u0432\u0430\u043d\u043d\u044b\u0439 \u0414\u0438\u0437\u0430\u0439\u043d\u201d \u2013 \u0433\u043b\u0430\u0432\u043d\u044b\u0439 \u0441\u043b\u043e\u0433\u0430\u043d \u0431\u0440\u0435\u043d\u0434\u0430. \u0421 2011 \u0433\u043e\u0434\u0430, \u0431\u0440\u0435\u043d\u0434 Lezyne \u043f\u0440\u0435\u0434\u0441\u0442\u0430\u043b [&hellip;]","og_url":"https:\/\/xstyle.md\/ro\/produs\/fonar-lezyne-strip-pro-ai-alert-400-rear-black\/","og_site_name":"\u041c\u0430\u0433\u0430\u0437\u0438\u043d Xstyle","article_publisher":"https:\/\/www.facebook.com\/xstylemd","article_modified_time":"2026-03-19T14:32:50+00:00","og_image":[{"width":1200,"height":1200,"url":"https:\/\/xstyle.md\/wp-content\/uploads\/2025\/04\/lezyne-strip-pro-ai-alert-400-rear-black.webp","type":"image\/webp"}],"twitter_card":"summary_large_image","twitter_misc":{"Pre\u021b":"1.290&nbsp;MDL","Disponibilitate":"\u00cen stoc"},"schema":{"@context":"https:\/\/schema.org","@graph":[{"@type":"WebPage","@id":"https:\/\/xstyle.md\/product\/fonar-lezyne-strip-pro-ai-alert-400-rear-black\/","url":"https:\/\/xstyle.md\/product\/fonar-lezyne-strip-pro-ai-alert-400-rear-black\/","name":"\u0424\u043e\u043d\u0430\u0440\u044c Lezyne Strip Pro Ai Alert 400+ Rear black - \u041c\u0430\u0433\u0430\u0437\u0438\u043d Xstyle","isPartOf":{"@id":"https:\/\/xstyle.md\/#website"},"primaryImageOfPage":{"@id":"https:\/\/xstyle.md\/product\/fonar-lezyne-strip-pro-ai-alert-400-rear-black\/#primaryimage"},"image":{"@id":"https:\/\/xstyle.md\/product\/fonar-lezyne-strip-pro-ai-alert-400-rear-black\/#primaryimage"},"thumbnailUrl":"https:\/\/xstyle.md\/wp-content\/uploads\/2025\/04\/lezyne-strip-pro-ai-alert-400-rear-black.webp","datePublished":"2025-04-07T12:38:54+00:00","dateModified":"2026-03-19T14:32:50+00:00","breadcrumb":{"@id":"https:\/\/xstyle.md\/product\/fonar-lezyne-strip-pro-ai-alert-400-rear-black\/#breadcrumb"},"inLanguage":"ro-RO","potentialAction":[{"@type":"ReadAction","target":["https:\/\/xstyle.md\/product\/fonar-lezyne-strip-pro-ai-alert-400-rear-black\/"]}]},{"@type":"ImageObject","inLanguage":"ro-RO","@id":"https:\/\/xstyle.md\/product\/fonar-lezyne-strip-pro-ai-alert-400-rear-black\/#primaryimage","url":"https:\/\/xstyle.md\/wp-content\/uploads\/2025\/04\/lezyne-strip-pro-ai-alert-400-rear-black.webp","contentUrl":"https:\/\/xstyle.md\/wp-content\/uploads\/2025\/04\/lezyne-strip-pro-ai-alert-400-rear-black.webp","width":1200,"height":1200,"caption":"\u0424\u043e\u043d\u0430\u0440\u044c Lezyne Strip Pro Ai Alert 400+ \u0434\u043b\u044f \u0430\u043a\u0442\u0438\u0432\u043d\u043e\u0433\u043e \u043e\u0442\u0434\u044b\u0445\u0430, \u043f\u043e\u0445\u043e\u0434\u043e\u0432 \u0438 \u043f\u0443\u0442\u0435\u0448\u0435\u0441\u0442\u0432\u0438\u0439, \u043e\u0434\u0435\u0436\u0434\u0430 \u0438 \u043e\u0431\u0443\u0432\u044c \u0434\u043b\u044f \u0430\u043a\u0442\u0438\u0432\u043d\u043e\u0439 \u0436\u0438\u0437\u043d\u0438, trekking, \u0430\u043b\u044c\u043f\u0438\u043d\u0438\u0437\u043c, \u0442\u0443\u0440\u0438\u0441\u0442\u0438\u0447\u0435\u0441\u043a\u043e\u0435 \u0441\u043d\u0430\u0440\u044f\u0436\u0435\u043d\u0438\u0435 \u0434\u043b\u044f \u043e\u043d\u043b\u0430\u0439\u043d \u043c\u0430\u0433\u0430\u0437\u0438\u043d\u0430"},{"@type":"BreadcrumbList","@id":"https:\/\/xstyle.md\/product\/fonar-lezyne-strip-pro-ai-alert-400-rear-black\/#breadcrumb","itemListElement":[{"@type":"ListItem","position":1,"name":"\u0413\u043b\u0430\u0432\u043d\u0430\u044f \u0441\u0442\u0440\u0430\u043d\u0438\u0446\u0430","item":"https:\/\/xstyle.md\/"},{"@type":"ListItem","position":2,"name":"\u041c\u0430\u0433\u0430\u0437\u0438\u043d","item":"https:\/\/xstyle.md\/shop\/"},{"@type":"ListItem","position":3,"name":"\u0424\u043e\u043d\u0430\u0440\u044c Lezyne Strip Pro Ai Alert 400+ Rear black"}]},{"@type":"WebSite","@id":"https:\/\/xstyle.md\/#website","url":"https:\/\/xstyle.md\/","name":"Magazinul X-Style","description":"Echipamente pentru turism \u0219i sporturi extreme \u00een Moldova. Pre\u021buri, fotografii, caracteristici \u00een Moldova.","publisher":{"@id":"https:\/\/xstyle.md\/#organization"},"alternateName":"X-Style","potentialAction":[{"@type":"SearchAction","target":{"@type":"EntryPoint","urlTemplate":"https:\/\/xstyle.md\/?s={search_term_string}"},"query-input":{"@type":"PropertyValueSpecification","valueRequired":true,"valueName":"search_term_string"}}],"inLanguage":"ro-RO"},{"@type":"Organization","@id":"https:\/\/xstyle.md\/#organization","name":"Magazinul X-Style","alternateName":"x-style","url":"https:\/\/xstyle.md\/","logo":{"@type":"ImageObject","inLanguage":"ro-RO","@id":"https:\/\/xstyle.md\/#\/schema\/logo\/image\/","url":"https:\/\/xstyle.md\/wp-content\/uploads\/2020\/06\/logoicon.svg","contentUrl":"https:\/\/xstyle.md\/wp-content\/uploads\/2020\/06\/logoicon.svg","caption":"\u041c\u0430\u0433\u0430\u0437\u0438\u043d Xstyle"},"image":{"@id":"https:\/\/xstyle.md\/#\/schema\/logo\/image\/"},"sameAs":["https:\/\/www.facebook.com\/xstylemd","https:\/\/www.instagram.com\/xstyle_md\/","https:\/\/t.me\/xstyle_outdoor"],"hasMerchantReturnPolicy":{"@type":"MerchantReturnPolicy","merchantReturnLink":"https:\/\/xstyle.md\/ro\/conditions\/"}}]},"product_price_amount":"1290.00","product_price_currency":"MDL","og_availability":"instock","product_availability":"instock","product_retailer_item_id":"4710582553769","product_condition":"new"},"_links":{"self":[{"href":"https:\/\/xstyle.md\/ro\/wp-json\/wp\/v2\/product\/93592","targetHints":{"allow":["GET"]}}],"collection":[{"href":"https:\/\/xstyle.md\/ro\/wp-json\/wp\/v2\/product"}],"about":[{"href":"https:\/\/xstyle.md\/ro\/wp-json\/wp\/v2\/types\/product"}],"replies":[{"embeddable":true,"href":"https:\/\/xstyle.md\/ro\/wp-json\/wp\/v2\/comments?post=93592"}],"wp:featuredmedia":[{"embeddable":true,"href":"https:\/\/xstyle.md\/ro\/wp-json\/wp\/v2\/media\/103250"}],"wp:attachment":[{"href":"https:\/\/xstyle.md\/ro\/wp-json\/wp\/v2\/media?parent=93592"}],"wp:term":[{"taxonomy":"product_brand","embeddable":true,"href":"https:\/\/xstyle.md\/ro\/wp-json\/wp\/v2\/product_brand?post=93592"},{"taxonomy":"product_cat","embeddable":true,"href":"https:\/\/xstyle.md\/ro\/wp-json\/wp\/v2\/product_cat?post=93592"},{"taxonomy":"product_tag","embeddable":true,"href":"https:\/\/xstyle.md\/ro\/wp-json\/wp\/v2\/product_tag?post=93592"}],"curies":[{"name":"wp","href":"https:\/\/api.w.org\/{rel}","templated":true}]}}