{"id":92527,"date":"2025-02-07T15:57:05","date_gmt":"2025-02-07T12:57:05","guid":{"rendered":"https:\/\/xstyle.md\/?post_type=product&#038;p=92527"},"modified":"2026-03-19T17:32:44","modified_gmt":"2026-03-19T14:32:44","slug":"perchatki-rossignol-new-piste-black","status":"publish","type":"product","link":"https:\/\/dev.xstyle.md\/ro\/produs\/perchatki-rossignol-new-piste-black\/","title":{"rendered":"M\u0103nu\u0219i schi Rossignol New Piste black"},"content":{"rendered":"<p><\/p>\n<p><strong>Rossignol New Piste<\/strong> &#8212; sunt m\u0103nu\u0219i de schi pentru femei, create pentru a oferi confort maxim \u0219i c\u0103ldur\u0103 pe p\u00e2rtiile de schi alpin. Designul izolat protejeaz\u0103 m\u00e2inile \u00eempotriva frigului, permi\u021b\u00e2ndu-v\u0103 s\u0103 v\u0103 bucura\u021bi de schi \u00een orice condi\u021bii meteorologice.<\/p>\n<h3>Particularit\u0103\u021bi<\/h3>\n<ul>\n<li>Membran\u0103 impermeabil\u0103 \u0219i respirabil\u0103 &#8212; blocheaz\u0103 p\u0103trunderea apei \u0219i elimin\u0103 transpira\u021bia, men\u021bin\u00e2nd m\u00e2inile calde \u0219i uscate<\/li>\n<li>Izola\u021bie PrimaLoft\u00ae Silver &#8212; un strat termic u\u0219or \u0219i ecologic, care ofer\u0103 c\u0103ldur\u0103 f\u0103r\u0103 a ad\u0103uga volum mare; este realizat \u00een propor\u021bie de 70% din materiale reciclate provenite din sticle de plastic<\/li>\n<li>Tratament DWR (Durable Water-Repellent) &#8212; protejeaz\u0103 \u00eempotriva z\u0103pezii \u0219i ploii f\u0103r\u0103 a utiliza substan\u021be chimice toxice pe baz\u0103 de fluorocarburi<\/li>\n<\/ul>\n<h3>Caracteristici<\/h3>\n<ul>\n<li>Material &#8212; poliester, neopren<\/li>\n<li>Izola\u021bie &#8212; PrimaLoft\u00ae Silver<\/li>\n<li>Respirabilitate &#8212; 15.000 g \/ m\u00b2 \/ 24 h<\/li>\n<li>Impermeabilitate &#8212; 15.000 mm<\/li>\n<li>Model &#8212; dam\u0103<\/li>\n<\/ul>\n<h3>Tehnologii<\/h3>\n<ul>\n<li><strong>PrimaLoft<\/strong>\u00ae <strong>Silver<\/strong> este cea mai ecologic\u0103 variant\u0103 de izola\u021bie termic\u0103, fiind compus\u0103 \u00een propor\u021bie de 70% din materiale reciclate. Moliciunea incredibil\u0103 a materialului \u0219i tratamentul hidrofob (de respingere a apei) permit utilizarea produselor dotate cu aceast\u0103 tehnologie chiar \u0219i pe vreme umed\u0103, oferind o \u00eenc\u0103lzire rapid\u0103 \u0219i eficient\u0103. \u00cen plus, materialul posed\u0103 propriet\u0103\u021bi ridicate de compresie, fiind extrem de compact, iar la atingere ofer\u0103 o senza\u021bie similar\u0103 cu cea a pufului natural de g\u00e2sc\u0103.<\/li>\n<li><strong>DWR (Durable Water Repellent)<\/strong> &#8212; este un tratament de suprafa\u021b\u0103 aplicat materialului pentru a respinge apa, \u00eembun\u0103t\u0103\u021bind semnificativ propriet\u0103\u021bile func\u021bionale ale \u00eembr\u0103c\u0103mintei; aceast\u0103 impregnare \u00ee\u0219i p\u0103streaz\u0103 calit\u0103\u021bile timp de p\u00e2n\u0103 la 10 cicluri de sp\u0103lare \u0219i poate fi re\u00eennoit\u0103 u\u0219or cu ajutorul spray-urilor speciale (precum Toko Textile Proof), varianta DWR C6 fiind o op\u021biune mai ecologic\u0103 \u0219i mai prietenoas\u0103 cu mediul \u00eenconjur\u0103tor.<\/li>\n<\/ul>\n<p><\/p>\n<h3>Marca<\/h3>\n<p>\u00cen urm\u0103 cu mai bine de 100 de ani, mai precis \u00een 1907, \u00een ora\u0219ul Voiron, nu departe de Grenoble (Fran\u021ba), t\u00e2mplarul Abel Rossignol a creat o mic\u0103 firm\u0103 specializat\u0103 \u00een produc\u021bia de produse din lemn pentru industria textil\u0103. Deja \u00een acel moment, Abel Rossignol se g\u00e2ndea cum s\u0103 \u00eenfiin\u021beze produc\u021bia propriilor schiuri din lemn. Patru ani mai t\u00e2rziu, prima pereche de schiuri a v\u0103zut lumina.<\/p>\n<p>Deja \u00een 1911, dup\u0103 o expedi\u021bie \u00een Scandinavia, a fost creat un departament la firma care se ocupa exclusiv de schi. Ast\u0103zi, Rossignol combin\u0103 mai multe m\u0103rci: Rossignol, Dynastar, Lange \u0219i Risport \u0219i ofer\u0103 o gam\u0103 complet\u0103 de echipamente pentru sporturile de iarn\u0103 - totul pentru cei care iubesc sportul.<\/p>","protected":false},"excerpt":{"rendered":"<p>\u0411\u0440\u0435\u043d\u0434 \u0411\u043e\u043b\u0435\u0435 100 \u043b\u0435\u0442 \u043d\u0430\u0437\u0430\u0434, \u0430 \u0442\u043e\u0447\u043d\u0435\u0435 \u0432 1907-\u043c \u0433\u043e\u0434\u0443 \u0432 \u043c\u0435\u0441\u0442\u0435\u0447\u043a\u0435 \u0412\u0443\u0430\u0440\u043e\u043d, \u043d\u0435\u0434\u0430\u043b\u0435\u043a\u043e \u043e\u0442 \u0413\u0440\u0435\u043d\u043e\u0431\u043b\u044f (\u0424\u0440\u0430\u043d\u0446\u0438\u044f) \u043f\u043b\u043e\u0442\u043d\u0438\u043a \u0410\u0431\u0435\u043b\u044c \u0420\u043e\u0441\u0441\u0438\u043d\u044c\u043e\u043b\u044c<\/p>","protected":false},"featured_media":98489,"comment_status":"open","ping_status":"closed","template":"","meta":{"_acf_changed":false,"inline_featured_image":false},"product_brand":[1320],"product_cat":[881],"product_tag":[],"class_list":{"0":"post-92527","1":"product","2":"type-product","3":"status-publish","4":"has-post-thumbnail","6":"product_brand-rossignol","7":"product_cat-ski-gloves-women","9":"first","10":"instock","11":"shipping-taxable","12":"purchasable","13":"product-type-simple"},"acf":[],"yoast_head":"<!-- This site is optimized with the Yoast SEO plugin v27.5 - https:\/\/yoast.com\/product\/yoast-seo-wordpress\/ -->\n<title>\u041f\u0435\u0440\u0447\u0430\u0442\u043a\u0438 Rossignol New Piste black - \u041c\u0430\u0433\u0430\u0437\u0438\u043d Xstyle<\/title>\n<meta name=\"robots\" content=\"noindex, follow, max-snippet:-1, max-image-preview:large, max-video-preview:-1\" \/>\n<meta property=\"og:locale\" content=\"ro_RO\" \/>\n<meta property=\"og:type\" content=\"article\" \/>\n<meta property=\"og:title\" content=\"\u041f\u0435\u0440\u0447\u0430\u0442\u043a\u0438 Rossignol New Piste black - \u041c\u0430\u0433\u0430\u0437\u0438\u043d Xstyle\" \/>\n<meta property=\"og:description\" content=\"\u0411\u0440\u0435\u043d\u0434 \u0411\u043e\u043b\u0435\u0435 100 \u043b\u0435\u0442 \u043d\u0430\u0437\u0430\u0434, \u0430 \u0442\u043e\u0447\u043d\u0435\u0435 \u0432 1907-\u043c \u0433\u043e\u0434\u0443 \u0432 \u043c\u0435\u0441\u0442\u0435\u0447\u043a\u0435 \u0412\u0443\u0430\u0440\u043e\u043d, \u043d\u0435\u0434\u0430\u043b\u0435\u043a\u043e \u043e\u0442 \u0413\u0440\u0435\u043d\u043e\u0431\u043b\u044f (\u0424\u0440\u0430\u043d\u0446\u0438\u044f) \u043f\u043b\u043e\u0442\u043d\u0438\u043a \u0410\u0431\u0435\u043b\u044c \u0420\u043e\u0441\u0441\u0438\u043d\u044c\u043e\u043b\u044c\" \/>\n<meta property=\"og:url\" content=\"https:\/\/dev.xstyle.md\/ro\/produs\/perchatki-rossignol-new-piste-black\/\" \/>\n<meta property=\"og:site_name\" content=\"\u041c\u0430\u0433\u0430\u0437\u0438\u043d Xstyle\" \/>\n<meta property=\"article:publisher\" content=\"https:\/\/www.facebook.com\/xstylemd\" \/>\n<meta property=\"article:modified_time\" content=\"2026-03-19T14:32:44+00:00\" \/>\n<meta property=\"og:image\" content=\"https:\/\/dev.xstyle.md\/wp-content\/uploads\/2025\/02\/rossignol-new-piste-black.webp\" \/>\n\t<meta property=\"og:image:width\" content=\"1000\" \/>\n\t<meta property=\"og:image:height\" content=\"1000\" \/>\n\t<meta property=\"og:image:type\" content=\"image\/webp\" \/>\n<meta name=\"twitter:card\" content=\"summary_large_image\" \/>\n<meta name=\"twitter:label1\" content=\"Pre\u021b\" \/>\n\t<meta name=\"twitter:data1\" content=\"1.150,00&nbsp;MDL\" \/>\n\t<meta name=\"twitter:label2\" content=\"Disponibilitate\" \/>\n\t<meta name=\"twitter:data2\" content=\"\u00cen stoc\" \/>\n<script type=\"application\/ld+json\" class=\"yoast-schema-graph\">{\"@context\":\"https:\\\/\\\/schema.org\",\"@graph\":[{\"@type\":\"WebPage\",\"@id\":\"https:\\\/\\\/dev.xstyle.md\\\/product\\\/perchatki-rossignol-new-piste-black\\\/\",\"url\":\"https:\\\/\\\/dev.xstyle.md\\\/product\\\/perchatki-rossignol-new-piste-black\\\/\",\"name\":\"\u041f\u0435\u0440\u0447\u0430\u0442\u043a\u0438 Rossignol New Piste black - \u041c\u0430\u0433\u0430\u0437\u0438\u043d Xstyle\",\"isPartOf\":{\"@id\":\"https:\\\/\\\/dev.xstyle.md\\\/#website\"},\"primaryImageOfPage\":{\"@id\":\"https:\\\/\\\/dev.xstyle.md\\\/product\\\/perchatki-rossignol-new-piste-black\\\/#primaryimage\"},\"image\":{\"@id\":\"https:\\\/\\\/dev.xstyle.md\\\/product\\\/perchatki-rossignol-new-piste-black\\\/#primaryimage\"},\"thumbnailUrl\":\"https:\\\/\\\/dev.xstyle.md\\\/wp-content\\\/uploads\\\/2025\\\/02\\\/rossignol-new-piste-black.webp\",\"datePublished\":\"2025-02-07T12:57:05+00:00\",\"dateModified\":\"2026-03-19T14:32:44+00:00\",\"breadcrumb\":{\"@id\":\"https:\\\/\\\/dev.xstyle.md\\\/product\\\/perchatki-rossignol-new-piste-black\\\/#breadcrumb\"},\"inLanguage\":\"ro-RO\",\"potentialAction\":[{\"@type\":\"ReadAction\",\"target\":[\"https:\\\/\\\/dev.xstyle.md\\\/product\\\/perchatki-rossignol-new-piste-black\\\/\"]}]},{\"@type\":\"ImageObject\",\"inLanguage\":\"ro-RO\",\"@id\":\"https:\\\/\\\/dev.xstyle.md\\\/product\\\/perchatki-rossignol-new-piste-black\\\/#primaryimage\",\"url\":\"https:\\\/\\\/dev.xstyle.md\\\/wp-content\\\/uploads\\\/2025\\\/02\\\/rossignol-new-piste-black.webp\",\"contentUrl\":\"https:\\\/\\\/dev.xstyle.md\\\/wp-content\\\/uploads\\\/2025\\\/02\\\/rossignol-new-piste-black.webp\",\"width\":1000,\"height\":1000,\"caption\":\"\u041f\u0435\u0440\u0447\u0430\u0442\u043a\u0438 Rossignol New Piste \u0447\u0435\u0440\u043d\u044b\u0435 \u0434\u043b\u044f \u0430\u043a\u0442\u0438\u0432\u043d\u043e\u0433\u043e \u043e\u0442\u0434\u044b\u0445\u0430, \u043f\u043e\u0445\u043e\u0434\u043e\u0432, \u0430\u043b\u044c\u043f\u0438\u043d\u0438\u0437\u043c\u0430 \u0438 \u043f\u0443\u0442\u0435\u0448\u0435\u0441\u0442\u0432\u0438\u0439 \u0432 \u043e\u043d\u043b\u0430\u0439\u043d \u043c\u0430\u0433\u0430\u0437\u0438\u043d\u0435 \u0441\u043f\u043e\u0440\u0442\u0438\u0432\u043d\u043e\u0439 \u043e\u0434\u0435\u0436\u0434\u044b \u0438 \u043e\u0431\u0443\u0432\u0438\"},{\"@type\":\"BreadcrumbList\",\"@id\":\"https:\\\/\\\/dev.xstyle.md\\\/product\\\/perchatki-rossignol-new-piste-black\\\/#breadcrumb\",\"itemListElement\":[{\"@type\":\"ListItem\",\"position\":1,\"name\":\"\u0413\u043b\u0430\u0432\u043d\u0430\u044f \u0441\u0442\u0440\u0430\u043d\u0438\u0446\u0430\",\"item\":\"https:\\\/\\\/dev.xstyle.md\\\/\"},{\"@type\":\"ListItem\",\"position\":2,\"name\":\"Shop\",\"item\":\"https:\\\/\\\/dev.xstyle.md\\\/shop\\\/\"},{\"@type\":\"ListItem\",\"position\":3,\"name\":\"\u041f\u0435\u0440\u0447\u0430\u0442\u043a\u0438 Rossignol New Piste black\"}]},{\"@type\":\"WebSite\",\"@id\":\"https:\\\/\\\/dev.xstyle.md\\\/#website\",\"url\":\"https:\\\/\\\/dev.xstyle.md\\\/\",\"name\":\"\u041c\u0430\u0433\u0430\u0437\u0438\u043d Xstyle\",\"description\":\"C\u043d\u0430\u0440\u044f\u0436\u0435\u043d\u0438\u0435 \u0434\u043b\u044f \u0442\u0443\u0440\u0438\u0437\u043c\u0430 \u0438 \u044d\u043a\u0441\u0442\u0440\u0435\u043c\u0430\u043b\u044c\u043d\u044b\u0445 \u0432\u0438\u0434\u043e\u0432 \u0441\u043f\u043e\u0440\u0442\u0430 \u0432 \u041c\u043e\u043b\u0434\u043e\u0432\u0435.. \u0426\u0435\u043d\u044b, \u0444\u043e\u0442\u043e, \u0445\u0430\u0440\u0430\u043a\u0442\u0435\u0440\u0438\u0441\u0442\u0438\u043a\u0438 \u0432 \u041c\u043e\u043b\u0434\u043e\u0432\u0435.\",\"publisher\":{\"@id\":\"https:\\\/\\\/dev.xstyle.md\\\/#organization\"},\"alternateName\":\"X-Style\",\"potentialAction\":[{\"@type\":\"SearchAction\",\"target\":{\"@type\":\"EntryPoint\",\"urlTemplate\":\"https:\\\/\\\/dev.xstyle.md\\\/?s={search_term_string}\"},\"query-input\":{\"@type\":\"PropertyValueSpecification\",\"valueRequired\":true,\"valueName\":\"search_term_string\"}}],\"inLanguage\":\"ro-RO\"},{\"@type\":\"Organization\",\"@id\":\"https:\\\/\\\/dev.xstyle.md\\\/#organization\",\"name\":\"\u041c\u0430\u0433\u0430\u0437\u0438\u043d Xstyle\",\"alternateName\":\"x-style\",\"url\":\"https:\\\/\\\/dev.xstyle.md\\\/\",\"logo\":{\"@type\":\"ImageObject\",\"inLanguage\":\"ro-RO\",\"@id\":\"https:\\\/\\\/dev.xstyle.md\\\/#\\\/schema\\\/logo\\\/image\\\/\",\"url\":\"https:\\\/\\\/dev.xstyle.md\\\/wp-content\\\/uploads\\\/2020\\\/06\\\/logoicon.svg\",\"contentUrl\":\"https:\\\/\\\/dev.xstyle.md\\\/wp-content\\\/uploads\\\/2020\\\/06\\\/logoicon.svg\",\"caption\":\"\u041c\u0430\u0433\u0430\u0437\u0438\u043d Xstyle\"},\"image\":{\"@id\":\"https:\\\/\\\/dev.xstyle.md\\\/#\\\/schema\\\/logo\\\/image\\\/\"},\"sameAs\":[\"https:\\\/\\\/www.facebook.com\\\/xstylemd\",\"https:\\\/\\\/www.instagram.com\\\/xstyle_md\\\/\",\"https:\\\/\\\/t.me\\\/xstyle_outdoor\"],\"hasMerchantReturnPolicy\":{\"@type\":\"MerchantReturnPolicy\",\"merchantReturnLink\":\"https:\\\/\\\/dev.xstyle.md\\\/ro\\\/conditions\\\/\"}}]}<\/script>\n<meta property=\"product:price:amount\" content=\"1150.00\" \/>\n<meta property=\"product:price:currency\" content=\"MDL\" \/>\n<meta property=\"og:availability\" content=\"instock\" \/>\n<meta property=\"product:availability\" content=\"instock\" \/>\n<meta property=\"product:retailer_item_id\" content=\"3607684675905\" \/>\n<meta property=\"product:condition\" content=\"new\" \/>\n<!-- \/ Yoast SEO plugin. -->","yoast_head_json":{"title":"\u041f\u0435\u0440\u0447\u0430\u0442\u043a\u0438 Rossignol New Piste black - \u041c\u0430\u0433\u0430\u0437\u0438\u043d Xstyle","robots":{"index":"noindex","follow":"follow","max-snippet":"max-snippet:-1","max-image-preview":"max-image-preview:large","max-video-preview":"max-video-preview:-1"},"og_locale":"ro_RO","og_type":"article","og_title":"\u041f\u0435\u0440\u0447\u0430\u0442\u043a\u0438 Rossignol New Piste black - \u041c\u0430\u0433\u0430\u0437\u0438\u043d Xstyle","og_description":"\u0411\u0440\u0435\u043d\u0434 \u0411\u043e\u043b\u0435\u0435 100 \u043b\u0435\u0442 \u043d\u0430\u0437\u0430\u0434, \u0430 \u0442\u043e\u0447\u043d\u0435\u0435 \u0432 1907-\u043c \u0433\u043e\u0434\u0443 \u0432 \u043c\u0435\u0441\u0442\u0435\u0447\u043a\u0435 \u0412\u0443\u0430\u0440\u043e\u043d, \u043d\u0435\u0434\u0430\u043b\u0435\u043a\u043e \u043e\u0442 \u0413\u0440\u0435\u043d\u043e\u0431\u043b\u044f (\u0424\u0440\u0430\u043d\u0446\u0438\u044f) \u043f\u043b\u043e\u0442\u043d\u0438\u043a \u0410\u0431\u0435\u043b\u044c \u0420\u043e\u0441\u0441\u0438\u043d\u044c\u043e\u043b\u044c","og_url":"https:\/\/dev.xstyle.md\/ro\/produs\/perchatki-rossignol-new-piste-black\/","og_site_name":"\u041c\u0430\u0433\u0430\u0437\u0438\u043d Xstyle","article_publisher":"https:\/\/www.facebook.com\/xstylemd","article_modified_time":"2026-03-19T14:32:44+00:00","og_image":[{"width":1000,"height":1000,"url":"https:\/\/dev.xstyle.md\/wp-content\/uploads\/2025\/02\/rossignol-new-piste-black.webp","type":"image\/webp"}],"twitter_card":"summary_large_image","twitter_misc":{"Pre\u021b":"1.150,00&nbsp;MDL","Disponibilitate":"\u00cen stoc"},"schema":{"@context":"https:\/\/schema.org","@graph":[{"@type":"WebPage","@id":"https:\/\/dev.xstyle.md\/product\/perchatki-rossignol-new-piste-black\/","url":"https:\/\/dev.xstyle.md\/product\/perchatki-rossignol-new-piste-black\/","name":"\u041f\u0435\u0440\u0447\u0430\u0442\u043a\u0438 Rossignol New Piste black - \u041c\u0430\u0433\u0430\u0437\u0438\u043d Xstyle","isPartOf":{"@id":"https:\/\/dev.xstyle.md\/#website"},"primaryImageOfPage":{"@id":"https:\/\/dev.xstyle.md\/product\/perchatki-rossignol-new-piste-black\/#primaryimage"},"image":{"@id":"https:\/\/dev.xstyle.md\/product\/perchatki-rossignol-new-piste-black\/#primaryimage"},"thumbnailUrl":"https:\/\/dev.xstyle.md\/wp-content\/uploads\/2025\/02\/rossignol-new-piste-black.webp","datePublished":"2025-02-07T12:57:05+00:00","dateModified":"2026-03-19T14:32:44+00:00","breadcrumb":{"@id":"https:\/\/dev.xstyle.md\/product\/perchatki-rossignol-new-piste-black\/#breadcrumb"},"inLanguage":"ro-RO","potentialAction":[{"@type":"ReadAction","target":["https:\/\/dev.xstyle.md\/product\/perchatki-rossignol-new-piste-black\/"]}]},{"@type":"ImageObject","inLanguage":"ro-RO","@id":"https:\/\/dev.xstyle.md\/product\/perchatki-rossignol-new-piste-black\/#primaryimage","url":"https:\/\/dev.xstyle.md\/wp-content\/uploads\/2025\/02\/rossignol-new-piste-black.webp","contentUrl":"https:\/\/dev.xstyle.md\/wp-content\/uploads\/2025\/02\/rossignol-new-piste-black.webp","width":1000,"height":1000,"caption":"\u041f\u0435\u0440\u0447\u0430\u0442\u043a\u0438 Rossignol New Piste \u0447\u0435\u0440\u043d\u044b\u0435 \u0434\u043b\u044f \u0430\u043a\u0442\u0438\u0432\u043d\u043e\u0433\u043e \u043e\u0442\u0434\u044b\u0445\u0430, \u043f\u043e\u0445\u043e\u0434\u043e\u0432, \u0430\u043b\u044c\u043f\u0438\u043d\u0438\u0437\u043c\u0430 \u0438 \u043f\u0443\u0442\u0435\u0448\u0435\u0441\u0442\u0432\u0438\u0439 \u0432 \u043e\u043d\u043b\u0430\u0439\u043d \u043c\u0430\u0433\u0430\u0437\u0438\u043d\u0435 \u0441\u043f\u043e\u0440\u0442\u0438\u0432\u043d\u043e\u0439 \u043e\u0434\u0435\u0436\u0434\u044b \u0438 \u043e\u0431\u0443\u0432\u0438"},{"@type":"BreadcrumbList","@id":"https:\/\/dev.xstyle.md\/product\/perchatki-rossignol-new-piste-black\/#breadcrumb","itemListElement":[{"@type":"ListItem","position":1,"name":"\u0413\u043b\u0430\u0432\u043d\u0430\u044f \u0441\u0442\u0440\u0430\u043d\u0438\u0446\u0430","item":"https:\/\/dev.xstyle.md\/"},{"@type":"ListItem","position":2,"name":"Shop","item":"https:\/\/dev.xstyle.md\/shop\/"},{"@type":"ListItem","position":3,"name":"\u041f\u0435\u0440\u0447\u0430\u0442\u043a\u0438 Rossignol New Piste black"}]},{"@type":"WebSite","@id":"https:\/\/dev.xstyle.md\/#website","url":"https:\/\/dev.xstyle.md\/","name":"Magazinul X-Style","description":"Echipamente pentru turism \u0219i sporturi extreme \u00een Moldova. Pre\u021buri, fotografii, caracteristici \u00een Moldova.","publisher":{"@id":"https:\/\/dev.xstyle.md\/#organization"},"alternateName":"X-Style","potentialAction":[{"@type":"SearchAction","target":{"@type":"EntryPoint","urlTemplate":"https:\/\/dev.xstyle.md\/?s={search_term_string}"},"query-input":{"@type":"PropertyValueSpecification","valueRequired":true,"valueName":"search_term_string"}}],"inLanguage":"ro-RO"},{"@type":"Organization","@id":"https:\/\/dev.xstyle.md\/#organization","name":"Magazinul X-Style","alternateName":"x-style","url":"https:\/\/dev.xstyle.md\/","logo":{"@type":"ImageObject","inLanguage":"ro-RO","@id":"https:\/\/dev.xstyle.md\/#\/schema\/logo\/image\/","url":"https:\/\/dev.xstyle.md\/wp-content\/uploads\/2020\/06\/logoicon.svg","contentUrl":"https:\/\/dev.xstyle.md\/wp-content\/uploads\/2020\/06\/logoicon.svg","caption":"\u041c\u0430\u0433\u0430\u0437\u0438\u043d Xstyle"},"image":{"@id":"https:\/\/dev.xstyle.md\/#\/schema\/logo\/image\/"},"sameAs":["https:\/\/www.facebook.com\/xstylemd","https:\/\/www.instagram.com\/xstyle_md\/","https:\/\/t.me\/xstyle_outdoor"],"hasMerchantReturnPolicy":{"@type":"MerchantReturnPolicy","merchantReturnLink":"https:\/\/dev.xstyle.md\/ro\/conditions\/"}}]},"product_price_amount":"1150.00","product_price_currency":"MDL","og_availability":"instock","product_availability":"instock","product_retailer_item_id":"3607684675905","product_condition":"new"},"post_mailing_queue_ids":[],"_links":{"self":[{"href":"https:\/\/dev.xstyle.md\/ro\/wp-json\/wp\/v2\/product\/92527","targetHints":{"allow":["GET"]}}],"collection":[{"href":"https:\/\/dev.xstyle.md\/ro\/wp-json\/wp\/v2\/product"}],"about":[{"href":"https:\/\/dev.xstyle.md\/ro\/wp-json\/wp\/v2\/types\/product"}],"replies":[{"embeddable":true,"href":"https:\/\/dev.xstyle.md\/ro\/wp-json\/wp\/v2\/comments?post=92527"}],"version-history":[{"count":2,"href":"https:\/\/dev.xstyle.md\/ro\/wp-json\/wp\/v2\/product\/92527\/revisions"}],"predecessor-version":[{"id":103195,"href":"https:\/\/dev.xstyle.md\/ro\/wp-json\/wp\/v2\/product\/92527\/revisions\/103195"}],"wp:featuredmedia":[{"embeddable":true,"href":"https:\/\/dev.xstyle.md\/ro\/wp-json\/wp\/v2\/media\/98489"}],"wp:attachment":[{"href":"https:\/\/dev.xstyle.md\/ro\/wp-json\/wp\/v2\/media?parent=92527"}],"wp:term":[{"taxonomy":"product_brand","embeddable":true,"href":"https:\/\/dev.xstyle.md\/ro\/wp-json\/wp\/v2\/product_brand?post=92527"},{"taxonomy":"product_cat","embeddable":true,"href":"https:\/\/dev.xstyle.md\/ro\/wp-json\/wp\/v2\/product_cat?post=92527"},{"taxonomy":"product_tag","embeddable":true,"href":"https:\/\/dev.xstyle.md\/ro\/wp-json\/wp\/v2\/product_tag?post=92527"}],"curies":[{"name":"wp","href":"https:\/\/api.w.org\/{rel}","templated":true}]}}