{"id":92522,"date":"2025-02-07T15:57:04","date_gmt":"2025-02-07T12:57:04","guid":{"rendered":"https:\/\/xstyle.md\/?post_type=product&#038;p=92522"},"modified":"2025-05-29T12:02:22","modified_gmt":"2025-05-29T09:02:22","slug":"magneziya-petzl-power-crunch-500-g","status":"publish","type":"product","link":"https:\/\/dev.xstyle.md\/ro\/produs\/magneziya-petzl-power-crunch-500-g\/","title":{"rendered":"Magnezie Petzl Power Crunch 500 g"},"content":{"rendered":"<p><span data-sheets-root=\"1\"><strong>Petzl Power Crunch 500 g<\/strong> &#8212; <\/span>\u0441\u0443\u0445\u0430\u044f \u043c\u0430\u0433\u043d\u0435\u0437\u0438\u044f \u0443\u043b\u0443\u0447\u0448\u0430\u0435\u0442 \u0441\u0446\u0435\u043f\u043b\u0435\u043d\u0438\u0435 \u043f\u0440\u0438 \u043b\u0430\u0437\u0430\u043d\u0438\u0438 \u043f\u043e \u0437\u0430\u0446\u0435\u043f\u0430\u043c \u0438 \u043a\u0430\u043c\u043d\u044f\u043c. \u0421\u043c\u0435\u0441\u044c \u043f\u043e\u0440\u043e\u0448\u043a\u0430 \u0438 \u043a\u0443\u0441\u043e\u0447\u043a\u043e\u0432 \u043c\u0430\u0433\u043d\u0435\u0437\u0438\u0438 \u0443\u043c\u0435\u043d\u044c\u0448\u0430\u0435\u0442 \u043a\u043e\u043b\u0438\u0447\u0435\u0441\u0442\u0432\u043e \u043f\u044b\u043b\u0438.<\/p>\n<h3>Caracteristici<\/h3>\n<ul>\n<li>\u041c\u0430\u0442\u0435\u0440\u0438\u0430\u043b \u2014 \u043a\u0430\u0440\u0431\u043e\u043d\u0430\u0442 \u043c\u0430\u0433\u043d\u0438\u044f<\/li>\n<li>\u041e\u0431\u044a\u0435\u043c \u2014 500 \u0433<\/li>\n<\/ul>\n<h3>Marca<\/h3>\n<p>PETZL  - este un brand de renume mondial care produce echipamente specializate pentru alpinism, speologie, escalad\u0103 \u0219i alpinism utilitar. Compania a fost fondat\u0103 de Fernand Petzl, un pasionat de explorarea pe\u0219terilor \u00eentreaga sa via\u021b\u0103. La mijlocul anilor '70, pasiunea sa \u0219i afacerea de familie s-au transformat \u00een ceva mult mai mare. Fernand a \u00eenceput s\u0103 modifice dispozitivele existente utilizate \u00een speologie, iar ulterior s\u0103 inventeze altele complet noi.<\/p>\n<p>Gama de produse a companiei s-a extins c\u0103tre sistemele de iluminare, deoarece \u00een \u00eentunericul pe\u0219terilor aceasta este una dintre cele mai importante componente ale echipamentului necesar. Dup\u0103 speologie, PETZL s-a dedicat cre\u0103rii de echipamente pentru alpini\u0219ti \u0219i practican\u021bi de escalad\u0103, iar ulterior pentru lucrul la \u00een\u0103l\u021bime.<\/p>\n<p>Misiunea PETZL const\u0103 \u00een crearea unor instrumente inovatoare care s\u0103 permit\u0103 b\u0103rba\u021bilor \u0219i femeilor s\u0103 ating\u0103 noi \u00een\u0103l\u021bimi pe vertical\u0103 \u0219i s\u0103 le lumineze calea \u00een \u00eentuneric. Compania se afl\u0103 \u00eentr-o c\u0103utare continu\u0103 a celor mai bune solu\u021bii \u00een toate domeniile sale de activitate. Performan\u021ba, ergonomia, confortul \u0219i, mai presus de toate, siguran\u021ba sunt cele mai importante criterii \u00een acest demers. \u201eAccess the inaccessible\u201d (Accesarea inaccesibilului) este deviza sa de lung\u0103 durat\u0103.<\/p>","protected":false},"excerpt":{"rendered":"<p>Petzl Power Crunch 500 g &#8212; \u0441\u0443\u0445\u0430\u044f \u043c\u0430\u0433\u043d\u0435\u0437\u0438\u044f \u0443\u043b\u0443\u0447\u0448\u0430\u0435\u0442 \u0441\u0446\u0435\u043f\u043b\u0435\u043d\u0438\u0435 \u043f\u0440\u0438 \u043b\u0430\u0437\u0430\u043d\u0438\u0438 \u043f\u043e \u0437\u0430\u0446\u0435\u043f\u0430\u043c \u0438 \u043a\u0430\u043c\u043d\u044f\u043c. \u0421\u043c\u0435\u0441\u044c \u043f\u043e\u0440\u043e\u0448\u043a\u0430 \u0438 \u043a\u0443\u0441\u043e\u0447\u043a\u043e\u0432<\/p>","protected":false},"featured_media":92731,"comment_status":"open","ping_status":"closed","template":"","meta":{"_acf_changed":false,"inline_featured_image":false},"product_brand":[1270],"product_cat":[296],"product_tag":[],"class_list":{"0":"post-92522","1":"product","2":"type-product","3":"status-publish","4":"has-post-thumbnail","6":"product_brand-petzl","7":"product_cat-chalk-and-bags","9":"first","10":"instock","11":"shipping-taxable","12":"purchasable","13":"product-type-simple"},"acf":[],"yoast_head":"<!-- This site is optimized with the Yoast SEO plugin v27.5 - https:\/\/yoast.com\/product\/yoast-seo-wordpress\/ -->\n<title>\u041c\u0430\u0433\u043d\u0435\u0437\u0438\u044f Petzl Power Crunch 500 g - \u041c\u0430\u0433\u0430\u0437\u0438\u043d Xstyle<\/title>\n<meta name=\"robots\" content=\"noindex, follow, max-snippet:-1, max-image-preview:large, max-video-preview:-1\" \/>\n<meta property=\"og:locale\" content=\"ro_RO\" \/>\n<meta property=\"og:type\" content=\"article\" \/>\n<meta property=\"og:title\" content=\"\u041c\u0430\u0433\u043d\u0435\u0437\u0438\u044f Petzl Power Crunch 500 g - \u041c\u0430\u0433\u0430\u0437\u0438\u043d Xstyle\" \/>\n<meta property=\"og:description\" content=\"Petzl Power Crunch 500 g &#8212; \u0441\u0443\u0445\u0430\u044f \u043c\u0430\u0433\u043d\u0435\u0437\u0438\u044f \u0443\u043b\u0443\u0447\u0448\u0430\u0435\u0442 \u0441\u0446\u0435\u043f\u043b\u0435\u043d\u0438\u0435 \u043f\u0440\u0438 \u043b\u0430\u0437\u0430\u043d\u0438\u0438 \u043f\u043e \u0437\u0430\u0446\u0435\u043f\u0430\u043c \u0438 \u043a\u0430\u043c\u043d\u044f\u043c. \u0421\u043c\u0435\u0441\u044c \u043f\u043e\u0440\u043e\u0448\u043a\u0430 \u0438 \u043a\u0443\u0441\u043e\u0447\u043a\u043e\u0432\" \/>\n<meta property=\"og:url\" content=\"https:\/\/dev.xstyle.md\/ro\/produs\/magneziya-petzl-power-crunch-500-g\/\" \/>\n<meta property=\"og:site_name\" content=\"\u041c\u0430\u0433\u0430\u0437\u0438\u043d Xstyle\" \/>\n<meta property=\"article:publisher\" content=\"https:\/\/www.facebook.com\/xstylemd\" \/>\n<meta property=\"article:modified_time\" content=\"2025-05-29T09:02:22+00:00\" \/>\n<meta property=\"og:image\" content=\"https:\/\/dev.xstyle.md\/wp-content\/uploads\/2025\/02\/petzl-power-crunch-500-g.webp\" \/>\n\t<meta property=\"og:image:width\" content=\"1218\" \/>\n\t<meta property=\"og:image:height\" content=\"1200\" \/>\n\t<meta property=\"og:image:type\" content=\"image\/webp\" \/>\n<meta name=\"twitter:card\" content=\"summary_large_image\" \/>\n<meta name=\"twitter:label1\" content=\"Pre\u021b\" \/>\n\t<meta name=\"twitter:data1\" content=\"335,00&nbsp;MDL\" \/>\n\t<meta name=\"twitter:label2\" content=\"Disponibilitate\" \/>\n\t<meta name=\"twitter:data2\" content=\"\u00cen stoc\" \/>\n<script type=\"application\/ld+json\" class=\"yoast-schema-graph\">{\"@context\":\"https:\\\/\\\/schema.org\",\"@graph\":[{\"@type\":\"WebPage\",\"@id\":\"https:\\\/\\\/dev.xstyle.md\\\/product\\\/magneziya-petzl-power-crunch-500-g\\\/\",\"url\":\"https:\\\/\\\/dev.xstyle.md\\\/product\\\/magneziya-petzl-power-crunch-500-g\\\/\",\"name\":\"\u041c\u0430\u0433\u043d\u0435\u0437\u0438\u044f Petzl Power Crunch 500 g - \u041c\u0430\u0433\u0430\u0437\u0438\u043d Xstyle\",\"isPartOf\":{\"@id\":\"https:\\\/\\\/dev.xstyle.md\\\/#website\"},\"primaryImageOfPage\":{\"@id\":\"https:\\\/\\\/dev.xstyle.md\\\/product\\\/magneziya-petzl-power-crunch-500-g\\\/#primaryimage\"},\"image\":{\"@id\":\"https:\\\/\\\/dev.xstyle.md\\\/product\\\/magneziya-petzl-power-crunch-500-g\\\/#primaryimage\"},\"thumbnailUrl\":\"https:\\\/\\\/dev.xstyle.md\\\/wp-content\\\/uploads\\\/2025\\\/02\\\/petzl-power-crunch-500-g.webp\",\"datePublished\":\"2025-02-07T12:57:04+00:00\",\"dateModified\":\"2025-05-29T09:02:22+00:00\",\"breadcrumb\":{\"@id\":\"https:\\\/\\\/dev.xstyle.md\\\/product\\\/magneziya-petzl-power-crunch-500-g\\\/#breadcrumb\"},\"inLanguage\":\"ro-RO\",\"potentialAction\":[{\"@type\":\"ReadAction\",\"target\":[\"https:\\\/\\\/dev.xstyle.md\\\/product\\\/magneziya-petzl-power-crunch-500-g\\\/\"]}]},{\"@type\":\"ImageObject\",\"inLanguage\":\"ro-RO\",\"@id\":\"https:\\\/\\\/dev.xstyle.md\\\/product\\\/magneziya-petzl-power-crunch-500-g\\\/#primaryimage\",\"url\":\"https:\\\/\\\/dev.xstyle.md\\\/wp-content\\\/uploads\\\/2025\\\/02\\\/petzl-power-crunch-500-g.webp\",\"contentUrl\":\"https:\\\/\\\/dev.xstyle.md\\\/wp-content\\\/uploads\\\/2025\\\/02\\\/petzl-power-crunch-500-g.webp\",\"width\":1218,\"height\":1200,\"caption\":\"\u042d\u043d\u0435\u0440\u0433\u0435\u0442\u0438\u0447\u0435\u0441\u043a\u0430\u044f \u043c\u0430\u0433\u043d\u0435\u0437\u0438\u044f Petzl Power Crunch 500 \u0433 \u0434\u043b\u044f \u0430\u043a\u0442\u0438\u0432\u043d\u043e\u0433\u043e \u043e\u0442\u0434\u044b\u0445\u0430, \u0441\u043a\u0430\u043b\u043e\u043b\u0430\u0437\u0430\u043d\u0438\u044f \u0438 \u043f\u0443\u0442\u0435\u0448\u0435\u0441\u0442\u0432\u0438\u0439, \u0441\u043f\u043e\u0440\u0442\u0438\u0432\u043d\u0430\u044f \u044d\u043a\u0438\u043f\u0438\u0440\u043e\u0432\u043a\u0430 \u0434\u043b\u044f \u0430\u043b\u044c\u043f\u0438\u043d\u0438\u0437\u043c\u0430 \u0438 \u0442\u0443\u0440\u0438\u0437\u043c\u0430\"},{\"@type\":\"BreadcrumbList\",\"@id\":\"https:\\\/\\\/dev.xstyle.md\\\/product\\\/magneziya-petzl-power-crunch-500-g\\\/#breadcrumb\",\"itemListElement\":[{\"@type\":\"ListItem\",\"position\":1,\"name\":\"\u0413\u043b\u0430\u0432\u043d\u0430\u044f \u0441\u0442\u0440\u0430\u043d\u0438\u0446\u0430\",\"item\":\"https:\\\/\\\/dev.xstyle.md\\\/\"},{\"@type\":\"ListItem\",\"position\":2,\"name\":\"Shop\",\"item\":\"https:\\\/\\\/dev.xstyle.md\\\/shop\\\/\"},{\"@type\":\"ListItem\",\"position\":3,\"name\":\"\u041c\u0430\u0433\u043d\u0435\u0437\u0438\u044f Petzl Power Crunch 500 g\"}]},{\"@type\":\"WebSite\",\"@id\":\"https:\\\/\\\/dev.xstyle.md\\\/#website\",\"url\":\"https:\\\/\\\/dev.xstyle.md\\\/\",\"name\":\"\u041c\u0430\u0433\u0430\u0437\u0438\u043d Xstyle\",\"description\":\"C\u043d\u0430\u0440\u044f\u0436\u0435\u043d\u0438\u0435 \u0434\u043b\u044f \u0442\u0443\u0440\u0438\u0437\u043c\u0430 \u0438 \u044d\u043a\u0441\u0442\u0440\u0435\u043c\u0430\u043b\u044c\u043d\u044b\u0445 \u0432\u0438\u0434\u043e\u0432 \u0441\u043f\u043e\u0440\u0442\u0430 \u0432 \u041c\u043e\u043b\u0434\u043e\u0432\u0435.. \u0426\u0435\u043d\u044b, \u0444\u043e\u0442\u043e, \u0445\u0430\u0440\u0430\u043a\u0442\u0435\u0440\u0438\u0441\u0442\u0438\u043a\u0438 \u0432 \u041c\u043e\u043b\u0434\u043e\u0432\u0435.\",\"publisher\":{\"@id\":\"https:\\\/\\\/dev.xstyle.md\\\/#organization\"},\"alternateName\":\"X-Style\",\"potentialAction\":[{\"@type\":\"SearchAction\",\"target\":{\"@type\":\"EntryPoint\",\"urlTemplate\":\"https:\\\/\\\/dev.xstyle.md\\\/?s={search_term_string}\"},\"query-input\":{\"@type\":\"PropertyValueSpecification\",\"valueRequired\":true,\"valueName\":\"search_term_string\"}}],\"inLanguage\":\"ro-RO\"},{\"@type\":\"Organization\",\"@id\":\"https:\\\/\\\/dev.xstyle.md\\\/#organization\",\"name\":\"\u041c\u0430\u0433\u0430\u0437\u0438\u043d Xstyle\",\"alternateName\":\"x-style\",\"url\":\"https:\\\/\\\/dev.xstyle.md\\\/\",\"logo\":{\"@type\":\"ImageObject\",\"inLanguage\":\"ro-RO\",\"@id\":\"https:\\\/\\\/dev.xstyle.md\\\/#\\\/schema\\\/logo\\\/image\\\/\",\"url\":\"https:\\\/\\\/dev.xstyle.md\\\/wp-content\\\/uploads\\\/2020\\\/06\\\/logoicon.svg\",\"contentUrl\":\"https:\\\/\\\/dev.xstyle.md\\\/wp-content\\\/uploads\\\/2020\\\/06\\\/logoicon.svg\",\"caption\":\"\u041c\u0430\u0433\u0430\u0437\u0438\u043d Xstyle\"},\"image\":{\"@id\":\"https:\\\/\\\/dev.xstyle.md\\\/#\\\/schema\\\/logo\\\/image\\\/\"},\"sameAs\":[\"https:\\\/\\\/www.facebook.com\\\/xstylemd\",\"https:\\\/\\\/www.instagram.com\\\/xstyle_md\\\/\",\"https:\\\/\\\/t.me\\\/xstyle_outdoor\"],\"hasMerchantReturnPolicy\":{\"@type\":\"MerchantReturnPolicy\",\"merchantReturnLink\":\"https:\\\/\\\/dev.xstyle.md\\\/ro\\\/conditions\\\/\"}}]}<\/script>\n<meta property=\"product:price:amount\" content=\"335.00\" \/>\n<meta property=\"product:price:currency\" content=\"MDL\" \/>\n<meta property=\"og:availability\" content=\"instock\" \/>\n<meta property=\"product:availability\" content=\"instock\" \/>\n<meta property=\"product:retailer_item_id\" content=\"3342540848795\" \/>\n<meta property=\"product:condition\" content=\"new\" \/>\n<!-- \/ Yoast SEO plugin. -->","yoast_head_json":{"title":"\u041c\u0430\u0433\u043d\u0435\u0437\u0438\u044f Petzl Power Crunch 500 g - \u041c\u0430\u0433\u0430\u0437\u0438\u043d Xstyle","robots":{"index":"noindex","follow":"follow","max-snippet":"max-snippet:-1","max-image-preview":"max-image-preview:large","max-video-preview":"max-video-preview:-1"},"og_locale":"ro_RO","og_type":"article","og_title":"\u041c\u0430\u0433\u043d\u0435\u0437\u0438\u044f Petzl Power Crunch 500 g - \u041c\u0430\u0433\u0430\u0437\u0438\u043d Xstyle","og_description":"Petzl Power Crunch 500 g &#8212; \u0441\u0443\u0445\u0430\u044f \u043c\u0430\u0433\u043d\u0435\u0437\u0438\u044f \u0443\u043b\u0443\u0447\u0448\u0430\u0435\u0442 \u0441\u0446\u0435\u043f\u043b\u0435\u043d\u0438\u0435 \u043f\u0440\u0438 \u043b\u0430\u0437\u0430\u043d\u0438\u0438 \u043f\u043e \u0437\u0430\u0446\u0435\u043f\u0430\u043c \u0438 \u043a\u0430\u043c\u043d\u044f\u043c. \u0421\u043c\u0435\u0441\u044c \u043f\u043e\u0440\u043e\u0448\u043a\u0430 \u0438 \u043a\u0443\u0441\u043e\u0447\u043a\u043e\u0432","og_url":"https:\/\/dev.xstyle.md\/ro\/produs\/magneziya-petzl-power-crunch-500-g\/","og_site_name":"\u041c\u0430\u0433\u0430\u0437\u0438\u043d Xstyle","article_publisher":"https:\/\/www.facebook.com\/xstylemd","article_modified_time":"2025-05-29T09:02:22+00:00","og_image":[{"width":1218,"height":1200,"url":"https:\/\/dev.xstyle.md\/wp-content\/uploads\/2025\/02\/petzl-power-crunch-500-g.webp","type":"image\/webp"}],"twitter_card":"summary_large_image","twitter_misc":{"Pre\u021b":"335,00&nbsp;MDL","Disponibilitate":"\u00cen stoc"},"schema":{"@context":"https:\/\/schema.org","@graph":[{"@type":"WebPage","@id":"https:\/\/dev.xstyle.md\/product\/magneziya-petzl-power-crunch-500-g\/","url":"https:\/\/dev.xstyle.md\/product\/magneziya-petzl-power-crunch-500-g\/","name":"\u041c\u0430\u0433\u043d\u0435\u0437\u0438\u044f Petzl Power Crunch 500 g - \u041c\u0430\u0433\u0430\u0437\u0438\u043d Xstyle","isPartOf":{"@id":"https:\/\/dev.xstyle.md\/#website"},"primaryImageOfPage":{"@id":"https:\/\/dev.xstyle.md\/product\/magneziya-petzl-power-crunch-500-g\/#primaryimage"},"image":{"@id":"https:\/\/dev.xstyle.md\/product\/magneziya-petzl-power-crunch-500-g\/#primaryimage"},"thumbnailUrl":"https:\/\/dev.xstyle.md\/wp-content\/uploads\/2025\/02\/petzl-power-crunch-500-g.webp","datePublished":"2025-02-07T12:57:04+00:00","dateModified":"2025-05-29T09:02:22+00:00","breadcrumb":{"@id":"https:\/\/dev.xstyle.md\/product\/magneziya-petzl-power-crunch-500-g\/#breadcrumb"},"inLanguage":"ro-RO","potentialAction":[{"@type":"ReadAction","target":["https:\/\/dev.xstyle.md\/product\/magneziya-petzl-power-crunch-500-g\/"]}]},{"@type":"ImageObject","inLanguage":"ro-RO","@id":"https:\/\/dev.xstyle.md\/product\/magneziya-petzl-power-crunch-500-g\/#primaryimage","url":"https:\/\/dev.xstyle.md\/wp-content\/uploads\/2025\/02\/petzl-power-crunch-500-g.webp","contentUrl":"https:\/\/dev.xstyle.md\/wp-content\/uploads\/2025\/02\/petzl-power-crunch-500-g.webp","width":1218,"height":1200,"caption":"\u042d\u043d\u0435\u0440\u0433\u0435\u0442\u0438\u0447\u0435\u0441\u043a\u0430\u044f \u043c\u0430\u0433\u043d\u0435\u0437\u0438\u044f Petzl Power Crunch 500 \u0433 \u0434\u043b\u044f \u0430\u043a\u0442\u0438\u0432\u043d\u043e\u0433\u043e \u043e\u0442\u0434\u044b\u0445\u0430, \u0441\u043a\u0430\u043b\u043e\u043b\u0430\u0437\u0430\u043d\u0438\u044f \u0438 \u043f\u0443\u0442\u0435\u0448\u0435\u0441\u0442\u0432\u0438\u0439, \u0441\u043f\u043e\u0440\u0442\u0438\u0432\u043d\u0430\u044f \u044d\u043a\u0438\u043f\u0438\u0440\u043e\u0432\u043a\u0430 \u0434\u043b\u044f \u0430\u043b\u044c\u043f\u0438\u043d\u0438\u0437\u043c\u0430 \u0438 \u0442\u0443\u0440\u0438\u0437\u043c\u0430"},{"@type":"BreadcrumbList","@id":"https:\/\/dev.xstyle.md\/product\/magneziya-petzl-power-crunch-500-g\/#breadcrumb","itemListElement":[{"@type":"ListItem","position":1,"name":"\u0413\u043b\u0430\u0432\u043d\u0430\u044f \u0441\u0442\u0440\u0430\u043d\u0438\u0446\u0430","item":"https:\/\/dev.xstyle.md\/"},{"@type":"ListItem","position":2,"name":"Shop","item":"https:\/\/dev.xstyle.md\/shop\/"},{"@type":"ListItem","position":3,"name":"\u041c\u0430\u0433\u043d\u0435\u0437\u0438\u044f Petzl Power Crunch 500 g"}]},{"@type":"WebSite","@id":"https:\/\/dev.xstyle.md\/#website","url":"https:\/\/dev.xstyle.md\/","name":"Magazinul X-Style","description":"Echipamente pentru turism \u0219i sporturi extreme \u00een Moldova. Pre\u021buri, fotografii, caracteristici \u00een Moldova.","publisher":{"@id":"https:\/\/dev.xstyle.md\/#organization"},"alternateName":"X-Style","potentialAction":[{"@type":"SearchAction","target":{"@type":"EntryPoint","urlTemplate":"https:\/\/dev.xstyle.md\/?s={search_term_string}"},"query-input":{"@type":"PropertyValueSpecification","valueRequired":true,"valueName":"search_term_string"}}],"inLanguage":"ro-RO"},{"@type":"Organization","@id":"https:\/\/dev.xstyle.md\/#organization","name":"Magazinul X-Style","alternateName":"x-style","url":"https:\/\/dev.xstyle.md\/","logo":{"@type":"ImageObject","inLanguage":"ro-RO","@id":"https:\/\/dev.xstyle.md\/#\/schema\/logo\/image\/","url":"https:\/\/dev.xstyle.md\/wp-content\/uploads\/2020\/06\/logoicon.svg","contentUrl":"https:\/\/dev.xstyle.md\/wp-content\/uploads\/2020\/06\/logoicon.svg","caption":"\u041c\u0430\u0433\u0430\u0437\u0438\u043d Xstyle"},"image":{"@id":"https:\/\/dev.xstyle.md\/#\/schema\/logo\/image\/"},"sameAs":["https:\/\/www.facebook.com\/xstylemd","https:\/\/www.instagram.com\/xstyle_md\/","https:\/\/t.me\/xstyle_outdoor"],"hasMerchantReturnPolicy":{"@type":"MerchantReturnPolicy","merchantReturnLink":"https:\/\/dev.xstyle.md\/ro\/conditions\/"}}]},"product_price_amount":"335.00","product_price_currency":"MDL","og_availability":"instock","product_availability":"instock","product_retailer_item_id":"3342540848795","product_condition":"new"},"post_mailing_queue_ids":[],"_links":{"self":[{"href":"https:\/\/dev.xstyle.md\/ro\/wp-json\/wp\/v2\/product\/92522","targetHints":{"allow":["GET"]}}],"collection":[{"href":"https:\/\/dev.xstyle.md\/ro\/wp-json\/wp\/v2\/product"}],"about":[{"href":"https:\/\/dev.xstyle.md\/ro\/wp-json\/wp\/v2\/types\/product"}],"replies":[{"embeddable":true,"href":"https:\/\/dev.xstyle.md\/ro\/wp-json\/wp\/v2\/comments?post=92522"}],"version-history":[{"count":1,"href":"https:\/\/dev.xstyle.md\/ro\/wp-json\/wp\/v2\/product\/92522\/revisions"}],"predecessor-version":[{"id":92730,"href":"https:\/\/dev.xstyle.md\/ro\/wp-json\/wp\/v2\/product\/92522\/revisions\/92730"}],"wp:featuredmedia":[{"embeddable":true,"href":"https:\/\/dev.xstyle.md\/ro\/wp-json\/wp\/v2\/media\/92731"}],"wp:attachment":[{"href":"https:\/\/dev.xstyle.md\/ro\/wp-json\/wp\/v2\/media?parent=92522"}],"wp:term":[{"taxonomy":"product_brand","embeddable":true,"href":"https:\/\/dev.xstyle.md\/ro\/wp-json\/wp\/v2\/product_brand?post=92522"},{"taxonomy":"product_cat","embeddable":true,"href":"https:\/\/dev.xstyle.md\/ro\/wp-json\/wp\/v2\/product_cat?post=92522"},{"taxonomy":"product_tag","embeddable":true,"href":"https:\/\/dev.xstyle.md\/ro\/wp-json\/wp\/v2\/product_tag?post=92522"}],"curies":[{"name":"wp","href":"https:\/\/api.w.org\/{rel}","templated":true}]}}