{"id":92510,"date":"2025-02-07T15:57:00","date_gmt":"2025-02-07T12:57:00","guid":{"rendered":"https:\/\/xstyle.md\/?post_type=product&#038;p=92510"},"modified":"2026-03-19T17:32:39","modified_gmt":"2026-03-19T14:32:39","slug":"gornye-lyzhi-elan-element-green-ls-el-10-0","status":"publish","type":"product","link":"https:\/\/dev.xstyle.md\/ro\/produs\/gornye-lyzhi-elan-element-green-ls-el-10-0\/","title":{"rendered":"Schiuri Elan Element Green LS EL 10.0"},"content":{"rendered":"<\/p>\n<p data-start=\"99\" data-end=\"396\">Schiurile de p\u00e2rtie <strong>Elan Element<\/strong> sunt instrumentul ideal pentru \u00eenv\u0103\u021bare. Construc\u021bia Groove ajut\u0103 schiurile s\u0103 se flexeze pe direc\u021bie longitudinal\u0103, f\u0103r\u0103 a afecta rigiditatea torsional\u0103. Miezul Dual Woodcore ofer\u0103 rigiditatea optim\u0103 pentru schiorii \u00eencep\u0103tori, f\u0103r\u0103 a ad\u0103uga greutate \u00een plus.<\/p>\n<h3>Caracteristici<\/h3>\n<ul>\n<li><strong>Parabolic Rocker<\/strong> \u2013 acest profil unic al schiurilor este o combina\u021bie \u00eentre un sidecut suficient de pronun\u021bat \u0219i un rocker Early Rise Rocker. Rezultatul &#8212; ini\u021biere u\u0219oar\u0103 a virajelor, cu efort minim. Aceast\u0103 construc\u021bie este completat\u0103 de tehnologia Front Side Stabilizer pentru reducerea vibra\u021biilor, \u00eembun\u0103t\u0103\u021birea aderen\u021bei canturilor \u0219i un control mai bun.<\/li>\n<li>Miezul <strong>Dual Wood Core<\/strong> utilizeaz\u0103 dou\u0103 stringere din lemn dispuse simetric de-a lungul canturilor exterioare. Spa\u021biul dintre stringere este umplut cu material compozit. Aceast\u0103 construc\u021bie \u00eembun\u0103t\u0103\u021be\u0219te transmiterea for\u021bei \u0219i aderen\u021ba canturilor, iar schiurile r\u0103m\u00e2n foarte u\u0219or de controlat \u00een orice condi\u021bii.<\/li>\n<li><strong>Fiberglass Reinforcement<\/strong> optimizeaz\u0103 distribu\u021bia flexibilit\u0103\u021bii schiului \u0219i \u00eei cre\u0219te rigiditatea torsiunii. Fibrele de fibr\u0103 de sticl\u0103 sunt pozi\u021bionate fie deasupra, fie sub miez \u0219i \u00eembun\u0103t\u0103\u021besc integritatea structural\u0103.<\/li>\n<li><strong>Light Shift<\/strong> \u2013 o \u201eplatform\u0103-\u00een-platform\u0103\u201d, o construc\u021bie special\u0103 care dezv\u0103luie \u00eentregul poten\u021bial al schiurilor f\u0103r\u0103 efort suplimentar, fiind \u00een acela\u0219i timp extrem de u\u0219oar\u0103. \u00cen produc\u021bia acestei platforme sunt utilizate materiale compozite u\u0219oare \u0219i inser\u021bii pentru amortizarea vibra\u021biilor, care ofer\u0103 o alunecare lin\u0103 \u0219i o transmitere eficient\u0103 a for\u021bei pentru precizie \u0219i reac\u021bie.<\/li>\n<\/ul>\n<p><img decoding=\"async\" width=\"480\" height=\"210\" class=\"alignnone size-medium wp-image-98302\" style=\"width: 100%;\" src=\"https:\/\/dev.xstyle.md\/wp-content\/uploads\/2024\/11\/transmitere-a-puterii-imbunatatita-preobrazovano-iz-png-480x210.webp\" srcset=\"https:\/\/dev.xstyle.md\/wp-content\/uploads\/2024\/11\/transmitere-a-puterii-imbunatatita-preobrazovano-iz-png-480x210.webp 480w, https:\/\/dev.xstyle.md\/wp-content\/uploads\/2024\/11\/transmitere-a-puterii-imbunatatita-preobrazovano-iz-png-1440x631.webp 1440w, https:\/\/dev.xstyle.md\/wp-content\/uploads\/2024\/11\/transmitere-a-puterii-imbunatatita-preobrazovano-iz-png-768x337.webp 768w, https:\/\/dev.xstyle.md\/wp-content\/uploads\/2024\/11\/transmitere-a-puterii-imbunatatita-preobrazovano-iz-png-18x8.webp 18w, https:\/\/dev.xstyle.md\/wp-content\/uploads\/2024\/11\/transmitere-a-puterii-imbunatatita-preobrazovano-iz-png-36x16.webp 36w, https:\/\/dev.xstyle.md\/wp-content\/uploads\/2024\/11\/transmitere-a-puterii-imbunatatita-preobrazovano-iz-png-220x96.webp 220w, https:\/\/dev.xstyle.md\/wp-content\/uploads\/2024\/11\/transmitere-a-puterii-imbunatatita-preobrazovano-iz-png-500x219.webp 500w, https:\/\/dev.xstyle.md\/wp-content\/uploads\/2024\/11\/transmitere-a-puterii-imbunatatita-preobrazovano-iz-png-75x33.webp 75w\" sizes=\"(max-width: 480px) 100vw, 480px\" \/><\/p>\n<h3>Specifica\u021bii<\/h3>\n<ul>\n<li>Nivel de schiat: \u00eencep\u0103tor \/ \u00een progres<\/li>\n<li>Destina\u021bie: p\u00e2rtie<\/li>\n<li>Profil: Camber\/Rocker<\/li>\n<li>Leg\u0103turi incluse:EL 10.0 SHIFT GW B85<\/li>\n<li>L\u0103\u021bime v\u00e2rf (mm): 127<\/li>\n<li>L\u0103\u021bime mijloc (mm): 76<\/li>\n<li>L\u0103\u021bime coad\u0103 (mm): 102<\/li>\n<li>Raza sidecut (m): 15,2<\/li>\n<\/ul>\n<p><iframe loading=\"lazy\" title=\"The Ultimate Progression Ski | Element\" width=\"500\" height=\"281\" src=\"https:\/\/www.youtube.com\/embed\/Me3eyV_OLas?feature=oembed\" frameborder=\"0\" allow=\"accelerometer; autoplay; clipboard-write; encrypted-media; gyroscope; picture-in-picture; web-share\" referrerpolicy=\"strict-origin-when-cross-origin\" allowfullscreen><\/iframe><\/p>\n<h3>Despre brand<\/h3>\n<p>Grupul Elan este un produc\u0103tor \u0219i furnizor de top de echipamente sportive \u0219i de agrement. Compania este prezent\u0103 pe aceast\u0103 pia\u021b\u0103 de mai bine de 60 de ani. Toate activit\u0103\u021bile Elan sunt axate pe dezvoltarea tehnic\u0103 a produselor \u0219i pe tehnologia avansat\u0103 exprimat\u0103 prin design progresiv. Activit\u0103\u021bile Grupului Elan includ: schi alpin \u0219i snowboarding, iahturi cu vele offshore \u0219i furnizarea de facilit\u0103\u021bi sportive cu toate echipamentele necesare.<\/p>\n<p>","protected":false},"excerpt":{"rendered":"","protected":false},"featured_media":98391,"comment_status":"open","ping_status":"closed","template":"","meta":{"_acf_changed":false,"inline_featured_image":false},"product_brand":[1315],"product_cat":[398],"product_tag":[],"class_list":{"0":"post-92510","1":"product","2":"type-product","3":"status-publish","4":"has-post-thumbnail","6":"product_brand-elan","7":"product_cat-ski","9":"first","10":"instock","11":"shipping-taxable","12":"purchasable","13":"product-type-simple"},"acf":[],"yoast_head":"<!-- This site is optimized with the Yoast SEO plugin v27.5 - https:\/\/yoast.com\/product\/yoast-seo-wordpress\/ -->\n<title>\u0413\u043e\u0440\u043d\u044b\u0435 \u043b\u044b\u0436\u0438 Elan Element Green LS EL 10.0 - \u041c\u0430\u0433\u0430\u0437\u0438\u043d Xstyle<\/title>\n<meta name=\"robots\" content=\"noindex, follow, max-snippet:-1, max-image-preview:large, max-video-preview:-1\" \/>\n<meta property=\"og:locale\" content=\"ro_RO\" \/>\n<meta property=\"og:type\" content=\"article\" \/>\n<meta property=\"og:title\" content=\"\u0413\u043e\u0440\u043d\u044b\u0435 \u043b\u044b\u0436\u0438 Elan Element Green LS EL 10.0 - \u041c\u0430\u0433\u0430\u0437\u0438\u043d Xstyle\" \/>\n<meta property=\"og:url\" content=\"https:\/\/dev.xstyle.md\/ro\/produs\/gornye-lyzhi-elan-element-green-ls-el-10-0\/\" \/>\n<meta property=\"og:site_name\" content=\"\u041c\u0430\u0433\u0430\u0437\u0438\u043d Xstyle\" \/>\n<meta property=\"article:publisher\" content=\"https:\/\/www.facebook.com\/xstylemd\" \/>\n<meta property=\"article:modified_time\" content=\"2026-03-19T14:32:39+00:00\" \/>\n<meta property=\"og:image\" content=\"https:\/\/dev.xstyle.md\/wp-content\/uploads\/2025\/02\/elan-element-green-ls-el-10.0-preobrazovano-iz-png.webp\" \/>\n\t<meta property=\"og:image:width\" content=\"1080\" \/>\n\t<meta property=\"og:image:height\" content=\"1080\" \/>\n\t<meta property=\"og:image:type\" content=\"image\/webp\" \/>\n<meta name=\"twitter:card\" content=\"summary_large_image\" \/>\n<meta name=\"twitter:label1\" content=\"Pre\u021b\" \/>\n\t<meta name=\"twitter:data1\" content=\"6.890,00&nbsp;MDL\" \/>\n\t<meta name=\"twitter:label2\" content=\"Disponibilitate\" \/>\n\t<meta name=\"twitter:data2\" content=\"\u00cen stoc\" \/>\n<script type=\"application\/ld+json\" class=\"yoast-schema-graph\">{\"@context\":\"https:\\\/\\\/schema.org\",\"@graph\":[{\"@type\":\"WebPage\",\"@id\":\"https:\\\/\\\/dev.xstyle.md\\\/product\\\/gornye-lyzhi-elan-element-green-ls-el-10-0\\\/\",\"url\":\"https:\\\/\\\/dev.xstyle.md\\\/product\\\/gornye-lyzhi-elan-element-green-ls-el-10-0\\\/\",\"name\":\"\u0413\u043e\u0440\u043d\u044b\u0435 \u043b\u044b\u0436\u0438 Elan Element Green LS EL 10.0 - \u041c\u0430\u0433\u0430\u0437\u0438\u043d Xstyle\",\"isPartOf\":{\"@id\":\"https:\\\/\\\/dev.xstyle.md\\\/#website\"},\"primaryImageOfPage\":{\"@id\":\"https:\\\/\\\/dev.xstyle.md\\\/product\\\/gornye-lyzhi-elan-element-green-ls-el-10-0\\\/#primaryimage\"},\"image\":{\"@id\":\"https:\\\/\\\/dev.xstyle.md\\\/product\\\/gornye-lyzhi-elan-element-green-ls-el-10-0\\\/#primaryimage\"},\"thumbnailUrl\":\"https:\\\/\\\/dev.xstyle.md\\\/wp-content\\\/uploads\\\/2025\\\/02\\\/elan-element-green-ls-el-10.0-preobrazovano-iz-png.webp\",\"datePublished\":\"2025-02-07T12:57:00+00:00\",\"dateModified\":\"2026-03-19T14:32:39+00:00\",\"breadcrumb\":{\"@id\":\"https:\\\/\\\/dev.xstyle.md\\\/product\\\/gornye-lyzhi-elan-element-green-ls-el-10-0\\\/#breadcrumb\"},\"inLanguage\":\"ro-RO\",\"potentialAction\":[{\"@type\":\"ReadAction\",\"target\":[\"https:\\\/\\\/dev.xstyle.md\\\/product\\\/gornye-lyzhi-elan-element-green-ls-el-10-0\\\/\"]}]},{\"@type\":\"ImageObject\",\"inLanguage\":\"ro-RO\",\"@id\":\"https:\\\/\\\/dev.xstyle.md\\\/product\\\/gornye-lyzhi-elan-element-green-ls-el-10-0\\\/#primaryimage\",\"url\":\"https:\\\/\\\/dev.xstyle.md\\\/wp-content\\\/uploads\\\/2025\\\/02\\\/elan-element-green-ls-el-10.0-preobrazovano-iz-png.webp\",\"contentUrl\":\"https:\\\/\\\/dev.xstyle.md\\\/wp-content\\\/uploads\\\/2025\\\/02\\\/elan-element-green-ls-el-10.0-preobrazovano-iz-png.webp\",\"width\":1080,\"height\":1080,\"caption\":\"\u0422\u0440\u0435\u0439\u043b\u043e\u0432\u044b\u0435 \u0431\u043e\u0442\u0438\u043d\u043a\u0438 \u0434\u043b\u044f \u0430\u043a\u0442\u0438\u0432\u043d\u043e\u0433\u043e \u043e\u0442\u0434\u044b\u0445\u0430, \u043b\u044b\u0436\u043d\u043e\u0435 \u0441\u043d\u0430\u0440\u044f\u0436\u0435\u043d\u0438\u0435, \u0433\u043e\u0440\u043d\u044b\u0435 \u043b\u044b\u0436\u0438 Elan Element Green LS EL 10.0 \u0434\u043b\u044f \u043b\u044b\u0436\u043d\u0438\u043a\u043e\u0432 \u0438 \u043f\u0443\u0442\u0435\u0448\u0435\u0441\u0442\u0432\u0435\u043d\u043d\u0438\u043a\u043e\u0432 \u0432 \u043a\u0430\u0442\u0430\u043b\u043e\u0433\u0435 \u0438\u043d\u0442\u0435\u0440\u043d\u0435\u0442-\u043c\u0430\u0433\u0430\u0437\u0438\u043d\u0430 \u0441\u043f\u043e\u0440\u0442\u0438\u0432\u043d\u043e\u0439 \u043e\u0434\u0435\u0436\u0434\u044b \u0438 \u043e\u0431\u0443\u0432\u0438\"},{\"@type\":\"BreadcrumbList\",\"@id\":\"https:\\\/\\\/dev.xstyle.md\\\/product\\\/gornye-lyzhi-elan-element-green-ls-el-10-0\\\/#breadcrumb\",\"itemListElement\":[{\"@type\":\"ListItem\",\"position\":1,\"name\":\"\u0413\u043b\u0430\u0432\u043d\u0430\u044f \u0441\u0442\u0440\u0430\u043d\u0438\u0446\u0430\",\"item\":\"https:\\\/\\\/dev.xstyle.md\\\/\"},{\"@type\":\"ListItem\",\"position\":2,\"name\":\"Shop\",\"item\":\"https:\\\/\\\/dev.xstyle.md\\\/shop\\\/\"},{\"@type\":\"ListItem\",\"position\":3,\"name\":\"\u0413\u043e\u0440\u043d\u044b\u0435 \u043b\u044b\u0436\u0438 Elan Element Green LS EL 10.0\"}]},{\"@type\":\"WebSite\",\"@id\":\"https:\\\/\\\/dev.xstyle.md\\\/#website\",\"url\":\"https:\\\/\\\/dev.xstyle.md\\\/\",\"name\":\"\u041c\u0430\u0433\u0430\u0437\u0438\u043d Xstyle\",\"description\":\"C\u043d\u0430\u0440\u044f\u0436\u0435\u043d\u0438\u0435 \u0434\u043b\u044f \u0442\u0443\u0440\u0438\u0437\u043c\u0430 \u0438 \u044d\u043a\u0441\u0442\u0440\u0435\u043c\u0430\u043b\u044c\u043d\u044b\u0445 \u0432\u0438\u0434\u043e\u0432 \u0441\u043f\u043e\u0440\u0442\u0430 \u0432 \u041c\u043e\u043b\u0434\u043e\u0432\u0435.. \u0426\u0435\u043d\u044b, \u0444\u043e\u0442\u043e, \u0445\u0430\u0440\u0430\u043a\u0442\u0435\u0440\u0438\u0441\u0442\u0438\u043a\u0438 \u0432 \u041c\u043e\u043b\u0434\u043e\u0432\u0435.\",\"publisher\":{\"@id\":\"https:\\\/\\\/dev.xstyle.md\\\/#organization\"},\"alternateName\":\"X-Style\",\"potentialAction\":[{\"@type\":\"SearchAction\",\"target\":{\"@type\":\"EntryPoint\",\"urlTemplate\":\"https:\\\/\\\/dev.xstyle.md\\\/?s={search_term_string}\"},\"query-input\":{\"@type\":\"PropertyValueSpecification\",\"valueRequired\":true,\"valueName\":\"search_term_string\"}}],\"inLanguage\":\"ro-RO\"},{\"@type\":\"Organization\",\"@id\":\"https:\\\/\\\/dev.xstyle.md\\\/#organization\",\"name\":\"\u041c\u0430\u0433\u0430\u0437\u0438\u043d Xstyle\",\"alternateName\":\"x-style\",\"url\":\"https:\\\/\\\/dev.xstyle.md\\\/\",\"logo\":{\"@type\":\"ImageObject\",\"inLanguage\":\"ro-RO\",\"@id\":\"https:\\\/\\\/dev.xstyle.md\\\/#\\\/schema\\\/logo\\\/image\\\/\",\"url\":\"https:\\\/\\\/dev.xstyle.md\\\/wp-content\\\/uploads\\\/2020\\\/06\\\/logoicon.svg\",\"contentUrl\":\"https:\\\/\\\/dev.xstyle.md\\\/wp-content\\\/uploads\\\/2020\\\/06\\\/logoicon.svg\",\"caption\":\"\u041c\u0430\u0433\u0430\u0437\u0438\u043d Xstyle\"},\"image\":{\"@id\":\"https:\\\/\\\/dev.xstyle.md\\\/#\\\/schema\\\/logo\\\/image\\\/\"},\"sameAs\":[\"https:\\\/\\\/www.facebook.com\\\/xstylemd\",\"https:\\\/\\\/www.instagram.com\\\/xstyle_md\\\/\",\"https:\\\/\\\/t.me\\\/xstyle_outdoor\"],\"hasMerchantReturnPolicy\":{\"@type\":\"MerchantReturnPolicy\",\"merchantReturnLink\":\"https:\\\/\\\/dev.xstyle.md\\\/ro\\\/conditions\\\/\"}}]}<\/script>\n<meta property=\"product:price:amount\" content=\"6890.00\" \/>\n<meta property=\"product:price:currency\" content=\"MDL\" \/>\n<meta property=\"og:availability\" content=\"instock\" \/>\n<meta property=\"product:availability\" content=\"instock\" \/>\n<meta property=\"product:retailer_item_id\" content=\"3838855675688\" \/>\n<meta property=\"product:condition\" content=\"new\" \/>\n<!-- \/ Yoast SEO plugin. -->","yoast_head_json":{"title":"\u0413\u043e\u0440\u043d\u044b\u0435 \u043b\u044b\u0436\u0438 Elan Element Green LS EL 10.0 - \u041c\u0430\u0433\u0430\u0437\u0438\u043d Xstyle","robots":{"index":"noindex","follow":"follow","max-snippet":"max-snippet:-1","max-image-preview":"max-image-preview:large","max-video-preview":"max-video-preview:-1"},"og_locale":"ro_RO","og_type":"article","og_title":"\u0413\u043e\u0440\u043d\u044b\u0435 \u043b\u044b\u0436\u0438 Elan Element Green LS EL 10.0 - \u041c\u0430\u0433\u0430\u0437\u0438\u043d Xstyle","og_url":"https:\/\/dev.xstyle.md\/ro\/produs\/gornye-lyzhi-elan-element-green-ls-el-10-0\/","og_site_name":"\u041c\u0430\u0433\u0430\u0437\u0438\u043d Xstyle","article_publisher":"https:\/\/www.facebook.com\/xstylemd","article_modified_time":"2026-03-19T14:32:39+00:00","og_image":[{"width":1080,"height":1080,"url":"https:\/\/dev.xstyle.md\/wp-content\/uploads\/2025\/02\/elan-element-green-ls-el-10.0-preobrazovano-iz-png.webp","type":"image\/webp"}],"twitter_card":"summary_large_image","twitter_misc":{"Pre\u021b":"6.890,00&nbsp;MDL","Disponibilitate":"\u00cen stoc"},"schema":{"@context":"https:\/\/schema.org","@graph":[{"@type":"WebPage","@id":"https:\/\/dev.xstyle.md\/product\/gornye-lyzhi-elan-element-green-ls-el-10-0\/","url":"https:\/\/dev.xstyle.md\/product\/gornye-lyzhi-elan-element-green-ls-el-10-0\/","name":"\u0413\u043e\u0440\u043d\u044b\u0435 \u043b\u044b\u0436\u0438 Elan Element Green LS EL 10.0 - \u041c\u0430\u0433\u0430\u0437\u0438\u043d Xstyle","isPartOf":{"@id":"https:\/\/dev.xstyle.md\/#website"},"primaryImageOfPage":{"@id":"https:\/\/dev.xstyle.md\/product\/gornye-lyzhi-elan-element-green-ls-el-10-0\/#primaryimage"},"image":{"@id":"https:\/\/dev.xstyle.md\/product\/gornye-lyzhi-elan-element-green-ls-el-10-0\/#primaryimage"},"thumbnailUrl":"https:\/\/dev.xstyle.md\/wp-content\/uploads\/2025\/02\/elan-element-green-ls-el-10.0-preobrazovano-iz-png.webp","datePublished":"2025-02-07T12:57:00+00:00","dateModified":"2026-03-19T14:32:39+00:00","breadcrumb":{"@id":"https:\/\/dev.xstyle.md\/product\/gornye-lyzhi-elan-element-green-ls-el-10-0\/#breadcrumb"},"inLanguage":"ro-RO","potentialAction":[{"@type":"ReadAction","target":["https:\/\/dev.xstyle.md\/product\/gornye-lyzhi-elan-element-green-ls-el-10-0\/"]}]},{"@type":"ImageObject","inLanguage":"ro-RO","@id":"https:\/\/dev.xstyle.md\/product\/gornye-lyzhi-elan-element-green-ls-el-10-0\/#primaryimage","url":"https:\/\/dev.xstyle.md\/wp-content\/uploads\/2025\/02\/elan-element-green-ls-el-10.0-preobrazovano-iz-png.webp","contentUrl":"https:\/\/dev.xstyle.md\/wp-content\/uploads\/2025\/02\/elan-element-green-ls-el-10.0-preobrazovano-iz-png.webp","width":1080,"height":1080,"caption":"\u0422\u0440\u0435\u0439\u043b\u043e\u0432\u044b\u0435 \u0431\u043e\u0442\u0438\u043d\u043a\u0438 \u0434\u043b\u044f \u0430\u043a\u0442\u0438\u0432\u043d\u043e\u0433\u043e \u043e\u0442\u0434\u044b\u0445\u0430, \u043b\u044b\u0436\u043d\u043e\u0435 \u0441\u043d\u0430\u0440\u044f\u0436\u0435\u043d\u0438\u0435, \u0433\u043e\u0440\u043d\u044b\u0435 \u043b\u044b\u0436\u0438 Elan Element Green LS EL 10.0 \u0434\u043b\u044f \u043b\u044b\u0436\u043d\u0438\u043a\u043e\u0432 \u0438 \u043f\u0443\u0442\u0435\u0448\u0435\u0441\u0442\u0432\u0435\u043d\u043d\u0438\u043a\u043e\u0432 \u0432 \u043a\u0430\u0442\u0430\u043b\u043e\u0433\u0435 \u0438\u043d\u0442\u0435\u0440\u043d\u0435\u0442-\u043c\u0430\u0433\u0430\u0437\u0438\u043d\u0430 \u0441\u043f\u043e\u0440\u0442\u0438\u0432\u043d\u043e\u0439 \u043e\u0434\u0435\u0436\u0434\u044b \u0438 \u043e\u0431\u0443\u0432\u0438"},{"@type":"BreadcrumbList","@id":"https:\/\/dev.xstyle.md\/product\/gornye-lyzhi-elan-element-green-ls-el-10-0\/#breadcrumb","itemListElement":[{"@type":"ListItem","position":1,"name":"\u0413\u043b\u0430\u0432\u043d\u0430\u044f \u0441\u0442\u0440\u0430\u043d\u0438\u0446\u0430","item":"https:\/\/dev.xstyle.md\/"},{"@type":"ListItem","position":2,"name":"Shop","item":"https:\/\/dev.xstyle.md\/shop\/"},{"@type":"ListItem","position":3,"name":"\u0413\u043e\u0440\u043d\u044b\u0435 \u043b\u044b\u0436\u0438 Elan Element Green LS EL 10.0"}]},{"@type":"WebSite","@id":"https:\/\/dev.xstyle.md\/#website","url":"https:\/\/dev.xstyle.md\/","name":"Magazinul X-Style","description":"Echipamente pentru turism \u0219i sporturi extreme \u00een Moldova. Pre\u021buri, fotografii, caracteristici \u00een Moldova.","publisher":{"@id":"https:\/\/dev.xstyle.md\/#organization"},"alternateName":"X-Style","potentialAction":[{"@type":"SearchAction","target":{"@type":"EntryPoint","urlTemplate":"https:\/\/dev.xstyle.md\/?s={search_term_string}"},"query-input":{"@type":"PropertyValueSpecification","valueRequired":true,"valueName":"search_term_string"}}],"inLanguage":"ro-RO"},{"@type":"Organization","@id":"https:\/\/dev.xstyle.md\/#organization","name":"Magazinul X-Style","alternateName":"x-style","url":"https:\/\/dev.xstyle.md\/","logo":{"@type":"ImageObject","inLanguage":"ro-RO","@id":"https:\/\/dev.xstyle.md\/#\/schema\/logo\/image\/","url":"https:\/\/dev.xstyle.md\/wp-content\/uploads\/2020\/06\/logoicon.svg","contentUrl":"https:\/\/dev.xstyle.md\/wp-content\/uploads\/2020\/06\/logoicon.svg","caption":"\u041c\u0430\u0433\u0430\u0437\u0438\u043d Xstyle"},"image":{"@id":"https:\/\/dev.xstyle.md\/#\/schema\/logo\/image\/"},"sameAs":["https:\/\/www.facebook.com\/xstylemd","https:\/\/www.instagram.com\/xstyle_md\/","https:\/\/t.me\/xstyle_outdoor"],"hasMerchantReturnPolicy":{"@type":"MerchantReturnPolicy","merchantReturnLink":"https:\/\/dev.xstyle.md\/ro\/conditions\/"}}]},"product_price_amount":"6890.00","product_price_currency":"MDL","og_availability":"instock","product_availability":"instock","product_retailer_item_id":"3838855675688","product_condition":"new"},"post_mailing_queue_ids":[],"_links":{"self":[{"href":"https:\/\/dev.xstyle.md\/ro\/wp-json\/wp\/v2\/product\/92510","targetHints":{"allow":["GET"]}}],"collection":[{"href":"https:\/\/dev.xstyle.md\/ro\/wp-json\/wp\/v2\/product"}],"about":[{"href":"https:\/\/dev.xstyle.md\/ro\/wp-json\/wp\/v2\/types\/product"}],"replies":[{"embeddable":true,"href":"https:\/\/dev.xstyle.md\/ro\/wp-json\/wp\/v2\/comments?post=92510"}],"version-history":[{"count":1,"href":"https:\/\/dev.xstyle.md\/ro\/wp-json\/wp\/v2\/product\/92510\/revisions"}],"predecessor-version":[{"id":98393,"href":"https:\/\/dev.xstyle.md\/ro\/wp-json\/wp\/v2\/product\/92510\/revisions\/98393"}],"wp:featuredmedia":[{"embeddable":true,"href":"https:\/\/dev.xstyle.md\/ro\/wp-json\/wp\/v2\/media\/98391"}],"wp:attachment":[{"href":"https:\/\/dev.xstyle.md\/ro\/wp-json\/wp\/v2\/media?parent=92510"}],"wp:term":[{"taxonomy":"product_brand","embeddable":true,"href":"https:\/\/dev.xstyle.md\/ro\/wp-json\/wp\/v2\/product_brand?post=92510"},{"taxonomy":"product_cat","embeddable":true,"href":"https:\/\/dev.xstyle.md\/ro\/wp-json\/wp\/v2\/product_cat?post=92510"},{"taxonomy":"product_tag","embeddable":true,"href":"https:\/\/dev.xstyle.md\/ro\/wp-json\/wp\/v2\/product_tag?post=92510"}],"curies":[{"name":"wp","href":"https:\/\/api.w.org\/{rel}","templated":true}]}}