{"id":91951,"date":"2025-01-15T17:49:29","date_gmt":"2025-01-15T14:49:29","guid":{"rendered":"https:\/\/xstyle.md\/?post_type=product&#038;p=91951"},"modified":"2026-03-19T17:32:27","modified_gmt":"2026-03-19T14:32:27","slug":"perchatki-ziener-gatis-green-mud","status":"publish","type":"product","link":"https:\/\/xstyle.md\/ro\/produs\/perchatki-ziener-gatis-green-mud\/","title":{"rendered":"M\u0103nu\u0219i schi Ziener Gatis green mud"},"content":{"rendered":"<p><\/p>\n<p><strong>Ziener Gatis<\/strong> &#8212; sunt m\u0103nu\u0219i de schi clasice pentru b\u0103rba\u021bi, care ofer\u0103 c\u0103ldur\u0103 \u0219i protec\u021bie \u00een orice condi\u021bii. Membrana Aquashield\u00ae le face impermeabile \u0219i rezistente la v\u00e2nt, men\u021bin\u00e2nd un microclimat confortabil \u00een interior. Tehnologia Thermoshield\u00ae conserv\u0103 c\u0103ldura chiar \u0219i pe vreme aspr\u0103, \u00een timp ce izola\u021bia inovatoare PrimaLoft\u00ae Gold CROSS CORE\u2122 combin\u0103 protec\u021bia termic\u0103 ridicat\u0103 cu o greutate redus\u0103. Man\u0219eta din neopren asigur\u0103 o potrivire fix\u0103 \u0219i confortabil\u0103.<\/p>\n<h3>Particularit\u0103\u021bi<\/h3>\n<ul>\n<li>Impermeabile \u0219i respirabile &#8212; protec\u021bie eficient\u0103 \u00eempotriva umidit\u0103\u021bii, permi\u021b\u00e2nd pielii s\u0103 respire.<\/li>\n<li>Palm\u0103 din piele moale &#8212; ofer\u0103 durabilitate \u0219i o aderen\u021b\u0103 excelent\u0103.<\/li>\n<li>Fixare perfect\u0103 &#8212; \u00eenchidere suplimentar\u0103 cu velcro (arici) pe \u00eencheietur\u0103 pentru o stabilitate ideal\u0103.<\/li>\n<li>Man\u0219et\u0103 \u00eengust\u0103 &#8212; permite purtarea jachetei peste m\u0103nu\u0219\u0103, prevenind p\u0103trunderea z\u0103pezii.<\/li>\n<li>Sistem anti-pierdere &#8212; m\u0103nu\u0219ile pot fi cuplate cu ajutorul unei carabine mici, evit\u00e2nd pierderea uneia dintre ele.<\/li>\n<\/ul>\n<h3>Caracteristici<\/h3>\n<ul>\n<li>Material \u2014 Poliester<\/li>\n<li>Destina\u021bie \u2014 Schi alpin<\/li>\n<li>Model \u2014 B\u0103rba\u021bi<\/li>\n<\/ul>\n<h3>Tehnologii<\/h3>\n<ul>\n<li><strong>Aquashield<\/strong>\u00ae &#8212; utilizeaz\u0103 o membran\u0103 performant\u0103, care este at\u00e2t impermeabil\u0103, c\u00e2t \u0219i rezistent\u0103 la v\u00e2nt, fiind special conceput\u0103 pentru a corpul cald \u0219i uscat \u00een condi\u021bii meteo extreme. Aceasta asigur\u0103 un echilibru optim \u00eentre protec\u021bia exterioar\u0103 \u0219i respirabilitatea interioar\u0103, evacu\u00e2nd eficient umiditatea pentru un confort termic de durat\u0103 pe p\u00e2rtie.<\/li>\n<li><strong>Thermoshield<\/strong>\u00ae \u2013 un strat izolator special care asigur\u0103 reten\u021bia maxim\u0103 a c\u0103ldurii \u00een interior.<\/li>\n<li><strong>Primaloft<\/strong>\u00ae<strong> Gold<\/strong> \u2013 este izolatorul de referin\u021b\u0103 (etalon), conceput pentru a oferi protec\u021bie \u00een cele mai extreme condi\u021bii. Microfibrele capteaz\u0103 c\u0103ldura \u00een interiorul materialului, p\u0103str\u00e2ndu-\u0219i propriet\u0103\u021bile termice \u00een propor\u021bie de 98% chiar \u0219i \u00een stare umed\u0103. Pe l\u00e2ng\u0103 aceasta, izola\u021bia se remarc\u0103 prin moliciune de neegalat, respirabilitate excelent\u0103 \u0219i o capacitate remarcabil\u0103 de comprimare (u\u0219urin\u021b\u0103 la ambalare).<br \/>\n<\/li>\n<\/ul>\n<h3>Marca<\/h3>\n<p>Ziener -  este un brand german care produce m\u0103nu\u0219i \u0219i \u00eembr\u0103c\u0103minte pentru sporturile de iarn\u0103. Istoria companiei a \u00eenceput \u00een anul 1946, cu un atelier de produc\u021bie a m\u0103nu\u0219ilor de uz cotidian. Ulterior, compania a \u00eenceput s\u0103 fabrice m\u0103nu\u0219i de schi de \u00eenalt\u0103 calitate, realizate manual.<\/p>\n<p>\u00cembr\u0103c\u0103mintea de schi marca Ziener se remarc\u0103 prin utilizarea noilor tehnologii \u0219i prin func\u021bionalitatea detaliilor proprii. Fiecare colec\u021bie de haine de schi Ziener se define\u0219te prin culori moderne \u0219i combina\u021bii inedite de materiale \u0219i imprimeuri. \u00cen procesul de crea\u021bie a produselor se utilizeaz\u0103 tehnologia Thermoshield, care permite re\u021binerea maxim\u0103 a c\u0103ldurii \u00een interiorul articolului. Compania are parteneriate cu lideri din industrie precum: Gore-Tex, NANOtex \u0219i Primaloft.<\/p>\n<p>\u00cen prezent, brandul Ziener este unul dintre liderii pie\u021bei europene de m\u0103nu\u0219i pentru sporturile de iarn\u0103. Produsele companiei sunt prezente \u00een numeroase \u021b\u0103ri din \u00eentreaga lume.<\/p>","protected":false},"excerpt":{"rendered":"<p>\u0411\u0440\u0435\u043d\u0434 Ziener \u2014 \u043d\u0435\u043c\u0435\u0446\u043a\u0438\u0439 \u0431\u0440\u0435\u043d\u0434, \u043f\u0440\u043e\u0438\u0437\u0432\u043e\u0434\u044f\u0449\u0438\u0439 \u043f\u0435\u0440\u0447\u0430\u0442\u043a\u0438 \u0438 \u043e\u0434\u0435\u0436\u0434\u0443 \u0434\u043b\u044f \u0433\u043e\u0440\u043d\u043e\u043b\u044b\u0436\u043d\u043e\u0433\u043e \u0441\u043f\u043e\u0440\u0442\u0430. \u0418\u0441\u0442\u043e\u0440\u0438\u044f \u043a\u043e\u043c\u043f\u0430\u043d\u0438\u0438 \u043d\u0430\u0447\u0430\u043b\u0430\u0441\u044c \u0432 1946 \u0433\u043e\u0434\u0443 \u0441 \u043c\u0430\u0441\u0442\u0435\u0440\u0441\u043a\u043e\u0439 \u043f\u043e \u043f\u0440\u043e\u0438\u0437\u0432\u043e\u0434\u0441\u0442\u0432\u0443 \u043f\u0435\u0440\u0447\u0430\u0442\u043e\u043a \u0434\u043b\u044f \u043f\u043e\u0432\u0441\u0435\u0434\u043d\u0435\u0432\u043d\u043e\u0433\u043e \u0438\u0441\u043f\u043e\u043b\u044c\u0437\u043e\u0432\u0430\u043d\u0438\u044f. \u041f\u043e\u0437\u0436\u0435 \u043a\u043e\u043c\u043f\u0430\u043d\u0438\u044f \u043d\u0430\u0447\u0430\u043b\u0430 \u043f\u0440\u043e\u0438\u0437\u0432\u043e\u0434\u0438\u0442\u044c \u0432\u044b\u0441\u043e\u043a\u043e\u043a\u0430\u0447\u0435\u0441\u0442\u0432\u0435\u043d\u043d\u044b\u0435 \u043b\u044b\u0436\u043d\u044b\u0435 \u043f\u0435\u0440\u0447\u0430\u0442\u043a\u0438 \u0440\u0443\u0447\u043d\u043e\u0439 \u0440\u0430\u0431\u043e\u0442\u044b. \u0413\u043e\u0440\u043d\u043e\u043b\u044b\u0436\u043d\u0430\u044f \u043e\u0434\u0435\u0436\u0434\u0430 \u0444\u0438\u0440\u043c\u044b Ziener \u043e\u0442\u043b\u0438\u0447\u0430\u0435\u0442\u0441\u044f \u043f\u0440\u0438\u043c\u0435\u043d\u0435\u043d\u0438\u0435\u043c \u043d\u043e\u0432\u044b\u0445 \u0442\u0435\u0445\u043d\u043e\u043b\u043e\u0433\u0438\u0439 \u0438 \u0444\u0443\u043d\u043a\u0446\u0438\u043e\u043d\u0430\u043b\u044c\u043d\u043e\u0441\u0442\u044c\u044e \u0444\u0438\u0440\u043c\u0435\u043d\u043d\u044b\u0445 \u0434\u0435\u0442\u0430\u043b\u0435\u0439. \u041a\u0430\u0436\u0434\u0430\u044f \u043a\u043e\u043b\u043b\u0435\u043a\u0446\u0438\u044f \u0433\u043e\u0440\u043d\u043e\u043b\u044b\u0436\u043d\u0430\u044f \u043e\u0434\u0435\u0436\u0434\u0430 Ziener \u2014 \u044d\u0442\u043e \u0441\u043e\u0432\u0440\u0435\u043c\u0435\u043d\u043d\u044b\u0435 [&hellip;]<\/p>\n","protected":false},"featured_media":92451,"comment_status":"open","ping_status":"closed","template":"","meta":{"_acf_changed":false,"inline_featured_image":false},"product_brand":[1313],"product_cat":[889],"product_tag":[],"class_list":{"0":"post-91951","1":"product","2":"type-product","3":"status-publish","4":"has-post-thumbnail","6":"product_brand-ziener","7":"product_cat-ski-gloves-men","9":"first","10":"instock","11":"shipping-taxable","12":"purchasable","13":"product-type-simple"},"acf":[],"yoast_head":"<!-- This site is optimized with the Yoast SEO plugin v27.4 - https:\/\/yoast.com\/product\/yoast-seo-wordpress\/ -->\n<title>\u041f\u0435\u0440\u0447\u0430\u0442\u043a\u0438 Ziener Gatis green mud - \u041c\u0430\u0433\u0430\u0437\u0438\u043d Xstyle<\/title>\n<meta name=\"robots\" content=\"index, follow, max-snippet:-1, max-image-preview:large, max-video-preview:-1\" \/>\n<link rel=\"canonical\" href=\"https:\/\/xstyle.md\/ro\/produs\/perchatki-ziener-gatis-green-mud\/\" \/>\n<meta property=\"og:locale\" content=\"ro_RO\" \/>\n<meta property=\"og:type\" content=\"article\" \/>\n<meta property=\"og:title\" content=\"\u041f\u0435\u0440\u0447\u0430\u0442\u043a\u0438 Ziener Gatis green mud - \u041c\u0430\u0433\u0430\u0437\u0438\u043d Xstyle\" \/>\n<meta property=\"og:description\" content=\"\u0411\u0440\u0435\u043d\u0434 Ziener \u2014 \u043d\u0435\u043c\u0435\u0446\u043a\u0438\u0439 \u0431\u0440\u0435\u043d\u0434, \u043f\u0440\u043e\u0438\u0437\u0432\u043e\u0434\u044f\u0449\u0438\u0439 \u043f\u0435\u0440\u0447\u0430\u0442\u043a\u0438 \u0438 \u043e\u0434\u0435\u0436\u0434\u0443 \u0434\u043b\u044f \u0433\u043e\u0440\u043d\u043e\u043b\u044b\u0436\u043d\u043e\u0433\u043e \u0441\u043f\u043e\u0440\u0442\u0430. \u0418\u0441\u0442\u043e\u0440\u0438\u044f \u043a\u043e\u043c\u043f\u0430\u043d\u0438\u0438 \u043d\u0430\u0447\u0430\u043b\u0430\u0441\u044c \u0432 1946 \u0433\u043e\u0434\u0443 \u0441 \u043c\u0430\u0441\u0442\u0435\u0440\u0441\u043a\u043e\u0439 \u043f\u043e \u043f\u0440\u043e\u0438\u0437\u0432\u043e\u0434\u0441\u0442\u0432\u0443 \u043f\u0435\u0440\u0447\u0430\u0442\u043e\u043a \u0434\u043b\u044f \u043f\u043e\u0432\u0441\u0435\u0434\u043d\u0435\u0432\u043d\u043e\u0433\u043e \u0438\u0441\u043f\u043e\u043b\u044c\u0437\u043e\u0432\u0430\u043d\u0438\u044f. \u041f\u043e\u0437\u0436\u0435 \u043a\u043e\u043c\u043f\u0430\u043d\u0438\u044f \u043d\u0430\u0447\u0430\u043b\u0430 \u043f\u0440\u043e\u0438\u0437\u0432\u043e\u0434\u0438\u0442\u044c \u0432\u044b\u0441\u043e\u043a\u043e\u043a\u0430\u0447\u0435\u0441\u0442\u0432\u0435\u043d\u043d\u044b\u0435 \u043b\u044b\u0436\u043d\u044b\u0435 \u043f\u0435\u0440\u0447\u0430\u0442\u043a\u0438 \u0440\u0443\u0447\u043d\u043e\u0439 \u0440\u0430\u0431\u043e\u0442\u044b. \u0413\u043e\u0440\u043d\u043e\u043b\u044b\u0436\u043d\u0430\u044f \u043e\u0434\u0435\u0436\u0434\u0430 \u0444\u0438\u0440\u043c\u044b Ziener \u043e\u0442\u043b\u0438\u0447\u0430\u0435\u0442\u0441\u044f \u043f\u0440\u0438\u043c\u0435\u043d\u0435\u043d\u0438\u0435\u043c \u043d\u043e\u0432\u044b\u0445 \u0442\u0435\u0445\u043d\u043e\u043b\u043e\u0433\u0438\u0439 \u0438 \u0444\u0443\u043d\u043a\u0446\u0438\u043e\u043d\u0430\u043b\u044c\u043d\u043e\u0441\u0442\u044c\u044e \u0444\u0438\u0440\u043c\u0435\u043d\u043d\u044b\u0445 \u0434\u0435\u0442\u0430\u043b\u0435\u0439. \u041a\u0430\u0436\u0434\u0430\u044f \u043a\u043e\u043b\u043b\u0435\u043a\u0446\u0438\u044f \u0433\u043e\u0440\u043d\u043e\u043b\u044b\u0436\u043d\u0430\u044f \u043e\u0434\u0435\u0436\u0434\u0430 Ziener \u2014 \u044d\u0442\u043e \u0441\u043e\u0432\u0440\u0435\u043c\u0435\u043d\u043d\u044b\u0435 [&hellip;]\" \/>\n<meta property=\"og:url\" content=\"https:\/\/xstyle.md\/ro\/produs\/perchatki-ziener-gatis-green-mud\/\" \/>\n<meta property=\"og:site_name\" content=\"\u041c\u0430\u0433\u0430\u0437\u0438\u043d Xstyle\" \/>\n<meta property=\"article:publisher\" content=\"https:\/\/www.facebook.com\/xstylemd\" \/>\n<meta property=\"article:modified_time\" content=\"2026-03-19T14:32:27+00:00\" \/>\n<meta property=\"og:image\" content=\"https:\/\/xstyle.md\/wp-content\/uploads\/2025\/01\/ziener-gatis-green-mud.webp\" \/>\n\t<meta property=\"og:image:width\" content=\"1200\" \/>\n\t<meta property=\"og:image:height\" content=\"1200\" \/>\n\t<meta property=\"og:image:type\" content=\"image\/webp\" \/>\n<meta name=\"twitter:card\" content=\"summary_large_image\" \/>\n<meta name=\"twitter:label1\" content=\"Pre\u021b\" \/>\n\t<meta name=\"twitter:data1\" content=\"870&nbsp;MDL\" \/>\n\t<meta name=\"twitter:label2\" content=\"Disponibilitate\" \/>\n\t<meta name=\"twitter:data2\" content=\"\u00cen stoc\" \/>\n<script type=\"application\/ld+json\" class=\"yoast-schema-graph\">{\"@context\":\"https:\\\/\\\/schema.org\",\"@graph\":[{\"@type\":\"WebPage\",\"@id\":\"https:\\\/\\\/xstyle.md\\\/product\\\/perchatki-ziener-gatis-green-mud\\\/\",\"url\":\"https:\\\/\\\/xstyle.md\\\/product\\\/perchatki-ziener-gatis-green-mud\\\/\",\"name\":\"\u041f\u0435\u0440\u0447\u0430\u0442\u043a\u0438 Ziener Gatis green mud - \u041c\u0430\u0433\u0430\u0437\u0438\u043d Xstyle\",\"isPartOf\":{\"@id\":\"https:\\\/\\\/xstyle.md\\\/#website\"},\"primaryImageOfPage\":{\"@id\":\"https:\\\/\\\/xstyle.md\\\/product\\\/perchatki-ziener-gatis-green-mud\\\/#primaryimage\"},\"image\":{\"@id\":\"https:\\\/\\\/xstyle.md\\\/product\\\/perchatki-ziener-gatis-green-mud\\\/#primaryimage\"},\"thumbnailUrl\":\"https:\\\/\\\/xstyle.md\\\/wp-content\\\/uploads\\\/2025\\\/01\\\/ziener-gatis-green-mud.webp\",\"datePublished\":\"2025-01-15T14:49:29+00:00\",\"dateModified\":\"2026-03-19T14:32:27+00:00\",\"breadcrumb\":{\"@id\":\"https:\\\/\\\/xstyle.md\\\/product\\\/perchatki-ziener-gatis-green-mud\\\/#breadcrumb\"},\"inLanguage\":\"ro-RO\",\"potentialAction\":[{\"@type\":\"ReadAction\",\"target\":[\"https:\\\/\\\/xstyle.md\\\/product\\\/perchatki-ziener-gatis-green-mud\\\/\"]}]},{\"@type\":\"ImageObject\",\"inLanguage\":\"ro-RO\",\"@id\":\"https:\\\/\\\/xstyle.md\\\/product\\\/perchatki-ziener-gatis-green-mud\\\/#primaryimage\",\"url\":\"https:\\\/\\\/xstyle.md\\\/wp-content\\\/uploads\\\/2025\\\/01\\\/ziener-gatis-green-mud.webp\",\"contentUrl\":\"https:\\\/\\\/xstyle.md\\\/wp-content\\\/uploads\\\/2025\\\/01\\\/ziener-gatis-green-mud.webp\",\"width\":1200,\"height\":1200,\"caption\":\"\u041f\u0435\u0440\u0447\u0430\u0442\u043a\u0438 Ziener Gatis \u0447\u0435\u0440\u043d\u044b\u0435 \u0434\u043b\u044f \u0430\u043a\u0442\u0438\u0432\u043d\u043e\u0433\u043e \u043e\u0442\u0434\u044b\u0445\u0430, \u043f\u0443\u0442\u0435\u0448\u0435\u0441\u0442\u0432\u0438\u0439, \u0430\u043b\u044c\u043f\u0438\u043d\u0438\u0437\u043c\u0430, \u0442\u0443\u0440\u0438\u0437\u043c\u0430 \u0438 \u0441\u043f\u043e\u0440\u0442\u0438\u0432\u043d\u043e\u0439 \u043e\u0434\u0435\u0436\u0434\u044b \u0434\u043b\u044f \u043e\u043d\u043b\u0430\u0439\u043d-\u043c\u0430\u0433\u0430\u0437\u0438\u043d\u0430\"},{\"@type\":\"BreadcrumbList\",\"@id\":\"https:\\\/\\\/xstyle.md\\\/product\\\/perchatki-ziener-gatis-green-mud\\\/#breadcrumb\",\"itemListElement\":[{\"@type\":\"ListItem\",\"position\":1,\"name\":\"\u0413\u043b\u0430\u0432\u043d\u0430\u044f \u0441\u0442\u0440\u0430\u043d\u0438\u0446\u0430\",\"item\":\"https:\\\/\\\/xstyle.md\\\/\"},{\"@type\":\"ListItem\",\"position\":2,\"name\":\"\u041c\u0430\u0433\u0430\u0437\u0438\u043d\",\"item\":\"https:\\\/\\\/xstyle.md\\\/shop\\\/\"},{\"@type\":\"ListItem\",\"position\":3,\"name\":\"\u041f\u0435\u0440\u0447\u0430\u0442\u043a\u0438 Ziener Gatis green mud\"}]},{\"@type\":\"WebSite\",\"@id\":\"https:\\\/\\\/xstyle.md\\\/#website\",\"url\":\"https:\\\/\\\/xstyle.md\\\/\",\"name\":\"\u041c\u0430\u0433\u0430\u0437\u0438\u043d Xstyle\",\"description\":\"C\u043d\u0430\u0440\u044f\u0436\u0435\u043d\u0438\u0435 \u0434\u043b\u044f \u0442\u0443\u0440\u0438\u0437\u043c\u0430 \u0438 \u044d\u043a\u0441\u0442\u0440\u0435\u043c\u0430\u043b\u044c\u043d\u044b\u0445 \u0432\u0438\u0434\u043e\u0432 \u0441\u043f\u043e\u0440\u0442\u0430 \u0432 \u041c\u043e\u043b\u0434\u043e\u0432\u0435.. \u0426\u0435\u043d\u044b, \u0444\u043e\u0442\u043e, \u0445\u0430\u0440\u0430\u043a\u0442\u0435\u0440\u0438\u0441\u0442\u0438\u043a\u0438 \u0432 \u041c\u043e\u043b\u0434\u043e\u0432\u0435.\",\"publisher\":{\"@id\":\"https:\\\/\\\/xstyle.md\\\/#organization\"},\"alternateName\":\"X-Style\",\"potentialAction\":[{\"@type\":\"SearchAction\",\"target\":{\"@type\":\"EntryPoint\",\"urlTemplate\":\"https:\\\/\\\/xstyle.md\\\/?s={search_term_string}\"},\"query-input\":{\"@type\":\"PropertyValueSpecification\",\"valueRequired\":true,\"valueName\":\"search_term_string\"}}],\"inLanguage\":\"ro-RO\"},{\"@type\":\"Organization\",\"@id\":\"https:\\\/\\\/xstyle.md\\\/#organization\",\"name\":\"\u041c\u0430\u0433\u0430\u0437\u0438\u043d Xstyle\",\"alternateName\":\"x-style\",\"url\":\"https:\\\/\\\/xstyle.md\\\/\",\"logo\":{\"@type\":\"ImageObject\",\"inLanguage\":\"ro-RO\",\"@id\":\"https:\\\/\\\/xstyle.md\\\/#\\\/schema\\\/logo\\\/image\\\/\",\"url\":\"https:\\\/\\\/xstyle.md\\\/wp-content\\\/uploads\\\/2020\\\/06\\\/logoicon.svg\",\"contentUrl\":\"https:\\\/\\\/xstyle.md\\\/wp-content\\\/uploads\\\/2020\\\/06\\\/logoicon.svg\",\"caption\":\"\u041c\u0430\u0433\u0430\u0437\u0438\u043d Xstyle\"},\"image\":{\"@id\":\"https:\\\/\\\/xstyle.md\\\/#\\\/schema\\\/logo\\\/image\\\/\"},\"sameAs\":[\"https:\\\/\\\/www.facebook.com\\\/xstylemd\",\"https:\\\/\\\/www.instagram.com\\\/xstyle_md\\\/\",\"https:\\\/\\\/t.me\\\/xstyle_outdoor\"],\"hasMerchantReturnPolicy\":{\"@type\":\"MerchantReturnPolicy\",\"merchantReturnLink\":\"https:\\\/\\\/xstyle.md\\\/ro\\\/conditions\\\/\"}}]}<\/script>\n<meta property=\"product:price:amount\" content=\"870.00\" \/>\n<meta property=\"product:price:currency\" content=\"MDL\" \/>\n<meta property=\"og:availability\" content=\"instock\" \/>\n<meta property=\"product:availability\" content=\"instock\" \/>\n<meta property=\"product:retailer_item_id\" content=\"4063833868458\" \/>\n<meta property=\"product:condition\" content=\"new\" \/>\n<!-- \/ Yoast SEO plugin. -->","yoast_head_json":{"title":"\u041f\u0435\u0440\u0447\u0430\u0442\u043a\u0438 Ziener Gatis green mud - \u041c\u0430\u0433\u0430\u0437\u0438\u043d Xstyle","robots":{"index":"index","follow":"follow","max-snippet":"max-snippet:-1","max-image-preview":"max-image-preview:large","max-video-preview":"max-video-preview:-1"},"canonical":"https:\/\/xstyle.md\/ro\/produs\/perchatki-ziener-gatis-green-mud\/","og_locale":"ro_RO","og_type":"article","og_title":"\u041f\u0435\u0440\u0447\u0430\u0442\u043a\u0438 Ziener Gatis green mud - \u041c\u0430\u0433\u0430\u0437\u0438\u043d Xstyle","og_description":"\u0411\u0440\u0435\u043d\u0434 Ziener \u2014 \u043d\u0435\u043c\u0435\u0446\u043a\u0438\u0439 \u0431\u0440\u0435\u043d\u0434, \u043f\u0440\u043e\u0438\u0437\u0432\u043e\u0434\u044f\u0449\u0438\u0439 \u043f\u0435\u0440\u0447\u0430\u0442\u043a\u0438 \u0438 \u043e\u0434\u0435\u0436\u0434\u0443 \u0434\u043b\u044f \u0433\u043e\u0440\u043d\u043e\u043b\u044b\u0436\u043d\u043e\u0433\u043e \u0441\u043f\u043e\u0440\u0442\u0430. \u0418\u0441\u0442\u043e\u0440\u0438\u044f \u043a\u043e\u043c\u043f\u0430\u043d\u0438\u0438 \u043d\u0430\u0447\u0430\u043b\u0430\u0441\u044c \u0432 1946 \u0433\u043e\u0434\u0443 \u0441 \u043c\u0430\u0441\u0442\u0435\u0440\u0441\u043a\u043e\u0439 \u043f\u043e \u043f\u0440\u043e\u0438\u0437\u0432\u043e\u0434\u0441\u0442\u0432\u0443 \u043f\u0435\u0440\u0447\u0430\u0442\u043e\u043a \u0434\u043b\u044f \u043f\u043e\u0432\u0441\u0435\u0434\u043d\u0435\u0432\u043d\u043e\u0433\u043e \u0438\u0441\u043f\u043e\u043b\u044c\u0437\u043e\u0432\u0430\u043d\u0438\u044f. \u041f\u043e\u0437\u0436\u0435 \u043a\u043e\u043c\u043f\u0430\u043d\u0438\u044f \u043d\u0430\u0447\u0430\u043b\u0430 \u043f\u0440\u043e\u0438\u0437\u0432\u043e\u0434\u0438\u0442\u044c \u0432\u044b\u0441\u043e\u043a\u043e\u043a\u0430\u0447\u0435\u0441\u0442\u0432\u0435\u043d\u043d\u044b\u0435 \u043b\u044b\u0436\u043d\u044b\u0435 \u043f\u0435\u0440\u0447\u0430\u0442\u043a\u0438 \u0440\u0443\u0447\u043d\u043e\u0439 \u0440\u0430\u0431\u043e\u0442\u044b. \u0413\u043e\u0440\u043d\u043e\u043b\u044b\u0436\u043d\u0430\u044f \u043e\u0434\u0435\u0436\u0434\u0430 \u0444\u0438\u0440\u043c\u044b Ziener \u043e\u0442\u043b\u0438\u0447\u0430\u0435\u0442\u0441\u044f \u043f\u0440\u0438\u043c\u0435\u043d\u0435\u043d\u0438\u0435\u043c \u043d\u043e\u0432\u044b\u0445 \u0442\u0435\u0445\u043d\u043e\u043b\u043e\u0433\u0438\u0439 \u0438 \u0444\u0443\u043d\u043a\u0446\u0438\u043e\u043d\u0430\u043b\u044c\u043d\u043e\u0441\u0442\u044c\u044e \u0444\u0438\u0440\u043c\u0435\u043d\u043d\u044b\u0445 \u0434\u0435\u0442\u0430\u043b\u0435\u0439. \u041a\u0430\u0436\u0434\u0430\u044f \u043a\u043e\u043b\u043b\u0435\u043a\u0446\u0438\u044f \u0433\u043e\u0440\u043d\u043e\u043b\u044b\u0436\u043d\u0430\u044f \u043e\u0434\u0435\u0436\u0434\u0430 Ziener \u2014 \u044d\u0442\u043e \u0441\u043e\u0432\u0440\u0435\u043c\u0435\u043d\u043d\u044b\u0435 [&hellip;]","og_url":"https:\/\/xstyle.md\/ro\/produs\/perchatki-ziener-gatis-green-mud\/","og_site_name":"\u041c\u0430\u0433\u0430\u0437\u0438\u043d Xstyle","article_publisher":"https:\/\/www.facebook.com\/xstylemd","article_modified_time":"2026-03-19T14:32:27+00:00","og_image":[{"width":1200,"height":1200,"url":"https:\/\/xstyle.md\/wp-content\/uploads\/2025\/01\/ziener-gatis-green-mud.webp","type":"image\/webp"}],"twitter_card":"summary_large_image","twitter_misc":{"Pre\u021b":"870&nbsp;MDL","Disponibilitate":"\u00cen stoc"},"schema":{"@context":"https:\/\/schema.org","@graph":[{"@type":"WebPage","@id":"https:\/\/xstyle.md\/product\/perchatki-ziener-gatis-green-mud\/","url":"https:\/\/xstyle.md\/product\/perchatki-ziener-gatis-green-mud\/","name":"\u041f\u0435\u0440\u0447\u0430\u0442\u043a\u0438 Ziener Gatis green mud - \u041c\u0430\u0433\u0430\u0437\u0438\u043d Xstyle","isPartOf":{"@id":"https:\/\/xstyle.md\/#website"},"primaryImageOfPage":{"@id":"https:\/\/xstyle.md\/product\/perchatki-ziener-gatis-green-mud\/#primaryimage"},"image":{"@id":"https:\/\/xstyle.md\/product\/perchatki-ziener-gatis-green-mud\/#primaryimage"},"thumbnailUrl":"https:\/\/xstyle.md\/wp-content\/uploads\/2025\/01\/ziener-gatis-green-mud.webp","datePublished":"2025-01-15T14:49:29+00:00","dateModified":"2026-03-19T14:32:27+00:00","breadcrumb":{"@id":"https:\/\/xstyle.md\/product\/perchatki-ziener-gatis-green-mud\/#breadcrumb"},"inLanguage":"ro-RO","potentialAction":[{"@type":"ReadAction","target":["https:\/\/xstyle.md\/product\/perchatki-ziener-gatis-green-mud\/"]}]},{"@type":"ImageObject","inLanguage":"ro-RO","@id":"https:\/\/xstyle.md\/product\/perchatki-ziener-gatis-green-mud\/#primaryimage","url":"https:\/\/xstyle.md\/wp-content\/uploads\/2025\/01\/ziener-gatis-green-mud.webp","contentUrl":"https:\/\/xstyle.md\/wp-content\/uploads\/2025\/01\/ziener-gatis-green-mud.webp","width":1200,"height":1200,"caption":"\u041f\u0435\u0440\u0447\u0430\u0442\u043a\u0438 Ziener Gatis \u0447\u0435\u0440\u043d\u044b\u0435 \u0434\u043b\u044f \u0430\u043a\u0442\u0438\u0432\u043d\u043e\u0433\u043e \u043e\u0442\u0434\u044b\u0445\u0430, \u043f\u0443\u0442\u0435\u0448\u0435\u0441\u0442\u0432\u0438\u0439, \u0430\u043b\u044c\u043f\u0438\u043d\u0438\u0437\u043c\u0430, \u0442\u0443\u0440\u0438\u0437\u043c\u0430 \u0438 \u0441\u043f\u043e\u0440\u0442\u0438\u0432\u043d\u043e\u0439 \u043e\u0434\u0435\u0436\u0434\u044b \u0434\u043b\u044f \u043e\u043d\u043b\u0430\u0439\u043d-\u043c\u0430\u0433\u0430\u0437\u0438\u043d\u0430"},{"@type":"BreadcrumbList","@id":"https:\/\/xstyle.md\/product\/perchatki-ziener-gatis-green-mud\/#breadcrumb","itemListElement":[{"@type":"ListItem","position":1,"name":"\u0413\u043b\u0430\u0432\u043d\u0430\u044f \u0441\u0442\u0440\u0430\u043d\u0438\u0446\u0430","item":"https:\/\/xstyle.md\/"},{"@type":"ListItem","position":2,"name":"\u041c\u0430\u0433\u0430\u0437\u0438\u043d","item":"https:\/\/xstyle.md\/shop\/"},{"@type":"ListItem","position":3,"name":"\u041f\u0435\u0440\u0447\u0430\u0442\u043a\u0438 Ziener Gatis green mud"}]},{"@type":"WebSite","@id":"https:\/\/xstyle.md\/#website","url":"https:\/\/xstyle.md\/","name":"Magazinul X-Style","description":"Echipamente pentru turism \u0219i sporturi extreme \u00een Moldova. Pre\u021buri, fotografii, caracteristici \u00een Moldova.","publisher":{"@id":"https:\/\/xstyle.md\/#organization"},"alternateName":"X-Style","potentialAction":[{"@type":"SearchAction","target":{"@type":"EntryPoint","urlTemplate":"https:\/\/xstyle.md\/?s={search_term_string}"},"query-input":{"@type":"PropertyValueSpecification","valueRequired":true,"valueName":"search_term_string"}}],"inLanguage":"ro-RO"},{"@type":"Organization","@id":"https:\/\/xstyle.md\/#organization","name":"Magazinul X-Style","alternateName":"x-style","url":"https:\/\/xstyle.md\/","logo":{"@type":"ImageObject","inLanguage":"ro-RO","@id":"https:\/\/xstyle.md\/#\/schema\/logo\/image\/","url":"https:\/\/xstyle.md\/wp-content\/uploads\/2020\/06\/logoicon.svg","contentUrl":"https:\/\/xstyle.md\/wp-content\/uploads\/2020\/06\/logoicon.svg","caption":"\u041c\u0430\u0433\u0430\u0437\u0438\u043d Xstyle"},"image":{"@id":"https:\/\/xstyle.md\/#\/schema\/logo\/image\/"},"sameAs":["https:\/\/www.facebook.com\/xstylemd","https:\/\/www.instagram.com\/xstyle_md\/","https:\/\/t.me\/xstyle_outdoor"],"hasMerchantReturnPolicy":{"@type":"MerchantReturnPolicy","merchantReturnLink":"https:\/\/xstyle.md\/ro\/conditions\/"}}]},"product_price_amount":"870.00","product_price_currency":"MDL","og_availability":"instock","product_availability":"instock","product_retailer_item_id":"4063833868458","product_condition":"new"},"post_mailing_queue_ids":[],"_links":{"self":[{"href":"https:\/\/xstyle.md\/ro\/wp-json\/wp\/v2\/product\/91951","targetHints":{"allow":["GET"]}}],"collection":[{"href":"https:\/\/xstyle.md\/ro\/wp-json\/wp\/v2\/product"}],"about":[{"href":"https:\/\/xstyle.md\/ro\/wp-json\/wp\/v2\/types\/product"}],"replies":[{"embeddable":true,"href":"https:\/\/xstyle.md\/ro\/wp-json\/wp\/v2\/comments?post=91951"}],"wp:featuredmedia":[{"embeddable":true,"href":"https:\/\/xstyle.md\/ro\/wp-json\/wp\/v2\/media\/92451"}],"wp:attachment":[{"href":"https:\/\/xstyle.md\/ro\/wp-json\/wp\/v2\/media?parent=91951"}],"wp:term":[{"taxonomy":"product_brand","embeddable":true,"href":"https:\/\/xstyle.md\/ro\/wp-json\/wp\/v2\/product_brand?post=91951"},{"taxonomy":"product_cat","embeddable":true,"href":"https:\/\/xstyle.md\/ro\/wp-json\/wp\/v2\/product_cat?post=91951"},{"taxonomy":"product_tag","embeddable":true,"href":"https:\/\/xstyle.md\/ro\/wp-json\/wp\/v2\/product_tag?post=91951"}],"curies":[{"name":"wp","href":"https:\/\/api.w.org\/{rel}","templated":true}]}}