{"id":91849,"date":"2025-01-15T17:48:59","date_gmt":"2025-01-15T14:48:59","guid":{"rendered":"https:\/\/xstyle.md\/?post_type=product&#038;p=91849"},"modified":"2025-10-24T12:17:13","modified_gmt":"2025-10-24T09:17:13","slug":"noski-accapi-outdoor-light-black","status":"publish","type":"product","link":"https:\/\/xstyle.md\/ro\/produs\/noski-accapi-outdoor-light-black\/","title":{"rendered":"\u0218osete Accapi Outdoor Light black"},"content":{"rendered":"<\/p>\n<p><strong>Accapi Outdoor Light<\/strong>\u00a0&#8212; \u0219osete de antrenament u\u0219oare pentru sporturi \u00een aer liber. \u021aes\u0103tura special\u0103 a man\u0219etei Elastic Grip Skin men\u021bine \u0219oseta bine fixat\u0103 pe picior, f\u0103r\u0103 a obstruc\u021biona circula\u021bia vascular\u0103 normal\u0103. Cus\u0103turile Elastic Flat Junction\u00ae asigur\u0103 un confort maxim, iar v\u00e2rful \u0219i c\u0103lc\u00e2iul au inser\u021bii Reinforced Heel&amp;Toe pentru a proteja c\u0103lc\u00e2iul \u0219i degetele de la picioare de r\u0103ni \u0219i b\u0103\u0219ici. \u0218osetele sunt realizate cu tehnologia Longlife, care prelunge\u0219te durata de via\u021b\u0103 a \u0219osetei: \u00eentreaga suprafa\u021b\u0103 exterioar\u0103 a \u0219osetei are propriet\u0103\u021bi de rezisten\u021b\u0103 la abraziune pentru a o proteja de uzura cauzat\u0103 de frecarea cu pantofii.<\/p>\n<h3>Particularit\u0103\u021bi<\/h3>\n<ul>\n<li>\u00cen produc\u021bia de \u0219osete se utilizeaz\u0103, de asemenea, fibre sintetice Polyrex dublu \u0219i triplu r\u0103sucite, care sporesc rezisten\u021ba la uzur\u0103 a \u021bes\u0103turii.<\/li>\n<li>Moliciunea produselor Accapi este \u00eembun\u0103t\u0103\u021bit\u0103 de tratamentul Biotender-TR, care const\u0103 \u00eentr-un proces de pre-sp\u0103lare conceput pentru a produce articole de \u00eembr\u0103c\u0103minte cu o structur\u0103 \u0219i o suprafa\u021b\u0103 moale. Articolele de \u00eembr\u0103c\u0103minte care au fost supuse acestui tratament au caracteristici antistatice excelente. \u00cen plus, Biotender-TR cre\u0219te rezisten\u021ba la \u00eencre\u021bire \u0219i elasticitatea.<\/li>\n<li>Coolmax: o fibr\u0103 special\u0103, extrem de moale \u0219i foarte rezistent\u0103, caracterizat\u0103 prin patru caneluri care pot cre\u0219te trecerea aerului \u0219i pot elimina rapid transpira\u021bia. Se usuc\u0103 \u00eentr-un timp foarte scurt \u0219i \u00ee\u0219i p\u0103streaz\u0103 caracteristicile \u00een timp.<\/li>\n<li>Fibr\u0103 Cordura cu rezisten\u021b\u0103 ridicat\u0103, potrivit\u0103 \u00een special pentru utilizarea \u00een puncte supuse la stres constant, abraziune \u0219i rupere.<\/li>\n<\/ul>\n<h3>Caracteristici<\/h3>\n<ul>\n<li>Material &#8212; 63% poliester, 19% bumbac, 18% nailon<\/li>\n<li>Scop &#8212; drume\u021bii, drume\u021bii, activit\u0103\u021bi \u00een aer liber<\/li>\n<li>Sezonul &#8212; prim\u0103var\u0103\/var\u0103<\/li>\n<li>Grosime &#8212; gros<\/li>\n<li>Model &#8212; unisex.<\/li>\n<\/ul>\n<h3>Tehnologie<\/h3>\n<ul>\n<li><strong>Cordura<\/strong>\u00ae &#8212; fibr\u0103 sintetic\u0103 cu un coeficient ridicat de rezisten\u021b\u0103, utilizat\u0103 \u00een zonele \u00een care produsul este expus \u00een mod special la uzur\u0103 continu\u0103.<\/li>\n<li><strong>Coolmax<\/strong>\u00ae &#8212; fibra de poliester brevetat\u0103 de Invista, care nu are o sec\u021biune transversal\u0103 circular\u0103, ci este format\u0103 din patru canale care \u00eendep\u0103rteaz\u0103 \u00een mod eficient umezeala de piele. Coolmax este utilizat ca strat adiacent pielii pentru gestionarea ultra-eficient\u0103 a umidit\u0103\u021bii.<\/li>\n<li><strong>Polyrex<\/strong> \u2013 este o fibr\u0103 sintetic\u0103 fabricat\u0103 din poliamid\u0103 cu r\u0103sucire dubl\u0103 sau tripl\u0103, ceea ce spore\u0219te rezisten\u021ba f\u0103r\u0103 s\u0103 afecteze u\u0219urin\u021ba \u0219i elasticitatea.<\/li>\n<li><strong>Biotender-TR<\/strong> &#8212; un tratament special care const\u0103 \u00eentr-un proces de pre-sp\u0103lare conceput pentru a crea articole de \u00eembr\u0103c\u0103minte cu o structur\u0103 \u0219i o suprafa\u021b\u0103 moale. Articolele de \u00eembr\u0103c\u0103minte care au fost supuse acestui tratament au propriet\u0103\u021bi antistatice excelente. \u00cen plus, Biotender-TR \u00eembun\u0103t\u0103\u021be\u0219te rezisten\u021ba la \u00eencre\u021bire \u0219i elasticitatea, precum \u0219i reducerea form\u0103rii de scame \u0219i a mat\u0103rii. Chiar \u0219i dup\u0103 numeroase sp\u0103l\u0103ri, acest tratament permite ca haina s\u0103 \u00ee\u0219i p\u0103streze caracteristicile.<\/li>\n<li><strong>Longlife<\/strong> \u2013 o tehnologie care men\u021bine \u0219osetele moi \u0219i confortabile, conferind structurii lor exterioare o durabilitate mai mare \u0219i m\u0103rind durata normal\u0103 de via\u021b\u0103 a \u0219osetelor de 2-3 ori. Datorit\u0103 unui proces special de fabricare a textilelor, \u00eentreaga suprafa\u021b\u0103 exterioar\u0103 a ciorapului este rezistent\u0103 la uzur\u0103 pentru a-l proteja de deterior\u0103rile cauzate de frecarea cu pantofii.<\/li>\n<\/ul>\n<h3>Marca<\/h3>\n<p>Compania italian\u0103 Accapi este un exemplu al modului \u00een care tradi\u021biile vechi \u0219i experien\u021ba trecutului tr\u0103iesc \u00een armonie perfect\u0103 cu cele mai avansate tehnologii \u0219i echipamente moderne. \u00cenfiin\u021bat\u0103 \u00een 1958 de familia Chiaruttini, care ini\u021bial producea \u0219osete obi\u0219nuite, \u0219i dup\u0103 ce a acumulat o experien\u021b\u0103 considerabil\u0103, \u00een 1994 compania a \u00eenceput s\u0103 produc\u0103 \u0219osete tehnologice pentru toate sporturile. De trei genera\u021bii, produc\u021bia de lenjerie de corp termic\u0103 este o afacere de familie, ceea ce garanteaz\u0103 o calitate constant\u0103 \u0219i ridicat\u0103, deoarece toate modelele sunt produse \u00een propria fabric\u0103 din Italia. Introducerea de noi tehnologii \u00een 2006 a permis extinderea liniei de produse \u0219i revizuirea calitativ\u0103 a modelelor existente. \u00cen acela\u0219i timp, pre\u021burile pentru Accapi au r\u0103mas la acela\u0219i nivel. Marca Accapi este sponsorul a diver\u0219i sportivi din ciclismul de \u0219osea, cursele de motociclete, atletism, schi alpin, inclusiv medalia\u021bi olimpici.<\/p>\n<p><\/p>","protected":false},"excerpt":{"rendered":"","protected":false},"featured_media":92427,"comment_status":"open","ping_status":"closed","template":"","meta":{"_acf_changed":false,"inline_featured_image":false},"product_brand":[1407],"product_cat":[228],"product_tag":[],"class_list":{"0":"post-91849","1":"product","2":"type-product","3":"status-publish","4":"has-post-thumbnail","6":"product_brand-accapi","7":"product_cat-trekking-hiking-liners","9":"first","10":"instock","11":"shipping-taxable","12":"purchasable","13":"product-type-simple"},"acf":[],"yoast_head":"<!-- This site is optimized with the Yoast SEO plugin v27.4 - https:\/\/yoast.com\/product\/yoast-seo-wordpress\/ -->\n<title>\u041d\u043e\u0441\u043a\u0438 Accapi Outdoor Light black - \u041c\u0430\u0433\u0430\u0437\u0438\u043d Xstyle<\/title>\n<meta name=\"robots\" content=\"index, follow, max-snippet:-1, max-image-preview:large, max-video-preview:-1\" \/>\n<link rel=\"canonical\" href=\"https:\/\/xstyle.md\/ro\/produs\/noski-accapi-outdoor-light-black\/\" \/>\n<meta property=\"og:locale\" content=\"ro_RO\" \/>\n<meta property=\"og:type\" content=\"article\" \/>\n<meta property=\"og:title\" content=\"\u041d\u043e\u0441\u043a\u0438 Accapi Outdoor Light black - \u041c\u0430\u0433\u0430\u0437\u0438\u043d Xstyle\" \/>\n<meta property=\"og:url\" content=\"https:\/\/xstyle.md\/ro\/produs\/noski-accapi-outdoor-light-black\/\" \/>\n<meta property=\"og:site_name\" content=\"\u041c\u0430\u0433\u0430\u0437\u0438\u043d Xstyle\" \/>\n<meta property=\"article:publisher\" content=\"https:\/\/www.facebook.com\/xstylemd\" \/>\n<meta property=\"article:modified_time\" content=\"2025-10-24T09:17:13+00:00\" \/>\n<meta property=\"og:image\" content=\"https:\/\/xstyle.md\/wp-content\/uploads\/2025\/01\/accapi-outdoor-light-black.webp\" \/>\n\t<meta property=\"og:image:width\" content=\"1353\" \/>\n\t<meta property=\"og:image:height\" content=\"1408\" \/>\n\t<meta property=\"og:image:type\" content=\"image\/webp\" \/>\n<meta name=\"twitter:card\" content=\"summary_large_image\" \/>\n<meta name=\"twitter:label1\" content=\"Pre\u021b\" \/>\n\t<meta name=\"twitter:data1\" content=\"350&nbsp;MDL\" \/>\n\t<meta name=\"twitter:label2\" content=\"Disponibilitate\" \/>\n\t<meta name=\"twitter:data2\" content=\"\u00cen stoc\" \/>\n<script type=\"application\/ld+json\" class=\"yoast-schema-graph\">{\"@context\":\"https:\\\/\\\/schema.org\",\"@graph\":[{\"@type\":\"WebPage\",\"@id\":\"https:\\\/\\\/xstyle.md\\\/product\\\/noski-accapi-outdoor-light-black\\\/\",\"url\":\"https:\\\/\\\/xstyle.md\\\/product\\\/noski-accapi-outdoor-light-black\\\/\",\"name\":\"\u041d\u043e\u0441\u043a\u0438 Accapi Outdoor Light black - \u041c\u0430\u0433\u0430\u0437\u0438\u043d Xstyle\",\"isPartOf\":{\"@id\":\"https:\\\/\\\/xstyle.md\\\/#website\"},\"primaryImageOfPage\":{\"@id\":\"https:\\\/\\\/xstyle.md\\\/product\\\/noski-accapi-outdoor-light-black\\\/#primaryimage\"},\"image\":{\"@id\":\"https:\\\/\\\/xstyle.md\\\/product\\\/noski-accapi-outdoor-light-black\\\/#primaryimage\"},\"thumbnailUrl\":\"https:\\\/\\\/xstyle.md\\\/wp-content\\\/uploads\\\/2025\\\/01\\\/accapi-outdoor-light-black.webp\",\"datePublished\":\"2025-01-15T14:48:59+00:00\",\"dateModified\":\"2025-10-24T09:17:13+00:00\",\"breadcrumb\":{\"@id\":\"https:\\\/\\\/xstyle.md\\\/product\\\/noski-accapi-outdoor-light-black\\\/#breadcrumb\"},\"inLanguage\":\"ro-RO\",\"potentialAction\":[{\"@type\":\"ReadAction\",\"target\":[\"https:\\\/\\\/xstyle.md\\\/product\\\/noski-accapi-outdoor-light-black\\\/\"]}]},{\"@type\":\"ImageObject\",\"inLanguage\":\"ro-RO\",\"@id\":\"https:\\\/\\\/xstyle.md\\\/product\\\/noski-accapi-outdoor-light-black\\\/#primaryimage\",\"url\":\"https:\\\/\\\/xstyle.md\\\/wp-content\\\/uploads\\\/2025\\\/01\\\/accapi-outdoor-light-black.webp\",\"contentUrl\":\"https:\\\/\\\/xstyle.md\\\/wp-content\\\/uploads\\\/2025\\\/01\\\/accapi-outdoor-light-black.webp\",\"width\":1353,\"height\":1408,\"caption\":\"\u041d\u043e\u0441\u043a\u0438 Accapi Outdoor Light \u0447\u0435\u0440\u043d\u044b\u0435 \u0434\u043b\u044f \u0430\u043a\u0442\u0438\u0432\u043d\u043e\u0433\u043e \u043e\u0442\u0434\u044b\u0445\u0430 \u043f\u0443\u0442\u0435\u0448\u0435\u0441\u0442\u0432\u0438\u0439 \u0438 \u0430\u043b\u044c\u043f\u0438\u043d\u0438\u0437\u043c\u0430, \u0441\u043f\u043e\u0440\u0442\u0438\u0432\u043d\u043e\u0439 \u043e\u0431\u0443\u0432\u0438 \u0434\u043b\u044f \u0442\u0443\u0440\u0438\u0437\u043c\u0430 \u0438 \u043f\u043e\u0445\u043e\u0434\u043e\u0432\"},{\"@type\":\"BreadcrumbList\",\"@id\":\"https:\\\/\\\/xstyle.md\\\/product\\\/noski-accapi-outdoor-light-black\\\/#breadcrumb\",\"itemListElement\":[{\"@type\":\"ListItem\",\"position\":1,\"name\":\"\u0413\u043b\u0430\u0432\u043d\u0430\u044f \u0441\u0442\u0440\u0430\u043d\u0438\u0446\u0430\",\"item\":\"https:\\\/\\\/xstyle.md\\\/\"},{\"@type\":\"ListItem\",\"position\":2,\"name\":\"\u041c\u0430\u0433\u0430\u0437\u0438\u043d\",\"item\":\"https:\\\/\\\/xstyle.md\\\/shop\\\/\"},{\"@type\":\"ListItem\",\"position\":3,\"name\":\"\u041d\u043e\u0441\u043a\u0438 Accapi Outdoor Light black\"}]},{\"@type\":\"WebSite\",\"@id\":\"https:\\\/\\\/xstyle.md\\\/#website\",\"url\":\"https:\\\/\\\/xstyle.md\\\/\",\"name\":\"\u041c\u0430\u0433\u0430\u0437\u0438\u043d Xstyle\",\"description\":\"C\u043d\u0430\u0440\u044f\u0436\u0435\u043d\u0438\u0435 \u0434\u043b\u044f \u0442\u0443\u0440\u0438\u0437\u043c\u0430 \u0438 \u044d\u043a\u0441\u0442\u0440\u0435\u043c\u0430\u043b\u044c\u043d\u044b\u0445 \u0432\u0438\u0434\u043e\u0432 \u0441\u043f\u043e\u0440\u0442\u0430 \u0432 \u041c\u043e\u043b\u0434\u043e\u0432\u0435.. \u0426\u0435\u043d\u044b, \u0444\u043e\u0442\u043e, \u0445\u0430\u0440\u0430\u043a\u0442\u0435\u0440\u0438\u0441\u0442\u0438\u043a\u0438 \u0432 \u041c\u043e\u043b\u0434\u043e\u0432\u0435.\",\"publisher\":{\"@id\":\"https:\\\/\\\/xstyle.md\\\/#organization\"},\"alternateName\":\"X-Style\",\"potentialAction\":[{\"@type\":\"SearchAction\",\"target\":{\"@type\":\"EntryPoint\",\"urlTemplate\":\"https:\\\/\\\/xstyle.md\\\/?s={search_term_string}\"},\"query-input\":{\"@type\":\"PropertyValueSpecification\",\"valueRequired\":true,\"valueName\":\"search_term_string\"}}],\"inLanguage\":\"ro-RO\"},{\"@type\":\"Organization\",\"@id\":\"https:\\\/\\\/xstyle.md\\\/#organization\",\"name\":\"\u041c\u0430\u0433\u0430\u0437\u0438\u043d Xstyle\",\"alternateName\":\"x-style\",\"url\":\"https:\\\/\\\/xstyle.md\\\/\",\"logo\":{\"@type\":\"ImageObject\",\"inLanguage\":\"ro-RO\",\"@id\":\"https:\\\/\\\/xstyle.md\\\/#\\\/schema\\\/logo\\\/image\\\/\",\"url\":\"https:\\\/\\\/xstyle.md\\\/wp-content\\\/uploads\\\/2020\\\/06\\\/logoicon.svg\",\"contentUrl\":\"https:\\\/\\\/xstyle.md\\\/wp-content\\\/uploads\\\/2020\\\/06\\\/logoicon.svg\",\"caption\":\"\u041c\u0430\u0433\u0430\u0437\u0438\u043d Xstyle\"},\"image\":{\"@id\":\"https:\\\/\\\/xstyle.md\\\/#\\\/schema\\\/logo\\\/image\\\/\"},\"sameAs\":[\"https:\\\/\\\/www.facebook.com\\\/xstylemd\",\"https:\\\/\\\/www.instagram.com\\\/xstyle_md\\\/\",\"https:\\\/\\\/t.me\\\/xstyle_outdoor\"],\"hasMerchantReturnPolicy\":{\"@type\":\"MerchantReturnPolicy\",\"merchantReturnLink\":\"https:\\\/\\\/xstyle.md\\\/ro\\\/conditions\\\/\"}}]}<\/script>\n<meta property=\"product:price:amount\" content=\"350.00\" \/>\n<meta property=\"product:price:currency\" content=\"MDL\" \/>\n<meta property=\"og:availability\" content=\"instock\" \/>\n<meta property=\"product:availability\" content=\"instock\" \/>\n<meta property=\"product:retailer_item_id\" content=\"8053307525679\" \/>\n<meta property=\"product:condition\" content=\"new\" \/>\n<!-- \/ Yoast SEO plugin. -->","yoast_head_json":{"title":"\u041d\u043e\u0441\u043a\u0438 Accapi Outdoor Light black - \u041c\u0430\u0433\u0430\u0437\u0438\u043d Xstyle","robots":{"index":"index","follow":"follow","max-snippet":"max-snippet:-1","max-image-preview":"max-image-preview:large","max-video-preview":"max-video-preview:-1"},"canonical":"https:\/\/xstyle.md\/ro\/produs\/noski-accapi-outdoor-light-black\/","og_locale":"ro_RO","og_type":"article","og_title":"\u041d\u043e\u0441\u043a\u0438 Accapi Outdoor Light black - \u041c\u0430\u0433\u0430\u0437\u0438\u043d Xstyle","og_url":"https:\/\/xstyle.md\/ro\/produs\/noski-accapi-outdoor-light-black\/","og_site_name":"\u041c\u0430\u0433\u0430\u0437\u0438\u043d Xstyle","article_publisher":"https:\/\/www.facebook.com\/xstylemd","article_modified_time":"2025-10-24T09:17:13+00:00","og_image":[{"width":1353,"height":1408,"url":"https:\/\/xstyle.md\/wp-content\/uploads\/2025\/01\/accapi-outdoor-light-black.webp","type":"image\/webp"}],"twitter_card":"summary_large_image","twitter_misc":{"Pre\u021b":"350&nbsp;MDL","Disponibilitate":"\u00cen stoc"},"schema":{"@context":"https:\/\/schema.org","@graph":[{"@type":"WebPage","@id":"https:\/\/xstyle.md\/product\/noski-accapi-outdoor-light-black\/","url":"https:\/\/xstyle.md\/product\/noski-accapi-outdoor-light-black\/","name":"\u041d\u043e\u0441\u043a\u0438 Accapi Outdoor Light black - \u041c\u0430\u0433\u0430\u0437\u0438\u043d Xstyle","isPartOf":{"@id":"https:\/\/xstyle.md\/#website"},"primaryImageOfPage":{"@id":"https:\/\/xstyle.md\/product\/noski-accapi-outdoor-light-black\/#primaryimage"},"image":{"@id":"https:\/\/xstyle.md\/product\/noski-accapi-outdoor-light-black\/#primaryimage"},"thumbnailUrl":"https:\/\/xstyle.md\/wp-content\/uploads\/2025\/01\/accapi-outdoor-light-black.webp","datePublished":"2025-01-15T14:48:59+00:00","dateModified":"2025-10-24T09:17:13+00:00","breadcrumb":{"@id":"https:\/\/xstyle.md\/product\/noski-accapi-outdoor-light-black\/#breadcrumb"},"inLanguage":"ro-RO","potentialAction":[{"@type":"ReadAction","target":["https:\/\/xstyle.md\/product\/noski-accapi-outdoor-light-black\/"]}]},{"@type":"ImageObject","inLanguage":"ro-RO","@id":"https:\/\/xstyle.md\/product\/noski-accapi-outdoor-light-black\/#primaryimage","url":"https:\/\/xstyle.md\/wp-content\/uploads\/2025\/01\/accapi-outdoor-light-black.webp","contentUrl":"https:\/\/xstyle.md\/wp-content\/uploads\/2025\/01\/accapi-outdoor-light-black.webp","width":1353,"height":1408,"caption":"\u041d\u043e\u0441\u043a\u0438 Accapi Outdoor Light \u0447\u0435\u0440\u043d\u044b\u0435 \u0434\u043b\u044f \u0430\u043a\u0442\u0438\u0432\u043d\u043e\u0433\u043e \u043e\u0442\u0434\u044b\u0445\u0430 \u043f\u0443\u0442\u0435\u0448\u0435\u0441\u0442\u0432\u0438\u0439 \u0438 \u0430\u043b\u044c\u043f\u0438\u043d\u0438\u0437\u043c\u0430, \u0441\u043f\u043e\u0440\u0442\u0438\u0432\u043d\u043e\u0439 \u043e\u0431\u0443\u0432\u0438 \u0434\u043b\u044f \u0442\u0443\u0440\u0438\u0437\u043c\u0430 \u0438 \u043f\u043e\u0445\u043e\u0434\u043e\u0432"},{"@type":"BreadcrumbList","@id":"https:\/\/xstyle.md\/product\/noski-accapi-outdoor-light-black\/#breadcrumb","itemListElement":[{"@type":"ListItem","position":1,"name":"\u0413\u043b\u0430\u0432\u043d\u0430\u044f \u0441\u0442\u0440\u0430\u043d\u0438\u0446\u0430","item":"https:\/\/xstyle.md\/"},{"@type":"ListItem","position":2,"name":"\u041c\u0430\u0433\u0430\u0437\u0438\u043d","item":"https:\/\/xstyle.md\/shop\/"},{"@type":"ListItem","position":3,"name":"\u041d\u043e\u0441\u043a\u0438 Accapi Outdoor Light black"}]},{"@type":"WebSite","@id":"https:\/\/xstyle.md\/#website","url":"https:\/\/xstyle.md\/","name":"Magazinul X-Style","description":"Echipamente pentru turism \u0219i sporturi extreme \u00een Moldova. Pre\u021buri, fotografii, caracteristici \u00een Moldova.","publisher":{"@id":"https:\/\/xstyle.md\/#organization"},"alternateName":"X-Style","potentialAction":[{"@type":"SearchAction","target":{"@type":"EntryPoint","urlTemplate":"https:\/\/xstyle.md\/?s={search_term_string}"},"query-input":{"@type":"PropertyValueSpecification","valueRequired":true,"valueName":"search_term_string"}}],"inLanguage":"ro-RO"},{"@type":"Organization","@id":"https:\/\/xstyle.md\/#organization","name":"Magazinul X-Style","alternateName":"x-style","url":"https:\/\/xstyle.md\/","logo":{"@type":"ImageObject","inLanguage":"ro-RO","@id":"https:\/\/xstyle.md\/#\/schema\/logo\/image\/","url":"https:\/\/xstyle.md\/wp-content\/uploads\/2020\/06\/logoicon.svg","contentUrl":"https:\/\/xstyle.md\/wp-content\/uploads\/2020\/06\/logoicon.svg","caption":"\u041c\u0430\u0433\u0430\u0437\u0438\u043d Xstyle"},"image":{"@id":"https:\/\/xstyle.md\/#\/schema\/logo\/image\/"},"sameAs":["https:\/\/www.facebook.com\/xstylemd","https:\/\/www.instagram.com\/xstyle_md\/","https:\/\/t.me\/xstyle_outdoor"],"hasMerchantReturnPolicy":{"@type":"MerchantReturnPolicy","merchantReturnLink":"https:\/\/xstyle.md\/ro\/conditions\/"}}]},"product_price_amount":"350.00","product_price_currency":"MDL","og_availability":"instock","product_availability":"instock","product_retailer_item_id":"8053307525679","product_condition":"new"},"_links":{"self":[{"href":"https:\/\/xstyle.md\/ro\/wp-json\/wp\/v2\/product\/91849","targetHints":{"allow":["GET"]}}],"collection":[{"href":"https:\/\/xstyle.md\/ro\/wp-json\/wp\/v2\/product"}],"about":[{"href":"https:\/\/xstyle.md\/ro\/wp-json\/wp\/v2\/types\/product"}],"replies":[{"embeddable":true,"href":"https:\/\/xstyle.md\/ro\/wp-json\/wp\/v2\/comments?post=91849"}],"wp:featuredmedia":[{"embeddable":true,"href":"https:\/\/xstyle.md\/ro\/wp-json\/wp\/v2\/media\/92427"}],"wp:attachment":[{"href":"https:\/\/xstyle.md\/ro\/wp-json\/wp\/v2\/media?parent=91849"}],"wp:term":[{"taxonomy":"product_brand","embeddable":true,"href":"https:\/\/xstyle.md\/ro\/wp-json\/wp\/v2\/product_brand?post=91849"},{"taxonomy":"product_cat","embeddable":true,"href":"https:\/\/xstyle.md\/ro\/wp-json\/wp\/v2\/product_cat?post=91849"},{"taxonomy":"product_tag","embeddable":true,"href":"https:\/\/xstyle.md\/ro\/wp-json\/wp\/v2\/product_tag?post=91849"}],"curies":[{"name":"wp","href":"https:\/\/api.w.org\/{rel}","templated":true}]}}