{"id":89972,"date":"2024-11-25T11:58:22","date_gmt":"2024-11-25T08:58:22","guid":{"rendered":"https:\/\/xstyle.md\/?post_type=product&#038;p=89972"},"modified":"2026-03-19T17:29:58","modified_gmt":"2026-03-19T14:29:58","slug":"gornolyzhnye-botinki-rossignol-hi-speed-pro-110","status":"publish","type":"product","link":"https:\/\/dev.xstyle.md\/ro\/produs\/gornolyzhnye-botinki-rossignol-hi-speed-pro-110\/","title":{"rendered":"Cl\u0103pari Rossignol Hi-Speed Pro 110"},"content":{"rendered":"<p><\/p>\n<p><strong>Rossignol Hi-Speed Pro 110<\/strong> &#8212; sunt cl\u0103pari de \u00eenalt\u0103 performan\u021b\u0103, ideali pentru schiorii de nivel intermediar \u0219i avansat. Ace\u0219tia au o rigiditate de 110, ceea ce \u00eei face o alegere excelent\u0103 pentru un schiat cu o reactivitate ridicat\u0103. Dac\u0103 pune\u021bi pre\u021b pe senza\u021bia de transmitere direct\u0103 a energiei, pe un r\u0103spuns rapid de la cl\u0103par c\u0103tre schi \u0219i pe posibilitatea de a executa manevre tehnice, acest model este alegerea ideal\u0103.<\/p>\n<p>Cl\u0103parii Rossignol sunt fabrica\u021bi din poliuretan, asigur\u00e2nd un control optim at\u00e2t la viteze mari, c\u00e2t \u0219i la viteze mici. Izola\u021bia Thinsulate\u2122 men\u021bine c\u0103ldura, permi\u021b\u00e2ndu-v\u0103 s\u0103 schia\u021bi chiar \u0219i \u00een cele mai reci zile.<\/p>\n<h3>Caracteristici<\/h3>\n<ul>\n<li>Nivel schior \u2014 intermediar<\/li>\n<li>Destina\u021bie \u2014 p\u00e2rtie<\/li>\n<li>Structur\u0103 \u2014 calapod 100 mm, canting, reglarea rigidit\u0103\u021bii<\/li>\n<li>Detalii construc\u021bie \u2014 4 clape ALU Micro, band\u0103 de for\u021b\u0103 (Power Strap)<\/li>\n<li>Ghet\u0103 interioar\u0103 \u2014 CUSTOM T3<\/li>\n<li>Carcas\u0103 exterioar\u0103 \u2014 POLIOLEFIN\u0102 \/ POLIURETAN<\/li>\n<li>Catarame \u2014 aluminiu<\/li>\n<li>Talp\u0103 \u2014 ISO 5355<\/li>\n<li>Indice Flex \u2014 110<\/li>\n<li>Model \u2014 b\u0103rba\u021bi<\/li>\n<\/ul>\n<h3>Tehnologii<\/h3>\n<ul>\n<li><strong>CUSTOM T3<\/strong> \u2014 Gheata interioar\u0103 este fabricat\u0103 dintr-un material adaptabil pentru o mai bun\u0103 mulare pe picior. Versiunea T3 utilizeaz\u0103 \u00een compozi\u021bie Flexalon de densitate medie pentru o potrivire confortabil\u0103 \u0219i un control precis.<\/li>\n<li><strong>GENERATIVE DESIGN GRID<\/strong> \u2014 O abordare inovatoare \u00een proiectare, bazat\u0103 pe date, care utilizeaz\u0103 designul generativ pentru a crea forma optim\u0103 a cl\u0103parului. Structura este conceput\u0103 pentru a minimiza grosimea pere\u021bilor carcasei exterioare, reduc\u00e2nd greutatea \u0219i cresc\u00e2nd simultan puterea \u0219i suportul.<\/li>\n<li><strong>Thinsulate<\/strong>\u2122 <strong>Stretch<\/strong> \u2014 Izoleaz\u0103 termic \u0219i ofer\u0103 un suport \u00eembun\u0103t\u0103\u021bit pentru picior.<\/li>\n<li><strong>Flex Index<\/strong> \u2014 Unul dintre principalii parametri care definesc rigiditatea cl\u0103parului. Un flex de 110 ofer\u0103 un r\u0103spuns prompt \u0219i sus\u021binere pentru schiorii dinamici.<\/li>\n<li><strong>ISO 5355<\/strong> \u2014 Talp\u0103 standard pentru cl\u0103parii universali de schi alpin, fiind plat\u0103 \u0219i av\u00e2nd o \u00een\u0103l\u021bime de 19\u00b11 mm.<\/li>\n<\/ul>\n<p><\/p>\n<h3>Marca<\/h3>\n<p>\u00cen urm\u0103 cu mai bine de 100 de ani, mai precis \u00een 1907, \u00een ora\u0219ul Voiron, nu departe de Grenoble (Fran\u021ba), t\u00e2mplarul Abel Rossignol a creat o mic\u0103 firm\u0103 specializat\u0103 \u00een produc\u021bia de produse din lemn pentru industria textil\u0103. Deja \u00een acel moment, Abel Rossignol se g\u00e2ndea cum s\u0103 \u00eenfiin\u021beze produc\u021bia propriilor schiuri din lemn. Patru ani mai t\u00e2rziu, prima pereche de schiuri a v\u0103zut lumina.<\/p>\n<p>Deja \u00een 1911, dup\u0103 o expedi\u021bie \u00een Scandinavia, a fost creat un departament la firma care se ocupa exclusiv de schi. Ast\u0103zi, Rossignol combin\u0103 mai multe m\u0103rci: Rossignol, Dynastar, Lange \u0219i Risport \u0219i ofer\u0103 o gam\u0103 complet\u0103 de echipamente pentru sporturile de iarn\u0103 - totul pentru cei care iubesc sportul.<\/p>\n<\/div>","protected":false},"excerpt":{"rendered":"<p>\u0411\u0440\u0435\u043d\u0434 \u0411\u043e\u043b\u0435\u0435 100 \u043b\u0435\u0442 \u043d\u0430\u0437\u0430\u0434, \u0430 \u0442\u043e\u0447\u043d\u0435\u0435 \u0432 1907-\u043c \u0433\u043e\u0434\u0443 \u0432 \u043c\u0435\u0441\u0442\u0435\u0447\u043a\u0435 \u0412\u0443\u0430\u0440\u043e\u043d, \u043d\u0435\u0434\u0430\u043b\u0435\u043a\u043e \u043e\u0442 \u0413\u0440\u0435\u043d\u043e\u0431\u043b\u044f (\u0424\u0440\u0430\u043d\u0446\u0438\u044f) \u043f\u043b\u043e\u0442\u043d\u0438\u043a \u0410\u0431\u0435\u043b\u044c \u0420\u043e\u0441\u0441\u0438\u043d\u044c\u043e\u043b\u044c<\/p>","protected":false},"featured_media":91228,"comment_status":"open","ping_status":"closed","template":"","meta":{"_acf_changed":false,"inline_featured_image":false},"product_brand":[1320],"product_cat":[353],"product_tag":[],"class_list":{"0":"post-89972","1":"product","2":"type-product","3":"status-publish","4":"has-post-thumbnail","6":"product_brand-rossignol","7":"product_cat-ski-boots","9":"first","10":"instock","11":"shipping-taxable","12":"purchasable","13":"product-type-simple"},"acf":[],"yoast_head":"<!-- This site is optimized with the Yoast SEO plugin v27.5 - https:\/\/yoast.com\/product\/yoast-seo-wordpress\/ -->\n<title>\u0413\u043e\u0440\u043d\u043e\u043b\u044b\u0436\u043d\u044b\u0435 \u0431\u043e\u0442\u0438\u043d\u043a\u0438 Rossignol Hi-Speed Pro 110 - \u041c\u0430\u0433\u0430\u0437\u0438\u043d Xstyle<\/title>\n<meta name=\"robots\" content=\"noindex, follow, max-snippet:-1, max-image-preview:large, max-video-preview:-1\" \/>\n<meta property=\"og:locale\" content=\"ro_RO\" \/>\n<meta property=\"og:type\" content=\"article\" \/>\n<meta property=\"og:title\" content=\"\u0413\u043e\u0440\u043d\u043e\u043b\u044b\u0436\u043d\u044b\u0435 \u0431\u043e\u0442\u0438\u043d\u043a\u0438 Rossignol Hi-Speed Pro 110 - \u041c\u0430\u0433\u0430\u0437\u0438\u043d Xstyle\" \/>\n<meta property=\"og:description\" content=\"\u0411\u0440\u0435\u043d\u0434 \u0411\u043e\u043b\u0435\u0435 100 \u043b\u0435\u0442 \u043d\u0430\u0437\u0430\u0434, \u0430 \u0442\u043e\u0447\u043d\u0435\u0435 \u0432 1907-\u043c \u0433\u043e\u0434\u0443 \u0432 \u043c\u0435\u0441\u0442\u0435\u0447\u043a\u0435 \u0412\u0443\u0430\u0440\u043e\u043d, \u043d\u0435\u0434\u0430\u043b\u0435\u043a\u043e \u043e\u0442 \u0413\u0440\u0435\u043d\u043e\u0431\u043b\u044f (\u0424\u0440\u0430\u043d\u0446\u0438\u044f) \u043f\u043b\u043e\u0442\u043d\u0438\u043a \u0410\u0431\u0435\u043b\u044c \u0420\u043e\u0441\u0441\u0438\u043d\u044c\u043e\u043b\u044c\" \/>\n<meta property=\"og:url\" content=\"https:\/\/dev.xstyle.md\/ro\/produs\/gornolyzhnye-botinki-rossignol-hi-speed-pro-110\/\" \/>\n<meta property=\"og:site_name\" content=\"\u041c\u0430\u0433\u0430\u0437\u0438\u043d Xstyle\" \/>\n<meta property=\"article:publisher\" content=\"https:\/\/www.facebook.com\/xstylemd\" \/>\n<meta property=\"article:modified_time\" content=\"2026-03-19T14:29:58+00:00\" \/>\n<meta property=\"og:image\" content=\"https:\/\/dev.xstyle.md\/wp-content\/uploads\/2024\/11\/rossignol-hi-speed-pro-110-0.webp\" \/>\n\t<meta property=\"og:image:width\" content=\"899\" \/>\n\t<meta property=\"og:image:height\" content=\"899\" \/>\n\t<meta property=\"og:image:type\" content=\"image\/webp\" \/>\n<meta name=\"twitter:card\" content=\"summary_large_image\" \/>\n<meta name=\"twitter:label1\" content=\"Pre\u021b\" \/>\n\t<meta name=\"twitter:data1\" content=\"8.390,00&nbsp;MDL\" \/>\n\t<meta name=\"twitter:label2\" content=\"Disponibilitate\" \/>\n\t<meta name=\"twitter:data2\" content=\"\u00cen stoc\" \/>\n<script type=\"application\/ld+json\" class=\"yoast-schema-graph\">{\"@context\":\"https:\\\/\\\/schema.org\",\"@graph\":[{\"@type\":\"WebPage\",\"@id\":\"https:\\\/\\\/dev.xstyle.md\\\/product\\\/gornolyzhnye-botinki-rossignol-hi-speed-pro-110\\\/\",\"url\":\"https:\\\/\\\/dev.xstyle.md\\\/product\\\/gornolyzhnye-botinki-rossignol-hi-speed-pro-110\\\/\",\"name\":\"\u0413\u043e\u0440\u043d\u043e\u043b\u044b\u0436\u043d\u044b\u0435 \u0431\u043e\u0442\u0438\u043d\u043a\u0438 Rossignol Hi-Speed Pro 110 - \u041c\u0430\u0433\u0430\u0437\u0438\u043d Xstyle\",\"isPartOf\":{\"@id\":\"https:\\\/\\\/dev.xstyle.md\\\/#website\"},\"primaryImageOfPage\":{\"@id\":\"https:\\\/\\\/dev.xstyle.md\\\/product\\\/gornolyzhnye-botinki-rossignol-hi-speed-pro-110\\\/#primaryimage\"},\"image\":{\"@id\":\"https:\\\/\\\/dev.xstyle.md\\\/product\\\/gornolyzhnye-botinki-rossignol-hi-speed-pro-110\\\/#primaryimage\"},\"thumbnailUrl\":\"https:\\\/\\\/dev.xstyle.md\\\/wp-content\\\/uploads\\\/2024\\\/11\\\/rossignol-hi-speed-pro-110-0.webp\",\"datePublished\":\"2024-11-25T08:58:22+00:00\",\"dateModified\":\"2026-03-19T14:29:58+00:00\",\"breadcrumb\":{\"@id\":\"https:\\\/\\\/dev.xstyle.md\\\/product\\\/gornolyzhnye-botinki-rossignol-hi-speed-pro-110\\\/#breadcrumb\"},\"inLanguage\":\"ro-RO\",\"potentialAction\":[{\"@type\":\"ReadAction\",\"target\":[\"https:\\\/\\\/dev.xstyle.md\\\/product\\\/gornolyzhnye-botinki-rossignol-hi-speed-pro-110\\\/\"]}]},{\"@type\":\"ImageObject\",\"inLanguage\":\"ro-RO\",\"@id\":\"https:\\\/\\\/dev.xstyle.md\\\/product\\\/gornolyzhnye-botinki-rossignol-hi-speed-pro-110\\\/#primaryimage\",\"url\":\"https:\\\/\\\/dev.xstyle.md\\\/wp-content\\\/uploads\\\/2024\\\/11\\\/rossignol-hi-speed-pro-110-0.webp\",\"contentUrl\":\"https:\\\/\\\/dev.xstyle.md\\\/wp-content\\\/uploads\\\/2024\\\/11\\\/rossignol-hi-speed-pro-110-0.webp\",\"width\":899,\"height\":899,\"caption\":\"\u0422\u043e\u0432\u0430\u0440 \u0433\u043e\u0440\u043d\u043e\u043b\u044b\u0436\u043d\u044b\u0435 \u0431\u043e\u0442\u0438\u043d\u043a\u0438 Rossignol Hi-Speed Pro 110 \u0434\u043b\u044f \u0430\u043a\u0442\u0438\u0432\u043d\u043e\u0433\u043e \u043e\u0442\u0434\u044b\u0445\u0430, \u043b\u044b\u0436\u043d\u044b\u0439 \u0441\u043f\u043e\u0440\u0442, \u043f\u0443\u0442\u0435\u0448\u0435\u0441\u0442\u0432\u0438\u044f \u0438 \u0430\u043b\u044c\u043f\u0438\u043d\u0438\u0437\u043c \u043d\u0430 \u043e\u043d\u043b\u0430\u0439\u043d \u043c\u0430\u0433\u0430\u0437\u0438\u043d\u0435 \u044d\u043a\u0438\u043f\u0438\u0440\u043e\u0432\u043a\u0438\"},{\"@type\":\"BreadcrumbList\",\"@id\":\"https:\\\/\\\/dev.xstyle.md\\\/product\\\/gornolyzhnye-botinki-rossignol-hi-speed-pro-110\\\/#breadcrumb\",\"itemListElement\":[{\"@type\":\"ListItem\",\"position\":1,\"name\":\"\u0413\u043b\u0430\u0432\u043d\u0430\u044f \u0441\u0442\u0440\u0430\u043d\u0438\u0446\u0430\",\"item\":\"https:\\\/\\\/dev.xstyle.md\\\/\"},{\"@type\":\"ListItem\",\"position\":2,\"name\":\"Shop\",\"item\":\"https:\\\/\\\/dev.xstyle.md\\\/shop\\\/\"},{\"@type\":\"ListItem\",\"position\":3,\"name\":\"\u0413\u043e\u0440\u043d\u043e\u043b\u044b\u0436\u043d\u044b\u0435 \u0431\u043e\u0442\u0438\u043d\u043a\u0438 Rossignol Hi-Speed Pro 110\"}]},{\"@type\":\"WebSite\",\"@id\":\"https:\\\/\\\/dev.xstyle.md\\\/#website\",\"url\":\"https:\\\/\\\/dev.xstyle.md\\\/\",\"name\":\"\u041c\u0430\u0433\u0430\u0437\u0438\u043d Xstyle\",\"description\":\"C\u043d\u0430\u0440\u044f\u0436\u0435\u043d\u0438\u0435 \u0434\u043b\u044f \u0442\u0443\u0440\u0438\u0437\u043c\u0430 \u0438 \u044d\u043a\u0441\u0442\u0440\u0435\u043c\u0430\u043b\u044c\u043d\u044b\u0445 \u0432\u0438\u0434\u043e\u0432 \u0441\u043f\u043e\u0440\u0442\u0430 \u0432 \u041c\u043e\u043b\u0434\u043e\u0432\u0435.. \u0426\u0435\u043d\u044b, \u0444\u043e\u0442\u043e, \u0445\u0430\u0440\u0430\u043a\u0442\u0435\u0440\u0438\u0441\u0442\u0438\u043a\u0438 \u0432 \u041c\u043e\u043b\u0434\u043e\u0432\u0435.\",\"publisher\":{\"@id\":\"https:\\\/\\\/dev.xstyle.md\\\/#organization\"},\"alternateName\":\"X-Style\",\"potentialAction\":[{\"@type\":\"SearchAction\",\"target\":{\"@type\":\"EntryPoint\",\"urlTemplate\":\"https:\\\/\\\/dev.xstyle.md\\\/?s={search_term_string}\"},\"query-input\":{\"@type\":\"PropertyValueSpecification\",\"valueRequired\":true,\"valueName\":\"search_term_string\"}}],\"inLanguage\":\"ro-RO\"},{\"@type\":\"Organization\",\"@id\":\"https:\\\/\\\/dev.xstyle.md\\\/#organization\",\"name\":\"\u041c\u0430\u0433\u0430\u0437\u0438\u043d Xstyle\",\"alternateName\":\"x-style\",\"url\":\"https:\\\/\\\/dev.xstyle.md\\\/\",\"logo\":{\"@type\":\"ImageObject\",\"inLanguage\":\"ro-RO\",\"@id\":\"https:\\\/\\\/dev.xstyle.md\\\/#\\\/schema\\\/logo\\\/image\\\/\",\"url\":\"https:\\\/\\\/dev.xstyle.md\\\/wp-content\\\/uploads\\\/2020\\\/06\\\/logoicon.svg\",\"contentUrl\":\"https:\\\/\\\/dev.xstyle.md\\\/wp-content\\\/uploads\\\/2020\\\/06\\\/logoicon.svg\",\"caption\":\"\u041c\u0430\u0433\u0430\u0437\u0438\u043d Xstyle\"},\"image\":{\"@id\":\"https:\\\/\\\/dev.xstyle.md\\\/#\\\/schema\\\/logo\\\/image\\\/\"},\"sameAs\":[\"https:\\\/\\\/www.facebook.com\\\/xstylemd\",\"https:\\\/\\\/www.instagram.com\\\/xstyle_md\\\/\",\"https:\\\/\\\/t.me\\\/xstyle_outdoor\"],\"hasMerchantReturnPolicy\":{\"@type\":\"MerchantReturnPolicy\",\"merchantReturnLink\":\"https:\\\/\\\/dev.xstyle.md\\\/ro\\\/conditions\\\/\"}}]}<\/script>\n<meta property=\"product:price:amount\" content=\"8390.00\" \/>\n<meta property=\"product:price:currency\" content=\"MDL\" \/>\n<meta property=\"og:availability\" content=\"instock\" \/>\n<meta property=\"product:availability\" content=\"instock\" \/>\n<meta property=\"product:retailer_item_id\" content=\"3607684573508\" \/>\n<meta property=\"product:condition\" content=\"new\" \/>\n<!-- \/ Yoast SEO plugin. -->","yoast_head_json":{"title":"\u0413\u043e\u0440\u043d\u043e\u043b\u044b\u0436\u043d\u044b\u0435 \u0431\u043e\u0442\u0438\u043d\u043a\u0438 Rossignol Hi-Speed Pro 110 - \u041c\u0430\u0433\u0430\u0437\u0438\u043d Xstyle","robots":{"index":"noindex","follow":"follow","max-snippet":"max-snippet:-1","max-image-preview":"max-image-preview:large","max-video-preview":"max-video-preview:-1"},"og_locale":"ro_RO","og_type":"article","og_title":"\u0413\u043e\u0440\u043d\u043e\u043b\u044b\u0436\u043d\u044b\u0435 \u0431\u043e\u0442\u0438\u043d\u043a\u0438 Rossignol Hi-Speed Pro 110 - \u041c\u0430\u0433\u0430\u0437\u0438\u043d Xstyle","og_description":"\u0411\u0440\u0435\u043d\u0434 \u0411\u043e\u043b\u0435\u0435 100 \u043b\u0435\u0442 \u043d\u0430\u0437\u0430\u0434, \u0430 \u0442\u043e\u0447\u043d\u0435\u0435 \u0432 1907-\u043c \u0433\u043e\u0434\u0443 \u0432 \u043c\u0435\u0441\u0442\u0435\u0447\u043a\u0435 \u0412\u0443\u0430\u0440\u043e\u043d, \u043d\u0435\u0434\u0430\u043b\u0435\u043a\u043e \u043e\u0442 \u0413\u0440\u0435\u043d\u043e\u0431\u043b\u044f (\u0424\u0440\u0430\u043d\u0446\u0438\u044f) \u043f\u043b\u043e\u0442\u043d\u0438\u043a \u0410\u0431\u0435\u043b\u044c \u0420\u043e\u0441\u0441\u0438\u043d\u044c\u043e\u043b\u044c","og_url":"https:\/\/dev.xstyle.md\/ro\/produs\/gornolyzhnye-botinki-rossignol-hi-speed-pro-110\/","og_site_name":"\u041c\u0430\u0433\u0430\u0437\u0438\u043d Xstyle","article_publisher":"https:\/\/www.facebook.com\/xstylemd","article_modified_time":"2026-03-19T14:29:58+00:00","og_image":[{"width":899,"height":899,"url":"https:\/\/dev.xstyle.md\/wp-content\/uploads\/2024\/11\/rossignol-hi-speed-pro-110-0.webp","type":"image\/webp"}],"twitter_card":"summary_large_image","twitter_misc":{"Pre\u021b":"8.390,00&nbsp;MDL","Disponibilitate":"\u00cen stoc"},"schema":{"@context":"https:\/\/schema.org","@graph":[{"@type":"WebPage","@id":"https:\/\/dev.xstyle.md\/product\/gornolyzhnye-botinki-rossignol-hi-speed-pro-110\/","url":"https:\/\/dev.xstyle.md\/product\/gornolyzhnye-botinki-rossignol-hi-speed-pro-110\/","name":"\u0413\u043e\u0440\u043d\u043e\u043b\u044b\u0436\u043d\u044b\u0435 \u0431\u043e\u0442\u0438\u043d\u043a\u0438 Rossignol Hi-Speed Pro 110 - \u041c\u0430\u0433\u0430\u0437\u0438\u043d Xstyle","isPartOf":{"@id":"https:\/\/dev.xstyle.md\/#website"},"primaryImageOfPage":{"@id":"https:\/\/dev.xstyle.md\/product\/gornolyzhnye-botinki-rossignol-hi-speed-pro-110\/#primaryimage"},"image":{"@id":"https:\/\/dev.xstyle.md\/product\/gornolyzhnye-botinki-rossignol-hi-speed-pro-110\/#primaryimage"},"thumbnailUrl":"https:\/\/dev.xstyle.md\/wp-content\/uploads\/2024\/11\/rossignol-hi-speed-pro-110-0.webp","datePublished":"2024-11-25T08:58:22+00:00","dateModified":"2026-03-19T14:29:58+00:00","breadcrumb":{"@id":"https:\/\/dev.xstyle.md\/product\/gornolyzhnye-botinki-rossignol-hi-speed-pro-110\/#breadcrumb"},"inLanguage":"ro-RO","potentialAction":[{"@type":"ReadAction","target":["https:\/\/dev.xstyle.md\/product\/gornolyzhnye-botinki-rossignol-hi-speed-pro-110\/"]}]},{"@type":"ImageObject","inLanguage":"ro-RO","@id":"https:\/\/dev.xstyle.md\/product\/gornolyzhnye-botinki-rossignol-hi-speed-pro-110\/#primaryimage","url":"https:\/\/dev.xstyle.md\/wp-content\/uploads\/2024\/11\/rossignol-hi-speed-pro-110-0.webp","contentUrl":"https:\/\/dev.xstyle.md\/wp-content\/uploads\/2024\/11\/rossignol-hi-speed-pro-110-0.webp","width":899,"height":899,"caption":"\u0422\u043e\u0432\u0430\u0440 \u0433\u043e\u0440\u043d\u043e\u043b\u044b\u0436\u043d\u044b\u0435 \u0431\u043e\u0442\u0438\u043d\u043a\u0438 Rossignol Hi-Speed Pro 110 \u0434\u043b\u044f \u0430\u043a\u0442\u0438\u0432\u043d\u043e\u0433\u043e \u043e\u0442\u0434\u044b\u0445\u0430, \u043b\u044b\u0436\u043d\u044b\u0439 \u0441\u043f\u043e\u0440\u0442, \u043f\u0443\u0442\u0435\u0448\u0435\u0441\u0442\u0432\u0438\u044f \u0438 \u0430\u043b\u044c\u043f\u0438\u043d\u0438\u0437\u043c \u043d\u0430 \u043e\u043d\u043b\u0430\u0439\u043d \u043c\u0430\u0433\u0430\u0437\u0438\u043d\u0435 \u044d\u043a\u0438\u043f\u0438\u0440\u043e\u0432\u043a\u0438"},{"@type":"BreadcrumbList","@id":"https:\/\/dev.xstyle.md\/product\/gornolyzhnye-botinki-rossignol-hi-speed-pro-110\/#breadcrumb","itemListElement":[{"@type":"ListItem","position":1,"name":"\u0413\u043b\u0430\u0432\u043d\u0430\u044f \u0441\u0442\u0440\u0430\u043d\u0438\u0446\u0430","item":"https:\/\/dev.xstyle.md\/"},{"@type":"ListItem","position":2,"name":"Shop","item":"https:\/\/dev.xstyle.md\/shop\/"},{"@type":"ListItem","position":3,"name":"\u0413\u043e\u0440\u043d\u043e\u043b\u044b\u0436\u043d\u044b\u0435 \u0431\u043e\u0442\u0438\u043d\u043a\u0438 Rossignol Hi-Speed Pro 110"}]},{"@type":"WebSite","@id":"https:\/\/dev.xstyle.md\/#website","url":"https:\/\/dev.xstyle.md\/","name":"Magazinul X-Style","description":"Echipamente pentru turism \u0219i sporturi extreme \u00een Moldova. Pre\u021buri, fotografii, caracteristici \u00een Moldova.","publisher":{"@id":"https:\/\/dev.xstyle.md\/#organization"},"alternateName":"X-Style","potentialAction":[{"@type":"SearchAction","target":{"@type":"EntryPoint","urlTemplate":"https:\/\/dev.xstyle.md\/?s={search_term_string}"},"query-input":{"@type":"PropertyValueSpecification","valueRequired":true,"valueName":"search_term_string"}}],"inLanguage":"ro-RO"},{"@type":"Organization","@id":"https:\/\/dev.xstyle.md\/#organization","name":"Magazinul X-Style","alternateName":"x-style","url":"https:\/\/dev.xstyle.md\/","logo":{"@type":"ImageObject","inLanguage":"ro-RO","@id":"https:\/\/dev.xstyle.md\/#\/schema\/logo\/image\/","url":"https:\/\/dev.xstyle.md\/wp-content\/uploads\/2020\/06\/logoicon.svg","contentUrl":"https:\/\/dev.xstyle.md\/wp-content\/uploads\/2020\/06\/logoicon.svg","caption":"\u041c\u0430\u0433\u0430\u0437\u0438\u043d Xstyle"},"image":{"@id":"https:\/\/dev.xstyle.md\/#\/schema\/logo\/image\/"},"sameAs":["https:\/\/www.facebook.com\/xstylemd","https:\/\/www.instagram.com\/xstyle_md\/","https:\/\/t.me\/xstyle_outdoor"],"hasMerchantReturnPolicy":{"@type":"MerchantReturnPolicy","merchantReturnLink":"https:\/\/dev.xstyle.md\/ro\/conditions\/"}}]},"product_price_amount":"8390.00","product_price_currency":"MDL","og_availability":"instock","product_availability":"instock","product_retailer_item_id":"3607684573508","product_condition":"new"},"post_mailing_queue_ids":[],"_links":{"self":[{"href":"https:\/\/dev.xstyle.md\/ro\/wp-json\/wp\/v2\/product\/89972","targetHints":{"allow":["GET"]}}],"collection":[{"href":"https:\/\/dev.xstyle.md\/ro\/wp-json\/wp\/v2\/product"}],"about":[{"href":"https:\/\/dev.xstyle.md\/ro\/wp-json\/wp\/v2\/types\/product"}],"replies":[{"embeddable":true,"href":"https:\/\/dev.xstyle.md\/ro\/wp-json\/wp\/v2\/comments?post=89972"}],"version-history":[{"count":2,"href":"https:\/\/dev.xstyle.md\/ro\/wp-json\/wp\/v2\/product\/89972\/revisions"}],"predecessor-version":[{"id":102662,"href":"https:\/\/dev.xstyle.md\/ro\/wp-json\/wp\/v2\/product\/89972\/revisions\/102662"}],"wp:featuredmedia":[{"embeddable":true,"href":"https:\/\/dev.xstyle.md\/ro\/wp-json\/wp\/v2\/media\/91228"}],"wp:attachment":[{"href":"https:\/\/dev.xstyle.md\/ro\/wp-json\/wp\/v2\/media?parent=89972"}],"wp:term":[{"taxonomy":"product_brand","embeddable":true,"href":"https:\/\/dev.xstyle.md\/ro\/wp-json\/wp\/v2\/product_brand?post=89972"},{"taxonomy":"product_cat","embeddable":true,"href":"https:\/\/dev.xstyle.md\/ro\/wp-json\/wp\/v2\/product_cat?post=89972"},{"taxonomy":"product_tag","embeddable":true,"href":"https:\/\/dev.xstyle.md\/ro\/wp-json\/wp\/v2\/product_tag?post=89972"}],"curies":[{"name":"wp","href":"https:\/\/api.w.org\/{rel}","templated":true}]}}