{"id":89524,"date":"2024-11-11T15:32:27","date_gmt":"2024-11-11T12:32:27","guid":{"rendered":"https:\/\/xstyle.md\/?post_type=product&#038;p=89524"},"modified":"2026-02-13T18:01:51","modified_gmt":"2026-02-13T15:01:51","slug":"vkladysh-v-spalnyj-meshok-sts-reactor-fleece-liner-mummy-w-drawcord-picante-red","status":"publish","type":"product","link":"https:\/\/dev.xstyle.md\/ro\/produs\/vkladysh-v-spalnyj-meshok-sts-reactor-fleece-liner-mummy-w-drawcord-picante-red\/","title":{"rendered":"Lenjerie pentru sac de dormit  STS Reactor Fleece Liner Mummy w\/ Drawcord Picante Red"},"content":{"rendered":"<p><\/p>\n<p><strong>TS Reactor Fleece Liner Mummy w\/ Drawcord<\/strong> \u2014 cea mai c\u0103lduroas\u0103 c\u0103ptu\u0219eal\u0103 pentru sacul de dormit, creat\u0103 pe baza unui fleece tip plas\u0103 cu fibre goale Thermolite\u00ae Pro. Acesta serve\u0219te ca o completare excelent\u0103 pentru sacul de dormit pe vreme rece \u0219i poate fi baza unui sistem de dormit confortabil. Datorit\u0103 fermoarelor din zona umerilor \u0219i a \u0219nurului de la orificiul pentru picioare, pute\u021bi regla cu u\u0219urin\u021b\u0103 temperatura dup\u0103 bunul plac.<\/p>\n<p>Versatil \u0219i multifunc\u021bional, acest liner din fleece este potrivit pentru utilizare pe tot parcursul anului. Pe vreme cald\u0103, poate fi folosit ca un sac de dormit u\u0219or de sine st\u0103t\u0103tor, iar pe vreme r\u0103coroas\u0103, ca strat izolator suplimentar. Orificiul pentru picioare cu \u0219nur asigur\u0103 ventila\u021bia \u0219i ofer\u0103 posibilitatea de a v\u0103 deplasa liber prin tab\u0103r\u0103.<\/p>\n<h3>Particularit\u0103\u021bi<\/h3>\n<ul>\n<li>Sistem termic &#8212; serve\u0219te ca strat de izolare \u0219i prelunge\u0219te durata de via\u021b\u0103 a sacului de dormit \u0219i a izoprenului<\/li>\n<li>Tehnologie material &#8212; Thermolite\u00ae EcoMade \u00een structura de fleece tip plas\u0103 re\u021bine eficient c\u0103ldura<\/li>\n<li>Ventila\u021bie reglabil\u0103 &#8212; \u0219nurul din partea inferioar\u0103 permite reglarea circula\u021biei aerului \u0219i a confortului<\/li>\n<li>Controlul mirosurilor &#8212; Tehnologia HeiQ Fresh previne apari\u021bia mirosurilor nepl\u0103cute la utilizarea prelungit\u0103<\/li>\n<li>Design anatomic &#8212; form\u0103 de mumiu\u021b\u0103 (cocon) cu fermoare la umeri \u0219i reglaj \u00een zona picioarelor pentru o setare precis\u0103 a temperaturii.<\/li>\n<li>Se \u00eempacheteaz\u0103 u\u0219or \u00eentr-o hus\u0103 de transport compact\u0103<\/li>\n<\/ul>\n<h3>Caracteristici<\/h3>\n<ul>\n<li>M\u0103rime &#8212; Compact \/ Standard<\/li>\n<li>Material &#8212; 60% fibr\u0103 Thermolite\u00ae All-Season EcoMade, 40% fibr\u0103 de poliester<\/li>\n<li>Greutate &#8212; 390 g \/ 420 g<\/li>\n<li>Rating de temperatur\u0103 &#8212; +22\u00b0C (c\u0103ldur\u0103 suplimentar\u0103 ad\u0103ugat\u0103 sacului de dormit)<\/li>\n<li>Dimensiuni &#8212; 198 cm x 80 cm \/ 216 cm x 80 cm<\/li>\n<li>\u00cen\u0103l\u021bime maxim\u0103 utilizator &#8212; 177 cm \/ 198 cm<\/li>\n<\/ul>\n<h3>Marca<\/h3>\n<p>Sea to Summit este un brand fondat \u00een anul 1990 \u00een Australia. Sortimentul s\u0103u cuprinde echipamente unice \u0219i utile pentru turism \u0219i c\u0103l\u0103torii: huse impermeabile, prosoape din microfibr\u0103, vesel\u0103 pliabil\u0103 din silicon, gen\u021bi, rucsacuri, corturi \u0219i saci de dormit. Fiecare obiect dezvoltat de companie este conceput pentru a avea o greutate minim\u0103 \u0219i o func\u021bionalitate maxim\u0103.<\/p>","protected":false},"excerpt":{"rendered":"<p>TS Reactor Fleece Liner Mummy w\/ Drawcord \u2014 cea mai c\u0103lduroas\u0103 c\u0103ptu\u0219eal\u0103 pentru sacul de dormit, creat\u0103 pe baza unui<\/p>","protected":false},"featured_media":93832,"comment_status":"open","ping_status":"closed","template":"","meta":{"_acf_changed":false,"inline_featured_image":false},"product_brand":[1281],"product_cat":[378],"product_tag":[],"class_list":{"0":"post-89524","1":"product","2":"type-product","3":"status-publish","4":"has-post-thumbnail","6":"product_brand-sea-to-summit","7":"product_cat-sleeping-bags-accessories","9":"first","10":"instock","11":"shipping-taxable","12":"purchasable","13":"product-type-simple"},"acf":[],"yoast_head":"<!-- This site is optimized with the Yoast SEO plugin v27.4 - https:\/\/yoast.com\/product\/yoast-seo-wordpress\/ -->\n<title>\u0412\u043a\u043b\u0430\u0434\u044b\u0448 \u0432 \u0441\u043f\u0430\u043b\u044c\u043d\u044b\u0439 \u043c\u0435\u0448\u043e\u043a STS Reactor Fleece Liner Mummy w\/ Drawcord Picante Red - \u041c\u0430\u0433\u0430\u0437\u0438\u043d Xstyle<\/title>\n<meta name=\"robots\" content=\"noindex, follow, max-snippet:-1, max-image-preview:large, max-video-preview:-1\" \/>\n<meta property=\"og:locale\" content=\"ro_RO\" \/>\n<meta property=\"og:type\" content=\"article\" \/>\n<meta property=\"og:title\" content=\"\u0412\u043a\u043b\u0430\u0434\u044b\u0448 \u0432 \u0441\u043f\u0430\u043b\u044c\u043d\u044b\u0439 \u043c\u0435\u0448\u043e\u043a STS Reactor Fleece Liner Mummy w\/ Drawcord Picante Red - \u041c\u0430\u0433\u0430\u0437\u0438\u043d Xstyle\" \/>\n<meta property=\"og:description\" content=\"TS Reactor Fleece Liner Mummy w\/ Drawcord \u2014 cea mai c\u0103lduroas\u0103 c\u0103ptu\u0219eal\u0103 pentru sacul de dormit, creat\u0103 pe baza unui\" \/>\n<meta property=\"og:url\" content=\"https:\/\/dev.xstyle.md\/ro\/produs\/vkladysh-v-spalnyj-meshok-sts-reactor-fleece-liner-mummy-w-drawcord-picante-red\/\" \/>\n<meta property=\"og:site_name\" content=\"\u041c\u0430\u0433\u0430\u0437\u0438\u043d Xstyle\" \/>\n<meta property=\"article:publisher\" content=\"https:\/\/www.facebook.com\/xstylemd\" \/>\n<meta property=\"article:modified_time\" content=\"2026-02-13T15:01:51+00:00\" \/>\n<meta property=\"og:image\" content=\"https:\/\/dev.xstyle.md\/wp-content\/uploads\/2024\/11\/sts-reactor-fleece-liner-mummy-w-drawcord-picante-red.webp\" \/>\n\t<meta property=\"og:image:width\" content=\"1500\" \/>\n\t<meta property=\"og:image:height\" content=\"1500\" \/>\n\t<meta property=\"og:image:type\" content=\"image\/webp\" \/>\n<meta name=\"twitter:card\" content=\"summary_large_image\" \/>\n<meta name=\"twitter:label1\" content=\"Pre\u021b\" \/>\n\t<meta name=\"twitter:data1\" content=\"1.690,00&nbsp;MDL\" \/>\n\t<meta name=\"twitter:label2\" content=\"Disponibilitate\" \/>\n\t<meta name=\"twitter:data2\" content=\"\u00cen stoc\" \/>\n<script type=\"application\/ld+json\" class=\"yoast-schema-graph\">{\"@context\":\"https:\\\/\\\/schema.org\",\"@graph\":[{\"@type\":\"WebPage\",\"@id\":\"https:\\\/\\\/dev.xstyle.md\\\/product\\\/vkladysh-v-spalnyj-meshok-sts-reactor-fleece-liner-mummy-w-drawcord-picante-red\\\/\",\"url\":\"https:\\\/\\\/dev.xstyle.md\\\/product\\\/vkladysh-v-spalnyj-meshok-sts-reactor-fleece-liner-mummy-w-drawcord-picante-red\\\/\",\"name\":\"\u0412\u043a\u043b\u0430\u0434\u044b\u0448 \u0432 \u0441\u043f\u0430\u043b\u044c\u043d\u044b\u0439 \u043c\u0435\u0448\u043e\u043a STS Reactor Fleece Liner Mummy w\\\/ Drawcord Picante Red - \u041c\u0430\u0433\u0430\u0437\u0438\u043d Xstyle\",\"isPartOf\":{\"@id\":\"https:\\\/\\\/dev.xstyle.md\\\/#website\"},\"primaryImageOfPage\":{\"@id\":\"https:\\\/\\\/dev.xstyle.md\\\/product\\\/vkladysh-v-spalnyj-meshok-sts-reactor-fleece-liner-mummy-w-drawcord-picante-red\\\/#primaryimage\"},\"image\":{\"@id\":\"https:\\\/\\\/dev.xstyle.md\\\/product\\\/vkladysh-v-spalnyj-meshok-sts-reactor-fleece-liner-mummy-w-drawcord-picante-red\\\/#primaryimage\"},\"thumbnailUrl\":\"https:\\\/\\\/dev.xstyle.md\\\/wp-content\\\/uploads\\\/2024\\\/11\\\/sts-reactor-fleece-liner-mummy-w-drawcord-picante-red.webp\",\"datePublished\":\"2024-11-11T12:32:27+00:00\",\"dateModified\":\"2026-02-13T15:01:51+00:00\",\"breadcrumb\":{\"@id\":\"https:\\\/\\\/dev.xstyle.md\\\/product\\\/vkladysh-v-spalnyj-meshok-sts-reactor-fleece-liner-mummy-w-drawcord-picante-red\\\/#breadcrumb\"},\"inLanguage\":\"ro-RO\",\"potentialAction\":[{\"@type\":\"ReadAction\",\"target\":[\"https:\\\/\\\/dev.xstyle.md\\\/product\\\/vkladysh-v-spalnyj-meshok-sts-reactor-fleece-liner-mummy-w-drawcord-picante-red\\\/\"]}]},{\"@type\":\"ImageObject\",\"inLanguage\":\"ro-RO\",\"@id\":\"https:\\\/\\\/dev.xstyle.md\\\/product\\\/vkladysh-v-spalnyj-meshok-sts-reactor-fleece-liner-mummy-w-drawcord-picante-red\\\/#primaryimage\",\"url\":\"https:\\\/\\\/dev.xstyle.md\\\/wp-content\\\/uploads\\\/2024\\\/11\\\/sts-reactor-fleece-liner-mummy-w-drawcord-picante-red.webp\",\"contentUrl\":\"https:\\\/\\\/dev.xstyle.md\\\/wp-content\\\/uploads\\\/2024\\\/11\\\/sts-reactor-fleece-liner-mummy-w-drawcord-picante-red.webp\",\"width\":1500,\"height\":1500,\"caption\":\"\u0412\u043a\u043b\u0430\u0434\u044b\u0448 \u0432 \u0441\u043f\u0430\u043b\u044c\u043d\u044b\u0439 \u043c\u0435\u0448\u043e\u043a STS Reactor Fleece Mummy \u0441 \u0448\u043d\u0443\u0440\u043a\u043e\u043c \u0434\u043b\u044f \u0430\u043a\u0442\u0438\u0432\u043d\u043e\u0433\u043e \u043e\u0431\u0440\u0430\u0437\u0430 \u0436\u0438\u0437\u043d\u0438, \u043f\u043e\u0445\u043e\u0434\u043e\u0432 \u0438 \u043f\u0443\u0442\u0435\u0448\u0435\u0441\u0442\u0432\u0438\u0439, \u043e\u0434\u0435\u0436\u0434\u0430 \u0438 \u043e\u0431\u0443\u0432\u044c \u0434\u043b\u044f \u0430\u043a\u0442\u0438\u0432\u043d\u043e\u0433\u043e \u043e\u0442\u0434\u044b\u0445\u0430\"},{\"@type\":\"BreadcrumbList\",\"@id\":\"https:\\\/\\\/dev.xstyle.md\\\/product\\\/vkladysh-v-spalnyj-meshok-sts-reactor-fleece-liner-mummy-w-drawcord-picante-red\\\/#breadcrumb\",\"itemListElement\":[{\"@type\":\"ListItem\",\"position\":1,\"name\":\"\u0413\u043b\u0430\u0432\u043d\u0430\u044f \u0441\u0442\u0440\u0430\u043d\u0438\u0446\u0430\",\"item\":\"https:\\\/\\\/dev.xstyle.md\\\/\"},{\"@type\":\"ListItem\",\"position\":2,\"name\":\"Shop\",\"item\":\"https:\\\/\\\/dev.xstyle.md\\\/shop\\\/\"},{\"@type\":\"ListItem\",\"position\":3,\"name\":\"\u0412\u043a\u043b\u0430\u0434\u044b\u0448 \u0432 \u0441\u043f\u0430\u043b\u044c\u043d\u044b\u0439 \u043c\u0435\u0448\u043e\u043a STS Reactor Fleece Liner Mummy w\\\/ Drawcord Picante Red\"}]},{\"@type\":\"WebSite\",\"@id\":\"https:\\\/\\\/dev.xstyle.md\\\/#website\",\"url\":\"https:\\\/\\\/dev.xstyle.md\\\/\",\"name\":\"\u041c\u0430\u0433\u0430\u0437\u0438\u043d Xstyle\",\"description\":\"C\u043d\u0430\u0440\u044f\u0436\u0435\u043d\u0438\u0435 \u0434\u043b\u044f \u0442\u0443\u0440\u0438\u0437\u043c\u0430 \u0438 \u044d\u043a\u0441\u0442\u0440\u0435\u043c\u0430\u043b\u044c\u043d\u044b\u0445 \u0432\u0438\u0434\u043e\u0432 \u0441\u043f\u043e\u0440\u0442\u0430 \u0432 \u041c\u043e\u043b\u0434\u043e\u0432\u0435.. \u0426\u0435\u043d\u044b, \u0444\u043e\u0442\u043e, \u0445\u0430\u0440\u0430\u043a\u0442\u0435\u0440\u0438\u0441\u0442\u0438\u043a\u0438 \u0432 \u041c\u043e\u043b\u0434\u043e\u0432\u0435.\",\"publisher\":{\"@id\":\"https:\\\/\\\/dev.xstyle.md\\\/#organization\"},\"alternateName\":\"X-Style\",\"potentialAction\":[{\"@type\":\"SearchAction\",\"target\":{\"@type\":\"EntryPoint\",\"urlTemplate\":\"https:\\\/\\\/dev.xstyle.md\\\/?s={search_term_string}\"},\"query-input\":{\"@type\":\"PropertyValueSpecification\",\"valueRequired\":true,\"valueName\":\"search_term_string\"}}],\"inLanguage\":\"ro-RO\"},{\"@type\":\"Organization\",\"@id\":\"https:\\\/\\\/dev.xstyle.md\\\/#organization\",\"name\":\"\u041c\u0430\u0433\u0430\u0437\u0438\u043d Xstyle\",\"alternateName\":\"x-style\",\"url\":\"https:\\\/\\\/dev.xstyle.md\\\/\",\"logo\":{\"@type\":\"ImageObject\",\"inLanguage\":\"ro-RO\",\"@id\":\"https:\\\/\\\/dev.xstyle.md\\\/#\\\/schema\\\/logo\\\/image\\\/\",\"url\":\"https:\\\/\\\/dev.xstyle.md\\\/wp-content\\\/uploads\\\/2020\\\/06\\\/logoicon.svg\",\"contentUrl\":\"https:\\\/\\\/dev.xstyle.md\\\/wp-content\\\/uploads\\\/2020\\\/06\\\/logoicon.svg\",\"caption\":\"\u041c\u0430\u0433\u0430\u0437\u0438\u043d Xstyle\"},\"image\":{\"@id\":\"https:\\\/\\\/dev.xstyle.md\\\/#\\\/schema\\\/logo\\\/image\\\/\"},\"sameAs\":[\"https:\\\/\\\/www.facebook.com\\\/xstylemd\",\"https:\\\/\\\/www.instagram.com\\\/xstyle_md\\\/\",\"https:\\\/\\\/t.me\\\/xstyle_outdoor\"],\"hasMerchantReturnPolicy\":{\"@type\":\"MerchantReturnPolicy\",\"merchantReturnLink\":\"https:\\\/\\\/dev.xstyle.md\\\/ro\\\/conditions\\\/\"}}]}<\/script>\n<meta property=\"product:price:amount\" content=\"1690.00\" \/>\n<meta property=\"product:price:currency\" content=\"MDL\" \/>\n<meta property=\"og:availability\" content=\"instock\" \/>\n<meta property=\"product:availability\" content=\"instock\" \/>\n<meta property=\"product:retailer_item_id\" content=\"9327868158355\" \/>\n<meta property=\"product:condition\" content=\"new\" \/>\n<!-- \/ Yoast SEO plugin. -->","yoast_head_json":{"title":"\u0412\u043a\u043b\u0430\u0434\u044b\u0448 \u0432 \u0441\u043f\u0430\u043b\u044c\u043d\u044b\u0439 \u043c\u0435\u0448\u043e\u043a STS Reactor Fleece Liner Mummy w\/ Drawcord Picante Red - \u041c\u0430\u0433\u0430\u0437\u0438\u043d Xstyle","robots":{"index":"noindex","follow":"follow","max-snippet":"max-snippet:-1","max-image-preview":"max-image-preview:large","max-video-preview":"max-video-preview:-1"},"og_locale":"ro_RO","og_type":"article","og_title":"\u0412\u043a\u043b\u0430\u0434\u044b\u0448 \u0432 \u0441\u043f\u0430\u043b\u044c\u043d\u044b\u0439 \u043c\u0435\u0448\u043e\u043a STS Reactor Fleece Liner Mummy w\/ Drawcord Picante Red - \u041c\u0430\u0433\u0430\u0437\u0438\u043d Xstyle","og_description":"TS Reactor Fleece Liner Mummy w\/ Drawcord \u2014 cea mai c\u0103lduroas\u0103 c\u0103ptu\u0219eal\u0103 pentru sacul de dormit, creat\u0103 pe baza unui","og_url":"https:\/\/dev.xstyle.md\/ro\/produs\/vkladysh-v-spalnyj-meshok-sts-reactor-fleece-liner-mummy-w-drawcord-picante-red\/","og_site_name":"\u041c\u0430\u0433\u0430\u0437\u0438\u043d Xstyle","article_publisher":"https:\/\/www.facebook.com\/xstylemd","article_modified_time":"2026-02-13T15:01:51+00:00","og_image":[{"width":1500,"height":1500,"url":"https:\/\/dev.xstyle.md\/wp-content\/uploads\/2024\/11\/sts-reactor-fleece-liner-mummy-w-drawcord-picante-red.webp","type":"image\/webp"}],"twitter_card":"summary_large_image","twitter_misc":{"Pre\u021b":"1.690,00&nbsp;MDL","Disponibilitate":"\u00cen stoc"},"schema":{"@context":"https:\/\/schema.org","@graph":[{"@type":"WebPage","@id":"https:\/\/dev.xstyle.md\/product\/vkladysh-v-spalnyj-meshok-sts-reactor-fleece-liner-mummy-w-drawcord-picante-red\/","url":"https:\/\/dev.xstyle.md\/product\/vkladysh-v-spalnyj-meshok-sts-reactor-fleece-liner-mummy-w-drawcord-picante-red\/","name":"\u0412\u043a\u043b\u0430\u0434\u044b\u0448 \u0432 \u0441\u043f\u0430\u043b\u044c\u043d\u044b\u0439 \u043c\u0435\u0448\u043e\u043a STS Reactor Fleece Liner Mummy w\/ Drawcord Picante Red - \u041c\u0430\u0433\u0430\u0437\u0438\u043d Xstyle","isPartOf":{"@id":"https:\/\/dev.xstyle.md\/#website"},"primaryImageOfPage":{"@id":"https:\/\/dev.xstyle.md\/product\/vkladysh-v-spalnyj-meshok-sts-reactor-fleece-liner-mummy-w-drawcord-picante-red\/#primaryimage"},"image":{"@id":"https:\/\/dev.xstyle.md\/product\/vkladysh-v-spalnyj-meshok-sts-reactor-fleece-liner-mummy-w-drawcord-picante-red\/#primaryimage"},"thumbnailUrl":"https:\/\/dev.xstyle.md\/wp-content\/uploads\/2024\/11\/sts-reactor-fleece-liner-mummy-w-drawcord-picante-red.webp","datePublished":"2024-11-11T12:32:27+00:00","dateModified":"2026-02-13T15:01:51+00:00","breadcrumb":{"@id":"https:\/\/dev.xstyle.md\/product\/vkladysh-v-spalnyj-meshok-sts-reactor-fleece-liner-mummy-w-drawcord-picante-red\/#breadcrumb"},"inLanguage":"ro-RO","potentialAction":[{"@type":"ReadAction","target":["https:\/\/dev.xstyle.md\/product\/vkladysh-v-spalnyj-meshok-sts-reactor-fleece-liner-mummy-w-drawcord-picante-red\/"]}]},{"@type":"ImageObject","inLanguage":"ro-RO","@id":"https:\/\/dev.xstyle.md\/product\/vkladysh-v-spalnyj-meshok-sts-reactor-fleece-liner-mummy-w-drawcord-picante-red\/#primaryimage","url":"https:\/\/dev.xstyle.md\/wp-content\/uploads\/2024\/11\/sts-reactor-fleece-liner-mummy-w-drawcord-picante-red.webp","contentUrl":"https:\/\/dev.xstyle.md\/wp-content\/uploads\/2024\/11\/sts-reactor-fleece-liner-mummy-w-drawcord-picante-red.webp","width":1500,"height":1500,"caption":"\u0412\u043a\u043b\u0430\u0434\u044b\u0448 \u0432 \u0441\u043f\u0430\u043b\u044c\u043d\u044b\u0439 \u043c\u0435\u0448\u043e\u043a STS Reactor Fleece Mummy \u0441 \u0448\u043d\u0443\u0440\u043a\u043e\u043c \u0434\u043b\u044f \u0430\u043a\u0442\u0438\u0432\u043d\u043e\u0433\u043e \u043e\u0431\u0440\u0430\u0437\u0430 \u0436\u0438\u0437\u043d\u0438, \u043f\u043e\u0445\u043e\u0434\u043e\u0432 \u0438 \u043f\u0443\u0442\u0435\u0448\u0435\u0441\u0442\u0432\u0438\u0439, \u043e\u0434\u0435\u0436\u0434\u0430 \u0438 \u043e\u0431\u0443\u0432\u044c \u0434\u043b\u044f \u0430\u043a\u0442\u0438\u0432\u043d\u043e\u0433\u043e \u043e\u0442\u0434\u044b\u0445\u0430"},{"@type":"BreadcrumbList","@id":"https:\/\/dev.xstyle.md\/product\/vkladysh-v-spalnyj-meshok-sts-reactor-fleece-liner-mummy-w-drawcord-picante-red\/#breadcrumb","itemListElement":[{"@type":"ListItem","position":1,"name":"\u0413\u043b\u0430\u0432\u043d\u0430\u044f \u0441\u0442\u0440\u0430\u043d\u0438\u0446\u0430","item":"https:\/\/dev.xstyle.md\/"},{"@type":"ListItem","position":2,"name":"Shop","item":"https:\/\/dev.xstyle.md\/shop\/"},{"@type":"ListItem","position":3,"name":"\u0412\u043a\u043b\u0430\u0434\u044b\u0448 \u0432 \u0441\u043f\u0430\u043b\u044c\u043d\u044b\u0439 \u043c\u0435\u0448\u043e\u043a STS Reactor Fleece Liner Mummy w\/ Drawcord Picante Red"}]},{"@type":"WebSite","@id":"https:\/\/dev.xstyle.md\/#website","url":"https:\/\/dev.xstyle.md\/","name":"Magazinul X-Style","description":"Echipamente pentru turism \u0219i sporturi extreme \u00een Moldova. Pre\u021buri, fotografii, caracteristici \u00een Moldova.","publisher":{"@id":"https:\/\/dev.xstyle.md\/#organization"},"alternateName":"X-Style","potentialAction":[{"@type":"SearchAction","target":{"@type":"EntryPoint","urlTemplate":"https:\/\/dev.xstyle.md\/?s={search_term_string}"},"query-input":{"@type":"PropertyValueSpecification","valueRequired":true,"valueName":"search_term_string"}}],"inLanguage":"ro-RO"},{"@type":"Organization","@id":"https:\/\/dev.xstyle.md\/#organization","name":"Magazinul X-Style","alternateName":"x-style","url":"https:\/\/dev.xstyle.md\/","logo":{"@type":"ImageObject","inLanguage":"ro-RO","@id":"https:\/\/dev.xstyle.md\/#\/schema\/logo\/image\/","url":"https:\/\/dev.xstyle.md\/wp-content\/uploads\/2020\/06\/logoicon.svg","contentUrl":"https:\/\/dev.xstyle.md\/wp-content\/uploads\/2020\/06\/logoicon.svg","caption":"\u041c\u0430\u0433\u0430\u0437\u0438\u043d Xstyle"},"image":{"@id":"https:\/\/dev.xstyle.md\/#\/schema\/logo\/image\/"},"sameAs":["https:\/\/www.facebook.com\/xstylemd","https:\/\/www.instagram.com\/xstyle_md\/","https:\/\/t.me\/xstyle_outdoor"],"hasMerchantReturnPolicy":{"@type":"MerchantReturnPolicy","merchantReturnLink":"https:\/\/dev.xstyle.md\/ro\/conditions\/"}}]},"product_price_amount":"1690.00","product_price_currency":"MDL","og_availability":"instock","product_availability":"instock","product_retailer_item_id":"9327868158355","product_condition":"new"},"post_mailing_queue_ids":[],"_links":{"self":[{"href":"https:\/\/dev.xstyle.md\/ro\/wp-json\/wp\/v2\/product\/89524","targetHints":{"allow":["GET"]}}],"collection":[{"href":"https:\/\/dev.xstyle.md\/ro\/wp-json\/wp\/v2\/product"}],"about":[{"href":"https:\/\/dev.xstyle.md\/ro\/wp-json\/wp\/v2\/types\/product"}],"replies":[{"embeddable":true,"href":"https:\/\/dev.xstyle.md\/ro\/wp-json\/wp\/v2\/comments?post=89524"}],"version-history":[{"count":2,"href":"https:\/\/dev.xstyle.md\/ro\/wp-json\/wp\/v2\/product\/89524\/revisions"}],"predecessor-version":[{"id":101381,"href":"https:\/\/dev.xstyle.md\/ro\/wp-json\/wp\/v2\/product\/89524\/revisions\/101381"}],"wp:featuredmedia":[{"embeddable":true,"href":"https:\/\/dev.xstyle.md\/ro\/wp-json\/wp\/v2\/media\/93832"}],"wp:attachment":[{"href":"https:\/\/dev.xstyle.md\/ro\/wp-json\/wp\/v2\/media?parent=89524"}],"wp:term":[{"taxonomy":"product_brand","embeddable":true,"href":"https:\/\/dev.xstyle.md\/ro\/wp-json\/wp\/v2\/product_brand?post=89524"},{"taxonomy":"product_cat","embeddable":true,"href":"https:\/\/dev.xstyle.md\/ro\/wp-json\/wp\/v2\/product_cat?post=89524"},{"taxonomy":"product_tag","embeddable":true,"href":"https:\/\/dev.xstyle.md\/ro\/wp-json\/wp\/v2\/product_tag?post=89524"}],"curies":[{"name":"wp","href":"https:\/\/api.w.org\/{rel}","templated":true}]}}