{"id":89473,"date":"2024-11-11T15:32:12","date_gmt":"2024-11-11T12:32:12","guid":{"rendered":"https:\/\/xstyle.md\/?post_type=product&#038;p=89473"},"modified":"2026-03-19T17:28:50","modified_gmt":"2026-03-19T14:28:50","slug":"gornye-lyzhi-elan-primetime-n2-w-blk-ps-el","status":"publish","type":"product","link":"https:\/\/dev.xstyle.md\/ro\/produs\/gornye-lyzhi-elan-primetime-n2-w-blk-ps-el\/","title":{"rendered":"Schiuri Elan PRIMETIME N2 W BLK PS EL"},"content":{"rendered":"<\/p>\n<p><strong data-start=\"87\" data-end=\"126\">Schiurile alpine Elan Primetime N\u00b02<\/strong> sunt modelul de baz\u0103 din gama de schiuri pentru p\u00e2rtii preg\u0103tite. Talie de 73 mm ofer\u0103 manevrabilitate rapid\u0103 pe cant, men\u021bin\u00e2nd virajele alunecoase confortabile. Construc\u021bia complet nou\u0103 PowerMatch reprezint\u0103 evolu\u021bia tehnologiei asimetrice Amphibio. Partea interioar\u0103 a schiurilor este \u00eent\u0103rit\u0103 cu lemn mai gros \u0219i mai rigid pentru aderen\u021b\u0103 excelent\u0103 \u0219i stabilitate. Partea exterioar\u0103, mai moale, faciliteaz\u0103 controlul schiului, reduce greutatea \u0219i ofer\u0103 un excelent retur de energie. Un strat de Titanal este amplasat de-a lungul p\u0103r\u021bii interioare a schiului \u0219i func\u021bioneaz\u0103 \u00een tandem cu construc\u021bia PowerMatch pentru o stabilitate \u0219i o amortizare a vibra\u021biilor \u0219i mai ridicate. Modelul de baz\u0103 se deosebe\u0219te de N\u00b02 prin detalii interioare minore \u0219i leg\u0103turi cu for\u021b\u0103 maxim\u0103 mai mic\u0103.<\/p>\n<h3>Particularit\u0103\u021bi<\/h3>\n<ul>\n<li>DualDensity Woodcore este o combina\u021bie de lemn dur pe interiorul schiului \u0219i lemn moale pe exterior pentru cea mai bun\u0103 distribu\u021bie a sarcinii pe schi.<\/li>\n<li>Suprafa\u021b\u0103 de alunecare de \u00eenalt\u0103 calitate pentru o mai bun\u0103 absorb\u021bie a cerii \u0219i viteze mari.<\/li>\n<li>Construc\u021bie RST a pere\u021bilor laterali pentru un transfer rapid \u0219i precis al for\u021bei c\u0103tre muchie.<\/li>\n<\/ul>\n<p>&nbsp;<\/p>\n<p><img decoding=\"async\" class=\"alignnone size-full wp-image-98414\" src=\"https:\/\/dev.xstyle.md\/wp-content\/uploads\/2023\/12\/tehnologia-power-match-scaled.webp\" alt=\"\" width=\"2560\" height=\"1122\" srcset=\"https:\/\/dev.xstyle.md\/wp-content\/uploads\/2023\/12\/tehnologia-power-match-scaled.webp 2560w, https:\/\/dev.xstyle.md\/wp-content\/uploads\/2023\/12\/tehnologia-power-match-480x210.webp 480w, https:\/\/dev.xstyle.md\/wp-content\/uploads\/2023\/12\/tehnologia-power-match-1440x631.webp 1440w, https:\/\/dev.xstyle.md\/wp-content\/uploads\/2023\/12\/tehnologia-power-match-768x337.webp 768w, https:\/\/dev.xstyle.md\/wp-content\/uploads\/2023\/12\/tehnologia-power-match-18x8.webp 18w, https:\/\/dev.xstyle.md\/wp-content\/uploads\/2023\/12\/tehnologia-power-match-36x16.webp 36w, https:\/\/dev.xstyle.md\/wp-content\/uploads\/2023\/12\/tehnologia-power-match-220x96.webp 220w, https:\/\/dev.xstyle.md\/wp-content\/uploads\/2023\/12\/tehnologia-power-match-500x219.webp 500w, https:\/\/dev.xstyle.md\/wp-content\/uploads\/2023\/12\/tehnologia-power-match-75x33.webp 75w\" sizes=\"(max-width: 2560px) 100vw, 2560px\" \/><\/p>\n<h3>Caracteristici<\/h3>\n<p><strong data-start=\"492\" data-end=\"511\">Nivel de schiat<\/strong> \u2013 progresiv<br data-start=\"523\" data-end=\"526\" \/><strong data-start=\"526\" data-end=\"540\">Destina\u021bie<\/strong> \u2013 p\u00e2rtie<br data-start=\"549\" data-end=\"552\" \/><strong data-start=\"552\" data-end=\"562\">Profil<\/strong> \u2013 Camber\/Rocker<br data-start=\"578\" data-end=\"581\" \/><strong data-start=\"581\" data-end=\"605\">Prezen\u021ba leg\u0103turilor<\/strong> \u2013 leg\u0103turi incluse<br data-start=\"624\" data-end=\"627\" \/><strong data-start=\"627\" data-end=\"647\" data-is-only-node=\"\">Leg\u0103turi incluse<\/strong> \u2013 Tyrolia\/Elan EL 9 GW<br data-start=\"670\" data-end=\"673\" \/><strong data-start=\"673\" data-end=\"692\">L\u0103\u021bime v\u00e2rf, mm<\/strong> \u2013 127<br data-start=\"698\" data-end=\"701\" \/><strong data-start=\"701\" data-end=\"721\">L\u0103\u021bime talie, mm<\/strong> \u2013 73<br data-start=\"726\" data-end=\"729\" \/><strong data-start=\"729\" data-end=\"749\">L\u0103\u021bime coad\u0103, mm<\/strong> \u2013 111<br data-start=\"755\" data-end=\"758\" \/><strong data-start=\"758\" data-end=\"787\">Radius muchie lateral\u0103, m<\/strong> \u2013 11,1 (158)<br data-start=\"800\" data-end=\"803\" \/><strong data-start=\"803\" data-end=\"813\">Radius<\/strong> \u2013 scurt<\/p>\n<p><iframe loading=\"lazy\" title=\"Elan Primetime Ski Series\" width=\"500\" height=\"281\" src=\"https:\/\/www.youtube.com\/embed\/0-umlj65UgI?feature=oembed\" frameborder=\"0\" allow=\"accelerometer; autoplay; clipboard-write; encrypted-media; gyroscope; picture-in-picture; web-share\" referrerpolicy=\"strict-origin-when-cross-origin\" allowfullscreen><\/iframe><\/p>\n<h3>Marca<\/h3>\n<p>Grupul Elan este un produc\u0103tor \u0219i furnizor de top de echipamente sportive \u0219i de agrement. Compania este prezent\u0103 pe aceast\u0103 pia\u021b\u0103 de mai bine de 60 de ani. Toate activit\u0103\u021bile Elan sunt axate pe dezvoltarea tehnic\u0103 a produselor \u0219i pe tehnologia avansat\u0103 exprimat\u0103 prin design progresiv. Activit\u0103\u021bile Grupului Elan includ: schi alpin \u0219i snowboarding, iahturi cu vele offshore \u0219i furnizarea de facilit\u0103\u021bi sportive cu toate echipamentele necesare.<\/p>\n<p>","protected":false},"excerpt":{"rendered":"","protected":false},"featured_media":98421,"comment_status":"open","ping_status":"closed","template":"","meta":{"_acf_changed":false,"inline_featured_image":false},"product_brand":[1315],"product_cat":[398],"product_tag":[],"class_list":{"0":"post-89473","1":"product","2":"type-product","3":"status-publish","4":"has-post-thumbnail","6":"product_brand-elan","7":"product_cat-ski","9":"first","10":"instock","11":"shipping-taxable","12":"purchasable","13":"product-type-simple"},"acf":[],"yoast_head":"<!-- This site is optimized with the Yoast SEO plugin v27.5 - https:\/\/yoast.com\/product\/yoast-seo-wordpress\/ -->\n<title>\u0413\u043e\u0440\u043d\u044b\u0435 \u043b\u044b\u0436\u0438 Elan PRIMETIME N2 W BLK PS EL - \u041c\u0430\u0433\u0430\u0437\u0438\u043d Xstyle<\/title>\n<meta name=\"robots\" content=\"noindex, follow, max-snippet:-1, max-image-preview:large, max-video-preview:-1\" \/>\n<meta property=\"og:locale\" content=\"ro_RO\" \/>\n<meta property=\"og:type\" content=\"article\" \/>\n<meta property=\"og:title\" content=\"\u0413\u043e\u0440\u043d\u044b\u0435 \u043b\u044b\u0436\u0438 Elan PRIMETIME N2 W BLK PS EL - \u041c\u0430\u0433\u0430\u0437\u0438\u043d Xstyle\" \/>\n<meta property=\"og:url\" content=\"https:\/\/dev.xstyle.md\/ro\/produs\/gornye-lyzhi-elan-primetime-n2-w-blk-ps-el\/\" \/>\n<meta property=\"og:site_name\" content=\"\u041c\u0430\u0433\u0430\u0437\u0438\u043d Xstyle\" \/>\n<meta property=\"article:publisher\" content=\"https:\/\/www.facebook.com\/xstylemd\" \/>\n<meta property=\"article:modified_time\" content=\"2026-03-19T14:28:50+00:00\" \/>\n<meta property=\"og:image\" content=\"https:\/\/dev.xstyle.md\/wp-content\/uploads\/2024\/11\/elan-primetime-n2-w-blk-ps-el-1.webp\" \/>\n\t<meta property=\"og:image:width\" content=\"1080\" \/>\n\t<meta property=\"og:image:height\" content=\"1080\" \/>\n\t<meta property=\"og:image:type\" content=\"image\/webp\" \/>\n<meta name=\"twitter:card\" content=\"summary_large_image\" \/>\n<meta name=\"twitter:label1\" content=\"Pre\u021b\" \/>\n\t<meta name=\"twitter:data1\" content=\"8.890,00&nbsp;MDL\" \/>\n\t<meta name=\"twitter:label2\" content=\"Disponibilitate\" \/>\n\t<meta name=\"twitter:data2\" content=\"\u00cen stoc\" \/>\n<script type=\"application\/ld+json\" class=\"yoast-schema-graph\">{\"@context\":\"https:\\\/\\\/schema.org\",\"@graph\":[{\"@type\":\"WebPage\",\"@id\":\"https:\\\/\\\/dev.xstyle.md\\\/product\\\/gornye-lyzhi-elan-primetime-n2-w-blk-ps-el\\\/\",\"url\":\"https:\\\/\\\/dev.xstyle.md\\\/product\\\/gornye-lyzhi-elan-primetime-n2-w-blk-ps-el\\\/\",\"name\":\"\u0413\u043e\u0440\u043d\u044b\u0435 \u043b\u044b\u0436\u0438 Elan PRIMETIME N2 W BLK PS EL - \u041c\u0430\u0433\u0430\u0437\u0438\u043d Xstyle\",\"isPartOf\":{\"@id\":\"https:\\\/\\\/dev.xstyle.md\\\/#website\"},\"primaryImageOfPage\":{\"@id\":\"https:\\\/\\\/dev.xstyle.md\\\/product\\\/gornye-lyzhi-elan-primetime-n2-w-blk-ps-el\\\/#primaryimage\"},\"image\":{\"@id\":\"https:\\\/\\\/dev.xstyle.md\\\/product\\\/gornye-lyzhi-elan-primetime-n2-w-blk-ps-el\\\/#primaryimage\"},\"thumbnailUrl\":\"https:\\\/\\\/dev.xstyle.md\\\/wp-content\\\/uploads\\\/2024\\\/11\\\/elan-primetime-n2-w-blk-ps-el-1.webp\",\"datePublished\":\"2024-11-11T12:32:12+00:00\",\"dateModified\":\"2026-03-19T14:28:50+00:00\",\"breadcrumb\":{\"@id\":\"https:\\\/\\\/dev.xstyle.md\\\/product\\\/gornye-lyzhi-elan-primetime-n2-w-blk-ps-el\\\/#breadcrumb\"},\"inLanguage\":\"ro-RO\",\"potentialAction\":[{\"@type\":\"ReadAction\",\"target\":[\"https:\\\/\\\/dev.xstyle.md\\\/product\\\/gornye-lyzhi-elan-primetime-n2-w-blk-ps-el\\\/\"]}]},{\"@type\":\"ImageObject\",\"inLanguage\":\"ro-RO\",\"@id\":\"https:\\\/\\\/dev.xstyle.md\\\/product\\\/gornye-lyzhi-elan-primetime-n2-w-blk-ps-el\\\/#primaryimage\",\"url\":\"https:\\\/\\\/dev.xstyle.md\\\/wp-content\\\/uploads\\\/2024\\\/11\\\/elan-primetime-n2-w-blk-ps-el-1.webp\",\"contentUrl\":\"https:\\\/\\\/dev.xstyle.md\\\/wp-content\\\/uploads\\\/2024\\\/11\\\/elan-primetime-n2-w-blk-ps-el-1.webp\",\"width\":1080,\"height\":1080,\"caption\":\"\u0422\u043e\u0432\u0430\u0440 \u0434\u043b\u044f \u0430\u043a\u0442\u0438\u0432\u043d\u043e\u0433\u043e \u043e\u0442\u0434\u044b\u0445\u0430 \u043d\u0430 \u043e\u043d\u043b\u0430\u0439\u043d \u043c\u0430\u0433\u0430\u0437\u0438\u043d\u0435 \u043b\u044b\u0436\u0438 \u042d\u043b\u0430\u043d PRIMETIME N2 W BLK PS EL \u0434\u043b\u044f \u0433\u043e\u0440\u043d\u044b\u0445 \u043b\u044b\u0436 \u0438 \u0441\u043d\u043e\u0443\u0431\u043e\u0440\u0434\u0430, \u0441\u043f\u043e\u0440\u0442\u0438\u0432\u043d\u0430\u044f \u043e\u0434\u0435\u0436\u0434\u0430 \u043e\u0431\u0443\u0432\u044c \u044d\u043a\u0438\u043f\u0438\u0440\u043e\u0432\u043a\u0430 \u0434\u043b\u044f \u043f\u0443\u0442\u0435\u0448\u0435\u0441\u0442\u0432\u0438\u0439 \u0438 \u0430\u043b\u044c\u043f\u0438\u043d\u0438\u0437\u043c\u0430\"},{\"@type\":\"BreadcrumbList\",\"@id\":\"https:\\\/\\\/dev.xstyle.md\\\/product\\\/gornye-lyzhi-elan-primetime-n2-w-blk-ps-el\\\/#breadcrumb\",\"itemListElement\":[{\"@type\":\"ListItem\",\"position\":1,\"name\":\"\u0413\u043b\u0430\u0432\u043d\u0430\u044f \u0441\u0442\u0440\u0430\u043d\u0438\u0446\u0430\",\"item\":\"https:\\\/\\\/dev.xstyle.md\\\/\"},{\"@type\":\"ListItem\",\"position\":2,\"name\":\"Shop\",\"item\":\"https:\\\/\\\/dev.xstyle.md\\\/shop\\\/\"},{\"@type\":\"ListItem\",\"position\":3,\"name\":\"\u0413\u043e\u0440\u043d\u044b\u0435 \u043b\u044b\u0436\u0438 Elan PRIMETIME N2 W BLK PS EL\"}]},{\"@type\":\"WebSite\",\"@id\":\"https:\\\/\\\/dev.xstyle.md\\\/#website\",\"url\":\"https:\\\/\\\/dev.xstyle.md\\\/\",\"name\":\"\u041c\u0430\u0433\u0430\u0437\u0438\u043d Xstyle\",\"description\":\"C\u043d\u0430\u0440\u044f\u0436\u0435\u043d\u0438\u0435 \u0434\u043b\u044f \u0442\u0443\u0440\u0438\u0437\u043c\u0430 \u0438 \u044d\u043a\u0441\u0442\u0440\u0435\u043c\u0430\u043b\u044c\u043d\u044b\u0445 \u0432\u0438\u0434\u043e\u0432 \u0441\u043f\u043e\u0440\u0442\u0430 \u0432 \u041c\u043e\u043b\u0434\u043e\u0432\u0435.. \u0426\u0435\u043d\u044b, \u0444\u043e\u0442\u043e, \u0445\u0430\u0440\u0430\u043a\u0442\u0435\u0440\u0438\u0441\u0442\u0438\u043a\u0438 \u0432 \u041c\u043e\u043b\u0434\u043e\u0432\u0435.\",\"publisher\":{\"@id\":\"https:\\\/\\\/dev.xstyle.md\\\/#organization\"},\"alternateName\":\"X-Style\",\"potentialAction\":[{\"@type\":\"SearchAction\",\"target\":{\"@type\":\"EntryPoint\",\"urlTemplate\":\"https:\\\/\\\/dev.xstyle.md\\\/?s={search_term_string}\"},\"query-input\":{\"@type\":\"PropertyValueSpecification\",\"valueRequired\":true,\"valueName\":\"search_term_string\"}}],\"inLanguage\":\"ro-RO\"},{\"@type\":\"Organization\",\"@id\":\"https:\\\/\\\/dev.xstyle.md\\\/#organization\",\"name\":\"\u041c\u0430\u0433\u0430\u0437\u0438\u043d Xstyle\",\"alternateName\":\"x-style\",\"url\":\"https:\\\/\\\/dev.xstyle.md\\\/\",\"logo\":{\"@type\":\"ImageObject\",\"inLanguage\":\"ro-RO\",\"@id\":\"https:\\\/\\\/dev.xstyle.md\\\/#\\\/schema\\\/logo\\\/image\\\/\",\"url\":\"https:\\\/\\\/dev.xstyle.md\\\/wp-content\\\/uploads\\\/2020\\\/06\\\/logoicon.svg\",\"contentUrl\":\"https:\\\/\\\/dev.xstyle.md\\\/wp-content\\\/uploads\\\/2020\\\/06\\\/logoicon.svg\",\"caption\":\"\u041c\u0430\u0433\u0430\u0437\u0438\u043d Xstyle\"},\"image\":{\"@id\":\"https:\\\/\\\/dev.xstyle.md\\\/#\\\/schema\\\/logo\\\/image\\\/\"},\"sameAs\":[\"https:\\\/\\\/www.facebook.com\\\/xstylemd\",\"https:\\\/\\\/www.instagram.com\\\/xstyle_md\\\/\",\"https:\\\/\\\/t.me\\\/xstyle_outdoor\"],\"hasMerchantReturnPolicy\":{\"@type\":\"MerchantReturnPolicy\",\"merchantReturnLink\":\"https:\\\/\\\/dev.xstyle.md\\\/ro\\\/conditions\\\/\"}}]}<\/script>\n<meta property=\"product:price:amount\" content=\"8890.00\" \/>\n<meta property=\"product:price:currency\" content=\"MDL\" \/>\n<meta property=\"og:availability\" content=\"instock\" \/>\n<meta property=\"product:availability\" content=\"instock\" \/>\n<meta property=\"product:retailer_item_id\" content=\"3838855794518\" \/>\n<meta property=\"product:condition\" content=\"new\" \/>\n<!-- \/ Yoast SEO plugin. -->","yoast_head_json":{"title":"\u0413\u043e\u0440\u043d\u044b\u0435 \u043b\u044b\u0436\u0438 Elan PRIMETIME N2 W BLK PS EL - \u041c\u0430\u0433\u0430\u0437\u0438\u043d Xstyle","robots":{"index":"noindex","follow":"follow","max-snippet":"max-snippet:-1","max-image-preview":"max-image-preview:large","max-video-preview":"max-video-preview:-1"},"og_locale":"ro_RO","og_type":"article","og_title":"\u0413\u043e\u0440\u043d\u044b\u0435 \u043b\u044b\u0436\u0438 Elan PRIMETIME N2 W BLK PS EL - \u041c\u0430\u0433\u0430\u0437\u0438\u043d Xstyle","og_url":"https:\/\/dev.xstyle.md\/ro\/produs\/gornye-lyzhi-elan-primetime-n2-w-blk-ps-el\/","og_site_name":"\u041c\u0430\u0433\u0430\u0437\u0438\u043d Xstyle","article_publisher":"https:\/\/www.facebook.com\/xstylemd","article_modified_time":"2026-03-19T14:28:50+00:00","og_image":[{"width":1080,"height":1080,"url":"https:\/\/dev.xstyle.md\/wp-content\/uploads\/2024\/11\/elan-primetime-n2-w-blk-ps-el-1.webp","type":"image\/webp"}],"twitter_card":"summary_large_image","twitter_misc":{"Pre\u021b":"8.890,00&nbsp;MDL","Disponibilitate":"\u00cen stoc"},"schema":{"@context":"https:\/\/schema.org","@graph":[{"@type":"WebPage","@id":"https:\/\/dev.xstyle.md\/product\/gornye-lyzhi-elan-primetime-n2-w-blk-ps-el\/","url":"https:\/\/dev.xstyle.md\/product\/gornye-lyzhi-elan-primetime-n2-w-blk-ps-el\/","name":"\u0413\u043e\u0440\u043d\u044b\u0435 \u043b\u044b\u0436\u0438 Elan PRIMETIME N2 W BLK PS EL - \u041c\u0430\u0433\u0430\u0437\u0438\u043d Xstyle","isPartOf":{"@id":"https:\/\/dev.xstyle.md\/#website"},"primaryImageOfPage":{"@id":"https:\/\/dev.xstyle.md\/product\/gornye-lyzhi-elan-primetime-n2-w-blk-ps-el\/#primaryimage"},"image":{"@id":"https:\/\/dev.xstyle.md\/product\/gornye-lyzhi-elan-primetime-n2-w-blk-ps-el\/#primaryimage"},"thumbnailUrl":"https:\/\/dev.xstyle.md\/wp-content\/uploads\/2024\/11\/elan-primetime-n2-w-blk-ps-el-1.webp","datePublished":"2024-11-11T12:32:12+00:00","dateModified":"2026-03-19T14:28:50+00:00","breadcrumb":{"@id":"https:\/\/dev.xstyle.md\/product\/gornye-lyzhi-elan-primetime-n2-w-blk-ps-el\/#breadcrumb"},"inLanguage":"ro-RO","potentialAction":[{"@type":"ReadAction","target":["https:\/\/dev.xstyle.md\/product\/gornye-lyzhi-elan-primetime-n2-w-blk-ps-el\/"]}]},{"@type":"ImageObject","inLanguage":"ro-RO","@id":"https:\/\/dev.xstyle.md\/product\/gornye-lyzhi-elan-primetime-n2-w-blk-ps-el\/#primaryimage","url":"https:\/\/dev.xstyle.md\/wp-content\/uploads\/2024\/11\/elan-primetime-n2-w-blk-ps-el-1.webp","contentUrl":"https:\/\/dev.xstyle.md\/wp-content\/uploads\/2024\/11\/elan-primetime-n2-w-blk-ps-el-1.webp","width":1080,"height":1080,"caption":"\u0422\u043e\u0432\u0430\u0440 \u0434\u043b\u044f \u0430\u043a\u0442\u0438\u0432\u043d\u043e\u0433\u043e \u043e\u0442\u0434\u044b\u0445\u0430 \u043d\u0430 \u043e\u043d\u043b\u0430\u0439\u043d \u043c\u0430\u0433\u0430\u0437\u0438\u043d\u0435 \u043b\u044b\u0436\u0438 \u042d\u043b\u0430\u043d PRIMETIME N2 W BLK PS EL \u0434\u043b\u044f \u0433\u043e\u0440\u043d\u044b\u0445 \u043b\u044b\u0436 \u0438 \u0441\u043d\u043e\u0443\u0431\u043e\u0440\u0434\u0430, \u0441\u043f\u043e\u0440\u0442\u0438\u0432\u043d\u0430\u044f \u043e\u0434\u0435\u0436\u0434\u0430 \u043e\u0431\u0443\u0432\u044c \u044d\u043a\u0438\u043f\u0438\u0440\u043e\u0432\u043a\u0430 \u0434\u043b\u044f \u043f\u0443\u0442\u0435\u0448\u0435\u0441\u0442\u0432\u0438\u0439 \u0438 \u0430\u043b\u044c\u043f\u0438\u043d\u0438\u0437\u043c\u0430"},{"@type":"BreadcrumbList","@id":"https:\/\/dev.xstyle.md\/product\/gornye-lyzhi-elan-primetime-n2-w-blk-ps-el\/#breadcrumb","itemListElement":[{"@type":"ListItem","position":1,"name":"\u0413\u043b\u0430\u0432\u043d\u0430\u044f \u0441\u0442\u0440\u0430\u043d\u0438\u0446\u0430","item":"https:\/\/dev.xstyle.md\/"},{"@type":"ListItem","position":2,"name":"Shop","item":"https:\/\/dev.xstyle.md\/shop\/"},{"@type":"ListItem","position":3,"name":"\u0413\u043e\u0440\u043d\u044b\u0435 \u043b\u044b\u0436\u0438 Elan PRIMETIME N2 W BLK PS EL"}]},{"@type":"WebSite","@id":"https:\/\/dev.xstyle.md\/#website","url":"https:\/\/dev.xstyle.md\/","name":"Magazinul X-Style","description":"Echipamente pentru turism \u0219i sporturi extreme \u00een Moldova. Pre\u021buri, fotografii, caracteristici \u00een Moldova.","publisher":{"@id":"https:\/\/dev.xstyle.md\/#organization"},"alternateName":"X-Style","potentialAction":[{"@type":"SearchAction","target":{"@type":"EntryPoint","urlTemplate":"https:\/\/dev.xstyle.md\/?s={search_term_string}"},"query-input":{"@type":"PropertyValueSpecification","valueRequired":true,"valueName":"search_term_string"}}],"inLanguage":"ro-RO"},{"@type":"Organization","@id":"https:\/\/dev.xstyle.md\/#organization","name":"Magazinul X-Style","alternateName":"x-style","url":"https:\/\/dev.xstyle.md\/","logo":{"@type":"ImageObject","inLanguage":"ro-RO","@id":"https:\/\/dev.xstyle.md\/#\/schema\/logo\/image\/","url":"https:\/\/dev.xstyle.md\/wp-content\/uploads\/2020\/06\/logoicon.svg","contentUrl":"https:\/\/dev.xstyle.md\/wp-content\/uploads\/2020\/06\/logoicon.svg","caption":"\u041c\u0430\u0433\u0430\u0437\u0438\u043d Xstyle"},"image":{"@id":"https:\/\/dev.xstyle.md\/#\/schema\/logo\/image\/"},"sameAs":["https:\/\/www.facebook.com\/xstylemd","https:\/\/www.instagram.com\/xstyle_md\/","https:\/\/t.me\/xstyle_outdoor"],"hasMerchantReturnPolicy":{"@type":"MerchantReturnPolicy","merchantReturnLink":"https:\/\/dev.xstyle.md\/ro\/conditions\/"}}]},"product_price_amount":"8890.00","product_price_currency":"MDL","og_availability":"instock","product_availability":"instock","product_retailer_item_id":"3838855794518","product_condition":"new"},"post_mailing_queue_ids":[],"_links":{"self":[{"href":"https:\/\/dev.xstyle.md\/ro\/wp-json\/wp\/v2\/product\/89473","targetHints":{"allow":["GET"]}}],"collection":[{"href":"https:\/\/dev.xstyle.md\/ro\/wp-json\/wp\/v2\/product"}],"about":[{"href":"https:\/\/dev.xstyle.md\/ro\/wp-json\/wp\/v2\/types\/product"}],"replies":[{"embeddable":true,"href":"https:\/\/dev.xstyle.md\/ro\/wp-json\/wp\/v2\/comments?post=89473"}],"version-history":[{"count":1,"href":"https:\/\/dev.xstyle.md\/ro\/wp-json\/wp\/v2\/product\/89473\/revisions"}],"predecessor-version":[{"id":98428,"href":"https:\/\/dev.xstyle.md\/ro\/wp-json\/wp\/v2\/product\/89473\/revisions\/98428"}],"wp:featuredmedia":[{"embeddable":true,"href":"https:\/\/dev.xstyle.md\/ro\/wp-json\/wp\/v2\/media\/98421"}],"wp:attachment":[{"href":"https:\/\/dev.xstyle.md\/ro\/wp-json\/wp\/v2\/media?parent=89473"}],"wp:term":[{"taxonomy":"product_brand","embeddable":true,"href":"https:\/\/dev.xstyle.md\/ro\/wp-json\/wp\/v2\/product_brand?post=89473"},{"taxonomy":"product_cat","embeddable":true,"href":"https:\/\/dev.xstyle.md\/ro\/wp-json\/wp\/v2\/product_cat?post=89473"},{"taxonomy":"product_tag","embeddable":true,"href":"https:\/\/dev.xstyle.md\/ro\/wp-json\/wp\/v2\/product_tag?post=89473"}],"curies":[{"name":"wp","href":"https:\/\/api.w.org\/{rel}","templated":true}]}}