{"id":89438,"date":"2024-11-11T15:32:02","date_gmt":"2024-11-11T12:32:02","guid":{"rendered":"https:\/\/xstyle.md\/?post_type=product&#038;p=89438"},"modified":"2026-03-19T17:22:05","modified_gmt":"2026-03-19T14:22:05","slug":"gornolyzhnye-botinki-dalbello-veloce-max-75-ms-black","status":"publish","type":"product","link":"https:\/\/xstyle.md\/ro\/produs\/gornolyzhnye-botinki-dalbello-veloce-max-75-ms-black\/","title":{"rendered":"Cl\u0103pari Dalbello Veloce Max 75 MS black"},"content":{"rendered":"<p><\/p>\n<p><strong>Dalbello Veloce Max 75 MS<\/strong> &#8212; sunt cl\u0103pari de schi ideali pentru schiorii care au nevoie de un calapod mai lat, oferind \u00een acela\u0219i timp o fixare sigur\u0103 \u0219i un control bun. Indicele de rigiditate (flex) de 75, construc\u021bia cu suprapunere \u00eenalt\u0103 \u0219i placa ranforsat\u0103 asigur\u0103 o transmisie precis\u0103 a energiei \u0219i control \u00een viraje. Man\u0219eta lat\u0103 faciliteaz\u0103 \u00eenc\u0103l\u021barea \u0219i utilizarea cl\u0103parilor. Tehnologia MyFit de la Dalbello permite adaptarea ghetei interioare termoformabile Instant Fit \u0219i a carcasei conform caracteristicilor individuale. T\u0103lpile GripWalk montate din fabric\u0103 asigur\u0103 o rulare mai natural\u0103 a piciorului \u00een timpul mersului \u0219i \u00eembun\u0103t\u0103\u021besc aderen\u021ba pe z\u0103pad\u0103 \u0219i ghea\u021b\u0103.<\/p>\n<h3>Caracteristici<\/h3>\n<ul>\n<li>Nivel schior \u2014 \u00eencep\u0103tor \/ intermediar<\/li>\n<li>Structur\u0103 \u2014 cl\u0103par clasic din dou\u0103 piese, cu 4 clape \u0219i intrare frontal\u0103<\/li>\n<li>Detalii construc\u021bie \u2014 4 clape ALU Micro, band\u0103 de for\u021b\u0103 (Power Strap)<\/li>\n<li>Ghet\u0103 interioar\u0103 \u2014 instant Fit<\/li>\n<li>Carcas\u0103 exterioar\u0103 \u2014 DB HYPERLITE<\/li>\n<li>Catarame \u2014 aluminiu<\/li>\n<li>Talp\u0103 \u2014 ISO 5355 (compatibil\u0103 GripWalk)<\/li>\n<li>Indice Flex \u2014 75<\/li>\n<li>Model \u2014 b\u0103rba\u021bi<\/li>\n<\/ul>\n<h3>Tehnologii<\/h3>\n<ul>\n<li><strong>Design suprapus<\/strong> \u2014 Construc\u021bia clasic\u0103 a carcasei exterioare, format\u0103 din dou\u0103 p\u0103r\u021bi care se suprapun la \u00eenchidere. Aceasta asigur\u0103 o fixare precis\u0103 a piciorului \u0219i eficien\u021b\u0103 maxim\u0103 \u00een transmiterea for\u021bei schiorului.<\/li>\n<li><strong>Contour 4 Shell-Fit<\/strong> \u2014 Tehnologie inovatoare \u00een produc\u021bia carcasei, care repet\u0103 contururile anatomice ale piciorului \u00een patru zone problematice: glezn\u0103, c\u0103lc\u00e2i, zona metatarsian\u0103 \u0219i osul navicular. Acest lucru ofer\u0103 un confort maxim \u0219i reduce necesitatea ajust\u0103rilor manuale suplimentare.<\/li>\n<li><strong>DB HYPERLITE<\/strong> \u2014 Un polimer extrem de u\u0219or, de calitate superioar\u0103, cu caracteristici excelente de amortizare a vibra\u021biilor. Modelele care utilizeaz\u0103 aceast\u0103 tehnologie sunt mai stabile, absorb mai bine \u0219ocurile \u0219i sunt mai \u201eresponsive\u201d pe orice tip de z\u0103pad\u0103.<\/li>\n<li><strong>Flex Index<\/strong> \u2014 Unul dintre principalii parametri care definesc rigiditatea cl\u0103parilor. Un flex mai sc\u0103zut (75) ofer\u0103 un plus de confort \u0219i faciliteaz\u0103 procesul de \u00eenv\u0103\u021bare.<\/li>\n<li><strong>ISO 5355<\/strong> \u2014 Talpa standard pentru cl\u0103parii de schi alpini, fiind plat\u0103 \u0219i av\u00e2nd o \u00een\u0103l\u021bime de 19\u00b11 mm.<\/li>\n<\/ul>\n<p><\/p>\n<h3>Marca<\/h3>\n<p>\u0421ompania italian\u0103 Dalbello este cel mai renumit produc\u0103tor de cl\u0103pari din lume, motiv pentru care abordarea procesului de produc\u021bie este una extrem de serioas\u0103. \u00cenc\u0103 de c\u00e2nd Dalbello a \u00eenceput fabricarea cl\u0103parilor \u00een anul 1974, ideea de baz\u0103 a companiei a fost crearea unor produse de cea mai \u00eenalt\u0103 calitate, cu cele mai bune caracteristici de performan\u021b\u0103 \u0219i un nivel de confort inegalabil la nivel mondial.\nAstfel, numero\u0219i schiori din \u00eentreaga lume au descoperit deja c\u0103 nivelul de calitate \u0219i confort oferit de Dalbello vorbe\u0219te de la sine. Tocmai acest lucru a f\u0103cut ca, \u00een prezent, Dalbello s\u0103 fie brandul de cl\u0103pari cu cea mai rapid\u0103 cre\u0219tere din lume.<\/p>","protected":false},"excerpt":{"rendered":"<p>\u0411\u0440\u0435\u043d\u0434 \u0418\u0442\u0430\u043b\u044c\u044f\u043d\u0441\u043a\u0430\u044f \u043a\u043e\u043c\u043f\u0430\u043d\u0438\u044f Dalbello \u044f\u0432\u043b\u044f\u0435\u0442\u0441\u044f \u0441\u0430\u043c\u044b\u043c \u0438\u0437\u0432\u0435\u0441\u0442\u043d\u044b\u043c \u043f\u0440\u043e\u0438\u0437\u0432\u043e\u0434\u0438\u0442\u0435\u043b\u0435\u043c \u0433\u043e\u0440\u043d\u043e\u043b\u044b\u0436\u043d\u044b\u0445 \u0431\u043e\u0442\u0438\u043d\u043e\u043a \u0432 \u043c\u0438\u0440\u0435. \u041f\u043e\u044d\u0442\u043e\u043c\u0443 \u043e\u0442\u043d\u043e\u0448\u0435\u043d\u0438\u0435 \u043a \u043f\u0440\u043e\u0438\u0437\u0432\u043e\u0434\u0441\u0442\u0432\u0443 \u0441\u0430\u043c\u043e\u0435 \u0441\u0435\u0440\u044c\u0435\u0437\u043d\u043e\u0435. \u0421 \u0442\u0435\u0445 \u043f\u043e\u0440 \u043a\u0430\u043a Dalbello \u043d\u0430\u0447\u0430\u043b\u0430 \u043f\u0440\u043e\u0438\u0437\u0432\u043e\u0434\u0438\u0442\u044c \u0433\u043e\u0440\u043d\u043e\u043b\u044b\u0436\u043d\u044b\u0435 \u0431\u043e\u0442\u0438\u043d\u043a\u0438 \u0432 1974 \u0433\u043e\u0434\u0443, \u043e\u0441\u043d\u043e\u0432\u043d\u043e\u0439 \u0438\u0434\u0435\u0435\u0439 \u043a\u043e\u043c\u043f\u0430\u043d\u0438\u0438 \u044f\u0432\u043b\u044f\u0435\u0442\u0441\u044f \u0441\u043e\u0437\u0434\u0430\u043d\u0438\u0435 \u0431\u043e\u0442\u0438\u043d\u043e\u043a \u0432\u044b\u0441\u043e\u0447\u0430\u0439\u0448\u0435\u0433\u043e \u043a\u0430\u0447\u0435\u0441\u0442\u0432\u0430, \u0441 \u043b\u0443\u0447\u0448\u0438\u043c\u0438 \u044d\u043a\u0441\u043f\u043b\u0443\u0430\u0442\u0430\u0446\u0438\u043e\u043d\u043d\u044b\u043c\u0438 \u0445\u0430\u0440\u0430\u043a\u0442\u0435\u0440\u0438\u0441\u0442\u0438\u043a\u0430\u043c\u0438 \u0438 \u043d\u0430\u0438\u0431\u043e\u043b\u0435\u0435 \u043a\u043e\u043c\u0444\u043e\u0440\u0442\u043d\u044b\u0445 \u0432 \u043c\u0438\u0440\u0435. \u0422\u0430\u043a, \u043c\u043d\u043e\u0433\u043e\u0447\u0438\u0441\u043b\u0435\u043d\u043d\u044b\u0435 \u043b\u044b\u0436\u043d\u0438\u043a\u0438 \u043f\u043e \u0432\u0441\u0435\u043c\u0443 \u043c\u0438\u0440\u0443 \u0443\u0436\u0435 \u043e\u0442\u043a\u0440\u044b\u043b\u0438 [&hellip;]<\/p>\n","protected":false},"featured_media":90193,"comment_status":"open","ping_status":"closed","template":"","meta":{"_acf_changed":false,"inline_featured_image":false},"product_brand":[1311],"product_cat":[353],"product_tag":[],"class_list":{"0":"post-89438","1":"product","2":"type-product","3":"status-publish","4":"has-post-thumbnail","6":"product_brand-dalbello","7":"product_cat-ski-boots","9":"first","10":"instock","11":"shipping-taxable","12":"purchasable","13":"product-type-simple"},"acf":[],"yoast_head":"<!-- This site is optimized with the Yoast SEO plugin v27.4 - https:\/\/yoast.com\/product\/yoast-seo-wordpress\/ -->\n<title>\u0413\u043e\u0440\u043d\u043e\u043b\u044b\u0436\u043d\u044b\u0435 \u0431\u043e\u0442\u0438\u043d\u043a\u0438 Dalbello Veloce Max 75 MS black - \u041c\u0430\u0433\u0430\u0437\u0438\u043d Xstyle<\/title>\n<meta name=\"robots\" content=\"index, follow, max-snippet:-1, max-image-preview:large, max-video-preview:-1\" \/>\n<link rel=\"canonical\" href=\"https:\/\/xstyle.md\/ro\/produs\/gornolyzhnye-botinki-dalbello-veloce-max-75-ms-black\/\" \/>\n<meta property=\"og:locale\" content=\"ro_RO\" \/>\n<meta property=\"og:type\" content=\"article\" \/>\n<meta property=\"og:title\" content=\"\u0413\u043e\u0440\u043d\u043e\u043b\u044b\u0436\u043d\u044b\u0435 \u0431\u043e\u0442\u0438\u043d\u043a\u0438 Dalbello Veloce Max 75 MS black - \u041c\u0430\u0433\u0430\u0437\u0438\u043d Xstyle\" \/>\n<meta property=\"og:description\" content=\"\u0411\u0440\u0435\u043d\u0434 \u0418\u0442\u0430\u043b\u044c\u044f\u043d\u0441\u043a\u0430\u044f \u043a\u043e\u043c\u043f\u0430\u043d\u0438\u044f Dalbello \u044f\u0432\u043b\u044f\u0435\u0442\u0441\u044f \u0441\u0430\u043c\u044b\u043c \u0438\u0437\u0432\u0435\u0441\u0442\u043d\u044b\u043c \u043f\u0440\u043e\u0438\u0437\u0432\u043e\u0434\u0438\u0442\u0435\u043b\u0435\u043c \u0433\u043e\u0440\u043d\u043e\u043b\u044b\u0436\u043d\u044b\u0445 \u0431\u043e\u0442\u0438\u043d\u043e\u043a \u0432 \u043c\u0438\u0440\u0435. \u041f\u043e\u044d\u0442\u043e\u043c\u0443 \u043e\u0442\u043d\u043e\u0448\u0435\u043d\u0438\u0435 \u043a \u043f\u0440\u043e\u0438\u0437\u0432\u043e\u0434\u0441\u0442\u0432\u0443 \u0441\u0430\u043c\u043e\u0435 \u0441\u0435\u0440\u044c\u0435\u0437\u043d\u043e\u0435. \u0421 \u0442\u0435\u0445 \u043f\u043e\u0440 \u043a\u0430\u043a Dalbello \u043d\u0430\u0447\u0430\u043b\u0430 \u043f\u0440\u043e\u0438\u0437\u0432\u043e\u0434\u0438\u0442\u044c \u0433\u043e\u0440\u043d\u043e\u043b\u044b\u0436\u043d\u044b\u0435 \u0431\u043e\u0442\u0438\u043d\u043a\u0438 \u0432 1974 \u0433\u043e\u0434\u0443, \u043e\u0441\u043d\u043e\u0432\u043d\u043e\u0439 \u0438\u0434\u0435\u0435\u0439 \u043a\u043e\u043c\u043f\u0430\u043d\u0438\u0438 \u044f\u0432\u043b\u044f\u0435\u0442\u0441\u044f \u0441\u043e\u0437\u0434\u0430\u043d\u0438\u0435 \u0431\u043e\u0442\u0438\u043d\u043e\u043a \u0432\u044b\u0441\u043e\u0447\u0430\u0439\u0448\u0435\u0433\u043e \u043a\u0430\u0447\u0435\u0441\u0442\u0432\u0430, \u0441 \u043b\u0443\u0447\u0448\u0438\u043c\u0438 \u044d\u043a\u0441\u043f\u043b\u0443\u0430\u0442\u0430\u0446\u0438\u043e\u043d\u043d\u044b\u043c\u0438 \u0445\u0430\u0440\u0430\u043a\u0442\u0435\u0440\u0438\u0441\u0442\u0438\u043a\u0430\u043c\u0438 \u0438 \u043d\u0430\u0438\u0431\u043e\u043b\u0435\u0435 \u043a\u043e\u043c\u0444\u043e\u0440\u0442\u043d\u044b\u0445 \u0432 \u043c\u0438\u0440\u0435. \u0422\u0430\u043a, \u043c\u043d\u043e\u0433\u043e\u0447\u0438\u0441\u043b\u0435\u043d\u043d\u044b\u0435 \u043b\u044b\u0436\u043d\u0438\u043a\u0438 \u043f\u043e \u0432\u0441\u0435\u043c\u0443 \u043c\u0438\u0440\u0443 \u0443\u0436\u0435 \u043e\u0442\u043a\u0440\u044b\u043b\u0438 [&hellip;]\" \/>\n<meta property=\"og:url\" content=\"https:\/\/xstyle.md\/ro\/produs\/gornolyzhnye-botinki-dalbello-veloce-max-75-ms-black\/\" \/>\n<meta property=\"og:site_name\" content=\"\u041c\u0430\u0433\u0430\u0437\u0438\u043d Xstyle\" \/>\n<meta property=\"article:publisher\" content=\"https:\/\/www.facebook.com\/xstylemd\" \/>\n<meta property=\"article:modified_time\" content=\"2026-03-19T14:22:05+00:00\" \/>\n<meta property=\"og:image\" content=\"https:\/\/xstyle.md\/wp-content\/uploads\/2024\/11\/dalbello-veloce-max-75-ms-black.jpg\" \/>\n\t<meta property=\"og:image:width\" content=\"742\" \/>\n\t<meta property=\"og:image:height\" content=\"688\" \/>\n\t<meta property=\"og:image:type\" content=\"image\/jpeg\" \/>\n<meta name=\"twitter:card\" content=\"summary_large_image\" \/>\n<meta name=\"twitter:label1\" content=\"Pre\u021b\" \/>\n\t<meta name=\"twitter:data1\" content=\"2.990&nbsp;MDL\" \/>\n\t<meta name=\"twitter:label2\" content=\"Disponibilitate\" \/>\n\t<meta name=\"twitter:data2\" content=\"\u00cen stoc\" \/>\n<script type=\"application\/ld+json\" class=\"yoast-schema-graph\">{\"@context\":\"https:\\\/\\\/schema.org\",\"@graph\":[{\"@type\":\"WebPage\",\"@id\":\"https:\\\/\\\/xstyle.md\\\/product\\\/gornolyzhnye-botinki-dalbello-veloce-max-75-ms-black\\\/\",\"url\":\"https:\\\/\\\/xstyle.md\\\/product\\\/gornolyzhnye-botinki-dalbello-veloce-max-75-ms-black\\\/\",\"name\":\"\u0413\u043e\u0440\u043d\u043e\u043b\u044b\u0436\u043d\u044b\u0435 \u0431\u043e\u0442\u0438\u043d\u043a\u0438 Dalbello Veloce Max 75 MS black - \u041c\u0430\u0433\u0430\u0437\u0438\u043d Xstyle\",\"isPartOf\":{\"@id\":\"https:\\\/\\\/xstyle.md\\\/#website\"},\"primaryImageOfPage\":{\"@id\":\"https:\\\/\\\/xstyle.md\\\/product\\\/gornolyzhnye-botinki-dalbello-veloce-max-75-ms-black\\\/#primaryimage\"},\"image\":{\"@id\":\"https:\\\/\\\/xstyle.md\\\/product\\\/gornolyzhnye-botinki-dalbello-veloce-max-75-ms-black\\\/#primaryimage\"},\"thumbnailUrl\":\"https:\\\/\\\/xstyle.md\\\/wp-content\\\/uploads\\\/2024\\\/11\\\/dalbello-veloce-max-75-ms-black.jpg\",\"datePublished\":\"2024-11-11T12:32:02+00:00\",\"dateModified\":\"2026-03-19T14:22:05+00:00\",\"breadcrumb\":{\"@id\":\"https:\\\/\\\/xstyle.md\\\/product\\\/gornolyzhnye-botinki-dalbello-veloce-max-75-ms-black\\\/#breadcrumb\"},\"inLanguage\":\"ro-RO\",\"potentialAction\":[{\"@type\":\"ReadAction\",\"target\":[\"https:\\\/\\\/xstyle.md\\\/product\\\/gornolyzhnye-botinki-dalbello-veloce-max-75-ms-black\\\/\"]}]},{\"@type\":\"ImageObject\",\"inLanguage\":\"ro-RO\",\"@id\":\"https:\\\/\\\/xstyle.md\\\/product\\\/gornolyzhnye-botinki-dalbello-veloce-max-75-ms-black\\\/#primaryimage\",\"url\":\"https:\\\/\\\/xstyle.md\\\/wp-content\\\/uploads\\\/2024\\\/11\\\/dalbello-veloce-max-75-ms-black.jpg\",\"contentUrl\":\"https:\\\/\\\/xstyle.md\\\/wp-content\\\/uploads\\\/2024\\\/11\\\/dalbello-veloce-max-75-ms-black.jpg\",\"width\":742,\"height\":688,\"caption\":\"\u041c\u0443\u0436\u0441\u043a\u0438\u0435 \u0431\u043e\u0442\u0438\u043d\u043a\u0438 \u0434\u043b\u044f \u0433\u043e\u0440\u043d\u043e\u043b\u044b\u0436\u043d\u043e\u0433\u043e \u0441\u043f\u043e\u0440\u0442\u0430 Dalbello Veloce Max 75, \u0447\u0435\u0440\u043d\u044b\u0435, \u0438\u0434\u0435\u0430\u043b\u044c\u043d\u044b \u0434\u043b\u044f \u0430\u043a\u0442\u0438\u0432\u043d\u043e\u0433\u043e \u043e\u0442\u0434\u044b\u0445\u0430, \u0433\u043e\u0440\u043d\u044b\u0445 \u043f\u043e\u0445\u043e\u0434\u043e\u0432 \u0438 \u043f\u0443\u0442\u0435\u0448\u0435\u0441\u0442\u0432\u0438\u0439.\"},{\"@type\":\"BreadcrumbList\",\"@id\":\"https:\\\/\\\/xstyle.md\\\/product\\\/gornolyzhnye-botinki-dalbello-veloce-max-75-ms-black\\\/#breadcrumb\",\"itemListElement\":[{\"@type\":\"ListItem\",\"position\":1,\"name\":\"\u0413\u043b\u0430\u0432\u043d\u0430\u044f \u0441\u0442\u0440\u0430\u043d\u0438\u0446\u0430\",\"item\":\"https:\\\/\\\/xstyle.md\\\/\"},{\"@type\":\"ListItem\",\"position\":2,\"name\":\"\u041c\u0430\u0433\u0430\u0437\u0438\u043d\",\"item\":\"https:\\\/\\\/xstyle.md\\\/shop\\\/\"},{\"@type\":\"ListItem\",\"position\":3,\"name\":\"\u0413\u043e\u0440\u043d\u043e\u043b\u044b\u0436\u043d\u044b\u0435 \u0431\u043e\u0442\u0438\u043d\u043a\u0438 Dalbello Veloce Max 75 MS black\"}]},{\"@type\":\"WebSite\",\"@id\":\"https:\\\/\\\/xstyle.md\\\/#website\",\"url\":\"https:\\\/\\\/xstyle.md\\\/\",\"name\":\"\u041c\u0430\u0433\u0430\u0437\u0438\u043d Xstyle\",\"description\":\"C\u043d\u0430\u0440\u044f\u0436\u0435\u043d\u0438\u0435 \u0434\u043b\u044f \u0442\u0443\u0440\u0438\u0437\u043c\u0430 \u0438 \u044d\u043a\u0441\u0442\u0440\u0435\u043c\u0430\u043b\u044c\u043d\u044b\u0445 \u0432\u0438\u0434\u043e\u0432 \u0441\u043f\u043e\u0440\u0442\u0430 \u0432 \u041c\u043e\u043b\u0434\u043e\u0432\u0435.. \u0426\u0435\u043d\u044b, \u0444\u043e\u0442\u043e, \u0445\u0430\u0440\u0430\u043a\u0442\u0435\u0440\u0438\u0441\u0442\u0438\u043a\u0438 \u0432 \u041c\u043e\u043b\u0434\u043e\u0432\u0435.\",\"publisher\":{\"@id\":\"https:\\\/\\\/xstyle.md\\\/#organization\"},\"alternateName\":\"X-Style\",\"potentialAction\":[{\"@type\":\"SearchAction\",\"target\":{\"@type\":\"EntryPoint\",\"urlTemplate\":\"https:\\\/\\\/xstyle.md\\\/?s={search_term_string}\"},\"query-input\":{\"@type\":\"PropertyValueSpecification\",\"valueRequired\":true,\"valueName\":\"search_term_string\"}}],\"inLanguage\":\"ro-RO\"},{\"@type\":\"Organization\",\"@id\":\"https:\\\/\\\/xstyle.md\\\/#organization\",\"name\":\"\u041c\u0430\u0433\u0430\u0437\u0438\u043d Xstyle\",\"alternateName\":\"x-style\",\"url\":\"https:\\\/\\\/xstyle.md\\\/\",\"logo\":{\"@type\":\"ImageObject\",\"inLanguage\":\"ro-RO\",\"@id\":\"https:\\\/\\\/xstyle.md\\\/#\\\/schema\\\/logo\\\/image\\\/\",\"url\":\"https:\\\/\\\/xstyle.md\\\/wp-content\\\/uploads\\\/2020\\\/06\\\/logoicon.svg\",\"contentUrl\":\"https:\\\/\\\/xstyle.md\\\/wp-content\\\/uploads\\\/2020\\\/06\\\/logoicon.svg\",\"caption\":\"\u041c\u0430\u0433\u0430\u0437\u0438\u043d Xstyle\"},\"image\":{\"@id\":\"https:\\\/\\\/xstyle.md\\\/#\\\/schema\\\/logo\\\/image\\\/\"},\"sameAs\":[\"https:\\\/\\\/www.facebook.com\\\/xstylemd\",\"https:\\\/\\\/www.instagram.com\\\/xstyle_md\\\/\",\"https:\\\/\\\/t.me\\\/xstyle_outdoor\"],\"hasMerchantReturnPolicy\":{\"@type\":\"MerchantReturnPolicy\",\"merchantReturnLink\":\"https:\\\/\\\/xstyle.md\\\/ro\\\/conditions\\\/\"}}]}<\/script>\n<meta property=\"product:price:amount\" content=\"2990.00\" \/>\n<meta property=\"product:price:currency\" content=\"MDL\" \/>\n<meta property=\"og:availability\" content=\"instock\" \/>\n<meta property=\"product:availability\" content=\"instock\" \/>\n<meta property=\"product:retailer_item_id\" content=\"8050440170094\" \/>\n<meta property=\"product:condition\" content=\"new\" \/>\n<!-- \/ Yoast SEO plugin. -->","yoast_head_json":{"title":"\u0413\u043e\u0440\u043d\u043e\u043b\u044b\u0436\u043d\u044b\u0435 \u0431\u043e\u0442\u0438\u043d\u043a\u0438 Dalbello Veloce Max 75 MS black - \u041c\u0430\u0433\u0430\u0437\u0438\u043d Xstyle","robots":{"index":"index","follow":"follow","max-snippet":"max-snippet:-1","max-image-preview":"max-image-preview:large","max-video-preview":"max-video-preview:-1"},"canonical":"https:\/\/xstyle.md\/ro\/produs\/gornolyzhnye-botinki-dalbello-veloce-max-75-ms-black\/","og_locale":"ro_RO","og_type":"article","og_title":"\u0413\u043e\u0440\u043d\u043e\u043b\u044b\u0436\u043d\u044b\u0435 \u0431\u043e\u0442\u0438\u043d\u043a\u0438 Dalbello Veloce Max 75 MS black - \u041c\u0430\u0433\u0430\u0437\u0438\u043d Xstyle","og_description":"\u0411\u0440\u0435\u043d\u0434 \u0418\u0442\u0430\u043b\u044c\u044f\u043d\u0441\u043a\u0430\u044f \u043a\u043e\u043c\u043f\u0430\u043d\u0438\u044f Dalbello \u044f\u0432\u043b\u044f\u0435\u0442\u0441\u044f \u0441\u0430\u043c\u044b\u043c \u0438\u0437\u0432\u0435\u0441\u0442\u043d\u044b\u043c \u043f\u0440\u043e\u0438\u0437\u0432\u043e\u0434\u0438\u0442\u0435\u043b\u0435\u043c \u0433\u043e\u0440\u043d\u043e\u043b\u044b\u0436\u043d\u044b\u0445 \u0431\u043e\u0442\u0438\u043d\u043e\u043a \u0432 \u043c\u0438\u0440\u0435. \u041f\u043e\u044d\u0442\u043e\u043c\u0443 \u043e\u0442\u043d\u043e\u0448\u0435\u043d\u0438\u0435 \u043a \u043f\u0440\u043e\u0438\u0437\u0432\u043e\u0434\u0441\u0442\u0432\u0443 \u0441\u0430\u043c\u043e\u0435 \u0441\u0435\u0440\u044c\u0435\u0437\u043d\u043e\u0435. \u0421 \u0442\u0435\u0445 \u043f\u043e\u0440 \u043a\u0430\u043a Dalbello \u043d\u0430\u0447\u0430\u043b\u0430 \u043f\u0440\u043e\u0438\u0437\u0432\u043e\u0434\u0438\u0442\u044c \u0433\u043e\u0440\u043d\u043e\u043b\u044b\u0436\u043d\u044b\u0435 \u0431\u043e\u0442\u0438\u043d\u043a\u0438 \u0432 1974 \u0433\u043e\u0434\u0443, \u043e\u0441\u043d\u043e\u0432\u043d\u043e\u0439 \u0438\u0434\u0435\u0435\u0439 \u043a\u043e\u043c\u043f\u0430\u043d\u0438\u0438 \u044f\u0432\u043b\u044f\u0435\u0442\u0441\u044f \u0441\u043e\u0437\u0434\u0430\u043d\u0438\u0435 \u0431\u043e\u0442\u0438\u043d\u043e\u043a \u0432\u044b\u0441\u043e\u0447\u0430\u0439\u0448\u0435\u0433\u043e \u043a\u0430\u0447\u0435\u0441\u0442\u0432\u0430, \u0441 \u043b\u0443\u0447\u0448\u0438\u043c\u0438 \u044d\u043a\u0441\u043f\u043b\u0443\u0430\u0442\u0430\u0446\u0438\u043e\u043d\u043d\u044b\u043c\u0438 \u0445\u0430\u0440\u0430\u043a\u0442\u0435\u0440\u0438\u0441\u0442\u0438\u043a\u0430\u043c\u0438 \u0438 \u043d\u0430\u0438\u0431\u043e\u043b\u0435\u0435 \u043a\u043e\u043c\u0444\u043e\u0440\u0442\u043d\u044b\u0445 \u0432 \u043c\u0438\u0440\u0435. \u0422\u0430\u043a, \u043c\u043d\u043e\u0433\u043e\u0447\u0438\u0441\u043b\u0435\u043d\u043d\u044b\u0435 \u043b\u044b\u0436\u043d\u0438\u043a\u0438 \u043f\u043e \u0432\u0441\u0435\u043c\u0443 \u043c\u0438\u0440\u0443 \u0443\u0436\u0435 \u043e\u0442\u043a\u0440\u044b\u043b\u0438 [&hellip;]","og_url":"https:\/\/xstyle.md\/ro\/produs\/gornolyzhnye-botinki-dalbello-veloce-max-75-ms-black\/","og_site_name":"\u041c\u0430\u0433\u0430\u0437\u0438\u043d Xstyle","article_publisher":"https:\/\/www.facebook.com\/xstylemd","article_modified_time":"2026-03-19T14:22:05+00:00","og_image":[{"width":742,"height":688,"url":"https:\/\/xstyle.md\/wp-content\/uploads\/2024\/11\/dalbello-veloce-max-75-ms-black.jpg","type":"image\/jpeg"}],"twitter_card":"summary_large_image","twitter_misc":{"Pre\u021b":"2.990&nbsp;MDL","Disponibilitate":"\u00cen stoc"},"schema":{"@context":"https:\/\/schema.org","@graph":[{"@type":"WebPage","@id":"https:\/\/xstyle.md\/product\/gornolyzhnye-botinki-dalbello-veloce-max-75-ms-black\/","url":"https:\/\/xstyle.md\/product\/gornolyzhnye-botinki-dalbello-veloce-max-75-ms-black\/","name":"\u0413\u043e\u0440\u043d\u043e\u043b\u044b\u0436\u043d\u044b\u0435 \u0431\u043e\u0442\u0438\u043d\u043a\u0438 Dalbello Veloce Max 75 MS black - \u041c\u0430\u0433\u0430\u0437\u0438\u043d Xstyle","isPartOf":{"@id":"https:\/\/xstyle.md\/#website"},"primaryImageOfPage":{"@id":"https:\/\/xstyle.md\/product\/gornolyzhnye-botinki-dalbello-veloce-max-75-ms-black\/#primaryimage"},"image":{"@id":"https:\/\/xstyle.md\/product\/gornolyzhnye-botinki-dalbello-veloce-max-75-ms-black\/#primaryimage"},"thumbnailUrl":"https:\/\/xstyle.md\/wp-content\/uploads\/2024\/11\/dalbello-veloce-max-75-ms-black.jpg","datePublished":"2024-11-11T12:32:02+00:00","dateModified":"2026-03-19T14:22:05+00:00","breadcrumb":{"@id":"https:\/\/xstyle.md\/product\/gornolyzhnye-botinki-dalbello-veloce-max-75-ms-black\/#breadcrumb"},"inLanguage":"ro-RO","potentialAction":[{"@type":"ReadAction","target":["https:\/\/xstyle.md\/product\/gornolyzhnye-botinki-dalbello-veloce-max-75-ms-black\/"]}]},{"@type":"ImageObject","inLanguage":"ro-RO","@id":"https:\/\/xstyle.md\/product\/gornolyzhnye-botinki-dalbello-veloce-max-75-ms-black\/#primaryimage","url":"https:\/\/xstyle.md\/wp-content\/uploads\/2024\/11\/dalbello-veloce-max-75-ms-black.jpg","contentUrl":"https:\/\/xstyle.md\/wp-content\/uploads\/2024\/11\/dalbello-veloce-max-75-ms-black.jpg","width":742,"height":688,"caption":"\u041c\u0443\u0436\u0441\u043a\u0438\u0435 \u0431\u043e\u0442\u0438\u043d\u043a\u0438 \u0434\u043b\u044f \u0433\u043e\u0440\u043d\u043e\u043b\u044b\u0436\u043d\u043e\u0433\u043e \u0441\u043f\u043e\u0440\u0442\u0430 Dalbello Veloce Max 75, \u0447\u0435\u0440\u043d\u044b\u0435, \u0438\u0434\u0435\u0430\u043b\u044c\u043d\u044b \u0434\u043b\u044f \u0430\u043a\u0442\u0438\u0432\u043d\u043e\u0433\u043e \u043e\u0442\u0434\u044b\u0445\u0430, \u0433\u043e\u0440\u043d\u044b\u0445 \u043f\u043e\u0445\u043e\u0434\u043e\u0432 \u0438 \u043f\u0443\u0442\u0435\u0448\u0435\u0441\u0442\u0432\u0438\u0439."},{"@type":"BreadcrumbList","@id":"https:\/\/xstyle.md\/product\/gornolyzhnye-botinki-dalbello-veloce-max-75-ms-black\/#breadcrumb","itemListElement":[{"@type":"ListItem","position":1,"name":"\u0413\u043b\u0430\u0432\u043d\u0430\u044f \u0441\u0442\u0440\u0430\u043d\u0438\u0446\u0430","item":"https:\/\/xstyle.md\/"},{"@type":"ListItem","position":2,"name":"\u041c\u0430\u0433\u0430\u0437\u0438\u043d","item":"https:\/\/xstyle.md\/shop\/"},{"@type":"ListItem","position":3,"name":"\u0413\u043e\u0440\u043d\u043e\u043b\u044b\u0436\u043d\u044b\u0435 \u0431\u043e\u0442\u0438\u043d\u043a\u0438 Dalbello Veloce Max 75 MS black"}]},{"@type":"WebSite","@id":"https:\/\/xstyle.md\/#website","url":"https:\/\/xstyle.md\/","name":"Magazinul X-Style","description":"Echipamente pentru turism \u0219i sporturi extreme \u00een Moldova. Pre\u021buri, fotografii, caracteristici \u00een Moldova.","publisher":{"@id":"https:\/\/xstyle.md\/#organization"},"alternateName":"X-Style","potentialAction":[{"@type":"SearchAction","target":{"@type":"EntryPoint","urlTemplate":"https:\/\/xstyle.md\/?s={search_term_string}"},"query-input":{"@type":"PropertyValueSpecification","valueRequired":true,"valueName":"search_term_string"}}],"inLanguage":"ro-RO"},{"@type":"Organization","@id":"https:\/\/xstyle.md\/#organization","name":"Magazinul X-Style","alternateName":"x-style","url":"https:\/\/xstyle.md\/","logo":{"@type":"ImageObject","inLanguage":"ro-RO","@id":"https:\/\/xstyle.md\/#\/schema\/logo\/image\/","url":"https:\/\/xstyle.md\/wp-content\/uploads\/2020\/06\/logoicon.svg","contentUrl":"https:\/\/xstyle.md\/wp-content\/uploads\/2020\/06\/logoicon.svg","caption":"\u041c\u0430\u0433\u0430\u0437\u0438\u043d Xstyle"},"image":{"@id":"https:\/\/xstyle.md\/#\/schema\/logo\/image\/"},"sameAs":["https:\/\/www.facebook.com\/xstylemd","https:\/\/www.instagram.com\/xstyle_md\/","https:\/\/t.me\/xstyle_outdoor"],"hasMerchantReturnPolicy":{"@type":"MerchantReturnPolicy","merchantReturnLink":"https:\/\/xstyle.md\/ro\/conditions\/"}}]},"product_price_amount":"2990.00","product_price_currency":"MDL","og_availability":"instock","product_availability":"instock","product_retailer_item_id":"8050440170094","product_condition":"new"},"_links":{"self":[{"href":"https:\/\/xstyle.md\/ro\/wp-json\/wp\/v2\/product\/89438","targetHints":{"allow":["GET"]}}],"collection":[{"href":"https:\/\/xstyle.md\/ro\/wp-json\/wp\/v2\/product"}],"about":[{"href":"https:\/\/xstyle.md\/ro\/wp-json\/wp\/v2\/types\/product"}],"replies":[{"embeddable":true,"href":"https:\/\/xstyle.md\/ro\/wp-json\/wp\/v2\/comments?post=89438"}],"wp:featuredmedia":[{"embeddable":true,"href":"https:\/\/xstyle.md\/ro\/wp-json\/wp\/v2\/media\/90193"}],"wp:attachment":[{"href":"https:\/\/xstyle.md\/ro\/wp-json\/wp\/v2\/media?parent=89438"}],"wp:term":[{"taxonomy":"product_brand","embeddable":true,"href":"https:\/\/xstyle.md\/ro\/wp-json\/wp\/v2\/product_brand?post=89438"},{"taxonomy":"product_cat","embeddable":true,"href":"https:\/\/xstyle.md\/ro\/wp-json\/wp\/v2\/product_cat?post=89438"},{"taxonomy":"product_tag","embeddable":true,"href":"https:\/\/xstyle.md\/ro\/wp-json\/wp\/v2\/product_tag?post=89438"}],"curies":[{"name":"wp","href":"https:\/\/api.w.org\/{rel}","templated":true}]}}