{"id":8713,"date":"2020-07-17T00:01:28","date_gmt":"2020-07-16T21:01:28","guid":{"rendered":"https:\/\/xstyle.md\/product\/botinki-detskie-kodiak-charlie-blue"},"modified":"2026-03-04T12:16:50","modified_gmt":"2026-03-04T09:16:50","slug":"botinki-detskie-kodiak-charlie-blue","status":"publish","type":"product","link":"https:\/\/xstyle.md\/ro\/produs\/botinki-detskie-kodiak-charlie-blue\/","title":{"rendered":"Bocanci Kodiak Charlie blue"},"content":{"rendered":"<\/p>\n<p>Bocanci <strong>Kodiak Charlie blue<\/strong> &#8212; sunt bocanci de iarn\u0103 pentru copii, incredibil de calzi \u0219i impermeabili, de la produc\u0103torul canadian Kodiak, un brand iconic de \u00eenc\u0103l\u021b\u0103minte impermeabil\u0103. Acest model este foarte practic \u0219i confortabil. Cizmele sunt concepute pentru o utilizare confortabil\u0103 la temperaturi de p\u00e2n\u0103 la -40\u00b0C.<\/p>\n<h3>Particularit\u0103\u021bi<\/h3>\n<ul>\n<li>Cizmele sunt fabricate din nailon de \u00eenalt\u0103 tehnologie, durabil, confectionat din cauciuc.<\/li>\n<li>C\u0103ptu\u0219eal\u0103 interioar\u0103 amortizat\u0103 deta\u0219abil\u0103, realizat\u0103 dintr-un amestec de l\u00e2n\u0103 \u0219i poliester<\/li>\n<li>Talpa exterioar\u0103 din cauciuc vulcanizat este flexibil\u0103 \u0219i ofer\u0103 o trac\u021biune excelent\u0103 pe suprafe\u021be alunecoase.<\/li>\n<\/ul>\n<h3>Caracteristici<\/h3>\n<ul>\n<li>Material de baz\u0103 &#8212; nailon<\/li>\n<li>Talp\u0103 exterioar\u0103 &#8212; cauciuc<\/li>\n<li>Zona de confort &#8212; 40\u00b0C<\/li>\n<li>Sezonul &#8212; toamn\u0103\/iarn\u0103.<\/li>\n<\/ul>\n<h3>Tehnologie<\/h3>\n<ul>\n<li><strong>OutDry\u2122 Waterproof <\/strong>&#8212; o barier\u0103 impermeabil\u0103 \u0219i respirabil\u0103 care este lipit\u0103 direct de \u021bes\u0103tura exterioar\u0103, f\u0103r\u0103 cus\u0103turi, goluri sau c\u0103i de acces pentru ap\u0103.<\/li>\n<\/ul>\n<p>","protected":false},"excerpt":{"rendered":"<p>Bocanci Kodiak Charlie blue<\/p>","protected":false},"featured_media":8712,"comment_status":"open","ping_status":"closed","template":"","meta":{"_acf_changed":false,"inline_featured_image":false},"product_brand":[1353],"product_cat":[853],"product_tag":[],"class_list":{"0":"post-8713","1":"product","2":"type-product","3":"status-publish","4":"has-post-thumbnail","6":"product_brand-kodiak","7":"product_cat-kids-fall-winter","9":"first","10":"instock","11":"shipping-taxable","12":"purchasable","13":"product-type-simple"},"acf":[],"yoast_head":"<!-- This site is optimized with the Yoast SEO plugin v27.4 - https:\/\/yoast.com\/product\/yoast-seo-wordpress\/ -->\n<title>\u0411\u043e\u0442\u0438\u043d\u043a\u0438 Kodiak Charlie blue - \u041c\u0430\u0433\u0430\u0437\u0438\u043d Xstyle<\/title>\n<meta name=\"description\" content=\"\u0411\u043e\u0442\u0438\u043d\u043a\u0438 Kodiak Charlie blue - \u0442\u0435\u043f\u043b\u044b\u0435 \u0438 \u0432\u043e\u0434\u043e\u043d\u0435\u043f\u0440\u043e\u043d\u0438\u0446\u0430\u0435\u043c\u044b\u0435 \u0437\u0438\u043c\u043d\u0438\u0435 \u0431\u043e\u0442\u0438\u043d\u043a\u0438 \u0434\u043b\u044f \u0434\u0435\u0442\u0435\u0439. \u0418\u0434\u0435\u0430\u043b\u044c\u043d\u044b \u0434\u043b\u044f \u043a\u043e\u043c\u0444\u043e\u0440\u0442\u043d\u043e\u0439 \u043d\u043e\u0441\u043a\u0438 \u043f\u0440\u0438 \u0442\u0435\u043c\u043f\u0435\u0440\u0430\u0442\u0443\u0440\u0430\u0445 \u0434\u043e -40\u00b0C!\" \/>\n<meta name=\"robots\" content=\"index, follow, max-snippet:-1, max-image-preview:large, max-video-preview:-1\" \/>\n<link rel=\"canonical\" href=\"https:\/\/xstyle.md\/ro\/produs\/botinki-detskie-kodiak-charlie-blue\/\" \/>\n<meta property=\"og:locale\" content=\"ro_RO\" \/>\n<meta property=\"og:type\" content=\"article\" \/>\n<meta property=\"og:title\" content=\"\u0411\u043e\u0442\u0438\u043d\u043a\u0438 Kodiak Charlie blue - \u041c\u0430\u0433\u0430\u0437\u0438\u043d Xstyle\" \/>\n<meta property=\"og:description\" content=\"\u0411\u043e\u0442\u0438\u043d\u043a\u0438 Kodiak Charlie blue - \u0442\u0435\u043f\u043b\u044b\u0435 \u0438 \u0432\u043e\u0434\u043e\u043d\u0435\u043f\u0440\u043e\u043d\u0438\u0446\u0430\u0435\u043c\u044b\u0435 \u0437\u0438\u043c\u043d\u0438\u0435 \u0431\u043e\u0442\u0438\u043d\u043a\u0438 \u0434\u043b\u044f \u0434\u0435\u0442\u0435\u0439. \u0418\u0434\u0435\u0430\u043b\u044c\u043d\u044b \u0434\u043b\u044f \u043a\u043e\u043c\u0444\u043e\u0440\u0442\u043d\u043e\u0439 \u043d\u043e\u0441\u043a\u0438 \u043f\u0440\u0438 \u0442\u0435\u043c\u043f\u0435\u0440\u0430\u0442\u0443\u0440\u0430\u0445 \u0434\u043e -40\u00b0C!\" \/>\n<meta property=\"og:url\" content=\"https:\/\/xstyle.md\/ro\/produs\/botinki-detskie-kodiak-charlie-blue\/\" \/>\n<meta property=\"og:site_name\" content=\"\u041c\u0430\u0433\u0430\u0437\u0438\u043d Xstyle\" \/>\n<meta property=\"article:publisher\" content=\"https:\/\/www.facebook.com\/xstylemd\" \/>\n<meta property=\"article:modified_time\" content=\"2026-03-04T09:16:50+00:00\" \/>\n<meta property=\"og:image\" content=\"https:\/\/xstyle.md\/wp-content\/uploads\/2020\/07\/tmp_kkoggs.jpg\" \/>\n\t<meta property=\"og:image:width\" content=\"580\" \/>\n\t<meta property=\"og:image:height\" content=\"580\" \/>\n\t<meta property=\"og:image:type\" content=\"image\/jpeg\" \/>\n<meta name=\"twitter:card\" content=\"summary_large_image\" \/>\n<meta name=\"twitter:label1\" content=\"Pre\u021b\" \/>\n\t<meta name=\"twitter:data1\" content=\"1.570&nbsp;MDL\" \/>\n\t<meta name=\"twitter:label2\" content=\"Disponibilitate\" \/>\n\t<meta name=\"twitter:data2\" content=\"\u00cen stoc\" \/>\n<script type=\"application\/ld+json\" class=\"yoast-schema-graph\">{\"@context\":\"https:\\\/\\\/schema.org\",\"@graph\":[{\"@type\":\"WebPage\",\"@id\":\"https:\\\/\\\/xstyle.md\\\/product\\\/botinki-detskie-kodiak-charlie-blue\\\/\",\"url\":\"https:\\\/\\\/xstyle.md\\\/product\\\/botinki-detskie-kodiak-charlie-blue\\\/\",\"name\":\"\u0411\u043e\u0442\u0438\u043d\u043a\u0438 Kodiak Charlie blue - \u041c\u0430\u0433\u0430\u0437\u0438\u043d Xstyle\",\"isPartOf\":{\"@id\":\"https:\\\/\\\/xstyle.md\\\/#website\"},\"primaryImageOfPage\":{\"@id\":\"https:\\\/\\\/xstyle.md\\\/product\\\/botinki-detskie-kodiak-charlie-blue\\\/#primaryimage\"},\"image\":{\"@id\":\"https:\\\/\\\/xstyle.md\\\/product\\\/botinki-detskie-kodiak-charlie-blue\\\/#primaryimage\"},\"thumbnailUrl\":\"https:\\\/\\\/xstyle.md\\\/wp-content\\\/uploads\\\/2020\\\/07\\\/tmp_kkoggs.jpg\",\"datePublished\":\"2020-07-16T21:01:28+00:00\",\"dateModified\":\"2026-03-04T09:16:50+00:00\",\"description\":\"\u0411\u043e\u0442\u0438\u043d\u043a\u0438 Kodiak Charlie blue - \u0442\u0435\u043f\u043b\u044b\u0435 \u0438 \u0432\u043e\u0434\u043e\u043d\u0435\u043f\u0440\u043e\u043d\u0438\u0446\u0430\u0435\u043c\u044b\u0435 \u0437\u0438\u043c\u043d\u0438\u0435 \u0431\u043e\u0442\u0438\u043d\u043a\u0438 \u0434\u043b\u044f \u0434\u0435\u0442\u0435\u0439. \u0418\u0434\u0435\u0430\u043b\u044c\u043d\u044b \u0434\u043b\u044f \u043a\u043e\u043c\u0444\u043e\u0440\u0442\u043d\u043e\u0439 \u043d\u043e\u0441\u043a\u0438 \u043f\u0440\u0438 \u0442\u0435\u043c\u043f\u0435\u0440\u0430\u0442\u0443\u0440\u0430\u0445 \u0434\u043e -40\u00b0C!\",\"breadcrumb\":{\"@id\":\"https:\\\/\\\/xstyle.md\\\/product\\\/botinki-detskie-kodiak-charlie-blue\\\/#breadcrumb\"},\"inLanguage\":\"ro-RO\",\"potentialAction\":[{\"@type\":\"ReadAction\",\"target\":[\"https:\\\/\\\/xstyle.md\\\/product\\\/botinki-detskie-kodiak-charlie-blue\\\/\"]}]},{\"@type\":\"ImageObject\",\"inLanguage\":\"ro-RO\",\"@id\":\"https:\\\/\\\/xstyle.md\\\/product\\\/botinki-detskie-kodiak-charlie-blue\\\/#primaryimage\",\"url\":\"https:\\\/\\\/xstyle.md\\\/wp-content\\\/uploads\\\/2020\\\/07\\\/tmp_kkoggs.jpg\",\"contentUrl\":\"https:\\\/\\\/xstyle.md\\\/wp-content\\\/uploads\\\/2020\\\/07\\\/tmp_kkoggs.jpg\",\"width\":580,\"height\":580},{\"@type\":\"BreadcrumbList\",\"@id\":\"https:\\\/\\\/xstyle.md\\\/product\\\/botinki-detskie-kodiak-charlie-blue\\\/#breadcrumb\",\"itemListElement\":[{\"@type\":\"ListItem\",\"position\":1,\"name\":\"\u0413\u043b\u0430\u0432\u043d\u0430\u044f \u0441\u0442\u0440\u0430\u043d\u0438\u0446\u0430\",\"item\":\"https:\\\/\\\/xstyle.md\\\/\"},{\"@type\":\"ListItem\",\"position\":2,\"name\":\"\u041c\u0430\u0433\u0430\u0437\u0438\u043d\",\"item\":\"https:\\\/\\\/xstyle.md\\\/shop\\\/\"},{\"@type\":\"ListItem\",\"position\":3,\"name\":\"\u0411\u043e\u0442\u0438\u043d\u043a\u0438 Kodiak Charlie blue\"}]},{\"@type\":\"WebSite\",\"@id\":\"https:\\\/\\\/xstyle.md\\\/#website\",\"url\":\"https:\\\/\\\/xstyle.md\\\/\",\"name\":\"\u041c\u0430\u0433\u0430\u0437\u0438\u043d Xstyle\",\"description\":\"C\u043d\u0430\u0440\u044f\u0436\u0435\u043d\u0438\u0435 \u0434\u043b\u044f \u0442\u0443\u0440\u0438\u0437\u043c\u0430 \u0438 \u044d\u043a\u0441\u0442\u0440\u0435\u043c\u0430\u043b\u044c\u043d\u044b\u0445 \u0432\u0438\u0434\u043e\u0432 \u0441\u043f\u043e\u0440\u0442\u0430 \u0432 \u041c\u043e\u043b\u0434\u043e\u0432\u0435.. \u0426\u0435\u043d\u044b, \u0444\u043e\u0442\u043e, \u0445\u0430\u0440\u0430\u043a\u0442\u0435\u0440\u0438\u0441\u0442\u0438\u043a\u0438 \u0432 \u041c\u043e\u043b\u0434\u043e\u0432\u0435.\",\"publisher\":{\"@id\":\"https:\\\/\\\/xstyle.md\\\/#organization\"},\"alternateName\":\"X-Style\",\"potentialAction\":[{\"@type\":\"SearchAction\",\"target\":{\"@type\":\"EntryPoint\",\"urlTemplate\":\"https:\\\/\\\/xstyle.md\\\/?s={search_term_string}\"},\"query-input\":{\"@type\":\"PropertyValueSpecification\",\"valueRequired\":true,\"valueName\":\"search_term_string\"}}],\"inLanguage\":\"ro-RO\"},{\"@type\":\"Organization\",\"@id\":\"https:\\\/\\\/xstyle.md\\\/#organization\",\"name\":\"\u041c\u0430\u0433\u0430\u0437\u0438\u043d Xstyle\",\"alternateName\":\"x-style\",\"url\":\"https:\\\/\\\/xstyle.md\\\/\",\"logo\":{\"@type\":\"ImageObject\",\"inLanguage\":\"ro-RO\",\"@id\":\"https:\\\/\\\/xstyle.md\\\/#\\\/schema\\\/logo\\\/image\\\/\",\"url\":\"https:\\\/\\\/xstyle.md\\\/wp-content\\\/uploads\\\/2020\\\/06\\\/logoicon.svg\",\"contentUrl\":\"https:\\\/\\\/xstyle.md\\\/wp-content\\\/uploads\\\/2020\\\/06\\\/logoicon.svg\",\"caption\":\"\u041c\u0430\u0433\u0430\u0437\u0438\u043d Xstyle\"},\"image\":{\"@id\":\"https:\\\/\\\/xstyle.md\\\/#\\\/schema\\\/logo\\\/image\\\/\"},\"sameAs\":[\"https:\\\/\\\/www.facebook.com\\\/xstylemd\",\"https:\\\/\\\/www.instagram.com\\\/xstyle_md\\\/\",\"https:\\\/\\\/t.me\\\/xstyle_outdoor\"],\"hasMerchantReturnPolicy\":{\"@type\":\"MerchantReturnPolicy\",\"merchantReturnLink\":\"https:\\\/\\\/xstyle.md\\\/ro\\\/conditions\\\/\"}}]}<\/script>\n<meta property=\"product:price:amount\" content=\"1570.00\" \/>\n<meta property=\"product:price:currency\" content=\"MDL\" \/>\n<meta property=\"og:availability\" content=\"instock\" \/>\n<meta property=\"product:availability\" content=\"instock\" \/>\n<meta property=\"product:retailer_item_id\" content=\"772259718653\" \/>\n<meta property=\"product:condition\" content=\"new\" \/>\n<!-- \/ Yoast SEO plugin. -->","yoast_head_json":{"title":"Bocanci Kodiak Charlie blue - Magazin Xstyle","description":"Bocanci Kodiak Charlie blue - \u00eenc\u0103l\u021b\u0103minte de iarn\u0103 cald\u0103 \u0219i impermeabil\u0103 pentru copii. Ideali pentru o purtare confortabil\u0103 la temperaturi de p\u00e2n\u0103 la -40\u00b0C!","robots":{"index":"index","follow":"follow","max-snippet":"max-snippet:-1","max-image-preview":"max-image-preview:large","max-video-preview":"max-video-preview:-1"},"canonical":"https:\/\/xstyle.md\/ro\/produs\/botinki-detskie-kodiak-charlie-blue\/","og_locale":"ro_RO","og_type":"article","og_title":"\u0411\u043e\u0442\u0438\u043d\u043a\u0438 Kodiak Charlie blue - \u041c\u0430\u0433\u0430\u0437\u0438\u043d Xstyle","og_description":"\u0411\u043e\u0442\u0438\u043d\u043a\u0438 Kodiak Charlie blue - \u0442\u0435\u043f\u043b\u044b\u0435 \u0438 \u0432\u043e\u0434\u043e\u043d\u0435\u043f\u0440\u043e\u043d\u0438\u0446\u0430\u0435\u043c\u044b\u0435 \u0437\u0438\u043c\u043d\u0438\u0435 \u0431\u043e\u0442\u0438\u043d\u043a\u0438 \u0434\u043b\u044f \u0434\u0435\u0442\u0435\u0439. \u0418\u0434\u0435\u0430\u043b\u044c\u043d\u044b \u0434\u043b\u044f \u043a\u043e\u043c\u0444\u043e\u0440\u0442\u043d\u043e\u0439 \u043d\u043e\u0441\u043a\u0438 \u043f\u0440\u0438 \u0442\u0435\u043c\u043f\u0435\u0440\u0430\u0442\u0443\u0440\u0430\u0445 \u0434\u043e -40\u00b0C!","og_url":"https:\/\/xstyle.md\/ro\/produs\/botinki-detskie-kodiak-charlie-blue\/","og_site_name":"\u041c\u0430\u0433\u0430\u0437\u0438\u043d Xstyle","article_publisher":"https:\/\/www.facebook.com\/xstylemd","article_modified_time":"2026-03-04T09:16:50+00:00","og_image":[{"width":580,"height":580,"url":"https:\/\/xstyle.md\/wp-content\/uploads\/2020\/07\/tmp_kkoggs.jpg","type":"image\/jpeg"}],"twitter_card":"summary_large_image","twitter_misc":{"Pre\u021b":"1.570&nbsp;MDL","Disponibilitate":"\u00cen stoc"},"schema":{"@context":"https:\/\/schema.org","@graph":[{"@type":"WebPage","@id":"https:\/\/xstyle.md\/product\/botinki-detskie-kodiak-charlie-blue\/","url":"https:\/\/xstyle.md\/product\/botinki-detskie-kodiak-charlie-blue\/","name":"Bocanci Kodiak Charlie blue - Magazin Xstyle","isPartOf":{"@id":"https:\/\/xstyle.md\/#website"},"primaryImageOfPage":{"@id":"https:\/\/xstyle.md\/product\/botinki-detskie-kodiak-charlie-blue\/#primaryimage"},"image":{"@id":"https:\/\/xstyle.md\/product\/botinki-detskie-kodiak-charlie-blue\/#primaryimage"},"thumbnailUrl":"https:\/\/xstyle.md\/wp-content\/uploads\/2020\/07\/tmp_kkoggs.jpg","datePublished":"2020-07-16T21:01:28+00:00","dateModified":"2026-03-04T09:16:50+00:00","description":"Bocanci Kodiak Charlie blue - \u00eenc\u0103l\u021b\u0103minte de iarn\u0103 cald\u0103 \u0219i impermeabil\u0103 pentru copii. Ideali pentru o purtare confortabil\u0103 la temperaturi de p\u00e2n\u0103 la -40\u00b0C!","breadcrumb":{"@id":"https:\/\/xstyle.md\/product\/botinki-detskie-kodiak-charlie-blue\/#breadcrumb"},"inLanguage":"ro-RO","potentialAction":[{"@type":"ReadAction","target":["https:\/\/xstyle.md\/product\/botinki-detskie-kodiak-charlie-blue\/"]}]},{"@type":"ImageObject","inLanguage":"ro-RO","@id":"https:\/\/xstyle.md\/product\/botinki-detskie-kodiak-charlie-blue\/#primaryimage","url":"https:\/\/xstyle.md\/wp-content\/uploads\/2020\/07\/tmp_kkoggs.jpg","contentUrl":"https:\/\/xstyle.md\/wp-content\/uploads\/2020\/07\/tmp_kkoggs.jpg","width":580,"height":580},{"@type":"BreadcrumbList","@id":"https:\/\/xstyle.md\/product\/botinki-detskie-kodiak-charlie-blue\/#breadcrumb","itemListElement":[{"@type":"ListItem","position":1,"name":"\u0413\u043b\u0430\u0432\u043d\u0430\u044f \u0441\u0442\u0440\u0430\u043d\u0438\u0446\u0430","item":"https:\/\/xstyle.md\/"},{"@type":"ListItem","position":2,"name":"\u041c\u0430\u0433\u0430\u0437\u0438\u043d","item":"https:\/\/xstyle.md\/shop\/"},{"@type":"ListItem","position":3,"name":"\u0411\u043e\u0442\u0438\u043d\u043a\u0438 Kodiak Charlie blue"}]},{"@type":"WebSite","@id":"https:\/\/xstyle.md\/#website","url":"https:\/\/xstyle.md\/","name":"Magazinul X-Style","description":"Echipamente pentru turism \u0219i sporturi extreme \u00een Moldova. Pre\u021buri, fotografii, caracteristici \u00een Moldova.","publisher":{"@id":"https:\/\/xstyle.md\/#organization"},"alternateName":"X-Style","potentialAction":[{"@type":"SearchAction","target":{"@type":"EntryPoint","urlTemplate":"https:\/\/xstyle.md\/?s={search_term_string}"},"query-input":{"@type":"PropertyValueSpecification","valueRequired":true,"valueName":"search_term_string"}}],"inLanguage":"ro-RO"},{"@type":"Organization","@id":"https:\/\/xstyle.md\/#organization","name":"Magazinul X-Style","alternateName":"x-style","url":"https:\/\/xstyle.md\/","logo":{"@type":"ImageObject","inLanguage":"ro-RO","@id":"https:\/\/xstyle.md\/#\/schema\/logo\/image\/","url":"https:\/\/xstyle.md\/wp-content\/uploads\/2020\/06\/logoicon.svg","contentUrl":"https:\/\/xstyle.md\/wp-content\/uploads\/2020\/06\/logoicon.svg","caption":"\u041c\u0430\u0433\u0430\u0437\u0438\u043d Xstyle"},"image":{"@id":"https:\/\/xstyle.md\/#\/schema\/logo\/image\/"},"sameAs":["https:\/\/www.facebook.com\/xstylemd","https:\/\/www.instagram.com\/xstyle_md\/","https:\/\/t.me\/xstyle_outdoor"],"hasMerchantReturnPolicy":{"@type":"MerchantReturnPolicy","merchantReturnLink":"https:\/\/xstyle.md\/ro\/conditions\/"}}]},"product_price_amount":"1570.00","product_price_currency":"MDL","og_availability":"instock","product_availability":"instock","product_retailer_item_id":"772259718653","product_condition":"new"},"_links":{"self":[{"href":"https:\/\/xstyle.md\/ro\/wp-json\/wp\/v2\/product\/8713","targetHints":{"allow":["GET"]}}],"collection":[{"href":"https:\/\/xstyle.md\/ro\/wp-json\/wp\/v2\/product"}],"about":[{"href":"https:\/\/xstyle.md\/ro\/wp-json\/wp\/v2\/types\/product"}],"replies":[{"embeddable":true,"href":"https:\/\/xstyle.md\/ro\/wp-json\/wp\/v2\/comments?post=8713"}],"wp:featuredmedia":[{"embeddable":true,"href":"https:\/\/xstyle.md\/ro\/wp-json\/wp\/v2\/media\/8712"}],"wp:attachment":[{"href":"https:\/\/xstyle.md\/ro\/wp-json\/wp\/v2\/media?parent=8713"}],"wp:term":[{"taxonomy":"product_brand","embeddable":true,"href":"https:\/\/xstyle.md\/ro\/wp-json\/wp\/v2\/product_brand?post=8713"},{"taxonomy":"product_cat","embeddable":true,"href":"https:\/\/xstyle.md\/ro\/wp-json\/wp\/v2\/product_cat?post=8713"},{"taxonomy":"product_tag","embeddable":true,"href":"https:\/\/xstyle.md\/ro\/wp-json\/wp\/v2\/product_tag?post=8713"}],"curies":[{"name":"wp","href":"https:\/\/api.w.org\/{rel}","templated":true}]}}