{"id":87113,"date":"2024-08-23T18:30:29","date_gmt":"2024-08-23T15:30:29","guid":{"rendered":"https:\/\/xstyle.md\/?post_type=product&#038;p=87113"},"modified":"2025-08-26T20:00:44","modified_gmt":"2025-08-26T17:00:44","slug":"pila-silky-bigboy-2000-outback-edition","status":"publish","type":"product","link":"https:\/\/dev.xstyle.md\/ro\/produs\/pila-silky-bigboy-2000-outback-edition\/","title":{"rendered":"Fer\u0103str\u0103u Silky Bigboy 2000 Outback Edition"},"content":{"rendered":"<\/p>\n<p><strong>Silky Bigboy 2000 Outback Edition<\/strong> &#8212; fer\u0103str\u0103u pliabil, fer\u0103str\u0103u de camping pentru activit\u0103\u021bi \u00een aer liber. Fer\u0103str\u0103ul este finisat \u00een negru, cu un strat negru unic care protejeaz\u0103 lama \u0219i din\u021bii de oxidare \u0219i uzur\u0103. Acest strat reduce, de asemenea, str\u0103lucirea, f\u0103c\u00e2nd fer\u0103str\u0103ul mai confortabil de utilizat. Lama are un profil conic \u0219i din\u021bi ne\u0219uruba\u021bi pentru a minimiza frecarea \u0219i a face t\u0103ierea mai u\u0219oar\u0103. Lama se blocheaz\u0103 \u00een dou\u0103 pozi\u021bii pentru o utilizare u\u0219oar\u0103.<\/p>\n<p>Silky Bigboy 2000 este cel mai mare model din gama Outback, cu o lungime a lamei de 360 mm, capabil s\u0103 abordeze chiar \u0219i copacii mici. Acest fer\u0103str\u0103u va fi un companion minunat \u00een orice excursie de camping, ajut\u00e2ndu-v\u0103 s\u0103 face\u021bi focul \u0219i s\u0103 instala\u021bi tab\u0103ra. M\u00e2nerul asigur\u0103 o prindere ferm\u0103 \u00een orice condi\u021bii, fie c\u0103 este rece sau umed. Fer\u0103str\u0103ul este livrat cu o hus\u0103 din nylon cu fermoar.<\/p>\n<h3>Particularit\u0103\u021bi<\/h3>\n<ul>\n<li>Lam\u0103 albastr\u0103<\/li>\n<li>Lam\u0103 de fer\u0103str\u0103u curbat\u0103<\/li>\n<li>Sec\u021biune de lam\u0103 conic\u0103 \u00een form\u0103 de pan\u0103<\/li>\n<li>Dou\u0103 pozi\u021bii de t\u0103iere<\/li>\n<li>Din\u021bii sunt de asemenea albi\u021bi<\/li>\n<li>Din\u021bi f\u0103r\u0103 crest\u0103tur\u0103<\/li>\n<li>Ascu\u021bire \u00een interior (dinte japonez)<\/li>\n<li>Fer\u0103str\u0103u spre sine<\/li>\n<li>Pentru t\u0103ierea lemnului brut<\/li>\n<\/ul>\n<h3>Caracteristici<\/h3>\n<ul>\n<li>Lungimea de lucru a lamei &#8212; 360 mm<\/li>\n<li>Pasul 6,5 din\u021bi la 30 mm<\/li>\n<li>Lungimea pliat\u0103 &#8212; 410 mm<\/li>\n<li>Greutate &#8212; 680 g<\/li>\n<\/ul>\n<h3>Marca<\/h3>\n<p>Nu mai exist\u0103 multe m\u0103rci \u00een lume care \u0219i-au men\u021binut angajamentul fa\u021b\u0103 de tradi\u021bie \u0219i calitate, iar Silky\u00ae este una dintre ele. Din 1919 \u0219i p\u00e2n\u0103 \u00een prezent, toate produsele Silky\u00ae au fost fabricate \u00een Ono, Japonia, patria celor mai bune unelte din o\u021bel cunoscute \u00een \u00eentreaga lume. Fer\u0103straiele Silky\u00ae sunt proiectate \u0219i fabricate la cele mai \u00eenalte standarde de calitate, care sunt dictate de tehnologia modern\u0103 \u0219i de cele mai exigente cerin\u021be privind uneltele. Toate fer\u0103straiele au lamele ascu\u021bite cu laser \u0219i \u00eent\u0103rite prin impulsuri pentru performan\u021be excep\u021bionale \u0219i o durat\u0103 de via\u021b\u0103 incredibil de lung\u0103. Silky\u00ae continu\u0103 s\u0103 ridice \u0219tacheta calit\u0103\u021bii, rezisten\u021bei \u0219i performan\u021bei de t\u0103iere pe care nimeni nu le poate egala. Lider \u00een industrie cu designul \u0219i inova\u021bia sa, Silky\u00ae a devenit cuv\u00e2ntul universal pentru cei care doresc s\u0103 cumpere cel mai bun fer\u0103str\u0103u disponibil.<\/p>\n<p><\/p>","protected":false},"excerpt":{"rendered":"","protected":false},"featured_media":87129,"comment_status":"open","ping_status":"closed","template":"","meta":{"_acf_changed":false,"inline_featured_image":false},"product_brand":[1427],"product_cat":[357],"product_tag":[],"class_list":{"0":"post-87113","1":"product","2":"type-product","3":"status-publish","4":"has-post-thumbnail","6":"product_brand-silky","7":"product_cat-instrumenti","9":"first","10":"instock","11":"shipping-taxable","12":"purchasable","13":"product-type-simple"},"acf":[],"yoast_head":"<!-- This site is optimized with the Yoast SEO plugin v27.4 - https:\/\/yoast.com\/product\/yoast-seo-wordpress\/ -->\n<title>\u041f\u0438\u043b\u0430 Silky Bigboy 2000 Outback Edition - \u041c\u0430\u0433\u0430\u0437\u0438\u043d Xstyle<\/title>\n<meta name=\"description\" content=\"\u041f\u0438\u043b\u0430 Silky Bigboy 2000 Outback Edition \u2013 \u0438\u0434\u0435\u0430\u043b\u044c\u043d\u044b\u0439 \u0441\u043a\u043b\u0430\u0434\u043d\u043e\u0439 \u0438\u043d\u0441\u0442\u0440\u0443\u043c\u0435\u043d\u0442 \u0434\u043b\u044f \u043a\u0435\u043c\u043f\u0438\u043d\u0433\u0430. \u0423\u0441\u0442\u043e\u0439\u0447\u0438\u0432\u043e\u0435 \u043f\u043e\u043a\u0440\u044b\u0442\u0438\u0435 \u0437\u0430\u0449\u0438\u0449\u0430\u0435\u0442 \u043e\u0442 \u043a\u043e\u0440\u0440\u043e\u0437\u0438\u0438 \u0438 \u0434\u0435\u043b\u0430\u0435\u0442 \u0440\u0430\u0431\u043e\u0442\u0443 \u043a\u043e\u043c\u0444\u043e\u0440\u0442\u043d\u043e\u0439.\" \/>\n<meta name=\"robots\" content=\"noindex, follow, max-snippet:-1, max-image-preview:large, max-video-preview:-1\" \/>\n<meta property=\"og:locale\" content=\"ro_RO\" \/>\n<meta property=\"og:type\" content=\"article\" \/>\n<meta property=\"og:title\" content=\"\u041f\u0438\u043b\u0430 Silky Bigboy 2000 Outback Edition - \u041c\u0430\u0433\u0430\u0437\u0438\u043d Xstyle\" \/>\n<meta property=\"og:description\" content=\"\u041f\u0438\u043b\u0430 Silky Bigboy 2000 Outback Edition \u2013 \u0438\u0434\u0435\u0430\u043b\u044c\u043d\u044b\u0439 \u0441\u043a\u043b\u0430\u0434\u043d\u043e\u0439 \u0438\u043d\u0441\u0442\u0440\u0443\u043c\u0435\u043d\u0442 \u0434\u043b\u044f \u043a\u0435\u043c\u043f\u0438\u043d\u0433\u0430. \u0423\u0441\u0442\u043e\u0439\u0447\u0438\u0432\u043e\u0435 \u043f\u043e\u043a\u0440\u044b\u0442\u0438\u0435 \u0437\u0430\u0449\u0438\u0449\u0430\u0435\u0442 \u043e\u0442 \u043a\u043e\u0440\u0440\u043e\u0437\u0438\u0438 \u0438 \u0434\u0435\u043b\u0430\u0435\u0442 \u0440\u0430\u0431\u043e\u0442\u0443 \u043a\u043e\u043c\u0444\u043e\u0440\u0442\u043d\u043e\u0439.\" \/>\n<meta property=\"og:url\" content=\"https:\/\/dev.xstyle.md\/ro\/produs\/pila-silky-bigboy-2000-outback-edition\/\" \/>\n<meta property=\"og:site_name\" content=\"\u041c\u0430\u0433\u0430\u0437\u0438\u043d Xstyle\" \/>\n<meta property=\"article:publisher\" content=\"https:\/\/www.facebook.com\/xstylemd\" \/>\n<meta property=\"article:modified_time\" content=\"2025-08-26T17:00:44+00:00\" \/>\n<meta property=\"og:image\" content=\"https:\/\/dev.xstyle.md\/wp-content\/uploads\/2024\/08\/silky-bigboy-2000-outback-edition.jpg\" \/>\n\t<meta property=\"og:image:width\" content=\"740\" \/>\n\t<meta property=\"og:image:height\" content=\"688\" \/>\n\t<meta property=\"og:image:type\" content=\"image\/jpeg\" \/>\n<meta name=\"twitter:card\" content=\"summary_large_image\" \/>\n<meta name=\"twitter:label1\" content=\"Pre\u021b\" \/>\n\t<meta name=\"twitter:data1\" content=\"2.890,00&nbsp;MDL\" \/>\n\t<meta name=\"twitter:label2\" content=\"Disponibilitate\" \/>\n\t<meta name=\"twitter:data2\" content=\"\u00cen stoc\" \/>\n<script type=\"application\/ld+json\" class=\"yoast-schema-graph\">{\"@context\":\"https:\\\/\\\/schema.org\",\"@graph\":[{\"@type\":\"WebPage\",\"@id\":\"https:\\\/\\\/dev.xstyle.md\\\/product\\\/pila-silky-bigboy-2000-outback-edition\\\/\",\"url\":\"https:\\\/\\\/dev.xstyle.md\\\/product\\\/pila-silky-bigboy-2000-outback-edition\\\/\",\"name\":\"\u041f\u0438\u043b\u0430 Silky Bigboy 2000 Outback Edition - \u041c\u0430\u0433\u0430\u0437\u0438\u043d Xstyle\",\"isPartOf\":{\"@id\":\"https:\\\/\\\/dev.xstyle.md\\\/#website\"},\"primaryImageOfPage\":{\"@id\":\"https:\\\/\\\/dev.xstyle.md\\\/product\\\/pila-silky-bigboy-2000-outback-edition\\\/#primaryimage\"},\"image\":{\"@id\":\"https:\\\/\\\/dev.xstyle.md\\\/product\\\/pila-silky-bigboy-2000-outback-edition\\\/#primaryimage\"},\"thumbnailUrl\":\"https:\\\/\\\/dev.xstyle.md\\\/wp-content\\\/uploads\\\/2024\\\/08\\\/silky-bigboy-2000-outback-edition.jpg\",\"datePublished\":\"2024-08-23T15:30:29+00:00\",\"dateModified\":\"2025-08-26T17:00:44+00:00\",\"description\":\"\u041f\u0438\u043b\u0430 Silky Bigboy 2000 Outback Edition \u2013 \u0438\u0434\u0435\u0430\u043b\u044c\u043d\u044b\u0439 \u0441\u043a\u043b\u0430\u0434\u043d\u043e\u0439 \u0438\u043d\u0441\u0442\u0440\u0443\u043c\u0435\u043d\u0442 \u0434\u043b\u044f \u043a\u0435\u043c\u043f\u0438\u043d\u0433\u0430. \u0423\u0441\u0442\u043e\u0439\u0447\u0438\u0432\u043e\u0435 \u043f\u043e\u043a\u0440\u044b\u0442\u0438\u0435 \u0437\u0430\u0449\u0438\u0449\u0430\u0435\u0442 \u043e\u0442 \u043a\u043e\u0440\u0440\u043e\u0437\u0438\u0438 \u0438 \u0434\u0435\u043b\u0430\u0435\u0442 \u0440\u0430\u0431\u043e\u0442\u0443 \u043a\u043e\u043c\u0444\u043e\u0440\u0442\u043d\u043e\u0439.\",\"breadcrumb\":{\"@id\":\"https:\\\/\\\/dev.xstyle.md\\\/product\\\/pila-silky-bigboy-2000-outback-edition\\\/#breadcrumb\"},\"inLanguage\":\"ro-RO\",\"potentialAction\":[{\"@type\":\"ReadAction\",\"target\":[\"https:\\\/\\\/dev.xstyle.md\\\/product\\\/pila-silky-bigboy-2000-outback-edition\\\/\"]}]},{\"@type\":\"ImageObject\",\"inLanguage\":\"ro-RO\",\"@id\":\"https:\\\/\\\/dev.xstyle.md\\\/product\\\/pila-silky-bigboy-2000-outback-edition\\\/#primaryimage\",\"url\":\"https:\\\/\\\/dev.xstyle.md\\\/wp-content\\\/uploads\\\/2024\\\/08\\\/silky-bigboy-2000-outback-edition.jpg\",\"contentUrl\":\"https:\\\/\\\/dev.xstyle.md\\\/wp-content\\\/uploads\\\/2024\\\/08\\\/silky-bigboy-2000-outback-edition.jpg\",\"width\":740,\"height\":688,\"caption\":\"\u0422\u0443\u0440\u0438\u0441\u0442\u0438\u0447\u0435\u0441\u043a\u0438\u0435 \u043d\u043e\u0436\u043d\u0438\u0446\u044b Silky Bigboy 2000 Outback Edition \u0434\u043b\u044f \u0430\u043a\u0442\u0438\u0432\u043d\u043e\u0433\u043e \u043e\u0442\u0434\u044b\u0445\u0430, \u043f\u0443\u0442\u0435\u0448\u0435\u0441\u0442\u0432\u0438\u0439, \u0430\u043b\u044c\u043f\u0438\u043d\u0438\u0437\u043c\u0430, \u0435\u0434\u044b, \u043f\u043e\u0445\u043e\u0434\u043e\u0432, \u043e\u0434\u0435\u0436\u0434\u044b \u0438 \u043e\u0431\u0443\u0432\u0438 \u0434\u043b\u044f \u0430\u043a\u0442\u0438\u0432\u043d\u043e\u0439 \u0436\u0438\u0437\u043d\u0438\"},{\"@type\":\"BreadcrumbList\",\"@id\":\"https:\\\/\\\/dev.xstyle.md\\\/product\\\/pila-silky-bigboy-2000-outback-edition\\\/#breadcrumb\",\"itemListElement\":[{\"@type\":\"ListItem\",\"position\":1,\"name\":\"\u0413\u043b\u0430\u0432\u043d\u0430\u044f \u0441\u0442\u0440\u0430\u043d\u0438\u0446\u0430\",\"item\":\"https:\\\/\\\/dev.xstyle.md\\\/\"},{\"@type\":\"ListItem\",\"position\":2,\"name\":\"Shop\",\"item\":\"https:\\\/\\\/dev.xstyle.md\\\/shop\\\/\"},{\"@type\":\"ListItem\",\"position\":3,\"name\":\"\u041f\u0438\u043b\u0430 Silky Bigboy 2000 Outback Edition\"}]},{\"@type\":\"WebSite\",\"@id\":\"https:\\\/\\\/dev.xstyle.md\\\/#website\",\"url\":\"https:\\\/\\\/dev.xstyle.md\\\/\",\"name\":\"\u041c\u0430\u0433\u0430\u0437\u0438\u043d Xstyle\",\"description\":\"C\u043d\u0430\u0440\u044f\u0436\u0435\u043d\u0438\u0435 \u0434\u043b\u044f \u0442\u0443\u0440\u0438\u0437\u043c\u0430 \u0438 \u044d\u043a\u0441\u0442\u0440\u0435\u043c\u0430\u043b\u044c\u043d\u044b\u0445 \u0432\u0438\u0434\u043e\u0432 \u0441\u043f\u043e\u0440\u0442\u0430 \u0432 \u041c\u043e\u043b\u0434\u043e\u0432\u0435.. \u0426\u0435\u043d\u044b, \u0444\u043e\u0442\u043e, \u0445\u0430\u0440\u0430\u043a\u0442\u0435\u0440\u0438\u0441\u0442\u0438\u043a\u0438 \u0432 \u041c\u043e\u043b\u0434\u043e\u0432\u0435.\",\"publisher\":{\"@id\":\"https:\\\/\\\/dev.xstyle.md\\\/#organization\"},\"alternateName\":\"X-Style\",\"potentialAction\":[{\"@type\":\"SearchAction\",\"target\":{\"@type\":\"EntryPoint\",\"urlTemplate\":\"https:\\\/\\\/dev.xstyle.md\\\/?s={search_term_string}\"},\"query-input\":{\"@type\":\"PropertyValueSpecification\",\"valueRequired\":true,\"valueName\":\"search_term_string\"}}],\"inLanguage\":\"ro-RO\"},{\"@type\":\"Organization\",\"@id\":\"https:\\\/\\\/dev.xstyle.md\\\/#organization\",\"name\":\"\u041c\u0430\u0433\u0430\u0437\u0438\u043d Xstyle\",\"alternateName\":\"x-style\",\"url\":\"https:\\\/\\\/dev.xstyle.md\\\/\",\"logo\":{\"@type\":\"ImageObject\",\"inLanguage\":\"ro-RO\",\"@id\":\"https:\\\/\\\/dev.xstyle.md\\\/#\\\/schema\\\/logo\\\/image\\\/\",\"url\":\"https:\\\/\\\/dev.xstyle.md\\\/wp-content\\\/uploads\\\/2020\\\/06\\\/logoicon.svg\",\"contentUrl\":\"https:\\\/\\\/dev.xstyle.md\\\/wp-content\\\/uploads\\\/2020\\\/06\\\/logoicon.svg\",\"caption\":\"\u041c\u0430\u0433\u0430\u0437\u0438\u043d Xstyle\"},\"image\":{\"@id\":\"https:\\\/\\\/dev.xstyle.md\\\/#\\\/schema\\\/logo\\\/image\\\/\"},\"sameAs\":[\"https:\\\/\\\/www.facebook.com\\\/xstylemd\",\"https:\\\/\\\/www.instagram.com\\\/xstyle_md\\\/\",\"https:\\\/\\\/t.me\\\/xstyle_outdoor\"],\"hasMerchantReturnPolicy\":{\"@type\":\"MerchantReturnPolicy\",\"merchantReturnLink\":\"https:\\\/\\\/dev.xstyle.md\\\/ro\\\/conditions\\\/\"}}]}<\/script>\n<meta property=\"product:price:amount\" content=\"2890.00\" \/>\n<meta property=\"product:price:currency\" content=\"MDL\" \/>\n<meta property=\"og:availability\" content=\"instock\" \/>\n<meta property=\"product:availability\" content=\"instock\" \/>\n<meta property=\"product:retailer_item_id\" content=\"4903585754367\" \/>\n<meta property=\"product:condition\" content=\"new\" \/>\n<!-- \/ Yoast SEO plugin. -->","yoast_head_json":{"title":"Fer\u0103str\u0103u Silky Bigboy 2000 Outback Edition - Magazin Xstyle","description":"Pila Silky Bigboy 2000 Outback Edition \u2013 instrumentul perfect pliant pentru camping. Acoperirea rezistent\u0103 protejeaz\u0103 \u00eempotriva coroziunii \u0219i face munca confortabil\u0103.","robots":{"index":"noindex","follow":"follow","max-snippet":"max-snippet:-1","max-image-preview":"max-image-preview:large","max-video-preview":"max-video-preview:-1"},"og_locale":"ro_RO","og_type":"article","og_title":"\u041f\u0438\u043b\u0430 Silky Bigboy 2000 Outback Edition - \u041c\u0430\u0433\u0430\u0437\u0438\u043d Xstyle","og_description":"\u041f\u0438\u043b\u0430 Silky Bigboy 2000 Outback Edition \u2013 \u0438\u0434\u0435\u0430\u043b\u044c\u043d\u044b\u0439 \u0441\u043a\u043b\u0430\u0434\u043d\u043e\u0439 \u0438\u043d\u0441\u0442\u0440\u0443\u043c\u0435\u043d\u0442 \u0434\u043b\u044f \u043a\u0435\u043c\u043f\u0438\u043d\u0433\u0430. \u0423\u0441\u0442\u043e\u0439\u0447\u0438\u0432\u043e\u0435 \u043f\u043e\u043a\u0440\u044b\u0442\u0438\u0435 \u0437\u0430\u0449\u0438\u0449\u0430\u0435\u0442 \u043e\u0442 \u043a\u043e\u0440\u0440\u043e\u0437\u0438\u0438 \u0438 \u0434\u0435\u043b\u0430\u0435\u0442 \u0440\u0430\u0431\u043e\u0442\u0443 \u043a\u043e\u043c\u0444\u043e\u0440\u0442\u043d\u043e\u0439.","og_url":"https:\/\/dev.xstyle.md\/ro\/produs\/pila-silky-bigboy-2000-outback-edition\/","og_site_name":"\u041c\u0430\u0433\u0430\u0437\u0438\u043d Xstyle","article_publisher":"https:\/\/www.facebook.com\/xstylemd","article_modified_time":"2025-08-26T17:00:44+00:00","og_image":[{"width":740,"height":688,"url":"https:\/\/dev.xstyle.md\/wp-content\/uploads\/2024\/08\/silky-bigboy-2000-outback-edition.jpg","type":"image\/jpeg"}],"twitter_card":"summary_large_image","twitter_misc":{"Pre\u021b":"2.890,00&nbsp;MDL","Disponibilitate":"\u00cen stoc"},"schema":{"@context":"https:\/\/schema.org","@graph":[{"@type":"WebPage","@id":"https:\/\/dev.xstyle.md\/product\/pila-silky-bigboy-2000-outback-edition\/","url":"https:\/\/dev.xstyle.md\/product\/pila-silky-bigboy-2000-outback-edition\/","name":"Fer\u0103str\u0103u Silky Bigboy 2000 Outback Edition - Magazin Xstyle","isPartOf":{"@id":"https:\/\/dev.xstyle.md\/#website"},"primaryImageOfPage":{"@id":"https:\/\/dev.xstyle.md\/product\/pila-silky-bigboy-2000-outback-edition\/#primaryimage"},"image":{"@id":"https:\/\/dev.xstyle.md\/product\/pila-silky-bigboy-2000-outback-edition\/#primaryimage"},"thumbnailUrl":"https:\/\/dev.xstyle.md\/wp-content\/uploads\/2024\/08\/silky-bigboy-2000-outback-edition.jpg","datePublished":"2024-08-23T15:30:29+00:00","dateModified":"2025-08-26T17:00:44+00:00","description":"Pila Silky Bigboy 2000 Outback Edition \u2013 instrumentul perfect pliant pentru camping. Acoperirea rezistent\u0103 protejeaz\u0103 \u00eempotriva coroziunii \u0219i face munca confortabil\u0103.","breadcrumb":{"@id":"https:\/\/dev.xstyle.md\/product\/pila-silky-bigboy-2000-outback-edition\/#breadcrumb"},"inLanguage":"ro-RO","potentialAction":[{"@type":"ReadAction","target":["https:\/\/dev.xstyle.md\/product\/pila-silky-bigboy-2000-outback-edition\/"]}]},{"@type":"ImageObject","inLanguage":"ro-RO","@id":"https:\/\/dev.xstyle.md\/product\/pila-silky-bigboy-2000-outback-edition\/#primaryimage","url":"https:\/\/dev.xstyle.md\/wp-content\/uploads\/2024\/08\/silky-bigboy-2000-outback-edition.jpg","contentUrl":"https:\/\/dev.xstyle.md\/wp-content\/uploads\/2024\/08\/silky-bigboy-2000-outback-edition.jpg","width":740,"height":688,"caption":"\u0422\u0443\u0440\u0438\u0441\u0442\u0438\u0447\u0435\u0441\u043a\u0438\u0435 \u043d\u043e\u0436\u043d\u0438\u0446\u044b Silky Bigboy 2000 Outback Edition \u0434\u043b\u044f \u0430\u043a\u0442\u0438\u0432\u043d\u043e\u0433\u043e \u043e\u0442\u0434\u044b\u0445\u0430, \u043f\u0443\u0442\u0435\u0448\u0435\u0441\u0442\u0432\u0438\u0439, \u0430\u043b\u044c\u043f\u0438\u043d\u0438\u0437\u043c\u0430, \u0435\u0434\u044b, \u043f\u043e\u0445\u043e\u0434\u043e\u0432, \u043e\u0434\u0435\u0436\u0434\u044b \u0438 \u043e\u0431\u0443\u0432\u0438 \u0434\u043b\u044f \u0430\u043a\u0442\u0438\u0432\u043d\u043e\u0439 \u0436\u0438\u0437\u043d\u0438"},{"@type":"BreadcrumbList","@id":"https:\/\/dev.xstyle.md\/product\/pila-silky-bigboy-2000-outback-edition\/#breadcrumb","itemListElement":[{"@type":"ListItem","position":1,"name":"\u0413\u043b\u0430\u0432\u043d\u0430\u044f \u0441\u0442\u0440\u0430\u043d\u0438\u0446\u0430","item":"https:\/\/dev.xstyle.md\/"},{"@type":"ListItem","position":2,"name":"Shop","item":"https:\/\/dev.xstyle.md\/shop\/"},{"@type":"ListItem","position":3,"name":"\u041f\u0438\u043b\u0430 Silky Bigboy 2000 Outback Edition"}]},{"@type":"WebSite","@id":"https:\/\/dev.xstyle.md\/#website","url":"https:\/\/dev.xstyle.md\/","name":"Magazinul X-Style","description":"Echipamente pentru turism \u0219i sporturi extreme \u00een Moldova. Pre\u021buri, fotografii, caracteristici \u00een Moldova.","publisher":{"@id":"https:\/\/dev.xstyle.md\/#organization"},"alternateName":"X-Style","potentialAction":[{"@type":"SearchAction","target":{"@type":"EntryPoint","urlTemplate":"https:\/\/dev.xstyle.md\/?s={search_term_string}"},"query-input":{"@type":"PropertyValueSpecification","valueRequired":true,"valueName":"search_term_string"}}],"inLanguage":"ro-RO"},{"@type":"Organization","@id":"https:\/\/dev.xstyle.md\/#organization","name":"Magazinul X-Style","alternateName":"x-style","url":"https:\/\/dev.xstyle.md\/","logo":{"@type":"ImageObject","inLanguage":"ro-RO","@id":"https:\/\/dev.xstyle.md\/#\/schema\/logo\/image\/","url":"https:\/\/dev.xstyle.md\/wp-content\/uploads\/2020\/06\/logoicon.svg","contentUrl":"https:\/\/dev.xstyle.md\/wp-content\/uploads\/2020\/06\/logoicon.svg","caption":"\u041c\u0430\u0433\u0430\u0437\u0438\u043d Xstyle"},"image":{"@id":"https:\/\/dev.xstyle.md\/#\/schema\/logo\/image\/"},"sameAs":["https:\/\/www.facebook.com\/xstylemd","https:\/\/www.instagram.com\/xstyle_md\/","https:\/\/t.me\/xstyle_outdoor"],"hasMerchantReturnPolicy":{"@type":"MerchantReturnPolicy","merchantReturnLink":"https:\/\/dev.xstyle.md\/ro\/conditions\/"}}]},"product_price_amount":"2890.00","product_price_currency":"MDL","og_availability":"instock","product_availability":"instock","product_retailer_item_id":"4903585754367","product_condition":"new"},"post_mailing_queue_ids":[],"_links":{"self":[{"href":"https:\/\/dev.xstyle.md\/ro\/wp-json\/wp\/v2\/product\/87113","targetHints":{"allow":["GET"]}}],"collection":[{"href":"https:\/\/dev.xstyle.md\/ro\/wp-json\/wp\/v2\/product"}],"about":[{"href":"https:\/\/dev.xstyle.md\/ro\/wp-json\/wp\/v2\/types\/product"}],"replies":[{"embeddable":true,"href":"https:\/\/dev.xstyle.md\/ro\/wp-json\/wp\/v2\/comments?post=87113"}],"version-history":[{"count":0,"href":"https:\/\/dev.xstyle.md\/ro\/wp-json\/wp\/v2\/product\/87113\/revisions"}],"wp:featuredmedia":[{"embeddable":true,"href":"https:\/\/dev.xstyle.md\/ro\/wp-json\/wp\/v2\/media\/87129"}],"wp:attachment":[{"href":"https:\/\/dev.xstyle.md\/ro\/wp-json\/wp\/v2\/media?parent=87113"}],"wp:term":[{"taxonomy":"product_brand","embeddable":true,"href":"https:\/\/dev.xstyle.md\/ro\/wp-json\/wp\/v2\/product_brand?post=87113"},{"taxonomy":"product_cat","embeddable":true,"href":"https:\/\/dev.xstyle.md\/ro\/wp-json\/wp\/v2\/product_cat?post=87113"},{"taxonomy":"product_tag","embeddable":true,"href":"https:\/\/dev.xstyle.md\/ro\/wp-json\/wp\/v2\/product_tag?post=87113"}],"curies":[{"name":"wp","href":"https:\/\/api.w.org\/{rel}","templated":true}]}}