{"id":85736,"date":"2024-07-18T14:38:34","date_gmt":"2024-07-18T11:38:34","guid":{"rendered":"https:\/\/xstyle.md\/?post_type=product&#038;p=85736"},"modified":"2025-10-02T19:03:36","modified_gmt":"2025-10-02T16:03:36","slug":"termoodeyalo-lifesystems-thermal-blanket","status":"publish","type":"product","link":"https:\/\/xstyle.md\/ro\/produs\/termoodeyalo-lifesystems-thermal-blanket\/","title":{"rendered":"P\u0103tur\u0103 termic\u0103 Lifesystems Thermal Blanket"},"content":{"rendered":"<\/p>\n<p><strong>Lifesystems Thermal Blanket<\/strong> &#8212; p\u0103tura termic\u0103 de salvare este utilizat\u0103 \u00een situa\u021bii de urgen\u021b\u0103, cum ar fi accidente \u0219i r\u0103niri, pentru a proteja victima de hipotermie. De asemenea, este util\u0103 \u00een drume\u021bii \u0219i alpinism atunci c\u00e2nd condi\u021biile meteorologice se deterioreaz\u0103 drastic pentru a men\u021bine c\u0103ldura. P\u0103tura termic\u0103 reflect\u0103 \u0219i re\u021bine aproximativ 90% din c\u0103ldura radiat\u0103 de corpul uman, ceea ce ajut\u0103 la prevenirea hipotermiei \u00een cazul unui accident sau al unei \u00eennopt\u0103ri nea\u0219teptate \u00een mun\u021bi. Culoarea aprins\u0103 \u0219i luciul metalizat al p\u0103turii termice contribuie la vizibilitatea acesteia pentru serviciile de salvare, \u00een timp ce reflectorul radar \u00eembun\u0103t\u0103\u021be\u0219te detectarea sa \u00een condi\u021bii dificile.<\/p>\n<h3>Particularit\u0103\u021bi<\/h3>\n<ul>\n<li>Fabricat din poliester metalizat<\/li>\n<li>Reflect\u0103 \u0219i re\u021bine aproximativ 90% din c\u0103ldura generat\u0103 de corp<\/li>\n<li>Datorit\u0103 culorii portocalii str\u0103lucitoare \u0219i a reflectorului radar, este u\u0219or de localizat de c\u0103tre serviciile de salvare<\/li>\n<li>Ofer\u0103 protec\u021bie \u00eempotriva apei \u0219i a v\u00e2ntului<\/li>\n<li>Compact\u0103 \u0219i u\u0219oar\u0103<\/li>\n<\/ul>\n<h3>Caracteristici<\/h3>\n<ul>\n<li>Material &#8212; poliester metalizat<\/li>\n<li>Dimensiuni &#8212; 210 x 150 cm<\/li>\n<li>Dimensiuni pliat &#8212; 120 x 90 x 10 mm<\/li>\n<li>Greutate &#8212; 84 g<\/li>\n<\/ul>\n<p><\/p>","protected":false},"excerpt":{"rendered":"","protected":false},"featured_media":86535,"comment_status":"open","ping_status":"closed","template":"","meta":{"_acf_changed":false,"inline_featured_image":false},"product_brand":[1417],"product_cat":[378,333],"product_tag":[],"class_list":{"0":"post-85736","1":"product","2":"type-product","3":"status-publish","4":"has-post-thumbnail","6":"product_brand-lifesystems","7":"product_cat-sleeping-bags-accessories","8":"product_cat-first-aid","10":"first","11":"instock","12":"shipping-taxable","13":"purchasable","14":"product-type-simple"},"acf":[],"yoast_head":"<!-- This site is optimized with the Yoast SEO plugin v27.4 - https:\/\/yoast.com\/product\/yoast-seo-wordpress\/ -->\n<title>\u0422\u0435\u0440\u043c\u043e\u043e\u0434\u0435\u044f\u043b\u043e Lifesystems Thermal Blanket - \u041c\u0430\u0433\u0430\u0437\u0438\u043d Xstyle<\/title>\n<meta name=\"description\" content=\"\u0422\u0435\u0440\u043c\u043e\u043e\u0434\u0435\u044f\u043b\u043e Lifesystems Thermal Blanket \u0441\u043e\u0445\u0440\u0430\u043d\u0438\u0442 \u0432\u0430\u0448\u0435 \u0442\u0435\u043f\u043b\u043e \u0432 \u044d\u043a\u0441\u0442\u0440\u0435\u043d\u043d\u044b\u0445 \u0441\u0438\u0442\u0443\u0430\u0446\u0438\u044f\u0445 \u0438 \u0432 \u043f\u043e\u0445\u043e\u0434\u0430\u0445, \u043e\u0442\u0440\u0430\u0436\u0430\u044f \u0434\u043e 90% \u0442\u0435\u043f\u043b\u0430 \u0432\u0430\u0448\u0435\u0433\u043e \u0442\u0435\u043b\u0430. \u0417\u0430\u0449\u0438\u0442\u0438\u0442\u0435 \u0441\u0435\u0431\u044f \u043e\u0442 \u0433\u0438\u043f\u043e\u0442\u0435\u0440\u043c\u0438\u0438!\" \/>\n<meta name=\"robots\" content=\"index, follow, max-snippet:-1, max-image-preview:large, max-video-preview:-1\" \/>\n<link rel=\"canonical\" href=\"https:\/\/xstyle.md\/ro\/produs\/termoodeyalo-lifesystems-thermal-blanket\/\" \/>\n<meta property=\"og:locale\" content=\"ro_RO\" \/>\n<meta property=\"og:type\" content=\"article\" \/>\n<meta property=\"og:title\" content=\"\u0422\u0435\u0440\u043c\u043e\u043e\u0434\u0435\u044f\u043b\u043e Lifesystems Thermal Blanket - \u041c\u0430\u0433\u0430\u0437\u0438\u043d Xstyle\" \/>\n<meta property=\"og:description\" content=\"\u0422\u0435\u0440\u043c\u043e\u043e\u0434\u0435\u044f\u043b\u043e Lifesystems Thermal Blanket \u0441\u043e\u0445\u0440\u0430\u043d\u0438\u0442 \u0432\u0430\u0448\u0435 \u0442\u0435\u043f\u043b\u043e \u0432 \u044d\u043a\u0441\u0442\u0440\u0435\u043d\u043d\u044b\u0445 \u0441\u0438\u0442\u0443\u0430\u0446\u0438\u044f\u0445 \u0438 \u0432 \u043f\u043e\u0445\u043e\u0434\u0430\u0445, \u043e\u0442\u0440\u0430\u0436\u0430\u044f \u0434\u043e 90% \u0442\u0435\u043f\u043b\u0430 \u0432\u0430\u0448\u0435\u0433\u043e \u0442\u0435\u043b\u0430. \u0417\u0430\u0449\u0438\u0442\u0438\u0442\u0435 \u0441\u0435\u0431\u044f \u043e\u0442 \u0433\u0438\u043f\u043e\u0442\u0435\u0440\u043c\u0438\u0438!\" \/>\n<meta property=\"og:url\" content=\"https:\/\/xstyle.md\/ro\/produs\/termoodeyalo-lifesystems-thermal-blanket\/\" \/>\n<meta property=\"og:site_name\" content=\"\u041c\u0430\u0433\u0430\u0437\u0438\u043d Xstyle\" \/>\n<meta property=\"article:publisher\" content=\"https:\/\/www.facebook.com\/xstylemd\" \/>\n<meta property=\"article:modified_time\" content=\"2025-10-02T16:03:36+00:00\" \/>\n<meta property=\"og:image\" content=\"https:\/\/xstyle.md\/wp-content\/uploads\/2024\/07\/lifesystems-thermal-blanket.jpg\" \/>\n\t<meta property=\"og:image:width\" content=\"750\" \/>\n\t<meta property=\"og:image:height\" content=\"750\" \/>\n\t<meta property=\"og:image:type\" content=\"image\/jpeg\" \/>\n<meta name=\"twitter:card\" content=\"summary_large_image\" \/>\n<meta name=\"twitter:label1\" content=\"Pre\u021b\" \/>\n\t<meta name=\"twitter:data1\" content=\"110&nbsp;MDL\" \/>\n\t<meta name=\"twitter:label2\" content=\"Disponibilitate\" \/>\n\t<meta name=\"twitter:data2\" content=\"\u00cen stoc\" \/>\n<script type=\"application\/ld+json\" class=\"yoast-schema-graph\">{\"@context\":\"https:\\\/\\\/schema.org\",\"@graph\":[{\"@type\":\"WebPage\",\"@id\":\"https:\\\/\\\/xstyle.md\\\/product\\\/termoodeyalo-lifesystems-thermal-blanket\\\/\",\"url\":\"https:\\\/\\\/xstyle.md\\\/product\\\/termoodeyalo-lifesystems-thermal-blanket\\\/\",\"name\":\"\u0422\u0435\u0440\u043c\u043e\u043e\u0434\u0435\u044f\u043b\u043e Lifesystems Thermal Blanket - \u041c\u0430\u0433\u0430\u0437\u0438\u043d Xstyle\",\"isPartOf\":{\"@id\":\"https:\\\/\\\/xstyle.md\\\/#website\"},\"primaryImageOfPage\":{\"@id\":\"https:\\\/\\\/xstyle.md\\\/product\\\/termoodeyalo-lifesystems-thermal-blanket\\\/#primaryimage\"},\"image\":{\"@id\":\"https:\\\/\\\/xstyle.md\\\/product\\\/termoodeyalo-lifesystems-thermal-blanket\\\/#primaryimage\"},\"thumbnailUrl\":\"https:\\\/\\\/xstyle.md\\\/wp-content\\\/uploads\\\/2024\\\/07\\\/lifesystems-thermal-blanket.jpg\",\"datePublished\":\"2024-07-18T11:38:34+00:00\",\"dateModified\":\"2025-10-02T16:03:36+00:00\",\"description\":\"\u0422\u0435\u0440\u043c\u043e\u043e\u0434\u0435\u044f\u043b\u043e Lifesystems Thermal Blanket \u0441\u043e\u0445\u0440\u0430\u043d\u0438\u0442 \u0432\u0430\u0448\u0435 \u0442\u0435\u043f\u043b\u043e \u0432 \u044d\u043a\u0441\u0442\u0440\u0435\u043d\u043d\u044b\u0445 \u0441\u0438\u0442\u0443\u0430\u0446\u0438\u044f\u0445 \u0438 \u0432 \u043f\u043e\u0445\u043e\u0434\u0430\u0445, \u043e\u0442\u0440\u0430\u0436\u0430\u044f \u0434\u043e 90% \u0442\u0435\u043f\u043b\u0430 \u0432\u0430\u0448\u0435\u0433\u043e \u0442\u0435\u043b\u0430. \u0417\u0430\u0449\u0438\u0442\u0438\u0442\u0435 \u0441\u0435\u0431\u044f \u043e\u0442 \u0433\u0438\u043f\u043e\u0442\u0435\u0440\u043c\u0438\u0438!\",\"breadcrumb\":{\"@id\":\"https:\\\/\\\/xstyle.md\\\/product\\\/termoodeyalo-lifesystems-thermal-blanket\\\/#breadcrumb\"},\"inLanguage\":\"ro-RO\",\"potentialAction\":[{\"@type\":\"ReadAction\",\"target\":[\"https:\\\/\\\/xstyle.md\\\/product\\\/termoodeyalo-lifesystems-thermal-blanket\\\/\"]}]},{\"@type\":\"ImageObject\",\"inLanguage\":\"ro-RO\",\"@id\":\"https:\\\/\\\/xstyle.md\\\/product\\\/termoodeyalo-lifesystems-thermal-blanket\\\/#primaryimage\",\"url\":\"https:\\\/\\\/xstyle.md\\\/wp-content\\\/uploads\\\/2024\\\/07\\\/lifesystems-thermal-blanket.jpg\",\"contentUrl\":\"https:\\\/\\\/xstyle.md\\\/wp-content\\\/uploads\\\/2024\\\/07\\\/lifesystems-thermal-blanket.jpg\",\"width\":750,\"height\":750,\"caption\":\"\u0422\u0435\u0440\u043c\u043e\u043e\u0434\u0435\u044f\u043b\u043e Lifesystems Thermal Blanket \u0434\u043b\u044f \u0430\u043a\u0442\u0438\u0432\u043d\u043e\u0433\u043e \u043e\u0442\u0434\u044b\u0445\u0430 \u043e\u0431\u0443\u0432\u044c \u0438 \u043e\u0434\u0435\u0436\u0434\u0430 \u0434\u043b\u044f \u043f\u043e\u0445\u043e\u0434\u043e\u0432 \u0430\u043b\u044c\u043f\u0438\u043d\u0438\u0437\u043c\u0430 \u043f\u0443\u0442\u0435\u0448\u0435\u0441\u0442\u0432\u0438\u0439 \u0441\u043f\u043e\u0440\u0442\u0438\u0432\u043d\u044b\u0435 \u0442\u043e\u0432\u0430\u0440\u044b \u0434\u043b\u044f \u0442\u0443\u0440\u0438\u0437\u043c\u0430\"},{\"@type\":\"BreadcrumbList\",\"@id\":\"https:\\\/\\\/xstyle.md\\\/product\\\/termoodeyalo-lifesystems-thermal-blanket\\\/#breadcrumb\",\"itemListElement\":[{\"@type\":\"ListItem\",\"position\":1,\"name\":\"\u0413\u043b\u0430\u0432\u043d\u0430\u044f \u0441\u0442\u0440\u0430\u043d\u0438\u0446\u0430\",\"item\":\"https:\\\/\\\/xstyle.md\\\/\"},{\"@type\":\"ListItem\",\"position\":2,\"name\":\"\u041c\u0430\u0433\u0430\u0437\u0438\u043d\",\"item\":\"https:\\\/\\\/xstyle.md\\\/shop\\\/\"},{\"@type\":\"ListItem\",\"position\":3,\"name\":\"\u0422\u0435\u0440\u043c\u043e\u043e\u0434\u0435\u044f\u043b\u043e Lifesystems Thermal Blanket\"}]},{\"@type\":\"WebSite\",\"@id\":\"https:\\\/\\\/xstyle.md\\\/#website\",\"url\":\"https:\\\/\\\/xstyle.md\\\/\",\"name\":\"\u041c\u0430\u0433\u0430\u0437\u0438\u043d Xstyle\",\"description\":\"C\u043d\u0430\u0440\u044f\u0436\u0435\u043d\u0438\u0435 \u0434\u043b\u044f \u0442\u0443\u0440\u0438\u0437\u043c\u0430 \u0438 \u044d\u043a\u0441\u0442\u0440\u0435\u043c\u0430\u043b\u044c\u043d\u044b\u0445 \u0432\u0438\u0434\u043e\u0432 \u0441\u043f\u043e\u0440\u0442\u0430 \u0432 \u041c\u043e\u043b\u0434\u043e\u0432\u0435.. \u0426\u0435\u043d\u044b, \u0444\u043e\u0442\u043e, \u0445\u0430\u0440\u0430\u043a\u0442\u0435\u0440\u0438\u0441\u0442\u0438\u043a\u0438 \u0432 \u041c\u043e\u043b\u0434\u043e\u0432\u0435.\",\"publisher\":{\"@id\":\"https:\\\/\\\/xstyle.md\\\/#organization\"},\"alternateName\":\"X-Style\",\"potentialAction\":[{\"@type\":\"SearchAction\",\"target\":{\"@type\":\"EntryPoint\",\"urlTemplate\":\"https:\\\/\\\/xstyle.md\\\/?s={search_term_string}\"},\"query-input\":{\"@type\":\"PropertyValueSpecification\",\"valueRequired\":true,\"valueName\":\"search_term_string\"}}],\"inLanguage\":\"ro-RO\"},{\"@type\":\"Organization\",\"@id\":\"https:\\\/\\\/xstyle.md\\\/#organization\",\"name\":\"\u041c\u0430\u0433\u0430\u0437\u0438\u043d Xstyle\",\"alternateName\":\"x-style\",\"url\":\"https:\\\/\\\/xstyle.md\\\/\",\"logo\":{\"@type\":\"ImageObject\",\"inLanguage\":\"ro-RO\",\"@id\":\"https:\\\/\\\/xstyle.md\\\/#\\\/schema\\\/logo\\\/image\\\/\",\"url\":\"https:\\\/\\\/xstyle.md\\\/wp-content\\\/uploads\\\/2020\\\/06\\\/logoicon.svg\",\"contentUrl\":\"https:\\\/\\\/xstyle.md\\\/wp-content\\\/uploads\\\/2020\\\/06\\\/logoicon.svg\",\"caption\":\"\u041c\u0430\u0433\u0430\u0437\u0438\u043d Xstyle\"},\"image\":{\"@id\":\"https:\\\/\\\/xstyle.md\\\/#\\\/schema\\\/logo\\\/image\\\/\"},\"sameAs\":[\"https:\\\/\\\/www.facebook.com\\\/xstylemd\",\"https:\\\/\\\/www.instagram.com\\\/xstyle_md\\\/\",\"https:\\\/\\\/t.me\\\/xstyle_outdoor\"],\"hasMerchantReturnPolicy\":{\"@type\":\"MerchantReturnPolicy\",\"merchantReturnLink\":\"https:\\\/\\\/xstyle.md\\\/ro\\\/conditions\\\/\"}}]}<\/script>\n<meta property=\"product:price:amount\" content=\"110.00\" \/>\n<meta property=\"product:price:currency\" content=\"MDL\" \/>\n<meta property=\"og:availability\" content=\"instock\" \/>\n<meta property=\"product:availability\" content=\"instock\" \/>\n<meta property=\"product:retailer_item_id\" content=\"5031863421201\" \/>\n<meta property=\"product:condition\" content=\"new\" \/>\n<!-- \/ Yoast SEO plugin. -->","yoast_head_json":{"title":"P\u0103tur\u0103 termic\u0103 Lifesystems Thermal Blanket - Magazin Xstyle","description":"P\u0103tura termic\u0103 Lifesystems Thermal Blanket v\u0103 va men\u021bine c\u0103ldura \u00een situa\u021bii de urgen\u021b\u0103 \u0219i \u00een drume\u021bii, reflect\u00e2nd p\u00e2n\u0103 la 90% din c\u0103ldura corpului dumneavoastr\u0103. Proteja\u021bi-v\u0103 de hipotermie!","robots":{"index":"index","follow":"follow","max-snippet":"max-snippet:-1","max-image-preview":"max-image-preview:large","max-video-preview":"max-video-preview:-1"},"canonical":"https:\/\/xstyle.md\/ro\/produs\/termoodeyalo-lifesystems-thermal-blanket\/","og_locale":"ro_RO","og_type":"article","og_title":"\u0422\u0435\u0440\u043c\u043e\u043e\u0434\u0435\u044f\u043b\u043e Lifesystems Thermal Blanket - \u041c\u0430\u0433\u0430\u0437\u0438\u043d Xstyle","og_description":"\u0422\u0435\u0440\u043c\u043e\u043e\u0434\u0435\u044f\u043b\u043e Lifesystems Thermal Blanket \u0441\u043e\u0445\u0440\u0430\u043d\u0438\u0442 \u0432\u0430\u0448\u0435 \u0442\u0435\u043f\u043b\u043e \u0432 \u044d\u043a\u0441\u0442\u0440\u0435\u043d\u043d\u044b\u0445 \u0441\u0438\u0442\u0443\u0430\u0446\u0438\u044f\u0445 \u0438 \u0432 \u043f\u043e\u0445\u043e\u0434\u0430\u0445, \u043e\u0442\u0440\u0430\u0436\u0430\u044f \u0434\u043e 90% \u0442\u0435\u043f\u043b\u0430 \u0432\u0430\u0448\u0435\u0433\u043e \u0442\u0435\u043b\u0430. \u0417\u0430\u0449\u0438\u0442\u0438\u0442\u0435 \u0441\u0435\u0431\u044f \u043e\u0442 \u0433\u0438\u043f\u043e\u0442\u0435\u0440\u043c\u0438\u0438!","og_url":"https:\/\/xstyle.md\/ro\/produs\/termoodeyalo-lifesystems-thermal-blanket\/","og_site_name":"\u041c\u0430\u0433\u0430\u0437\u0438\u043d Xstyle","article_publisher":"https:\/\/www.facebook.com\/xstylemd","article_modified_time":"2025-10-02T16:03:36+00:00","og_image":[{"width":750,"height":750,"url":"https:\/\/xstyle.md\/wp-content\/uploads\/2024\/07\/lifesystems-thermal-blanket.jpg","type":"image\/jpeg"}],"twitter_card":"summary_large_image","twitter_misc":{"Pre\u021b":"110&nbsp;MDL","Disponibilitate":"\u00cen stoc"},"schema":{"@context":"https:\/\/schema.org","@graph":[{"@type":"WebPage","@id":"https:\/\/xstyle.md\/product\/termoodeyalo-lifesystems-thermal-blanket\/","url":"https:\/\/xstyle.md\/product\/termoodeyalo-lifesystems-thermal-blanket\/","name":"P\u0103tur\u0103 termic\u0103 Lifesystems Thermal Blanket - Magazin Xstyle","isPartOf":{"@id":"https:\/\/xstyle.md\/#website"},"primaryImageOfPage":{"@id":"https:\/\/xstyle.md\/product\/termoodeyalo-lifesystems-thermal-blanket\/#primaryimage"},"image":{"@id":"https:\/\/xstyle.md\/product\/termoodeyalo-lifesystems-thermal-blanket\/#primaryimage"},"thumbnailUrl":"https:\/\/xstyle.md\/wp-content\/uploads\/2024\/07\/lifesystems-thermal-blanket.jpg","datePublished":"2024-07-18T11:38:34+00:00","dateModified":"2025-10-02T16:03:36+00:00","description":"P\u0103tura termic\u0103 Lifesystems Thermal Blanket v\u0103 va men\u021bine c\u0103ldura \u00een situa\u021bii de urgen\u021b\u0103 \u0219i \u00een drume\u021bii, reflect\u00e2nd p\u00e2n\u0103 la 90% din c\u0103ldura corpului dumneavoastr\u0103. Proteja\u021bi-v\u0103 de hipotermie!","breadcrumb":{"@id":"https:\/\/xstyle.md\/product\/termoodeyalo-lifesystems-thermal-blanket\/#breadcrumb"},"inLanguage":"ro-RO","potentialAction":[{"@type":"ReadAction","target":["https:\/\/xstyle.md\/product\/termoodeyalo-lifesystems-thermal-blanket\/"]}]},{"@type":"ImageObject","inLanguage":"ro-RO","@id":"https:\/\/xstyle.md\/product\/termoodeyalo-lifesystems-thermal-blanket\/#primaryimage","url":"https:\/\/xstyle.md\/wp-content\/uploads\/2024\/07\/lifesystems-thermal-blanket.jpg","contentUrl":"https:\/\/xstyle.md\/wp-content\/uploads\/2024\/07\/lifesystems-thermal-blanket.jpg","width":750,"height":750,"caption":"\u0422\u0435\u0440\u043c\u043e\u043e\u0434\u0435\u044f\u043b\u043e Lifesystems Thermal Blanket \u0434\u043b\u044f \u0430\u043a\u0442\u0438\u0432\u043d\u043e\u0433\u043e \u043e\u0442\u0434\u044b\u0445\u0430 \u043e\u0431\u0443\u0432\u044c \u0438 \u043e\u0434\u0435\u0436\u0434\u0430 \u0434\u043b\u044f \u043f\u043e\u0445\u043e\u0434\u043e\u0432 \u0430\u043b\u044c\u043f\u0438\u043d\u0438\u0437\u043c\u0430 \u043f\u0443\u0442\u0435\u0448\u0435\u0441\u0442\u0432\u0438\u0439 \u0441\u043f\u043e\u0440\u0442\u0438\u0432\u043d\u044b\u0435 \u0442\u043e\u0432\u0430\u0440\u044b \u0434\u043b\u044f \u0442\u0443\u0440\u0438\u0437\u043c\u0430"},{"@type":"BreadcrumbList","@id":"https:\/\/xstyle.md\/product\/termoodeyalo-lifesystems-thermal-blanket\/#breadcrumb","itemListElement":[{"@type":"ListItem","position":1,"name":"\u0413\u043b\u0430\u0432\u043d\u0430\u044f \u0441\u0442\u0440\u0430\u043d\u0438\u0446\u0430","item":"https:\/\/xstyle.md\/"},{"@type":"ListItem","position":2,"name":"\u041c\u0430\u0433\u0430\u0437\u0438\u043d","item":"https:\/\/xstyle.md\/shop\/"},{"@type":"ListItem","position":3,"name":"\u0422\u0435\u0440\u043c\u043e\u043e\u0434\u0435\u044f\u043b\u043e Lifesystems Thermal Blanket"}]},{"@type":"WebSite","@id":"https:\/\/xstyle.md\/#website","url":"https:\/\/xstyle.md\/","name":"Magazinul X-Style","description":"Echipamente pentru turism \u0219i sporturi extreme \u00een Moldova. Pre\u021buri, fotografii, caracteristici \u00een Moldova.","publisher":{"@id":"https:\/\/xstyle.md\/#organization"},"alternateName":"X-Style","potentialAction":[{"@type":"SearchAction","target":{"@type":"EntryPoint","urlTemplate":"https:\/\/xstyle.md\/?s={search_term_string}"},"query-input":{"@type":"PropertyValueSpecification","valueRequired":true,"valueName":"search_term_string"}}],"inLanguage":"ro-RO"},{"@type":"Organization","@id":"https:\/\/xstyle.md\/#organization","name":"Magazinul X-Style","alternateName":"x-style","url":"https:\/\/xstyle.md\/","logo":{"@type":"ImageObject","inLanguage":"ro-RO","@id":"https:\/\/xstyle.md\/#\/schema\/logo\/image\/","url":"https:\/\/xstyle.md\/wp-content\/uploads\/2020\/06\/logoicon.svg","contentUrl":"https:\/\/xstyle.md\/wp-content\/uploads\/2020\/06\/logoicon.svg","caption":"\u041c\u0430\u0433\u0430\u0437\u0438\u043d Xstyle"},"image":{"@id":"https:\/\/xstyle.md\/#\/schema\/logo\/image\/"},"sameAs":["https:\/\/www.facebook.com\/xstylemd","https:\/\/www.instagram.com\/xstyle_md\/","https:\/\/t.me\/xstyle_outdoor"],"hasMerchantReturnPolicy":{"@type":"MerchantReturnPolicy","merchantReturnLink":"https:\/\/xstyle.md\/ro\/conditions\/"}}]},"product_price_amount":"110.00","product_price_currency":"MDL","og_availability":"instock","product_availability":"instock","product_retailer_item_id":"5031863421201","product_condition":"new"},"post_mailing_queue_ids":[],"_links":{"self":[{"href":"https:\/\/xstyle.md\/ro\/wp-json\/wp\/v2\/product\/85736","targetHints":{"allow":["GET"]}}],"collection":[{"href":"https:\/\/xstyle.md\/ro\/wp-json\/wp\/v2\/product"}],"about":[{"href":"https:\/\/xstyle.md\/ro\/wp-json\/wp\/v2\/types\/product"}],"replies":[{"embeddable":true,"href":"https:\/\/xstyle.md\/ro\/wp-json\/wp\/v2\/comments?post=85736"}],"wp:featuredmedia":[{"embeddable":true,"href":"https:\/\/xstyle.md\/ro\/wp-json\/wp\/v2\/media\/86535"}],"wp:attachment":[{"href":"https:\/\/xstyle.md\/ro\/wp-json\/wp\/v2\/media?parent=85736"}],"wp:term":[{"taxonomy":"product_brand","embeddable":true,"href":"https:\/\/xstyle.md\/ro\/wp-json\/wp\/v2\/product_brand?post=85736"},{"taxonomy":"product_cat","embeddable":true,"href":"https:\/\/xstyle.md\/ro\/wp-json\/wp\/v2\/product_cat?post=85736"},{"taxonomy":"product_tag","embeddable":true,"href":"https:\/\/xstyle.md\/ro\/wp-json\/wp\/v2\/product_tag?post=85736"}],"curies":[{"name":"wp","href":"https:\/\/api.w.org\/{rel}","templated":true}]}}