{"id":85711,"date":"2024-07-18T14:38:29","date_gmt":"2024-07-18T11:38:29","guid":{"rendered":"https:\/\/xstyle.md\/?post_type=product&#038;p=85711"},"modified":"2026-02-20T13:23:35","modified_gmt":"2026-02-20T10:23:35","slug":"gorelka-msr-windburner-duo-system-coffee-press-windburner-18-l","status":"publish","type":"product","link":"https:\/\/xstyle.md\/ro\/produs\/gorelka-msr-windburner-duo-system-coffee-press-windburner-18-l\/","title":{"rendered":"Arz\u0103tor MSR WindBurner Duo System + Coffee Press WindBurner 1,8 l"},"content":{"rendered":"<p><\/p>\n<p><strong>MSR WindBurner Duo System + Coffee Press WindBurner 1.8L<\/strong> &#8212; este un set format dintr-un arz\u0103tor pe gaz cu o oal\u0103 de 1,8 litri \u0219i un accesoriu pentru presarea cafelei, cu ajutorul c\u0103ruia v\u0103 pute\u021bi bucura de o cafea proasp\u0103t\u0103 \u00een mijlocul naturii.<\/p>\n<p><strong>MSR WindBurner Duo System<\/strong> &#8212; este un sistem de g\u0103tit conceput pentru dou\u0103 persoane, av\u00e2nd o capacitate de 1,8 litri. Avantajul principal const\u0103 \u00een conexiunea prin furtun la cartu\u0219ul de gaz, ceea ce permite \u00eenc\u0103lzirea acestuia \u00een timpul g\u0103titului pentru a preveni r\u0103cirea excesiv\u0103 \u0219i a men\u021bine presiunea constant\u0103.<\/p>\n<p>Construc\u021bia integrat\u0103, protejat\u0103 total \u00eempotriva v\u00e2ntului, reduce semnificativ timpul de fierbere. Dimensiunile vasului permit depozitarea \u00een interior a arz\u0103torului \u0219i a unui cartu\u0219 de gaz IsoPro\u2122 de 227 g. Husa izolatoare v\u0103 permite s\u0103 manevra\u021bi vasul cu m\u00e2inile goale f\u0103r\u0103 riscul de arsuri, \u00eencetine\u0219te r\u0103cirea m\u00e2nc\u0103rii \u0219i este dotat\u0103 cu un m\u00e2ner confortabil.<\/p>\n<p>La baza vasului este integrat un schimb\u0103tor de c\u0103ldur\u0103, protejat de un capac de plastic care poate servi drept can\u0103 suplimentar\u0103. Toate componentele se \u00eempacheteaz\u0103 compact \u00een interiorul oalei pentru un transport facil.<\/p>\n<h3>Caracteristici<\/h3>\n<ul>\n<li>Greutate &#8212; 605 g<\/li>\n<li>Putere arz\u0103tor &#8212; 2050 W<\/li>\n<li>Timp de fierbere (1L ap\u0103)- 4.5 minute<\/li>\n<li>Autonomie (cartu\u0219 227g) &#8212; 95 minute<\/li>\n<li>Material &#8212; aluminiu anodizat dur (hard-anodized aluminum)<\/li>\n<li>Aprindere piezo &#8212; nu<\/li>\n<li>Tip combustibil &#8212; cartu\u0219 cu filet<\/li>\n<\/ul>\n<p>Presa de cafea este compatibil\u0103 cu sistemele MSR WindBurner de 1L \u0219i 1.8L &#8212; transform\u00e2nd arz\u0103torul \u00eentr-o cafetier\u0103 rapid\u0103 \u0219i rezistent\u0103 la v\u00e2nt.<\/p>\n<p>Aceasta este echipat\u0103 cu un filtru durabil din o\u021bel inoxidabil \u0219i o garnitur\u0103 flexibil\u0103 pe margine, care previne trecerea za\u021bului, asigur\u00e2nd o b\u0103utur\u0103 curat\u0103 \u0219i proasp\u0103t\u0103. Toate piesele se dezasambleaz\u0103 u\u0219or \u0219i se pliaz\u0103 plat, permi\u021b\u00e2nd \u00eempachetarea lor \u00eempreun\u0103 cu restul sistemului de g\u0103tit.<\/p>\n<h3>Particularit\u0103\u021bi<\/h3>\n<ul>\n<li>U\u0219or de cur\u0103\u021bat<\/li>\n<li>Convenabil\u0103 \u0219i compact\u0103<\/li>\n<li>Mobil\u0103, \u00eencape cu u\u0219urin\u021b\u0103 \u00een vasul sistemului<\/li>\n<li>Compatibil\u0103 exclusiv cu arz\u0103toarele MSR WindBurner de 1.0L \u0219i 1.8L<\/li>\n<li>Greutate redus\u0103 &#8212; doar 40 g<\/li>\n<\/ul>\n<p><\/p>\n<h3>Marca<\/h3>\n<p>MSR - un cunoscut produc\u0103tor de articole sportive care produce echipamente pentru alpini\u0219tii profesioni\u0219ti \u0219i pentru cei care prefer\u0103 recreerea \u00een aer liber. Produsele sunt concepute astfel \u00eenc\u00e2t s\u0103 fie c\u00e2t mai u\u0219or posibil pentru o persoan\u0103 pe durata unei \u0219ederi lungi \u00eentr-o zon\u0103 deschis\u0103. Acestea sunt dispozitive universale care pot fi folosite \u00eentr-o drume\u021bie normal\u0103 \u0219i \u00eentr-o expedi\u021bie dificil\u0103.<\/p>","protected":false},"excerpt":{"rendered":"<p>\u0411\u0440\u0435\u043d\u0434 MSR &#8212; \u0438\u0437\u0432\u0435\u0441\u0442\u043d\u044b\u0439 \u043f\u0440\u043e\u0438\u0437\u0432\u043e\u0434\u0438\u0442\u0435\u043b\u044c \u0441\u043f\u043e\u0440\u0442\u0438\u0432\u043d\u044b\u0445 \u0442\u043e\u0432\u0430\u0440\u043e\u0432, \u043a\u043e\u0442\u043e\u0440\u044b\u0439 \u0438\u0437\u0433\u043e\u0442\u0430\u0432\u043b\u0438\u0432\u0430\u0435\u0442 \u0441\u043d\u0430\u0440\u044f\u0436\u0435\u043d\u0438\u0435 \u0434\u043b\u044f \u043f\u0440\u043e\u0444\u0435\u0441\u0441\u0438\u043e\u043d\u0430\u043b\u044c\u043d\u044b\u0445 \u0430\u043b\u044c\u043f\u0438\u043d\u0438\u0441\u0442\u043e\u0432 \u0438 \u0442\u0435\u0445, \u043a\u0442\u043e \u043e\u0442\u0434\u0430\u0435\u0442 \u043f\u0440\u0435\u0434\u043f\u043e\u0447\u0442\u0435\u043d\u0438\u0435 \u043e\u0442\u0434\u044b\u0445\u0443 \u043d\u0430 \u043f\u0440\u0438\u0440\u043e\u0434\u0435. \u0418\u0437\u0434\u0435\u043b\u0438\u044f \u043f\u0440\u0435\u0434\u043d\u0430\u0437\u043d\u0430\u0447\u0435\u043d\u044b \u0434\u043b\u044f \u0442\u043e\u0433\u043e, \u0447\u0442\u043e\u0431\u044b \u043c\u0430\u043a\u0441\u0438\u043c\u0430\u043b\u044c\u043d\u043e \u043e\u0431\u043b\u0435\u0433\u0447\u0438\u0442\u044c \u0447\u0435\u043b\u043e\u0432\u0435\u043a\u0443 \u043f\u0435\u0440\u0438\u043e\u0434 \u0434\u043b\u0438\u0442\u0435\u043b\u044c\u043d\u043e\u0433\u043e \u043f\u0440\u0435\u0431\u044b\u0432\u0430\u043d\u0438\u044f \u043d\u0430 \u043e\u0442\u043a\u0440\u044b\u0442\u043e\u0439 \u043f\u043b\u043e\u0449\u0430\u0434\u043a\u0435. \u042d\u0442\u043e \u0443\u043d\u0438\u0432\u0435\u0440\u0441\u0430\u043b\u044c\u043d\u044b\u0435 \u043f\u0440\u0438\u0441\u043f\u043e\u0441\u043e\u0431\u043b\u0435\u043d\u0438\u044f, \u043a\u043e\u0442\u043e\u0440\u044b\u0435 \u043c\u043e\u0436\u043d\u043e \u0438\u0441\u043f\u043e\u043b\u044c\u0437\u043e\u0432\u0430\u0442\u044c \u0432 \u043e\u0431\u044b\u0447\u043d\u043e\u043c \u043f\u043e\u0445\u043e\u0434\u0435 \u0438 \u0432 \u0441\u043b\u043e\u0436\u043d\u043e\u0439 \u044d\u043a\u0441\u043f\u0435\u0434\u0438\u0446\u0438\u0438.<\/p>","protected":false},"featured_media":86647,"comment_status":"open","ping_status":"closed","template":"","meta":{"_acf_changed":false,"inline_featured_image":false},"product_brand":[1279],"product_cat":[82],"product_tag":[],"class_list":{"0":"post-85711","1":"product","2":"type-product","3":"status-publish","4":"has-post-thumbnail","6":"product_brand-msr","7":"product_cat-gas-burners","9":"first","10":"instock","11":"shipping-taxable","12":"purchasable","13":"product-type-simple"},"acf":[],"yoast_head":"<!-- This site is optimized with the Yoast SEO plugin v27.4 - https:\/\/yoast.com\/product\/yoast-seo-wordpress\/ -->\n<title>\u0413\u043e\u0440\u0435\u043b\u043a\u0430 MSR WindBurner Duo System + Coffee Press WindBurner 1,8 l - \u041c\u0430\u0433\u0430\u0437\u0438\u043d Xstyle<\/title>\n<meta name=\"description\" content=\"\u0413\u043e\u0440\u0435\u043b\u043a\u0430 MSR WindBurner Duo System + \u043f\u0440\u0435\u0441\u0441 \u0434\u043b\u044f \u043a\u043e\u0444\u0435 \u043d\u0430 1,8 \u043b - \u0438\u0434\u0435\u0430\u043b\u044c\u043d\u043e\u0435 \u0440\u0435\u0448\u0435\u043d\u0438\u0435 \u0434\u043b\u044f \u043a\u0435\u043c\u043f\u0438\u043d\u0433\u0430. \u041b\u0435\u0433\u043a\u0430\u044f, \u043a\u043e\u043c\u043f\u0430\u043a\u0442\u043d\u0430\u044f \u0438 \u044d\u0444\u0444\u0435\u043a\u0442\u0438\u0432\u043d\u0430\u044f. \u0417\u0430\u043a\u0430\u0436\u0438\u0442\u0435 \u0441\u0435\u0439\u0447\u0430\u0441!\" \/>\n<meta name=\"robots\" content=\"index, follow, max-snippet:-1, max-image-preview:large, max-video-preview:-1\" \/>\n<link rel=\"canonical\" href=\"https:\/\/xstyle.md\/ro\/produs\/gorelka-msr-windburner-duo-system-coffee-press-windburner-18-l\/\" \/>\n<meta property=\"og:locale\" content=\"ro_RO\" \/>\n<meta property=\"og:type\" content=\"article\" \/>\n<meta property=\"og:title\" content=\"\u0413\u043e\u0440\u0435\u043b\u043a\u0430 MSR WindBurner Duo System + Coffee Press WindBurner 1,8 l - \u041c\u0430\u0433\u0430\u0437\u0438\u043d Xstyle\" \/>\n<meta property=\"og:description\" content=\"\u0413\u043e\u0440\u0435\u043b\u043a\u0430 MSR WindBurner Duo System + \u043f\u0440\u0435\u0441\u0441 \u0434\u043b\u044f \u043a\u043e\u0444\u0435 \u043d\u0430 1,8 \u043b - \u0438\u0434\u0435\u0430\u043b\u044c\u043d\u043e\u0435 \u0440\u0435\u0448\u0435\u043d\u0438\u0435 \u0434\u043b\u044f \u043a\u0435\u043c\u043f\u0438\u043d\u0433\u0430. \u041b\u0435\u0433\u043a\u0430\u044f, \u043a\u043e\u043c\u043f\u0430\u043a\u0442\u043d\u0430\u044f \u0438 \u044d\u0444\u0444\u0435\u043a\u0442\u0438\u0432\u043d\u0430\u044f. \u0417\u0430\u043a\u0430\u0436\u0438\u0442\u0435 \u0441\u0435\u0439\u0447\u0430\u0441!\" \/>\n<meta property=\"og:url\" content=\"https:\/\/xstyle.md\/ro\/produs\/gorelka-msr-windburner-duo-system-coffee-press-windburner-18-l\/\" \/>\n<meta property=\"og:site_name\" content=\"\u041c\u0430\u0433\u0430\u0437\u0438\u043d Xstyle\" \/>\n<meta property=\"article:publisher\" content=\"https:\/\/www.facebook.com\/xstylemd\" \/>\n<meta property=\"article:modified_time\" content=\"2026-02-20T10:23:35+00:00\" \/>\n<meta property=\"og:image\" content=\"https:\/\/xstyle.md\/wp-content\/uploads\/2024\/07\/msr-windburner-duo-system-coffee-press-windburner-18-l.jpg\" \/>\n\t<meta property=\"og:image:width\" content=\"525\" \/>\n\t<meta property=\"og:image:height\" content=\"525\" \/>\n\t<meta property=\"og:image:type\" content=\"image\/jpeg\" \/>\n<meta name=\"twitter:card\" content=\"summary_large_image\" \/>\n<meta name=\"twitter:label1\" content=\"Pre\u021b\" \/>\n\t<meta name=\"twitter:data1\" content=\"5.800&nbsp;MDL\" \/>\n\t<meta name=\"twitter:label2\" content=\"Disponibilitate\" \/>\n\t<meta name=\"twitter:data2\" content=\"\u00cen stoc\" \/>\n<script type=\"application\/ld+json\" class=\"yoast-schema-graph\">{\"@context\":\"https:\\\/\\\/schema.org\",\"@graph\":[{\"@type\":\"WebPage\",\"@id\":\"https:\\\/\\\/xstyle.md\\\/product\\\/gorelka-msr-windburner-duo-system-coffee-press-windburner-18-l\\\/\",\"url\":\"https:\\\/\\\/xstyle.md\\\/product\\\/gorelka-msr-windburner-duo-system-coffee-press-windburner-18-l\\\/\",\"name\":\"\u0413\u043e\u0440\u0435\u043b\u043a\u0430 MSR WindBurner Duo System + Coffee Press WindBurner 1,8 l - \u041c\u0430\u0433\u0430\u0437\u0438\u043d Xstyle\",\"isPartOf\":{\"@id\":\"https:\\\/\\\/xstyle.md\\\/#website\"},\"primaryImageOfPage\":{\"@id\":\"https:\\\/\\\/xstyle.md\\\/product\\\/gorelka-msr-windburner-duo-system-coffee-press-windburner-18-l\\\/#primaryimage\"},\"image\":{\"@id\":\"https:\\\/\\\/xstyle.md\\\/product\\\/gorelka-msr-windburner-duo-system-coffee-press-windburner-18-l\\\/#primaryimage\"},\"thumbnailUrl\":\"https:\\\/\\\/xstyle.md\\\/wp-content\\\/uploads\\\/2024\\\/07\\\/msr-windburner-duo-system-coffee-press-windburner-18-l.jpg\",\"datePublished\":\"2024-07-18T11:38:29+00:00\",\"dateModified\":\"2026-02-20T10:23:35+00:00\",\"description\":\"\u0413\u043e\u0440\u0435\u043b\u043a\u0430 MSR WindBurner Duo System + \u043f\u0440\u0435\u0441\u0441 \u0434\u043b\u044f \u043a\u043e\u0444\u0435 \u043d\u0430 1,8 \u043b - \u0438\u0434\u0435\u0430\u043b\u044c\u043d\u043e\u0435 \u0440\u0435\u0448\u0435\u043d\u0438\u0435 \u0434\u043b\u044f \u043a\u0435\u043c\u043f\u0438\u043d\u0433\u0430. \u041b\u0435\u0433\u043a\u0430\u044f, \u043a\u043e\u043c\u043f\u0430\u043a\u0442\u043d\u0430\u044f \u0438 \u044d\u0444\u0444\u0435\u043a\u0442\u0438\u0432\u043d\u0430\u044f. \u0417\u0430\u043a\u0430\u0436\u0438\u0442\u0435 \u0441\u0435\u0439\u0447\u0430\u0441!\",\"breadcrumb\":{\"@id\":\"https:\\\/\\\/xstyle.md\\\/product\\\/gorelka-msr-windburner-duo-system-coffee-press-windburner-18-l\\\/#breadcrumb\"},\"inLanguage\":\"ro-RO\",\"potentialAction\":[{\"@type\":\"ReadAction\",\"target\":[\"https:\\\/\\\/xstyle.md\\\/product\\\/gorelka-msr-windburner-duo-system-coffee-press-windburner-18-l\\\/\"]}]},{\"@type\":\"ImageObject\",\"inLanguage\":\"ro-RO\",\"@id\":\"https:\\\/\\\/xstyle.md\\\/product\\\/gorelka-msr-windburner-duo-system-coffee-press-windburner-18-l\\\/#primaryimage\",\"url\":\"https:\\\/\\\/xstyle.md\\\/wp-content\\\/uploads\\\/2024\\\/07\\\/msr-windburner-duo-system-coffee-press-windburner-18-l.jpg\",\"contentUrl\":\"https:\\\/\\\/xstyle.md\\\/wp-content\\\/uploads\\\/2024\\\/07\\\/msr-windburner-duo-system-coffee-press-windburner-18-l.jpg\",\"width\":525,\"height\":525,\"caption\":\"\u0422\u0443\u0440\u0438\u0441\u0442\u0438\u0447\u0435\u0441\u043a\u0430\u044f \u0433\u043e\u0440\u0435\u043b\u043a\u0430 MSR WindBurner Duo \u0441 \u0441\u0438\u0441\u0442\u0435\u043c\u043e\u0439 \u043f\u0440\u0438\u0433\u043e\u0442\u043e\u0432\u043b\u0435\u043d\u0438\u044f \u043a\u043e\u0444\u0435 \u0438 \u043e\u0431\u044a\u0451\u043c\u043e\u043c 1,8 \u043b \u0434\u043b\u044f \u0430\u043a\u0442\u0438\u0432\u043d\u043e\u0433\u043e \u043e\u0442\u0434\u044b\u0445\u0430, \u043f\u043e\u0445\u043e\u0434\u043e\u0432 \u0438 \u0430\u043b\u044c\u043f\u0438\u043d\u0438\u0437\u043c\u0430 \u0432 \u0438\u043d\u0442\u0435\u0440\u043d\u0435\u0442-\u043c\u0430\u0433\u0430\u0437\u0438\u043d\u0435 \u044d\u043a\u0438\u043f\u0438\u0440\u043e\u0432\u043a\u0438 \u0434\u043b\u044f \u0430\u043a\u0442\u0438\u0432\u043d\u043e\u0439 \u0436\u0438\u0437\u043d\u0438\"},{\"@type\":\"BreadcrumbList\",\"@id\":\"https:\\\/\\\/xstyle.md\\\/product\\\/gorelka-msr-windburner-duo-system-coffee-press-windburner-18-l\\\/#breadcrumb\",\"itemListElement\":[{\"@type\":\"ListItem\",\"position\":1,\"name\":\"\u0413\u043b\u0430\u0432\u043d\u0430\u044f \u0441\u0442\u0440\u0430\u043d\u0438\u0446\u0430\",\"item\":\"https:\\\/\\\/xstyle.md\\\/\"},{\"@type\":\"ListItem\",\"position\":2,\"name\":\"\u041c\u0430\u0433\u0430\u0437\u0438\u043d\",\"item\":\"https:\\\/\\\/xstyle.md\\\/shop\\\/\"},{\"@type\":\"ListItem\",\"position\":3,\"name\":\"\u0413\u043e\u0440\u0435\u043b\u043a\u0430 MSR WindBurner Duo System + Coffee Press WindBurner 1,8 l\"}]},{\"@type\":\"WebSite\",\"@id\":\"https:\\\/\\\/xstyle.md\\\/#website\",\"url\":\"https:\\\/\\\/xstyle.md\\\/\",\"name\":\"\u041c\u0430\u0433\u0430\u0437\u0438\u043d Xstyle\",\"description\":\"C\u043d\u0430\u0440\u044f\u0436\u0435\u043d\u0438\u0435 \u0434\u043b\u044f \u0442\u0443\u0440\u0438\u0437\u043c\u0430 \u0438 \u044d\u043a\u0441\u0442\u0440\u0435\u043c\u0430\u043b\u044c\u043d\u044b\u0445 \u0432\u0438\u0434\u043e\u0432 \u0441\u043f\u043e\u0440\u0442\u0430 \u0432 \u041c\u043e\u043b\u0434\u043e\u0432\u0435.. \u0426\u0435\u043d\u044b, \u0444\u043e\u0442\u043e, \u0445\u0430\u0440\u0430\u043a\u0442\u0435\u0440\u0438\u0441\u0442\u0438\u043a\u0438 \u0432 \u041c\u043e\u043b\u0434\u043e\u0432\u0435.\",\"publisher\":{\"@id\":\"https:\\\/\\\/xstyle.md\\\/#organization\"},\"alternateName\":\"X-Style\",\"potentialAction\":[{\"@type\":\"SearchAction\",\"target\":{\"@type\":\"EntryPoint\",\"urlTemplate\":\"https:\\\/\\\/xstyle.md\\\/?s={search_term_string}\"},\"query-input\":{\"@type\":\"PropertyValueSpecification\",\"valueRequired\":true,\"valueName\":\"search_term_string\"}}],\"inLanguage\":\"ro-RO\"},{\"@type\":\"Organization\",\"@id\":\"https:\\\/\\\/xstyle.md\\\/#organization\",\"name\":\"\u041c\u0430\u0433\u0430\u0437\u0438\u043d Xstyle\",\"alternateName\":\"x-style\",\"url\":\"https:\\\/\\\/xstyle.md\\\/\",\"logo\":{\"@type\":\"ImageObject\",\"inLanguage\":\"ro-RO\",\"@id\":\"https:\\\/\\\/xstyle.md\\\/#\\\/schema\\\/logo\\\/image\\\/\",\"url\":\"https:\\\/\\\/xstyle.md\\\/wp-content\\\/uploads\\\/2020\\\/06\\\/logoicon.svg\",\"contentUrl\":\"https:\\\/\\\/xstyle.md\\\/wp-content\\\/uploads\\\/2020\\\/06\\\/logoicon.svg\",\"caption\":\"\u041c\u0430\u0433\u0430\u0437\u0438\u043d Xstyle\"},\"image\":{\"@id\":\"https:\\\/\\\/xstyle.md\\\/#\\\/schema\\\/logo\\\/image\\\/\"},\"sameAs\":[\"https:\\\/\\\/www.facebook.com\\\/xstylemd\",\"https:\\\/\\\/www.instagram.com\\\/xstyle_md\\\/\",\"https:\\\/\\\/t.me\\\/xstyle_outdoor\"],\"hasMerchantReturnPolicy\":{\"@type\":\"MerchantReturnPolicy\",\"merchantReturnLink\":\"https:\\\/\\\/xstyle.md\\\/ro\\\/conditions\\\/\"}}]}<\/script>\n<meta property=\"product:price:amount\" content=\"5800.00\" \/>\n<meta property=\"product:price:currency\" content=\"MDL\" \/>\n<meta property=\"og:availability\" content=\"instock\" \/>\n<meta property=\"product:availability\" content=\"instock\" \/>\n<meta property=\"product:retailer_item_id\" content=\"2000999770258\" \/>\n<meta property=\"product:condition\" content=\"new\" \/>\n<!-- \/ Yoast SEO plugin. -->","yoast_head_json":{"title":"G\u0103titor MSR WindBurner Duo System + Cafetier\u0103 WindBurner 1,8 l - Magazin Xstyle","description":"Aragaz MSR WindBurner Duo System + pres\u0103 pentru cafea de 1,8 l - solu\u021bia ideal\u0103 pentru camping. U\u0219oar\u0103, compact\u0103 \u0219i eficient\u0103. Comand\u0103 acum!","robots":{"index":"index","follow":"follow","max-snippet":"max-snippet:-1","max-image-preview":"max-image-preview:large","max-video-preview":"max-video-preview:-1"},"canonical":"https:\/\/xstyle.md\/ro\/produs\/gorelka-msr-windburner-duo-system-coffee-press-windburner-18-l\/","og_locale":"ro_RO","og_type":"article","og_title":"\u0413\u043e\u0440\u0435\u043b\u043a\u0430 MSR WindBurner Duo System + Coffee Press WindBurner 1,8 l - \u041c\u0430\u0433\u0430\u0437\u0438\u043d Xstyle","og_description":"\u0413\u043e\u0440\u0435\u043b\u043a\u0430 MSR WindBurner Duo System + \u043f\u0440\u0435\u0441\u0441 \u0434\u043b\u044f \u043a\u043e\u0444\u0435 \u043d\u0430 1,8 \u043b - \u0438\u0434\u0435\u0430\u043b\u044c\u043d\u043e\u0435 \u0440\u0435\u0448\u0435\u043d\u0438\u0435 \u0434\u043b\u044f \u043a\u0435\u043c\u043f\u0438\u043d\u0433\u0430. \u041b\u0435\u0433\u043a\u0430\u044f, \u043a\u043e\u043c\u043f\u0430\u043a\u0442\u043d\u0430\u044f \u0438 \u044d\u0444\u0444\u0435\u043a\u0442\u0438\u0432\u043d\u0430\u044f. \u0417\u0430\u043a\u0430\u0436\u0438\u0442\u0435 \u0441\u0435\u0439\u0447\u0430\u0441!","og_url":"https:\/\/xstyle.md\/ro\/produs\/gorelka-msr-windburner-duo-system-coffee-press-windburner-18-l\/","og_site_name":"\u041c\u0430\u0433\u0430\u0437\u0438\u043d Xstyle","article_publisher":"https:\/\/www.facebook.com\/xstylemd","article_modified_time":"2026-02-20T10:23:35+00:00","og_image":[{"width":525,"height":525,"url":"https:\/\/xstyle.md\/wp-content\/uploads\/2024\/07\/msr-windburner-duo-system-coffee-press-windburner-18-l.jpg","type":"image\/jpeg"}],"twitter_card":"summary_large_image","twitter_misc":{"Pre\u021b":"5.800&nbsp;MDL","Disponibilitate":"\u00cen stoc"},"schema":{"@context":"https:\/\/schema.org","@graph":[{"@type":"WebPage","@id":"https:\/\/xstyle.md\/product\/gorelka-msr-windburner-duo-system-coffee-press-windburner-18-l\/","url":"https:\/\/xstyle.md\/product\/gorelka-msr-windburner-duo-system-coffee-press-windburner-18-l\/","name":"G\u0103titor MSR WindBurner Duo System + Cafetier\u0103 WindBurner 1,8 l - Magazin Xstyle","isPartOf":{"@id":"https:\/\/xstyle.md\/#website"},"primaryImageOfPage":{"@id":"https:\/\/xstyle.md\/product\/gorelka-msr-windburner-duo-system-coffee-press-windburner-18-l\/#primaryimage"},"image":{"@id":"https:\/\/xstyle.md\/product\/gorelka-msr-windburner-duo-system-coffee-press-windburner-18-l\/#primaryimage"},"thumbnailUrl":"https:\/\/xstyle.md\/wp-content\/uploads\/2024\/07\/msr-windburner-duo-system-coffee-press-windburner-18-l.jpg","datePublished":"2024-07-18T11:38:29+00:00","dateModified":"2026-02-20T10:23:35+00:00","description":"Aragaz MSR WindBurner Duo System + pres\u0103 pentru cafea de 1,8 l - solu\u021bia ideal\u0103 pentru camping. U\u0219oar\u0103, compact\u0103 \u0219i eficient\u0103. Comand\u0103 acum!","breadcrumb":{"@id":"https:\/\/xstyle.md\/product\/gorelka-msr-windburner-duo-system-coffee-press-windburner-18-l\/#breadcrumb"},"inLanguage":"ro-RO","potentialAction":[{"@type":"ReadAction","target":["https:\/\/xstyle.md\/product\/gorelka-msr-windburner-duo-system-coffee-press-windburner-18-l\/"]}]},{"@type":"ImageObject","inLanguage":"ro-RO","@id":"https:\/\/xstyle.md\/product\/gorelka-msr-windburner-duo-system-coffee-press-windburner-18-l\/#primaryimage","url":"https:\/\/xstyle.md\/wp-content\/uploads\/2024\/07\/msr-windburner-duo-system-coffee-press-windburner-18-l.jpg","contentUrl":"https:\/\/xstyle.md\/wp-content\/uploads\/2024\/07\/msr-windburner-duo-system-coffee-press-windburner-18-l.jpg","width":525,"height":525,"caption":"\u0422\u0443\u0440\u0438\u0441\u0442\u0438\u0447\u0435\u0441\u043a\u0430\u044f \u0433\u043e\u0440\u0435\u043b\u043a\u0430 MSR WindBurner Duo \u0441 \u0441\u0438\u0441\u0442\u0435\u043c\u043e\u0439 \u043f\u0440\u0438\u0433\u043e\u0442\u043e\u0432\u043b\u0435\u043d\u0438\u044f \u043a\u043e\u0444\u0435 \u0438 \u043e\u0431\u044a\u0451\u043c\u043e\u043c 1,8 \u043b \u0434\u043b\u044f \u0430\u043a\u0442\u0438\u0432\u043d\u043e\u0433\u043e \u043e\u0442\u0434\u044b\u0445\u0430, \u043f\u043e\u0445\u043e\u0434\u043e\u0432 \u0438 \u0430\u043b\u044c\u043f\u0438\u043d\u0438\u0437\u043c\u0430 \u0432 \u0438\u043d\u0442\u0435\u0440\u043d\u0435\u0442-\u043c\u0430\u0433\u0430\u0437\u0438\u043d\u0435 \u044d\u043a\u0438\u043f\u0438\u0440\u043e\u0432\u043a\u0438 \u0434\u043b\u044f \u0430\u043a\u0442\u0438\u0432\u043d\u043e\u0439 \u0436\u0438\u0437\u043d\u0438"},{"@type":"BreadcrumbList","@id":"https:\/\/xstyle.md\/product\/gorelka-msr-windburner-duo-system-coffee-press-windburner-18-l\/#breadcrumb","itemListElement":[{"@type":"ListItem","position":1,"name":"\u0413\u043b\u0430\u0432\u043d\u0430\u044f \u0441\u0442\u0440\u0430\u043d\u0438\u0446\u0430","item":"https:\/\/xstyle.md\/"},{"@type":"ListItem","position":2,"name":"\u041c\u0430\u0433\u0430\u0437\u0438\u043d","item":"https:\/\/xstyle.md\/shop\/"},{"@type":"ListItem","position":3,"name":"\u0413\u043e\u0440\u0435\u043b\u043a\u0430 MSR WindBurner Duo System + Coffee Press WindBurner 1,8 l"}]},{"@type":"WebSite","@id":"https:\/\/xstyle.md\/#website","url":"https:\/\/xstyle.md\/","name":"Magazinul X-Style","description":"Echipamente pentru turism \u0219i sporturi extreme \u00een Moldova. Pre\u021buri, fotografii, caracteristici \u00een Moldova.","publisher":{"@id":"https:\/\/xstyle.md\/#organization"},"alternateName":"X-Style","potentialAction":[{"@type":"SearchAction","target":{"@type":"EntryPoint","urlTemplate":"https:\/\/xstyle.md\/?s={search_term_string}"},"query-input":{"@type":"PropertyValueSpecification","valueRequired":true,"valueName":"search_term_string"}}],"inLanguage":"ro-RO"},{"@type":"Organization","@id":"https:\/\/xstyle.md\/#organization","name":"Magazinul X-Style","alternateName":"x-style","url":"https:\/\/xstyle.md\/","logo":{"@type":"ImageObject","inLanguage":"ro-RO","@id":"https:\/\/xstyle.md\/#\/schema\/logo\/image\/","url":"https:\/\/xstyle.md\/wp-content\/uploads\/2020\/06\/logoicon.svg","contentUrl":"https:\/\/xstyle.md\/wp-content\/uploads\/2020\/06\/logoicon.svg","caption":"\u041c\u0430\u0433\u0430\u0437\u0438\u043d Xstyle"},"image":{"@id":"https:\/\/xstyle.md\/#\/schema\/logo\/image\/"},"sameAs":["https:\/\/www.facebook.com\/xstylemd","https:\/\/www.instagram.com\/xstyle_md\/","https:\/\/t.me\/xstyle_outdoor"],"hasMerchantReturnPolicy":{"@type":"MerchantReturnPolicy","merchantReturnLink":"https:\/\/xstyle.md\/ro\/conditions\/"}}]},"product_price_amount":"5800.00","product_price_currency":"MDL","og_availability":"instock","product_availability":"instock","product_retailer_item_id":"2000999770258","product_condition":"new"},"post_mailing_queue_ids":[],"_links":{"self":[{"href":"https:\/\/xstyle.md\/ro\/wp-json\/wp\/v2\/product\/85711","targetHints":{"allow":["GET"]}}],"collection":[{"href":"https:\/\/xstyle.md\/ro\/wp-json\/wp\/v2\/product"}],"about":[{"href":"https:\/\/xstyle.md\/ro\/wp-json\/wp\/v2\/types\/product"}],"replies":[{"embeddable":true,"href":"https:\/\/xstyle.md\/ro\/wp-json\/wp\/v2\/comments?post=85711"}],"wp:featuredmedia":[{"embeddable":true,"href":"https:\/\/xstyle.md\/ro\/wp-json\/wp\/v2\/media\/86647"}],"wp:attachment":[{"href":"https:\/\/xstyle.md\/ro\/wp-json\/wp\/v2\/media?parent=85711"}],"wp:term":[{"taxonomy":"product_brand","embeddable":true,"href":"https:\/\/xstyle.md\/ro\/wp-json\/wp\/v2\/product_brand?post=85711"},{"taxonomy":"product_cat","embeddable":true,"href":"https:\/\/xstyle.md\/ro\/wp-json\/wp\/v2\/product_cat?post=85711"},{"taxonomy":"product_tag","embeddable":true,"href":"https:\/\/xstyle.md\/ro\/wp-json\/wp\/v2\/product_tag?post=85711"}],"curies":[{"name":"wp","href":"https:\/\/api.w.org\/{rel}","templated":true}]}}