{"id":85708,"date":"2024-07-18T14:38:28","date_gmt":"2024-07-18T11:38:28","guid":{"rendered":"https:\/\/xstyle.md\/?post_type=product&#038;p=85708"},"modified":"2026-04-15T17:05:20","modified_gmt":"2026-04-15T14:05:20","slug":"ochki-lynx-detroit-ph","status":"publish","type":"product","link":"https:\/\/xstyle.md\/ro\/produs\/ochki-lynx-detroit-ph\/","title":{"rendered":"Ochelari Lynx Detroit PH"},"content":{"rendered":"<p><\/p>\n<p><strong>Lynx Detroit PH<\/strong> \u2014 ochelarii de ciclism ofer\u0103 protec\u021bie \u00eempotriva radia\u021biilor ultraviolete datorit\u0103 lentilelor durabile din policarbonat. Ace\u0219tia asigur\u0103 o protec\u021bie de 100% \u00eempotriva radia\u021biilor UVA, UVB \u0219i UVC 400 \u0219i sunt \u00een conformitate cu standardul EN 1836:2005 + A1:2006. Lentilele blocheaz\u0103 radia\u021biile nocive de \u00eenalt\u0103 energie, prevenind afec\u021biunile oculare.<\/p>\n<p>Ramele din material TR-90, dezvoltat \u00een Elve\u021bia, se remarc\u0103 prin flexibilitate, u\u0219urin\u021b\u0103 \u0219i durabilitate. Acest termoplastic absoarbe eficient \u0219ocurile, ceea ce face rama mai rezistent\u0103 \u0219i durabil\u0103 \u00een timp.<\/p>\n<p>Ochelarii au o form\u0103 anatomic\u0103 cu curbur\u0103 elipsoidal\u0103, oferind confort \u0219i un c\u00e2mp vizual larg. Inser\u021biile din cauciuc moale de pe puntea nazal\u0103 \u0219i de la capetele bra\u021belor asigur\u0103 o fixare sigur\u0103.<\/p>\n<h3>Particularit\u0103\u021bi<\/h3>\n<ul>\n<li>Ram\u0103 fabricat\u0103 din termoplastic TR-90 &#8212; de concep\u021bie elve\u021bian\u0103, ofer\u0103 o flexibilitate excelent\u0103, greutate redus\u0103 \u0219i rezisten\u021b\u0103 sporit\u0103<\/li>\n<li>Lentile din material optic transparent &#8212; u\u0219oare \u0219i cu o rezisten\u021b\u0103 remarcabil\u0103 la impact \u0219i deterior\u0103ri mecanice<\/li>\n<li>Protec\u021bie UV complet\u0103 &#8212; garanteaz\u0103 protec\u021bie 100% \u00eempotriva razelor UV de tip A, B \u0219i C<\/li>\n<\/ul>\n<h3>Caracteristici<\/h3>\n<ul>\n<li>Ram\u0103 \u2014 termoplastic TR90<\/li>\n<li>Lentile \u2014 policarbonat<\/li>\n<li>Categorie de protec\u021bie \u2014 2-3<\/li>\n<li>Polarizare \u2014 nu<\/li>\n<li>Lentile de schimb \u2014 nu<\/li>\n<\/ul>\n<h3>Tehnologii<\/h3>\n<ul>\n<li><strong>Optimal Fit<\/strong> &#8212; tehnologie care asigur\u0103 o potrivire anatomic\u0103. Datorit\u0103 curburii elipsoidale a ramei, se garanteaz\u0103 o aderen\u021b\u0103 str\u00e2ns\u0103 a ochelarilor pe fa\u021b\u0103, oferind un c\u00e2mp vizual larg \u0219i clar, precum \u0219i protec\u021bie \u00eempotriva p\u0103trunderii obiectelor str\u0103ine \u00een ochi.<\/li>\n<li><strong>Anti-slip System<\/strong> &#8212; inser\u021biile de cauciuc de la capetele bra\u021belor \u0219i de pe puntea nazal\u0103 previn alunecarea \u0219i asigur\u0103 o fixare stabil\u0103 a ochelarilor.<\/li>\n<li><strong>TR90<\/strong> \u2013 este o tehnologie elve\u021bian\u0103 de fabricare a termoplasticului. Acest material posed\u0103 o flexibilitate \u0219i durabilitate ridicat\u0103, av\u00e2nd \u00een acela\u0219i timp o greutate redus\u0103, ceea ce \u00eel face un material excelent pentru produc\u021bia ochelarilor sportivi. Flexibilitatea \u0219i rezisten\u021ba ramei \u00eei permit s\u0103 absoarb\u0103 mai bine \u0219ocurile \u0219i s\u0103 asigure integritatea ochelarilor chiar \u0219i \u00een caz de c\u0103dere.<\/li>\n<li><strong>UV protection<\/strong> &#8212; to\u021bi ochelarii LYNX ofer\u0103 protec\u021bie 100% \u00eempotriva radia\u021biilor UVA, UVB \u0219i UVC 400 \u0219i sunt conformi cu standardul european EN 1836:2005 + A1:2006. Lentilele protejeaz\u0103 \u00eempotriva radia\u021biilor nocive care pot cauza afec\u021biuni oculare.<\/li>\n<li><strong>Polycarbonate Lenses<\/strong> &#8212; lentilele din policarbonat sunt durabile, rezistente la impact \u0219i foarte u\u0219oare. \u00cen cazul \u00een care un obiect str\u0103in love\u0219te lentila la vitez\u0103 mare, aceasta nu se va sparge \u00een fragmente mici care ar putea afecta ochii. Un alt avantaj al lentilelor cu tehnologia Polycarbonate Lenses este rezisten\u021ba la zg\u00e2rieturi.<\/li>\n<\/ul>\n<p><\/p>\n<h3>Marca<\/h3>\n<p>Lynx - este un brand ceh specializat \u00een produc\u021bia de accesorii de \u00eenalt\u0103 calitate pentru ciclism \u0219i activit\u0103\u021bi outdoor. Produsele companiei, inclusiv c\u0103\u0219tile, ochelarii \u0219i m\u0103nu\u0219ile, sunt proiectate cu accent pe aerodinamic\u0103, siguran\u021b\u0103 \u0219i design modern, oferind un raport excelent calitate-pre\u021b at\u00e2t pentru amatori, c\u00e2t \u0219i pentru profesioni\u0219ti.<\/p>","protected":false},"excerpt":{"rendered":"<p>\u0411\u0440\u0435\u043d\u0434 Lynx \u2014 \u044d\u0442\u043e \u0447\u0435\u0448\u0441\u043a\u0438\u0439 \u0431\u0440\u0435\u043d\u0434, \u0441\u043f\u0435\u0446\u0438\u0430\u043b\u0438\u0437\u0438\u0440\u0443\u044e\u0449\u0438\u0439\u0441\u044f \u043d\u0430 \u043f\u0440\u043e\u0438\u0437\u0432\u043e\u0434\u0441\u0442\u0432\u0435 \u0432\u044b\u0441\u043e\u043a\u043e\u043a\u0430\u0447\u0435\u0441\u0442\u0432\u0435\u043d\u043d\u044b\u0445 \u0430\u043a\u0441\u0435\u0441\u0441\u0443\u0430\u0440\u043e\u0432 \u0434\u043b\u044f \u0432\u0435\u043b\u043e\u0441\u043f\u043e\u0440\u0442\u0430 \u0438 \u0430\u043a\u0442\u0438\u0432\u043d\u043e\u0433\u043e \u043e\u0442\u0434\u044b\u0445\u0430. \u041f\u0440\u043e\u0434\u0443\u043a\u0446\u0438\u044f \u043a\u043e\u043c\u043f\u0430\u043d\u0438\u0438, \u0432\u043a\u043b\u044e\u0447\u0430\u044f \u0448\u043b\u0435\u043c\u044b, \u043e\u0447\u043a\u0438 \u0438 \u043f\u0435\u0440\u0447\u0430\u0442\u043a\u0438, \u0440\u0430\u0437\u0440\u0430\u0431\u0430\u0442\u044b\u0432\u0430\u0435\u0442\u0441\u044f \u0441 \u0430\u043a\u0446\u0435\u043d\u0442\u043e\u043c \u043d\u0430 \u0430\u044d\u0440\u043e\u0434\u0438\u043d\u0430\u043c\u0438\u043a\u0443, \u0431\u0435\u0437\u043e\u043f\u0430\u0441\u043d\u043e\u0441\u0442\u044c \u0438 \u0441\u043e\u0432\u0440\u0435\u043c\u0435\u043d\u043d\u044b\u0439 \u0434\u0438\u0437\u0430\u0439\u043d, \u043f\u0440\u0435\u0434\u043b\u0430\u0433\u0430\u044f \u043e\u0442\u043b\u0438\u0447\u043d\u043e\u0435 \u0441\u043e\u043e\u0442\u043d\u043e\u0448\u0435\u043d\u0438\u0435 \u0446\u0435\u043d\u044b \u0438 \u043a\u0430\u0447\u0435\u0441\u0442\u0432\u0430 \u0434\u043b\u044f \u043b\u044e\u0431\u0438\u0442\u0435\u043b\u0435\u0439 \u0438 \u043f\u0440\u043e\u0444\u0435\u0441\u0441\u0438\u043e\u043d\u0430\u043b\u043e\u0432.<\/p>","protected":false},"featured_media":86532,"comment_status":"open","ping_status":"closed","template":"","meta":{"_acf_changed":false,"inline_featured_image":false},"product_brand":[1363],"product_cat":[553],"product_tag":[],"class_list":{"0":"post-85708","1":"product","2":"type-product","3":"status-publish","4":"has-post-thumbnail","6":"product_brand-lynx","7":"product_cat-bycicle-glasses","9":"first","10":"instock","11":"shipping-taxable","12":"purchasable","13":"product-type-simple"},"acf":[],"yoast_head":"<!-- This site is optimized with the Yoast SEO plugin v27.4 - https:\/\/yoast.com\/product\/yoast-seo-wordpress\/ -->\n<title>\u041e\u0447\u043a\u0438 Lynx Detroit PH - \u041c\u0430\u0433\u0430\u0437\u0438\u043d Xstyle<\/title>\n<meta name=\"description\" content=\"\u041e\u0442\u043a\u0440\u043e\u0439\u0442\u0435 \u0434\u043b\u044f \u0441\u0435\u0431\u044f \u043e\u0447\u043a\u0438 Lynx Detroit PH \u0441 \u0437\u0430\u0449\u0438\u0442\u043e\u0439 \u043e\u0442 UVA, UVB, UVC \u0438 \u0438\u0434\u0435\u0430\u043b\u044c\u043d\u043e\u0439 \u043f\u043e\u0441\u0430\u0434\u043a\u043e\u0439. \u041f\u043e\u043b\u0438\u043a\u0430\u0440\u0431\u043e\u043d\u0430\u0442\u043d\u044b\u0435 \u043b\u0438\u043d\u0437\u044b \u0438 \u0430\u043d\u0442\u0438\u0441\u043a\u043e\u043b\u044c\u0437\u044f\u0449\u0430\u044f \u0441\u0438\u0441\u0442\u0435\u043c\u0430 \u0434\u043b\u044f \u0432\u0430\u0448\u0435\u0433\u043e \u043a\u043e\u043c\u0444\u043e\u0440\u0442\u0430!\" \/>\n<meta name=\"robots\" content=\"index, follow, max-snippet:-1, max-image-preview:large, max-video-preview:-1\" \/>\n<link rel=\"canonical\" href=\"https:\/\/xstyle.md\/ro\/produs\/ochki-lynx-detroit-ph\/\" \/>\n<meta property=\"og:locale\" content=\"ro_RO\" \/>\n<meta property=\"og:type\" content=\"article\" \/>\n<meta property=\"og:title\" content=\"\u041e\u0447\u043a\u0438 Lynx Detroit PH - \u041c\u0430\u0433\u0430\u0437\u0438\u043d Xstyle\" \/>\n<meta property=\"og:description\" content=\"\u041e\u0442\u043a\u0440\u043e\u0439\u0442\u0435 \u0434\u043b\u044f \u0441\u0435\u0431\u044f \u043e\u0447\u043a\u0438 Lynx Detroit PH \u0441 \u0437\u0430\u0449\u0438\u0442\u043e\u0439 \u043e\u0442 UVA, UVB, UVC \u0438 \u0438\u0434\u0435\u0430\u043b\u044c\u043d\u043e\u0439 \u043f\u043e\u0441\u0430\u0434\u043a\u043e\u0439. \u041f\u043e\u043b\u0438\u043a\u0430\u0440\u0431\u043e\u043d\u0430\u0442\u043d\u044b\u0435 \u043b\u0438\u043d\u0437\u044b \u0438 \u0430\u043d\u0442\u0438\u0441\u043a\u043e\u043b\u044c\u0437\u044f\u0449\u0430\u044f \u0441\u0438\u0441\u0442\u0435\u043c\u0430 \u0434\u043b\u044f \u0432\u0430\u0448\u0435\u0433\u043e \u043a\u043e\u043c\u0444\u043e\u0440\u0442\u0430!\" \/>\n<meta property=\"og:url\" content=\"https:\/\/xstyle.md\/ro\/produs\/ochki-lynx-detroit-ph\/\" \/>\n<meta property=\"og:site_name\" content=\"\u041c\u0430\u0433\u0430\u0437\u0438\u043d Xstyle\" \/>\n<meta property=\"article:publisher\" content=\"https:\/\/www.facebook.com\/xstylemd\" \/>\n<meta property=\"article:modified_time\" content=\"2026-04-15T14:05:20+00:00\" \/>\n<meta property=\"og:image\" content=\"https:\/\/xstyle.md\/wp-content\/uploads\/2024\/07\/lynx-detroit-ph.jpg\" \/>\n\t<meta property=\"og:image:width\" content=\"771\" \/>\n\t<meta property=\"og:image:height\" content=\"672\" \/>\n\t<meta property=\"og:image:type\" content=\"image\/jpeg\" \/>\n<meta name=\"twitter:card\" content=\"summary_large_image\" \/>\n<meta name=\"twitter:label1\" content=\"Pre\u021b\" \/>\n\t<meta name=\"twitter:data1\" content=\"790&nbsp;MDL\" \/>\n\t<meta name=\"twitter:label2\" content=\"Disponibilitate\" \/>\n\t<meta name=\"twitter:data2\" content=\"\u00cen stoc\" \/>\n<script type=\"application\/ld+json\" class=\"yoast-schema-graph\">{\"@context\":\"https:\\\/\\\/schema.org\",\"@graph\":[{\"@type\":\"WebPage\",\"@id\":\"https:\\\/\\\/xstyle.md\\\/product\\\/ochki-lynx-detroit-ph\\\/\",\"url\":\"https:\\\/\\\/xstyle.md\\\/product\\\/ochki-lynx-detroit-ph\\\/\",\"name\":\"\u041e\u0447\u043a\u0438 Lynx Detroit PH - \u041c\u0430\u0433\u0430\u0437\u0438\u043d Xstyle\",\"isPartOf\":{\"@id\":\"https:\\\/\\\/xstyle.md\\\/#website\"},\"primaryImageOfPage\":{\"@id\":\"https:\\\/\\\/xstyle.md\\\/product\\\/ochki-lynx-detroit-ph\\\/#primaryimage\"},\"image\":{\"@id\":\"https:\\\/\\\/xstyle.md\\\/product\\\/ochki-lynx-detroit-ph\\\/#primaryimage\"},\"thumbnailUrl\":\"https:\\\/\\\/xstyle.md\\\/wp-content\\\/uploads\\\/2024\\\/07\\\/lynx-detroit-ph.jpg\",\"datePublished\":\"2024-07-18T11:38:28+00:00\",\"dateModified\":\"2026-04-15T14:05:20+00:00\",\"description\":\"\u041e\u0442\u043a\u0440\u043e\u0439\u0442\u0435 \u0434\u043b\u044f \u0441\u0435\u0431\u044f \u043e\u0447\u043a\u0438 Lynx Detroit PH \u0441 \u0437\u0430\u0449\u0438\u0442\u043e\u0439 \u043e\u0442 UVA, UVB, UVC \u0438 \u0438\u0434\u0435\u0430\u043b\u044c\u043d\u043e\u0439 \u043f\u043e\u0441\u0430\u0434\u043a\u043e\u0439. \u041f\u043e\u043b\u0438\u043a\u0430\u0440\u0431\u043e\u043d\u0430\u0442\u043d\u044b\u0435 \u043b\u0438\u043d\u0437\u044b \u0438 \u0430\u043d\u0442\u0438\u0441\u043a\u043e\u043b\u044c\u0437\u044f\u0449\u0430\u044f \u0441\u0438\u0441\u0442\u0435\u043c\u0430 \u0434\u043b\u044f \u0432\u0430\u0448\u0435\u0433\u043e \u043a\u043e\u043c\u0444\u043e\u0440\u0442\u0430!\",\"breadcrumb\":{\"@id\":\"https:\\\/\\\/xstyle.md\\\/product\\\/ochki-lynx-detroit-ph\\\/#breadcrumb\"},\"inLanguage\":\"ro-RO\",\"potentialAction\":[{\"@type\":\"ReadAction\",\"target\":[\"https:\\\/\\\/xstyle.md\\\/product\\\/ochki-lynx-detroit-ph\\\/\"]}]},{\"@type\":\"ImageObject\",\"inLanguage\":\"ro-RO\",\"@id\":\"https:\\\/\\\/xstyle.md\\\/product\\\/ochki-lynx-detroit-ph\\\/#primaryimage\",\"url\":\"https:\\\/\\\/xstyle.md\\\/wp-content\\\/uploads\\\/2024\\\/07\\\/lynx-detroit-ph.jpg\",\"contentUrl\":\"https:\\\/\\\/xstyle.md\\\/wp-content\\\/uploads\\\/2024\\\/07\\\/lynx-detroit-ph.jpg\",\"width\":771,\"height\":672,\"caption\":\"\u041e\u0447\u043a\u0438 Lynx Detroit PH \u0434\u043b\u044f \u0430\u043a\u0442\u0438\u0432\u043d\u043e\u0433\u043e \u043e\u0442\u0434\u044b\u0445\u0430, \u043f\u0443\u0442\u0435\u0448\u0435\u0441\u0442\u0432\u0438\u0439 \u0438 \u0441\u043a\u0430\u043b\u043e\u043b\u0430\u0437\u0430\u043d\u0438\u044f, \u0441\u043f\u043e\u0440\u0442\u0438\u0432\u043d\u0430\u044f \u043e\u0431\u0443\u0432\u044c \u0438 \u043e\u0434\u0435\u0436\u0434\u0430 \u0434\u043b\u044f \u043f\u043e\u0445\u043e\u0434\u043e\u0432 \u0438 \u0430\u043b\u044c\u043f\u0438\u043d\u0438\u0437\u043c\u0430 \u0434\u043b\u044f \u043e\u043d\u043b\u0430\u0439\u043d \u043c\u0430\u0433\u0430\u0437\u0438\u043d\u0430 \u0430\u043a\u0442\u0438\u0432\u043d\u043e\u0439 \u0436\u0438\u0437\u043d\u0438\"},{\"@type\":\"BreadcrumbList\",\"@id\":\"https:\\\/\\\/xstyle.md\\\/product\\\/ochki-lynx-detroit-ph\\\/#breadcrumb\",\"itemListElement\":[{\"@type\":\"ListItem\",\"position\":1,\"name\":\"\u0413\u043b\u0430\u0432\u043d\u0430\u044f \u0441\u0442\u0440\u0430\u043d\u0438\u0446\u0430\",\"item\":\"https:\\\/\\\/xstyle.md\\\/\"},{\"@type\":\"ListItem\",\"position\":2,\"name\":\"\u041c\u0430\u0433\u0430\u0437\u0438\u043d\",\"item\":\"https:\\\/\\\/xstyle.md\\\/shop\\\/\"},{\"@type\":\"ListItem\",\"position\":3,\"name\":\"\u041e\u0447\u043a\u0438 Lynx Detroit PH\"}]},{\"@type\":\"WebSite\",\"@id\":\"https:\\\/\\\/xstyle.md\\\/#website\",\"url\":\"https:\\\/\\\/xstyle.md\\\/\",\"name\":\"\u041c\u0430\u0433\u0430\u0437\u0438\u043d Xstyle\",\"description\":\"C\u043d\u0430\u0440\u044f\u0436\u0435\u043d\u0438\u0435 \u0434\u043b\u044f \u0442\u0443\u0440\u0438\u0437\u043c\u0430 \u0438 \u044d\u043a\u0441\u0442\u0440\u0435\u043c\u0430\u043b\u044c\u043d\u044b\u0445 \u0432\u0438\u0434\u043e\u0432 \u0441\u043f\u043e\u0440\u0442\u0430 \u0432 \u041c\u043e\u043b\u0434\u043e\u0432\u0435.. \u0426\u0435\u043d\u044b, \u0444\u043e\u0442\u043e, \u0445\u0430\u0440\u0430\u043a\u0442\u0435\u0440\u0438\u0441\u0442\u0438\u043a\u0438 \u0432 \u041c\u043e\u043b\u0434\u043e\u0432\u0435.\",\"publisher\":{\"@id\":\"https:\\\/\\\/xstyle.md\\\/#organization\"},\"alternateName\":\"X-Style\",\"potentialAction\":[{\"@type\":\"SearchAction\",\"target\":{\"@type\":\"EntryPoint\",\"urlTemplate\":\"https:\\\/\\\/xstyle.md\\\/?s={search_term_string}\"},\"query-input\":{\"@type\":\"PropertyValueSpecification\",\"valueRequired\":true,\"valueName\":\"search_term_string\"}}],\"inLanguage\":\"ro-RO\"},{\"@type\":\"Organization\",\"@id\":\"https:\\\/\\\/xstyle.md\\\/#organization\",\"name\":\"\u041c\u0430\u0433\u0430\u0437\u0438\u043d Xstyle\",\"alternateName\":\"x-style\",\"url\":\"https:\\\/\\\/xstyle.md\\\/\",\"logo\":{\"@type\":\"ImageObject\",\"inLanguage\":\"ro-RO\",\"@id\":\"https:\\\/\\\/xstyle.md\\\/#\\\/schema\\\/logo\\\/image\\\/\",\"url\":\"https:\\\/\\\/xstyle.md\\\/wp-content\\\/uploads\\\/2020\\\/06\\\/logoicon.svg\",\"contentUrl\":\"https:\\\/\\\/xstyle.md\\\/wp-content\\\/uploads\\\/2020\\\/06\\\/logoicon.svg\",\"caption\":\"\u041c\u0430\u0433\u0430\u0437\u0438\u043d Xstyle\"},\"image\":{\"@id\":\"https:\\\/\\\/xstyle.md\\\/#\\\/schema\\\/logo\\\/image\\\/\"},\"sameAs\":[\"https:\\\/\\\/www.facebook.com\\\/xstylemd\",\"https:\\\/\\\/www.instagram.com\\\/xstyle_md\\\/\",\"https:\\\/\\\/t.me\\\/xstyle_outdoor\"],\"hasMerchantReturnPolicy\":{\"@type\":\"MerchantReturnPolicy\",\"merchantReturnLink\":\"https:\\\/\\\/xstyle.md\\\/ro\\\/conditions\\\/\"}}]}<\/script>\n<meta property=\"product:price:amount\" content=\"790.00\" \/>\n<meta property=\"product:price:currency\" content=\"MDL\" \/>\n<meta property=\"og:availability\" content=\"instock\" \/>\n<meta property=\"product:availability\" content=\"instock\" \/>\n<meta property=\"product:retailer_item_id\" content=\"6901945484365\" \/>\n<meta property=\"product:condition\" content=\"new\" \/>\n<!-- \/ Yoast SEO plugin. -->","yoast_head_json":{"title":"\u00cenghesuirile Lynx Detroit PH - Magazin Xstyle","description":"Descoperi\u021bi ochelarii Lynx Detroit PH cu protec\u021bie \u00eempotriva UVA, UVB, UVC \u0219i o potrivire ideal\u0103. Lentilele din policarbonat \u0219i sistemul antiderapant pentru confortul dumneavoastr\u0103!","robots":{"index":"index","follow":"follow","max-snippet":"max-snippet:-1","max-image-preview":"max-image-preview:large","max-video-preview":"max-video-preview:-1"},"canonical":"https:\/\/xstyle.md\/ro\/produs\/ochki-lynx-detroit-ph\/","og_locale":"ro_RO","og_type":"article","og_title":"\u041e\u0447\u043a\u0438 Lynx Detroit PH - \u041c\u0430\u0433\u0430\u0437\u0438\u043d Xstyle","og_description":"\u041e\u0442\u043a\u0440\u043e\u0439\u0442\u0435 \u0434\u043b\u044f \u0441\u0435\u0431\u044f \u043e\u0447\u043a\u0438 Lynx Detroit PH \u0441 \u0437\u0430\u0449\u0438\u0442\u043e\u0439 \u043e\u0442 UVA, UVB, UVC \u0438 \u0438\u0434\u0435\u0430\u043b\u044c\u043d\u043e\u0439 \u043f\u043e\u0441\u0430\u0434\u043a\u043e\u0439. \u041f\u043e\u043b\u0438\u043a\u0430\u0440\u0431\u043e\u043d\u0430\u0442\u043d\u044b\u0435 \u043b\u0438\u043d\u0437\u044b \u0438 \u0430\u043d\u0442\u0438\u0441\u043a\u043e\u043b\u044c\u0437\u044f\u0449\u0430\u044f \u0441\u0438\u0441\u0442\u0435\u043c\u0430 \u0434\u043b\u044f \u0432\u0430\u0448\u0435\u0433\u043e \u043a\u043e\u043c\u0444\u043e\u0440\u0442\u0430!","og_url":"https:\/\/xstyle.md\/ro\/produs\/ochki-lynx-detroit-ph\/","og_site_name":"\u041c\u0430\u0433\u0430\u0437\u0438\u043d Xstyle","article_publisher":"https:\/\/www.facebook.com\/xstylemd","article_modified_time":"2026-04-15T14:05:20+00:00","og_image":[{"width":771,"height":672,"url":"https:\/\/xstyle.md\/wp-content\/uploads\/2024\/07\/lynx-detroit-ph.jpg","type":"image\/jpeg"}],"twitter_card":"summary_large_image","twitter_misc":{"Pre\u021b":"790&nbsp;MDL","Disponibilitate":"\u00cen stoc"},"schema":{"@context":"https:\/\/schema.org","@graph":[{"@type":"WebPage","@id":"https:\/\/xstyle.md\/product\/ochki-lynx-detroit-ph\/","url":"https:\/\/xstyle.md\/product\/ochki-lynx-detroit-ph\/","name":"\u00cenghesuirile Lynx Detroit PH - Magazin Xstyle","isPartOf":{"@id":"https:\/\/xstyle.md\/#website"},"primaryImageOfPage":{"@id":"https:\/\/xstyle.md\/product\/ochki-lynx-detroit-ph\/#primaryimage"},"image":{"@id":"https:\/\/xstyle.md\/product\/ochki-lynx-detroit-ph\/#primaryimage"},"thumbnailUrl":"https:\/\/xstyle.md\/wp-content\/uploads\/2024\/07\/lynx-detroit-ph.jpg","datePublished":"2024-07-18T11:38:28+00:00","dateModified":"2026-04-15T14:05:20+00:00","description":"Descoperi\u021bi ochelarii Lynx Detroit PH cu protec\u021bie \u00eempotriva UVA, UVB, UVC \u0219i o potrivire ideal\u0103. Lentilele din policarbonat \u0219i sistemul antiderapant pentru confortul dumneavoastr\u0103!","breadcrumb":{"@id":"https:\/\/xstyle.md\/product\/ochki-lynx-detroit-ph\/#breadcrumb"},"inLanguage":"ro-RO","potentialAction":[{"@type":"ReadAction","target":["https:\/\/xstyle.md\/product\/ochki-lynx-detroit-ph\/"]}]},{"@type":"ImageObject","inLanguage":"ro-RO","@id":"https:\/\/xstyle.md\/product\/ochki-lynx-detroit-ph\/#primaryimage","url":"https:\/\/xstyle.md\/wp-content\/uploads\/2024\/07\/lynx-detroit-ph.jpg","contentUrl":"https:\/\/xstyle.md\/wp-content\/uploads\/2024\/07\/lynx-detroit-ph.jpg","width":771,"height":672,"caption":"\u041e\u0447\u043a\u0438 Lynx Detroit PH \u0434\u043b\u044f \u0430\u043a\u0442\u0438\u0432\u043d\u043e\u0433\u043e \u043e\u0442\u0434\u044b\u0445\u0430, \u043f\u0443\u0442\u0435\u0448\u0435\u0441\u0442\u0432\u0438\u0439 \u0438 \u0441\u043a\u0430\u043b\u043e\u043b\u0430\u0437\u0430\u043d\u0438\u044f, \u0441\u043f\u043e\u0440\u0442\u0438\u0432\u043d\u0430\u044f \u043e\u0431\u0443\u0432\u044c \u0438 \u043e\u0434\u0435\u0436\u0434\u0430 \u0434\u043b\u044f \u043f\u043e\u0445\u043e\u0434\u043e\u0432 \u0438 \u0430\u043b\u044c\u043f\u0438\u043d\u0438\u0437\u043c\u0430 \u0434\u043b\u044f \u043e\u043d\u043b\u0430\u0439\u043d \u043c\u0430\u0433\u0430\u0437\u0438\u043d\u0430 \u0430\u043a\u0442\u0438\u0432\u043d\u043e\u0439 \u0436\u0438\u0437\u043d\u0438"},{"@type":"BreadcrumbList","@id":"https:\/\/xstyle.md\/product\/ochki-lynx-detroit-ph\/#breadcrumb","itemListElement":[{"@type":"ListItem","position":1,"name":"\u0413\u043b\u0430\u0432\u043d\u0430\u044f \u0441\u0442\u0440\u0430\u043d\u0438\u0446\u0430","item":"https:\/\/xstyle.md\/"},{"@type":"ListItem","position":2,"name":"\u041c\u0430\u0433\u0430\u0437\u0438\u043d","item":"https:\/\/xstyle.md\/shop\/"},{"@type":"ListItem","position":3,"name":"\u041e\u0447\u043a\u0438 Lynx Detroit PH"}]},{"@type":"WebSite","@id":"https:\/\/xstyle.md\/#website","url":"https:\/\/xstyle.md\/","name":"Magazinul X-Style","description":"Echipamente pentru turism \u0219i sporturi extreme \u00een Moldova. Pre\u021buri, fotografii, caracteristici \u00een Moldova.","publisher":{"@id":"https:\/\/xstyle.md\/#organization"},"alternateName":"X-Style","potentialAction":[{"@type":"SearchAction","target":{"@type":"EntryPoint","urlTemplate":"https:\/\/xstyle.md\/?s={search_term_string}"},"query-input":{"@type":"PropertyValueSpecification","valueRequired":true,"valueName":"search_term_string"}}],"inLanguage":"ro-RO"},{"@type":"Organization","@id":"https:\/\/xstyle.md\/#organization","name":"Magazinul X-Style","alternateName":"x-style","url":"https:\/\/xstyle.md\/","logo":{"@type":"ImageObject","inLanguage":"ro-RO","@id":"https:\/\/xstyle.md\/#\/schema\/logo\/image\/","url":"https:\/\/xstyle.md\/wp-content\/uploads\/2020\/06\/logoicon.svg","contentUrl":"https:\/\/xstyle.md\/wp-content\/uploads\/2020\/06\/logoicon.svg","caption":"\u041c\u0430\u0433\u0430\u0437\u0438\u043d Xstyle"},"image":{"@id":"https:\/\/xstyle.md\/#\/schema\/logo\/image\/"},"sameAs":["https:\/\/www.facebook.com\/xstylemd","https:\/\/www.instagram.com\/xstyle_md\/","https:\/\/t.me\/xstyle_outdoor"],"hasMerchantReturnPolicy":{"@type":"MerchantReturnPolicy","merchantReturnLink":"https:\/\/xstyle.md\/ro\/conditions\/"}}]},"product_price_amount":"790.00","product_price_currency":"MDL","og_availability":"instock","product_availability":"instock","product_retailer_item_id":"6901945484365","product_condition":"new"},"_links":{"self":[{"href":"https:\/\/xstyle.md\/ro\/wp-json\/wp\/v2\/product\/85708","targetHints":{"allow":["GET"]}}],"collection":[{"href":"https:\/\/xstyle.md\/ro\/wp-json\/wp\/v2\/product"}],"about":[{"href":"https:\/\/xstyle.md\/ro\/wp-json\/wp\/v2\/types\/product"}],"replies":[{"embeddable":true,"href":"https:\/\/xstyle.md\/ro\/wp-json\/wp\/v2\/comments?post=85708"}],"wp:featuredmedia":[{"embeddable":true,"href":"https:\/\/xstyle.md\/ro\/wp-json\/wp\/v2\/media\/86532"}],"wp:attachment":[{"href":"https:\/\/xstyle.md\/ro\/wp-json\/wp\/v2\/media?parent=85708"}],"wp:term":[{"taxonomy":"product_brand","embeddable":true,"href":"https:\/\/xstyle.md\/ro\/wp-json\/wp\/v2\/product_brand?post=85708"},{"taxonomy":"product_cat","embeddable":true,"href":"https:\/\/xstyle.md\/ro\/wp-json\/wp\/v2\/product_cat?post=85708"},{"taxonomy":"product_tag","embeddable":true,"href":"https:\/\/xstyle.md\/ro\/wp-json\/wp\/v2\/product_tag?post=85708"}],"curies":[{"name":"wp","href":"https:\/\/api.w.org\/{rel}","templated":true}]}}