{"id":85492,"date":"2024-07-15T09:47:00","date_gmt":"2024-07-15T06:47:00","guid":{"rendered":"https:\/\/xstyle.md\/?post_type=product&#038;p=85492"},"modified":"2025-06-21T15:06:24","modified_gmt":"2025-06-21T12:06:24","slug":"raketki-dlya-badmintona-abisal-steeltec-9-rocket-red-wish","status":"publish","type":"product","link":"https:\/\/xstyle.md\/ro\/produs\/raketki-dlya-badmintona-abisal-steeltec-9-rocket-red-wish\/","title":{"rendered":"Racheta de badminton Abisal Steeltec 9 Rocket Red Wish"},"content":{"rendered":"<\/p>\n<p><strong>Abisal Steeltec 9 Rocket Red Wish<\/strong> &#8212; rachet\u0103 de badminton conceput\u0103 pentru juc\u0103torii de nivel mediu. Construc\u021bia din fibr\u0103 de carbon cre\u0219te semnificativ stabilitatea \u0219i durabilitatea rachetei \u0219i reduce semnificativ greutatea acesteia. Tehnologia ISODYNAMIC asigur\u0103 controlul \u0219i precizia loviturilor, ceea ce afecteaz\u0103 \u00een mod direct calitatea \u0219i confortul jocului.<\/p>\n<p>Tehnologia ISODYNAMIC include o form\u0103 unic\u0103 a capului de rachet\u0103 care cre\u0219te suprafa\u021ba de lovire cu 32% fa\u021b\u0103 de modelele tradi\u021bionale, asigur\u00e2nd lovituri optime \u0219i precizie.<\/p>\n<p>Profilul sub\u021bire al rachetelor Abisal Steeltec 9 reduce rezisten\u021ba aerului pentru o putere \u0219i o performan\u021b\u0103 sporite.<\/p>\n<h3>Caracteristici<\/h3>\n<ul>\n<li>Material &#8212; o\u021bel + aluminiu<\/li>\n<li>Lungime &#8212; 66,5 cm<\/li>\n<li>Greutate &#8212; 90-94 g<\/li>\n<li>Tensiune &#8212; 8 &#8212; 9 kg<\/li>\n<li>Grosimea m\u00e2nerului &#8212; G2 (85 mm)<\/li>\n<\/ul>\n<p><\/p>","protected":false},"excerpt":{"rendered":"","protected":false},"featured_media":95297,"comment_status":"open","ping_status":"closed","template":"","meta":{"_acf_changed":false,"inline_featured_image":false},"product_brand":[1483],"product_cat":[960],"product_tag":[],"class_list":{"0":"post-85492","1":"product","2":"type-product","3":"status-publish","4":"has-post-thumbnail","6":"product_brand-abisal","7":"product_cat-sports-equipment","9":"first","10":"instock","11":"shipping-taxable","12":"purchasable","13":"product-type-simple"},"acf":[],"yoast_head":"<!-- This site is optimized with the Yoast SEO plugin v27.4 - https:\/\/yoast.com\/product\/yoast-seo-wordpress\/ -->\n<title>\u0420\u0430\u043a\u0435\u0442\u043a\u0430 \u0434\u043b\u044f \u0431\u0430\u0434\u043c\u0438\u043d\u0442\u043e\u043d\u0430 Abisal Steeltec 9 Rocket Red Wish - \u041c\u0430\u0433\u0430\u0437\u0438\u043d Xstyle<\/title>\n<meta name=\"description\" content=\"\u0420\u0430\u043a\u0435\u0442\u043a\u0430 \u0434\u043b\u044f \u0431\u0430\u0434\u043c\u0438\u043d\u0442\u043e\u043d\u0430 Abisal Steeltec 9 Rocket Red Wish \u043e\u0431\u0435\u0441\u043f\u0435\u0447\u0438\u0432\u0430\u0435\u0442 \u043e\u0442\u043b\u0438\u0447\u043d\u0443\u044e \u0441\u0442\u0430\u0431\u0438\u043b\u044c\u043d\u043e\u0441\u0442\u044c \u0438 \u0431\u0430\u043b\u0430\u043d\u0441 \u0431\u043b\u0430\u0433\u043e\u0434\u0430\u0440\u044f \u0442\u0435\u0445\u043d\u043e\u043b\u043e\u0433\u0438\u0438 ISODYNAMIC. \u0418\u0434\u0435\u0430\u043b\u044c\u043d\u0430 \u0434\u043b\u044f \u043d\u043e\u0432\u0438\u0447\u043a\u043e\u0432!\" \/>\n<meta name=\"robots\" content=\"index, follow, max-snippet:-1, max-image-preview:large, max-video-preview:-1\" \/>\n<link rel=\"canonical\" href=\"https:\/\/xstyle.md\/ro\/produs\/raketki-dlya-badmintona-abisal-steeltec-9-rocket-red-wish\/\" \/>\n<meta property=\"og:locale\" content=\"ro_RO\" \/>\n<meta property=\"og:type\" content=\"article\" \/>\n<meta property=\"og:title\" content=\"\u0420\u0430\u043a\u0435\u0442\u043a\u0430 \u0434\u043b\u044f \u0431\u0430\u0434\u043c\u0438\u043d\u0442\u043e\u043d\u0430 Abisal Steeltec 9 Rocket Red Wish - \u041c\u0430\u0433\u0430\u0437\u0438\u043d Xstyle\" \/>\n<meta property=\"og:description\" content=\"\u0420\u0430\u043a\u0435\u0442\u043a\u0430 \u0434\u043b\u044f \u0431\u0430\u0434\u043c\u0438\u043d\u0442\u043e\u043d\u0430 Abisal Steeltec 9 Rocket Red Wish \u043e\u0431\u0435\u0441\u043f\u0435\u0447\u0438\u0432\u0430\u0435\u0442 \u043e\u0442\u043b\u0438\u0447\u043d\u0443\u044e \u0441\u0442\u0430\u0431\u0438\u043b\u044c\u043d\u043e\u0441\u0442\u044c \u0438 \u0431\u0430\u043b\u0430\u043d\u0441 \u0431\u043b\u0430\u0433\u043e\u0434\u0430\u0440\u044f \u0442\u0435\u0445\u043d\u043e\u043b\u043e\u0433\u0438\u0438 ISODYNAMIC. \u0418\u0434\u0435\u0430\u043b\u044c\u043d\u0430 \u0434\u043b\u044f \u043d\u043e\u0432\u0438\u0447\u043a\u043e\u0432!\" \/>\n<meta property=\"og:url\" content=\"https:\/\/xstyle.md\/ro\/produs\/raketki-dlya-badmintona-abisal-steeltec-9-rocket-red-wish\/\" \/>\n<meta property=\"og:site_name\" content=\"\u041c\u0430\u0433\u0430\u0437\u0438\u043d Xstyle\" \/>\n<meta property=\"article:publisher\" content=\"https:\/\/www.facebook.com\/xstylemd\" \/>\n<meta property=\"article:modified_time\" content=\"2025-06-21T12:06:24+00:00\" \/>\n<meta property=\"og:image\" content=\"https:\/\/xstyle.md\/wp-content\/uploads\/2024\/07\/abisal-steeltec-9-rocket-red-wish-0.webp\" \/>\n\t<meta property=\"og:image:width\" content=\"900\" \/>\n\t<meta property=\"og:image:height\" content=\"900\" \/>\n\t<meta property=\"og:image:type\" content=\"image\/webp\" \/>\n<meta name=\"twitter:card\" content=\"summary_large_image\" \/>\n<meta name=\"twitter:label1\" content=\"Pre\u021b\" \/>\n\t<meta name=\"twitter:data1\" content=\"270&nbsp;MDL\" \/>\n\t<meta name=\"twitter:label2\" content=\"Disponibilitate\" \/>\n\t<meta name=\"twitter:data2\" content=\"\u00cen stoc\" \/>\n<script type=\"application\/ld+json\" class=\"yoast-schema-graph\">{\"@context\":\"https:\\\/\\\/schema.org\",\"@graph\":[{\"@type\":\"WebPage\",\"@id\":\"https:\\\/\\\/xstyle.md\\\/product\\\/raketki-dlya-badmintona-abisal-steeltec-9-rocket-red-wish\\\/\",\"url\":\"https:\\\/\\\/xstyle.md\\\/product\\\/raketki-dlya-badmintona-abisal-steeltec-9-rocket-red-wish\\\/\",\"name\":\"\u0420\u0430\u043a\u0435\u0442\u043a\u0430 \u0434\u043b\u044f \u0431\u0430\u0434\u043c\u0438\u043d\u0442\u043e\u043d\u0430 Abisal Steeltec 9 Rocket Red Wish - \u041c\u0430\u0433\u0430\u0437\u0438\u043d Xstyle\",\"isPartOf\":{\"@id\":\"https:\\\/\\\/xstyle.md\\\/#website\"},\"primaryImageOfPage\":{\"@id\":\"https:\\\/\\\/xstyle.md\\\/product\\\/raketki-dlya-badmintona-abisal-steeltec-9-rocket-red-wish\\\/#primaryimage\"},\"image\":{\"@id\":\"https:\\\/\\\/xstyle.md\\\/product\\\/raketki-dlya-badmintona-abisal-steeltec-9-rocket-red-wish\\\/#primaryimage\"},\"thumbnailUrl\":\"https:\\\/\\\/xstyle.md\\\/wp-content\\\/uploads\\\/2024\\\/07\\\/abisal-steeltec-9-rocket-red-wish-0.webp\",\"datePublished\":\"2024-07-15T06:47:00+00:00\",\"dateModified\":\"2025-06-21T12:06:24+00:00\",\"description\":\"\u0420\u0430\u043a\u0435\u0442\u043a\u0430 \u0434\u043b\u044f \u0431\u0430\u0434\u043c\u0438\u043d\u0442\u043e\u043d\u0430 Abisal Steeltec 9 Rocket Red Wish \u043e\u0431\u0435\u0441\u043f\u0435\u0447\u0438\u0432\u0430\u0435\u0442 \u043e\u0442\u043b\u0438\u0447\u043d\u0443\u044e \u0441\u0442\u0430\u0431\u0438\u043b\u044c\u043d\u043e\u0441\u0442\u044c \u0438 \u0431\u0430\u043b\u0430\u043d\u0441 \u0431\u043b\u0430\u0433\u043e\u0434\u0430\u0440\u044f \u0442\u0435\u0445\u043d\u043e\u043b\u043e\u0433\u0438\u0438 ISODYNAMIC. \u0418\u0434\u0435\u0430\u043b\u044c\u043d\u0430 \u0434\u043b\u044f \u043d\u043e\u0432\u0438\u0447\u043a\u043e\u0432!\",\"breadcrumb\":{\"@id\":\"https:\\\/\\\/xstyle.md\\\/product\\\/raketki-dlya-badmintona-abisal-steeltec-9-rocket-red-wish\\\/#breadcrumb\"},\"inLanguage\":\"ro-RO\",\"potentialAction\":[{\"@type\":\"ReadAction\",\"target\":[\"https:\\\/\\\/xstyle.md\\\/product\\\/raketki-dlya-badmintona-abisal-steeltec-9-rocket-red-wish\\\/\"]}]},{\"@type\":\"ImageObject\",\"inLanguage\":\"ro-RO\",\"@id\":\"https:\\\/\\\/xstyle.md\\\/product\\\/raketki-dlya-badmintona-abisal-steeltec-9-rocket-red-wish\\\/#primaryimage\",\"url\":\"https:\\\/\\\/xstyle.md\\\/wp-content\\\/uploads\\\/2024\\\/07\\\/abisal-steeltec-9-rocket-red-wish-0.webp\",\"contentUrl\":\"https:\\\/\\\/xstyle.md\\\/wp-content\\\/uploads\\\/2024\\\/07\\\/abisal-steeltec-9-rocket-red-wish-0.webp\",\"width\":900,\"height\":900,\"caption\":\"\u0420\u0430\u043a\u0435\u0442\u043a\u0430 \u0434\u043b\u044f \u0431\u0430\u0434\u043c\u0438\u043d\u0442\u043e\u043d\u0430 Abisal Steeltec 9 Rocket Red Wish \u043d\u0430 \u0441\u0430\u0439\u0442\u0435 \u043c\u0430\u0433\u0430\u0437\u0438\u043d\u0430 \u0430\u043a\u0442\u0438\u0432\u043d\u043e\u0439 \u0436\u0438\u0437\u043d\u0438 \u0434\u043b\u044f \u0437\u0430\u043d\u044f\u0442\u0438\u0439 \u0441\u043f\u043e\u0440\u0442\u043e\u043c, \u043f\u043e\u0445\u043e\u0434\u043e\u0432 \u0438 \u043f\u0443\u0442\u0435\u0448\u0435\u0441\u0442\u0432\u0438\u0439\"},{\"@type\":\"BreadcrumbList\",\"@id\":\"https:\\\/\\\/xstyle.md\\\/product\\\/raketki-dlya-badmintona-abisal-steeltec-9-rocket-red-wish\\\/#breadcrumb\",\"itemListElement\":[{\"@type\":\"ListItem\",\"position\":1,\"name\":\"\u0413\u043b\u0430\u0432\u043d\u0430\u044f \u0441\u0442\u0440\u0430\u043d\u0438\u0446\u0430\",\"item\":\"https:\\\/\\\/xstyle.md\\\/\"},{\"@type\":\"ListItem\",\"position\":2,\"name\":\"\u041c\u0430\u0433\u0430\u0437\u0438\u043d\",\"item\":\"https:\\\/\\\/xstyle.md\\\/shop\\\/\"},{\"@type\":\"ListItem\",\"position\":3,\"name\":\"\u0420\u0430\u043a\u0435\u0442\u043a\u0430 \u0434\u043b\u044f \u0431\u0430\u0434\u043c\u0438\u043d\u0442\u043e\u043d\u0430 Abisal Steeltec 9 Rocket Red Wish\"}]},{\"@type\":\"WebSite\",\"@id\":\"https:\\\/\\\/xstyle.md\\\/#website\",\"url\":\"https:\\\/\\\/xstyle.md\\\/\",\"name\":\"\u041c\u0430\u0433\u0430\u0437\u0438\u043d Xstyle\",\"description\":\"C\u043d\u0430\u0440\u044f\u0436\u0435\u043d\u0438\u0435 \u0434\u043b\u044f \u0442\u0443\u0440\u0438\u0437\u043c\u0430 \u0438 \u044d\u043a\u0441\u0442\u0440\u0435\u043c\u0430\u043b\u044c\u043d\u044b\u0445 \u0432\u0438\u0434\u043e\u0432 \u0441\u043f\u043e\u0440\u0442\u0430 \u0432 \u041c\u043e\u043b\u0434\u043e\u0432\u0435.. \u0426\u0435\u043d\u044b, \u0444\u043e\u0442\u043e, \u0445\u0430\u0440\u0430\u043a\u0442\u0435\u0440\u0438\u0441\u0442\u0438\u043a\u0438 \u0432 \u041c\u043e\u043b\u0434\u043e\u0432\u0435.\",\"publisher\":{\"@id\":\"https:\\\/\\\/xstyle.md\\\/#organization\"},\"alternateName\":\"X-Style\",\"potentialAction\":[{\"@type\":\"SearchAction\",\"target\":{\"@type\":\"EntryPoint\",\"urlTemplate\":\"https:\\\/\\\/xstyle.md\\\/?s={search_term_string}\"},\"query-input\":{\"@type\":\"PropertyValueSpecification\",\"valueRequired\":true,\"valueName\":\"search_term_string\"}}],\"inLanguage\":\"ro-RO\"},{\"@type\":\"Organization\",\"@id\":\"https:\\\/\\\/xstyle.md\\\/#organization\",\"name\":\"\u041c\u0430\u0433\u0430\u0437\u0438\u043d Xstyle\",\"alternateName\":\"x-style\",\"url\":\"https:\\\/\\\/xstyle.md\\\/\",\"logo\":{\"@type\":\"ImageObject\",\"inLanguage\":\"ro-RO\",\"@id\":\"https:\\\/\\\/xstyle.md\\\/#\\\/schema\\\/logo\\\/image\\\/\",\"url\":\"https:\\\/\\\/xstyle.md\\\/wp-content\\\/uploads\\\/2020\\\/06\\\/logoicon.svg\",\"contentUrl\":\"https:\\\/\\\/xstyle.md\\\/wp-content\\\/uploads\\\/2020\\\/06\\\/logoicon.svg\",\"caption\":\"\u041c\u0430\u0433\u0430\u0437\u0438\u043d Xstyle\"},\"image\":{\"@id\":\"https:\\\/\\\/xstyle.md\\\/#\\\/schema\\\/logo\\\/image\\\/\"},\"sameAs\":[\"https:\\\/\\\/www.facebook.com\\\/xstylemd\",\"https:\\\/\\\/www.instagram.com\\\/xstyle_md\\\/\",\"https:\\\/\\\/t.me\\\/xstyle_outdoor\"],\"hasMerchantReturnPolicy\":{\"@type\":\"MerchantReturnPolicy\",\"merchantReturnLink\":\"https:\\\/\\\/xstyle.md\\\/ro\\\/conditions\\\/\"}}]}<\/script>\n<meta property=\"product:price:amount\" content=\"270.00\" \/>\n<meta property=\"product:price:currency\" content=\"MDL\" \/>\n<meta property=\"og:availability\" content=\"instock\" \/>\n<meta property=\"product:availability\" content=\"instock\" \/>\n<meta property=\"product:retailer_item_id\" content=\"5907695549836\" \/>\n<meta property=\"product:condition\" content=\"new\" \/>\n<!-- \/ Yoast SEO plugin. -->","yoast_head_json":{"title":"\u0420\u0430\u043a\u0435\u0442\u043a\u0430 \u0434\u043b\u044f \u0431\u0430\u0434\u043c\u0438\u043d\u0442\u043e\u043d\u0430 Abisal Steeltec 9 Rocket Red Wish - \u041c\u0430\u0433\u0430\u0437\u0438\u043d Xstyle","description":"Racheta pentru badminton Abisal Steeltec 9 Rocket Red Wish ofer\u0103 o stabilitate \u0219i un echilibru excelent datorit\u0103 tehnologiei ISODYNAMIC. Ideal\u0103 pentru \u00eencep\u0103tori!","robots":{"index":"index","follow":"follow","max-snippet":"max-snippet:-1","max-image-preview":"max-image-preview:large","max-video-preview":"max-video-preview:-1"},"canonical":"https:\/\/xstyle.md\/ro\/produs\/raketki-dlya-badmintona-abisal-steeltec-9-rocket-red-wish\/","og_locale":"ro_RO","og_type":"article","og_title":"\u0420\u0430\u043a\u0435\u0442\u043a\u0430 \u0434\u043b\u044f \u0431\u0430\u0434\u043c\u0438\u043d\u0442\u043e\u043d\u0430 Abisal Steeltec 9 Rocket Red Wish - \u041c\u0430\u0433\u0430\u0437\u0438\u043d Xstyle","og_description":"\u0420\u0430\u043a\u0435\u0442\u043a\u0430 \u0434\u043b\u044f \u0431\u0430\u0434\u043c\u0438\u043d\u0442\u043e\u043d\u0430 Abisal Steeltec 9 Rocket Red Wish \u043e\u0431\u0435\u0441\u043f\u0435\u0447\u0438\u0432\u0430\u0435\u0442 \u043e\u0442\u043b\u0438\u0447\u043d\u0443\u044e \u0441\u0442\u0430\u0431\u0438\u043b\u044c\u043d\u043e\u0441\u0442\u044c \u0438 \u0431\u0430\u043b\u0430\u043d\u0441 \u0431\u043b\u0430\u0433\u043e\u0434\u0430\u0440\u044f \u0442\u0435\u0445\u043d\u043e\u043b\u043e\u0433\u0438\u0438 ISODYNAMIC. \u0418\u0434\u0435\u0430\u043b\u044c\u043d\u0430 \u0434\u043b\u044f \u043d\u043e\u0432\u0438\u0447\u043a\u043e\u0432!","og_url":"https:\/\/xstyle.md\/ro\/produs\/raketki-dlya-badmintona-abisal-steeltec-9-rocket-red-wish\/","og_site_name":"\u041c\u0430\u0433\u0430\u0437\u0438\u043d Xstyle","article_publisher":"https:\/\/www.facebook.com\/xstylemd","article_modified_time":"2025-06-21T12:06:24+00:00","og_image":[{"width":900,"height":900,"url":"https:\/\/xstyle.md\/wp-content\/uploads\/2024\/07\/abisal-steeltec-9-rocket-red-wish-0.webp","type":"image\/webp"}],"twitter_card":"summary_large_image","twitter_misc":{"Pre\u021b":"270&nbsp;MDL","Disponibilitate":"\u00cen stoc"},"schema":{"@context":"https:\/\/schema.org","@graph":[{"@type":"WebPage","@id":"https:\/\/xstyle.md\/product\/raketki-dlya-badmintona-abisal-steeltec-9-rocket-red-wish\/","url":"https:\/\/xstyle.md\/product\/raketki-dlya-badmintona-abisal-steeltec-9-rocket-red-wish\/","name":"\u0420\u0430\u043a\u0435\u0442\u043a\u0430 \u0434\u043b\u044f \u0431\u0430\u0434\u043c\u0438\u043d\u0442\u043e\u043d\u0430 Abisal Steeltec 9 Rocket Red Wish - \u041c\u0430\u0433\u0430\u0437\u0438\u043d Xstyle","isPartOf":{"@id":"https:\/\/xstyle.md\/#website"},"primaryImageOfPage":{"@id":"https:\/\/xstyle.md\/product\/raketki-dlya-badmintona-abisal-steeltec-9-rocket-red-wish\/#primaryimage"},"image":{"@id":"https:\/\/xstyle.md\/product\/raketki-dlya-badmintona-abisal-steeltec-9-rocket-red-wish\/#primaryimage"},"thumbnailUrl":"https:\/\/xstyle.md\/wp-content\/uploads\/2024\/07\/abisal-steeltec-9-rocket-red-wish-0.webp","datePublished":"2024-07-15T06:47:00+00:00","dateModified":"2025-06-21T12:06:24+00:00","description":"Racheta pentru badminton Abisal Steeltec 9 Rocket Red Wish ofer\u0103 o stabilitate \u0219i un echilibru excelent datorit\u0103 tehnologiei ISODYNAMIC. Ideal\u0103 pentru \u00eencep\u0103tori!","breadcrumb":{"@id":"https:\/\/xstyle.md\/product\/raketki-dlya-badmintona-abisal-steeltec-9-rocket-red-wish\/#breadcrumb"},"inLanguage":"ro-RO","potentialAction":[{"@type":"ReadAction","target":["https:\/\/xstyle.md\/product\/raketki-dlya-badmintona-abisal-steeltec-9-rocket-red-wish\/"]}]},{"@type":"ImageObject","inLanguage":"ro-RO","@id":"https:\/\/xstyle.md\/product\/raketki-dlya-badmintona-abisal-steeltec-9-rocket-red-wish\/#primaryimage","url":"https:\/\/xstyle.md\/wp-content\/uploads\/2024\/07\/abisal-steeltec-9-rocket-red-wish-0.webp","contentUrl":"https:\/\/xstyle.md\/wp-content\/uploads\/2024\/07\/abisal-steeltec-9-rocket-red-wish-0.webp","width":900,"height":900,"caption":"\u0420\u0430\u043a\u0435\u0442\u043a\u0430 \u0434\u043b\u044f \u0431\u0430\u0434\u043c\u0438\u043d\u0442\u043e\u043d\u0430 Abisal Steeltec 9 Rocket Red Wish \u043d\u0430 \u0441\u0430\u0439\u0442\u0435 \u043c\u0430\u0433\u0430\u0437\u0438\u043d\u0430 \u0430\u043a\u0442\u0438\u0432\u043d\u043e\u0439 \u0436\u0438\u0437\u043d\u0438 \u0434\u043b\u044f \u0437\u0430\u043d\u044f\u0442\u0438\u0439 \u0441\u043f\u043e\u0440\u0442\u043e\u043c, \u043f\u043e\u0445\u043e\u0434\u043e\u0432 \u0438 \u043f\u0443\u0442\u0435\u0448\u0435\u0441\u0442\u0432\u0438\u0439"},{"@type":"BreadcrumbList","@id":"https:\/\/xstyle.md\/product\/raketki-dlya-badmintona-abisal-steeltec-9-rocket-red-wish\/#breadcrumb","itemListElement":[{"@type":"ListItem","position":1,"name":"\u0413\u043b\u0430\u0432\u043d\u0430\u044f \u0441\u0442\u0440\u0430\u043d\u0438\u0446\u0430","item":"https:\/\/xstyle.md\/"},{"@type":"ListItem","position":2,"name":"\u041c\u0430\u0433\u0430\u0437\u0438\u043d","item":"https:\/\/xstyle.md\/shop\/"},{"@type":"ListItem","position":3,"name":"\u0420\u0430\u043a\u0435\u0442\u043a\u0430 \u0434\u043b\u044f \u0431\u0430\u0434\u043c\u0438\u043d\u0442\u043e\u043d\u0430 Abisal Steeltec 9 Rocket Red Wish"}]},{"@type":"WebSite","@id":"https:\/\/xstyle.md\/#website","url":"https:\/\/xstyle.md\/","name":"Magazinul X-Style","description":"Echipamente pentru turism \u0219i sporturi extreme \u00een Moldova. Pre\u021buri, fotografii, caracteristici \u00een Moldova.","publisher":{"@id":"https:\/\/xstyle.md\/#organization"},"alternateName":"X-Style","potentialAction":[{"@type":"SearchAction","target":{"@type":"EntryPoint","urlTemplate":"https:\/\/xstyle.md\/?s={search_term_string}"},"query-input":{"@type":"PropertyValueSpecification","valueRequired":true,"valueName":"search_term_string"}}],"inLanguage":"ro-RO"},{"@type":"Organization","@id":"https:\/\/xstyle.md\/#organization","name":"Magazinul X-Style","alternateName":"x-style","url":"https:\/\/xstyle.md\/","logo":{"@type":"ImageObject","inLanguage":"ro-RO","@id":"https:\/\/xstyle.md\/#\/schema\/logo\/image\/","url":"https:\/\/xstyle.md\/wp-content\/uploads\/2020\/06\/logoicon.svg","contentUrl":"https:\/\/xstyle.md\/wp-content\/uploads\/2020\/06\/logoicon.svg","caption":"\u041c\u0430\u0433\u0430\u0437\u0438\u043d Xstyle"},"image":{"@id":"https:\/\/xstyle.md\/#\/schema\/logo\/image\/"},"sameAs":["https:\/\/www.facebook.com\/xstylemd","https:\/\/www.instagram.com\/xstyle_md\/","https:\/\/t.me\/xstyle_outdoor"],"hasMerchantReturnPolicy":{"@type":"MerchantReturnPolicy","merchantReturnLink":"https:\/\/xstyle.md\/ro\/conditions\/"}}]},"product_price_amount":"270.00","product_price_currency":"MDL","og_availability":"instock","product_availability":"instock","product_retailer_item_id":"5907695549836","product_condition":"new"},"post_mailing_queue_ids":[],"_links":{"self":[{"href":"https:\/\/xstyle.md\/ro\/wp-json\/wp\/v2\/product\/85492","targetHints":{"allow":["GET"]}}],"collection":[{"href":"https:\/\/xstyle.md\/ro\/wp-json\/wp\/v2\/product"}],"about":[{"href":"https:\/\/xstyle.md\/ro\/wp-json\/wp\/v2\/types\/product"}],"replies":[{"embeddable":true,"href":"https:\/\/xstyle.md\/ro\/wp-json\/wp\/v2\/comments?post=85492"}],"wp:featuredmedia":[{"embeddable":true,"href":"https:\/\/xstyle.md\/ro\/wp-json\/wp\/v2\/media\/95297"}],"wp:attachment":[{"href":"https:\/\/xstyle.md\/ro\/wp-json\/wp\/v2\/media?parent=85492"}],"wp:term":[{"taxonomy":"product_brand","embeddable":true,"href":"https:\/\/xstyle.md\/ro\/wp-json\/wp\/v2\/product_brand?post=85492"},{"taxonomy":"product_cat","embeddable":true,"href":"https:\/\/xstyle.md\/ro\/wp-json\/wp\/v2\/product_cat?post=85492"},{"taxonomy":"product_tag","embeddable":true,"href":"https:\/\/xstyle.md\/ro\/wp-json\/wp\/v2\/product_tag?post=85492"}],"curies":[{"name":"wp","href":"https:\/\/api.w.org\/{rel}","templated":true}]}}