{"id":84681,"date":"2024-06-12T16:38:04","date_gmt":"2024-06-12T13:38:04","guid":{"rendered":"https:\/\/xstyle.md\/?post_type=product&#038;p=84681"},"modified":"2025-10-24T12:31:57","modified_gmt":"2025-10-24T09:31:57","slug":"nozh-crkt-ibis-2560","status":"publish","type":"product","link":"https:\/\/xstyle.md\/ro\/produs\/nozh-crkt-ibis-2560\/","title":{"rendered":"Cu\u021bit CRKT Ibis 2560"},"content":{"rendered":"<\/p>\n<h3>Caracteristici<\/h3>\n<ul>\n<li>Tip cu\u021bit: pliabil<\/li>\n<li>Tip muchie de t\u0103iere: Regular<\/li>\n<li>Tip de blocare: Frame Lock<\/li>\n<li>Lungime total\u0103: 18,3 cm<\/li>\n<li>Lungimea lamei: 7,8 cm<\/li>\n<li>Material m\u00e2ner: G10<\/li>\n<li>Duritatea o\u021belului: 55-57 HRC<\/li>\n<li>Grad de o\u021bel: Sandvik 14c28n<\/li>\n<li>Greutate: 85 g<\/li>\n<\/ul>\n<h3>Marca<\/h3>\n<p>CRKT este o companie produc\u0103toare de cu\u021bite destul de t\u00e2n\u0103r\u0103, care \u0219i-a \u00eenceput activitatea \u00een 1994, dar a reu\u0219it s\u0103 atrag\u0103 rapid aten\u021bia cunosc\u0103torilor de cu\u021bite din \u00eentreaga lume. Arsenalul companiei include un sortiment imens de cu\u021bite pentru diverse scopuri, caracterizate nu numai printr-o calitate excelent\u0103, ci \u0219i prin originalitate \u0219i concept de design de marc\u0103. Compania angajeaz\u0103 aproximativ treizeci de designeri de renume mondial, datorit\u0103 c\u0103rora produsele CRKT sunt recunoscute \u00een cercuri largi.<\/p>\n<p>Compania CRKT este foarte scrupuloas\u0103 cu privire la calitatea produselor sale. Tehnologii companiei au reu\u0219it s\u0103 g\u0103seasc\u0103 \u201echeia\u201d utiliz\u0103rii o\u021belului pentru lame de diferite grade. Acesta este motivul pentru care cu\u021bitele CRKT se echilibreaz\u0103 cu \u00eencredere pe marginea sub\u021bire a pre\u021bului \u0219i calit\u0103\u021bii, dep\u0103\u0219indu-\u0219i cu \u00eencredere concuren\u021bii. La fabricarea lamelor se utilizeaz\u0103 \u0219tan\u021barea \u0219i t\u0103ierea cu laser pe cele mai moderne echipamente, iar duritatea \u0219i tenacitatea o\u021belului, procentul de crom \u0219i nichel sunt alese cu deosebit\u0103 aten\u021bie.<\/p>\n<p><\/p>","protected":false},"excerpt":{"rendered":"","protected":false},"featured_media":85326,"comment_status":"open","ping_status":"closed","template":"","meta":{"_acf_changed":false,"inline_featured_image":false},"product_brand":[1445],"product_cat":[169],"product_tag":[],"class_list":{"0":"post-84681","1":"product","2":"type-product","3":"status-publish","4":"has-post-thumbnail","6":"product_brand-crkt","7":"product_cat-knives","9":"first","10":"instock","11":"shipping-taxable","12":"purchasable","13":"product-type-simple"},"acf":[],"yoast_head":"<!-- This site is optimized with the Yoast SEO plugin v27.4 - https:\/\/yoast.com\/product\/yoast-seo-wordpress\/ -->\n<title>\u041d\u043e\u0436 CRKT Ibis 2560 - \u041c\u0430\u0433\u0430\u0437\u0438\u043d Xstyle<\/title>\n<meta name=\"description\" content=\"\u041a\u0443\u043f\u0438\u0442\u0435 \u043d\u043e\u0436 CRKT Ibis 2560: \u0441\u043a\u043b\u0430\u0434\u043d\u043e\u0439 \u043d\u043e\u0436 \u0441 \u043b\u0435\u0437\u0432\u0438\u0435\u043c \u0438\u0437 \u0441\u0442\u0430\u043b\u0438 Sandvik 14C28N, G10 \u0440\u0443\u043a\u043e\u044f\u0442\u043a\u0430, \u043f\u0440\u043e\u0447\u043d\u0430\u044f \u043a\u043e\u043d\u0441\u0442\u0440\u0443\u043a\u0446\u0438\u044f Frame Lock. \u0418\u0434\u0435\u0430\u043b\u0435\u043d \u0434\u043b\u044f EDC!\" \/>\n<meta name=\"robots\" content=\"index, follow, max-snippet:-1, max-image-preview:large, max-video-preview:-1\" \/>\n<link rel=\"canonical\" href=\"https:\/\/xstyle.md\/ro\/produs\/nozh-crkt-ibis-2560\/\" \/>\n<meta property=\"og:locale\" content=\"ro_RO\" \/>\n<meta property=\"og:type\" content=\"article\" \/>\n<meta property=\"og:title\" content=\"\u041d\u043e\u0436 CRKT Ibis 2560 - \u041c\u0430\u0433\u0430\u0437\u0438\u043d Xstyle\" \/>\n<meta property=\"og:description\" content=\"\u041a\u0443\u043f\u0438\u0442\u0435 \u043d\u043e\u0436 CRKT Ibis 2560: \u0441\u043a\u043b\u0430\u0434\u043d\u043e\u0439 \u043d\u043e\u0436 \u0441 \u043b\u0435\u0437\u0432\u0438\u0435\u043c \u0438\u0437 \u0441\u0442\u0430\u043b\u0438 Sandvik 14C28N, G10 \u0440\u0443\u043a\u043e\u044f\u0442\u043a\u0430, \u043f\u0440\u043e\u0447\u043d\u0430\u044f \u043a\u043e\u043d\u0441\u0442\u0440\u0443\u043a\u0446\u0438\u044f Frame Lock. \u0418\u0434\u0435\u0430\u043b\u0435\u043d \u0434\u043b\u044f EDC!\" \/>\n<meta property=\"og:url\" content=\"https:\/\/xstyle.md\/ro\/produs\/nozh-crkt-ibis-2560\/\" \/>\n<meta property=\"og:site_name\" content=\"\u041c\u0430\u0433\u0430\u0437\u0438\u043d Xstyle\" \/>\n<meta property=\"article:publisher\" content=\"https:\/\/www.facebook.com\/xstylemd\" \/>\n<meta property=\"article:modified_time\" content=\"2025-10-24T09:31:57+00:00\" \/>\n<meta property=\"og:image\" content=\"https:\/\/xstyle.md\/wp-content\/uploads\/2024\/06\/crkt-ibis-2560.jpg\" \/>\n\t<meta property=\"og:image:width\" content=\"2454\" \/>\n\t<meta property=\"og:image:height\" content=\"2474\" \/>\n\t<meta property=\"og:image:type\" content=\"image\/jpeg\" \/>\n<meta name=\"twitter:card\" content=\"summary_large_image\" \/>\n<meta name=\"twitter:label1\" content=\"Pre\u021b\" \/>\n\t<meta name=\"twitter:data1\" content=\"2.290&nbsp;MDL\" \/>\n\t<meta name=\"twitter:label2\" content=\"Disponibilitate\" \/>\n\t<meta name=\"twitter:data2\" content=\"\u00cen stoc\" \/>\n<script type=\"application\/ld+json\" class=\"yoast-schema-graph\">{\"@context\":\"https:\\\/\\\/schema.org\",\"@graph\":[{\"@type\":\"WebPage\",\"@id\":\"https:\\\/\\\/xstyle.md\\\/product\\\/nozh-crkt-ibis-2560\\\/\",\"url\":\"https:\\\/\\\/xstyle.md\\\/product\\\/nozh-crkt-ibis-2560\\\/\",\"name\":\"\u041d\u043e\u0436 CRKT Ibis 2560 - \u041c\u0430\u0433\u0430\u0437\u0438\u043d Xstyle\",\"isPartOf\":{\"@id\":\"https:\\\/\\\/xstyle.md\\\/#website\"},\"primaryImageOfPage\":{\"@id\":\"https:\\\/\\\/xstyle.md\\\/product\\\/nozh-crkt-ibis-2560\\\/#primaryimage\"},\"image\":{\"@id\":\"https:\\\/\\\/xstyle.md\\\/product\\\/nozh-crkt-ibis-2560\\\/#primaryimage\"},\"thumbnailUrl\":\"https:\\\/\\\/xstyle.md\\\/wp-content\\\/uploads\\\/2024\\\/06\\\/crkt-ibis-2560.jpg\",\"datePublished\":\"2024-06-12T13:38:04+00:00\",\"dateModified\":\"2025-10-24T09:31:57+00:00\",\"description\":\"\u041a\u0443\u043f\u0438\u0442\u0435 \u043d\u043e\u0436 CRKT Ibis 2560: \u0441\u043a\u043b\u0430\u0434\u043d\u043e\u0439 \u043d\u043e\u0436 \u0441 \u043b\u0435\u0437\u0432\u0438\u0435\u043c \u0438\u0437 \u0441\u0442\u0430\u043b\u0438 Sandvik 14C28N, G10 \u0440\u0443\u043a\u043e\u044f\u0442\u043a\u0430, \u043f\u0440\u043e\u0447\u043d\u0430\u044f \u043a\u043e\u043d\u0441\u0442\u0440\u0443\u043a\u0446\u0438\u044f Frame Lock. \u0418\u0434\u0435\u0430\u043b\u0435\u043d \u0434\u043b\u044f EDC!\",\"breadcrumb\":{\"@id\":\"https:\\\/\\\/xstyle.md\\\/product\\\/nozh-crkt-ibis-2560\\\/#breadcrumb\"},\"inLanguage\":\"ro-RO\",\"potentialAction\":[{\"@type\":\"ReadAction\",\"target\":[\"https:\\\/\\\/xstyle.md\\\/product\\\/nozh-crkt-ibis-2560\\\/\"]}]},{\"@type\":\"ImageObject\",\"inLanguage\":\"ro-RO\",\"@id\":\"https:\\\/\\\/xstyle.md\\\/product\\\/nozh-crkt-ibis-2560\\\/#primaryimage\",\"url\":\"https:\\\/\\\/xstyle.md\\\/wp-content\\\/uploads\\\/2024\\\/06\\\/crkt-ibis-2560.jpg\",\"contentUrl\":\"https:\\\/\\\/xstyle.md\\\/wp-content\\\/uploads\\\/2024\\\/06\\\/crkt-ibis-2560.jpg\",\"width\":1904,\"height\":1920,\"caption\":\"\u041c\u0438\u043d\u0438\u0430\u0442\u044e\u0440\u043d\u043e\u0435 \u0438\u0437\u043e\u0431\u0440\u0430\u0436\u0435\u043d\u0438\u0435 \u043d\u043e\u0436\u0430 CRKT Ibis 2560 \u0434\u043b\u044f \u0430\u043a\u0442\u0438\u0432\u043d\u043e\u0433\u043e \u043e\u0442\u0434\u044b\u0445\u0430, \u043f\u043e\u0445\u043e\u0434\u043e\u0432 \u0438 \u043f\u0443\u0442\u0435\u0448\u0435\u0441\u0442\u0432\u0438\u0439 \u043d\u0430 \u0441\u0430\u0439\u0442\u0435 \u043c\u0430\u0433\u0430\u0437\u0438\u043d\u0430 \u0441\u043f\u043e\u0440\u0442\u0438\u0432\u043d\u043e\u0439 \u043e\u0434\u0435\u0436\u0434\u044b \u0438 \u043e\u0431\u0443\u0432\u0438\"},{\"@type\":\"BreadcrumbList\",\"@id\":\"https:\\\/\\\/xstyle.md\\\/product\\\/nozh-crkt-ibis-2560\\\/#breadcrumb\",\"itemListElement\":[{\"@type\":\"ListItem\",\"position\":1,\"name\":\"\u0413\u043b\u0430\u0432\u043d\u0430\u044f \u0441\u0442\u0440\u0430\u043d\u0438\u0446\u0430\",\"item\":\"https:\\\/\\\/xstyle.md\\\/\"},{\"@type\":\"ListItem\",\"position\":2,\"name\":\"\u041c\u0430\u0433\u0430\u0437\u0438\u043d\",\"item\":\"https:\\\/\\\/xstyle.md\\\/shop\\\/\"},{\"@type\":\"ListItem\",\"position\":3,\"name\":\"\u041d\u043e\u0436 CRKT Ibis 2560\"}]},{\"@type\":\"WebSite\",\"@id\":\"https:\\\/\\\/xstyle.md\\\/#website\",\"url\":\"https:\\\/\\\/xstyle.md\\\/\",\"name\":\"\u041c\u0430\u0433\u0430\u0437\u0438\u043d Xstyle\",\"description\":\"C\u043d\u0430\u0440\u044f\u0436\u0435\u043d\u0438\u0435 \u0434\u043b\u044f \u0442\u0443\u0440\u0438\u0437\u043c\u0430 \u0438 \u044d\u043a\u0441\u0442\u0440\u0435\u043c\u0430\u043b\u044c\u043d\u044b\u0445 \u0432\u0438\u0434\u043e\u0432 \u0441\u043f\u043e\u0440\u0442\u0430 \u0432 \u041c\u043e\u043b\u0434\u043e\u0432\u0435.. \u0426\u0435\u043d\u044b, \u0444\u043e\u0442\u043e, \u0445\u0430\u0440\u0430\u043a\u0442\u0435\u0440\u0438\u0441\u0442\u0438\u043a\u0438 \u0432 \u041c\u043e\u043b\u0434\u043e\u0432\u0435.\",\"publisher\":{\"@id\":\"https:\\\/\\\/xstyle.md\\\/#organization\"},\"alternateName\":\"X-Style\",\"potentialAction\":[{\"@type\":\"SearchAction\",\"target\":{\"@type\":\"EntryPoint\",\"urlTemplate\":\"https:\\\/\\\/xstyle.md\\\/?s={search_term_string}\"},\"query-input\":{\"@type\":\"PropertyValueSpecification\",\"valueRequired\":true,\"valueName\":\"search_term_string\"}}],\"inLanguage\":\"ro-RO\"},{\"@type\":\"Organization\",\"@id\":\"https:\\\/\\\/xstyle.md\\\/#organization\",\"name\":\"\u041c\u0430\u0433\u0430\u0437\u0438\u043d Xstyle\",\"alternateName\":\"x-style\",\"url\":\"https:\\\/\\\/xstyle.md\\\/\",\"logo\":{\"@type\":\"ImageObject\",\"inLanguage\":\"ro-RO\",\"@id\":\"https:\\\/\\\/xstyle.md\\\/#\\\/schema\\\/logo\\\/image\\\/\",\"url\":\"https:\\\/\\\/xstyle.md\\\/wp-content\\\/uploads\\\/2020\\\/06\\\/logoicon.svg\",\"contentUrl\":\"https:\\\/\\\/xstyle.md\\\/wp-content\\\/uploads\\\/2020\\\/06\\\/logoicon.svg\",\"caption\":\"\u041c\u0430\u0433\u0430\u0437\u0438\u043d Xstyle\"},\"image\":{\"@id\":\"https:\\\/\\\/xstyle.md\\\/#\\\/schema\\\/logo\\\/image\\\/\"},\"sameAs\":[\"https:\\\/\\\/www.facebook.com\\\/xstylemd\",\"https:\\\/\\\/www.instagram.com\\\/xstyle_md\\\/\",\"https:\\\/\\\/t.me\\\/xstyle_outdoor\"],\"hasMerchantReturnPolicy\":{\"@type\":\"MerchantReturnPolicy\",\"merchantReturnLink\":\"https:\\\/\\\/xstyle.md\\\/ro\\\/conditions\\\/\"}}]}<\/script>\n<meta property=\"product:price:amount\" content=\"2290.00\" \/>\n<meta property=\"product:price:currency\" content=\"MDL\" \/>\n<meta property=\"og:availability\" content=\"instock\" \/>\n<meta property=\"product:availability\" content=\"instock\" \/>\n<meta property=\"product:retailer_item_id\" content=\"794023256000\" \/>\n<meta property=\"product:condition\" content=\"new\" \/>\n<!-- \/ Yoast SEO plugin. -->","yoast_head_json":{"title":"Cu\u021bit CRKT Ibis 2560 - Magazin Xstyle","description":"Cump\u0103ra\u021bi cu\u021bitul CRKT Ibis 2560: cu\u021bit pliabil cu lam\u0103 din o\u021bel Sandvik 14C28N, m\u00e2ner din G10, construc\u021bie robust\u0103 Frame Lock. Ideal pentru EDC!","robots":{"index":"index","follow":"follow","max-snippet":"max-snippet:-1","max-image-preview":"max-image-preview:large","max-video-preview":"max-video-preview:-1"},"canonical":"https:\/\/xstyle.md\/ro\/produs\/nozh-crkt-ibis-2560\/","og_locale":"ro_RO","og_type":"article","og_title":"\u041d\u043e\u0436 CRKT Ibis 2560 - \u041c\u0430\u0433\u0430\u0437\u0438\u043d Xstyle","og_description":"\u041a\u0443\u043f\u0438\u0442\u0435 \u043d\u043e\u0436 CRKT Ibis 2560: \u0441\u043a\u043b\u0430\u0434\u043d\u043e\u0439 \u043d\u043e\u0436 \u0441 \u043b\u0435\u0437\u0432\u0438\u0435\u043c \u0438\u0437 \u0441\u0442\u0430\u043b\u0438 Sandvik 14C28N, G10 \u0440\u0443\u043a\u043e\u044f\u0442\u043a\u0430, \u043f\u0440\u043e\u0447\u043d\u0430\u044f \u043a\u043e\u043d\u0441\u0442\u0440\u0443\u043a\u0446\u0438\u044f Frame Lock. \u0418\u0434\u0435\u0430\u043b\u0435\u043d \u0434\u043b\u044f EDC!","og_url":"https:\/\/xstyle.md\/ro\/produs\/nozh-crkt-ibis-2560\/","og_site_name":"\u041c\u0430\u0433\u0430\u0437\u0438\u043d Xstyle","article_publisher":"https:\/\/www.facebook.com\/xstylemd","article_modified_time":"2025-10-24T09:31:57+00:00","og_image":[{"width":2454,"height":2474,"url":"https:\/\/xstyle.md\/wp-content\/uploads\/2024\/06\/crkt-ibis-2560.jpg","type":"image\/jpeg"}],"twitter_card":"summary_large_image","twitter_misc":{"Pre\u021b":"2.290&nbsp;MDL","Disponibilitate":"\u00cen stoc"},"schema":{"@context":"https:\/\/schema.org","@graph":[{"@type":"WebPage","@id":"https:\/\/xstyle.md\/product\/nozh-crkt-ibis-2560\/","url":"https:\/\/xstyle.md\/product\/nozh-crkt-ibis-2560\/","name":"Cu\u021bit CRKT Ibis 2560 - Magazin Xstyle","isPartOf":{"@id":"https:\/\/xstyle.md\/#website"},"primaryImageOfPage":{"@id":"https:\/\/xstyle.md\/product\/nozh-crkt-ibis-2560\/#primaryimage"},"image":{"@id":"https:\/\/xstyle.md\/product\/nozh-crkt-ibis-2560\/#primaryimage"},"thumbnailUrl":"https:\/\/xstyle.md\/wp-content\/uploads\/2024\/06\/crkt-ibis-2560.jpg","datePublished":"2024-06-12T13:38:04+00:00","dateModified":"2025-10-24T09:31:57+00:00","description":"Cump\u0103ra\u021bi cu\u021bitul CRKT Ibis 2560: cu\u021bit pliabil cu lam\u0103 din o\u021bel Sandvik 14C28N, m\u00e2ner din G10, construc\u021bie robust\u0103 Frame Lock. Ideal pentru EDC!","breadcrumb":{"@id":"https:\/\/xstyle.md\/product\/nozh-crkt-ibis-2560\/#breadcrumb"},"inLanguage":"ro-RO","potentialAction":[{"@type":"ReadAction","target":["https:\/\/xstyle.md\/product\/nozh-crkt-ibis-2560\/"]}]},{"@type":"ImageObject","inLanguage":"ro-RO","@id":"https:\/\/xstyle.md\/product\/nozh-crkt-ibis-2560\/#primaryimage","url":"https:\/\/xstyle.md\/wp-content\/uploads\/2024\/06\/crkt-ibis-2560.jpg","contentUrl":"https:\/\/xstyle.md\/wp-content\/uploads\/2024\/06\/crkt-ibis-2560.jpg","width":1904,"height":1920,"caption":"\u041c\u0438\u043d\u0438\u0430\u0442\u044e\u0440\u043d\u043e\u0435 \u0438\u0437\u043e\u0431\u0440\u0430\u0436\u0435\u043d\u0438\u0435 \u043d\u043e\u0436\u0430 CRKT Ibis 2560 \u0434\u043b\u044f \u0430\u043a\u0442\u0438\u0432\u043d\u043e\u0433\u043e \u043e\u0442\u0434\u044b\u0445\u0430, \u043f\u043e\u0445\u043e\u0434\u043e\u0432 \u0438 \u043f\u0443\u0442\u0435\u0448\u0435\u0441\u0442\u0432\u0438\u0439 \u043d\u0430 \u0441\u0430\u0439\u0442\u0435 \u043c\u0430\u0433\u0430\u0437\u0438\u043d\u0430 \u0441\u043f\u043e\u0440\u0442\u0438\u0432\u043d\u043e\u0439 \u043e\u0434\u0435\u0436\u0434\u044b \u0438 \u043e\u0431\u0443\u0432\u0438"},{"@type":"BreadcrumbList","@id":"https:\/\/xstyle.md\/product\/nozh-crkt-ibis-2560\/#breadcrumb","itemListElement":[{"@type":"ListItem","position":1,"name":"\u0413\u043b\u0430\u0432\u043d\u0430\u044f \u0441\u0442\u0440\u0430\u043d\u0438\u0446\u0430","item":"https:\/\/xstyle.md\/"},{"@type":"ListItem","position":2,"name":"\u041c\u0430\u0433\u0430\u0437\u0438\u043d","item":"https:\/\/xstyle.md\/shop\/"},{"@type":"ListItem","position":3,"name":"\u041d\u043e\u0436 CRKT Ibis 2560"}]},{"@type":"WebSite","@id":"https:\/\/xstyle.md\/#website","url":"https:\/\/xstyle.md\/","name":"Magazinul X-Style","description":"Echipamente pentru turism \u0219i sporturi extreme \u00een Moldova. Pre\u021buri, fotografii, caracteristici \u00een Moldova.","publisher":{"@id":"https:\/\/xstyle.md\/#organization"},"alternateName":"X-Style","potentialAction":[{"@type":"SearchAction","target":{"@type":"EntryPoint","urlTemplate":"https:\/\/xstyle.md\/?s={search_term_string}"},"query-input":{"@type":"PropertyValueSpecification","valueRequired":true,"valueName":"search_term_string"}}],"inLanguage":"ro-RO"},{"@type":"Organization","@id":"https:\/\/xstyle.md\/#organization","name":"Magazinul X-Style","alternateName":"x-style","url":"https:\/\/xstyle.md\/","logo":{"@type":"ImageObject","inLanguage":"ro-RO","@id":"https:\/\/xstyle.md\/#\/schema\/logo\/image\/","url":"https:\/\/xstyle.md\/wp-content\/uploads\/2020\/06\/logoicon.svg","contentUrl":"https:\/\/xstyle.md\/wp-content\/uploads\/2020\/06\/logoicon.svg","caption":"\u041c\u0430\u0433\u0430\u0437\u0438\u043d Xstyle"},"image":{"@id":"https:\/\/xstyle.md\/#\/schema\/logo\/image\/"},"sameAs":["https:\/\/www.facebook.com\/xstylemd","https:\/\/www.instagram.com\/xstyle_md\/","https:\/\/t.me\/xstyle_outdoor"],"hasMerchantReturnPolicy":{"@type":"MerchantReturnPolicy","merchantReturnLink":"https:\/\/xstyle.md\/ro\/conditions\/"}}]},"product_price_amount":"2290.00","product_price_currency":"MDL","og_availability":"instock","product_availability":"instock","product_retailer_item_id":"794023256000","product_condition":"new"},"post_mailing_queue_ids":[],"_links":{"self":[{"href":"https:\/\/xstyle.md\/ro\/wp-json\/wp\/v2\/product\/84681","targetHints":{"allow":["GET"]}}],"collection":[{"href":"https:\/\/xstyle.md\/ro\/wp-json\/wp\/v2\/product"}],"about":[{"href":"https:\/\/xstyle.md\/ro\/wp-json\/wp\/v2\/types\/product"}],"replies":[{"embeddable":true,"href":"https:\/\/xstyle.md\/ro\/wp-json\/wp\/v2\/comments?post=84681"}],"wp:featuredmedia":[{"embeddable":true,"href":"https:\/\/xstyle.md\/ro\/wp-json\/wp\/v2\/media\/85326"}],"wp:attachment":[{"href":"https:\/\/xstyle.md\/ro\/wp-json\/wp\/v2\/media?parent=84681"}],"wp:term":[{"taxonomy":"product_brand","embeddable":true,"href":"https:\/\/xstyle.md\/ro\/wp-json\/wp\/v2\/product_brand?post=84681"},{"taxonomy":"product_cat","embeddable":true,"href":"https:\/\/xstyle.md\/ro\/wp-json\/wp\/v2\/product_cat?post=84681"},{"taxonomy":"product_tag","embeddable":true,"href":"https:\/\/xstyle.md\/ro\/wp-json\/wp\/v2\/product_tag?post=84681"}],"curies":[{"name":"wp","href":"https:\/\/api.w.org\/{rel}","templated":true}]}}